{"id":1939,"date":"2010-08-02T20:16:38","date_gmt":"2010-08-02T18:16:38","guid":{"rendered":"http:\/\/abc-latina.com\/azteque-htm\/"},"modified":"2026-04-30T18:24:55","modified_gmt":"2026-04-30T16:24:55","slug":"azteque","status":"publish","type":"page","link":"https:\/\/abc-latina.com\/civilisations\/azteque\/","title":{"rendered":"Les AZTEQUES"},"content":{"rendered":"<div><img loading=\"lazy\" decoding=\"async\" class=\" alignright size-full wp-image-1936\" src=\"http:\/\/abc-latina.com\/wp-content\/uploads\/2010\/08\/ehecatl.gif\" style=\"margin-left: 22px; margin-right: 22px; float: right;\" title=\"AZTEQUE\" alt=\"\" width=\"146\" height=\"240\" \/>Les <span class=\"tourisme-chapitre\">Azt\u00e8ques<\/span> se sont install\u00e9s dans la vall\u00e9e centrale il y a environ 800 ans. \u00c0 l&rsquo;origine, ils faisaient office de mercenaires et \u00e9taient les vassaux des souverains locaux comme Cozcoxtli, maitres de la cit\u00e9-Etat de culhuacan. Avec le temps, leur puissance s&rsquo;accrut et ils fond\u00e8rent leur propre cit\u00e9 en un lieu choisi par Huitzilopochtli, leur dieu nourricier. La capitale Azt\u00e8que fut fond\u00e9e en accomplissement de la proph\u00e9tie du dieu. Celui-ci d\u00e9sirait la construction de la ville \u00e0 l&rsquo;endroit o\u00f9 on apercevrait un aigle d\u00e9vorant un serpent sur un cactus poussant sur un rocher, au milieu d&rsquo;un lac. C&rsquo;est ainsi qu&rsquo;en 1345 Tenochtitlan vit le jour. La cit\u00e9 allait finir par devenir cette grande m\u00e9tropole form\u00e9e aujourd&rsquo;hui par <a href=\"https:\/\/www.abc-latina.com\/mexique\/voyages\/mexico\" target=\"_blank\">Mexico<\/a>.<\/div>\n<div>&nbsp;<\/div>\n<div>La capitale azt\u00e8que \u00e9tait \u00e0 tout points de vue extraordinaire. Construite sur une \u00eele au milieu d&rsquo;un grand lac, elle \u00e9tait reli\u00e9e \u00e0 la terre ferme par des chauss\u00e9es. Fournissant de l&rsquo;eau fra\u00eeche en abondance, le lac servait au transport de marchandises et repr\u00e9sentait une excellente source de nourriture. Les Azt\u00e8ques utilis\u00e9aient celui-ci pour leur culture en disposant la terre fertile de son lit sur des charpentes en bois, formant ainsi des jardins flottants.<\/div>\n<div>&nbsp;<\/div>\n<div>Les Azt\u00e8ques r\u00e9gnaient par le biais d&rsquo;une hi\u00e9rarchie s\u00e9v\u00e8re. Le souverain n&rsquo;avait de compte \u00e0 rendre qu&rsquo;\u00e0 Huitzilopochtli. Sa parole avait valeur de loi et il \u00e9tait trait\u00e9 en demi dieu. Pour le seconder, une classe de nobles en charge des affaires de l&rsquo;Etat \u00e9tait dot\u00e9e en r\u00e9compense d&rsquo;une richesse et d&rsquo;un pouvoir consid\u00e9rables. La noblesse avait un statut \u00e9quivalent \u00e0 celui des pr\u00eatres, repr\u00e9sentants des dieux et responsables des rituels religieux, de l&rsquo;\u00e9criture, de la m\u00e9decine et de l&rsquo;astronomie. Puis venait les n\u00e9gociants, les commer\u00e7ants, les artisans et autres simples sujets. Le niveau le plus bas \u00e9tait occup\u00e9 par les esclaves, soit des prisonniers captur\u00e9s \u00e0 l&rsquo;occasion d&rsquo;une bataille et attendant leur mort sacrificielle, soit des personnes ayant pris l&rsquo;\u00e9tat d&rsquo;esclave de leur propre chef, en paiement d&rsquo;une dette ou pour survivre \u00e0 une mauvaise r\u00e9colte.&nbsp;<\/div>\n<div>Les Azt\u00e8ques prosp\u00e9r\u00e8rent et prirent le contr\u00f4le de toute la vall\u00e9e centrale. Sous le r\u00e8gne de l&#8217;empereur Moctezuma Ier, l&#8217;empire s&rsquo;\u00e9largit encore et m\u00eame la barri\u00e8re montagneuse de la vall\u00e9e ne put contenir sa puissance. L&rsquo;\u00e9tat guerrier des Azt\u00e8ques s&rsquo;engage\u00e2 alors dans des campagnes militaires \u00e0 longue distance pour s&rsquo;\u00e9tendre jusqu&rsquo;\u00e0 <a href=\"https:\/\/www.abc-latina.com\/mexique\/voyages\/oaxaca\" target=\"_blank\">Oaxaca<\/a> au sud et \u00e0 Veracruz \u00e0 l&rsquo;est.<\/div>\n<div>&nbsp;<\/div>\n<div>Au centre de Tenochtitlan se dressait la pyramide de Huitzilopochtli, o\u00f9 dans un sacrifice toujours recommenc\u00e9, des coeurs humains \u00e9taient arrach\u00e9s \u00e0 des victimes vivantes avant d&rsquo;\u00eatre offerts au dieu. \u00c0 l&rsquo;image du monde maya, le sang \u00e9tait le ciment de l&rsquo;univers Azt\u00e8ques. Huitzilopochtli \u00e9tait \u00e0 la fois le dieu de la Guerre et du Soleil-Levant, et les Azt\u00e8ques croyaient que les sacrifices humains leur garantissaient la victoire ainsi que l&rsquo;apparition quotidienne de l&rsquo;astre solaire et le maintien de l&rsquo;univers.<\/div>\n<div>&nbsp;<\/div>\n<div><a href=\"https:\/\/www.abc-latina.com\/civilisations\/carte-empire-azteque-1.php\"><img loading=\"lazy\" decoding=\"async\" class=\" alignright size-full wp-image-1937\" src=\"http:\/\/abc-latina.com\/wp-content\/uploads\/2010\/08\/carte-empire-azteque-p.gif\" style=\"margin: 5px 22px; float: right;\" title=\"CARTE de l'EMPIRE AZTEQUE\" alt=\"\" width=\"250\" height=\"204\" \/><\/a>L&#8217;empire Azt\u00e8que connut une nouvelle extension spectaculaire sous le r\u00e8gne de Moctezuma ll. A son apog\u00e9e, le territoire couvrait ainsi une superficie de 150 000 km&sup2;.<\/div>\n<div>En 1519, une petite flotte conduite par <a href=\"https:\/\/www.abc-latina.com\/personnalites\/herman_cortes\" target=\"_blank\">Hernan Cort\u00e9s<\/a>, capitaine aux ambitions hors du commun, allait changer pour toujours le visage du <a href=\"https:\/\/www.abc-latina.com\/mexique\/index\">Mexique<\/a> en sonnant le glas des civilisations pr\u00e9colombiennes.<\/div>\n<div>Les Azt\u00e8ques ne furent pas les seuls \u00e0 \u00eatre touch\u00e9s par l&rsquo;arriv\u00e9e des espagnols. On estime \u00e0 25 millions le nombre d&rsquo;Indiens vivant dans la r\u00e9gion au d\u00e9but de la conqu\u00eate. Au bout d&rsquo;un si\u00e8cle, il n&rsquo;en restait plus que trois millions. Les autres avaient \u00e9t\u00e9 tu\u00e9s dans les batailles ou d\u00e9cim\u00e9s par l&rsquo;introduction de maladies comme la variole contre lesquelles ils n&rsquo;\u00e9taient pas immunis\u00e9s.<\/div>\n<div>&nbsp;<\/div>\n<div style=\"text-align: center; \"><img loading=\"lazy\" decoding=\"async\" class=\" size-full wp-image-1938\" src=\"http:\/\/abc-latina.com\/wp-content\/uploads\/2010\/08\/chrono_azteque.jpg\" alt=\"\" width=\"510\" height=\"96\" srcset=\"https:\/\/abc-latina.com\/wp-content\/uploads\/2010\/08\/chrono_azteque.jpg 510w, https:\/\/abc-latina.com\/wp-content\/uploads\/2010\/08\/chrono_azteque-300x56.jpg 300w\" sizes=\"auto, (max-width: 510px) 100vw, 510px\" \/><\/div>\n","protected":false},"excerpt":{"rendered":"<p>Les Azt\u00e8ques se sont install\u00e9s dans la vall\u00e9e centrale il y a environ 800 ans. \u00c0 l&rsquo;origine, ils faisaient office [&hellip;]<\/p>\n","protected":false},"author":3,"featured_media":1936,"parent":1971,"menu_order":0,"comment_status":"closed","ping_status":"closed","template":"","meta":{"site-sidebar-layout":"default","site-content-layout":"","ast-site-content-layout":"default","site-content-style":"default","site-sidebar-style":"default","ast-global-header-display":"","ast-banner-title-visibility":"","ast-main-header-display":"","ast-hfb-above-header-display":"","ast-hfb-below-header-display":"","ast-hfb-mobile-header-display":"","site-post-title":"","ast-breadcrumbs-content":"","ast-featured-img":"","footer-sml-layout":"","ast-disable-related-posts":"","theme-transparent-header-meta":"","adv-header-id-meta":"","stick-header-meta":"","header-above-stick-meta":"","header-main-stick-meta":"","header-below-stick-meta":"","astra-migrate-meta-layouts":"default","ast-page-background-enabled":"default","ast-page-background-meta":{"desktop":{"background-color":"var(--ast-global-color-5)","background-image":"","background-repeat":"repeat","background-position":"center center","background-size":"auto","background-attachment":"scroll","background-type":"","background-media":"","overlay-type":"","overlay-color":"","overlay-opacity":"","overlay-gradient":""},"tablet":{"background-color":"","background-image":"","background-repeat":"repeat","background-position":"center center","background-size":"auto","background-attachment":"scroll","background-type":"","background-media":"","overlay-type":"","overlay-color":"","overlay-opacity":"","overlay-gradient":""},"mobile":{"background-color":"","background-image":"","background-repeat":"repeat","background-position":"center center","background-size":"auto","background-attachment":"scroll","background-type":"","background-media":"","overlay-type":"","overlay-color":"","overlay-opacity":"","overlay-gradient":""}},"ast-content-background-meta":{"desktop":{"background-color":"var(--ast-global-color-4)","background-image":"","background-repeat":"repeat","background-position":"center center","background-size":"auto","background-attachment":"scroll","background-type":"","background-media":"","overlay-type":"","overlay-color":"","overlay-opacity":"","overlay-gradient":""},"tablet":{"background-color":"var(--ast-global-color-4)","background-image":"","background-repeat":"repeat","background-position":"center center","background-size":"auto","background-attachment":"scroll","background-type":"","background-media":"","overlay-type":"","overlay-color":"","overlay-opacity":"","overlay-gradient":""},"mobile":{"background-color":"var(--ast-global-color-4)","background-image":"","background-repeat":"repeat","background-position":"center center","background-size":"auto","background-attachment":"scroll","background-type":"","background-media":"","overlay-type":"","overlay-color":"","overlay-opacity":"","overlay-gradient":""}},"footnotes":""},"class_list":["post-1939","page","type-page","status-publish","has-post-thumbnail","hentry"],"yoast_head":"<!-- This site is optimized with the Yoast SEO plugin v27.5 - https:\/\/yoast.com\/product\/yoast-seo-wordpress\/ -->\n<title>Les AZTEQUES - Abc-latina<\/title>\n<meta name=\"description\" content=\"l&#039;histoire de la civilisation Azt\u00e8que, Vie et coutumes des Azt\u00e8ques.\" \/>\n<meta name=\"robots\" content=\"index, follow, max-snippet:-1, max-image-preview:large, max-video-preview:-1\" \/>\n<link rel=\"canonical\" href=\"https:\/\/abc-latina.com\/civilisations\/azteque\/\" \/>\n<meta property=\"og:locale\" content=\"fr_FR\" \/>\n<meta property=\"og:type\" content=\"article\" \/>\n<meta property=\"og:title\" content=\"Les AZTEQUES - Abc-latina\" \/>\n<meta property=\"og:description\" content=\"l&#039;histoire de la civilisation Azt\u00e8que, Vie et coutumes des Azt\u00e8ques.\" \/>\n<meta property=\"og:url\" content=\"https:\/\/abc-latina.com\/civilisations\/azteque\/\" \/>\n<meta property=\"og:site_name\" content=\"Abc-latina\" \/>\n<meta property=\"article:modified_time\" content=\"2026-04-30T16:24:55+00:00\" \/>\n<meta property=\"og:image\" content=\"https:\/\/abc-latina.com\/wp-content\/uploads\/2010\/08\/ehecatl.gif\" \/>\n\t<meta property=\"og:image:width\" content=\"146\" \/>\n\t<meta property=\"og:image:height\" content=\"240\" \/>\n\t<meta property=\"og:image:type\" content=\"image\/gif\" \/>\n<meta name=\"twitter:card\" content=\"summary_large_image\" \/>\n<meta name=\"twitter:label1\" content=\"Dur\u00e9e de lecture estim\u00e9e\" \/>\n\t<meta name=\"twitter:data1\" content=\"3 minutes\" \/>\n<script type=\"application\/ld+json\" class=\"yoast-schema-graph\">{\"@context\":\"https:\\\/\\\/schema.org\",\"@graph\":[{\"@type\":\"WebPage\",\"@id\":\"https:\\\/\\\/abc-latina.com\\\/civilisations\\\/azteque\\\/\",\"url\":\"https:\\\/\\\/abc-latina.com\\\/civilisations\\\/azteque\\\/\",\"name\":\"Les AZTEQUES - Abc-latina\",\"isPartOf\":{\"@id\":\"https:\\\/\\\/abc-latina.com\\\/#website\"},\"primaryImageOfPage\":{\"@id\":\"https:\\\/\\\/abc-latina.com\\\/civilisations\\\/azteque\\\/#primaryimage\"},\"image\":{\"@id\":\"https:\\\/\\\/abc-latina.com\\\/civilisations\\\/azteque\\\/#primaryimage\"},\"thumbnailUrl\":\"https:\\\/\\\/abc-latina.com\\\/wp-content\\\/uploads\\\/2010\\\/08\\\/ehecatl.gif\",\"datePublished\":\"2010-08-02T18:16:38+00:00\",\"dateModified\":\"2026-04-30T16:24:55+00:00\",\"description\":\"l'histoire de la civilisation Azt\u00e8que, Vie et coutumes des Azt\u00e8ques.\",\"breadcrumb\":{\"@id\":\"https:\\\/\\\/abc-latina.com\\\/civilisations\\\/azteque\\\/#breadcrumb\"},\"inLanguage\":\"fr-FR\",\"potentialAction\":[{\"@type\":\"ReadAction\",\"target\":[\"https:\\\/\\\/abc-latina.com\\\/civilisations\\\/azteque\\\/\"]}]},{\"@type\":\"ImageObject\",\"inLanguage\":\"fr-FR\",\"@id\":\"https:\\\/\\\/abc-latina.com\\\/civilisations\\\/azteque\\\/#primaryimage\",\"url\":\"https:\\\/\\\/abc-latina.com\\\/wp-content\\\/uploads\\\/2010\\\/08\\\/ehecatl.gif\",\"contentUrl\":\"https:\\\/\\\/abc-latina.com\\\/wp-content\\\/uploads\\\/2010\\\/08\\\/ehecatl.gif\",\"width\":146,\"height\":240,\"caption\":\"AZTEQUE\"},{\"@type\":\"BreadcrumbList\",\"@id\":\"https:\\\/\\\/abc-latina.com\\\/civilisations\\\/azteque\\\/#breadcrumb\",\"itemListElement\":[{\"@type\":\"ListItem\",\"position\":1,\"name\":\"Accueil\",\"item\":\"https:\\\/\\\/abc-latina.com\\\/\"},{\"@type\":\"ListItem\",\"position\":2,\"name\":\"Les AZTEQUES\"}]},{\"@type\":\"WebSite\",\"@id\":\"https:\\\/\\\/abc-latina.com\\\/#website\",\"url\":\"https:\\\/\\\/abc-latina.com\\\/\",\"name\":\"Abc-latina\",\"description\":\"\",\"publisher\":{\"@id\":\"https:\\\/\\\/abc-latina.com\\\/#organization\"},\"potentialAction\":[{\"@type\":\"SearchAction\",\"target\":{\"@type\":\"EntryPoint\",\"urlTemplate\":\"https:\\\/\\\/abc-latina.com\\\/?s={search_term_string}\"},\"query-input\":{\"@type\":\"PropertyValueSpecification\",\"valueRequired\":true,\"valueName\":\"search_term_string\"}}],\"inLanguage\":\"fr-FR\"},{\"@type\":\"Organization\",\"@id\":\"https:\\\/\\\/abc-latina.com\\\/#organization\",\"name\":\"Abc-latina\",\"url\":\"https:\\\/\\\/abc-latina.com\\\/\",\"logo\":{\"@type\":\"ImageObject\",\"inLanguage\":\"fr-FR\",\"@id\":\"https:\\\/\\\/abc-latina.com\\\/#\\\/schema\\\/logo\\\/image\\\/\",\"url\":\"https:\\\/\\\/abc-latina.com\\\/wp-content\\\/uploads\\\/2026\\\/05\\\/cropped-logo.gif\",\"contentUrl\":\"https:\\\/\\\/abc-latina.com\\\/wp-content\\\/uploads\\\/2026\\\/05\\\/cropped-logo.gif\",\"width\":89,\"height\":84,\"caption\":\"Abc-latina\"},\"image\":{\"@id\":\"https:\\\/\\\/abc-latina.com\\\/#\\\/schema\\\/logo\\\/image\\\/\"}}]}<\/script>\n<!-- \/ Yoast SEO plugin. -->","yoast_head_json":{"title":"Les AZTEQUES - Abc-latina","description":"l'histoire de la civilisation Azt\u00e8que, Vie et coutumes des Azt\u00e8ques.","robots":{"index":"index","follow":"follow","max-snippet":"max-snippet:-1","max-image-preview":"max-image-preview:large","max-video-preview":"max-video-preview:-1"},"canonical":"https:\/\/abc-latina.com\/civilisations\/azteque\/","og_locale":"fr_FR","og_type":"article","og_title":"Les AZTEQUES - Abc-latina","og_description":"l'histoire de la civilisation Azt\u00e8que, Vie et coutumes des Azt\u00e8ques.","og_url":"https:\/\/abc-latina.com\/civilisations\/azteque\/","og_site_name":"Abc-latina","article_modified_time":"2026-04-30T16:24:55+00:00","og_image":[{"width":146,"height":240,"url":"https:\/\/abc-latina.com\/wp-content\/uploads\/2010\/08\/ehecatl.gif","type":"image\/gif"}],"twitter_card":"summary_large_image","twitter_misc":{"Dur\u00e9e de lecture estim\u00e9e":"3 minutes"},"schema":{"@context":"https:\/\/schema.org","@graph":[{"@type":"WebPage","@id":"https:\/\/abc-latina.com\/civilisations\/azteque\/","url":"https:\/\/abc-latina.com\/civilisations\/azteque\/","name":"Les AZTEQUES - Abc-latina","isPartOf":{"@id":"https:\/\/abc-latina.com\/#website"},"primaryImageOfPage":{"@id":"https:\/\/abc-latina.com\/civilisations\/azteque\/#primaryimage"},"image":{"@id":"https:\/\/abc-latina.com\/civilisations\/azteque\/#primaryimage"},"thumbnailUrl":"https:\/\/abc-latina.com\/wp-content\/uploads\/2010\/08\/ehecatl.gif","datePublished":"2010-08-02T18:16:38+00:00","dateModified":"2026-04-30T16:24:55+00:00","description":"l'histoire de la civilisation Azt\u00e8que, Vie et coutumes des Azt\u00e8ques.","breadcrumb":{"@id":"https:\/\/abc-latina.com\/civilisations\/azteque\/#breadcrumb"},"inLanguage":"fr-FR","potentialAction":[{"@type":"ReadAction","target":["https:\/\/abc-latina.com\/civilisations\/azteque\/"]}]},{"@type":"ImageObject","inLanguage":"fr-FR","@id":"https:\/\/abc-latina.com\/civilisations\/azteque\/#primaryimage","url":"https:\/\/abc-latina.com\/wp-content\/uploads\/2010\/08\/ehecatl.gif","contentUrl":"https:\/\/abc-latina.com\/wp-content\/uploads\/2010\/08\/ehecatl.gif","width":146,"height":240,"caption":"AZTEQUE"},{"@type":"BreadcrumbList","@id":"https:\/\/abc-latina.com\/civilisations\/azteque\/#breadcrumb","itemListElement":[{"@type":"ListItem","position":1,"name":"Accueil","item":"https:\/\/abc-latina.com\/"},{"@type":"ListItem","position":2,"name":"Les AZTEQUES"}]},{"@type":"WebSite","@id":"https:\/\/abc-latina.com\/#website","url":"https:\/\/abc-latina.com\/","name":"Abc-latina","description":"","publisher":{"@id":"https:\/\/abc-latina.com\/#organization"},"potentialAction":[{"@type":"SearchAction","target":{"@type":"EntryPoint","urlTemplate":"https:\/\/abc-latina.com\/?s={search_term_string}"},"query-input":{"@type":"PropertyValueSpecification","valueRequired":true,"valueName":"search_term_string"}}],"inLanguage":"fr-FR"},{"@type":"Organization","@id":"https:\/\/abc-latina.com\/#organization","name":"Abc-latina","url":"https:\/\/abc-latina.com\/","logo":{"@type":"ImageObject","inLanguage":"fr-FR","@id":"https:\/\/abc-latina.com\/#\/schema\/logo\/image\/","url":"https:\/\/abc-latina.com\/wp-content\/uploads\/2026\/05\/cropped-logo.gif","contentUrl":"https:\/\/abc-latina.com\/wp-content\/uploads\/2026\/05\/cropped-logo.gif","width":89,"height":84,"caption":"Abc-latina"},"image":{"@id":"https:\/\/abc-latina.com\/#\/schema\/logo\/image\/"}}]}},"_links":{"self":[{"href":"https:\/\/abc-latina.com\/wp-json\/wp\/v2\/pages\/1939","targetHints":{"allow":["GET"]}}],"collection":[{"href":"https:\/\/abc-latina.com\/wp-json\/wp\/v2\/pages"}],"about":[{"href":"https:\/\/abc-latina.com\/wp-json\/wp\/v2\/types\/page"}],"author":[{"embeddable":true,"href":"https:\/\/abc-latina.com\/wp-json\/wp\/v2\/users\/3"}],"replies":[{"embeddable":true,"href":"https:\/\/abc-latina.com\/wp-json\/wp\/v2\/comments?post=1939"}],"version-history":[{"count":1,"href":"https:\/\/abc-latina.com\/wp-json\/wp\/v2\/pages\/1939\/revisions"}],"predecessor-version":[{"id":3267,"href":"https:\/\/abc-latina.com\/wp-json\/wp\/v2\/pages\/1939\/revisions\/3267"}],"up":[{"embeddable":true,"href":"https:\/\/abc-latina.com\/wp-json\/wp\/v2\/pages\/1971"}],"wp:featuredmedia":[{"embeddable":true,"href":"https:\/\/abc-latina.com\/wp-json\/wp\/v2\/media\/1936"}],"wp:attachment":[{"href":"https:\/\/abc-latina.com\/wp-json\/wp\/v2\/media?parent=1939"}],"curies":[{"name":"wp","href":"https:\/\/api.w.org\/{rel}","templated":true}]}}