{"id":195,"date":"2010-06-03T23:45:25","date_gmt":"2010-06-03T21:45:25","guid":{"rendered":"http:\/\/abc-latina.com\/lac_titicaca-htm\/"},"modified":"2026-04-30T18:24:48","modified_gmt":"2026-04-30T16:24:48","slug":"lac_titicaca","status":"publish","type":"page","link":"https:\/\/abc-latina.com\/bolivie\/lac_titicaca\/","title":{"rendered":"Le Lac Titicaca &#8211; Bolivie"},"content":{"rendered":"<div><img loading=\"lazy\" decoding=\"async\" class=\" size-full wp-image-193\" src=\"http:\/\/abc-latina.com\/wp-content\/uploads\/2010\/06\/lac_titicaca_1.jpg\" title=\"LAC TITIKAKA\" alt=\"LAC TITIKAKA\" width=\"480\" height=\"309\" srcset=\"https:\/\/abc-latina.com\/wp-content\/uploads\/2010\/06\/lac_titicaca_1.jpg 550w, https:\/\/abc-latina.com\/wp-content\/uploads\/2010\/06\/lac_titicaca_1-300x193.jpg 300w\" sizes=\"auto, (max-width: 480px) 100vw, 480px\" \/><\/div>\n<div>&nbsp;<\/div>\n<div>Situ\u00e9 \u00e0 3810 m\u00e8tres d&rsquo;altitude, le<span class=\"tourisme-chapitre\"> lac Titicaca <\/span>d\u00e9tient le titre du plus haut lac navigable du monde, de nombreuses \u00eeles et villages offrent au visiteur l&rsquo;occasion de d\u00e9couvrir la vie, les coutumes des peuples am\u00e9rindiens et les richesses arch\u00e9ologiques des <a href=\"http:\/\/www.abc-latina.com\/civilisations\/\" target=\"_blank\">civilisations pr\u00e9colombiennes<\/a>.<\/div>\n<div>&nbsp;<\/p>\n<div><img loading=\"lazy\" decoding=\"async\" class=\" size-full wp-image-193\" src=\"http:\/\/abc-latina.com\/wp-content\/uploads\/2010\/06\/lac_titicaca_1.jpg\" title=\"LAC TITIKAKA\" alt=\"LAC TITIKAKA\" width=\"480\" height=\"309\" srcset=\"https:\/\/abc-latina.com\/wp-content\/uploads\/2010\/06\/lac_titicaca_1.jpg 550w, https:\/\/abc-latina.com\/wp-content\/uploads\/2010\/06\/lac_titicaca_1-300x193.jpg 300w\" sizes=\"auto, (max-width: 480px) 100vw, 480px\" \/><\/div>\n<div>&nbsp;<\/div>\n<div>Situ\u00e9 \u00e0 3810 m\u00e8tres d&rsquo;altitude, le<span class=\"tourisme-chapitre\"> lac Titicaca <\/span>d\u00e9tient le titre du plus haut lac navigable du monde, de nombreuses \u00eeles et villages offrent au visiteur l&rsquo;occasion de d\u00e9couvrir la vie, les coutumes des peuples am\u00e9rindiens et les richesses arch\u00e9ologiques des <a href=\"https:\/\/www.abc-latina.com\/civilisations\/\" target=\"_blank\">civilisations pr\u00e9colombiennes<\/a>.<\/div>\n<div>&nbsp;<\/div>\n<div><span class=\"tourisme-unesco\">Huatajata<\/span>, <img loading=\"lazy\" decoding=\"async\" class=\" alignright size-full wp-image-194\" src=\"http:\/\/abc-latina.com\/wp-content\/uploads\/2010\/06\/titicaca.jpg\" style=\"margin: 5px 22px; float: right;\" alt=\"\" width=\"180\" height=\"135\" \/>\u00e0 3824 m\u00e8tres d&rsquo;altitude, est un petit village au bord du lac, depuis lequel vous pouvez louer des embarcations pour visiter quelques \u00eeles du lac, telle que l&rsquo;\u00eele de Suriki tr\u00e8s connue pour ses barques de totora (plante de la famille des roseaux poussant aux bords des eaux). Vous pourrez y admirer la technique de leur fabrication.<\/div>\n<div>Sur les autres \u00eeles de la r\u00e9gion :Pariti, Taqueriri et Kalahuta, vous d\u00e9couvrirez des vestiges des anciennes cultures <a href=\"https:\/\/www.abc-latina.com\/civilisations\/tiwanaku\" target=\"_blank\">Tiwanaku<\/a>, Aymara et Quechua.<\/div>\n<div>&nbsp;<\/div>\n<div>A <span class=\"tourisme-unesco\">Pariti<\/span>, vous aurez l&rsquo;occasion d&rsquo;observer la vie des habitants du lac, et m\u00eame de partager un peu de leur quotidien si vous d\u00e9cidez de camper sur l&rsquo;\u00eele.<\/div>\n<div><span class=\"tourisme-unesco\">Copacabana <\/span>est une agr\u00e9able ville qui se dresse dans une baie, encadr\u00e9e par deux collines. Copacabana est surtout connue pour la Vierge miraculeuse qu&rsquo;elle abrite dans sa cath\u00e9drale, que l&rsquo;on f\u00eate avec ferveur le 5 ao\u00fbt. C&rsquo;est la Virgen de Copacabana, patronne de la Bolivie. D\u00e9j\u00e0 pendant la p\u00e9riode inca, Copacabana \u00e9tait un sanctuaire consacr\u00e9 au dieu Soleil et aux fondateurs de l&rsquo;<a href=\"https:\/\/www.abc-latina.com\/civilisations\/Inca\" target=\"_blank\">Empire inca<\/a>.<\/div>\n<div>La p\u00e9ninsule de Copacabana \u00e9tait, du temps des anciennes civilisations, un centre agricole, et on peut encore y observer les syst\u00e8mes de plates-formes utilis\u00e9es par les Incas.<\/div>\n<div><a href=\"tour_operateur\" target=\"_blank\"><img loading=\"lazy\" decoding=\"async\" class=\" size-full wp-image-41\" src=\"http:\/\/abc-latina.com\/wp-content\/uploads\/2010\/04\/timbre_to.gif\" class=\"touroperateur\" alt=\"\" width=\"125\" height=\"90\" \/><\/a>La cath\u00e9drale est l&rsquo;un des monuments baroques les mieux conserv\u00e9s de la Bolivie, s&rsquo;y trouve la Virgen de Copacabana.<\/div>\n<div>Le Calvaire est l&rsquo;une des montagnes qui encadrent Copacabana, au sommet l&rsquo;on a un magnifique point de vue sur le lac et la ville.<\/div>\n<div>&nbsp;<\/div>\n<div>Importante \u00eele du Titikaka, la <span class=\"tourisme-unesco\">Isla del Sol<\/span> (\u00eele du Soleil) abrite d&rsquo;int\u00e9ressants ouvrages architecturaux de la p\u00e9riode pr\u00e9colombienne. C&rsquo;est ici que, selon la tradition orale, le dieu Soleil s&rsquo;\u00e9tait r\u00e9fugi\u00e9 lors du &quot; Chamaj Pacha &quot;, le temps du d\u00e9luge et de l&rsquo;obscurit\u00e9. Ses enfants, Manko Kapak et Mama Okllo, commenc\u00e8rent ici leur p\u00e9riple qui les amena plus tard \u00e0 fonder <a href=\"https:\/\/www.abc-latina.com\/perou\/cuzco\" target=\"_blank\">Cuzco<\/a>.&nbsp;<\/div>\n<div>Plusieurs sites arch\u00e9ologiques se trouvent sur cette \u00eele :<\/div>\n<div><span class=\"tourisme-unesco\">Yumani<\/span>, o\u00f9 une impressionnante \u00e9chelle de l&rsquo;\u00e9poque inca, am\u00e9ne \u00e0 une fontaine avec trois sources d&rsquo;eau qui symbolisent les trois lois incas : ne pas voler, ne pas mentir, ne pas \u00eatre paresseux.<\/div>\n<div><span class=\"tourisme-unesco\">Pilkokaina <\/span>est un ancien palace de deux \u00e9tages dont seulement le premier est encore intact.<\/div>\n<div>&nbsp;<\/div>\n<div>Le <span class=\"tourisme-unesco\">Trekking Copacabana-Yampupata<\/span> est une randonn\u00e9e que l&rsquo;on fait dans le but de rester dormir sur l&rsquo;\u00eele du Soleil et pour appr\u00e9cier le cr\u00e9puscule et l&rsquo;aube du plus sacr\u00e9 des lacs de la terre.<\/div>\n<div>&nbsp;<\/div>\n<div><span class=\"tourisme-unesco\">Ile de Koati<\/span> se trouve \u00e0 sept kilom\u00e8tres de l&rsquo;\u00eele de Soleil. Ici on peut visiter les temples des Nustas (les vierges du Soleil), monuments incas parmi les mieux conserv\u00e9s de Bolivie.<\/div>\n<p><a target=\"_blank\" href=\"http:\/\/voyage.abc-latina.com\/voyage_bolivie\/bolivie.php\"><span class=\"sejour-circuit\"><br \/><\/span><\/a><\/p>\n<h3>Pr\u00e9parez votre voyage au Lac Titicaca:<\/h3>\n<div><a href=\"https:\/\/www.abc-latina.com\/bolivie\/agence_de_voyages\">Agences de voyage g\u00e9n\u00e9ralistes et discounteurs<\/a><\/div>\n<div><a href=\"https:\/\/www.abc-latina.com\/bolivie\/tour_operateur\">Tours Op\u00e9rateurs sp\u00e9cialistes de la Bolivie<\/a><\/div>\n<div><a target=\"_blank\" href=\"https:\/\/www.abc-latina.com\/to\/reservation_billet_avion\">R\u00e9servez votre billet d&rsquo;avion<\/a><\/div>\n<div><a href=\"hotels\">R\u00e9servez votre h\u00f4tel<\/a>&nbsp;<\/div>\n<div><a target=\"_blank\" href=\"https:\/\/www.abc-latina.com\/to\/location_de_voiture_bolivie\">Location de voiture<\/a><\/div>\n<p>&nbsp;<\/p>\n<\/div>\n","protected":false},"excerpt":{"rendered":"<p>&nbsp; Situ\u00e9 \u00e0 3810 m\u00e8tres d&rsquo;altitude, le lac Titicaca d\u00e9tient le titre du plus haut lac navigable du monde, de [&hellip;]<\/p>\n","protected":false},"author":3,"featured_media":193,"parent":2295,"menu_order":0,"comment_status":"closed","ping_status":"closed","template":"","meta":{"site-sidebar-layout":"default","site-content-layout":"","ast-site-content-layout":"default","site-content-style":"default","site-sidebar-style":"default","ast-global-header-display":"","ast-banner-title-visibility":"","ast-main-header-display":"","ast-hfb-above-header-display":"","ast-hfb-below-header-display":"","ast-hfb-mobile-header-display":"","site-post-title":"","ast-breadcrumbs-content":"","ast-featured-img":"","footer-sml-layout":"","ast-disable-related-posts":"","theme-transparent-header-meta":"","adv-header-id-meta":"","stick-header-meta":"","header-above-stick-meta":"","header-main-stick-meta":"","header-below-stick-meta":"","astra-migrate-meta-layouts":"default","ast-page-background-enabled":"default","ast-page-background-meta":{"desktop":{"background-color":"var(--ast-global-color-5)","background-image":"","background-repeat":"repeat","background-position":"center center","background-size":"auto","background-attachment":"scroll","background-type":"","background-media":"","overlay-type":"","overlay-color":"","overlay-opacity":"","overlay-gradient":""},"tablet":{"background-color":"","background-image":"","background-repeat":"repeat","background-position":"center center","background-size":"auto","background-attachment":"scroll","background-type":"","background-media":"","overlay-type":"","overlay-color":"","overlay-opacity":"","overlay-gradient":""},"mobile":{"background-color":"","background-image":"","background-repeat":"repeat","background-position":"center center","background-size":"auto","background-attachment":"scroll","background-type":"","background-media":"","overlay-type":"","overlay-color":"","overlay-opacity":"","overlay-gradient":""}},"ast-content-background-meta":{"desktop":{"background-color":"var(--ast-global-color-4)","background-image":"","background-repeat":"repeat","background-position":"center center","background-size":"auto","background-attachment":"scroll","background-type":"","background-media":"","overlay-type":"","overlay-color":"","overlay-opacity":"","overlay-gradient":""},"tablet":{"background-color":"var(--ast-global-color-4)","background-image":"","background-repeat":"repeat","background-position":"center center","background-size":"auto","background-attachment":"scroll","background-type":"","background-media":"","overlay-type":"","overlay-color":"","overlay-opacity":"","overlay-gradient":""},"mobile":{"background-color":"var(--ast-global-color-4)","background-image":"","background-repeat":"repeat","background-position":"center center","background-size":"auto","background-attachment":"scroll","background-type":"","background-media":"","overlay-type":"","overlay-color":"","overlay-opacity":"","overlay-gradient":""}},"footnotes":""},"class_list":["post-195","page","type-page","status-publish","has-post-thumbnail","hentry"],"yoast_head":"<!-- This site is optimized with the Yoast SEO plugin v27.5 - https:\/\/yoast.com\/product\/yoast-seo-wordpress\/ -->\n<title>Le Lac Titicaca - Bolivie - Abc-latina<\/title>\n<meta name=\"description\" content=\"Situ\u00e9 \u00e0 3810 m d&#039;altitude, le lac Titicaca d\u00e9tient le titre du plus haut lac navigable du monde, de nombreuses \u00eeles et villages offrent au visiteur l&#039;occasion de d\u00e9couvrir la vie, les coutumes des peuples am\u00e9rindiens\" \/>\n<meta name=\"robots\" content=\"index, follow, max-snippet:-1, max-image-preview:large, max-video-preview:-1\" \/>\n<link rel=\"canonical\" href=\"https:\/\/abc-latina.com\/bolivie\/lac_titicaca\/\" \/>\n<meta property=\"og:locale\" content=\"fr_FR\" \/>\n<meta property=\"og:type\" content=\"article\" \/>\n<meta property=\"og:title\" content=\"Le Lac Titicaca - Bolivie - Abc-latina\" \/>\n<meta property=\"og:description\" content=\"Situ\u00e9 \u00e0 3810 m d&#039;altitude, le lac Titicaca d\u00e9tient le titre du plus haut lac navigable du monde, de nombreuses \u00eeles et villages offrent au visiteur l&#039;occasion de d\u00e9couvrir la vie, les coutumes des peuples am\u00e9rindiens\" \/>\n<meta property=\"og:url\" content=\"https:\/\/abc-latina.com\/bolivie\/lac_titicaca\/\" \/>\n<meta property=\"og:site_name\" content=\"Abc-latina\" \/>\n<meta property=\"article:modified_time\" content=\"2026-04-30T16:24:48+00:00\" \/>\n<meta property=\"og:image\" content=\"https:\/\/abc-latina.com\/wp-content\/uploads\/2010\/06\/lac_titicaca_1.jpg\" \/>\n\t<meta property=\"og:image:width\" content=\"550\" \/>\n\t<meta property=\"og:image:height\" content=\"354\" \/>\n\t<meta property=\"og:image:type\" content=\"image\/jpeg\" \/>\n<meta name=\"twitter:card\" content=\"summary_large_image\" \/>\n<meta name=\"twitter:label1\" content=\"Dur\u00e9e de lecture estim\u00e9e\" \/>\n\t<meta name=\"twitter:data1\" content=\"3 minutes\" \/>\n<script type=\"application\/ld+json\" class=\"yoast-schema-graph\">{\"@context\":\"https:\\\/\\\/schema.org\",\"@graph\":[{\"@type\":\"WebPage\",\"@id\":\"https:\\\/\\\/abc-latina.com\\\/bolivie\\\/lac_titicaca\\\/\",\"url\":\"https:\\\/\\\/abc-latina.com\\\/bolivie\\\/lac_titicaca\\\/\",\"name\":\"Le Lac Titicaca - Bolivie - Abc-latina\",\"isPartOf\":{\"@id\":\"https:\\\/\\\/abc-latina.com\\\/#website\"},\"primaryImageOfPage\":{\"@id\":\"https:\\\/\\\/abc-latina.com\\\/bolivie\\\/lac_titicaca\\\/#primaryimage\"},\"image\":{\"@id\":\"https:\\\/\\\/abc-latina.com\\\/bolivie\\\/lac_titicaca\\\/#primaryimage\"},\"thumbnailUrl\":\"https:\\\/\\\/abc-latina.com\\\/wp-content\\\/uploads\\\/2010\\\/06\\\/lac_titicaca_1.jpg\",\"datePublished\":\"2010-06-03T21:45:25+00:00\",\"dateModified\":\"2026-04-30T16:24:48+00:00\",\"description\":\"Situ\u00e9 \u00e0 3810 m d'altitude, le lac Titicaca d\u00e9tient le titre du plus haut lac navigable du monde, de nombreuses \u00eeles et villages offrent au visiteur l'occasion de d\u00e9couvrir la vie, les coutumes des peuples am\u00e9rindiens\",\"breadcrumb\":{\"@id\":\"https:\\\/\\\/abc-latina.com\\\/bolivie\\\/lac_titicaca\\\/#breadcrumb\"},\"inLanguage\":\"fr-FR\",\"potentialAction\":[{\"@type\":\"ReadAction\",\"target\":[\"https:\\\/\\\/abc-latina.com\\\/bolivie\\\/lac_titicaca\\\/\"]}]},{\"@type\":\"ImageObject\",\"inLanguage\":\"fr-FR\",\"@id\":\"https:\\\/\\\/abc-latina.com\\\/bolivie\\\/lac_titicaca\\\/#primaryimage\",\"url\":\"https:\\\/\\\/abc-latina.com\\\/wp-content\\\/uploads\\\/2010\\\/06\\\/lac_titicaca_1.jpg\",\"contentUrl\":\"https:\\\/\\\/abc-latina.com\\\/wp-content\\\/uploads\\\/2010\\\/06\\\/lac_titicaca_1.jpg\",\"width\":550,\"height\":354,\"caption\":\"LAC TITIKAKA\"},{\"@type\":\"BreadcrumbList\",\"@id\":\"https:\\\/\\\/abc-latina.com\\\/bolivie\\\/lac_titicaca\\\/#breadcrumb\",\"itemListElement\":[{\"@type\":\"ListItem\",\"position\":1,\"name\":\"Accueil\",\"item\":\"https:\\\/\\\/abc-latina.com\\\/\"},{\"@type\":\"ListItem\",\"position\":2,\"name\":\"Le Lac Titicaca &#8211; Bolivie\"}]},{\"@type\":\"WebSite\",\"@id\":\"https:\\\/\\\/abc-latina.com\\\/#website\",\"url\":\"https:\\\/\\\/abc-latina.com\\\/\",\"name\":\"Abc-latina\",\"description\":\"\",\"publisher\":{\"@id\":\"https:\\\/\\\/abc-latina.com\\\/#organization\"},\"potentialAction\":[{\"@type\":\"SearchAction\",\"target\":{\"@type\":\"EntryPoint\",\"urlTemplate\":\"https:\\\/\\\/abc-latina.com\\\/?s={search_term_string}\"},\"query-input\":{\"@type\":\"PropertyValueSpecification\",\"valueRequired\":true,\"valueName\":\"search_term_string\"}}],\"inLanguage\":\"fr-FR\"},{\"@type\":\"Organization\",\"@id\":\"https:\\\/\\\/abc-latina.com\\\/#organization\",\"name\":\"Abc-latina\",\"url\":\"https:\\\/\\\/abc-latina.com\\\/\",\"logo\":{\"@type\":\"ImageObject\",\"inLanguage\":\"fr-FR\",\"@id\":\"https:\\\/\\\/abc-latina.com\\\/#\\\/schema\\\/logo\\\/image\\\/\",\"url\":\"https:\\\/\\\/abc-latina.com\\\/wp-content\\\/uploads\\\/2026\\\/05\\\/cropped-logo.gif\",\"contentUrl\":\"https:\\\/\\\/abc-latina.com\\\/wp-content\\\/uploads\\\/2026\\\/05\\\/cropped-logo.gif\",\"width\":89,\"height\":84,\"caption\":\"Abc-latina\"},\"image\":{\"@id\":\"https:\\\/\\\/abc-latina.com\\\/#\\\/schema\\\/logo\\\/image\\\/\"}}]}<\/script>\n<!-- \/ Yoast SEO plugin. -->","yoast_head_json":{"title":"Le Lac Titicaca - Bolivie - Abc-latina","description":"Situ\u00e9 \u00e0 3810 m d'altitude, le lac Titicaca d\u00e9tient le titre du plus haut lac navigable du monde, de nombreuses \u00eeles et villages offrent au visiteur l'occasion de d\u00e9couvrir la vie, les coutumes des peuples am\u00e9rindiens","robots":{"index":"index","follow":"follow","max-snippet":"max-snippet:-1","max-image-preview":"max-image-preview:large","max-video-preview":"max-video-preview:-1"},"canonical":"https:\/\/abc-latina.com\/bolivie\/lac_titicaca\/","og_locale":"fr_FR","og_type":"article","og_title":"Le Lac Titicaca - Bolivie - Abc-latina","og_description":"Situ\u00e9 \u00e0 3810 m d'altitude, le lac Titicaca d\u00e9tient le titre du plus haut lac navigable du monde, de nombreuses \u00eeles et villages offrent au visiteur l'occasion de d\u00e9couvrir la vie, les coutumes des peuples am\u00e9rindiens","og_url":"https:\/\/abc-latina.com\/bolivie\/lac_titicaca\/","og_site_name":"Abc-latina","article_modified_time":"2026-04-30T16:24:48+00:00","og_image":[{"width":550,"height":354,"url":"https:\/\/abc-latina.com\/wp-content\/uploads\/2010\/06\/lac_titicaca_1.jpg","type":"image\/jpeg"}],"twitter_card":"summary_large_image","twitter_misc":{"Dur\u00e9e de lecture estim\u00e9e":"3 minutes"},"schema":{"@context":"https:\/\/schema.org","@graph":[{"@type":"WebPage","@id":"https:\/\/abc-latina.com\/bolivie\/lac_titicaca\/","url":"https:\/\/abc-latina.com\/bolivie\/lac_titicaca\/","name":"Le Lac Titicaca - Bolivie - Abc-latina","isPartOf":{"@id":"https:\/\/abc-latina.com\/#website"},"primaryImageOfPage":{"@id":"https:\/\/abc-latina.com\/bolivie\/lac_titicaca\/#primaryimage"},"image":{"@id":"https:\/\/abc-latina.com\/bolivie\/lac_titicaca\/#primaryimage"},"thumbnailUrl":"https:\/\/abc-latina.com\/wp-content\/uploads\/2010\/06\/lac_titicaca_1.jpg","datePublished":"2010-06-03T21:45:25+00:00","dateModified":"2026-04-30T16:24:48+00:00","description":"Situ\u00e9 \u00e0 3810 m d'altitude, le lac Titicaca d\u00e9tient le titre du plus haut lac navigable du monde, de nombreuses \u00eeles et villages offrent au visiteur l'occasion de d\u00e9couvrir la vie, les coutumes des peuples am\u00e9rindiens","breadcrumb":{"@id":"https:\/\/abc-latina.com\/bolivie\/lac_titicaca\/#breadcrumb"},"inLanguage":"fr-FR","potentialAction":[{"@type":"ReadAction","target":["https:\/\/abc-latina.com\/bolivie\/lac_titicaca\/"]}]},{"@type":"ImageObject","inLanguage":"fr-FR","@id":"https:\/\/abc-latina.com\/bolivie\/lac_titicaca\/#primaryimage","url":"https:\/\/abc-latina.com\/wp-content\/uploads\/2010\/06\/lac_titicaca_1.jpg","contentUrl":"https:\/\/abc-latina.com\/wp-content\/uploads\/2010\/06\/lac_titicaca_1.jpg","width":550,"height":354,"caption":"LAC TITIKAKA"},{"@type":"BreadcrumbList","@id":"https:\/\/abc-latina.com\/bolivie\/lac_titicaca\/#breadcrumb","itemListElement":[{"@type":"ListItem","position":1,"name":"Accueil","item":"https:\/\/abc-latina.com\/"},{"@type":"ListItem","position":2,"name":"Le Lac Titicaca &#8211; Bolivie"}]},{"@type":"WebSite","@id":"https:\/\/abc-latina.com\/#website","url":"https:\/\/abc-latina.com\/","name":"Abc-latina","description":"","publisher":{"@id":"https:\/\/abc-latina.com\/#organization"},"potentialAction":[{"@type":"SearchAction","target":{"@type":"EntryPoint","urlTemplate":"https:\/\/abc-latina.com\/?s={search_term_string}"},"query-input":{"@type":"PropertyValueSpecification","valueRequired":true,"valueName":"search_term_string"}}],"inLanguage":"fr-FR"},{"@type":"Organization","@id":"https:\/\/abc-latina.com\/#organization","name":"Abc-latina","url":"https:\/\/abc-latina.com\/","logo":{"@type":"ImageObject","inLanguage":"fr-FR","@id":"https:\/\/abc-latina.com\/#\/schema\/logo\/image\/","url":"https:\/\/abc-latina.com\/wp-content\/uploads\/2026\/05\/cropped-logo.gif","contentUrl":"https:\/\/abc-latina.com\/wp-content\/uploads\/2026\/05\/cropped-logo.gif","width":89,"height":84,"caption":"Abc-latina"},"image":{"@id":"https:\/\/abc-latina.com\/#\/schema\/logo\/image\/"}}]}},"_links":{"self":[{"href":"https:\/\/abc-latina.com\/wp-json\/wp\/v2\/pages\/195","targetHints":{"allow":["GET"]}}],"collection":[{"href":"https:\/\/abc-latina.com\/wp-json\/wp\/v2\/pages"}],"about":[{"href":"https:\/\/abc-latina.com\/wp-json\/wp\/v2\/types\/page"}],"author":[{"embeddable":true,"href":"https:\/\/abc-latina.com\/wp-json\/wp\/v2\/users\/3"}],"replies":[{"embeddable":true,"href":"https:\/\/abc-latina.com\/wp-json\/wp\/v2\/comments?post=195"}],"version-history":[{"count":1,"href":"https:\/\/abc-latina.com\/wp-json\/wp\/v2\/pages\/195\/revisions"}],"predecessor-version":[{"id":3137,"href":"https:\/\/abc-latina.com\/wp-json\/wp\/v2\/pages\/195\/revisions\/3137"}],"up":[{"embeddable":true,"href":"https:\/\/abc-latina.com\/wp-json\/wp\/v2\/pages\/2295"}],"wp:featuredmedia":[{"embeddable":true,"href":"https:\/\/abc-latina.com\/wp-json\/wp\/v2\/media\/193"}],"wp:attachment":[{"href":"https:\/\/abc-latina.com\/wp-json\/wp\/v2\/media?parent=195"}],"curies":[{"name":"wp","href":"https:\/\/api.w.org\/{rel}","templated":true}]}}