{"id":1954,"date":"2010-08-02T22:05:45","date_gmt":"2010-08-02T20:05:45","guid":{"rendered":"http:\/\/abc-latina.com\/chimu-htm\/"},"modified":"2026-04-30T18:24:55","modified_gmt":"2026-04-30T16:24:55","slug":"chimu","status":"publish","type":"page","link":"https:\/\/abc-latina.com\/civilisations\/chimu\/","title":{"rendered":"La civilisation CHIMU"},"content":{"rendered":"<div><img loading=\"lazy\" decoding=\"async\" class=\" alignright size-full wp-image-1952\" src=\"http:\/\/abc-latina.com\/wp-content\/uploads\/2010\/08\/musico-chimu.gif\" style=\"margin-left: 22px; margin-right: 22px; float: right;\" title=\"CHIMU\" alt=\"CHIMU\" width=\"150\" height=\"189\" \/>L&rsquo;histoire de l&rsquo;empire <span class=\"tourisme-chapitre\">Chimu<\/span> est celle d&rsquo;une tentative d&rsquo;unification des peuples install\u00e9s dans les vall\u00e9es c\u00f4ti\u00e8res du nord du P\u00e9rou o\u00f9 la civilisation Mochica n&rsquo;a pas enti\u00e8rement disparu. Elle d\u00e9bute au Vlll\u00e9 si\u00e8cle pour se terminer au XV\u00e9 si\u00e8cle avec l&rsquo;arriv\u00e9e des <a href=\"Inca\">Incas<\/a> dans la r\u00e9gion.&nbsp;<\/div>\n<div>&nbsp;<\/div>\n<div>Les Chimu sont de grands constructeurs. Leur capitale, <a href=\"https:\/\/www.abc-latina.com\/perou\/tourisme\/chanchan\" target=\"_blank\">Chan-Chan<\/a>, a \u00e9t\u00e9 con\u00e7ue selon le plan am\u00e9ricain, les rues \u00e0 angle droit. Les maisons se trouvent \u00e0 l&rsquo;int\u00e9rieur de hautes murailles formant des quartiers s\u00e9par\u00e9s les uns des autres par d\u00e9troits passages. Des canaux provenant des vall\u00e9es c\u00f4ti\u00e8res am\u00e8nent l&rsquo;eau \u00e0 la capitale. L&rsquo;irrigation est pouss\u00e9e \u00e0 l&rsquo;extr\u00eame ; elle va de pair avec une agriculture d\u00e9velopp\u00e9e, destin\u00e9e \u00e0 subvenir aux besoins d&rsquo;une population de plus en plus nombreuse.<\/div>\n<div>&nbsp;<\/div>\n<div style=\"text-align: center; \"><img loading=\"lazy\" decoding=\"async\" class=\" size-full wp-image-1953\" src=\"http:\/\/abc-latina.com\/wp-content\/uploads\/2010\/08\/chrono_chimu.gif\" alt=\"\" width=\"510\" height=\"96\" \/><\/div>\n","protected":false},"excerpt":{"rendered":"<p>L&rsquo;histoire de l&rsquo;empire Chimu est celle d&rsquo;une tentative d&rsquo;unification des peuples install\u00e9s dans les vall\u00e9es c\u00f4ti\u00e8res du nord du P\u00e9rou [&hellip;]<\/p>\n","protected":false},"author":3,"featured_media":1952,"parent":1971,"menu_order":0,"comment_status":"closed","ping_status":"closed","template":"","meta":{"site-sidebar-layout":"default","site-content-layout":"","ast-site-content-layout":"default","site-content-style":"default","site-sidebar-style":"default","ast-global-header-display":"","ast-banner-title-visibility":"","ast-main-header-display":"","ast-hfb-above-header-display":"","ast-hfb-below-header-display":"","ast-hfb-mobile-header-display":"","site-post-title":"","ast-breadcrumbs-content":"","ast-featured-img":"","footer-sml-layout":"","ast-disable-related-posts":"","theme-transparent-header-meta":"","adv-header-id-meta":"","stick-header-meta":"","header-above-stick-meta":"","header-main-stick-meta":"","header-below-stick-meta":"","astra-migrate-meta-layouts":"default","ast-page-background-enabled":"default","ast-page-background-meta":{"desktop":{"background-color":"var(--ast-global-color-5)","background-image":"","background-repeat":"repeat","background-position":"center center","background-size":"auto","background-attachment":"scroll","background-type":"","background-media":"","overlay-type":"","overlay-color":"","overlay-opacity":"","overlay-gradient":""},"tablet":{"background-color":"","background-image":"","background-repeat":"repeat","background-position":"center center","background-size":"auto","background-attachment":"scroll","background-type":"","background-media":"","overlay-type":"","overlay-color":"","overlay-opacity":"","overlay-gradient":""},"mobile":{"background-color":"","background-image":"","background-repeat":"repeat","background-position":"center center","background-size":"auto","background-attachment":"scroll","background-type":"","background-media":"","overlay-type":"","overlay-color":"","overlay-opacity":"","overlay-gradient":""}},"ast-content-background-meta":{"desktop":{"background-color":"var(--ast-global-color-4)","background-image":"","background-repeat":"repeat","background-position":"center center","background-size":"auto","background-attachment":"scroll","background-type":"","background-media":"","overlay-type":"","overlay-color":"","overlay-opacity":"","overlay-gradient":""},"tablet":{"background-color":"var(--ast-global-color-4)","background-image":"","background-repeat":"repeat","background-position":"center center","background-size":"auto","background-attachment":"scroll","background-type":"","background-media":"","overlay-type":"","overlay-color":"","overlay-opacity":"","overlay-gradient":""},"mobile":{"background-color":"var(--ast-global-color-4)","background-image":"","background-repeat":"repeat","background-position":"center center","background-size":"auto","background-attachment":"scroll","background-type":"","background-media":"","overlay-type":"","overlay-color":"","overlay-opacity":"","overlay-gradient":""}},"footnotes":""},"class_list":["post-1954","page","type-page","status-publish","has-post-thumbnail","hentry"],"yoast_head":"<!-- This site is optimized with the Yoast SEO plugin v27.5 - https:\/\/yoast.com\/product\/yoast-seo-wordpress\/ -->\n<title>La civilisation CHIMU - Abc-latina<\/title>\n<meta name=\"description\" content=\"l&#039;histoire de la culture Chimu.\" \/>\n<meta name=\"robots\" content=\"index, follow, max-snippet:-1, max-image-preview:large, max-video-preview:-1\" \/>\n<link rel=\"canonical\" href=\"https:\/\/abc-latina.com\/civilisations\/chimu\/\" \/>\n<meta property=\"og:locale\" content=\"fr_FR\" \/>\n<meta property=\"og:type\" content=\"article\" \/>\n<meta property=\"og:title\" content=\"La civilisation CHIMU - Abc-latina\" \/>\n<meta property=\"og:description\" content=\"l&#039;histoire de la culture Chimu.\" \/>\n<meta property=\"og:url\" content=\"https:\/\/abc-latina.com\/civilisations\/chimu\/\" \/>\n<meta property=\"og:site_name\" content=\"Abc-latina\" \/>\n<meta property=\"article:modified_time\" content=\"2026-04-30T16:24:55+00:00\" \/>\n<meta property=\"og:image\" content=\"https:\/\/abc-latina.com\/wp-content\/uploads\/2010\/08\/musico-chimu.gif\" \/>\n\t<meta property=\"og:image:width\" content=\"150\" \/>\n\t<meta property=\"og:image:height\" content=\"189\" \/>\n\t<meta property=\"og:image:type\" content=\"image\/gif\" \/>\n<meta name=\"twitter:card\" content=\"summary_large_image\" \/>\n<meta name=\"twitter:label1\" content=\"Dur\u00e9e de lecture estim\u00e9e\" \/>\n\t<meta name=\"twitter:data1\" content=\"1 minute\" \/>\n<script type=\"application\/ld+json\" class=\"yoast-schema-graph\">{\"@context\":\"https:\\\/\\\/schema.org\",\"@graph\":[{\"@type\":\"WebPage\",\"@id\":\"https:\\\/\\\/abc-latina.com\\\/civilisations\\\/chimu\\\/\",\"url\":\"https:\\\/\\\/abc-latina.com\\\/civilisations\\\/chimu\\\/\",\"name\":\"La civilisation CHIMU - Abc-latina\",\"isPartOf\":{\"@id\":\"https:\\\/\\\/abc-latina.com\\\/#website\"},\"primaryImageOfPage\":{\"@id\":\"https:\\\/\\\/abc-latina.com\\\/civilisations\\\/chimu\\\/#primaryimage\"},\"image\":{\"@id\":\"https:\\\/\\\/abc-latina.com\\\/civilisations\\\/chimu\\\/#primaryimage\"},\"thumbnailUrl\":\"https:\\\/\\\/abc-latina.com\\\/wp-content\\\/uploads\\\/2010\\\/08\\\/musico-chimu.gif\",\"datePublished\":\"2010-08-02T20:05:45+00:00\",\"dateModified\":\"2026-04-30T16:24:55+00:00\",\"description\":\"l'histoire de la culture Chimu.\",\"breadcrumb\":{\"@id\":\"https:\\\/\\\/abc-latina.com\\\/civilisations\\\/chimu\\\/#breadcrumb\"},\"inLanguage\":\"fr-FR\",\"potentialAction\":[{\"@type\":\"ReadAction\",\"target\":[\"https:\\\/\\\/abc-latina.com\\\/civilisations\\\/chimu\\\/\"]}]},{\"@type\":\"ImageObject\",\"inLanguage\":\"fr-FR\",\"@id\":\"https:\\\/\\\/abc-latina.com\\\/civilisations\\\/chimu\\\/#primaryimage\",\"url\":\"https:\\\/\\\/abc-latina.com\\\/wp-content\\\/uploads\\\/2010\\\/08\\\/musico-chimu.gif\",\"contentUrl\":\"https:\\\/\\\/abc-latina.com\\\/wp-content\\\/uploads\\\/2010\\\/08\\\/musico-chimu.gif\",\"width\":150,\"height\":189,\"caption\":\"CHIMU\"},{\"@type\":\"BreadcrumbList\",\"@id\":\"https:\\\/\\\/abc-latina.com\\\/civilisations\\\/chimu\\\/#breadcrumb\",\"itemListElement\":[{\"@type\":\"ListItem\",\"position\":1,\"name\":\"Accueil\",\"item\":\"https:\\\/\\\/abc-latina.com\\\/\"},{\"@type\":\"ListItem\",\"position\":2,\"name\":\"La civilisation CHIMU\"}]},{\"@type\":\"WebSite\",\"@id\":\"https:\\\/\\\/abc-latina.com\\\/#website\",\"url\":\"https:\\\/\\\/abc-latina.com\\\/\",\"name\":\"Abc-latina\",\"description\":\"\",\"publisher\":{\"@id\":\"https:\\\/\\\/abc-latina.com\\\/#organization\"},\"potentialAction\":[{\"@type\":\"SearchAction\",\"target\":{\"@type\":\"EntryPoint\",\"urlTemplate\":\"https:\\\/\\\/abc-latina.com\\\/?s={search_term_string}\"},\"query-input\":{\"@type\":\"PropertyValueSpecification\",\"valueRequired\":true,\"valueName\":\"search_term_string\"}}],\"inLanguage\":\"fr-FR\"},{\"@type\":\"Organization\",\"@id\":\"https:\\\/\\\/abc-latina.com\\\/#organization\",\"name\":\"Abc-latina\",\"url\":\"https:\\\/\\\/abc-latina.com\\\/\",\"logo\":{\"@type\":\"ImageObject\",\"inLanguage\":\"fr-FR\",\"@id\":\"https:\\\/\\\/abc-latina.com\\\/#\\\/schema\\\/logo\\\/image\\\/\",\"url\":\"https:\\\/\\\/abc-latina.com\\\/wp-content\\\/uploads\\\/2026\\\/05\\\/cropped-logo.gif\",\"contentUrl\":\"https:\\\/\\\/abc-latina.com\\\/wp-content\\\/uploads\\\/2026\\\/05\\\/cropped-logo.gif\",\"width\":89,\"height\":84,\"caption\":\"Abc-latina\"},\"image\":{\"@id\":\"https:\\\/\\\/abc-latina.com\\\/#\\\/schema\\\/logo\\\/image\\\/\"}}]}<\/script>\n<!-- \/ Yoast SEO plugin. -->","yoast_head_json":{"title":"La civilisation CHIMU - Abc-latina","description":"l'histoire de la culture Chimu.","robots":{"index":"index","follow":"follow","max-snippet":"max-snippet:-1","max-image-preview":"max-image-preview:large","max-video-preview":"max-video-preview:-1"},"canonical":"https:\/\/abc-latina.com\/civilisations\/chimu\/","og_locale":"fr_FR","og_type":"article","og_title":"La civilisation CHIMU - Abc-latina","og_description":"l'histoire de la culture Chimu.","og_url":"https:\/\/abc-latina.com\/civilisations\/chimu\/","og_site_name":"Abc-latina","article_modified_time":"2026-04-30T16:24:55+00:00","og_image":[{"width":150,"height":189,"url":"https:\/\/abc-latina.com\/wp-content\/uploads\/2010\/08\/musico-chimu.gif","type":"image\/gif"}],"twitter_card":"summary_large_image","twitter_misc":{"Dur\u00e9e de lecture estim\u00e9e":"1 minute"},"schema":{"@context":"https:\/\/schema.org","@graph":[{"@type":"WebPage","@id":"https:\/\/abc-latina.com\/civilisations\/chimu\/","url":"https:\/\/abc-latina.com\/civilisations\/chimu\/","name":"La civilisation CHIMU - Abc-latina","isPartOf":{"@id":"https:\/\/abc-latina.com\/#website"},"primaryImageOfPage":{"@id":"https:\/\/abc-latina.com\/civilisations\/chimu\/#primaryimage"},"image":{"@id":"https:\/\/abc-latina.com\/civilisations\/chimu\/#primaryimage"},"thumbnailUrl":"https:\/\/abc-latina.com\/wp-content\/uploads\/2010\/08\/musico-chimu.gif","datePublished":"2010-08-02T20:05:45+00:00","dateModified":"2026-04-30T16:24:55+00:00","description":"l'histoire de la culture Chimu.","breadcrumb":{"@id":"https:\/\/abc-latina.com\/civilisations\/chimu\/#breadcrumb"},"inLanguage":"fr-FR","potentialAction":[{"@type":"ReadAction","target":["https:\/\/abc-latina.com\/civilisations\/chimu\/"]}]},{"@type":"ImageObject","inLanguage":"fr-FR","@id":"https:\/\/abc-latina.com\/civilisations\/chimu\/#primaryimage","url":"https:\/\/abc-latina.com\/wp-content\/uploads\/2010\/08\/musico-chimu.gif","contentUrl":"https:\/\/abc-latina.com\/wp-content\/uploads\/2010\/08\/musico-chimu.gif","width":150,"height":189,"caption":"CHIMU"},{"@type":"BreadcrumbList","@id":"https:\/\/abc-latina.com\/civilisations\/chimu\/#breadcrumb","itemListElement":[{"@type":"ListItem","position":1,"name":"Accueil","item":"https:\/\/abc-latina.com\/"},{"@type":"ListItem","position":2,"name":"La civilisation CHIMU"}]},{"@type":"WebSite","@id":"https:\/\/abc-latina.com\/#website","url":"https:\/\/abc-latina.com\/","name":"Abc-latina","description":"","publisher":{"@id":"https:\/\/abc-latina.com\/#organization"},"potentialAction":[{"@type":"SearchAction","target":{"@type":"EntryPoint","urlTemplate":"https:\/\/abc-latina.com\/?s={search_term_string}"},"query-input":{"@type":"PropertyValueSpecification","valueRequired":true,"valueName":"search_term_string"}}],"inLanguage":"fr-FR"},{"@type":"Organization","@id":"https:\/\/abc-latina.com\/#organization","name":"Abc-latina","url":"https:\/\/abc-latina.com\/","logo":{"@type":"ImageObject","inLanguage":"fr-FR","@id":"https:\/\/abc-latina.com\/#\/schema\/logo\/image\/","url":"https:\/\/abc-latina.com\/wp-content\/uploads\/2026\/05\/cropped-logo.gif","contentUrl":"https:\/\/abc-latina.com\/wp-content\/uploads\/2026\/05\/cropped-logo.gif","width":89,"height":84,"caption":"Abc-latina"},"image":{"@id":"https:\/\/abc-latina.com\/#\/schema\/logo\/image\/"}}]}},"_links":{"self":[{"href":"https:\/\/abc-latina.com\/wp-json\/wp\/v2\/pages\/1954","targetHints":{"allow":["GET"]}}],"collection":[{"href":"https:\/\/abc-latina.com\/wp-json\/wp\/v2\/pages"}],"about":[{"href":"https:\/\/abc-latina.com\/wp-json\/wp\/v2\/types\/page"}],"author":[{"embeddable":true,"href":"https:\/\/abc-latina.com\/wp-json\/wp\/v2\/users\/3"}],"replies":[{"embeddable":true,"href":"https:\/\/abc-latina.com\/wp-json\/wp\/v2\/comments?post=1954"}],"version-history":[{"count":1,"href":"https:\/\/abc-latina.com\/wp-json\/wp\/v2\/pages\/1954\/revisions"}],"predecessor-version":[{"id":3276,"href":"https:\/\/abc-latina.com\/wp-json\/wp\/v2\/pages\/1954\/revisions\/3276"}],"up":[{"embeddable":true,"href":"https:\/\/abc-latina.com\/wp-json\/wp\/v2\/pages\/1971"}],"wp:featuredmedia":[{"embeddable":true,"href":"https:\/\/abc-latina.com\/wp-json\/wp\/v2\/media\/1952"}],"wp:attachment":[{"href":"https:\/\/abc-latina.com\/wp-json\/wp\/v2\/media?parent=1954"}],"curies":[{"name":"wp","href":"https:\/\/api.w.org\/{rel}","templated":true}]}}