{"id":1961,"date":"2010-08-02T23:02:17","date_gmt":"2010-08-02T21:02:17","guid":{"rendered":"http:\/\/abc-latina.com\/quipus-php\/"},"modified":"2026-04-30T18:24:57","modified_gmt":"2026-04-30T16:24:57","slug":"quipus","status":"publish","type":"page","link":"https:\/\/abc-latina.com\/civilisations\/quipus\/","title":{"rendered":"QUIPUS"},"content":{"rendered":"<div><img decoding=\"async\" alt=\"\" src=\"http:\/\/www.abc-latina.com\/civilisations\/images\/quipus\/quipu-2-p.jpg\" style=\"margin-left: 22px; margin-right: 22px; margin-top: 5px; margin-bottom: 5px; float: right; width: 133px; height: 200px; \" \/>Le <span class=\"tourisme-chapitre\">quipu <\/span>est un assemblage de cordelettes nou\u00e9es qui servaient \u00e0 tenir les comptes. Si l&rsquo;on connait \u00e0 peu pr\u00e8s le r\u00f4le des quipus dans l&rsquo;administration de l&rsquo;empire, leur langage particulier reste un myst\u00e8re car seuls certains personnages pouvaient les manipuler et les interpr\u00e9ter. Selon les experts, les couleurs des cordelettes correspondaient \u00e0 certains types de marchandises, tandis que la hauteur des n\u0153uds repr\u00e9sentait les unit\u00e9s et les dizaines. Les quipus \u00e9taient aussi utilis\u00e9s dans les recensements.<\/p>\n<div>&nbsp;<\/div>\n<div><strong>Principe<\/strong><\/div>\n<div>Les quipus sont un syst\u00e8me d&rsquo;\u00e9criture des nombres exprim\u00e9s dans un syst\u00e8me de num\u00e9ration positionnel en base 10. Chaque cordelette comporte trois types de noeud distincts :<\/div>\n<div>&#8211; Des noeuds simples, chacun repr\u00e9sentant une unit\u00e9, au plus au nombre de neuf;&nbsp;<\/div>\n<div>&#8211; Des noeuds compliqu\u00e9s, chacun repr\u00e9sentant une dizaine, au plus au nombre de neuf;&nbsp;<\/div>\n<div>&#8211; Des noeuds de huit, chacun repr\u00e9sentant une centaine, au plus au nombre de neuf.&nbsp;<\/div>\n<div>Un tel alignement de noeuds sur une cordellette permettait de former un nombre entier inf\u00e9rieur ou \u00e9gal \u00e0 999. Dans cette \u00e9criture des entiers, le 0 \u00e9tait remplac\u00e9 par l&rsquo;absence de noeuds de tel ou tel type.<\/div>\n<div>L&rsquo;\u00e9criture d&rsquo;un entier sup\u00e9rieur demandait l&rsquo;utilisation de plusieurs cordelettes. L&rsquo;ajout d&rsquo;une seconde cordelette attach\u00e9e \u00e0 la premi\u00e8re permettait de passer 999 \u00e0 1 000. Une \u00e9ventuelle troisi\u00e8me cordelette attach\u00e9e alors \u00e0 la seconde permettait le passage de 999 999 \u00e0 1 000 000.<\/div>\n<div>Exemple : 203 956 demande deux cordelettes :<\/div>\n<div>&#8211; La premi\u00e8re cordelette comporte 9 noeuds de huit, 5 noeuds compliqu\u00e9s, 6 noeuds simples;&nbsp;<\/div>\n<div>&#8211; La seconde comporte 2 noeuds de huit, aucun noeud compliqu\u00e9, 3 noeuds simples.&nbsp;<\/div>\n<div>La premi\u00e8re cordelette \u00e9tait attach\u00e9e \u00e0 une corde.<\/div>\n<div>&nbsp;<\/div>\n<div><strong>Contexte<\/strong><\/div>\n<div>Les quipus constituent un syst\u00e8me original de consignation de donn\u00e9es qui a \u00e9t\u00e9 developp\u00e9 tr\u00e8s pr\u00e9coc\u00e9ment dans le P\u00e9rou ancien, en effet, certains ont \u00e9t\u00e9 dat\u00e9s de plus de huit mille ans.<\/div>\n<div>On connait surtout les quipus pour l&rsquo;utilit\u00e9 qu&rsquo;en avait l&rsquo;administration inca. Ceux-ci s&rsquo;en servaient pour toute la gestion \u00e9conomique et sociale de l&#8217;empire. Les quipucamayocs (&quot;ma\u00eetres du Quipu&quot;), pr\u00e9sents au nombre de trois au minimum dans chaque communaut\u00e9 recensaient toutes les donn\u00e9es d\u00e9mographiques et \u00e9conomiques du lieu. Ces donn\u00e9es renvoy\u00e9es vers les centres administratifs de l&#8217;empire permettaient aux Incas de contr\u00f4ler la prosp\u00e9rit\u00e9 des communaut\u00e9s, ces derniers pouvaient ainsi r\u00e9partir les surplus vers les communaut\u00e9s moins florissantes.<\/div>\n<div>Les Quipus semblent \u00e9galement avoir constitu\u00e9 un outil de communication dans l&rsquo;ancien P\u00e9rou, Garcilaso de La Vega par exemple nous rapporte un t\u00e9moignage d&rsquo;une telle utilisation. On sait en effet que les chaskis utilisaient ce syst\u00e8me pour transporter le message d&rsquo;une r\u00e9gion \u00e0 l&rsquo;autre de l&#8217;empire.<\/div>\n<div>&nbsp;<\/div>\n<\/div>\n","protected":false},"excerpt":{"rendered":"<p>Le quipu est un assemblage de cordelettes nou\u00e9es qui servaient \u00e0 tenir les comptes. Si l&rsquo;on connait \u00e0 peu pr\u00e8s [&hellip;]<\/p>\n","protected":false},"author":3,"featured_media":0,"parent":1971,"menu_order":0,"comment_status":"closed","ping_status":"closed","template":"","meta":{"site-sidebar-layout":"default","site-content-layout":"","ast-site-content-layout":"default","site-content-style":"default","site-sidebar-style":"default","ast-global-header-display":"","ast-banner-title-visibility":"","ast-main-header-display":"","ast-hfb-above-header-display":"","ast-hfb-below-header-display":"","ast-hfb-mobile-header-display":"","site-post-title":"","ast-breadcrumbs-content":"","ast-featured-img":"","footer-sml-layout":"","ast-disable-related-posts":"","theme-transparent-header-meta":"","adv-header-id-meta":"","stick-header-meta":"","header-above-stick-meta":"","header-main-stick-meta":"","header-below-stick-meta":"","astra-migrate-meta-layouts":"default","ast-page-background-enabled":"default","ast-page-background-meta":{"desktop":{"background-color":"var(--ast-global-color-5)","background-image":"","background-repeat":"repeat","background-position":"center center","background-size":"auto","background-attachment":"scroll","background-type":"","background-media":"","overlay-type":"","overlay-color":"","overlay-opacity":"","overlay-gradient":""},"tablet":{"background-color":"","background-image":"","background-repeat":"repeat","background-position":"center center","background-size":"auto","background-attachment":"scroll","background-type":"","background-media":"","overlay-type":"","overlay-color":"","overlay-opacity":"","overlay-gradient":""},"mobile":{"background-color":"","background-image":"","background-repeat":"repeat","background-position":"center center","background-size":"auto","background-attachment":"scroll","background-type":"","background-media":"","overlay-type":"","overlay-color":"","overlay-opacity":"","overlay-gradient":""}},"ast-content-background-meta":{"desktop":{"background-color":"var(--ast-global-color-4)","background-image":"","background-repeat":"repeat","background-position":"center center","background-size":"auto","background-attachment":"scroll","background-type":"","background-media":"","overlay-type":"","overlay-color":"","overlay-opacity":"","overlay-gradient":""},"tablet":{"background-color":"var(--ast-global-color-4)","background-image":"","background-repeat":"repeat","background-position":"center center","background-size":"auto","background-attachment":"scroll","background-type":"","background-media":"","overlay-type":"","overlay-color":"","overlay-opacity":"","overlay-gradient":""},"mobile":{"background-color":"var(--ast-global-color-4)","background-image":"","background-repeat":"repeat","background-position":"center center","background-size":"auto","background-attachment":"scroll","background-type":"","background-media":"","overlay-type":"","overlay-color":"","overlay-opacity":"","overlay-gradient":""}},"footnotes":""},"class_list":["post-1961","page","type-page","status-publish","hentry"],"yoast_head":"<!-- This site is optimized with the Yoast SEO plugin v27.5 - https:\/\/yoast.com\/product\/yoast-seo-wordpress\/ -->\n<title>QUIPUS - Abc-latina<\/title>\n<meta name=\"description\" content=\"Le quipu est un syst\u00e8me d&#039;\u00e9criture des nombres utilis\u00e9 par les Incas.\" \/>\n<meta name=\"robots\" content=\"index, follow, max-snippet:-1, max-image-preview:large, max-video-preview:-1\" \/>\n<link rel=\"canonical\" href=\"https:\/\/abc-latina.com\/civilisations\/quipus\/\" \/>\n<meta property=\"og:locale\" content=\"fr_FR\" \/>\n<meta property=\"og:type\" content=\"article\" \/>\n<meta property=\"og:title\" content=\"QUIPUS - Abc-latina\" \/>\n<meta property=\"og:description\" content=\"Le quipu est un syst\u00e8me d&#039;\u00e9criture des nombres utilis\u00e9 par les Incas.\" \/>\n<meta property=\"og:url\" content=\"https:\/\/abc-latina.com\/civilisations\/quipus\/\" \/>\n<meta property=\"og:site_name\" content=\"Abc-latina\" \/>\n<meta property=\"article:modified_time\" content=\"2026-04-30T16:24:57+00:00\" \/>\n<meta property=\"og:image\" content=\"http:\/\/www.abc-latina.com\/civilisations\/images\/quipus\/quipu-2-p.jpg\" \/>\n<meta name=\"twitter:card\" content=\"summary_large_image\" \/>\n<meta name=\"twitter:label1\" content=\"Dur\u00e9e de lecture estim\u00e9e\" \/>\n\t<meta name=\"twitter:data1\" content=\"2 minutes\" \/>\n<script type=\"application\/ld+json\" class=\"yoast-schema-graph\">{\"@context\":\"https:\\\/\\\/schema.org\",\"@graph\":[{\"@type\":\"WebPage\",\"@id\":\"https:\\\/\\\/abc-latina.com\\\/civilisations\\\/quipus\\\/\",\"url\":\"https:\\\/\\\/abc-latina.com\\\/civilisations\\\/quipus\\\/\",\"name\":\"QUIPUS - Abc-latina\",\"isPartOf\":{\"@id\":\"https:\\\/\\\/abc-latina.com\\\/#website\"},\"primaryImageOfPage\":{\"@id\":\"https:\\\/\\\/abc-latina.com\\\/civilisations\\\/quipus\\\/#primaryimage\"},\"image\":{\"@id\":\"https:\\\/\\\/abc-latina.com\\\/civilisations\\\/quipus\\\/#primaryimage\"},\"thumbnailUrl\":\"http:\\\/\\\/www.abc-latina.com\\\/civilisations\\\/images\\\/quipus\\\/quipu-2-p.jpg\",\"datePublished\":\"2010-08-02T21:02:17+00:00\",\"dateModified\":\"2026-04-30T16:24:57+00:00\",\"description\":\"Le quipu est un syst\u00e8me d'\u00e9criture des nombres utilis\u00e9 par les Incas.\",\"breadcrumb\":{\"@id\":\"https:\\\/\\\/abc-latina.com\\\/civilisations\\\/quipus\\\/#breadcrumb\"},\"inLanguage\":\"fr-FR\",\"potentialAction\":[{\"@type\":\"ReadAction\",\"target\":[\"https:\\\/\\\/abc-latina.com\\\/civilisations\\\/quipus\\\/\"]}]},{\"@type\":\"ImageObject\",\"inLanguage\":\"fr-FR\",\"@id\":\"https:\\\/\\\/abc-latina.com\\\/civilisations\\\/quipus\\\/#primaryimage\",\"url\":\"http:\\\/\\\/www.abc-latina.com\\\/civilisations\\\/images\\\/quipus\\\/quipu-2-p.jpg\",\"contentUrl\":\"http:\\\/\\\/www.abc-latina.com\\\/civilisations\\\/images\\\/quipus\\\/quipu-2-p.jpg\"},{\"@type\":\"BreadcrumbList\",\"@id\":\"https:\\\/\\\/abc-latina.com\\\/civilisations\\\/quipus\\\/#breadcrumb\",\"itemListElement\":[{\"@type\":\"ListItem\",\"position\":1,\"name\":\"Accueil\",\"item\":\"https:\\\/\\\/abc-latina.com\\\/\"},{\"@type\":\"ListItem\",\"position\":2,\"name\":\"QUIPUS\"}]},{\"@type\":\"WebSite\",\"@id\":\"https:\\\/\\\/abc-latina.com\\\/#website\",\"url\":\"https:\\\/\\\/abc-latina.com\\\/\",\"name\":\"Abc-latina\",\"description\":\"\",\"publisher\":{\"@id\":\"https:\\\/\\\/abc-latina.com\\\/#organization\"},\"potentialAction\":[{\"@type\":\"SearchAction\",\"target\":{\"@type\":\"EntryPoint\",\"urlTemplate\":\"https:\\\/\\\/abc-latina.com\\\/?s={search_term_string}\"},\"query-input\":{\"@type\":\"PropertyValueSpecification\",\"valueRequired\":true,\"valueName\":\"search_term_string\"}}],\"inLanguage\":\"fr-FR\"},{\"@type\":\"Organization\",\"@id\":\"https:\\\/\\\/abc-latina.com\\\/#organization\",\"name\":\"Abc-latina\",\"url\":\"https:\\\/\\\/abc-latina.com\\\/\",\"logo\":{\"@type\":\"ImageObject\",\"inLanguage\":\"fr-FR\",\"@id\":\"https:\\\/\\\/abc-latina.com\\\/#\\\/schema\\\/logo\\\/image\\\/\",\"url\":\"https:\\\/\\\/abc-latina.com\\\/wp-content\\\/uploads\\\/2026\\\/05\\\/cropped-logo.gif\",\"contentUrl\":\"https:\\\/\\\/abc-latina.com\\\/wp-content\\\/uploads\\\/2026\\\/05\\\/cropped-logo.gif\",\"width\":89,\"height\":84,\"caption\":\"Abc-latina\"},\"image\":{\"@id\":\"https:\\\/\\\/abc-latina.com\\\/#\\\/schema\\\/logo\\\/image\\\/\"}}]}<\/script>\n<!-- \/ Yoast SEO plugin. -->","yoast_head_json":{"title":"QUIPUS - Abc-latina","description":"Le quipu est un syst\u00e8me d'\u00e9criture des nombres utilis\u00e9 par les Incas.","robots":{"index":"index","follow":"follow","max-snippet":"max-snippet:-1","max-image-preview":"max-image-preview:large","max-video-preview":"max-video-preview:-1"},"canonical":"https:\/\/abc-latina.com\/civilisations\/quipus\/","og_locale":"fr_FR","og_type":"article","og_title":"QUIPUS - Abc-latina","og_description":"Le quipu est un syst\u00e8me d'\u00e9criture des nombres utilis\u00e9 par les Incas.","og_url":"https:\/\/abc-latina.com\/civilisations\/quipus\/","og_site_name":"Abc-latina","article_modified_time":"2026-04-30T16:24:57+00:00","og_image":[{"url":"http:\/\/www.abc-latina.com\/civilisations\/images\/quipus\/quipu-2-p.jpg","type":"","width":"","height":""}],"twitter_card":"summary_large_image","twitter_misc":{"Dur\u00e9e de lecture estim\u00e9e":"2 minutes"},"schema":{"@context":"https:\/\/schema.org","@graph":[{"@type":"WebPage","@id":"https:\/\/abc-latina.com\/civilisations\/quipus\/","url":"https:\/\/abc-latina.com\/civilisations\/quipus\/","name":"QUIPUS - Abc-latina","isPartOf":{"@id":"https:\/\/abc-latina.com\/#website"},"primaryImageOfPage":{"@id":"https:\/\/abc-latina.com\/civilisations\/quipus\/#primaryimage"},"image":{"@id":"https:\/\/abc-latina.com\/civilisations\/quipus\/#primaryimage"},"thumbnailUrl":"http:\/\/www.abc-latina.com\/civilisations\/images\/quipus\/quipu-2-p.jpg","datePublished":"2010-08-02T21:02:17+00:00","dateModified":"2026-04-30T16:24:57+00:00","description":"Le quipu est un syst\u00e8me d'\u00e9criture des nombres utilis\u00e9 par les Incas.","breadcrumb":{"@id":"https:\/\/abc-latina.com\/civilisations\/quipus\/#breadcrumb"},"inLanguage":"fr-FR","potentialAction":[{"@type":"ReadAction","target":["https:\/\/abc-latina.com\/civilisations\/quipus\/"]}]},{"@type":"ImageObject","inLanguage":"fr-FR","@id":"https:\/\/abc-latina.com\/civilisations\/quipus\/#primaryimage","url":"http:\/\/www.abc-latina.com\/civilisations\/images\/quipus\/quipu-2-p.jpg","contentUrl":"http:\/\/www.abc-latina.com\/civilisations\/images\/quipus\/quipu-2-p.jpg"},{"@type":"BreadcrumbList","@id":"https:\/\/abc-latina.com\/civilisations\/quipus\/#breadcrumb","itemListElement":[{"@type":"ListItem","position":1,"name":"Accueil","item":"https:\/\/abc-latina.com\/"},{"@type":"ListItem","position":2,"name":"QUIPUS"}]},{"@type":"WebSite","@id":"https:\/\/abc-latina.com\/#website","url":"https:\/\/abc-latina.com\/","name":"Abc-latina","description":"","publisher":{"@id":"https:\/\/abc-latina.com\/#organization"},"potentialAction":[{"@type":"SearchAction","target":{"@type":"EntryPoint","urlTemplate":"https:\/\/abc-latina.com\/?s={search_term_string}"},"query-input":{"@type":"PropertyValueSpecification","valueRequired":true,"valueName":"search_term_string"}}],"inLanguage":"fr-FR"},{"@type":"Organization","@id":"https:\/\/abc-latina.com\/#organization","name":"Abc-latina","url":"https:\/\/abc-latina.com\/","logo":{"@type":"ImageObject","inLanguage":"fr-FR","@id":"https:\/\/abc-latina.com\/#\/schema\/logo\/image\/","url":"https:\/\/abc-latina.com\/wp-content\/uploads\/2026\/05\/cropped-logo.gif","contentUrl":"https:\/\/abc-latina.com\/wp-content\/uploads\/2026\/05\/cropped-logo.gif","width":89,"height":84,"caption":"Abc-latina"},"image":{"@id":"https:\/\/abc-latina.com\/#\/schema\/logo\/image\/"}}]}},"_links":{"self":[{"href":"https:\/\/abc-latina.com\/wp-json\/wp\/v2\/pages\/1961","targetHints":{"allow":["GET"]}}],"collection":[{"href":"https:\/\/abc-latina.com\/wp-json\/wp\/v2\/pages"}],"about":[{"href":"https:\/\/abc-latina.com\/wp-json\/wp\/v2\/types\/page"}],"author":[{"embeddable":true,"href":"https:\/\/abc-latina.com\/wp-json\/wp\/v2\/users\/3"}],"replies":[{"embeddable":true,"href":"https:\/\/abc-latina.com\/wp-json\/wp\/v2\/comments?post=1961"}],"version-history":[{"count":1,"href":"https:\/\/abc-latina.com\/wp-json\/wp\/v2\/pages\/1961\/revisions"}],"predecessor-version":[{"id":3306,"href":"https:\/\/abc-latina.com\/wp-json\/wp\/v2\/pages\/1961\/revisions\/3306"}],"up":[{"embeddable":true,"href":"https:\/\/abc-latina.com\/wp-json\/wp\/v2\/pages\/1971"}],"wp:attachment":[{"href":"https:\/\/abc-latina.com\/wp-json\/wp\/v2\/media?parent=1961"}],"curies":[{"name":"wp","href":"https:\/\/api.w.org\/{rel}","templated":true}]}}