{"id":197,"date":"2010-06-03T23:48:14","date_gmt":"2010-06-03T21:48:14","guid":{"rendered":"http:\/\/abc-latina.com\/potosi-htm\/"},"modified":"2026-04-30T18:24:49","modified_gmt":"2026-04-30T16:24:49","slug":"potosi","status":"publish","type":"page","link":"https:\/\/abc-latina.com\/bolivie\/potosi\/","title":{"rendered":"POTOSI"},"content":{"rendered":"<div><span class=\"tourisme-chapitre\"><img loading=\"lazy\" decoding=\"async\" class=\" alignright size-full wp-image-196\" src=\"http:\/\/abc-latina.com\/wp-content\/uploads\/2010\/06\/potosi.jpg\" title=\"POTOSI\" alt=\"POTOSI\" width=\"220\" vspace=\"9\" hspace=\"15\" height=\"220\" align=\"right\" \/><\/span>La ville de <span class=\"tourisme-chapitre\">Potosi<\/span> constitue l&rsquo;un des plus beaux exemples de l&rsquo;art colonial espagnol du continent. Son histoire riche en \u00e9v\u00e9nement a gard\u00e9 d&rsquo;innombrables marque de son pass\u00e9 dans l&rsquo;architecture de ses \u00e9glises et de ses demeures coloniales.<\/div>\n<p>Avant les colons, les <a href=\"https:\/\/www.abc-latina.com\/civilisations\/Inca\" target=\"_blank\">incas<\/a> avaient d\u00e9j\u00e0 commenc\u00e9 l&rsquo;exploitation des mines d&rsquo;argent. Tomb\u00e9 dans l&rsquo;oubli apr\u00e8s la conqu\u00eate espagnole, c&rsquo;est un peu par hasard que l&rsquo;existence de la mine d&rsquo;argent vint aux oreilles castillanes. Et c&rsquo;est \u00e0 partir de 1545 que la ville de Potosi fut b\u00e2tie au pied du &laquo; Cero Rico &raquo; (Montagne riche) qui abritait les extraordinaires gisements d&rsquo;argent qui firent la fortune de la ville, mais surtout de l&rsquo;Espagne. En 1553 Potosi devint ville imp\u00e9riale. A partir de 1572, c&rsquo;est ici et non plus \u00e0 <a href=\"https:\/\/www.abc-latina.com\/perou\/lima\" target=\"_blank\">Lima<\/a> que les pi\u00e8ces de monnaie \u00e0 l&rsquo;effigie des rois d&rsquo;Espagne commenc\u00e8rent \u00e0 \u00eatre frapp\u00e9es. Entre 1545 et 1802, la production atteignit  40.000 tonnes d&rsquo;argent.<\/p>\n<p><a target=\"_blank\" href=\"tour_operateur\" style=\"text-decoration: none;\"><img loading=\"lazy\" decoding=\"async\" class=\" size-full wp-image-41\" alt=\"\" class=\"touroperateur\" src=\"http:\/\/abc-latina.com\/wp-content\/uploads\/2010\/04\/timbre_to.gif\" width=\"125\" height=\"90\" \/><\/a><\/p>\n<p>Balay\u00e9 par les vents des Andes et son soleil si brulant \u00e0 plus de 4000 m\u00e8tres d&rsquo;altitude, la ville Imp\u00e9riale de Potosi est, aujourd&rsquo;hui, apr\u00e8s trois si\u00e8cles de faste devenue une ville assoupie.<br \/>Si \u00e0 son summum, Potosi \u00e9tait un paradis de plaisirs et de luxes d\u00e9mesur\u00e9s. Aujourd&rsquo;hui Elle est maintenant un bourg qui para\u00eet \u00e9cart\u00e9e de l&rsquo;\u00e9volution du monde.<\/p>\n<p>En 1987 l&rsquo;UNESCO attribua le titre de Patrimoine de l&rsquo;Humanit\u00e9 \u00e0 Potosi.<\/p>\n<div>&nbsp;<\/div>\n<div><img loading=\"lazy\" decoding=\"async\" class=\" size-full wp-image-46\" src=\"http:\/\/abc-latina.com\/wp-content\/uploads\/2010\/04\/pages-associes.gif\" alt=\"\" width=\"120\" height=\"10\" \/><br \/><a href=\"https:\/\/www.abc-latina.com\/bolivie\/photos\/photos_potosi\">Photos de Potosi<\/a> <\/div>\n<h3>Pr\u00e9parez votre voyage \u00e0 Potosi:<\/h3>\n<div><a href=\"https:\/\/www.abc-latina.com\/bolivie\/agence_de_voyages\">Agences de voyage g\u00e9n\u00e9ralistes et discounteurs<\/a><\/div>\n<div><a href=\"https:\/\/www.abc-latina.com\/bolivie\/tour_operateur\">Tours Op\u00e9rateurs sp\u00e9cialistes de la Bolivie<\/a><\/div>\n<div><a href=\"https:\/\/www.abc-latina.com\/to\/reservation_billet_avion\" target=\"_blank\">R\u00e9servez votre billet d&rsquo;avion<\/a><\/div>\n<div><a href=\"hotels\" target=\"_blank\">R\u00e9servez votre h\u00f4tel \u00e0 Potosi<\/a>&nbsp;<\/div>\n<div><a href=\"https:\/\/www.abc-latina.com\/to\/location_de_voiture_bolivie\" target=\"_blank\">Location de voiture<\/a><\/div>\n<p>&nbsp;<\/p>\n","protected":false},"excerpt":{"rendered":"<p>La ville de Potosi constitue l&rsquo;un des plus beaux exemples de l&rsquo;art colonial espagnol du continent. Son histoire riche en [&hellip;]<\/p>\n","protected":false},"author":3,"featured_media":196,"parent":2295,"menu_order":0,"comment_status":"closed","ping_status":"closed","template":"","meta":{"site-sidebar-layout":"default","site-content-layout":"","ast-site-content-layout":"default","site-content-style":"default","site-sidebar-style":"default","ast-global-header-display":"","ast-banner-title-visibility":"","ast-main-header-display":"","ast-hfb-above-header-display":"","ast-hfb-below-header-display":"","ast-hfb-mobile-header-display":"","site-post-title":"","ast-breadcrumbs-content":"","ast-featured-img":"","footer-sml-layout":"","ast-disable-related-posts":"","theme-transparent-header-meta":"","adv-header-id-meta":"","stick-header-meta":"","header-above-stick-meta":"","header-main-stick-meta":"","header-below-stick-meta":"","astra-migrate-meta-layouts":"default","ast-page-background-enabled":"default","ast-page-background-meta":{"desktop":{"background-color":"var(--ast-global-color-5)","background-image":"","background-repeat":"repeat","background-position":"center center","background-size":"auto","background-attachment":"scroll","background-type":"","background-media":"","overlay-type":"","overlay-color":"","overlay-opacity":"","overlay-gradient":""},"tablet":{"background-color":"","background-image":"","background-repeat":"repeat","background-position":"center center","background-size":"auto","background-attachment":"scroll","background-type":"","background-media":"","overlay-type":"","overlay-color":"","overlay-opacity":"","overlay-gradient":""},"mobile":{"background-color":"","background-image":"","background-repeat":"repeat","background-position":"center center","background-size":"auto","background-attachment":"scroll","background-type":"","background-media":"","overlay-type":"","overlay-color":"","overlay-opacity":"","overlay-gradient":""}},"ast-content-background-meta":{"desktop":{"background-color":"var(--ast-global-color-4)","background-image":"","background-repeat":"repeat","background-position":"center center","background-size":"auto","background-attachment":"scroll","background-type":"","background-media":"","overlay-type":"","overlay-color":"","overlay-opacity":"","overlay-gradient":""},"tablet":{"background-color":"var(--ast-global-color-4)","background-image":"","background-repeat":"repeat","background-position":"center center","background-size":"auto","background-attachment":"scroll","background-type":"","background-media":"","overlay-type":"","overlay-color":"","overlay-opacity":"","overlay-gradient":""},"mobile":{"background-color":"var(--ast-global-color-4)","background-image":"","background-repeat":"repeat","background-position":"center center","background-size":"auto","background-attachment":"scroll","background-type":"","background-media":"","overlay-type":"","overlay-color":"","overlay-opacity":"","overlay-gradient":""}},"footnotes":""},"class_list":["post-197","page","type-page","status-publish","has-post-thumbnail","hentry"],"yoast_head":"<!-- This site is optimized with the Yoast SEO plugin v27.5 - https:\/\/yoast.com\/product\/yoast-seo-wordpress\/ -->\n<title>POTOSI - Abc-latina<\/title>\n<meta name=\"description\" content=\"Voyage en Bolivie: La ville imp\u00e9riale de Potosi, les mines d&#039;argent.\" \/>\n<meta name=\"robots\" content=\"index, follow, max-snippet:-1, max-image-preview:large, max-video-preview:-1\" \/>\n<link rel=\"canonical\" href=\"https:\/\/abc-latina.com\/bolivie\/potosi\/\" \/>\n<meta property=\"og:locale\" content=\"fr_FR\" \/>\n<meta property=\"og:type\" content=\"article\" \/>\n<meta property=\"og:title\" content=\"POTOSI - Abc-latina\" \/>\n<meta property=\"og:description\" content=\"Voyage en Bolivie: La ville imp\u00e9riale de Potosi, les mines d&#039;argent.\" \/>\n<meta property=\"og:url\" content=\"https:\/\/abc-latina.com\/bolivie\/potosi\/\" \/>\n<meta property=\"og:site_name\" content=\"Abc-latina\" \/>\n<meta property=\"article:modified_time\" content=\"2026-04-30T16:24:49+00:00\" \/>\n<meta property=\"og:image\" content=\"https:\/\/abc-latina.com\/wp-content\/uploads\/2010\/06\/potosi.jpg\" \/>\n\t<meta property=\"og:image:width\" content=\"80\" \/>\n\t<meta property=\"og:image:height\" content=\"80\" \/>\n\t<meta property=\"og:image:type\" content=\"image\/jpeg\" \/>\n<meta name=\"twitter:card\" content=\"summary_large_image\" \/>\n<meta name=\"twitter:label1\" content=\"Dur\u00e9e de lecture estim\u00e9e\" \/>\n\t<meta name=\"twitter:data1\" content=\"2 minutes\" \/>\n<script type=\"application\/ld+json\" class=\"yoast-schema-graph\">{\"@context\":\"https:\\\/\\\/schema.org\",\"@graph\":[{\"@type\":\"WebPage\",\"@id\":\"https:\\\/\\\/abc-latina.com\\\/bolivie\\\/potosi\\\/\",\"url\":\"https:\\\/\\\/abc-latina.com\\\/bolivie\\\/potosi\\\/\",\"name\":\"POTOSI - Abc-latina\",\"isPartOf\":{\"@id\":\"https:\\\/\\\/abc-latina.com\\\/#website\"},\"primaryImageOfPage\":{\"@id\":\"https:\\\/\\\/abc-latina.com\\\/bolivie\\\/potosi\\\/#primaryimage\"},\"image\":{\"@id\":\"https:\\\/\\\/abc-latina.com\\\/bolivie\\\/potosi\\\/#primaryimage\"},\"thumbnailUrl\":\"https:\\\/\\\/abc-latina.com\\\/wp-content\\\/uploads\\\/2010\\\/06\\\/potosi.jpg\",\"datePublished\":\"2010-06-03T21:48:14+00:00\",\"dateModified\":\"2026-04-30T16:24:49+00:00\",\"description\":\"Voyage en Bolivie: La ville imp\u00e9riale de Potosi, les mines d'argent.\",\"breadcrumb\":{\"@id\":\"https:\\\/\\\/abc-latina.com\\\/bolivie\\\/potosi\\\/#breadcrumb\"},\"inLanguage\":\"fr-FR\",\"potentialAction\":[{\"@type\":\"ReadAction\",\"target\":[\"https:\\\/\\\/abc-latina.com\\\/bolivie\\\/potosi\\\/\"]}]},{\"@type\":\"ImageObject\",\"inLanguage\":\"fr-FR\",\"@id\":\"https:\\\/\\\/abc-latina.com\\\/bolivie\\\/potosi\\\/#primaryimage\",\"url\":\"https:\\\/\\\/abc-latina.com\\\/wp-content\\\/uploads\\\/2010\\\/06\\\/potosi.jpg\",\"contentUrl\":\"https:\\\/\\\/abc-latina.com\\\/wp-content\\\/uploads\\\/2010\\\/06\\\/potosi.jpg\",\"width\":80,\"height\":80,\"caption\":\"POTOSI\"},{\"@type\":\"BreadcrumbList\",\"@id\":\"https:\\\/\\\/abc-latina.com\\\/bolivie\\\/potosi\\\/#breadcrumb\",\"itemListElement\":[{\"@type\":\"ListItem\",\"position\":1,\"name\":\"Accueil\",\"item\":\"https:\\\/\\\/abc-latina.com\\\/\"},{\"@type\":\"ListItem\",\"position\":2,\"name\":\"POTOSI\"}]},{\"@type\":\"WebSite\",\"@id\":\"https:\\\/\\\/abc-latina.com\\\/#website\",\"url\":\"https:\\\/\\\/abc-latina.com\\\/\",\"name\":\"Abc-latina\",\"description\":\"\",\"publisher\":{\"@id\":\"https:\\\/\\\/abc-latina.com\\\/#organization\"},\"potentialAction\":[{\"@type\":\"SearchAction\",\"target\":{\"@type\":\"EntryPoint\",\"urlTemplate\":\"https:\\\/\\\/abc-latina.com\\\/?s={search_term_string}\"},\"query-input\":{\"@type\":\"PropertyValueSpecification\",\"valueRequired\":true,\"valueName\":\"search_term_string\"}}],\"inLanguage\":\"fr-FR\"},{\"@type\":\"Organization\",\"@id\":\"https:\\\/\\\/abc-latina.com\\\/#organization\",\"name\":\"Abc-latina\",\"url\":\"https:\\\/\\\/abc-latina.com\\\/\",\"logo\":{\"@type\":\"ImageObject\",\"inLanguage\":\"fr-FR\",\"@id\":\"https:\\\/\\\/abc-latina.com\\\/#\\\/schema\\\/logo\\\/image\\\/\",\"url\":\"https:\\\/\\\/abc-latina.com\\\/wp-content\\\/uploads\\\/2026\\\/05\\\/cropped-logo.gif\",\"contentUrl\":\"https:\\\/\\\/abc-latina.com\\\/wp-content\\\/uploads\\\/2026\\\/05\\\/cropped-logo.gif\",\"width\":89,\"height\":84,\"caption\":\"Abc-latina\"},\"image\":{\"@id\":\"https:\\\/\\\/abc-latina.com\\\/#\\\/schema\\\/logo\\\/image\\\/\"}}]}<\/script>\n<!-- \/ Yoast SEO plugin. -->","yoast_head_json":{"title":"POTOSI - Abc-latina","description":"Voyage en Bolivie: La ville imp\u00e9riale de Potosi, les mines d'argent.","robots":{"index":"index","follow":"follow","max-snippet":"max-snippet:-1","max-image-preview":"max-image-preview:large","max-video-preview":"max-video-preview:-1"},"canonical":"https:\/\/abc-latina.com\/bolivie\/potosi\/","og_locale":"fr_FR","og_type":"article","og_title":"POTOSI - Abc-latina","og_description":"Voyage en Bolivie: La ville imp\u00e9riale de Potosi, les mines d'argent.","og_url":"https:\/\/abc-latina.com\/bolivie\/potosi\/","og_site_name":"Abc-latina","article_modified_time":"2026-04-30T16:24:49+00:00","og_image":[{"width":80,"height":80,"url":"https:\/\/abc-latina.com\/wp-content\/uploads\/2010\/06\/potosi.jpg","type":"image\/jpeg"}],"twitter_card":"summary_large_image","twitter_misc":{"Dur\u00e9e de lecture estim\u00e9e":"2 minutes"},"schema":{"@context":"https:\/\/schema.org","@graph":[{"@type":"WebPage","@id":"https:\/\/abc-latina.com\/bolivie\/potosi\/","url":"https:\/\/abc-latina.com\/bolivie\/potosi\/","name":"POTOSI - Abc-latina","isPartOf":{"@id":"https:\/\/abc-latina.com\/#website"},"primaryImageOfPage":{"@id":"https:\/\/abc-latina.com\/bolivie\/potosi\/#primaryimage"},"image":{"@id":"https:\/\/abc-latina.com\/bolivie\/potosi\/#primaryimage"},"thumbnailUrl":"https:\/\/abc-latina.com\/wp-content\/uploads\/2010\/06\/potosi.jpg","datePublished":"2010-06-03T21:48:14+00:00","dateModified":"2026-04-30T16:24:49+00:00","description":"Voyage en Bolivie: La ville imp\u00e9riale de Potosi, les mines d'argent.","breadcrumb":{"@id":"https:\/\/abc-latina.com\/bolivie\/potosi\/#breadcrumb"},"inLanguage":"fr-FR","potentialAction":[{"@type":"ReadAction","target":["https:\/\/abc-latina.com\/bolivie\/potosi\/"]}]},{"@type":"ImageObject","inLanguage":"fr-FR","@id":"https:\/\/abc-latina.com\/bolivie\/potosi\/#primaryimage","url":"https:\/\/abc-latina.com\/wp-content\/uploads\/2010\/06\/potosi.jpg","contentUrl":"https:\/\/abc-latina.com\/wp-content\/uploads\/2010\/06\/potosi.jpg","width":80,"height":80,"caption":"POTOSI"},{"@type":"BreadcrumbList","@id":"https:\/\/abc-latina.com\/bolivie\/potosi\/#breadcrumb","itemListElement":[{"@type":"ListItem","position":1,"name":"Accueil","item":"https:\/\/abc-latina.com\/"},{"@type":"ListItem","position":2,"name":"POTOSI"}]},{"@type":"WebSite","@id":"https:\/\/abc-latina.com\/#website","url":"https:\/\/abc-latina.com\/","name":"Abc-latina","description":"","publisher":{"@id":"https:\/\/abc-latina.com\/#organization"},"potentialAction":[{"@type":"SearchAction","target":{"@type":"EntryPoint","urlTemplate":"https:\/\/abc-latina.com\/?s={search_term_string}"},"query-input":{"@type":"PropertyValueSpecification","valueRequired":true,"valueName":"search_term_string"}}],"inLanguage":"fr-FR"},{"@type":"Organization","@id":"https:\/\/abc-latina.com\/#organization","name":"Abc-latina","url":"https:\/\/abc-latina.com\/","logo":{"@type":"ImageObject","inLanguage":"fr-FR","@id":"https:\/\/abc-latina.com\/#\/schema\/logo\/image\/","url":"https:\/\/abc-latina.com\/wp-content\/uploads\/2026\/05\/cropped-logo.gif","contentUrl":"https:\/\/abc-latina.com\/wp-content\/uploads\/2026\/05\/cropped-logo.gif","width":89,"height":84,"caption":"Abc-latina"},"image":{"@id":"https:\/\/abc-latina.com\/#\/schema\/logo\/image\/"}}]}},"_links":{"self":[{"href":"https:\/\/abc-latina.com\/wp-json\/wp\/v2\/pages\/197","targetHints":{"allow":["GET"]}}],"collection":[{"href":"https:\/\/abc-latina.com\/wp-json\/wp\/v2\/pages"}],"about":[{"href":"https:\/\/abc-latina.com\/wp-json\/wp\/v2\/types\/page"}],"author":[{"embeddable":true,"href":"https:\/\/abc-latina.com\/wp-json\/wp\/v2\/users\/3"}],"replies":[{"embeddable":true,"href":"https:\/\/abc-latina.com\/wp-json\/wp\/v2\/comments?post=197"}],"version-history":[{"count":1,"href":"https:\/\/abc-latina.com\/wp-json\/wp\/v2\/pages\/197\/revisions"}],"predecessor-version":[{"id":3143,"href":"https:\/\/abc-latina.com\/wp-json\/wp\/v2\/pages\/197\/revisions\/3143"}],"up":[{"embeddable":true,"href":"https:\/\/abc-latina.com\/wp-json\/wp\/v2\/pages\/2295"}],"wp:featuredmedia":[{"embeddable":true,"href":"https:\/\/abc-latina.com\/wp-json\/wp\/v2\/media\/196"}],"wp:attachment":[{"href":"https:\/\/abc-latina.com\/wp-json\/wp\/v2\/media?parent=197"}],"curies":[{"name":"wp","href":"https:\/\/api.w.org\/{rel}","templated":true}]}}