{"id":1972,"date":"2010-08-02T23:47:58","date_gmt":"2010-08-02T21:47:58","guid":{"rendered":"http:\/\/abc-latina.com\/mochica-htm\/"},"modified":"2026-04-30T18:24:56","modified_gmt":"2026-04-30T16:24:56","slug":"mochica","status":"publish","type":"page","link":"https:\/\/abc-latina.com\/civilisations\/mochica\/","title":{"rendered":"MOCHICA"},"content":{"rendered":"<div>Bien qu&rsquo;autonomes les unes des autres, les soci\u00e9t\u00e9s de la c\u00f4te nord partagent une culture identique que l&rsquo;on appelle <span class=\"tourisme-chapitre\">Mochica<\/span>.&nbsp;<\/p>\n<div>Les cit\u00e9s mochicas sont plus urbaines que les centres de l&rsquo;\u00e9poque pr\u00e9c\u00e9dente. L&rsquo;eau est une inqui\u00e9tude majeure de ces soci\u00e9t\u00e9s, qui ne cessent de guerroyer pour en contr\u00f4ler l&rsquo;acc\u00e8s, comme en t\u00e9moignent les nombreuses c\u00e9ramiques repr\u00e9sentant des guerriers.<\/div>\n<div>&nbsp;<\/div>\n<div><strong>Art mochica&nbsp;<\/strong><\/div>\n<p>La m\u00e9tallurgie mochica est la plus aboutie et techniquement la plus avanc\u00e9e du P\u00e9rou ; les \u00e9lites des cit\u00e9s mochicas sont en effet les plus opulentes de toute la zone andine. Elles se r\u00e9servent l&rsquo;usage des masques fun\u00e9raires et des bijoux en m\u00e9tal pr\u00e9cieux, comme ce disque d&rsquo;oreilles en or, lapis-lazuli et pierres pr\u00e9cieuses sur lequel est figur\u00e9 un dieu guerrier tenant une t\u00eate coup\u00e9e..<\/p><\/div>\n<div>&nbsp;<\/div>\n<p><a href=\"https:\/\/www.abc-latina.com\/civilisations\/videos\/videos-mochica\">Vid\u00e9os: la civilisation Mochica<\/a><\/p>\n","protected":false},"excerpt":{"rendered":"<p>Bien qu&rsquo;autonomes les unes des autres, les soci\u00e9t\u00e9s de la c\u00f4te nord partagent une culture identique que l&rsquo;on appelle Mochica.&nbsp; [&hellip;]<\/p>\n","protected":false},"author":3,"featured_media":0,"parent":1971,"menu_order":0,"comment_status":"closed","ping_status":"closed","template":"","meta":{"site-sidebar-layout":"default","site-content-layout":"","ast-site-content-layout":"default","site-content-style":"default","site-sidebar-style":"default","ast-global-header-display":"","ast-banner-title-visibility":"","ast-main-header-display":"","ast-hfb-above-header-display":"","ast-hfb-below-header-display":"","ast-hfb-mobile-header-display":"","site-post-title":"","ast-breadcrumbs-content":"","ast-featured-img":"","footer-sml-layout":"","ast-disable-related-posts":"","theme-transparent-header-meta":"","adv-header-id-meta":"","stick-header-meta":"","header-above-stick-meta":"","header-main-stick-meta":"","header-below-stick-meta":"","astra-migrate-meta-layouts":"default","ast-page-background-enabled":"default","ast-page-background-meta":{"desktop":{"background-color":"var(--ast-global-color-5)","background-image":"","background-repeat":"repeat","background-position":"center center","background-size":"auto","background-attachment":"scroll","background-type":"","background-media":"","overlay-type":"","overlay-color":"","overlay-opacity":"","overlay-gradient":""},"tablet":{"background-color":"","background-image":"","background-repeat":"repeat","background-position":"center center","background-size":"auto","background-attachment":"scroll","background-type":"","background-media":"","overlay-type":"","overlay-color":"","overlay-opacity":"","overlay-gradient":""},"mobile":{"background-color":"","background-image":"","background-repeat":"repeat","background-position":"center center","background-size":"auto","background-attachment":"scroll","background-type":"","background-media":"","overlay-type":"","overlay-color":"","overlay-opacity":"","overlay-gradient":""}},"ast-content-background-meta":{"desktop":{"background-color":"var(--ast-global-color-4)","background-image":"","background-repeat":"repeat","background-position":"center center","background-size":"auto","background-attachment":"scroll","background-type":"","background-media":"","overlay-type":"","overlay-color":"","overlay-opacity":"","overlay-gradient":""},"tablet":{"background-color":"var(--ast-global-color-4)","background-image":"","background-repeat":"repeat","background-position":"center center","background-size":"auto","background-attachment":"scroll","background-type":"","background-media":"","overlay-type":"","overlay-color":"","overlay-opacity":"","overlay-gradient":""},"mobile":{"background-color":"var(--ast-global-color-4)","background-image":"","background-repeat":"repeat","background-position":"center center","background-size":"auto","background-attachment":"scroll","background-type":"","background-media":"","overlay-type":"","overlay-color":"","overlay-opacity":"","overlay-gradient":""}},"footnotes":""},"class_list":["post-1972","page","type-page","status-publish","hentry"],"yoast_head":"<!-- This site is optimized with the Yoast SEO plugin v27.5 - https:\/\/yoast.com\/product\/yoast-seo-wordpress\/ -->\n<title>MOCHICA - Abc-latina<\/title>\n<meta name=\"description\" content=\"l&#039;histoire de la culture Mochica.\" \/>\n<meta name=\"robots\" content=\"index, follow, max-snippet:-1, max-image-preview:large, max-video-preview:-1\" \/>\n<link rel=\"canonical\" href=\"https:\/\/abc-latina.com\/civilisations\/mochica\/\" \/>\n<meta property=\"og:locale\" content=\"fr_FR\" \/>\n<meta property=\"og:type\" content=\"article\" \/>\n<meta property=\"og:title\" content=\"MOCHICA - Abc-latina\" \/>\n<meta property=\"og:description\" content=\"l&#039;histoire de la culture Mochica.\" \/>\n<meta property=\"og:url\" content=\"https:\/\/abc-latina.com\/civilisations\/mochica\/\" \/>\n<meta property=\"og:site_name\" content=\"Abc-latina\" \/>\n<meta property=\"article:modified_time\" content=\"2026-04-30T16:24:56+00:00\" \/>\n<meta name=\"twitter:card\" content=\"summary_large_image\" \/>\n<meta name=\"twitter:label1\" content=\"Dur\u00e9e de lecture estim\u00e9e\" \/>\n\t<meta name=\"twitter:data1\" content=\"1 minute\" \/>\n<script type=\"application\/ld+json\" class=\"yoast-schema-graph\">{\"@context\":\"https:\\\/\\\/schema.org\",\"@graph\":[{\"@type\":\"WebPage\",\"@id\":\"https:\\\/\\\/abc-latina.com\\\/civilisations\\\/mochica\\\/\",\"url\":\"https:\\\/\\\/abc-latina.com\\\/civilisations\\\/mochica\\\/\",\"name\":\"MOCHICA - Abc-latina\",\"isPartOf\":{\"@id\":\"https:\\\/\\\/abc-latina.com\\\/#website\"},\"datePublished\":\"2010-08-02T21:47:58+00:00\",\"dateModified\":\"2026-04-30T16:24:56+00:00\",\"description\":\"l'histoire de la culture Mochica.\",\"breadcrumb\":{\"@id\":\"https:\\\/\\\/abc-latina.com\\\/civilisations\\\/mochica\\\/#breadcrumb\"},\"inLanguage\":\"fr-FR\",\"potentialAction\":[{\"@type\":\"ReadAction\",\"target\":[\"https:\\\/\\\/abc-latina.com\\\/civilisations\\\/mochica\\\/\"]}]},{\"@type\":\"BreadcrumbList\",\"@id\":\"https:\\\/\\\/abc-latina.com\\\/civilisations\\\/mochica\\\/#breadcrumb\",\"itemListElement\":[{\"@type\":\"ListItem\",\"position\":1,\"name\":\"Accueil\",\"item\":\"https:\\\/\\\/abc-latina.com\\\/\"},{\"@type\":\"ListItem\",\"position\":2,\"name\":\"MOCHICA\"}]},{\"@type\":\"WebSite\",\"@id\":\"https:\\\/\\\/abc-latina.com\\\/#website\",\"url\":\"https:\\\/\\\/abc-latina.com\\\/\",\"name\":\"Abc-latina\",\"description\":\"\",\"publisher\":{\"@id\":\"https:\\\/\\\/abc-latina.com\\\/#organization\"},\"potentialAction\":[{\"@type\":\"SearchAction\",\"target\":{\"@type\":\"EntryPoint\",\"urlTemplate\":\"https:\\\/\\\/abc-latina.com\\\/?s={search_term_string}\"},\"query-input\":{\"@type\":\"PropertyValueSpecification\",\"valueRequired\":true,\"valueName\":\"search_term_string\"}}],\"inLanguage\":\"fr-FR\"},{\"@type\":\"Organization\",\"@id\":\"https:\\\/\\\/abc-latina.com\\\/#organization\",\"name\":\"Abc-latina\",\"url\":\"https:\\\/\\\/abc-latina.com\\\/\",\"logo\":{\"@type\":\"ImageObject\",\"inLanguage\":\"fr-FR\",\"@id\":\"https:\\\/\\\/abc-latina.com\\\/#\\\/schema\\\/logo\\\/image\\\/\",\"url\":\"https:\\\/\\\/abc-latina.com\\\/wp-content\\\/uploads\\\/2026\\\/05\\\/cropped-logo.gif\",\"contentUrl\":\"https:\\\/\\\/abc-latina.com\\\/wp-content\\\/uploads\\\/2026\\\/05\\\/cropped-logo.gif\",\"width\":89,\"height\":84,\"caption\":\"Abc-latina\"},\"image\":{\"@id\":\"https:\\\/\\\/abc-latina.com\\\/#\\\/schema\\\/logo\\\/image\\\/\"}}]}<\/script>\n<!-- \/ Yoast SEO plugin. -->","yoast_head_json":{"title":"MOCHICA - Abc-latina","description":"l'histoire de la culture Mochica.","robots":{"index":"index","follow":"follow","max-snippet":"max-snippet:-1","max-image-preview":"max-image-preview:large","max-video-preview":"max-video-preview:-1"},"canonical":"https:\/\/abc-latina.com\/civilisations\/mochica\/","og_locale":"fr_FR","og_type":"article","og_title":"MOCHICA - Abc-latina","og_description":"l'histoire de la culture Mochica.","og_url":"https:\/\/abc-latina.com\/civilisations\/mochica\/","og_site_name":"Abc-latina","article_modified_time":"2026-04-30T16:24:56+00:00","twitter_card":"summary_large_image","twitter_misc":{"Dur\u00e9e de lecture estim\u00e9e":"1 minute"},"schema":{"@context":"https:\/\/schema.org","@graph":[{"@type":"WebPage","@id":"https:\/\/abc-latina.com\/civilisations\/mochica\/","url":"https:\/\/abc-latina.com\/civilisations\/mochica\/","name":"MOCHICA - Abc-latina","isPartOf":{"@id":"https:\/\/abc-latina.com\/#website"},"datePublished":"2010-08-02T21:47:58+00:00","dateModified":"2026-04-30T16:24:56+00:00","description":"l'histoire de la culture Mochica.","breadcrumb":{"@id":"https:\/\/abc-latina.com\/civilisations\/mochica\/#breadcrumb"},"inLanguage":"fr-FR","potentialAction":[{"@type":"ReadAction","target":["https:\/\/abc-latina.com\/civilisations\/mochica\/"]}]},{"@type":"BreadcrumbList","@id":"https:\/\/abc-latina.com\/civilisations\/mochica\/#breadcrumb","itemListElement":[{"@type":"ListItem","position":1,"name":"Accueil","item":"https:\/\/abc-latina.com\/"},{"@type":"ListItem","position":2,"name":"MOCHICA"}]},{"@type":"WebSite","@id":"https:\/\/abc-latina.com\/#website","url":"https:\/\/abc-latina.com\/","name":"Abc-latina","description":"","publisher":{"@id":"https:\/\/abc-latina.com\/#organization"},"potentialAction":[{"@type":"SearchAction","target":{"@type":"EntryPoint","urlTemplate":"https:\/\/abc-latina.com\/?s={search_term_string}"},"query-input":{"@type":"PropertyValueSpecification","valueRequired":true,"valueName":"search_term_string"}}],"inLanguage":"fr-FR"},{"@type":"Organization","@id":"https:\/\/abc-latina.com\/#organization","name":"Abc-latina","url":"https:\/\/abc-latina.com\/","logo":{"@type":"ImageObject","inLanguage":"fr-FR","@id":"https:\/\/abc-latina.com\/#\/schema\/logo\/image\/","url":"https:\/\/abc-latina.com\/wp-content\/uploads\/2026\/05\/cropped-logo.gif","contentUrl":"https:\/\/abc-latina.com\/wp-content\/uploads\/2026\/05\/cropped-logo.gif","width":89,"height":84,"caption":"Abc-latina"},"image":{"@id":"https:\/\/abc-latina.com\/#\/schema\/logo\/image\/"}}]}},"_links":{"self":[{"href":"https:\/\/abc-latina.com\/wp-json\/wp\/v2\/pages\/1972","targetHints":{"allow":["GET"]}}],"collection":[{"href":"https:\/\/abc-latina.com\/wp-json\/wp\/v2\/pages"}],"about":[{"href":"https:\/\/abc-latina.com\/wp-json\/wp\/v2\/types\/page"}],"author":[{"embeddable":true,"href":"https:\/\/abc-latina.com\/wp-json\/wp\/v2\/users\/3"}],"replies":[{"embeddable":true,"href":"https:\/\/abc-latina.com\/wp-json\/wp\/v2\/comments?post=1972"}],"version-history":[{"count":1,"href":"https:\/\/abc-latina.com\/wp-json\/wp\/v2\/pages\/1972\/revisions"}],"predecessor-version":[{"id":3292,"href":"https:\/\/abc-latina.com\/wp-json\/wp\/v2\/pages\/1972\/revisions\/3292"}],"up":[{"embeddable":true,"href":"https:\/\/abc-latina.com\/wp-json\/wp\/v2\/pages\/1971"}],"wp:attachment":[{"href":"https:\/\/abc-latina.com\/wp-json\/wp\/v2\/media?parent=1972"}],"curies":[{"name":"wp","href":"https:\/\/api.w.org\/{rel}","templated":true}]}}