{"id":1992,"date":"2010-08-03T03:34:25","date_gmt":"2010-08-03T01:34:25","guid":{"rendered":"http:\/\/abc-latina.com\/tiwanaku-htm-2\/"},"modified":"2026-04-30T18:24:57","modified_gmt":"2026-04-30T16:24:57","slug":"tiwanaku","status":"publish","type":"page","link":"https:\/\/abc-latina.com\/civilisations\/tiwanaku\/","title":{"rendered":"TIWANAKU"},"content":{"rendered":"<div><img loading=\"lazy\" decoding=\"async\" class=\" alignright size-full wp-image-204\" src=\"http:\/\/abc-latina.com\/wp-content\/uploads\/2010\/06\/tiwanaku.jpg\" title=\"TIWANAKU\" alt=\"\" width=\"220\" vspace=\"9\" hspace=\"15\" height=\"220\" align=\"right\" \/>L&rsquo;histoire des <span class=\"tourisme-chapitre\">Tiwanaku<\/span> (Tiahuanaco) commence par de modestes d\u00e9buts : \u00e0 partir de 1500 avant notre \u00e8re environ, il se forme peu \u00e0 peu un petit village de maisons rectangulaires, dont les habitants savent fondre le cuivre, laminer l&rsquo;or et fabriquer des poteries aux dessins rouges sur fond ocre. Le haut degr\u00e9 technique de la c\u00e9ramique est sans doute d\u00fb \u00e0 des emprunts \u00e0 d&rsquo;autres civilisations de l&rsquo;Altiplano, probablement les Pucaras et Paracas du P\u00e9rou.<\/div>\n<div>&nbsp;<\/div>\n<div>De 500 av. J.-C. \u00e0 350 apr\u00e8s J.-C. Tiwanaku devient ville, peut-\u00eatre un centre religieux comme certains arch\u00e9ologues l&rsquo;ont soutenu. Parall\u00e8lement, diverses modifications importantes au lieu : apparition progressive d&rsquo;un appareil politique puissant et organisation pyramidale de la soci\u00e9t\u00e9, avec \u00e0 son sommet la classe politique des nobles et des religieux.<\/div>\n<div>De grands travaux sont financ\u00e9s et de cette \u00e9poque date la construction du temple de Kalasasaya, de Puma Punku et de la pyramide d&rsquo;Akapana.<\/div>\n<div>La recherche de nouvelles ressources r\u00e9veille les sentiments expansionnistes de Tiwanaku ou qui conquiert d\u00e8s cette \u00e9poque le territoire de ses voisins Chiripas.<\/div>\n<div>&nbsp;<\/div>\n<div>La p\u00e9riode allant de 350 \u00e0 750 apr\u00e8s J.-C. est celle des conqu\u00eates militaires, et celle du perfectionnement de l&rsquo;art qui s&rsquo;exprime sous toutes ses formes et atteint son apog\u00e9e. La sculpture, avec les fameux monolithes Ponce et d&rsquo;El Fraile, et la c\u00e9ramique d\u00e9cor\u00e9e d&rsquo;animaux tels que le condor ou le puma en sont de pr\u00e9cieux t\u00e9moignages. Les techniques du tissage et de l&rsquo;orf\u00e8vrerie s&rsquo;am\u00e9liorent \u00e9galement.<\/div>\n<div>&nbsp;<\/div>\n<div>La p\u00e9riode allant de 750 \u00e0 1100 de notre \u00e8re, est celle de L&rsquo;expansion. La soci\u00e9t\u00e9 est maintenant s\u00e9par\u00e9e en trois classes : aristocratie, artisans, paysans.<\/div>\n<div>La ville de Tiwanaku couvre plus de 400 hectares. Au centre se trouvent les temples et les palais, \u00e0 la p\u00e9riph\u00e9rie les habitations partag\u00e9es par de larges rues. Seuls les monuments importants sont construits en pierre, le mat\u00e9riau usuel restant le torchis.<\/div>\n<div>La ville est planifi\u00e9e, suit une orientation astronomique pr\u00e9cise et comporte m\u00eame des canaux d&rsquo;\u00e9coulement. En effet, on sait aujourd&rsquo;hui que les savants de Tiwanaku connaissaient le mouvement des astres gr\u00e2ce aux &quot;torno&quot;, pierre sur laquelle ils faisaient des observations astrologiques.<\/div>\n<div>&nbsp;<\/div>\n<div>A cette \u00e9poque Tiwanaku p\u00e9n\u00e8tre largement les r\u00e9gions voisines. Ils rencontrent d&rsquo;autres cultures de haut niveau, et se forme un m\u00e9tissage vari\u00e9.<\/div>\n<div>La religion des conqu\u00e9rants dut \u00e9galement se propager rapidement, et l&rsquo;on pense qu&rsquo;elle est responsable du d\u00e9veloppement de la culture du ma\u00efs dans toute cette zone. Le ma\u00efs \u00e9tait en effet cultiv\u00e9 \u00e0 des fins religieuses, tandis que l&rsquo;alimentation quotidienne \u00e9tait surtout \u00e0 base de pomme de terre, quinoa et de tubercules.<\/div>\n<div>Le territoire total de Tiwanaku \u00e0 la fin de cette p\u00e9riode est d&rsquo;environ 600 000 kilom\u00e8tres carr\u00e9s, avec une population de 3 millions et demi habitants. La langue que l&rsquo;on parle est l&rsquo;Aymara.<\/div>\n<div>&nbsp;<\/div>\n<div>C&rsquo;est vers le 12e si\u00e8cle de notre \u00e8re que l&#8217;empire s&rsquo;\u00e9croule soudainement, la capitale est abandonn\u00e9e. L&#8217;empire d\u00e9chu ce fractionne en petites seigneuries.<\/div>\n<div>&nbsp;<\/div>\n<div>Les Pacahajes, au sud du <a href=\"https:\/\/www.abc-latina.com\/bolivie\/lac_titicaca\" target=\"_blank\">lac Titicaca<\/a>, construisent les fameuses &quot; chullpas &quot;, maison-tombeau de pierre o\u00f9 l&rsquo;on enterre les morts momifi\u00e9s.<\/div>\n<div>Les Lupacas construisent quelques forteresses en pierre, telle celle de Tiquina, Inca Chiquipa.<\/div>\n<div>Ces petites seigneuries sont en luttes presque continuelles, elles ont gard\u00e9 la m\u00eame organisation sociale et politique que leurs anc\u00eatres de Tiwanaku. La cellule de base est l&rsquo;ayllu, form\u00e9e des familles se r\u00e9clamant d&rsquo;un anc\u00eatre commun. La religion, h\u00e9rit\u00e9e de Tiwanaku v\u00e9n\u00e8re les astres, les montagnes, les lacs et les fleuves.<\/div>\n<div>Les arts et techniques sont ceux mis au point par l&#8217;empire de Tiwanaku. On utilise en particulier les plantes m\u00e9dicinales, et surtout la <a href=\"https:\/\/www.abc-latina.com\/amerique_latine\/flore-faune\/coca.php\" target=\"_blank\">coca<\/a>, pour soigner de nombreuses maladies, et l&rsquo;on pratique d\u00e9j\u00e0 des tr\u00e9panations cr\u00e2niennes. La culture d\u00e9cline cependant peu \u00e0 peu tandis que les seigneuries rivales s&rsquo;\u00e9puisent dans des combats st\u00e9riles et violents.<\/div>\n<div>&nbsp;<\/div>\n<div style=\"text-align: center; \"><img loading=\"lazy\" decoding=\"async\" class=\" size-full wp-image-1991\" src=\"http:\/\/abc-latina.com\/wp-content\/uploads\/2010\/08\/chrono_tiwanaku.gif\" alt=\"\" width=\"510\" height=\"96\" \/><\/div>\n","protected":false},"excerpt":{"rendered":"<p>L&rsquo;histoire des Tiwanaku (Tiahuanaco) commence par de modestes d\u00e9buts : \u00e0 partir de 1500 avant notre \u00e8re environ, il se [&hellip;]<\/p>\n","protected":false},"author":3,"featured_media":204,"parent":1971,"menu_order":0,"comment_status":"closed","ping_status":"closed","template":"","meta":{"site-sidebar-layout":"default","site-content-layout":"","ast-site-content-layout":"default","site-content-style":"default","site-sidebar-style":"default","ast-global-header-display":"","ast-banner-title-visibility":"","ast-main-header-display":"","ast-hfb-above-header-display":"","ast-hfb-below-header-display":"","ast-hfb-mobile-header-display":"","site-post-title":"","ast-breadcrumbs-content":"","ast-featured-img":"","footer-sml-layout":"","ast-disable-related-posts":"","theme-transparent-header-meta":"","adv-header-id-meta":"","stick-header-meta":"","header-above-stick-meta":"","header-main-stick-meta":"","header-below-stick-meta":"","astra-migrate-meta-layouts":"default","ast-page-background-enabled":"default","ast-page-background-meta":{"desktop":{"background-color":"var(--ast-global-color-5)","background-image":"","background-repeat":"repeat","background-position":"center center","background-size":"auto","background-attachment":"scroll","background-type":"","background-media":"","overlay-type":"","overlay-color":"","overlay-opacity":"","overlay-gradient":""},"tablet":{"background-color":"","background-image":"","background-repeat":"repeat","background-position":"center center","background-size":"auto","background-attachment":"scroll","background-type":"","background-media":"","overlay-type":"","overlay-color":"","overlay-opacity":"","overlay-gradient":""},"mobile":{"background-color":"","background-image":"","background-repeat":"repeat","background-position":"center center","background-size":"auto","background-attachment":"scroll","background-type":"","background-media":"","overlay-type":"","overlay-color":"","overlay-opacity":"","overlay-gradient":""}},"ast-content-background-meta":{"desktop":{"background-color":"var(--ast-global-color-4)","background-image":"","background-repeat":"repeat","background-position":"center center","background-size":"auto","background-attachment":"scroll","background-type":"","background-media":"","overlay-type":"","overlay-color":"","overlay-opacity":"","overlay-gradient":""},"tablet":{"background-color":"var(--ast-global-color-4)","background-image":"","background-repeat":"repeat","background-position":"center center","background-size":"auto","background-attachment":"scroll","background-type":"","background-media":"","overlay-type":"","overlay-color":"","overlay-opacity":"","overlay-gradient":""},"mobile":{"background-color":"var(--ast-global-color-4)","background-image":"","background-repeat":"repeat","background-position":"center center","background-size":"auto","background-attachment":"scroll","background-type":"","background-media":"","overlay-type":"","overlay-color":"","overlay-opacity":"","overlay-gradient":""}},"footnotes":""},"class_list":["post-1992","page","type-page","status-publish","has-post-thumbnail","hentry"],"yoast_head":"<!-- This site is optimized with the Yoast SEO plugin v27.5 - https:\/\/yoast.com\/product\/yoast-seo-wordpress\/ -->\n<title>TIWANAKU - Abc-latina<\/title>\n<meta name=\"description\" content=\"l&#039;histoire de la civilisation Tiwanaku.\" \/>\n<meta name=\"robots\" content=\"index, follow, max-snippet:-1, max-image-preview:large, max-video-preview:-1\" \/>\n<link rel=\"canonical\" href=\"https:\/\/abc-latina.com\/civilisations\/tiwanaku\/\" \/>\n<meta property=\"og:locale\" content=\"fr_FR\" \/>\n<meta property=\"og:type\" content=\"article\" \/>\n<meta property=\"og:title\" content=\"TIWANAKU - Abc-latina\" \/>\n<meta property=\"og:description\" content=\"l&#039;histoire de la civilisation Tiwanaku.\" \/>\n<meta property=\"og:url\" content=\"https:\/\/abc-latina.com\/civilisations\/tiwanaku\/\" \/>\n<meta property=\"og:site_name\" content=\"Abc-latina\" \/>\n<meta property=\"article:modified_time\" content=\"2026-04-30T16:24:57+00:00\" \/>\n<meta property=\"og:image\" content=\"https:\/\/abc-latina.com\/wp-content\/uploads\/2010\/06\/tiwanaku.jpg\" \/>\n\t<meta property=\"og:image:width\" content=\"220\" \/>\n\t<meta property=\"og:image:height\" content=\"220\" \/>\n\t<meta property=\"og:image:type\" content=\"image\/jpeg\" \/>\n<meta name=\"twitter:card\" content=\"summary_large_image\" \/>\n<meta name=\"twitter:label1\" content=\"Dur\u00e9e de lecture estim\u00e9e\" \/>\n\t<meta name=\"twitter:data1\" content=\"3 minutes\" \/>\n<script type=\"application\/ld+json\" class=\"yoast-schema-graph\">{\"@context\":\"https:\\\/\\\/schema.org\",\"@graph\":[{\"@type\":\"WebPage\",\"@id\":\"https:\\\/\\\/abc-latina.com\\\/civilisations\\\/tiwanaku\\\/\",\"url\":\"https:\\\/\\\/abc-latina.com\\\/civilisations\\\/tiwanaku\\\/\",\"name\":\"TIWANAKU - Abc-latina\",\"isPartOf\":{\"@id\":\"https:\\\/\\\/abc-latina.com\\\/#website\"},\"primaryImageOfPage\":{\"@id\":\"https:\\\/\\\/abc-latina.com\\\/civilisations\\\/tiwanaku\\\/#primaryimage\"},\"image\":{\"@id\":\"https:\\\/\\\/abc-latina.com\\\/civilisations\\\/tiwanaku\\\/#primaryimage\"},\"thumbnailUrl\":\"https:\\\/\\\/abc-latina.com\\\/wp-content\\\/uploads\\\/2010\\\/06\\\/tiwanaku.jpg\",\"datePublished\":\"2010-08-03T01:34:25+00:00\",\"dateModified\":\"2026-04-30T16:24:57+00:00\",\"description\":\"l'histoire de la civilisation Tiwanaku.\",\"breadcrumb\":{\"@id\":\"https:\\\/\\\/abc-latina.com\\\/civilisations\\\/tiwanaku\\\/#breadcrumb\"},\"inLanguage\":\"fr-FR\",\"potentialAction\":[{\"@type\":\"ReadAction\",\"target\":[\"https:\\\/\\\/abc-latina.com\\\/civilisations\\\/tiwanaku\\\/\"]}]},{\"@type\":\"ImageObject\",\"inLanguage\":\"fr-FR\",\"@id\":\"https:\\\/\\\/abc-latina.com\\\/civilisations\\\/tiwanaku\\\/#primaryimage\",\"url\":\"https:\\\/\\\/abc-latina.com\\\/wp-content\\\/uploads\\\/2010\\\/06\\\/tiwanaku.jpg\",\"contentUrl\":\"https:\\\/\\\/abc-latina.com\\\/wp-content\\\/uploads\\\/2010\\\/06\\\/tiwanaku.jpg\",\"width\":220,\"height\":220,\"caption\":\"TIWANAKU\"},{\"@type\":\"BreadcrumbList\",\"@id\":\"https:\\\/\\\/abc-latina.com\\\/civilisations\\\/tiwanaku\\\/#breadcrumb\",\"itemListElement\":[{\"@type\":\"ListItem\",\"position\":1,\"name\":\"Accueil\",\"item\":\"https:\\\/\\\/abc-latina.com\\\/\"},{\"@type\":\"ListItem\",\"position\":2,\"name\":\"TIWANAKU\"}]},{\"@type\":\"WebSite\",\"@id\":\"https:\\\/\\\/abc-latina.com\\\/#website\",\"url\":\"https:\\\/\\\/abc-latina.com\\\/\",\"name\":\"Abc-latina\",\"description\":\"\",\"publisher\":{\"@id\":\"https:\\\/\\\/abc-latina.com\\\/#organization\"},\"potentialAction\":[{\"@type\":\"SearchAction\",\"target\":{\"@type\":\"EntryPoint\",\"urlTemplate\":\"https:\\\/\\\/abc-latina.com\\\/?s={search_term_string}\"},\"query-input\":{\"@type\":\"PropertyValueSpecification\",\"valueRequired\":true,\"valueName\":\"search_term_string\"}}],\"inLanguage\":\"fr-FR\"},{\"@type\":\"Organization\",\"@id\":\"https:\\\/\\\/abc-latina.com\\\/#organization\",\"name\":\"Abc-latina\",\"url\":\"https:\\\/\\\/abc-latina.com\\\/\",\"logo\":{\"@type\":\"ImageObject\",\"inLanguage\":\"fr-FR\",\"@id\":\"https:\\\/\\\/abc-latina.com\\\/#\\\/schema\\\/logo\\\/image\\\/\",\"url\":\"https:\\\/\\\/abc-latina.com\\\/wp-content\\\/uploads\\\/2026\\\/05\\\/cropped-logo.gif\",\"contentUrl\":\"https:\\\/\\\/abc-latina.com\\\/wp-content\\\/uploads\\\/2026\\\/05\\\/cropped-logo.gif\",\"width\":89,\"height\":84,\"caption\":\"Abc-latina\"},\"image\":{\"@id\":\"https:\\\/\\\/abc-latina.com\\\/#\\\/schema\\\/logo\\\/image\\\/\"}}]}<\/script>\n<!-- \/ Yoast SEO plugin. -->","yoast_head_json":{"title":"TIWANAKU - Abc-latina","description":"l'histoire de la civilisation Tiwanaku.","robots":{"index":"index","follow":"follow","max-snippet":"max-snippet:-1","max-image-preview":"max-image-preview:large","max-video-preview":"max-video-preview:-1"},"canonical":"https:\/\/abc-latina.com\/civilisations\/tiwanaku\/","og_locale":"fr_FR","og_type":"article","og_title":"TIWANAKU - Abc-latina","og_description":"l'histoire de la civilisation Tiwanaku.","og_url":"https:\/\/abc-latina.com\/civilisations\/tiwanaku\/","og_site_name":"Abc-latina","article_modified_time":"2026-04-30T16:24:57+00:00","og_image":[{"width":220,"height":220,"url":"https:\/\/abc-latina.com\/wp-content\/uploads\/2010\/06\/tiwanaku.jpg","type":"image\/jpeg"}],"twitter_card":"summary_large_image","twitter_misc":{"Dur\u00e9e de lecture estim\u00e9e":"3 minutes"},"schema":{"@context":"https:\/\/schema.org","@graph":[{"@type":"WebPage","@id":"https:\/\/abc-latina.com\/civilisations\/tiwanaku\/","url":"https:\/\/abc-latina.com\/civilisations\/tiwanaku\/","name":"TIWANAKU - Abc-latina","isPartOf":{"@id":"https:\/\/abc-latina.com\/#website"},"primaryImageOfPage":{"@id":"https:\/\/abc-latina.com\/civilisations\/tiwanaku\/#primaryimage"},"image":{"@id":"https:\/\/abc-latina.com\/civilisations\/tiwanaku\/#primaryimage"},"thumbnailUrl":"https:\/\/abc-latina.com\/wp-content\/uploads\/2010\/06\/tiwanaku.jpg","datePublished":"2010-08-03T01:34:25+00:00","dateModified":"2026-04-30T16:24:57+00:00","description":"l'histoire de la civilisation Tiwanaku.","breadcrumb":{"@id":"https:\/\/abc-latina.com\/civilisations\/tiwanaku\/#breadcrumb"},"inLanguage":"fr-FR","potentialAction":[{"@type":"ReadAction","target":["https:\/\/abc-latina.com\/civilisations\/tiwanaku\/"]}]},{"@type":"ImageObject","inLanguage":"fr-FR","@id":"https:\/\/abc-latina.com\/civilisations\/tiwanaku\/#primaryimage","url":"https:\/\/abc-latina.com\/wp-content\/uploads\/2010\/06\/tiwanaku.jpg","contentUrl":"https:\/\/abc-latina.com\/wp-content\/uploads\/2010\/06\/tiwanaku.jpg","width":220,"height":220,"caption":"TIWANAKU"},{"@type":"BreadcrumbList","@id":"https:\/\/abc-latina.com\/civilisations\/tiwanaku\/#breadcrumb","itemListElement":[{"@type":"ListItem","position":1,"name":"Accueil","item":"https:\/\/abc-latina.com\/"},{"@type":"ListItem","position":2,"name":"TIWANAKU"}]},{"@type":"WebSite","@id":"https:\/\/abc-latina.com\/#website","url":"https:\/\/abc-latina.com\/","name":"Abc-latina","description":"","publisher":{"@id":"https:\/\/abc-latina.com\/#organization"},"potentialAction":[{"@type":"SearchAction","target":{"@type":"EntryPoint","urlTemplate":"https:\/\/abc-latina.com\/?s={search_term_string}"},"query-input":{"@type":"PropertyValueSpecification","valueRequired":true,"valueName":"search_term_string"}}],"inLanguage":"fr-FR"},{"@type":"Organization","@id":"https:\/\/abc-latina.com\/#organization","name":"Abc-latina","url":"https:\/\/abc-latina.com\/","logo":{"@type":"ImageObject","inLanguage":"fr-FR","@id":"https:\/\/abc-latina.com\/#\/schema\/logo\/image\/","url":"https:\/\/abc-latina.com\/wp-content\/uploads\/2026\/05\/cropped-logo.gif","contentUrl":"https:\/\/abc-latina.com\/wp-content\/uploads\/2026\/05\/cropped-logo.gif","width":89,"height":84,"caption":"Abc-latina"},"image":{"@id":"https:\/\/abc-latina.com\/#\/schema\/logo\/image\/"}}]}},"_links":{"self":[{"href":"https:\/\/abc-latina.com\/wp-json\/wp\/v2\/pages\/1992","targetHints":{"allow":["GET"]}}],"collection":[{"href":"https:\/\/abc-latina.com\/wp-json\/wp\/v2\/pages"}],"about":[{"href":"https:\/\/abc-latina.com\/wp-json\/wp\/v2\/types\/page"}],"author":[{"embeddable":true,"href":"https:\/\/abc-latina.com\/wp-json\/wp\/v2\/users\/3"}],"replies":[{"embeddable":true,"href":"https:\/\/abc-latina.com\/wp-json\/wp\/v2\/comments?post=1992"}],"version-history":[{"count":1,"href":"https:\/\/abc-latina.com\/wp-json\/wp\/v2\/pages\/1992\/revisions"}],"predecessor-version":[{"id":3312,"href":"https:\/\/abc-latina.com\/wp-json\/wp\/v2\/pages\/1992\/revisions\/3312"}],"up":[{"embeddable":true,"href":"https:\/\/abc-latina.com\/wp-json\/wp\/v2\/pages\/1971"}],"wp:featuredmedia":[{"embeddable":true,"href":"https:\/\/abc-latina.com\/wp-json\/wp\/v2\/media\/204"}],"wp:attachment":[{"href":"https:\/\/abc-latina.com\/wp-json\/wp\/v2\/media?parent=1992"}],"curies":[{"name":"wp","href":"https:\/\/api.w.org\/{rel}","templated":true}]}}