{"id":1996,"date":"2010-08-03T04:14:44","date_gmt":"2010-08-03T02:14:44","guid":{"rendered":"http:\/\/abc-latina.com\/totonaque-php\/"},"modified":"2026-04-30T18:24:57","modified_gmt":"2026-04-30T16:24:57","slug":"totonaque","status":"publish","type":"page","link":"https:\/\/abc-latina.com\/civilisations\/totonaque\/","title":{"rendered":"Les TOTONAQUES"},"content":{"rendered":"<div><img loading=\"lazy\" decoding=\"async\" class=\" alignright size-full wp-image-1995\" src=\"http:\/\/abc-latina.com\/wp-content\/uploads\/2010\/08\/totonaque.jpg\" title=\"TOTONAQUE\" alt=\"\" width=\"220\" vspace=\"9\" hspace=\"15\" height=\"220\" align=\"right\" srcset=\"https:\/\/abc-latina.com\/wp-content\/uploads\/2010\/08\/totonaque.jpg 220w, https:\/\/abc-latina.com\/wp-content\/uploads\/2010\/08\/totonaque-150x150.jpg 150w\" sizes=\"auto, (max-width: 220px) 100vw, 220px\" \/>A l&rsquo;instar des autres peuples, il est difficile de conna\u00eetre la v\u00e9ritable origine des <span class=\"tourisme-chapitre\">Totonaques<\/span>. Les abondant tumulus et n\u00e9cropoles souterraines que l&rsquo;ont a retrouv\u00e9 dans la zone de for\u00eat vierge de l&rsquo;\u00e9tat de Veracruz (nord-est du pays, golfe du Mexique), indiquent une occupation ancienne mais qui n&rsquo;a pas laiss\u00e9e de t\u00e9moignages plus significatifs. Les premi\u00e8res traces des Totonaques apparaissent dans les premiers si\u00e8cles, \u00e0 l&rsquo;\u00e9poque o\u00f9 prosp\u00e9raient encore les <a href=\"https:\/\/www.abc-latina.com\/civilisations\/olmeque\">Olm\u00e8ques<\/a> plus au sud. On trouve de nombreuses similitudes, techniques et artistiques, entre ces deux peuples mais il semble que les Totonaques ont rapidement d\u00e9velopp\u00e9 une culture originale qui finit par devenir brillante en quelques si\u00e8cles. Autour de l&rsquo;an 500-600, c&rsquo;est la p\u00e9riode classique. On leur doit le fameux site d&rsquo; <a href=\"https:\/\/www.abc-latina.com\/mexique\/voyages\/el_tajin.php\" target=\"_blank\">El Taj\u00edn<\/a>, &quot;la cit\u00e9 sacr\u00e9e des morts et des tonnerres en temp\u00eate&quot; et sa fameuse &quot;Pyramides des Niches&quot;. Mais rapidement, le d\u00e9clin arrive. Il semble que des invasions de barbares aient d\u00e9sorganis\u00e9 la r\u00e9gion en peu de temps. Pourtant, l&rsquo;ancienne capitale El Taj\u00edn rena\u00eet vers l&rsquo;an 1000, gr\u00e2ce notamment \u00e0 l&rsquo;arriv\u00e9e de migrant <a href=\"https:\/\/www.abc-latina.com\/civilisations\/tolteque.php\">Tolt\u00e8ques<\/a>, eux aussi chass\u00e9s de leurs terres (pr\u00e8s de l&rsquo;actuelle Mexico) par d&rsquo;autres invasions barbares. Ils v\u00e9n\u00e9raient aussi le Quetzal, le &quot;Serpent \u00e0 Plumes&quot; que l&rsquo;on retrouve dans les autres l\u00e9gendes du centre du Mexique. Ils furent les alli\u00e9s des Conquistadores pendant la prise de Tenochtitl\u00e1n, la capitale <a href=\"https:\/\/www.abc-latina.com\/civilisations\/azteque\">azt\u00e8que<\/a> Ils nous ont laiss\u00e9 des nombreuses figurines repr\u00e9sentant d&rsquo;\u00e9tranges t\u00eates souriantes ou des dragons.<\/div>\n<div>&nbsp;<\/div>\n<div>Les Totonaques sont toujours pr\u00e9sent au <a href=\"https:\/\/www.abc-latina.com\/mexique\/\" target=\"_blank\">Mexique<\/a> notamment \u00e0 Papantl\u00e1n, dans la Sierra de Puebla (Etat de Veracruz). On peut les voir ex\u00e9cuter la fameuse danse a\u00e9rienne des &quot;<a href=\"https:\/\/www.abc-latina.com\/mexique\/danse_voladores.php\" target=\"_blank\">voladores<\/a>&quot;, les &quot;Hommes-Oiseaux&quot;, qui demeure l&rsquo;une des attractions touristiques les plus surprenantes du Mexique.<\/div>\n<div>De nos jours encore, les Totonaques forment le groupe le plus important et le plus riche du golfe du Mexique, dans l&rsquo;Etat de Veracruz. Leurs villages et les communaut\u00e9s que les composent conservent une grande unit\u00e9 culturelle et artistique. Actuellement, la ville de Papantla est leur capitale politique et religieuse. Dans les campagnes, l&rsquo;activit\u00e9 reste tourn\u00e9e vers l&rsquo;agriculture et l&rsquo;\u00e9levage. Ils sont par exemple les grands producteurs de vanille&#8230;<\/div>\n<p>&nbsp;<\/p>\n","protected":false},"excerpt":{"rendered":"<p>A l&rsquo;instar des autres peuples, il est difficile de conna\u00eetre la v\u00e9ritable origine des Totonaques. Les abondant tumulus et n\u00e9cropoles [&hellip;]<\/p>\n","protected":false},"author":3,"featured_media":1995,"parent":1971,"menu_order":0,"comment_status":"closed","ping_status":"closed","template":"","meta":{"site-sidebar-layout":"default","site-content-layout":"","ast-site-content-layout":"default","site-content-style":"default","site-sidebar-style":"default","ast-global-header-display":"","ast-banner-title-visibility":"","ast-main-header-display":"","ast-hfb-above-header-display":"","ast-hfb-below-header-display":"","ast-hfb-mobile-header-display":"","site-post-title":"","ast-breadcrumbs-content":"","ast-featured-img":"","footer-sml-layout":"","ast-disable-related-posts":"","theme-transparent-header-meta":"","adv-header-id-meta":"","stick-header-meta":"","header-above-stick-meta":"","header-main-stick-meta":"","header-below-stick-meta":"","astra-migrate-meta-layouts":"default","ast-page-background-enabled":"default","ast-page-background-meta":{"desktop":{"background-color":"var(--ast-global-color-5)","background-image":"","background-repeat":"repeat","background-position":"center center","background-size":"auto","background-attachment":"scroll","background-type":"","background-media":"","overlay-type":"","overlay-color":"","overlay-opacity":"","overlay-gradient":""},"tablet":{"background-color":"","background-image":"","background-repeat":"repeat","background-position":"center center","background-size":"auto","background-attachment":"scroll","background-type":"","background-media":"","overlay-type":"","overlay-color":"","overlay-opacity":"","overlay-gradient":""},"mobile":{"background-color":"","background-image":"","background-repeat":"repeat","background-position":"center center","background-size":"auto","background-attachment":"scroll","background-type":"","background-media":"","overlay-type":"","overlay-color":"","overlay-opacity":"","overlay-gradient":""}},"ast-content-background-meta":{"desktop":{"background-color":"var(--ast-global-color-4)","background-image":"","background-repeat":"repeat","background-position":"center center","background-size":"auto","background-attachment":"scroll","background-type":"","background-media":"","overlay-type":"","overlay-color":"","overlay-opacity":"","overlay-gradient":""},"tablet":{"background-color":"var(--ast-global-color-4)","background-image":"","background-repeat":"repeat","background-position":"center center","background-size":"auto","background-attachment":"scroll","background-type":"","background-media":"","overlay-type":"","overlay-color":"","overlay-opacity":"","overlay-gradient":""},"mobile":{"background-color":"var(--ast-global-color-4)","background-image":"","background-repeat":"repeat","background-position":"center center","background-size":"auto","background-attachment":"scroll","background-type":"","background-media":"","overlay-type":"","overlay-color":"","overlay-opacity":"","overlay-gradient":""}},"footnotes":""},"class_list":["post-1996","page","type-page","status-publish","has-post-thumbnail","hentry"],"yoast_head":"<!-- This site is optimized with the Yoast SEO plugin v27.5 - https:\/\/yoast.com\/product\/yoast-seo-wordpress\/ -->\n<title>Les TOTONAQUES - Abc-latina<\/title>\n<meta name=\"description\" content=\"l&#039;histoire de la civilisation Totonaque, Vie et coutumes des Totonaques.\" \/>\n<meta name=\"robots\" content=\"index, follow, max-snippet:-1, max-image-preview:large, max-video-preview:-1\" \/>\n<link rel=\"canonical\" href=\"https:\/\/abc-latina.com\/civilisations\/totonaque\/\" \/>\n<meta property=\"og:locale\" content=\"fr_FR\" \/>\n<meta property=\"og:type\" content=\"article\" \/>\n<meta property=\"og:title\" content=\"Les TOTONAQUES - Abc-latina\" \/>\n<meta property=\"og:description\" content=\"l&#039;histoire de la civilisation Totonaque, Vie et coutumes des Totonaques.\" \/>\n<meta property=\"og:url\" content=\"https:\/\/abc-latina.com\/civilisations\/totonaque\/\" \/>\n<meta property=\"og:site_name\" content=\"Abc-latina\" \/>\n<meta property=\"article:modified_time\" content=\"2026-04-30T16:24:57+00:00\" \/>\n<meta property=\"og:image\" content=\"https:\/\/abc-latina.com\/wp-content\/uploads\/2010\/08\/totonaque.jpg\" \/>\n\t<meta property=\"og:image:width\" content=\"220\" \/>\n\t<meta property=\"og:image:height\" content=\"220\" \/>\n\t<meta property=\"og:image:type\" content=\"image\/jpeg\" \/>\n<meta name=\"twitter:card\" content=\"summary_large_image\" \/>\n<meta name=\"twitter:label1\" content=\"Dur\u00e9e de lecture estim\u00e9e\" \/>\n\t<meta name=\"twitter:data1\" content=\"2 minutes\" \/>\n<script type=\"application\/ld+json\" class=\"yoast-schema-graph\">{\"@context\":\"https:\\\/\\\/schema.org\",\"@graph\":[{\"@type\":\"WebPage\",\"@id\":\"https:\\\/\\\/abc-latina.com\\\/civilisations\\\/totonaque\\\/\",\"url\":\"https:\\\/\\\/abc-latina.com\\\/civilisations\\\/totonaque\\\/\",\"name\":\"Les TOTONAQUES - Abc-latina\",\"isPartOf\":{\"@id\":\"https:\\\/\\\/abc-latina.com\\\/#website\"},\"primaryImageOfPage\":{\"@id\":\"https:\\\/\\\/abc-latina.com\\\/civilisations\\\/totonaque\\\/#primaryimage\"},\"image\":{\"@id\":\"https:\\\/\\\/abc-latina.com\\\/civilisations\\\/totonaque\\\/#primaryimage\"},\"thumbnailUrl\":\"https:\\\/\\\/abc-latina.com\\\/wp-content\\\/uploads\\\/2010\\\/08\\\/totonaque.jpg\",\"datePublished\":\"2010-08-03T02:14:44+00:00\",\"dateModified\":\"2026-04-30T16:24:57+00:00\",\"description\":\"l'histoire de la civilisation Totonaque, Vie et coutumes des Totonaques.\",\"breadcrumb\":{\"@id\":\"https:\\\/\\\/abc-latina.com\\\/civilisations\\\/totonaque\\\/#breadcrumb\"},\"inLanguage\":\"fr-FR\",\"potentialAction\":[{\"@type\":\"ReadAction\",\"target\":[\"https:\\\/\\\/abc-latina.com\\\/civilisations\\\/totonaque\\\/\"]}]},{\"@type\":\"ImageObject\",\"inLanguage\":\"fr-FR\",\"@id\":\"https:\\\/\\\/abc-latina.com\\\/civilisations\\\/totonaque\\\/#primaryimage\",\"url\":\"https:\\\/\\\/abc-latina.com\\\/wp-content\\\/uploads\\\/2010\\\/08\\\/totonaque.jpg\",\"contentUrl\":\"https:\\\/\\\/abc-latina.com\\\/wp-content\\\/uploads\\\/2010\\\/08\\\/totonaque.jpg\",\"width\":220,\"height\":220,\"caption\":\"TOTONAQUE\"},{\"@type\":\"BreadcrumbList\",\"@id\":\"https:\\\/\\\/abc-latina.com\\\/civilisations\\\/totonaque\\\/#breadcrumb\",\"itemListElement\":[{\"@type\":\"ListItem\",\"position\":1,\"name\":\"Accueil\",\"item\":\"https:\\\/\\\/abc-latina.com\\\/\"},{\"@type\":\"ListItem\",\"position\":2,\"name\":\"Les TOTONAQUES\"}]},{\"@type\":\"WebSite\",\"@id\":\"https:\\\/\\\/abc-latina.com\\\/#website\",\"url\":\"https:\\\/\\\/abc-latina.com\\\/\",\"name\":\"Abc-latina\",\"description\":\"\",\"publisher\":{\"@id\":\"https:\\\/\\\/abc-latina.com\\\/#organization\"},\"potentialAction\":[{\"@type\":\"SearchAction\",\"target\":{\"@type\":\"EntryPoint\",\"urlTemplate\":\"https:\\\/\\\/abc-latina.com\\\/?s={search_term_string}\"},\"query-input\":{\"@type\":\"PropertyValueSpecification\",\"valueRequired\":true,\"valueName\":\"search_term_string\"}}],\"inLanguage\":\"fr-FR\"},{\"@type\":\"Organization\",\"@id\":\"https:\\\/\\\/abc-latina.com\\\/#organization\",\"name\":\"Abc-latina\",\"url\":\"https:\\\/\\\/abc-latina.com\\\/\",\"logo\":{\"@type\":\"ImageObject\",\"inLanguage\":\"fr-FR\",\"@id\":\"https:\\\/\\\/abc-latina.com\\\/#\\\/schema\\\/logo\\\/image\\\/\",\"url\":\"https:\\\/\\\/abc-latina.com\\\/wp-content\\\/uploads\\\/2026\\\/05\\\/cropped-logo.gif\",\"contentUrl\":\"https:\\\/\\\/abc-latina.com\\\/wp-content\\\/uploads\\\/2026\\\/05\\\/cropped-logo.gif\",\"width\":89,\"height\":84,\"caption\":\"Abc-latina\"},\"image\":{\"@id\":\"https:\\\/\\\/abc-latina.com\\\/#\\\/schema\\\/logo\\\/image\\\/\"}}]}<\/script>\n<!-- \/ Yoast SEO plugin. -->","yoast_head_json":{"title":"Les TOTONAQUES - Abc-latina","description":"l'histoire de la civilisation Totonaque, Vie et coutumes des Totonaques.","robots":{"index":"index","follow":"follow","max-snippet":"max-snippet:-1","max-image-preview":"max-image-preview:large","max-video-preview":"max-video-preview:-1"},"canonical":"https:\/\/abc-latina.com\/civilisations\/totonaque\/","og_locale":"fr_FR","og_type":"article","og_title":"Les TOTONAQUES - Abc-latina","og_description":"l'histoire de la civilisation Totonaque, Vie et coutumes des Totonaques.","og_url":"https:\/\/abc-latina.com\/civilisations\/totonaque\/","og_site_name":"Abc-latina","article_modified_time":"2026-04-30T16:24:57+00:00","og_image":[{"width":220,"height":220,"url":"https:\/\/abc-latina.com\/wp-content\/uploads\/2010\/08\/totonaque.jpg","type":"image\/jpeg"}],"twitter_card":"summary_large_image","twitter_misc":{"Dur\u00e9e de lecture estim\u00e9e":"2 minutes"},"schema":{"@context":"https:\/\/schema.org","@graph":[{"@type":"WebPage","@id":"https:\/\/abc-latina.com\/civilisations\/totonaque\/","url":"https:\/\/abc-latina.com\/civilisations\/totonaque\/","name":"Les TOTONAQUES - Abc-latina","isPartOf":{"@id":"https:\/\/abc-latina.com\/#website"},"primaryImageOfPage":{"@id":"https:\/\/abc-latina.com\/civilisations\/totonaque\/#primaryimage"},"image":{"@id":"https:\/\/abc-latina.com\/civilisations\/totonaque\/#primaryimage"},"thumbnailUrl":"https:\/\/abc-latina.com\/wp-content\/uploads\/2010\/08\/totonaque.jpg","datePublished":"2010-08-03T02:14:44+00:00","dateModified":"2026-04-30T16:24:57+00:00","description":"l'histoire de la civilisation Totonaque, Vie et coutumes des Totonaques.","breadcrumb":{"@id":"https:\/\/abc-latina.com\/civilisations\/totonaque\/#breadcrumb"},"inLanguage":"fr-FR","potentialAction":[{"@type":"ReadAction","target":["https:\/\/abc-latina.com\/civilisations\/totonaque\/"]}]},{"@type":"ImageObject","inLanguage":"fr-FR","@id":"https:\/\/abc-latina.com\/civilisations\/totonaque\/#primaryimage","url":"https:\/\/abc-latina.com\/wp-content\/uploads\/2010\/08\/totonaque.jpg","contentUrl":"https:\/\/abc-latina.com\/wp-content\/uploads\/2010\/08\/totonaque.jpg","width":220,"height":220,"caption":"TOTONAQUE"},{"@type":"BreadcrumbList","@id":"https:\/\/abc-latina.com\/civilisations\/totonaque\/#breadcrumb","itemListElement":[{"@type":"ListItem","position":1,"name":"Accueil","item":"https:\/\/abc-latina.com\/"},{"@type":"ListItem","position":2,"name":"Les TOTONAQUES"}]},{"@type":"WebSite","@id":"https:\/\/abc-latina.com\/#website","url":"https:\/\/abc-latina.com\/","name":"Abc-latina","description":"","publisher":{"@id":"https:\/\/abc-latina.com\/#organization"},"potentialAction":[{"@type":"SearchAction","target":{"@type":"EntryPoint","urlTemplate":"https:\/\/abc-latina.com\/?s={search_term_string}"},"query-input":{"@type":"PropertyValueSpecification","valueRequired":true,"valueName":"search_term_string"}}],"inLanguage":"fr-FR"},{"@type":"Organization","@id":"https:\/\/abc-latina.com\/#organization","name":"Abc-latina","url":"https:\/\/abc-latina.com\/","logo":{"@type":"ImageObject","inLanguage":"fr-FR","@id":"https:\/\/abc-latina.com\/#\/schema\/logo\/image\/","url":"https:\/\/abc-latina.com\/wp-content\/uploads\/2026\/05\/cropped-logo.gif","contentUrl":"https:\/\/abc-latina.com\/wp-content\/uploads\/2026\/05\/cropped-logo.gif","width":89,"height":84,"caption":"Abc-latina"},"image":{"@id":"https:\/\/abc-latina.com\/#\/schema\/logo\/image\/"}}]}},"_links":{"self":[{"href":"https:\/\/abc-latina.com\/wp-json\/wp\/v2\/pages\/1996","targetHints":{"allow":["GET"]}}],"collection":[{"href":"https:\/\/abc-latina.com\/wp-json\/wp\/v2\/pages"}],"about":[{"href":"https:\/\/abc-latina.com\/wp-json\/wp\/v2\/types\/page"}],"author":[{"embeddable":true,"href":"https:\/\/abc-latina.com\/wp-json\/wp\/v2\/users\/3"}],"replies":[{"embeddable":true,"href":"https:\/\/abc-latina.com\/wp-json\/wp\/v2\/comments?post=1996"}],"version-history":[{"count":1,"href":"https:\/\/abc-latina.com\/wp-json\/wp\/v2\/pages\/1996\/revisions"}],"predecessor-version":[{"id":3314,"href":"https:\/\/abc-latina.com\/wp-json\/wp\/v2\/pages\/1996\/revisions\/3314"}],"up":[{"embeddable":true,"href":"https:\/\/abc-latina.com\/wp-json\/wp\/v2\/pages\/1971"}],"wp:featuredmedia":[{"embeddable":true,"href":"https:\/\/abc-latina.com\/wp-json\/wp\/v2\/media\/1995"}],"wp:attachment":[{"href":"https:\/\/abc-latina.com\/wp-json\/wp\/v2\/media?parent=1996"}],"curies":[{"name":"wp","href":"https:\/\/api.w.org\/{rel}","templated":true}]}}