{"id":2000,"date":"2010-08-03T04:19:52","date_gmt":"2010-08-03T02:19:52","guid":{"rendered":"http:\/\/abc-latina.com\/zapoteque-php\/"},"modified":"2026-04-30T18:24:58","modified_gmt":"2026-04-30T16:24:58","slug":"zapoteque","status":"publish","type":"page","link":"https:\/\/abc-latina.com\/civilisations\/zapoteque\/","title":{"rendered":"Les ZAPOTEQUES"},"content":{"rendered":"<div><img loading=\"lazy\" decoding=\"async\" class=\" alignright size-full wp-image-1999\" src=\"http:\/\/abc-latina.com\/wp-content\/uploads\/2010\/08\/zapoteque.jpg\" title=\"CIVILISATION ZAPOTEQUE\" alt=\"\" width=\"220\" vspace=\"9\" hspace=\"15\" height=\"220\" align=\"right\" srcset=\"https:\/\/abc-latina.com\/wp-content\/uploads\/2010\/08\/zapoteque.jpg 220w, https:\/\/abc-latina.com\/wp-content\/uploads\/2010\/08\/zapoteque-150x150.jpg 150w\" sizes=\"auto, (max-width: 220px) 100vw, 220px\" \/>Les <span class=\"tourisme-chapitre\">Zapot\u00e8ques <\/span>apparurent vers 1500 avant J-C, dans la vall\u00e9e de <a href=\"https:\/\/www.abc-latina.com\/mexique\/voyages\/oaxaca\" target=\"_blank\">Oaxaca<\/a>, o\u00f9 l&rsquo;agriculture connut un essor rapide gr\u00e2ce \u00e0 plusieurs syst\u00e8mes d&rsquo;irrigation. <a href=\"https:\/\/www.abc-latina.com\/mexique\/voyages\/monte_alban.php\" target=\"_blank\">Monte Alban<\/a>, sa capitale, fut fond\u00e9e au 5\u00e9me si\u00e8cle avant J-C. Elle se tient sur une \u00e9minence, aras\u00e9e \u00e0 son sommet moyennant des travaux consid\u00e9rables. Ville fun\u00e9raire et religieuse, elles est la plus belle r\u00e9alisation de cette culture qui, tr\u00e8s t\u00f4t, mit au point une \u00e9criture glyphique et utilisa un syst\u00e8me de notation des nombres analogue \u00e0 celui des <a href=\"https:\/\/www.abc-latina.com\/civilisations\/maya\">mayas<\/a> (un point pour l&rsquo;unit\u00e9, une barre pour cinq unit\u00e9s).<\/p>\n<div>&nbsp;<\/div>\n<div>La place centrale et l&rsquo;observatoire astronomique de Monte Alban datent de la premi\u00e8re phase d&rsquo;occupation, qui s&rsquo;\u00e9tend jusqu&rsquo;au 1er si\u00e8cle apr\u00e8s J-C, de m\u00eame que le palais des Danzantes, d&rsquo;influence <a href=\"https:\/\/www.abc-latina.com\/civilisations\/olmeque\">olm\u00e8que<\/a>, orn\u00e9 de personnages en bas relief. La plupart des \u00e9difices datent cependant de la p\u00e9riode classique (250-800). La population atteignait alors 30.000 habitants. Les maisons occupaient les terrasses en contrebas de la grande esplanade, r\u00e9serv\u00e9e \u00e0 des c\u00e9r\u00e9monies. La place \u00e9tait entour\u00e9e de temples enduits de stuc peint. A Monte Alban plus qu&rsquo;ailleurs, les architectes utilis\u00e8rent la colonne pour soutenir les toits des vastes salles.<\/div>\n<div>Convaincus qu&rsquo;il existait une vie dans l&rsquo;au-del\u00e0. Les Zapot\u00e8ques ont b\u00e2ti des tombeaux \u00e0 grandes chambres souterraines, orn\u00e9s de fresques repr\u00e9sentant des divinit\u00e9s, comme en t\u00e9moigne, la tombe d\u00e9couverte r\u00e9cemment \u00e0 Huijazoo, \u00e0 30 km \u00e0 l&rsquo;ouest de Monte Alban. Ils pla\u00e7aient dans ces s\u00e9pultures leurs c\u00e9l\u00e8bres urnes, statues en terre cuite incarnant les nombreux dieux de leur panth\u00e9on, rev\u00eatus de costumes et de bijoux somptueux.&nbsp;<\/div>\n<div>Monte Alban d\u00e9clina \u00e0 partir du 9\u00e9me si\u00e8cle avant de devenir une n\u00e9cropole mixt\u00e8que.<\/div>\n<p>&nbsp;<\/p>\n<\/div>\n","protected":false},"excerpt":{"rendered":"<p>Les Zapot\u00e8ques apparurent vers 1500 avant J-C, dans la vall\u00e9e de Oaxaca, o\u00f9 l&rsquo;agriculture connut un essor rapide gr\u00e2ce \u00e0 [&hellip;]<\/p>\n","protected":false},"author":3,"featured_media":1999,"parent":1971,"menu_order":0,"comment_status":"closed","ping_status":"closed","template":"","meta":{"site-sidebar-layout":"default","site-content-layout":"","ast-site-content-layout":"default","site-content-style":"default","site-sidebar-style":"default","ast-global-header-display":"","ast-banner-title-visibility":"","ast-main-header-display":"","ast-hfb-above-header-display":"","ast-hfb-below-header-display":"","ast-hfb-mobile-header-display":"","site-post-title":"","ast-breadcrumbs-content":"","ast-featured-img":"","footer-sml-layout":"","ast-disable-related-posts":"","theme-transparent-header-meta":"","adv-header-id-meta":"","stick-header-meta":"","header-above-stick-meta":"","header-main-stick-meta":"","header-below-stick-meta":"","astra-migrate-meta-layouts":"default","ast-page-background-enabled":"default","ast-page-background-meta":{"desktop":{"background-color":"var(--ast-global-color-5)","background-image":"","background-repeat":"repeat","background-position":"center center","background-size":"auto","background-attachment":"scroll","background-type":"","background-media":"","overlay-type":"","overlay-color":"","overlay-opacity":"","overlay-gradient":""},"tablet":{"background-color":"","background-image":"","background-repeat":"repeat","background-position":"center center","background-size":"auto","background-attachment":"scroll","background-type":"","background-media":"","overlay-type":"","overlay-color":"","overlay-opacity":"","overlay-gradient":""},"mobile":{"background-color":"","background-image":"","background-repeat":"repeat","background-position":"center center","background-size":"auto","background-attachment":"scroll","background-type":"","background-media":"","overlay-type":"","overlay-color":"","overlay-opacity":"","overlay-gradient":""}},"ast-content-background-meta":{"desktop":{"background-color":"var(--ast-global-color-4)","background-image":"","background-repeat":"repeat","background-position":"center center","background-size":"auto","background-attachment":"scroll","background-type":"","background-media":"","overlay-type":"","overlay-color":"","overlay-opacity":"","overlay-gradient":""},"tablet":{"background-color":"var(--ast-global-color-4)","background-image":"","background-repeat":"repeat","background-position":"center center","background-size":"auto","background-attachment":"scroll","background-type":"","background-media":"","overlay-type":"","overlay-color":"","overlay-opacity":"","overlay-gradient":""},"mobile":{"background-color":"var(--ast-global-color-4)","background-image":"","background-repeat":"repeat","background-position":"center center","background-size":"auto","background-attachment":"scroll","background-type":"","background-media":"","overlay-type":"","overlay-color":"","overlay-opacity":"","overlay-gradient":""}},"footnotes":""},"class_list":["post-2000","page","type-page","status-publish","has-post-thumbnail","hentry"],"yoast_head":"<!-- This site is optimized with the Yoast SEO plugin v27.5 - https:\/\/yoast.com\/product\/yoast-seo-wordpress\/ -->\n<title>Les ZAPOTEQUES - Abc-latina<\/title>\n<meta name=\"description\" content=\"L&#039;histoire de la civilisation Zapot\u00e8que, Vie et coutumes des Zapot\u00e8ques.\" \/>\n<meta name=\"robots\" content=\"index, follow, max-snippet:-1, max-image-preview:large, max-video-preview:-1\" \/>\n<link rel=\"canonical\" href=\"https:\/\/abc-latina.com\/civilisations\/zapoteque\/\" \/>\n<meta property=\"og:locale\" content=\"fr_FR\" \/>\n<meta property=\"og:type\" content=\"article\" \/>\n<meta property=\"og:title\" content=\"Les ZAPOTEQUES - Abc-latina\" \/>\n<meta property=\"og:description\" content=\"L&#039;histoire de la civilisation Zapot\u00e8que, Vie et coutumes des Zapot\u00e8ques.\" \/>\n<meta property=\"og:url\" content=\"https:\/\/abc-latina.com\/civilisations\/zapoteque\/\" \/>\n<meta property=\"og:site_name\" content=\"Abc-latina\" \/>\n<meta property=\"article:modified_time\" content=\"2026-04-30T16:24:58+00:00\" \/>\n<meta property=\"og:image\" content=\"https:\/\/abc-latina.com\/wp-content\/uploads\/2010\/08\/zapoteque.jpg\" \/>\n\t<meta property=\"og:image:width\" content=\"220\" \/>\n\t<meta property=\"og:image:height\" content=\"220\" \/>\n\t<meta property=\"og:image:type\" content=\"image\/jpeg\" \/>\n<meta name=\"twitter:card\" content=\"summary_large_image\" \/>\n<meta name=\"twitter:label1\" content=\"Dur\u00e9e de lecture estim\u00e9e\" \/>\n\t<meta name=\"twitter:data1\" content=\"2 minutes\" \/>\n<script type=\"application\/ld+json\" class=\"yoast-schema-graph\">{\"@context\":\"https:\\\/\\\/schema.org\",\"@graph\":[{\"@type\":\"WebPage\",\"@id\":\"https:\\\/\\\/abc-latina.com\\\/civilisations\\\/zapoteque\\\/\",\"url\":\"https:\\\/\\\/abc-latina.com\\\/civilisations\\\/zapoteque\\\/\",\"name\":\"Les ZAPOTEQUES - Abc-latina\",\"isPartOf\":{\"@id\":\"https:\\\/\\\/abc-latina.com\\\/#website\"},\"primaryImageOfPage\":{\"@id\":\"https:\\\/\\\/abc-latina.com\\\/civilisations\\\/zapoteque\\\/#primaryimage\"},\"image\":{\"@id\":\"https:\\\/\\\/abc-latina.com\\\/civilisations\\\/zapoteque\\\/#primaryimage\"},\"thumbnailUrl\":\"https:\\\/\\\/abc-latina.com\\\/wp-content\\\/uploads\\\/2010\\\/08\\\/zapoteque.jpg\",\"datePublished\":\"2010-08-03T02:19:52+00:00\",\"dateModified\":\"2026-04-30T16:24:58+00:00\",\"description\":\"L'histoire de la civilisation Zapot\u00e8que, Vie et coutumes des Zapot\u00e8ques.\",\"breadcrumb\":{\"@id\":\"https:\\\/\\\/abc-latina.com\\\/civilisations\\\/zapoteque\\\/#breadcrumb\"},\"inLanguage\":\"fr-FR\",\"potentialAction\":[{\"@type\":\"ReadAction\",\"target\":[\"https:\\\/\\\/abc-latina.com\\\/civilisations\\\/zapoteque\\\/\"]}]},{\"@type\":\"ImageObject\",\"inLanguage\":\"fr-FR\",\"@id\":\"https:\\\/\\\/abc-latina.com\\\/civilisations\\\/zapoteque\\\/#primaryimage\",\"url\":\"https:\\\/\\\/abc-latina.com\\\/wp-content\\\/uploads\\\/2010\\\/08\\\/zapoteque.jpg\",\"contentUrl\":\"https:\\\/\\\/abc-latina.com\\\/wp-content\\\/uploads\\\/2010\\\/08\\\/zapoteque.jpg\",\"width\":220,\"height\":220,\"caption\":\"CIVILISATION ZAPOTEQUE\"},{\"@type\":\"BreadcrumbList\",\"@id\":\"https:\\\/\\\/abc-latina.com\\\/civilisations\\\/zapoteque\\\/#breadcrumb\",\"itemListElement\":[{\"@type\":\"ListItem\",\"position\":1,\"name\":\"Accueil\",\"item\":\"https:\\\/\\\/abc-latina.com\\\/\"},{\"@type\":\"ListItem\",\"position\":2,\"name\":\"Les ZAPOTEQUES\"}]},{\"@type\":\"WebSite\",\"@id\":\"https:\\\/\\\/abc-latina.com\\\/#website\",\"url\":\"https:\\\/\\\/abc-latina.com\\\/\",\"name\":\"Abc-latina\",\"description\":\"\",\"publisher\":{\"@id\":\"https:\\\/\\\/abc-latina.com\\\/#organization\"},\"potentialAction\":[{\"@type\":\"SearchAction\",\"target\":{\"@type\":\"EntryPoint\",\"urlTemplate\":\"https:\\\/\\\/abc-latina.com\\\/?s={search_term_string}\"},\"query-input\":{\"@type\":\"PropertyValueSpecification\",\"valueRequired\":true,\"valueName\":\"search_term_string\"}}],\"inLanguage\":\"fr-FR\"},{\"@type\":\"Organization\",\"@id\":\"https:\\\/\\\/abc-latina.com\\\/#organization\",\"name\":\"Abc-latina\",\"url\":\"https:\\\/\\\/abc-latina.com\\\/\",\"logo\":{\"@type\":\"ImageObject\",\"inLanguage\":\"fr-FR\",\"@id\":\"https:\\\/\\\/abc-latina.com\\\/#\\\/schema\\\/logo\\\/image\\\/\",\"url\":\"https:\\\/\\\/abc-latina.com\\\/wp-content\\\/uploads\\\/2026\\\/05\\\/cropped-logo.gif\",\"contentUrl\":\"https:\\\/\\\/abc-latina.com\\\/wp-content\\\/uploads\\\/2026\\\/05\\\/cropped-logo.gif\",\"width\":89,\"height\":84,\"caption\":\"Abc-latina\"},\"image\":{\"@id\":\"https:\\\/\\\/abc-latina.com\\\/#\\\/schema\\\/logo\\\/image\\\/\"}}]}<\/script>\n<!-- \/ Yoast SEO plugin. -->","yoast_head_json":{"title":"Les ZAPOTEQUES - Abc-latina","description":"L'histoire de la civilisation Zapot\u00e8que, Vie et coutumes des Zapot\u00e8ques.","robots":{"index":"index","follow":"follow","max-snippet":"max-snippet:-1","max-image-preview":"max-image-preview:large","max-video-preview":"max-video-preview:-1"},"canonical":"https:\/\/abc-latina.com\/civilisations\/zapoteque\/","og_locale":"fr_FR","og_type":"article","og_title":"Les ZAPOTEQUES - Abc-latina","og_description":"L'histoire de la civilisation Zapot\u00e8que, Vie et coutumes des Zapot\u00e8ques.","og_url":"https:\/\/abc-latina.com\/civilisations\/zapoteque\/","og_site_name":"Abc-latina","article_modified_time":"2026-04-30T16:24:58+00:00","og_image":[{"width":220,"height":220,"url":"https:\/\/abc-latina.com\/wp-content\/uploads\/2010\/08\/zapoteque.jpg","type":"image\/jpeg"}],"twitter_card":"summary_large_image","twitter_misc":{"Dur\u00e9e de lecture estim\u00e9e":"2 minutes"},"schema":{"@context":"https:\/\/schema.org","@graph":[{"@type":"WebPage","@id":"https:\/\/abc-latina.com\/civilisations\/zapoteque\/","url":"https:\/\/abc-latina.com\/civilisations\/zapoteque\/","name":"Les ZAPOTEQUES - Abc-latina","isPartOf":{"@id":"https:\/\/abc-latina.com\/#website"},"primaryImageOfPage":{"@id":"https:\/\/abc-latina.com\/civilisations\/zapoteque\/#primaryimage"},"image":{"@id":"https:\/\/abc-latina.com\/civilisations\/zapoteque\/#primaryimage"},"thumbnailUrl":"https:\/\/abc-latina.com\/wp-content\/uploads\/2010\/08\/zapoteque.jpg","datePublished":"2010-08-03T02:19:52+00:00","dateModified":"2026-04-30T16:24:58+00:00","description":"L'histoire de la civilisation Zapot\u00e8que, Vie et coutumes des Zapot\u00e8ques.","breadcrumb":{"@id":"https:\/\/abc-latina.com\/civilisations\/zapoteque\/#breadcrumb"},"inLanguage":"fr-FR","potentialAction":[{"@type":"ReadAction","target":["https:\/\/abc-latina.com\/civilisations\/zapoteque\/"]}]},{"@type":"ImageObject","inLanguage":"fr-FR","@id":"https:\/\/abc-latina.com\/civilisations\/zapoteque\/#primaryimage","url":"https:\/\/abc-latina.com\/wp-content\/uploads\/2010\/08\/zapoteque.jpg","contentUrl":"https:\/\/abc-latina.com\/wp-content\/uploads\/2010\/08\/zapoteque.jpg","width":220,"height":220,"caption":"CIVILISATION ZAPOTEQUE"},{"@type":"BreadcrumbList","@id":"https:\/\/abc-latina.com\/civilisations\/zapoteque\/#breadcrumb","itemListElement":[{"@type":"ListItem","position":1,"name":"Accueil","item":"https:\/\/abc-latina.com\/"},{"@type":"ListItem","position":2,"name":"Les ZAPOTEQUES"}]},{"@type":"WebSite","@id":"https:\/\/abc-latina.com\/#website","url":"https:\/\/abc-latina.com\/","name":"Abc-latina","description":"","publisher":{"@id":"https:\/\/abc-latina.com\/#organization"},"potentialAction":[{"@type":"SearchAction","target":{"@type":"EntryPoint","urlTemplate":"https:\/\/abc-latina.com\/?s={search_term_string}"},"query-input":{"@type":"PropertyValueSpecification","valueRequired":true,"valueName":"search_term_string"}}],"inLanguage":"fr-FR"},{"@type":"Organization","@id":"https:\/\/abc-latina.com\/#organization","name":"Abc-latina","url":"https:\/\/abc-latina.com\/","logo":{"@type":"ImageObject","inLanguage":"fr-FR","@id":"https:\/\/abc-latina.com\/#\/schema\/logo\/image\/","url":"https:\/\/abc-latina.com\/wp-content\/uploads\/2026\/05\/cropped-logo.gif","contentUrl":"https:\/\/abc-latina.com\/wp-content\/uploads\/2026\/05\/cropped-logo.gif","width":89,"height":84,"caption":"Abc-latina"},"image":{"@id":"https:\/\/abc-latina.com\/#\/schema\/logo\/image\/"}}]}},"_links":{"self":[{"href":"https:\/\/abc-latina.com\/wp-json\/wp\/v2\/pages\/2000","targetHints":{"allow":["GET"]}}],"collection":[{"href":"https:\/\/abc-latina.com\/wp-json\/wp\/v2\/pages"}],"about":[{"href":"https:\/\/abc-latina.com\/wp-json\/wp\/v2\/types\/page"}],"author":[{"embeddable":true,"href":"https:\/\/abc-latina.com\/wp-json\/wp\/v2\/users\/3"}],"replies":[{"embeddable":true,"href":"https:\/\/abc-latina.com\/wp-json\/wp\/v2\/comments?post=2000"}],"version-history":[{"count":1,"href":"https:\/\/abc-latina.com\/wp-json\/wp\/v2\/pages\/2000\/revisions"}],"predecessor-version":[{"id":3325,"href":"https:\/\/abc-latina.com\/wp-json\/wp\/v2\/pages\/2000\/revisions\/3325"}],"up":[{"embeddable":true,"href":"https:\/\/abc-latina.com\/wp-json\/wp\/v2\/pages\/1971"}],"wp:featuredmedia":[{"embeddable":true,"href":"https:\/\/abc-latina.com\/wp-json\/wp\/v2\/media\/1999"}],"wp:attachment":[{"href":"https:\/\/abc-latina.com\/wp-json\/wp\/v2\/media?parent=2000"}],"curies":[{"name":"wp","href":"https:\/\/api.w.org\/{rel}","templated":true}]}}