{"id":2007,"date":"2010-08-03T04:59:00","date_gmt":"2010-08-03T02:59:00","guid":{"rendered":"http:\/\/abc-latina.com\/indiens_pemons-php\/"},"modified":"2026-04-30T18:24:56","modified_gmt":"2026-04-30T16:24:56","slug":"indiens_pemons","status":"publish","type":"page","link":"https:\/\/abc-latina.com\/civilisations\/indiens_pemons\/","title":{"rendered":"Les INDIENS PEMONS"},"content":{"rendered":"<div>Des 25.000 <span class=\"tourisme-chapitre\">Indiens P\u00e9mons<\/span> qui peuplent le sud-est du <a href=\"https:\/\/www.abc-latina.com\/venezuela\/\" target=\"_blank\">Venezuela<\/a>, les trois quarts vivent dans le Parque Nacional Canaima. Ils n&rsquo;ont \u00e9migr\u00e9 dans cette r\u00e9gion qu&rsquo;\u00e0 une p\u00e9riode relativement recente (il y a environ 200 ans), mais curieusement de nombreux sites portent des noms p\u00e9mons ou sont pr\u00e9sents dans la Mythologie p\u00e9mon. Les Canaimas, par exemple, sont des esprits malins qui, selon les Indiens, habitent les tepuis et volent leurs \u00e2mes aux hommes. Ce peuple vit en \u00e9troite symbiose avec la nature et attache une signification spirituelle aux tepuis comme aux chutes d&rsquo;eau.<\/p>\n<div>Traditionnellement, les P\u00e9mons pratiquaient l&rsquo;agriculture de subsistance, la chasse et la p\u00eache, mais beaucoup d&rsquo;entre eux se sont recemment tourn\u00e9s vers le tourisme et l&rsquo;industrie miniere, malheuresementen pleine expension. Toute la r\u00e9gion du parc recele en effet d&rsquo;abondants gisements d&rsquo;or et de diamant et, peu \u00e0 peu, le gouvernement transgresse les lois qui protegent de l&rsquo;exploitation ce site class\u00e9 patrimoine mondial. En 1998, les actions des P\u00e9mons pour tenter d&rsquo;arreter la construction dans le parc d&rsquo;une ligne \u00e0 haute tension et de plusieurs transformateurs ont eu des \u00e9chos dans les m\u00e9dias internationaux.<\/div>\n<\/div>\n","protected":false},"excerpt":{"rendered":"<p>Des 25.000 Indiens P\u00e9mons qui peuplent le sud-est du Venezuela, les trois quarts vivent dans le Parque Nacional Canaima. Ils [&hellip;]<\/p>\n","protected":false},"author":3,"featured_media":0,"parent":1971,"menu_order":0,"comment_status":"closed","ping_status":"closed","template":"","meta":{"site-sidebar-layout":"default","site-content-layout":"","ast-site-content-layout":"default","site-content-style":"default","site-sidebar-style":"default","ast-global-header-display":"","ast-banner-title-visibility":"","ast-main-header-display":"","ast-hfb-above-header-display":"","ast-hfb-below-header-display":"","ast-hfb-mobile-header-display":"","site-post-title":"","ast-breadcrumbs-content":"","ast-featured-img":"","footer-sml-layout":"","ast-disable-related-posts":"","theme-transparent-header-meta":"","adv-header-id-meta":"","stick-header-meta":"","header-above-stick-meta":"","header-main-stick-meta":"","header-below-stick-meta":"","astra-migrate-meta-layouts":"default","ast-page-background-enabled":"default","ast-page-background-meta":{"desktop":{"background-color":"var(--ast-global-color-5)","background-image":"","background-repeat":"repeat","background-position":"center center","background-size":"auto","background-attachment":"scroll","background-type":"","background-media":"","overlay-type":"","overlay-color":"","overlay-opacity":"","overlay-gradient":""},"tablet":{"background-color":"","background-image":"","background-repeat":"repeat","background-position":"center center","background-size":"auto","background-attachment":"scroll","background-type":"","background-media":"","overlay-type":"","overlay-color":"","overlay-opacity":"","overlay-gradient":""},"mobile":{"background-color":"","background-image":"","background-repeat":"repeat","background-position":"center center","background-size":"auto","background-attachment":"scroll","background-type":"","background-media":"","overlay-type":"","overlay-color":"","overlay-opacity":"","overlay-gradient":""}},"ast-content-background-meta":{"desktop":{"background-color":"var(--ast-global-color-4)","background-image":"","background-repeat":"repeat","background-position":"center center","background-size":"auto","background-attachment":"scroll","background-type":"","background-media":"","overlay-type":"","overlay-color":"","overlay-opacity":"","overlay-gradient":""},"tablet":{"background-color":"var(--ast-global-color-4)","background-image":"","background-repeat":"repeat","background-position":"center center","background-size":"auto","background-attachment":"scroll","background-type":"","background-media":"","overlay-type":"","overlay-color":"","overlay-opacity":"","overlay-gradient":""},"mobile":{"background-color":"var(--ast-global-color-4)","background-image":"","background-repeat":"repeat","background-position":"center center","background-size":"auto","background-attachment":"scroll","background-type":"","background-media":"","overlay-type":"","overlay-color":"","overlay-opacity":"","overlay-gradient":""}},"footnotes":""},"class_list":["post-2007","page","type-page","status-publish","hentry"],"yoast_head":"<!-- This site is optimized with the Yoast SEO plugin v27.5 - https:\/\/yoast.com\/product\/yoast-seo-wordpress\/ -->\n<title>Les INDIENS PEMONS - Abc-latina<\/title>\n<meta name=\"description\" content=\"Les indiens p\u00e9mons.\" \/>\n<meta name=\"robots\" content=\"index, follow, max-snippet:-1, max-image-preview:large, max-video-preview:-1\" \/>\n<link rel=\"canonical\" href=\"https:\/\/abc-latina.com\/civilisations\/indiens_pemons\/\" \/>\n<meta property=\"og:locale\" content=\"fr_FR\" \/>\n<meta property=\"og:type\" content=\"article\" \/>\n<meta property=\"og:title\" content=\"Les INDIENS PEMONS - Abc-latina\" \/>\n<meta property=\"og:description\" content=\"Les indiens p\u00e9mons.\" \/>\n<meta property=\"og:url\" content=\"https:\/\/abc-latina.com\/civilisations\/indiens_pemons\/\" \/>\n<meta property=\"og:site_name\" content=\"Abc-latina\" \/>\n<meta property=\"article:modified_time\" content=\"2026-04-30T16:24:56+00:00\" \/>\n<meta name=\"twitter:card\" content=\"summary_large_image\" \/>\n<meta name=\"twitter:label1\" content=\"Dur\u00e9e de lecture estim\u00e9e\" \/>\n\t<meta name=\"twitter:data1\" content=\"1 minute\" \/>\n<script type=\"application\/ld+json\" class=\"yoast-schema-graph\">{\"@context\":\"https:\\\/\\\/schema.org\",\"@graph\":[{\"@type\":\"WebPage\",\"@id\":\"https:\\\/\\\/abc-latina.com\\\/civilisations\\\/indiens_pemons\\\/\",\"url\":\"https:\\\/\\\/abc-latina.com\\\/civilisations\\\/indiens_pemons\\\/\",\"name\":\"Les INDIENS PEMONS - Abc-latina\",\"isPartOf\":{\"@id\":\"https:\\\/\\\/abc-latina.com\\\/#website\"},\"datePublished\":\"2010-08-03T02:59:00+00:00\",\"dateModified\":\"2026-04-30T16:24:56+00:00\",\"description\":\"Les indiens p\u00e9mons.\",\"breadcrumb\":{\"@id\":\"https:\\\/\\\/abc-latina.com\\\/civilisations\\\/indiens_pemons\\\/#breadcrumb\"},\"inLanguage\":\"fr-FR\",\"potentialAction\":[{\"@type\":\"ReadAction\",\"target\":[\"https:\\\/\\\/abc-latina.com\\\/civilisations\\\/indiens_pemons\\\/\"]}]},{\"@type\":\"BreadcrumbList\",\"@id\":\"https:\\\/\\\/abc-latina.com\\\/civilisations\\\/indiens_pemons\\\/#breadcrumb\",\"itemListElement\":[{\"@type\":\"ListItem\",\"position\":1,\"name\":\"Accueil\",\"item\":\"https:\\\/\\\/abc-latina.com\\\/\"},{\"@type\":\"ListItem\",\"position\":2,\"name\":\"Les INDIENS PEMONS\"}]},{\"@type\":\"WebSite\",\"@id\":\"https:\\\/\\\/abc-latina.com\\\/#website\",\"url\":\"https:\\\/\\\/abc-latina.com\\\/\",\"name\":\"Abc-latina\",\"description\":\"\",\"publisher\":{\"@id\":\"https:\\\/\\\/abc-latina.com\\\/#organization\"},\"potentialAction\":[{\"@type\":\"SearchAction\",\"target\":{\"@type\":\"EntryPoint\",\"urlTemplate\":\"https:\\\/\\\/abc-latina.com\\\/?s={search_term_string}\"},\"query-input\":{\"@type\":\"PropertyValueSpecification\",\"valueRequired\":true,\"valueName\":\"search_term_string\"}}],\"inLanguage\":\"fr-FR\"},{\"@type\":\"Organization\",\"@id\":\"https:\\\/\\\/abc-latina.com\\\/#organization\",\"name\":\"Abc-latina\",\"url\":\"https:\\\/\\\/abc-latina.com\\\/\",\"logo\":{\"@type\":\"ImageObject\",\"inLanguage\":\"fr-FR\",\"@id\":\"https:\\\/\\\/abc-latina.com\\\/#\\\/schema\\\/logo\\\/image\\\/\",\"url\":\"https:\\\/\\\/abc-latina.com\\\/wp-content\\\/uploads\\\/2026\\\/05\\\/cropped-logo.gif\",\"contentUrl\":\"https:\\\/\\\/abc-latina.com\\\/wp-content\\\/uploads\\\/2026\\\/05\\\/cropped-logo.gif\",\"width\":89,\"height\":84,\"caption\":\"Abc-latina\"},\"image\":{\"@id\":\"https:\\\/\\\/abc-latina.com\\\/#\\\/schema\\\/logo\\\/image\\\/\"}}]}<\/script>\n<!-- \/ Yoast SEO plugin. -->","yoast_head_json":{"title":"Les INDIENS PEMONS - Abc-latina","description":"Les indiens p\u00e9mons.","robots":{"index":"index","follow":"follow","max-snippet":"max-snippet:-1","max-image-preview":"max-image-preview:large","max-video-preview":"max-video-preview:-1"},"canonical":"https:\/\/abc-latina.com\/civilisations\/indiens_pemons\/","og_locale":"fr_FR","og_type":"article","og_title":"Les INDIENS PEMONS - Abc-latina","og_description":"Les indiens p\u00e9mons.","og_url":"https:\/\/abc-latina.com\/civilisations\/indiens_pemons\/","og_site_name":"Abc-latina","article_modified_time":"2026-04-30T16:24:56+00:00","twitter_card":"summary_large_image","twitter_misc":{"Dur\u00e9e de lecture estim\u00e9e":"1 minute"},"schema":{"@context":"https:\/\/schema.org","@graph":[{"@type":"WebPage","@id":"https:\/\/abc-latina.com\/civilisations\/indiens_pemons\/","url":"https:\/\/abc-latina.com\/civilisations\/indiens_pemons\/","name":"Les INDIENS PEMONS - Abc-latina","isPartOf":{"@id":"https:\/\/abc-latina.com\/#website"},"datePublished":"2010-08-03T02:59:00+00:00","dateModified":"2026-04-30T16:24:56+00:00","description":"Les indiens p\u00e9mons.","breadcrumb":{"@id":"https:\/\/abc-latina.com\/civilisations\/indiens_pemons\/#breadcrumb"},"inLanguage":"fr-FR","potentialAction":[{"@type":"ReadAction","target":["https:\/\/abc-latina.com\/civilisations\/indiens_pemons\/"]}]},{"@type":"BreadcrumbList","@id":"https:\/\/abc-latina.com\/civilisations\/indiens_pemons\/#breadcrumb","itemListElement":[{"@type":"ListItem","position":1,"name":"Accueil","item":"https:\/\/abc-latina.com\/"},{"@type":"ListItem","position":2,"name":"Les INDIENS PEMONS"}]},{"@type":"WebSite","@id":"https:\/\/abc-latina.com\/#website","url":"https:\/\/abc-latina.com\/","name":"Abc-latina","description":"","publisher":{"@id":"https:\/\/abc-latina.com\/#organization"},"potentialAction":[{"@type":"SearchAction","target":{"@type":"EntryPoint","urlTemplate":"https:\/\/abc-latina.com\/?s={search_term_string}"},"query-input":{"@type":"PropertyValueSpecification","valueRequired":true,"valueName":"search_term_string"}}],"inLanguage":"fr-FR"},{"@type":"Organization","@id":"https:\/\/abc-latina.com\/#organization","name":"Abc-latina","url":"https:\/\/abc-latina.com\/","logo":{"@type":"ImageObject","inLanguage":"fr-FR","@id":"https:\/\/abc-latina.com\/#\/schema\/logo\/image\/","url":"https:\/\/abc-latina.com\/wp-content\/uploads\/2026\/05\/cropped-logo.gif","contentUrl":"https:\/\/abc-latina.com\/wp-content\/uploads\/2026\/05\/cropped-logo.gif","width":89,"height":84,"caption":"Abc-latina"},"image":{"@id":"https:\/\/abc-latina.com\/#\/schema\/logo\/image\/"}}]}},"_links":{"self":[{"href":"https:\/\/abc-latina.com\/wp-json\/wp\/v2\/pages\/2007","targetHints":{"allow":["GET"]}}],"collection":[{"href":"https:\/\/abc-latina.com\/wp-json\/wp\/v2\/pages"}],"about":[{"href":"https:\/\/abc-latina.com\/wp-json\/wp\/v2\/types\/page"}],"author":[{"embeddable":true,"href":"https:\/\/abc-latina.com\/wp-json\/wp\/v2\/users\/3"}],"replies":[{"embeddable":true,"href":"https:\/\/abc-latina.com\/wp-json\/wp\/v2\/comments?post=2007"}],"version-history":[{"count":1,"href":"https:\/\/abc-latina.com\/wp-json\/wp\/v2\/pages\/2007\/revisions"}],"predecessor-version":[{"id":3288,"href":"https:\/\/abc-latina.com\/wp-json\/wp\/v2\/pages\/2007\/revisions\/3288"}],"up":[{"embeddable":true,"href":"https:\/\/abc-latina.com\/wp-json\/wp\/v2\/pages\/1971"}],"wp:attachment":[{"href":"https:\/\/abc-latina.com\/wp-json\/wp\/v2\/media?parent=2007"}],"curies":[{"name":"wp","href":"https:\/\/api.w.org\/{rel}","templated":true}]}}