{"id":2008,"date":"2010-08-03T05:11:57","date_gmt":"2010-08-03T03:11:57","guid":{"rendered":"http:\/\/abc-latina.com\/indiens_yanomami-php\/"},"modified":"2026-04-30T18:24:56","modified_gmt":"2026-04-30T16:24:56","slug":"indiens_yanomami","status":"publish","type":"page","link":"https:\/\/abc-latina.com\/civilisations\/indiens_yanomami\/","title":{"rendered":"Les INDIENS YANOMAMIS"},"content":{"rendered":"<div>Evalu\u00e9e aujourd&rsquo;hui \u00e0 environ 20 000 individus, cette population constitue l&rsquo;ethnie non seulement la plus pr\u00e9serv\u00e9e mais la plus importante de toute l&rsquo;Amazonie du Nord.<\/div>\n<div>Vivant en communaut\u00e9, les <span class=\"tourisme-chapitre\">Yanomami<\/span> \u00e9tablissent leur yano, une hutte de joncs et de palmes constituant le village, en bordure des cours d&rsquo;eau. Leur \u00e9conomie de base se compose principalement de la culture du plantain et d&rsquo;une soixantaine d&rsquo;autres plantes \u00e0 laquelle s&rsquo;ajoutent la cueillette, la chasse \u00e0 l&rsquo;arc ainsi que la p\u00eache au harpon et au barbasco (drogue v\u00e9g\u00e9tale ayant la propri\u00e9t\u00e9, lorsque dissoute dans l&rsquo;eau, d&rsquo;asphyxier les poissons le temps de leur capture). Environ tous les dix ans, le village entier d\u00e9m\u00e9nage afin de trouver ailleurs une terre vierge, que l&rsquo;on d\u00e9frichera de nouveau. Cette mobilit\u00e9 permet aussi la for\u00eat de se r\u00e9g\u00e9n\u00e9rer derri\u00e8re eux.<\/div>\n<div>Les Yanomami ont eu jusqu&rsquo;\u00e0 maintenant des contacts restreints avec les Blancs, et le dialogue entre ces deux races s&rsquo;est longtemps limit\u00e9 \u00e0 l&rsquo;\u00e9change de fl\u00e8ches empoisonn\u00e9es et de coups de fusil. D\u00e9j\u00e0 consid\u00e9rablement r\u00e9duite depuis la conqu\u00eate des Am\u00e9riques, la population Yanomami lutte aujourd&rsquo;hui pour sa survie face aux multiples facteurs qui la menacent. L&rsquo;invasion du territoire amazonien par l&rsquo;homme blanc, int\u00e9ress\u00e9 par l&rsquo;exploitation de ses richesses, constitue la principale menace \u00e0 la survie des communaut\u00e9s Yanomami. En outre les maladies que transmettent les Blancs, contre lesquelles ils n&rsquo;ont d\u00e9velopp\u00e9 aucun anticorps, leur sont bien souvent fatales.<\/div>\n<div>Au d\u00e9but des ann\u00e9es 70, l&rsquo;organisation Survival International a entrepris une campagne internationale d&rsquo;information et d&rsquo;alerte, qui aboutit \u00e0 la cr\u00e9ation de territoires r\u00e9serv\u00e9s au Yanomami par les gouvernements du <a href=\"https:\/\/www.abc-latina.com\/bresil\/\" target=\"_blank\">Br\u00e9sil<\/a> et du <a href=\"https:\/\/www.abc-latina.com\/venezuela\/\" target=\"_blank\">Venezuela<\/a>. Cons\u00e9quemment, l&rsquo;acc\u00e8s \u00e0 ces territoires n\u00e9cessite une permission sp\u00e9ciale de la part des autorit\u00e9s.<\/div>\n","protected":false},"excerpt":{"rendered":"<p>Evalu\u00e9e aujourd&rsquo;hui \u00e0 environ 20 000 individus, cette population constitue l&rsquo;ethnie non seulement la plus pr\u00e9serv\u00e9e mais la plus importante [&hellip;]<\/p>\n","protected":false},"author":3,"featured_media":0,"parent":1971,"menu_order":0,"comment_status":"closed","ping_status":"closed","template":"","meta":{"site-sidebar-layout":"default","site-content-layout":"","ast-site-content-layout":"default","site-content-style":"default","site-sidebar-style":"default","ast-global-header-display":"","ast-banner-title-visibility":"","ast-main-header-display":"","ast-hfb-above-header-display":"","ast-hfb-below-header-display":"","ast-hfb-mobile-header-display":"","site-post-title":"","ast-breadcrumbs-content":"","ast-featured-img":"","footer-sml-layout":"","ast-disable-related-posts":"","theme-transparent-header-meta":"","adv-header-id-meta":"","stick-header-meta":"","header-above-stick-meta":"","header-main-stick-meta":"","header-below-stick-meta":"","astra-migrate-meta-layouts":"default","ast-page-background-enabled":"default","ast-page-background-meta":{"desktop":{"background-color":"var(--ast-global-color-5)","background-image":"","background-repeat":"repeat","background-position":"center center","background-size":"auto","background-attachment":"scroll","background-type":"","background-media":"","overlay-type":"","overlay-color":"","overlay-opacity":"","overlay-gradient":""},"tablet":{"background-color":"","background-image":"","background-repeat":"repeat","background-position":"center center","background-size":"auto","background-attachment":"scroll","background-type":"","background-media":"","overlay-type":"","overlay-color":"","overlay-opacity":"","overlay-gradient":""},"mobile":{"background-color":"","background-image":"","background-repeat":"repeat","background-position":"center center","background-size":"auto","background-attachment":"scroll","background-type":"","background-media":"","overlay-type":"","overlay-color":"","overlay-opacity":"","overlay-gradient":""}},"ast-content-background-meta":{"desktop":{"background-color":"var(--ast-global-color-4)","background-image":"","background-repeat":"repeat","background-position":"center center","background-size":"auto","background-attachment":"scroll","background-type":"","background-media":"","overlay-type":"","overlay-color":"","overlay-opacity":"","overlay-gradient":""},"tablet":{"background-color":"var(--ast-global-color-4)","background-image":"","background-repeat":"repeat","background-position":"center center","background-size":"auto","background-attachment":"scroll","background-type":"","background-media":"","overlay-type":"","overlay-color":"","overlay-opacity":"","overlay-gradient":""},"mobile":{"background-color":"var(--ast-global-color-4)","background-image":"","background-repeat":"repeat","background-position":"center center","background-size":"auto","background-attachment":"scroll","background-type":"","background-media":"","overlay-type":"","overlay-color":"","overlay-opacity":"","overlay-gradient":""}},"footnotes":""},"class_list":["post-2008","page","type-page","status-publish","hentry"],"yoast_head":"<!-- This site is optimized with the Yoast SEO plugin v27.5 - https:\/\/yoast.com\/product\/yoast-seo-wordpress\/ -->\n<title>Les INDIENS YANOMAMIS - Abc-latina<\/title>\n<meta name=\"description\" content=\"Les indiens Yanomamis.\" \/>\n<meta name=\"robots\" content=\"index, follow, max-snippet:-1, max-image-preview:large, max-video-preview:-1\" \/>\n<link rel=\"canonical\" href=\"https:\/\/abc-latina.com\/civilisations\/indiens_yanomami\/\" \/>\n<meta property=\"og:locale\" content=\"fr_FR\" \/>\n<meta property=\"og:type\" content=\"article\" \/>\n<meta property=\"og:title\" content=\"Les INDIENS YANOMAMIS - Abc-latina\" \/>\n<meta property=\"og:description\" content=\"Les indiens Yanomamis.\" \/>\n<meta property=\"og:url\" content=\"https:\/\/abc-latina.com\/civilisations\/indiens_yanomami\/\" \/>\n<meta property=\"og:site_name\" content=\"Abc-latina\" \/>\n<meta property=\"article:modified_time\" content=\"2026-04-30T16:24:56+00:00\" \/>\n<meta name=\"twitter:card\" content=\"summary_large_image\" \/>\n<meta name=\"twitter:label1\" content=\"Dur\u00e9e de lecture estim\u00e9e\" \/>\n\t<meta name=\"twitter:data1\" content=\"2 minutes\" \/>\n<script type=\"application\/ld+json\" class=\"yoast-schema-graph\">{\"@context\":\"https:\\\/\\\/schema.org\",\"@graph\":[{\"@type\":\"WebPage\",\"@id\":\"https:\\\/\\\/abc-latina.com\\\/civilisations\\\/indiens_yanomami\\\/\",\"url\":\"https:\\\/\\\/abc-latina.com\\\/civilisations\\\/indiens_yanomami\\\/\",\"name\":\"Les INDIENS YANOMAMIS - Abc-latina\",\"isPartOf\":{\"@id\":\"https:\\\/\\\/abc-latina.com\\\/#website\"},\"datePublished\":\"2010-08-03T03:11:57+00:00\",\"dateModified\":\"2026-04-30T16:24:56+00:00\",\"description\":\"Les indiens Yanomamis.\",\"breadcrumb\":{\"@id\":\"https:\\\/\\\/abc-latina.com\\\/civilisations\\\/indiens_yanomami\\\/#breadcrumb\"},\"inLanguage\":\"fr-FR\",\"potentialAction\":[{\"@type\":\"ReadAction\",\"target\":[\"https:\\\/\\\/abc-latina.com\\\/civilisations\\\/indiens_yanomami\\\/\"]}]},{\"@type\":\"BreadcrumbList\",\"@id\":\"https:\\\/\\\/abc-latina.com\\\/civilisations\\\/indiens_yanomami\\\/#breadcrumb\",\"itemListElement\":[{\"@type\":\"ListItem\",\"position\":1,\"name\":\"Accueil\",\"item\":\"https:\\\/\\\/abc-latina.com\\\/\"},{\"@type\":\"ListItem\",\"position\":2,\"name\":\"Les INDIENS YANOMAMIS\"}]},{\"@type\":\"WebSite\",\"@id\":\"https:\\\/\\\/abc-latina.com\\\/#website\",\"url\":\"https:\\\/\\\/abc-latina.com\\\/\",\"name\":\"Abc-latina\",\"description\":\"\",\"publisher\":{\"@id\":\"https:\\\/\\\/abc-latina.com\\\/#organization\"},\"potentialAction\":[{\"@type\":\"SearchAction\",\"target\":{\"@type\":\"EntryPoint\",\"urlTemplate\":\"https:\\\/\\\/abc-latina.com\\\/?s={search_term_string}\"},\"query-input\":{\"@type\":\"PropertyValueSpecification\",\"valueRequired\":true,\"valueName\":\"search_term_string\"}}],\"inLanguage\":\"fr-FR\"},{\"@type\":\"Organization\",\"@id\":\"https:\\\/\\\/abc-latina.com\\\/#organization\",\"name\":\"Abc-latina\",\"url\":\"https:\\\/\\\/abc-latina.com\\\/\",\"logo\":{\"@type\":\"ImageObject\",\"inLanguage\":\"fr-FR\",\"@id\":\"https:\\\/\\\/abc-latina.com\\\/#\\\/schema\\\/logo\\\/image\\\/\",\"url\":\"https:\\\/\\\/abc-latina.com\\\/wp-content\\\/uploads\\\/2026\\\/05\\\/cropped-logo.gif\",\"contentUrl\":\"https:\\\/\\\/abc-latina.com\\\/wp-content\\\/uploads\\\/2026\\\/05\\\/cropped-logo.gif\",\"width\":89,\"height\":84,\"caption\":\"Abc-latina\"},\"image\":{\"@id\":\"https:\\\/\\\/abc-latina.com\\\/#\\\/schema\\\/logo\\\/image\\\/\"}}]}<\/script>\n<!-- \/ Yoast SEO plugin. -->","yoast_head_json":{"title":"Les INDIENS YANOMAMIS - Abc-latina","description":"Les indiens Yanomamis.","robots":{"index":"index","follow":"follow","max-snippet":"max-snippet:-1","max-image-preview":"max-image-preview:large","max-video-preview":"max-video-preview:-1"},"canonical":"https:\/\/abc-latina.com\/civilisations\/indiens_yanomami\/","og_locale":"fr_FR","og_type":"article","og_title":"Les INDIENS YANOMAMIS - Abc-latina","og_description":"Les indiens Yanomamis.","og_url":"https:\/\/abc-latina.com\/civilisations\/indiens_yanomami\/","og_site_name":"Abc-latina","article_modified_time":"2026-04-30T16:24:56+00:00","twitter_card":"summary_large_image","twitter_misc":{"Dur\u00e9e de lecture estim\u00e9e":"2 minutes"},"schema":{"@context":"https:\/\/schema.org","@graph":[{"@type":"WebPage","@id":"https:\/\/abc-latina.com\/civilisations\/indiens_yanomami\/","url":"https:\/\/abc-latina.com\/civilisations\/indiens_yanomami\/","name":"Les INDIENS YANOMAMIS - Abc-latina","isPartOf":{"@id":"https:\/\/abc-latina.com\/#website"},"datePublished":"2010-08-03T03:11:57+00:00","dateModified":"2026-04-30T16:24:56+00:00","description":"Les indiens Yanomamis.","breadcrumb":{"@id":"https:\/\/abc-latina.com\/civilisations\/indiens_yanomami\/#breadcrumb"},"inLanguage":"fr-FR","potentialAction":[{"@type":"ReadAction","target":["https:\/\/abc-latina.com\/civilisations\/indiens_yanomami\/"]}]},{"@type":"BreadcrumbList","@id":"https:\/\/abc-latina.com\/civilisations\/indiens_yanomami\/#breadcrumb","itemListElement":[{"@type":"ListItem","position":1,"name":"Accueil","item":"https:\/\/abc-latina.com\/"},{"@type":"ListItem","position":2,"name":"Les INDIENS YANOMAMIS"}]},{"@type":"WebSite","@id":"https:\/\/abc-latina.com\/#website","url":"https:\/\/abc-latina.com\/","name":"Abc-latina","description":"","publisher":{"@id":"https:\/\/abc-latina.com\/#organization"},"potentialAction":[{"@type":"SearchAction","target":{"@type":"EntryPoint","urlTemplate":"https:\/\/abc-latina.com\/?s={search_term_string}"},"query-input":{"@type":"PropertyValueSpecification","valueRequired":true,"valueName":"search_term_string"}}],"inLanguage":"fr-FR"},{"@type":"Organization","@id":"https:\/\/abc-latina.com\/#organization","name":"Abc-latina","url":"https:\/\/abc-latina.com\/","logo":{"@type":"ImageObject","inLanguage":"fr-FR","@id":"https:\/\/abc-latina.com\/#\/schema\/logo\/image\/","url":"https:\/\/abc-latina.com\/wp-content\/uploads\/2026\/05\/cropped-logo.gif","contentUrl":"https:\/\/abc-latina.com\/wp-content\/uploads\/2026\/05\/cropped-logo.gif","width":89,"height":84,"caption":"Abc-latina"},"image":{"@id":"https:\/\/abc-latina.com\/#\/schema\/logo\/image\/"}}]}},"_links":{"self":[{"href":"https:\/\/abc-latina.com\/wp-json\/wp\/v2\/pages\/2008","targetHints":{"allow":["GET"]}}],"collection":[{"href":"https:\/\/abc-latina.com\/wp-json\/wp\/v2\/pages"}],"about":[{"href":"https:\/\/abc-latina.com\/wp-json\/wp\/v2\/types\/page"}],"author":[{"embeddable":true,"href":"https:\/\/abc-latina.com\/wp-json\/wp\/v2\/users\/3"}],"replies":[{"embeddable":true,"href":"https:\/\/abc-latina.com\/wp-json\/wp\/v2\/comments?post=2008"}],"version-history":[{"count":1,"href":"https:\/\/abc-latina.com\/wp-json\/wp\/v2\/pages\/2008\/revisions"}],"predecessor-version":[{"id":3289,"href":"https:\/\/abc-latina.com\/wp-json\/wp\/v2\/pages\/2008\/revisions\/3289"}],"up":[{"embeddable":true,"href":"https:\/\/abc-latina.com\/wp-json\/wp\/v2\/pages\/1971"}],"wp:attachment":[{"href":"https:\/\/abc-latina.com\/wp-json\/wp\/v2\/media?parent=2008"}],"curies":[{"name":"wp","href":"https:\/\/api.w.org\/{rel}","templated":true}]}}