{"id":201,"date":"2010-06-03T23:53:41","date_gmt":"2010-06-03T21:53:41","guid":{"rendered":"http:\/\/abc-latina.com\/santa_cruz-htm\/"},"modified":"2026-04-30T18:24:49","modified_gmt":"2026-04-30T16:24:49","slug":"santa_cruz","status":"publish","type":"page","link":"https:\/\/abc-latina.com\/bolivie\/santa_cruz\/","title":{"rendered":"SANTA CRUZ"},"content":{"rendered":"<div><span class=\"tourisme-chapitre\"><img loading=\"lazy\" decoding=\"async\" class=\" alignright size-full wp-image-200\" title=\"SANTA CRUZ\" src=\"http:\/\/abc-latina.com\/wp-content\/uploads\/2010\/06\/santa-cruz.jpg\" alt=\"\" width=\"220\" vspace=\"9\" hspace=\"15\" height=\"220\" align=\"right\" srcset=\"https:\/\/abc-latina.com\/wp-content\/uploads\/2010\/06\/santa-cruz.jpg 220w, https:\/\/abc-latina.com\/wp-content\/uploads\/2010\/06\/santa-cruz-150x150.jpg 150w\" sizes=\"auto, (max-width: 220px) 100vw, 220px\" \/>Santa Cruz<\/span> de la Sierra est devenue, en l&rsquo;espace de 20 ans, le p\u00f4le du D\u00e9veloppement de la Bolivie, elle est aussi la ville la plus peupl\u00e9e de Bolivie (plus de 1,5 millions d&rsquo;habitants). Elle s&rsquo;est enrichie gr\u00e2ce au p\u00e9trole et au gaz.<\/div>\n<div>Mais Santa Cruz est aussi et surtout la porte d&rsquo;entr\u00e9e de l&rsquo;autre Bolivie. Une Bolivie diff\u00e9rente et compl\u00e9mentaire de celle des Andes et des vall\u00e9es. Les m\u0153urs y sont quelque peu diff\u00e9rentes. Les habitants de Santa Cruz sont ouverts, f\u00eatards et d&rsquo;un caract\u00e8re gai qui s&rsquo;oppose \u00e0 l&rsquo;apparente duret\u00e9 des habitants des Andes en G\u00e9n\u00e9ral.<\/div>\n<div>&nbsp;<\/div>\n<div><strong>A voir dans la ville<\/strong><\/div>\n<div>La cath\u00e9drale domine la Plaza 24 de Septiembre, o\u00f9 l&rsquo;on trouve dans les branches des tamarins, une dizaine de paresseux constituent la principale attraction du lieu.<\/div>\n<div>Le <span class=\"tourisme-unesco\">mus\u00e9e de la Cath\u00e9drale<\/span> est modeste mais il donne un bon aper\u00e7u de l&rsquo;art religieux de cette partie de la Bolivie.<\/div>\n<div>Le <span class=\"tourisme-unesco\">mus\u00e9e du Folklore<\/span> retrace les principales caract\u00e9ristiques des danses boliviennes.<\/div>\n<div>Le <span class=\"tourisme-unesco\">zoo de Santa Cruz<\/span> concentre les diff\u00e9rentes esp\u00e8ces qui peuplent l&rsquo;Oriente : condors, macaques, pythons, ours \u00e0 lunettes, tapirs, ca\u00efmans, panth\u00e8res et une collection de tarentules et serpents.<\/div>\n<div>&nbsp;<\/div>\n<div><strong><a target=\"_blank\" href=\"tour_operateur\"><img loading=\"lazy\" decoding=\"async\" class=\" size-full wp-image-41\" src=\"http:\/\/abc-latina.com\/wp-content\/uploads\/2010\/04\/timbre_to.gif\" class=\"touroperateur\" alt=\"\" width=\"125\" height=\"90\" \/><\/a>Dans les environs de Santa Cruz<\/strong><\/div>\n<div>A cent kilom\u00e8tres \u00e0 l&rsquo;ouest de Santa Cruz, on peut visiter l&rsquo;\u00e9tonnante forteresse de <span class=\"tourisme-unesco\">Samaipata<\/span> qui marque le point limite entre la cordill\u00e8re et l&rsquo;Amazonie.<\/div>\n<div>Santa Cruz est aussi une base de d\u00e9part pour des excursions vers les fabuleux parcs nationaux de l&rsquo;Amazonie, le Pantanal et les missions j\u00e9suites de Chiquitos et de Moxos.<\/div>\n<div>&nbsp;<\/div>\n<div><strong>Excursions :<\/strong><\/div>\n<div><span class=\"tourisme-unesco\">Espejillos<\/span>. A 47 kilom\u00e8tres de Santa Cruz se trouve un site paradisiaque o\u00f9 des cascades et des piscines naturelles invitent \u00e0 paresser dans l&rsquo;eau.<\/div>\n<div><span class=\"tourisme-unesco\">Porongo<\/span>. A 22 kilom\u00e8tres, un village colonial de l&rsquo;Oriente propose un \u00e9ventail de traditions et de jeux diff\u00e9rents de ceux de la culture andine. Il faut s&rsquo;y rendre le dimanche.<\/div>\n<div><span class=\"tourisme-unesco\">Le parc national Kempff<\/span> se situe \u00e0 l&rsquo;extr\u00eame nord-est de d\u00e9partement de Santa Cruz. Il n&rsquo;est accessible que par avion ou en 4&#215;4. Il s&rsquo;agit d&rsquo;un des plus extraordinaire parcs nationaux de l&rsquo;Amazonie en Am\u00e9rique Latine. On y d\u00e9nombre 600 esp\u00e8ces d&rsquo;oiseaux et plusieurs cascades donnent \u00e0 ce site un caract\u00e8re spectaculaire.<\/div>\n<p>&nbsp;<a target=\"_blank\" href=\"http:\/\/voyage.abc-latina.com\/voyage_bolivie\/bolivie.php\"><span class=\"sejour-circuit\"><br \/><\/span><\/a><\/p>\n<h3>Pr\u00e9parez votre voyage \u00e0 Santa Cruz:<\/h3>\n<div><a href=\"https:\/\/www.abc-latina.com\/bolivie\/agence_de_voyages\">Agences de voyage g\u00e9n\u00e9ralistes et discounteurs<\/a><\/div>\n<div><a href=\"https:\/\/www.abc-latina.com\/bolivie\/tour_operateur\">Tours Op\u00e9rateurs sp\u00e9cialistes de la Bolivie<\/a><\/div>\n<div><a target=\"_blank\" href=\"https:\/\/www.abc-latina.com\/to\/reservation_billet_avion\">R\u00e9servez votre billet d&rsquo;avion<\/a><\/div>\n<div><a target=\"_blank\" href=\"hotels\">R\u00e9servez votre h\u00f4tel \u00e0 Santa Cruz<\/a>&nbsp;<\/div>\n<div><a target=\"_blank\" href=\"https:\/\/www.abc-latina.com\/to\/location_de_voiture_bolivie\">Location de voiture<\/a><\/div>\n<p>&nbsp;<\/p>\n<div id=\"cont_5d8cc5895f244d8b5fe326141d88a496\"><span id=\"h_5d8cc5895f244d8b5fe326141d88a496\"><a style=\"color:#808080;font-family:2;font-size:14px;\" target=\"_blank\" href=\"http:\/\/www.tameteo.com\/meteo_Santa+Cruz+de+la+Sierra-Amerique+du+Sud-Bolivie-Santa+Cruz--1-17636l\" id=\"a_5d8cc5895f244d8b5fe326141d88a496\">Meteo<\/a> Santa Cruz de la Sierra<\/span><script type=\"text\/javascript\" src=\"http:\/\/www.tameteo.com\/wid_loader\/5d8cc5895f244d8b5fe326141d88a496\"><\/script><\/div>\n","protected":false},"excerpt":{"rendered":"<p>Santa Cruz de la Sierra est devenue, en l&rsquo;espace de 20 ans, le p\u00f4le du D\u00e9veloppement de la Bolivie, elle [&hellip;]<\/p>\n","protected":false},"author":3,"featured_media":200,"parent":2295,"menu_order":0,"comment_status":"closed","ping_status":"closed","template":"","meta":{"site-sidebar-layout":"default","site-content-layout":"","ast-site-content-layout":"default","site-content-style":"default","site-sidebar-style":"default","ast-global-header-display":"","ast-banner-title-visibility":"","ast-main-header-display":"","ast-hfb-above-header-display":"","ast-hfb-below-header-display":"","ast-hfb-mobile-header-display":"","site-post-title":"","ast-breadcrumbs-content":"","ast-featured-img":"","footer-sml-layout":"","ast-disable-related-posts":"","theme-transparent-header-meta":"","adv-header-id-meta":"","stick-header-meta":"","header-above-stick-meta":"","header-main-stick-meta":"","header-below-stick-meta":"","astra-migrate-meta-layouts":"default","ast-page-background-enabled":"default","ast-page-background-meta":{"desktop":{"background-color":"var(--ast-global-color-5)","background-image":"","background-repeat":"repeat","background-position":"center center","background-size":"auto","background-attachment":"scroll","background-type":"","background-media":"","overlay-type":"","overlay-color":"","overlay-opacity":"","overlay-gradient":""},"tablet":{"background-color":"","background-image":"","background-repeat":"repeat","background-position":"center center","background-size":"auto","background-attachment":"scroll","background-type":"","background-media":"","overlay-type":"","overlay-color":"","overlay-opacity":"","overlay-gradient":""},"mobile":{"background-color":"","background-image":"","background-repeat":"repeat","background-position":"center center","background-size":"auto","background-attachment":"scroll","background-type":"","background-media":"","overlay-type":"","overlay-color":"","overlay-opacity":"","overlay-gradient":""}},"ast-content-background-meta":{"desktop":{"background-color":"var(--ast-global-color-4)","background-image":"","background-repeat":"repeat","background-position":"center center","background-size":"auto","background-attachment":"scroll","background-type":"","background-media":"","overlay-type":"","overlay-color":"","overlay-opacity":"","overlay-gradient":""},"tablet":{"background-color":"var(--ast-global-color-4)","background-image":"","background-repeat":"repeat","background-position":"center center","background-size":"auto","background-attachment":"scroll","background-type":"","background-media":"","overlay-type":"","overlay-color":"","overlay-opacity":"","overlay-gradient":""},"mobile":{"background-color":"var(--ast-global-color-4)","background-image":"","background-repeat":"repeat","background-position":"center center","background-size":"auto","background-attachment":"scroll","background-type":"","background-media":"","overlay-type":"","overlay-color":"","overlay-opacity":"","overlay-gradient":""}},"footnotes":""},"class_list":["post-201","page","type-page","status-publish","has-post-thumbnail","hentry"],"yoast_head":"<!-- This site is optimized with the Yoast SEO plugin v27.5 - https:\/\/yoast.com\/product\/yoast-seo-wordpress\/ -->\n<title>SANTA CRUZ - Abc-latina<\/title>\n<meta name=\"description\" content=\"Voyage en Bolivie: La ville et la r\u00e9gion de Santa Cruz.\" \/>\n<meta name=\"robots\" content=\"index, follow, max-snippet:-1, max-image-preview:large, max-video-preview:-1\" \/>\n<link rel=\"canonical\" href=\"https:\/\/abc-latina.com\/bolivie\/santa_cruz\/\" \/>\n<meta property=\"og:locale\" content=\"fr_FR\" \/>\n<meta property=\"og:type\" content=\"article\" \/>\n<meta property=\"og:title\" content=\"SANTA CRUZ - Abc-latina\" \/>\n<meta property=\"og:description\" content=\"Voyage en Bolivie: La ville et la r\u00e9gion de Santa Cruz.\" \/>\n<meta property=\"og:url\" content=\"https:\/\/abc-latina.com\/bolivie\/santa_cruz\/\" \/>\n<meta property=\"og:site_name\" content=\"Abc-latina\" \/>\n<meta property=\"article:modified_time\" content=\"2026-04-30T16:24:49+00:00\" \/>\n<meta property=\"og:image\" content=\"https:\/\/abc-latina.com\/wp-content\/uploads\/2010\/06\/santa-cruz.jpg\" \/>\n\t<meta property=\"og:image:width\" content=\"220\" \/>\n\t<meta property=\"og:image:height\" content=\"220\" \/>\n\t<meta property=\"og:image:type\" content=\"image\/jpeg\" \/>\n<meta name=\"twitter:card\" content=\"summary_large_image\" \/>\n<meta name=\"twitter:label1\" content=\"Dur\u00e9e de lecture estim\u00e9e\" \/>\n\t<meta name=\"twitter:data1\" content=\"2 minutes\" \/>\n<script type=\"application\/ld+json\" class=\"yoast-schema-graph\">{\"@context\":\"https:\\\/\\\/schema.org\",\"@graph\":[{\"@type\":\"WebPage\",\"@id\":\"https:\\\/\\\/abc-latina.com\\\/bolivie\\\/santa_cruz\\\/\",\"url\":\"https:\\\/\\\/abc-latina.com\\\/bolivie\\\/santa_cruz\\\/\",\"name\":\"SANTA CRUZ - Abc-latina\",\"isPartOf\":{\"@id\":\"https:\\\/\\\/abc-latina.com\\\/#website\"},\"primaryImageOfPage\":{\"@id\":\"https:\\\/\\\/abc-latina.com\\\/bolivie\\\/santa_cruz\\\/#primaryimage\"},\"image\":{\"@id\":\"https:\\\/\\\/abc-latina.com\\\/bolivie\\\/santa_cruz\\\/#primaryimage\"},\"thumbnailUrl\":\"https:\\\/\\\/abc-latina.com\\\/wp-content\\\/uploads\\\/2010\\\/06\\\/santa-cruz.jpg\",\"datePublished\":\"2010-06-03T21:53:41+00:00\",\"dateModified\":\"2026-04-30T16:24:49+00:00\",\"description\":\"Voyage en Bolivie: La ville et la r\u00e9gion de Santa Cruz.\",\"breadcrumb\":{\"@id\":\"https:\\\/\\\/abc-latina.com\\\/bolivie\\\/santa_cruz\\\/#breadcrumb\"},\"inLanguage\":\"fr-FR\",\"potentialAction\":[{\"@type\":\"ReadAction\",\"target\":[\"https:\\\/\\\/abc-latina.com\\\/bolivie\\\/santa_cruz\\\/\"]}]},{\"@type\":\"ImageObject\",\"inLanguage\":\"fr-FR\",\"@id\":\"https:\\\/\\\/abc-latina.com\\\/bolivie\\\/santa_cruz\\\/#primaryimage\",\"url\":\"https:\\\/\\\/abc-latina.com\\\/wp-content\\\/uploads\\\/2010\\\/06\\\/santa-cruz.jpg\",\"contentUrl\":\"https:\\\/\\\/abc-latina.com\\\/wp-content\\\/uploads\\\/2010\\\/06\\\/santa-cruz.jpg\",\"width\":220,\"height\":220,\"caption\":\"SANTA CRUZ\"},{\"@type\":\"BreadcrumbList\",\"@id\":\"https:\\\/\\\/abc-latina.com\\\/bolivie\\\/santa_cruz\\\/#breadcrumb\",\"itemListElement\":[{\"@type\":\"ListItem\",\"position\":1,\"name\":\"Accueil\",\"item\":\"https:\\\/\\\/abc-latina.com\\\/\"},{\"@type\":\"ListItem\",\"position\":2,\"name\":\"SANTA CRUZ\"}]},{\"@type\":\"WebSite\",\"@id\":\"https:\\\/\\\/abc-latina.com\\\/#website\",\"url\":\"https:\\\/\\\/abc-latina.com\\\/\",\"name\":\"Abc-latina\",\"description\":\"\",\"publisher\":{\"@id\":\"https:\\\/\\\/abc-latina.com\\\/#organization\"},\"potentialAction\":[{\"@type\":\"SearchAction\",\"target\":{\"@type\":\"EntryPoint\",\"urlTemplate\":\"https:\\\/\\\/abc-latina.com\\\/?s={search_term_string}\"},\"query-input\":{\"@type\":\"PropertyValueSpecification\",\"valueRequired\":true,\"valueName\":\"search_term_string\"}}],\"inLanguage\":\"fr-FR\"},{\"@type\":\"Organization\",\"@id\":\"https:\\\/\\\/abc-latina.com\\\/#organization\",\"name\":\"Abc-latina\",\"url\":\"https:\\\/\\\/abc-latina.com\\\/\",\"logo\":{\"@type\":\"ImageObject\",\"inLanguage\":\"fr-FR\",\"@id\":\"https:\\\/\\\/abc-latina.com\\\/#\\\/schema\\\/logo\\\/image\\\/\",\"url\":\"https:\\\/\\\/abc-latina.com\\\/wp-content\\\/uploads\\\/2026\\\/05\\\/cropped-logo.gif\",\"contentUrl\":\"https:\\\/\\\/abc-latina.com\\\/wp-content\\\/uploads\\\/2026\\\/05\\\/cropped-logo.gif\",\"width\":89,\"height\":84,\"caption\":\"Abc-latina\"},\"image\":{\"@id\":\"https:\\\/\\\/abc-latina.com\\\/#\\\/schema\\\/logo\\\/image\\\/\"}}]}<\/script>\n<!-- \/ Yoast SEO plugin. -->","yoast_head_json":{"title":"SANTA CRUZ - Abc-latina","description":"Voyage en Bolivie: La ville et la r\u00e9gion de Santa Cruz.","robots":{"index":"index","follow":"follow","max-snippet":"max-snippet:-1","max-image-preview":"max-image-preview:large","max-video-preview":"max-video-preview:-1"},"canonical":"https:\/\/abc-latina.com\/bolivie\/santa_cruz\/","og_locale":"fr_FR","og_type":"article","og_title":"SANTA CRUZ - Abc-latina","og_description":"Voyage en Bolivie: La ville et la r\u00e9gion de Santa Cruz.","og_url":"https:\/\/abc-latina.com\/bolivie\/santa_cruz\/","og_site_name":"Abc-latina","article_modified_time":"2026-04-30T16:24:49+00:00","og_image":[{"width":220,"height":220,"url":"https:\/\/abc-latina.com\/wp-content\/uploads\/2010\/06\/santa-cruz.jpg","type":"image\/jpeg"}],"twitter_card":"summary_large_image","twitter_misc":{"Dur\u00e9e de lecture estim\u00e9e":"2 minutes"},"schema":{"@context":"https:\/\/schema.org","@graph":[{"@type":"WebPage","@id":"https:\/\/abc-latina.com\/bolivie\/santa_cruz\/","url":"https:\/\/abc-latina.com\/bolivie\/santa_cruz\/","name":"SANTA CRUZ - Abc-latina","isPartOf":{"@id":"https:\/\/abc-latina.com\/#website"},"primaryImageOfPage":{"@id":"https:\/\/abc-latina.com\/bolivie\/santa_cruz\/#primaryimage"},"image":{"@id":"https:\/\/abc-latina.com\/bolivie\/santa_cruz\/#primaryimage"},"thumbnailUrl":"https:\/\/abc-latina.com\/wp-content\/uploads\/2010\/06\/santa-cruz.jpg","datePublished":"2010-06-03T21:53:41+00:00","dateModified":"2026-04-30T16:24:49+00:00","description":"Voyage en Bolivie: La ville et la r\u00e9gion de Santa Cruz.","breadcrumb":{"@id":"https:\/\/abc-latina.com\/bolivie\/santa_cruz\/#breadcrumb"},"inLanguage":"fr-FR","potentialAction":[{"@type":"ReadAction","target":["https:\/\/abc-latina.com\/bolivie\/santa_cruz\/"]}]},{"@type":"ImageObject","inLanguage":"fr-FR","@id":"https:\/\/abc-latina.com\/bolivie\/santa_cruz\/#primaryimage","url":"https:\/\/abc-latina.com\/wp-content\/uploads\/2010\/06\/santa-cruz.jpg","contentUrl":"https:\/\/abc-latina.com\/wp-content\/uploads\/2010\/06\/santa-cruz.jpg","width":220,"height":220,"caption":"SANTA CRUZ"},{"@type":"BreadcrumbList","@id":"https:\/\/abc-latina.com\/bolivie\/santa_cruz\/#breadcrumb","itemListElement":[{"@type":"ListItem","position":1,"name":"Accueil","item":"https:\/\/abc-latina.com\/"},{"@type":"ListItem","position":2,"name":"SANTA CRUZ"}]},{"@type":"WebSite","@id":"https:\/\/abc-latina.com\/#website","url":"https:\/\/abc-latina.com\/","name":"Abc-latina","description":"","publisher":{"@id":"https:\/\/abc-latina.com\/#organization"},"potentialAction":[{"@type":"SearchAction","target":{"@type":"EntryPoint","urlTemplate":"https:\/\/abc-latina.com\/?s={search_term_string}"},"query-input":{"@type":"PropertyValueSpecification","valueRequired":true,"valueName":"search_term_string"}}],"inLanguage":"fr-FR"},{"@type":"Organization","@id":"https:\/\/abc-latina.com\/#organization","name":"Abc-latina","url":"https:\/\/abc-latina.com\/","logo":{"@type":"ImageObject","inLanguage":"fr-FR","@id":"https:\/\/abc-latina.com\/#\/schema\/logo\/image\/","url":"https:\/\/abc-latina.com\/wp-content\/uploads\/2026\/05\/cropped-logo.gif","contentUrl":"https:\/\/abc-latina.com\/wp-content\/uploads\/2026\/05\/cropped-logo.gif","width":89,"height":84,"caption":"Abc-latina"},"image":{"@id":"https:\/\/abc-latina.com\/#\/schema\/logo\/image\/"}}]}},"_links":{"self":[{"href":"https:\/\/abc-latina.com\/wp-json\/wp\/v2\/pages\/201","targetHints":{"allow":["GET"]}}],"collection":[{"href":"https:\/\/abc-latina.com\/wp-json\/wp\/v2\/pages"}],"about":[{"href":"https:\/\/abc-latina.com\/wp-json\/wp\/v2\/types\/page"}],"author":[{"embeddable":true,"href":"https:\/\/abc-latina.com\/wp-json\/wp\/v2\/users\/3"}],"replies":[{"embeddable":true,"href":"https:\/\/abc-latina.com\/wp-json\/wp\/v2\/comments?post=201"}],"version-history":[{"count":1,"href":"https:\/\/abc-latina.com\/wp-json\/wp\/v2\/pages\/201\/revisions"}],"predecessor-version":[{"id":3148,"href":"https:\/\/abc-latina.com\/wp-json\/wp\/v2\/pages\/201\/revisions\/3148"}],"up":[{"embeddable":true,"href":"https:\/\/abc-latina.com\/wp-json\/wp\/v2\/pages\/2295"}],"wp:featuredmedia":[{"embeddable":true,"href":"https:\/\/abc-latina.com\/wp-json\/wp\/v2\/media\/200"}],"wp:attachment":[{"href":"https:\/\/abc-latina.com\/wp-json\/wp\/v2\/media?parent=201"}],"curies":[{"name":"wp","href":"https:\/\/api.w.org\/{rel}","templated":true}]}}