{"id":2015,"date":"2010-08-03T05:16:18","date_gmt":"2010-08-03T03:16:18","guid":{"rendered":"http:\/\/abc-latina.com\/photos-codex-mayas-php\/"},"modified":"2026-04-30T18:24:56","modified_gmt":"2026-04-30T16:24:56","slug":"photos-codex-mayas","status":"publish","type":"page","link":"https:\/\/abc-latina.com\/civilisations\/photos\/photos-codex-mayas\/","title":{"rendered":"PHOTOS de CODEX MAYAS"},"content":{"rendered":"<table width=\"98%\" cellspacing=\"0\" cellpadding=\"0\" border=\"0\">\n<tbody>\n<tr>\n<td style=\"text-align: center;\"><img loading=\"lazy\" decoding=\"async\" class=\" size-full wp-image-2009\" src=\"http:\/\/abc-latina.com\/wp-content\/uploads\/2010\/08\/codex-drede-1.jpg\" title=\"Le codex maya expos\u00e9 \u00e0 Dresde\" alt=\"\" width=\"450\" height=\"500\" srcset=\"https:\/\/abc-latina.com\/wp-content\/uploads\/2010\/08\/codex-drede-1.jpg 450w, https:\/\/abc-latina.com\/wp-content\/uploads\/2010\/08\/codex-drede-1-270x300.jpg 270w\" sizes=\"auto, (max-width: 450px) 100vw, 450px\" \/><\/td>\n<\/tr>\n<tr>\n<td>&nbsp;<\/td>\n<\/tr>\n<tr>\n<td style=\"text-align: center;\"><img loading=\"lazy\" decoding=\"async\" class=\" size-full wp-image-2010\" src=\"http:\/\/abc-latina.com\/wp-content\/uploads\/2010\/08\/codex-2.jpg\" title=\"CODEX MAYA\" alt=\"\" width=\"761\" height=\"339\" srcset=\"https:\/\/abc-latina.com\/wp-content\/uploads\/2010\/08\/codex-2.jpg 761w, https:\/\/abc-latina.com\/wp-content\/uploads\/2010\/08\/codex-2-300x134.jpg 300w\" sizes=\"auto, (max-width: 761px) 100vw, 761px\" \/><\/td>\n<\/tr>\n<tr>\n<td>&nbsp;<\/td>\n<\/tr>\n<tr>\n<td style=\"text-align: center;\"><img loading=\"lazy\" decoding=\"async\" class=\" size-full wp-image-2011\" src=\"http:\/\/abc-latina.com\/wp-content\/uploads\/2010\/08\/codex-madrid-3.jpg\" title=\"Codex Maya Expos\u00e9 \u00e0 Madrid\" alt=\"\" width=\"556\" height=\"337\" srcset=\"https:\/\/abc-latina.com\/wp-content\/uploads\/2010\/08\/codex-madrid-3.jpg 556w, https:\/\/abc-latina.com\/wp-content\/uploads\/2010\/08\/codex-madrid-3-300x182.jpg 300w\" sizes=\"auto, (max-width: 556px) 100vw, 556px\" \/><\/td>\n<\/tr>\n<tr>\n<td>&nbsp;<\/td>\n<\/tr>\n<tr>\n<td style=\"text-align: center;\"><img loading=\"lazy\" decoding=\"async\" class=\" size-full wp-image-2012\" src=\"http:\/\/abc-latina.com\/wp-content\/uploads\/2010\/08\/codex-4.jpg\" title=\"Un des rares codex maya qui ait pu \u00eatre sauv\u00e9 de la destruction syst\u00e9matique des conquistadors\" alt=\"\" width=\"800\" height=\"334\" srcset=\"https:\/\/abc-latina.com\/wp-content\/uploads\/2010\/08\/codex-4.jpg 800w, https:\/\/abc-latina.com\/wp-content\/uploads\/2010\/08\/codex-4-300x125.jpg 300w, https:\/\/abc-latina.com\/wp-content\/uploads\/2010\/08\/codex-4-768x321.jpg 768w\" sizes=\"auto, (max-width: 800px) 100vw, 800px\" \/><\/td>\n<\/tr>\n<tr>\n<td>&nbsp;<\/td>\n<\/tr>\n<tr>\n<td style=\"text-align: center;\"><img loading=\"lazy\" decoding=\"async\" class=\" size-full wp-image-2013\" src=\"http:\/\/abc-latina.com\/wp-content\/uploads\/2010\/08\/codex-5.gif\" title=\"Syst\u00e8me num\u00e9rique maya\" alt=\"\" width=\"310\" height=\"379\" \/><\/td>\n<\/tr>\n<tr>\n<td>&nbsp;<\/td>\n<\/tr>\n<tr>\n<td style=\"text-align: center;\"><img loading=\"lazy\" decoding=\"async\" class=\" size-full wp-image-2014\" src=\"http:\/\/abc-latina.com\/wp-content\/uploads\/2010\/08\/codex-6.jpg\" alt=\"\" width=\"500\" height=\"375\" srcset=\"https:\/\/abc-latina.com\/wp-content\/uploads\/2010\/08\/codex-6.jpg 500w, https:\/\/abc-latina.com\/wp-content\/uploads\/2010\/08\/codex-6-300x225.jpg 300w\" sizes=\"auto, (max-width: 500px) 100vw, 500px\" \/><\/td>\n<\/tr>\n<\/tbody>\n<\/table>\n","protected":false},"excerpt":{"rendered":"<p>&nbsp; &nbsp; &nbsp; &nbsp; &nbsp;<\/p>\n","protected":false},"author":3,"featured_media":2009,"parent":2023,"menu_order":0,"comment_status":"closed","ping_status":"closed","template":"","meta":{"site-sidebar-layout":"default","site-content-layout":"","ast-site-content-layout":"default","site-content-style":"default","site-sidebar-style":"default","ast-global-header-display":"","ast-banner-title-visibility":"","ast-main-header-display":"","ast-hfb-above-header-display":"","ast-hfb-below-header-display":"","ast-hfb-mobile-header-display":"","site-post-title":"","ast-breadcrumbs-content":"","ast-featured-img":"","footer-sml-layout":"","ast-disable-related-posts":"","theme-transparent-header-meta":"","adv-header-id-meta":"","stick-header-meta":"","header-above-stick-meta":"","header-main-stick-meta":"","header-below-stick-meta":"","astra-migrate-meta-layouts":"default","ast-page-background-enabled":"default","ast-page-background-meta":{"desktop":{"background-color":"var(--ast-global-color-5)","background-image":"","background-repeat":"repeat","background-position":"center center","background-size":"auto","background-attachment":"scroll","background-type":"","background-media":"","overlay-type":"","overlay-color":"","overlay-opacity":"","overlay-gradient":""},"tablet":{"background-color":"","background-image":"","background-repeat":"repeat","background-position":"center center","background-size":"auto","background-attachment":"scroll","background-type":"","background-media":"","overlay-type":"","overlay-color":"","overlay-opacity":"","overlay-gradient":""},"mobile":{"background-color":"","background-image":"","background-repeat":"repeat","background-position":"center center","background-size":"auto","background-attachment":"scroll","background-type":"","background-media":"","overlay-type":"","overlay-color":"","overlay-opacity":"","overlay-gradient":""}},"ast-content-background-meta":{"desktop":{"background-color":"var(--ast-global-color-4)","background-image":"","background-repeat":"repeat","background-position":"center center","background-size":"auto","background-attachment":"scroll","background-type":"","background-media":"","overlay-type":"","overlay-color":"","overlay-opacity":"","overlay-gradient":""},"tablet":{"background-color":"var(--ast-global-color-4)","background-image":"","background-repeat":"repeat","background-position":"center center","background-size":"auto","background-attachment":"scroll","background-type":"","background-media":"","overlay-type":"","overlay-color":"","overlay-opacity":"","overlay-gradient":""},"mobile":{"background-color":"var(--ast-global-color-4)","background-image":"","background-repeat":"repeat","background-position":"center center","background-size":"auto","background-attachment":"scroll","background-type":"","background-media":"","overlay-type":"","overlay-color":"","overlay-opacity":"","overlay-gradient":""}},"footnotes":""},"class_list":["post-2015","page","type-page","status-publish","has-post-thumbnail","hentry"],"yoast_head":"<!-- This site is optimized with the Yoast SEO plugin v27.5 - https:\/\/yoast.com\/product\/yoast-seo-wordpress\/ -->\n<title>PHOTOS de CODEX MAYAS - Abc-latina<\/title>\n<meta name=\"description\" content=\"mayas, codex, photos\" \/>\n<meta name=\"robots\" content=\"index, follow, max-snippet:-1, max-image-preview:large, max-video-preview:-1\" \/>\n<link rel=\"canonical\" href=\"https:\/\/abc-latina.com\/civilisations\/photos\/photos-codex-mayas\/\" \/>\n<meta property=\"og:locale\" content=\"fr_FR\" \/>\n<meta property=\"og:type\" content=\"article\" \/>\n<meta property=\"og:title\" content=\"PHOTOS de CODEX MAYAS - Abc-latina\" \/>\n<meta property=\"og:description\" content=\"mayas, codex, photos\" \/>\n<meta property=\"og:url\" content=\"https:\/\/abc-latina.com\/civilisations\/photos\/photos-codex-mayas\/\" \/>\n<meta property=\"og:site_name\" content=\"Abc-latina\" \/>\n<meta property=\"article:modified_time\" content=\"2026-04-30T16:24:56+00:00\" \/>\n<meta property=\"og:image\" content=\"https:\/\/abc-latina.com\/wp-content\/uploads\/2010\/08\/codex-drede-1.jpg\" \/>\n\t<meta property=\"og:image:width\" content=\"450\" \/>\n\t<meta property=\"og:image:height\" content=\"500\" \/>\n\t<meta property=\"og:image:type\" content=\"image\/jpeg\" \/>\n<meta name=\"twitter:card\" content=\"summary_large_image\" \/>\n<script type=\"application\/ld+json\" class=\"yoast-schema-graph\">{\"@context\":\"https:\\\/\\\/schema.org\",\"@graph\":[{\"@type\":\"WebPage\",\"@id\":\"https:\\\/\\\/abc-latina.com\\\/civilisations\\\/photos\\\/photos-codex-mayas\\\/\",\"url\":\"https:\\\/\\\/abc-latina.com\\\/civilisations\\\/photos\\\/photos-codex-mayas\\\/\",\"name\":\"PHOTOS de CODEX MAYAS - Abc-latina\",\"isPartOf\":{\"@id\":\"https:\\\/\\\/abc-latina.com\\\/#website\"},\"primaryImageOfPage\":{\"@id\":\"https:\\\/\\\/abc-latina.com\\\/civilisations\\\/photos\\\/photos-codex-mayas\\\/#primaryimage\"},\"image\":{\"@id\":\"https:\\\/\\\/abc-latina.com\\\/civilisations\\\/photos\\\/photos-codex-mayas\\\/#primaryimage\"},\"thumbnailUrl\":\"https:\\\/\\\/abc-latina.com\\\/wp-content\\\/uploads\\\/2010\\\/08\\\/codex-drede-1.jpg\",\"datePublished\":\"2010-08-03T03:16:18+00:00\",\"dateModified\":\"2026-04-30T16:24:56+00:00\",\"description\":\"mayas, codex, photos\",\"breadcrumb\":{\"@id\":\"https:\\\/\\\/abc-latina.com\\\/civilisations\\\/photos\\\/photos-codex-mayas\\\/#breadcrumb\"},\"inLanguage\":\"fr-FR\",\"potentialAction\":[{\"@type\":\"ReadAction\",\"target\":[\"https:\\\/\\\/abc-latina.com\\\/civilisations\\\/photos\\\/photos-codex-mayas\\\/\"]}]},{\"@type\":\"ImageObject\",\"inLanguage\":\"fr-FR\",\"@id\":\"https:\\\/\\\/abc-latina.com\\\/civilisations\\\/photos\\\/photos-codex-mayas\\\/#primaryimage\",\"url\":\"https:\\\/\\\/abc-latina.com\\\/wp-content\\\/uploads\\\/2010\\\/08\\\/codex-drede-1.jpg\",\"contentUrl\":\"https:\\\/\\\/abc-latina.com\\\/wp-content\\\/uploads\\\/2010\\\/08\\\/codex-drede-1.jpg\",\"width\":450,\"height\":500,\"caption\":\"Le codex maya expos\u00e9 \u00e0 Dresde\"},{\"@type\":\"BreadcrumbList\",\"@id\":\"https:\\\/\\\/abc-latina.com\\\/civilisations\\\/photos\\\/photos-codex-mayas\\\/#breadcrumb\",\"itemListElement\":[{\"@type\":\"ListItem\",\"position\":1,\"name\":\"Accueil\",\"item\":\"https:\\\/\\\/abc-latina.com\\\/\"},{\"@type\":\"ListItem\",\"position\":2,\"name\":\"PHOTOS de CODEX MAYAS\"}]},{\"@type\":\"WebSite\",\"@id\":\"https:\\\/\\\/abc-latina.com\\\/#website\",\"url\":\"https:\\\/\\\/abc-latina.com\\\/\",\"name\":\"Abc-latina\",\"description\":\"\",\"publisher\":{\"@id\":\"https:\\\/\\\/abc-latina.com\\\/#organization\"},\"potentialAction\":[{\"@type\":\"SearchAction\",\"target\":{\"@type\":\"EntryPoint\",\"urlTemplate\":\"https:\\\/\\\/abc-latina.com\\\/?s={search_term_string}\"},\"query-input\":{\"@type\":\"PropertyValueSpecification\",\"valueRequired\":true,\"valueName\":\"search_term_string\"}}],\"inLanguage\":\"fr-FR\"},{\"@type\":\"Organization\",\"@id\":\"https:\\\/\\\/abc-latina.com\\\/#organization\",\"name\":\"Abc-latina\",\"url\":\"https:\\\/\\\/abc-latina.com\\\/\",\"logo\":{\"@type\":\"ImageObject\",\"inLanguage\":\"fr-FR\",\"@id\":\"https:\\\/\\\/abc-latina.com\\\/#\\\/schema\\\/logo\\\/image\\\/\",\"url\":\"https:\\\/\\\/abc-latina.com\\\/wp-content\\\/uploads\\\/2026\\\/05\\\/cropped-logo.gif\",\"contentUrl\":\"https:\\\/\\\/abc-latina.com\\\/wp-content\\\/uploads\\\/2026\\\/05\\\/cropped-logo.gif\",\"width\":89,\"height\":84,\"caption\":\"Abc-latina\"},\"image\":{\"@id\":\"https:\\\/\\\/abc-latina.com\\\/#\\\/schema\\\/logo\\\/image\\\/\"}}]}<\/script>\n<!-- \/ Yoast SEO plugin. -->","yoast_head_json":{"title":"PHOTOS de CODEX MAYAS - Abc-latina","description":"mayas, codex, photos","robots":{"index":"index","follow":"follow","max-snippet":"max-snippet:-1","max-image-preview":"max-image-preview:large","max-video-preview":"max-video-preview:-1"},"canonical":"https:\/\/abc-latina.com\/civilisations\/photos\/photos-codex-mayas\/","og_locale":"fr_FR","og_type":"article","og_title":"PHOTOS de CODEX MAYAS - Abc-latina","og_description":"mayas, codex, photos","og_url":"https:\/\/abc-latina.com\/civilisations\/photos\/photos-codex-mayas\/","og_site_name":"Abc-latina","article_modified_time":"2026-04-30T16:24:56+00:00","og_image":[{"width":450,"height":500,"url":"https:\/\/abc-latina.com\/wp-content\/uploads\/2010\/08\/codex-drede-1.jpg","type":"image\/jpeg"}],"twitter_card":"summary_large_image","schema":{"@context":"https:\/\/schema.org","@graph":[{"@type":"WebPage","@id":"https:\/\/abc-latina.com\/civilisations\/photos\/photos-codex-mayas\/","url":"https:\/\/abc-latina.com\/civilisations\/photos\/photos-codex-mayas\/","name":"PHOTOS de CODEX MAYAS - Abc-latina","isPartOf":{"@id":"https:\/\/abc-latina.com\/#website"},"primaryImageOfPage":{"@id":"https:\/\/abc-latina.com\/civilisations\/photos\/photos-codex-mayas\/#primaryimage"},"image":{"@id":"https:\/\/abc-latina.com\/civilisations\/photos\/photos-codex-mayas\/#primaryimage"},"thumbnailUrl":"https:\/\/abc-latina.com\/wp-content\/uploads\/2010\/08\/codex-drede-1.jpg","datePublished":"2010-08-03T03:16:18+00:00","dateModified":"2026-04-30T16:24:56+00:00","description":"mayas, codex, photos","breadcrumb":{"@id":"https:\/\/abc-latina.com\/civilisations\/photos\/photos-codex-mayas\/#breadcrumb"},"inLanguage":"fr-FR","potentialAction":[{"@type":"ReadAction","target":["https:\/\/abc-latina.com\/civilisations\/photos\/photos-codex-mayas\/"]}]},{"@type":"ImageObject","inLanguage":"fr-FR","@id":"https:\/\/abc-latina.com\/civilisations\/photos\/photos-codex-mayas\/#primaryimage","url":"https:\/\/abc-latina.com\/wp-content\/uploads\/2010\/08\/codex-drede-1.jpg","contentUrl":"https:\/\/abc-latina.com\/wp-content\/uploads\/2010\/08\/codex-drede-1.jpg","width":450,"height":500,"caption":"Le codex maya expos\u00e9 \u00e0 Dresde"},{"@type":"BreadcrumbList","@id":"https:\/\/abc-latina.com\/civilisations\/photos\/photos-codex-mayas\/#breadcrumb","itemListElement":[{"@type":"ListItem","position":1,"name":"Accueil","item":"https:\/\/abc-latina.com\/"},{"@type":"ListItem","position":2,"name":"PHOTOS de CODEX MAYAS"}]},{"@type":"WebSite","@id":"https:\/\/abc-latina.com\/#website","url":"https:\/\/abc-latina.com\/","name":"Abc-latina","description":"","publisher":{"@id":"https:\/\/abc-latina.com\/#organization"},"potentialAction":[{"@type":"SearchAction","target":{"@type":"EntryPoint","urlTemplate":"https:\/\/abc-latina.com\/?s={search_term_string}"},"query-input":{"@type":"PropertyValueSpecification","valueRequired":true,"valueName":"search_term_string"}}],"inLanguage":"fr-FR"},{"@type":"Organization","@id":"https:\/\/abc-latina.com\/#organization","name":"Abc-latina","url":"https:\/\/abc-latina.com\/","logo":{"@type":"ImageObject","inLanguage":"fr-FR","@id":"https:\/\/abc-latina.com\/#\/schema\/logo\/image\/","url":"https:\/\/abc-latina.com\/wp-content\/uploads\/2026\/05\/cropped-logo.gif","contentUrl":"https:\/\/abc-latina.com\/wp-content\/uploads\/2026\/05\/cropped-logo.gif","width":89,"height":84,"caption":"Abc-latina"},"image":{"@id":"https:\/\/abc-latina.com\/#\/schema\/logo\/image\/"}}]}},"_links":{"self":[{"href":"https:\/\/abc-latina.com\/wp-json\/wp\/v2\/pages\/2015","targetHints":{"allow":["GET"]}}],"collection":[{"href":"https:\/\/abc-latina.com\/wp-json\/wp\/v2\/pages"}],"about":[{"href":"https:\/\/abc-latina.com\/wp-json\/wp\/v2\/types\/page"}],"author":[{"embeddable":true,"href":"https:\/\/abc-latina.com\/wp-json\/wp\/v2\/users\/3"}],"replies":[{"embeddable":true,"href":"https:\/\/abc-latina.com\/wp-json\/wp\/v2\/comments?post=2015"}],"version-history":[{"count":1,"href":"https:\/\/abc-latina.com\/wp-json\/wp\/v2\/pages\/2015\/revisions"}],"predecessor-version":[{"id":3302,"href":"https:\/\/abc-latina.com\/wp-json\/wp\/v2\/pages\/2015\/revisions\/3302"}],"up":[{"embeddable":true,"href":"https:\/\/abc-latina.com\/wp-json\/wp\/v2\/pages\/2023"}],"wp:featuredmedia":[{"embeddable":true,"href":"https:\/\/abc-latina.com\/wp-json\/wp\/v2\/media\/2009"}],"wp:attachment":[{"href":"https:\/\/abc-latina.com\/wp-json\/wp\/v2\/media?parent=2015"}],"curies":[{"name":"wp","href":"https:\/\/api.w.org\/{rel}","templated":true}]}}