{"id":2035,"date":"2010-08-03T19:32:40","date_gmt":"2010-08-03T17:32:40","guid":{"rendered":"http:\/\/abc-latina.com\/alan_garcia_perez-htm\/"},"modified":"2026-04-30T18:25:20","modified_gmt":"2026-04-30T16:25:20","slug":"alan_garcia_perez","status":"publish","type":"page","link":"https:\/\/abc-latina.com\/personnalites\/alan_garcia_perez\/","title":{"rendered":"ALAN GARCIA"},"content":{"rendered":"<div><span class=\"tourisme-chapitre\"><img loading=\"lazy\" decoding=\"async\" class=\" alignright size-full wp-image-2034\" src=\"http:\/\/abc-latina.com\/wp-content\/uploads\/2010\/08\/alan-garcia-2.jpg\" title=\"ALAN GARCIA\" alt=\"\" width=\"220\" vspace=\"9\" hspace=\"15\" height=\"220\" align=\"right\" srcset=\"https:\/\/abc-latina.com\/wp-content\/uploads\/2010\/08\/alan-garcia-2.jpg 220w, https:\/\/abc-latina.com\/wp-content\/uploads\/2010\/08\/alan-garcia-2-150x150.jpg 150w\" sizes=\"auto, (max-width: 220px) 100vw, 220px\" \/><\/span><span class=\"tourisme-chapitre\">Alan Garc\u00eda<\/span> est n\u00e9 le 23 mai 1949 \u00e0 Lima, et a milit\u00e9 d\u00e8s son enfance dans l&rsquo;<a target=\"_blank\" href=\"https:\/\/www.abc-latina.com\/perou\/div\/apra.php\">Alliance Populaire R\u00e9volutionnaire Am\u00e9ricaine<\/a> (APRA), fond\u00e9e par V\u00edctor Ra\u00fal Haya de la Tour en 1923. Garc\u00eda a cr\u00fb chez une famille de classe moyenne. Son p\u00e8re et sa m\u00e8re ont \u00e9t\u00e9 militants apristes. Le militantisme de son p\u00e8re l&rsquo;a conduit en prison durant la dictature militaire du g\u00e9n\u00e9ral Manuel Odria (1948-1956).<\/p>\n<div>&nbsp;<\/div>\n<div>Alan Garcia a fait des \u00e9tudes de droit dans l&rsquo;Universit\u00e9 catholique de <a target=\"_blank\" href=\"https:\/\/www.abc-latina.com\/perou\/lima\">Lima<\/a> et l&rsquo;Universit\u00e9 nationale de San Marcos. Devenu avocat en 1972, il a ensuite continu\u00e9 ses \u00e9tudes en Espagne, en France, en Grande-Bretagne et aux Pays-Bas. Il est titulaire de doctorats en droit et en sociologie.&nbsp;<\/div>\n<div>Il a connu, \u00e0 Madrid, son actuelle \u00e9pouse, l&rsquo;argentine Pilar Nores, une \u00e9conomiste n\u00e9e \u00e0 Cordoue avec qui il a eu quatre enfants. Garc\u00eda a une autre fille de son premier mariage.<\/div>\n<div>&nbsp;<\/div>\n<div>Alan Garcia a \u00e9t\u00e9 \u00e9lu membre de l&rsquo;Assembl\u00e9e constituante en 1978, puis d\u00e9put\u00e9 en 1980.&nbsp;<\/div>\n<div>Il est arriv\u00e9 une premi\u00e8re fois \u00e0 la <a target=\"_blank\" href=\"https:\/\/www.abc-latina.com\/perou\/div\/president_peruvien\">pr\u00e9sidence<\/a> \u00e0 36 ans en 1985, et redevient 16 ans apres avoir quitt\u00e9 le pouvoir (1990) une seconde fois aux plus hautes instances du pouvoir p\u00e9ruvien (2006).<\/div>\n<div>&nbsp;<\/div>\n<div><span class=\"person\">REPERES<\/span>&nbsp;<\/div>\n<div><span class=\"person-date\">1949<\/span> &#8211; Naissance d&rsquo;Alan Garc\u00eda Perez&nbsp;<\/div>\n<div><span class=\"person-date\">1972<\/span> &#8211; Il devient avocat&nbsp;<\/div>\n<div><span class=\"person-date\">1980<\/span> &#8211; Il est \u00e9lu d\u00e9put\u00e9&nbsp;<\/div>\n<div><span class=\"person-date\">1985<\/span> &#8211; Elu \u00e0 la pr\u00e9sidence \u00e0 36 ans&nbsp;<\/div>\n<div><span class=\"person-date\">2006<\/span> &#8211; Second mandat \u00e0 la pr\u00e9sidence&nbsp;<\/div>\n<\/div>\n","protected":false},"excerpt":{"rendered":"<p>Alan Garc\u00eda est n\u00e9 le 23 mai 1949 \u00e0 Lima, et a milit\u00e9 d\u00e8s son enfance dans l&rsquo;Alliance Populaire R\u00e9volutionnaire [&hellip;]<\/p>\n","protected":false},"author":3,"featured_media":2034,"parent":2633,"menu_order":0,"comment_status":"closed","ping_status":"closed","template":"","meta":{"site-sidebar-layout":"default","site-content-layout":"","ast-site-content-layout":"default","site-content-style":"default","site-sidebar-style":"default","ast-global-header-display":"","ast-banner-title-visibility":"","ast-main-header-display":"","ast-hfb-above-header-display":"","ast-hfb-below-header-display":"","ast-hfb-mobile-header-display":"","site-post-title":"","ast-breadcrumbs-content":"","ast-featured-img":"","footer-sml-layout":"","ast-disable-related-posts":"","theme-transparent-header-meta":"","adv-header-id-meta":"","stick-header-meta":"","header-above-stick-meta":"","header-main-stick-meta":"","header-below-stick-meta":"","astra-migrate-meta-layouts":"default","ast-page-background-enabled":"default","ast-page-background-meta":{"desktop":{"background-color":"var(--ast-global-color-5)","background-image":"","background-repeat":"repeat","background-position":"center center","background-size":"auto","background-attachment":"scroll","background-type":"","background-media":"","overlay-type":"","overlay-color":"","overlay-opacity":"","overlay-gradient":""},"tablet":{"background-color":"","background-image":"","background-repeat":"repeat","background-position":"center center","background-size":"auto","background-attachment":"scroll","background-type":"","background-media":"","overlay-type":"","overlay-color":"","overlay-opacity":"","overlay-gradient":""},"mobile":{"background-color":"","background-image":"","background-repeat":"repeat","background-position":"center center","background-size":"auto","background-attachment":"scroll","background-type":"","background-media":"","overlay-type":"","overlay-color":"","overlay-opacity":"","overlay-gradient":""}},"ast-content-background-meta":{"desktop":{"background-color":"var(--ast-global-color-4)","background-image":"","background-repeat":"repeat","background-position":"center center","background-size":"auto","background-attachment":"scroll","background-type":"","background-media":"","overlay-type":"","overlay-color":"","overlay-opacity":"","overlay-gradient":""},"tablet":{"background-color":"var(--ast-global-color-4)","background-image":"","background-repeat":"repeat","background-position":"center center","background-size":"auto","background-attachment":"scroll","background-type":"","background-media":"","overlay-type":"","overlay-color":"","overlay-opacity":"","overlay-gradient":""},"mobile":{"background-color":"var(--ast-global-color-4)","background-image":"","background-repeat":"repeat","background-position":"center center","background-size":"auto","background-attachment":"scroll","background-type":"","background-media":"","overlay-type":"","overlay-color":"","overlay-opacity":"","overlay-gradient":""}},"footnotes":""},"class_list":["post-2035","page","type-page","status-publish","has-post-thumbnail","hentry"],"yoast_head":"<!-- This site is optimized with the Yoast SEO plugin v27.5 - https:\/\/yoast.com\/product\/yoast-seo-wordpress\/ -->\n<title>ALAN GARCIA - Abc-latina<\/title>\n<meta name=\"description\" content=\"Alan Garcia Perez, Ancien pr\u00e9sident du P\u00e9rou de 1985 \u00e0 1990, et de 2006 \u00e0 2011.\" \/>\n<meta name=\"robots\" content=\"index, follow, max-snippet:-1, max-image-preview:large, max-video-preview:-1\" \/>\n<link rel=\"canonical\" href=\"https:\/\/abc-latina.com\/personnalites\/alan_garcia_perez\/\" \/>\n<meta property=\"og:locale\" content=\"fr_FR\" \/>\n<meta property=\"og:type\" content=\"article\" \/>\n<meta property=\"og:title\" content=\"ALAN GARCIA - Abc-latina\" \/>\n<meta property=\"og:description\" content=\"Alan Garcia Perez, Ancien pr\u00e9sident du P\u00e9rou de 1985 \u00e0 1990, et de 2006 \u00e0 2011.\" \/>\n<meta property=\"og:url\" content=\"https:\/\/abc-latina.com\/personnalites\/alan_garcia_perez\/\" \/>\n<meta property=\"og:site_name\" content=\"Abc-latina\" \/>\n<meta property=\"article:modified_time\" content=\"2026-04-30T16:25:20+00:00\" \/>\n<meta property=\"og:image\" content=\"https:\/\/abc-latina.com\/wp-content\/uploads\/2010\/08\/alan-garcia-2.jpg\" \/>\n\t<meta property=\"og:image:width\" content=\"220\" \/>\n\t<meta property=\"og:image:height\" content=\"220\" \/>\n\t<meta property=\"og:image:type\" content=\"image\/jpeg\" \/>\n<meta name=\"twitter:card\" content=\"summary_large_image\" \/>\n<meta name=\"twitter:label1\" content=\"Dur\u00e9e de lecture estim\u00e9e\" \/>\n\t<meta name=\"twitter:data1\" content=\"1 minute\" \/>\n<script type=\"application\/ld+json\" class=\"yoast-schema-graph\">{\"@context\":\"https:\\\/\\\/schema.org\",\"@graph\":[{\"@type\":\"WebPage\",\"@id\":\"https:\\\/\\\/abc-latina.com\\\/personnalites\\\/alan_garcia_perez\\\/\",\"url\":\"https:\\\/\\\/abc-latina.com\\\/personnalites\\\/alan_garcia_perez\\\/\",\"name\":\"ALAN GARCIA - Abc-latina\",\"isPartOf\":{\"@id\":\"https:\\\/\\\/abc-latina.com\\\/#website\"},\"primaryImageOfPage\":{\"@id\":\"https:\\\/\\\/abc-latina.com\\\/personnalites\\\/alan_garcia_perez\\\/#primaryimage\"},\"image\":{\"@id\":\"https:\\\/\\\/abc-latina.com\\\/personnalites\\\/alan_garcia_perez\\\/#primaryimage\"},\"thumbnailUrl\":\"https:\\\/\\\/abc-latina.com\\\/wp-content\\\/uploads\\\/2010\\\/08\\\/alan-garcia-2.jpg\",\"datePublished\":\"2010-08-03T17:32:40+00:00\",\"dateModified\":\"2026-04-30T16:25:20+00:00\",\"description\":\"Alan Garcia Perez, Ancien pr\u00e9sident du P\u00e9rou de 1985 \u00e0 1990, et de 2006 \u00e0 2011.\",\"breadcrumb\":{\"@id\":\"https:\\\/\\\/abc-latina.com\\\/personnalites\\\/alan_garcia_perez\\\/#breadcrumb\"},\"inLanguage\":\"fr-FR\",\"potentialAction\":[{\"@type\":\"ReadAction\",\"target\":[\"https:\\\/\\\/abc-latina.com\\\/personnalites\\\/alan_garcia_perez\\\/\"]}]},{\"@type\":\"ImageObject\",\"inLanguage\":\"fr-FR\",\"@id\":\"https:\\\/\\\/abc-latina.com\\\/personnalites\\\/alan_garcia_perez\\\/#primaryimage\",\"url\":\"https:\\\/\\\/abc-latina.com\\\/wp-content\\\/uploads\\\/2010\\\/08\\\/alan-garcia-2.jpg\",\"contentUrl\":\"https:\\\/\\\/abc-latina.com\\\/wp-content\\\/uploads\\\/2010\\\/08\\\/alan-garcia-2.jpg\",\"width\":220,\"height\":220,\"caption\":\"ALAN GARCIA\"},{\"@type\":\"BreadcrumbList\",\"@id\":\"https:\\\/\\\/abc-latina.com\\\/personnalites\\\/alan_garcia_perez\\\/#breadcrumb\",\"itemListElement\":[{\"@type\":\"ListItem\",\"position\":1,\"name\":\"Accueil\",\"item\":\"https:\\\/\\\/abc-latina.com\\\/\"},{\"@type\":\"ListItem\",\"position\":2,\"name\":\"ALAN GARCIA\"}]},{\"@type\":\"WebSite\",\"@id\":\"https:\\\/\\\/abc-latina.com\\\/#website\",\"url\":\"https:\\\/\\\/abc-latina.com\\\/\",\"name\":\"Abc-latina\",\"description\":\"\",\"publisher\":{\"@id\":\"https:\\\/\\\/abc-latina.com\\\/#organization\"},\"potentialAction\":[{\"@type\":\"SearchAction\",\"target\":{\"@type\":\"EntryPoint\",\"urlTemplate\":\"https:\\\/\\\/abc-latina.com\\\/?s={search_term_string}\"},\"query-input\":{\"@type\":\"PropertyValueSpecification\",\"valueRequired\":true,\"valueName\":\"search_term_string\"}}],\"inLanguage\":\"fr-FR\"},{\"@type\":\"Organization\",\"@id\":\"https:\\\/\\\/abc-latina.com\\\/#organization\",\"name\":\"Abc-latina\",\"url\":\"https:\\\/\\\/abc-latina.com\\\/\",\"logo\":{\"@type\":\"ImageObject\",\"inLanguage\":\"fr-FR\",\"@id\":\"https:\\\/\\\/abc-latina.com\\\/#\\\/schema\\\/logo\\\/image\\\/\",\"url\":\"https:\\\/\\\/abc-latina.com\\\/wp-content\\\/uploads\\\/2026\\\/05\\\/cropped-logo.gif\",\"contentUrl\":\"https:\\\/\\\/abc-latina.com\\\/wp-content\\\/uploads\\\/2026\\\/05\\\/cropped-logo.gif\",\"width\":89,\"height\":84,\"caption\":\"Abc-latina\"},\"image\":{\"@id\":\"https:\\\/\\\/abc-latina.com\\\/#\\\/schema\\\/logo\\\/image\\\/\"}}]}<\/script>\n<!-- \/ Yoast SEO plugin. -->","yoast_head_json":{"title":"ALAN GARCIA - Abc-latina","description":"Alan Garcia Perez, Ancien pr\u00e9sident du P\u00e9rou de 1985 \u00e0 1990, et de 2006 \u00e0 2011.","robots":{"index":"index","follow":"follow","max-snippet":"max-snippet:-1","max-image-preview":"max-image-preview:large","max-video-preview":"max-video-preview:-1"},"canonical":"https:\/\/abc-latina.com\/personnalites\/alan_garcia_perez\/","og_locale":"fr_FR","og_type":"article","og_title":"ALAN GARCIA - Abc-latina","og_description":"Alan Garcia Perez, Ancien pr\u00e9sident du P\u00e9rou de 1985 \u00e0 1990, et de 2006 \u00e0 2011.","og_url":"https:\/\/abc-latina.com\/personnalites\/alan_garcia_perez\/","og_site_name":"Abc-latina","article_modified_time":"2026-04-30T16:25:20+00:00","og_image":[{"width":220,"height":220,"url":"https:\/\/abc-latina.com\/wp-content\/uploads\/2010\/08\/alan-garcia-2.jpg","type":"image\/jpeg"}],"twitter_card":"summary_large_image","twitter_misc":{"Dur\u00e9e de lecture estim\u00e9e":"1 minute"},"schema":{"@context":"https:\/\/schema.org","@graph":[{"@type":"WebPage","@id":"https:\/\/abc-latina.com\/personnalites\/alan_garcia_perez\/","url":"https:\/\/abc-latina.com\/personnalites\/alan_garcia_perez\/","name":"ALAN GARCIA - Abc-latina","isPartOf":{"@id":"https:\/\/abc-latina.com\/#website"},"primaryImageOfPage":{"@id":"https:\/\/abc-latina.com\/personnalites\/alan_garcia_perez\/#primaryimage"},"image":{"@id":"https:\/\/abc-latina.com\/personnalites\/alan_garcia_perez\/#primaryimage"},"thumbnailUrl":"https:\/\/abc-latina.com\/wp-content\/uploads\/2010\/08\/alan-garcia-2.jpg","datePublished":"2010-08-03T17:32:40+00:00","dateModified":"2026-04-30T16:25:20+00:00","description":"Alan Garcia Perez, Ancien pr\u00e9sident du P\u00e9rou de 1985 \u00e0 1990, et de 2006 \u00e0 2011.","breadcrumb":{"@id":"https:\/\/abc-latina.com\/personnalites\/alan_garcia_perez\/#breadcrumb"},"inLanguage":"fr-FR","potentialAction":[{"@type":"ReadAction","target":["https:\/\/abc-latina.com\/personnalites\/alan_garcia_perez\/"]}]},{"@type":"ImageObject","inLanguage":"fr-FR","@id":"https:\/\/abc-latina.com\/personnalites\/alan_garcia_perez\/#primaryimage","url":"https:\/\/abc-latina.com\/wp-content\/uploads\/2010\/08\/alan-garcia-2.jpg","contentUrl":"https:\/\/abc-latina.com\/wp-content\/uploads\/2010\/08\/alan-garcia-2.jpg","width":220,"height":220,"caption":"ALAN GARCIA"},{"@type":"BreadcrumbList","@id":"https:\/\/abc-latina.com\/personnalites\/alan_garcia_perez\/#breadcrumb","itemListElement":[{"@type":"ListItem","position":1,"name":"Accueil","item":"https:\/\/abc-latina.com\/"},{"@type":"ListItem","position":2,"name":"ALAN GARCIA"}]},{"@type":"WebSite","@id":"https:\/\/abc-latina.com\/#website","url":"https:\/\/abc-latina.com\/","name":"Abc-latina","description":"","publisher":{"@id":"https:\/\/abc-latina.com\/#organization"},"potentialAction":[{"@type":"SearchAction","target":{"@type":"EntryPoint","urlTemplate":"https:\/\/abc-latina.com\/?s={search_term_string}"},"query-input":{"@type":"PropertyValueSpecification","valueRequired":true,"valueName":"search_term_string"}}],"inLanguage":"fr-FR"},{"@type":"Organization","@id":"https:\/\/abc-latina.com\/#organization","name":"Abc-latina","url":"https:\/\/abc-latina.com\/","logo":{"@type":"ImageObject","inLanguage":"fr-FR","@id":"https:\/\/abc-latina.com\/#\/schema\/logo\/image\/","url":"https:\/\/abc-latina.com\/wp-content\/uploads\/2026\/05\/cropped-logo.gif","contentUrl":"https:\/\/abc-latina.com\/wp-content\/uploads\/2026\/05\/cropped-logo.gif","width":89,"height":84,"caption":"Abc-latina"},"image":{"@id":"https:\/\/abc-latina.com\/#\/schema\/logo\/image\/"}}]}},"_links":{"self":[{"href":"https:\/\/abc-latina.com\/wp-json\/wp\/v2\/pages\/2035","targetHints":{"allow":["GET"]}}],"collection":[{"href":"https:\/\/abc-latina.com\/wp-json\/wp\/v2\/pages"}],"about":[{"href":"https:\/\/abc-latina.com\/wp-json\/wp\/v2\/types\/page"}],"author":[{"embeddable":true,"href":"https:\/\/abc-latina.com\/wp-json\/wp\/v2\/users\/3"}],"replies":[{"embeddable":true,"href":"https:\/\/abc-latina.com\/wp-json\/wp\/v2\/comments?post=2035"}],"version-history":[{"count":1,"href":"https:\/\/abc-latina.com\/wp-json\/wp\/v2\/pages\/2035\/revisions"}],"predecessor-version":[{"id":3793,"href":"https:\/\/abc-latina.com\/wp-json\/wp\/v2\/pages\/2035\/revisions\/3793"}],"up":[{"embeddable":true,"href":"https:\/\/abc-latina.com\/wp-json\/wp\/v2\/pages\/2633"}],"wp:featuredmedia":[{"embeddable":true,"href":"https:\/\/abc-latina.com\/wp-json\/wp\/v2\/media\/2034"}],"wp:attachment":[{"href":"https:\/\/abc-latina.com\/wp-json\/wp\/v2\/media?parent=2035"}],"curies":[{"name":"wp","href":"https:\/\/api.w.org\/{rel}","templated":true}]}}