{"id":2046,"date":"2010-08-03T21:29:40","date_gmt":"2010-08-03T19:29:40","guid":{"rendered":"http:\/\/abc-latina.com\/alfredo_stroessner-htm\/"},"modified":"2026-04-30T18:25:20","modified_gmt":"2026-04-30T16:25:20","slug":"alfredo_stroessner","status":"publish","type":"page","link":"https:\/\/abc-latina.com\/personnalites\/alfredo_stroessner\/","title":{"rendered":"ALFREDO STROESSNER"},"content":{"rendered":"<div><strong><span style=\"color: rgb(255, 102, 0); \"><img loading=\"lazy\" decoding=\"async\" class=\" alignright size-full wp-image-2045\" src=\"http:\/\/abc-latina.com\/wp-content\/uploads\/2010\/08\/alfredo-stroessner.jpg\" title=\"ALFREDO STROESSNER\" alt=\"\" width=\"220\" vspace=\"9\" hspace=\"15\" height=\"220\" align=\"right\" srcset=\"https:\/\/abc-latina.com\/wp-content\/uploads\/2010\/08\/alfredo-stroessner.jpg 220w, https:\/\/abc-latina.com\/wp-content\/uploads\/2010\/08\/alfredo-stroessner-150x150.jpg 150w\" sizes=\"auto, (max-width: 220px) 100vw, 220px\" \/>Alfredo Stroessner<\/span><\/strong> est n\u00e9 le 3 novembre 1912 \u00e0 Encarnaci\u00f3n. Il est le fils d&rsquo;un brasseur d&rsquo;origine bavaroise Hugo Stroessner, et d&rsquo;une paraguayenne, Heriberta Matiauda. Lorsqu&rsquo;il eut dix-sept ans, Alfredo Stroessner commen\u00e7a sa carri\u00e8re militaire qui le mena petit \u00e0 petit au sommet de la hi\u00e9rarchie paraguayenne. Ainsi, il fut nomm\u00e9 lieutenant deux ans plus tard et en 1932, lorsque la <a target=\"_blank\" href=\"https:\/\/www.abc-latina.com\/histoire\/guerre_du_chaco\">Guerre du Chaco<\/a> \u00e9clata, Alfredo Stroessner fut envoy\u00e9 au front. Tr\u00e8s vite, le jeune Alfredo Stroessner gagna des galons toujours plus importants en r\u00e9compense au courage et \u00e0 l&rsquo;habilit\u00e9 dont il fit preuve sur le terrain et \u00e0 sa loyaut\u00e9 envers le g\u00e9n\u00e9ral Higinio Mor\u00ed\u00f1igo. Tout cela le propulsa en 1948 au rang de g\u00e9n\u00e9ral en chef des forces arm\u00e9es, ce qu&rsquo;il prit particuli\u00e8rement au s\u00e9rieux. A 36 ans, il \u00e9tait le g\u00e9n\u00e9ral le plus jeune d&rsquo;Am\u00e9rique du Sud. Promouvoir au grade de G\u00e9n\u00e9ral en pleine p\u00e9riode d&rsquo;instabilit\u00e9 allait offrir \u00e0 Alfredo Stroessner la possibilit\u00e9 de prendre le pouvoir par un coup d&rsquo;\u00e9tat sept ans plus tard, en comptant notamment sur l&rsquo;appui du parti Colorado. C&rsquo;est ce qui se produisit le 4 mai 1954, quand Alfredo Stroessner s&#8217;empara du pouvoir au <a target=\"_blank\" href=\"https:\/\/www.abc-latina.com\/paraguay\/\">Paraguay<\/a>.<\/div>\n<div>Il sera renvers\u00e9, le 3 f\u00e9vrier 1989, par un autre coup d&rsquo;Etat, men\u00e9 par le g\u00e9n\u00e9ral Andr\u00e9s Rodr\u00edguez Pedotti.<br \/>Il s&rsquo;exile alors au Br\u00e9sil, pour aller vivre \u00e0 Brasilia<br \/>En ao\u00fbt 2006, Alfredo Stroessner d\u00e9c\u00e8de<\/div>\n<div>&nbsp;<\/div>\n<div><span class=\"person\">REPERES<\/span><span class=\"Apple-tab-span\" style=\"white-space:pre\">\t<\/span><\/div>\n<div><span class=\"person-date\">1912<\/span> &#8211; Naissance d&rsquo;Alfredo Stroessner<\/div>\n<div><span class=\"person-date\">1948<\/span> &#8211; Il devient g\u00e9n\u00e9ral en chef des forces arm\u00e9es \u00e0 36 ans<\/div>\n<div><span class=\"person-date\">1954<\/span> &#8211; Il prend le pouvoir sur un coup d&rsquo;\u00e9tat<\/div>\n<div><span class=\"person-date\">1989<\/span> &#8211; Fin de sa dictature<\/div>\n<div><span class=\"person-date\">2006<\/span> &#8211; Il meurt<\/div>\n<div>&nbsp;<\/div>\n<p>&nbsp;<\/p>\n","protected":false},"excerpt":{"rendered":"<p>Alfredo Stroessner est n\u00e9 le 3 novembre 1912 \u00e0 Encarnaci\u00f3n. Il est le fils d&rsquo;un brasseur d&rsquo;origine bavaroise Hugo Stroessner, [&hellip;]<\/p>\n","protected":false},"author":3,"featured_media":2045,"parent":2633,"menu_order":0,"comment_status":"closed","ping_status":"closed","template":"","meta":{"site-sidebar-layout":"default","site-content-layout":"","ast-site-content-layout":"default","site-content-style":"default","site-sidebar-style":"default","ast-global-header-display":"","ast-banner-title-visibility":"","ast-main-header-display":"","ast-hfb-above-header-display":"","ast-hfb-below-header-display":"","ast-hfb-mobile-header-display":"","site-post-title":"","ast-breadcrumbs-content":"","ast-featured-img":"","footer-sml-layout":"","ast-disable-related-posts":"","theme-transparent-header-meta":"","adv-header-id-meta":"","stick-header-meta":"","header-above-stick-meta":"","header-main-stick-meta":"","header-below-stick-meta":"","astra-migrate-meta-layouts":"default","ast-page-background-enabled":"default","ast-page-background-meta":{"desktop":{"background-color":"var(--ast-global-color-5)","background-image":"","background-repeat":"repeat","background-position":"center center","background-size":"auto","background-attachment":"scroll","background-type":"","background-media":"","overlay-type":"","overlay-color":"","overlay-opacity":"","overlay-gradient":""},"tablet":{"background-color":"","background-image":"","background-repeat":"repeat","background-position":"center center","background-size":"auto","background-attachment":"scroll","background-type":"","background-media":"","overlay-type":"","overlay-color":"","overlay-opacity":"","overlay-gradient":""},"mobile":{"background-color":"","background-image":"","background-repeat":"repeat","background-position":"center center","background-size":"auto","background-attachment":"scroll","background-type":"","background-media":"","overlay-type":"","overlay-color":"","overlay-opacity":"","overlay-gradient":""}},"ast-content-background-meta":{"desktop":{"background-color":"var(--ast-global-color-4)","background-image":"","background-repeat":"repeat","background-position":"center center","background-size":"auto","background-attachment":"scroll","background-type":"","background-media":"","overlay-type":"","overlay-color":"","overlay-opacity":"","overlay-gradient":""},"tablet":{"background-color":"var(--ast-global-color-4)","background-image":"","background-repeat":"repeat","background-position":"center center","background-size":"auto","background-attachment":"scroll","background-type":"","background-media":"","overlay-type":"","overlay-color":"","overlay-opacity":"","overlay-gradient":""},"mobile":{"background-color":"var(--ast-global-color-4)","background-image":"","background-repeat":"repeat","background-position":"center center","background-size":"auto","background-attachment":"scroll","background-type":"","background-media":"","overlay-type":"","overlay-color":"","overlay-opacity":"","overlay-gradient":""}},"footnotes":""},"class_list":["post-2046","page","type-page","status-publish","has-post-thumbnail","hentry"],"yoast_head":"<!-- This site is optimized with the Yoast SEO plugin v27.5 - https:\/\/yoast.com\/product\/yoast-seo-wordpress\/ -->\n<title>ALFREDO STROESSNER - Abc-latina<\/title>\n<meta name=\"description\" content=\"Alfredo Stroessner, Militaire et homme politique, dictateur.\" \/>\n<meta name=\"robots\" content=\"index, follow, max-snippet:-1, max-image-preview:large, max-video-preview:-1\" \/>\n<link rel=\"canonical\" href=\"https:\/\/abc-latina.com\/personnalites\/alfredo_stroessner\/\" \/>\n<meta property=\"og:locale\" content=\"fr_FR\" \/>\n<meta property=\"og:type\" content=\"article\" \/>\n<meta property=\"og:title\" content=\"ALFREDO STROESSNER - Abc-latina\" \/>\n<meta property=\"og:description\" content=\"Alfredo Stroessner, Militaire et homme politique, dictateur.\" \/>\n<meta property=\"og:url\" content=\"https:\/\/abc-latina.com\/personnalites\/alfredo_stroessner\/\" \/>\n<meta property=\"og:site_name\" content=\"Abc-latina\" \/>\n<meta property=\"article:modified_time\" content=\"2026-04-30T16:25:20+00:00\" \/>\n<meta property=\"og:image\" content=\"https:\/\/abc-latina.com\/wp-content\/uploads\/2010\/08\/alfredo-stroessner.jpg\" \/>\n\t<meta property=\"og:image:width\" content=\"220\" \/>\n\t<meta property=\"og:image:height\" content=\"220\" \/>\n\t<meta property=\"og:image:type\" content=\"image\/jpeg\" \/>\n<meta name=\"twitter:card\" content=\"summary_large_image\" \/>\n<meta name=\"twitter:label1\" content=\"Dur\u00e9e de lecture estim\u00e9e\" \/>\n\t<meta name=\"twitter:data1\" content=\"1 minute\" \/>\n<script type=\"application\/ld+json\" class=\"yoast-schema-graph\">{\"@context\":\"https:\\\/\\\/schema.org\",\"@graph\":[{\"@type\":\"WebPage\",\"@id\":\"https:\\\/\\\/abc-latina.com\\\/personnalites\\\/alfredo_stroessner\\\/\",\"url\":\"https:\\\/\\\/abc-latina.com\\\/personnalites\\\/alfredo_stroessner\\\/\",\"name\":\"ALFREDO STROESSNER - Abc-latina\",\"isPartOf\":{\"@id\":\"https:\\\/\\\/abc-latina.com\\\/#website\"},\"primaryImageOfPage\":{\"@id\":\"https:\\\/\\\/abc-latina.com\\\/personnalites\\\/alfredo_stroessner\\\/#primaryimage\"},\"image\":{\"@id\":\"https:\\\/\\\/abc-latina.com\\\/personnalites\\\/alfredo_stroessner\\\/#primaryimage\"},\"thumbnailUrl\":\"https:\\\/\\\/abc-latina.com\\\/wp-content\\\/uploads\\\/2010\\\/08\\\/alfredo-stroessner.jpg\",\"datePublished\":\"2010-08-03T19:29:40+00:00\",\"dateModified\":\"2026-04-30T16:25:20+00:00\",\"description\":\"Alfredo Stroessner, Militaire et homme politique, dictateur.\",\"breadcrumb\":{\"@id\":\"https:\\\/\\\/abc-latina.com\\\/personnalites\\\/alfredo_stroessner\\\/#breadcrumb\"},\"inLanguage\":\"fr-FR\",\"potentialAction\":[{\"@type\":\"ReadAction\",\"target\":[\"https:\\\/\\\/abc-latina.com\\\/personnalites\\\/alfredo_stroessner\\\/\"]}]},{\"@type\":\"ImageObject\",\"inLanguage\":\"fr-FR\",\"@id\":\"https:\\\/\\\/abc-latina.com\\\/personnalites\\\/alfredo_stroessner\\\/#primaryimage\",\"url\":\"https:\\\/\\\/abc-latina.com\\\/wp-content\\\/uploads\\\/2010\\\/08\\\/alfredo-stroessner.jpg\",\"contentUrl\":\"https:\\\/\\\/abc-latina.com\\\/wp-content\\\/uploads\\\/2010\\\/08\\\/alfredo-stroessner.jpg\",\"width\":220,\"height\":220,\"caption\":\"ALFREDO STROESSNER\"},{\"@type\":\"BreadcrumbList\",\"@id\":\"https:\\\/\\\/abc-latina.com\\\/personnalites\\\/alfredo_stroessner\\\/#breadcrumb\",\"itemListElement\":[{\"@type\":\"ListItem\",\"position\":1,\"name\":\"Accueil\",\"item\":\"https:\\\/\\\/abc-latina.com\\\/\"},{\"@type\":\"ListItem\",\"position\":2,\"name\":\"ALFREDO STROESSNER\"}]},{\"@type\":\"WebSite\",\"@id\":\"https:\\\/\\\/abc-latina.com\\\/#website\",\"url\":\"https:\\\/\\\/abc-latina.com\\\/\",\"name\":\"Abc-latina\",\"description\":\"\",\"publisher\":{\"@id\":\"https:\\\/\\\/abc-latina.com\\\/#organization\"},\"potentialAction\":[{\"@type\":\"SearchAction\",\"target\":{\"@type\":\"EntryPoint\",\"urlTemplate\":\"https:\\\/\\\/abc-latina.com\\\/?s={search_term_string}\"},\"query-input\":{\"@type\":\"PropertyValueSpecification\",\"valueRequired\":true,\"valueName\":\"search_term_string\"}}],\"inLanguage\":\"fr-FR\"},{\"@type\":\"Organization\",\"@id\":\"https:\\\/\\\/abc-latina.com\\\/#organization\",\"name\":\"Abc-latina\",\"url\":\"https:\\\/\\\/abc-latina.com\\\/\",\"logo\":{\"@type\":\"ImageObject\",\"inLanguage\":\"fr-FR\",\"@id\":\"https:\\\/\\\/abc-latina.com\\\/#\\\/schema\\\/logo\\\/image\\\/\",\"url\":\"https:\\\/\\\/abc-latina.com\\\/wp-content\\\/uploads\\\/2026\\\/05\\\/cropped-logo.gif\",\"contentUrl\":\"https:\\\/\\\/abc-latina.com\\\/wp-content\\\/uploads\\\/2026\\\/05\\\/cropped-logo.gif\",\"width\":89,\"height\":84,\"caption\":\"Abc-latina\"},\"image\":{\"@id\":\"https:\\\/\\\/abc-latina.com\\\/#\\\/schema\\\/logo\\\/image\\\/\"}}]}<\/script>\n<!-- \/ Yoast SEO plugin. -->","yoast_head_json":{"title":"ALFREDO STROESSNER - Abc-latina","description":"Alfredo Stroessner, Militaire et homme politique, dictateur.","robots":{"index":"index","follow":"follow","max-snippet":"max-snippet:-1","max-image-preview":"max-image-preview:large","max-video-preview":"max-video-preview:-1"},"canonical":"https:\/\/abc-latina.com\/personnalites\/alfredo_stroessner\/","og_locale":"fr_FR","og_type":"article","og_title":"ALFREDO STROESSNER - Abc-latina","og_description":"Alfredo Stroessner, Militaire et homme politique, dictateur.","og_url":"https:\/\/abc-latina.com\/personnalites\/alfredo_stroessner\/","og_site_name":"Abc-latina","article_modified_time":"2026-04-30T16:25:20+00:00","og_image":[{"width":220,"height":220,"url":"https:\/\/abc-latina.com\/wp-content\/uploads\/2010\/08\/alfredo-stroessner.jpg","type":"image\/jpeg"}],"twitter_card":"summary_large_image","twitter_misc":{"Dur\u00e9e de lecture estim\u00e9e":"1 minute"},"schema":{"@context":"https:\/\/schema.org","@graph":[{"@type":"WebPage","@id":"https:\/\/abc-latina.com\/personnalites\/alfredo_stroessner\/","url":"https:\/\/abc-latina.com\/personnalites\/alfredo_stroessner\/","name":"ALFREDO STROESSNER - Abc-latina","isPartOf":{"@id":"https:\/\/abc-latina.com\/#website"},"primaryImageOfPage":{"@id":"https:\/\/abc-latina.com\/personnalites\/alfredo_stroessner\/#primaryimage"},"image":{"@id":"https:\/\/abc-latina.com\/personnalites\/alfredo_stroessner\/#primaryimage"},"thumbnailUrl":"https:\/\/abc-latina.com\/wp-content\/uploads\/2010\/08\/alfredo-stroessner.jpg","datePublished":"2010-08-03T19:29:40+00:00","dateModified":"2026-04-30T16:25:20+00:00","description":"Alfredo Stroessner, Militaire et homme politique, dictateur.","breadcrumb":{"@id":"https:\/\/abc-latina.com\/personnalites\/alfredo_stroessner\/#breadcrumb"},"inLanguage":"fr-FR","potentialAction":[{"@type":"ReadAction","target":["https:\/\/abc-latina.com\/personnalites\/alfredo_stroessner\/"]}]},{"@type":"ImageObject","inLanguage":"fr-FR","@id":"https:\/\/abc-latina.com\/personnalites\/alfredo_stroessner\/#primaryimage","url":"https:\/\/abc-latina.com\/wp-content\/uploads\/2010\/08\/alfredo-stroessner.jpg","contentUrl":"https:\/\/abc-latina.com\/wp-content\/uploads\/2010\/08\/alfredo-stroessner.jpg","width":220,"height":220,"caption":"ALFREDO STROESSNER"},{"@type":"BreadcrumbList","@id":"https:\/\/abc-latina.com\/personnalites\/alfredo_stroessner\/#breadcrumb","itemListElement":[{"@type":"ListItem","position":1,"name":"Accueil","item":"https:\/\/abc-latina.com\/"},{"@type":"ListItem","position":2,"name":"ALFREDO STROESSNER"}]},{"@type":"WebSite","@id":"https:\/\/abc-latina.com\/#website","url":"https:\/\/abc-latina.com\/","name":"Abc-latina","description":"","publisher":{"@id":"https:\/\/abc-latina.com\/#organization"},"potentialAction":[{"@type":"SearchAction","target":{"@type":"EntryPoint","urlTemplate":"https:\/\/abc-latina.com\/?s={search_term_string}"},"query-input":{"@type":"PropertyValueSpecification","valueRequired":true,"valueName":"search_term_string"}}],"inLanguage":"fr-FR"},{"@type":"Organization","@id":"https:\/\/abc-latina.com\/#organization","name":"Abc-latina","url":"https:\/\/abc-latina.com\/","logo":{"@type":"ImageObject","inLanguage":"fr-FR","@id":"https:\/\/abc-latina.com\/#\/schema\/logo\/image\/","url":"https:\/\/abc-latina.com\/wp-content\/uploads\/2026\/05\/cropped-logo.gif","contentUrl":"https:\/\/abc-latina.com\/wp-content\/uploads\/2026\/05\/cropped-logo.gif","width":89,"height":84,"caption":"Abc-latina"},"image":{"@id":"https:\/\/abc-latina.com\/#\/schema\/logo\/image\/"}}]}},"_links":{"self":[{"href":"https:\/\/abc-latina.com\/wp-json\/wp\/v2\/pages\/2046","targetHints":{"allow":["GET"]}}],"collection":[{"href":"https:\/\/abc-latina.com\/wp-json\/wp\/v2\/pages"}],"about":[{"href":"https:\/\/abc-latina.com\/wp-json\/wp\/v2\/types\/page"}],"author":[{"embeddable":true,"href":"https:\/\/abc-latina.com\/wp-json\/wp\/v2\/users\/3"}],"replies":[{"embeddable":true,"href":"https:\/\/abc-latina.com\/wp-json\/wp\/v2\/comments?post=2046"}],"version-history":[{"count":1,"href":"https:\/\/abc-latina.com\/wp-json\/wp\/v2\/pages\/2046\/revisions"}],"predecessor-version":[{"id":3799,"href":"https:\/\/abc-latina.com\/wp-json\/wp\/v2\/pages\/2046\/revisions\/3799"}],"up":[{"embeddable":true,"href":"https:\/\/abc-latina.com\/wp-json\/wp\/v2\/pages\/2633"}],"wp:featuredmedia":[{"embeddable":true,"href":"https:\/\/abc-latina.com\/wp-json\/wp\/v2\/media\/2045"}],"wp:attachment":[{"href":"https:\/\/abc-latina.com\/wp-json\/wp\/v2\/media?parent=2046"}],"curies":[{"name":"wp","href":"https:\/\/api.w.org\/{rel}","templated":true}]}}