{"id":2059,"date":"2010-08-03T23:34:19","date_gmt":"2010-08-03T21:34:19","guid":{"rendered":"http:\/\/abc-latina.com\/augusto_sandino-htm\/"},"modified":"2026-04-30T18:25:20","modified_gmt":"2026-04-30T16:25:20","slug":"augusto_sandino","status":"publish","type":"page","link":"https:\/\/abc-latina.com\/personnalites\/augusto_sandino\/","title":{"rendered":"AUGUSTO SANDINO"},"content":{"rendered":"<div><span class=\"person\"><img loading=\"lazy\" decoding=\"async\" class=\" alignright size-full wp-image-2058\" src=\"http:\/\/abc-latina.com\/wp-content\/uploads\/2010\/08\/augusto-sandino.jpg\" title=\"AUGUSTO SANDINO\" alt=\"\" width=\"220\" vspace=\"9\" hspace=\"15\" height=\"218\" align=\"right\" srcset=\"https:\/\/abc-latina.com\/wp-content\/uploads\/2010\/08\/augusto-sandino.jpg 220w, https:\/\/abc-latina.com\/wp-content\/uploads\/2010\/08\/augusto-sandino-150x150.jpg 150w\" sizes=\"auto, (max-width: 220px) 100vw, 220px\" \/>Augusto Sandino<\/span> mena une r\u00e9sistance disproportionn\u00e9e qui contraignit l&rsquo;occupant \u00e9tasunien au d\u00e9part en 1933. Il fut tra\u00eetreusement abattu par <a href=\"anastasio_somoza\">Somoza<\/a>, l&rsquo;homme lige de Washington.<\/div>\n<div>&nbsp;<\/div>\n<div>Il n&rsquo;est pas rare que le profane se demande si Sandino fut vraiment un personnage historique, tant la renomm\u00e9e du Nicaraguayen a acquis la dimension d&rsquo;un mythe: celle d&rsquo;un patriote int\u00e8gre et inspir\u00e9 d&rsquo;une Am\u00e9rique centrale qui, plus que toute autre r\u00e9gion du monde, a subi l&rsquo;imp\u00e9rialisme de Washington. Augusto Nicol\u00e1s Calder\u00f3n C\u00e9sar Sandino a pourtant bel et bien exist\u00e9, au point que la gauche internationaliste trouva en lui un h\u00e9ros de l&rsquo;entre-deux-guerres. Sa vie ne commence pas sous les meilleurs auspices. N\u00e9 \u00e0 Niquinohomo le 18 mai 1895, Augusto est le fils ill\u00e9gitime &#8211; sa blessure intime &#8211; d&rsquo;un moyen propri\u00e9taire terrien et d&rsquo;une de ses employ\u00e9es ouvri\u00e8re agricole. Durant son enfance, ce m\u00e9tisse m\u00e8ne une vie mis\u00e9rable et d\u00e9veloppe un profond sentiment d&rsquo;injustice. Sa m\u00e8re, qu&rsquo;il adore et suit dans les plantations de caf\u00e9, rencontre moult difficult\u00e9s, au point d&rsquo;\u00eatre un jour emprisonn\u00e9e pour cause de dette.&nbsp;<\/div>\n<div>&nbsp;<\/div>\n<div>Mais \u00e0 l&rsquo;\u00e2ge de 11 ans, Augusto est recueilli par son p\u00e8re, qui l&rsquo;envoie \u00e0 l&rsquo;\u00e9cole et l&rsquo;initie au monde des affaires. Vivant \u00e0 l&rsquo;ombre du fils l\u00e9gitime Socrate (qui le suivit dans son combat jusque dans la mort), sa belle-m\u00e8re le traite moins bien qu&rsquo;un domestique. Augusto obtient n\u00e9anmoins des succ\u00e8s prometteurs pour le compte de l&rsquo;entreprise paternelle. Le drame le rattrape en 1920: \u00e0 la suite d&rsquo;un conflit jamais \u00e9lucid\u00e9, il blesse gravement un homme qui l&rsquo;a insult\u00e9 et s&rsquo;enfuit.&nbsp;<\/div>\n<div>&nbsp;<\/div>\n<div>Menant une vie itin\u00e9rante p\u00e9nible, il met \u00e0 profit au <a target=\"_blank\" href=\"https:\/\/www.abc-latina.com\/honduras\/\">Honduras<\/a> et au <a target=\"_blank\" href=\"https:\/\/www.abc-latina.com\/guatemala\/\">Guatemala<\/a> une exp\u00e9rience de m\u00e9canicien acquise pr\u00e9alablement au <a target=\"_blank\" href=\"https:\/\/www.abc-latina.com\/costarica\/\">Costa Rica<\/a>. Il travaille dans des propri\u00e9t\u00e9s nord-am\u00e9ricaines, discerne la puissance de la United Fruit Company, une entreprise tentaculaire qui a le monopole de la banane en Am\u00e9rique centrale (&quot;r\u00e9publiques banani\u00e8res&quot;&#8230;), et saisit le poids de la diplomatie du dollar et du big stick (gros b\u00e2ton) dans la mer des Cara\u00efbes &#8211; v\u00e9ritable &quot;M\u00e9diterran\u00e9e am\u00e9ricaine&quot; que Washington, soucieuse de ses int\u00e9r\u00eats, contr\u00f4le au gr\u00e9 de nombreuses d\u00e9monstrations navales et d&rsquo;exp\u00e9ditions militaires depuis la fin du XIXe si\u00e8cle.&nbsp;<\/div>\n<div>&nbsp;<\/div>\n<div>Au <a target=\"_blank\" href=\"https:\/\/www.abc-latina.com\/mexique\/\">Mexique<\/a>, il travaille pour des compagnies p\u00e9troli\u00e8res US \u00e0 Tampico et baigne dans l&rsquo;atmosph\u00e8re postr\u00e9volutionnaire du pays phare de la modernit\u00e9 des Am\u00e9riques latines. Frott\u00e9 d&rsquo;id\u00e9es nouvelles et profuses, cet homme menu, r\u00e9serv\u00e9 et m\u00e9ditatif repense alors \u00e0 son pays, dirig\u00e9 alternativement par l&rsquo;oligarchie lib\u00e9rale ou conservatrice et occup\u00e9 militairement depuis 1912 par la Maison-Blanche, qui y soutient son homme fort. Il ach\u00e8ve son errance initiatique en devenant franc-ma\u00e7on, adepte d&rsquo;un spiritualisme humaniste et \u00e9sot\u00e9rique. D\u00e9sormais \u00e9veill\u00e9 \u00e0 la politique, Sandino retourne au <a target=\"_blank\" href=\"https:\/\/www.abc-latina.com\/nicaragua\/\">Nicaragua<\/a> lorsqu&rsquo;une guerre civile \u00e9clate en 1926.&nbsp;<\/div>\n<div>&nbsp;<\/div>\n<div>Il int\u00e8gre les troupes du g\u00e9n\u00e9ral lib\u00e9ral Moncada, qui s&rsquo;oppose au conservateur Adolfo Diaz, pr\u00e9sident \u00e0 la suite d&rsquo;un coup d&rsquo;Etat et appuy\u00e9 par Washington. Sandino se fait remarquer pour ses qualit\u00e9s de meneur d&rsquo;hommes et compte bient\u00f4t 800 partisans. Mais en mai 1927, Moncada d\u00e9pose les armes, amadou\u00e9 par la diplomatie US en \u00e9change du fauteuil pr\u00e9sidentiel. Seul, Sandino refuse un tel pacte: &quot;Je ne me vends ni ne me rends&quot;, proclame-t-il.&nbsp;<\/div>\n<div>&nbsp;<\/div>\n<div>Suivi de ses partisans, le charismatique &quot;bandit&quot; coiff\u00e9 de son c\u00e9l\u00e8bre chapeau texan se r\u00e9fugie dans les montagnes des S\u00e9govies, \u00e0 la fronti\u00e8re du Honduras. Les premiers combats sont meurtriers, sans grands r\u00e9sultats. Mais en moins de deux ans, Sandino use avec maestria de toutes les techniques de la gu\u00e9rilla: embuscades surprises minutieusement pr\u00e9par\u00e9es, raids urbains efficaces, connaissance du terrain. Le corps exp\u00e9ditionnaire de plus de 5000 marines US, aid\u00e9 par la Garde nationale nicaraguayenne, affronte jusqu&rsquo;\u00e0 dix contre un un adversaire coriace, disciplin\u00e9 et insaisissable. Avec le slogan &quot;Patria y Libertad&quot; et le drapeau rouge et noir comme embl\u00e8me, la l\u00e9gende de Sandino na\u00eet. Mais son combat a des limites. Il lui faut des appuis politiques et financiers.&nbsp;<\/div>\n<div>&nbsp;<\/div>\n<div>Au Mexique, o\u00f9 il reste une ann\u00e9e, le pr\u00e9sident Portes Gil le re\u00e7oit. En vain. Hormis des dons \u00e9pars et des sympathisants \u00e9trangers rejoignant ses rangs, la gauche am\u00e9ricaine et europ\u00e9enne, voire chinoise, le loue. Sa renomm\u00e9e est mondiale: la Ligue anti-imp\u00e9rialiste \u00e9tasunienne le soutient contre son propre gouvernement; la po\u00e9tesse chilienne <a href=\"gabriela_mistral\">Gabriela Mistral<\/a> admire &quot;la folle petite arm\u00e9e&quot; de travailleurs et de paysans du maquisard; l&rsquo;\u00e9crivain ancien combattant Henri Barbusse le baptise &quot;g\u00e9n\u00e9ral des hommes libres&quot; tandis que la mouvance communiste tente de l&#8217;embrigader &#8211; ce que Sandino refuse (en t\u00e9moigne sa rupture avec son secr\u00e9taire salvadorien, le fameux Augusto Farabundo Marti).&nbsp;<\/div>\n<div>En effet, Sandino est un intuitif m\u00e9fiant envers les syst\u00e8mes id\u00e9ologiques et la politique politicienne. Dot\u00e9 d&rsquo;une foi in\u00e9branlable dans la validit\u00e9 de son combat, cet homme d&rsquo;action est avant tout un patriote \u00e9pris de mysticisme, qui parle avec sensibilit\u00e9 de l&rsquo;\u00eatre indo-hispanique, de Dieu, de libert\u00e9, de fraternit\u00e9 et de d\u00e9fense nationale au nom des opprim\u00e9s. Partisan d&rsquo;id\u00e9es-forces consensuelles, cet esprit farouche aspire \u00e0 la l\u00e9galit\u00e9 constitutionnelle et \u00e0 une d\u00e9mocratie paisible. En anti-intellectuel, il veut des solutions concr\u00e8tes pour son peuple, non une r\u00e9volution abstraite &#8211; et cette lutte passe d&rsquo;abord par le recouvrement de la souverainet\u00e9 du Nicaragua dans une Am\u00e9rique centrale solidaire et d\u00e9barrass\u00e9e de l&rsquo;ing\u00e9rence \u00e9trang\u00e8re.&nbsp;<\/div>\n<div>&nbsp;<\/div>\n<div>De retour au Nicaragua en 1930, o\u00f9 la gu\u00e9rilla couve, la lutte reprend. Elle occupe bient\u00f4t la moiti\u00e9 du territoire. Sandino semble invincible, et le commandement US d\u00e9sesp\u00e8re. La guerre durcit, tra\u00eene. A l&rsquo;heure de la Grande D\u00e9pression, l&rsquo;opinion \u00e9tasunienne s&rsquo;interroge sur l&rsquo;engagement meurtrier de ses soldats sous les tropiques. En 1932, l&rsquo;\u00e9lection du d\u00e9mocrate Franklin Delano Roosevelt \u00e0 la Maison-Blanche change la donne. Avec la Good Neighbour Policy (politique de bon voisinage) vis-\u00e0-vis de l&rsquo;Am\u00e9rique latine (malgr\u00e9 des ambigu\u00eft\u00e9s), l&rsquo;\u00e9vacuation des marines s&rsquo;ach\u00e8ve d\u00e9but 1933. Sans avoir compl\u00e8tement gagn\u00e9 sur le terrain, Sandino remporte son combat disproportionn\u00e9 de six ans contre une arm\u00e9e puissante et moderne.&nbsp;<\/div>\n<div>La paix revient en effet avec le d\u00e9part des marines, car le gu\u00e9rillero n&rsquo;a jamais fait myst\u00e8re du sens de son combat. Une fois que le Nicaragua est libre de yankees et renoue avec des \u00e9lections pr\u00e9sidentielles r\u00e9guli\u00e8res, qui voient acc\u00e9der le lib\u00e9ral Sacasa en f\u00e9vrier, Sandino cesse les hostilit\u00e9s. D\u00e8s lors, il se d\u00e9sint\u00e9resse de la vie publique et vit dans le souvenir de sa jeune femme Blanca, qui vient de mourir en couche. A Wiwili, au milieu d&rsquo;Indiens et d&rsquo;anciens gu\u00e9rilleros, il organise une coop\u00e9rative sur le R\u00edo Coco, r\u00eavant d&rsquo;am\u00e9liorer pratiquement le bien-\u00eatre quotidien de ses compatriotes. Son projet, lanc\u00e9 dans des conditions tr\u00e8s difficiles, conna\u00eet un d\u00e9but de r\u00e9ussite au bout d&rsquo;une ann\u00e9e de travail harassant.&nbsp;<\/div>\n<div>&nbsp;<\/div>\n<div>Mais les 5000 hommes de la GN, que Washington a eu le soin de laisser en place, commettent des exactions. Des anciens gu\u00e9rilleros sont assassin\u00e9s ou disparaissent. Le &quot;gamin de Niquinohomo&quot; se plaint \u00e0 <a target=\"_blank\" href=\"https:\/\/www.abc-latina.com\/nicaragua\/voyage\/managua\">Managua<\/a> du non-respect de la paix des braves entre anciens combattants. A l&rsquo;occasion du premier anniversaire de la signature des accords de paix, le pr\u00e9sident Sacasa lui propose de rencontrer le chef de la GN, le g\u00e9n\u00e9ral Antonio Somoza Garc\u00eda. Leur entrevue est cordiale et prometteuse &#8211; mais seulement en apparence.&nbsp;<\/div>\n<div>&nbsp;<\/div>\n<div>Le 20 f\u00e9vrier 1934, Sacasa nomme un d\u00e9l\u00e9gu\u00e9 pr\u00e9sidentiel dans les d\u00e9partements du Nord afin de les retirer de l&#8217;emprise de Somoza. Le 21, ce dernier, furieux, est re\u00e7u par Arthur Bliss Lane, le nouvel ambassadeur US. Le m\u00eame soir, Sandino et deux de ses g\u00e9n\u00e9raux quittent la table pr\u00e9sidentielle. A 21 h 30, ils sont arr\u00eat\u00e9s par la GN. Somoza et quatorze de ses officiers ont scell\u00e9 ce complot dans le sang: Sandino et ses g\u00e9n\u00e9raux sont emmen\u00e9s en camion sur un terrain d&rsquo;aviation, o\u00f9 ils sont froidement abattus; leurs corps ne seront jamais retrouv\u00e9s. Le lendemain, l&rsquo;assaut contre la communaut\u00e9 de Wiwili est lanc\u00e9: 300 morts. Le r\u00e8gne de Somoza commence. Sa dynastie sanguinaire durera jusqu&rsquo;en 1979, avec l&rsquo;appui constant de Washington, malgr\u00e9 Roosevelt qui, en d\u00e9couvrant le dossier nicaraguayen, dit de &quot;Tacho&quot;: &quot;N&rsquo;est-ce pas l&rsquo;homme qui est suppos\u00e9 \u00eatre un fils de p&#8230;?&quot; Question \u00e0 laquelle son secr\u00e9taire d&rsquo;Etat Cordell Hull r\u00e9pondit: &quot;Oui, il l&rsquo;est en effet, mais c&rsquo;est le n\u00f4tre.&quot; I&nbsp;<\/div>\n<div>&nbsp;<\/div>\n<div><span class=\"tsource\">Source: lecourrier.ch<\/span><\/div>\n","protected":false},"excerpt":{"rendered":"<p>Augusto Sandino mena une r\u00e9sistance disproportionn\u00e9e qui contraignit l&rsquo;occupant \u00e9tasunien au d\u00e9part en 1933. Il fut tra\u00eetreusement abattu par Somoza, [&hellip;]<\/p>\n","protected":false},"author":3,"featured_media":2058,"parent":2633,"menu_order":0,"comment_status":"closed","ping_status":"closed","template":"","meta":{"site-sidebar-layout":"default","site-content-layout":"","ast-site-content-layout":"default","site-content-style":"default","site-sidebar-style":"default","ast-global-header-display":"","ast-banner-title-visibility":"","ast-main-header-display":"","ast-hfb-above-header-display":"","ast-hfb-below-header-display":"","ast-hfb-mobile-header-display":"","site-post-title":"","ast-breadcrumbs-content":"","ast-featured-img":"","footer-sml-layout":"","ast-disable-related-posts":"","theme-transparent-header-meta":"","adv-header-id-meta":"","stick-header-meta":"","header-above-stick-meta":"","header-main-stick-meta":"","header-below-stick-meta":"","astra-migrate-meta-layouts":"default","ast-page-background-enabled":"default","ast-page-background-meta":{"desktop":{"background-color":"var(--ast-global-color-5)","background-image":"","background-repeat":"repeat","background-position":"center center","background-size":"auto","background-attachment":"scroll","background-type":"","background-media":"","overlay-type":"","overlay-color":"","overlay-opacity":"","overlay-gradient":""},"tablet":{"background-color":"","background-image":"","background-repeat":"repeat","background-position":"center center","background-size":"auto","background-attachment":"scroll","background-type":"","background-media":"","overlay-type":"","overlay-color":"","overlay-opacity":"","overlay-gradient":""},"mobile":{"background-color":"","background-image":"","background-repeat":"repeat","background-position":"center center","background-size":"auto","background-attachment":"scroll","background-type":"","background-media":"","overlay-type":"","overlay-color":"","overlay-opacity":"","overlay-gradient":""}},"ast-content-background-meta":{"desktop":{"background-color":"var(--ast-global-color-4)","background-image":"","background-repeat":"repeat","background-position":"center center","background-size":"auto","background-attachment":"scroll","background-type":"","background-media":"","overlay-type":"","overlay-color":"","overlay-opacity":"","overlay-gradient":""},"tablet":{"background-color":"var(--ast-global-color-4)","background-image":"","background-repeat":"repeat","background-position":"center center","background-size":"auto","background-attachment":"scroll","background-type":"","background-media":"","overlay-type":"","overlay-color":"","overlay-opacity":"","overlay-gradient":""},"mobile":{"background-color":"var(--ast-global-color-4)","background-image":"","background-repeat":"repeat","background-position":"center center","background-size":"auto","background-attachment":"scroll","background-type":"","background-media":"","overlay-type":"","overlay-color":"","overlay-opacity":"","overlay-gradient":""}},"footnotes":""},"class_list":["post-2059","page","type-page","status-publish","has-post-thumbnail","hentry"],"yoast_head":"<!-- This site is optimized with the Yoast SEO plugin v27.5 - https:\/\/yoast.com\/product\/yoast-seo-wordpress\/ -->\n<title>AUGUSTO SANDINO - Abc-latina<\/title>\n<meta name=\"description\" content=\"Le g\u00e9n\u00e9ral Augusto Sandino, Nicaragua.\" \/>\n<meta name=\"robots\" content=\"index, follow, max-snippet:-1, max-image-preview:large, max-video-preview:-1\" \/>\n<link rel=\"canonical\" href=\"https:\/\/abc-latina.com\/personnalites\/augusto_sandino\/\" \/>\n<meta property=\"og:locale\" content=\"fr_FR\" \/>\n<meta property=\"og:type\" content=\"article\" \/>\n<meta property=\"og:title\" content=\"AUGUSTO SANDINO - Abc-latina\" \/>\n<meta property=\"og:description\" content=\"Le g\u00e9n\u00e9ral Augusto Sandino, Nicaragua.\" \/>\n<meta property=\"og:url\" content=\"https:\/\/abc-latina.com\/personnalites\/augusto_sandino\/\" \/>\n<meta property=\"og:site_name\" content=\"Abc-latina\" \/>\n<meta property=\"article:modified_time\" content=\"2026-04-30T16:25:20+00:00\" \/>\n<meta property=\"og:image\" content=\"https:\/\/abc-latina.com\/wp-content\/uploads\/2010\/08\/augusto-sandino.jpg\" \/>\n\t<meta property=\"og:image:width\" content=\"220\" \/>\n\t<meta property=\"og:image:height\" content=\"218\" \/>\n\t<meta property=\"og:image:type\" content=\"image\/jpeg\" \/>\n<meta name=\"twitter:card\" content=\"summary_large_image\" \/>\n<meta name=\"twitter:label1\" content=\"Dur\u00e9e de lecture estim\u00e9e\" \/>\n\t<meta name=\"twitter:data1\" content=\"8 minutes\" \/>\n<script type=\"application\/ld+json\" class=\"yoast-schema-graph\">{\"@context\":\"https:\\\/\\\/schema.org\",\"@graph\":[{\"@type\":\"WebPage\",\"@id\":\"https:\\\/\\\/abc-latina.com\\\/personnalites\\\/augusto_sandino\\\/\",\"url\":\"https:\\\/\\\/abc-latina.com\\\/personnalites\\\/augusto_sandino\\\/\",\"name\":\"AUGUSTO SANDINO - Abc-latina\",\"isPartOf\":{\"@id\":\"https:\\\/\\\/abc-latina.com\\\/#website\"},\"primaryImageOfPage\":{\"@id\":\"https:\\\/\\\/abc-latina.com\\\/personnalites\\\/augusto_sandino\\\/#primaryimage\"},\"image\":{\"@id\":\"https:\\\/\\\/abc-latina.com\\\/personnalites\\\/augusto_sandino\\\/#primaryimage\"},\"thumbnailUrl\":\"https:\\\/\\\/abc-latina.com\\\/wp-content\\\/uploads\\\/2010\\\/08\\\/augusto-sandino.jpg\",\"datePublished\":\"2010-08-03T21:34:19+00:00\",\"dateModified\":\"2026-04-30T16:25:20+00:00\",\"description\":\"Le g\u00e9n\u00e9ral Augusto Sandino, Nicaragua.\",\"breadcrumb\":{\"@id\":\"https:\\\/\\\/abc-latina.com\\\/personnalites\\\/augusto_sandino\\\/#breadcrumb\"},\"inLanguage\":\"fr-FR\",\"potentialAction\":[{\"@type\":\"ReadAction\",\"target\":[\"https:\\\/\\\/abc-latina.com\\\/personnalites\\\/augusto_sandino\\\/\"]}]},{\"@type\":\"ImageObject\",\"inLanguage\":\"fr-FR\",\"@id\":\"https:\\\/\\\/abc-latina.com\\\/personnalites\\\/augusto_sandino\\\/#primaryimage\",\"url\":\"https:\\\/\\\/abc-latina.com\\\/wp-content\\\/uploads\\\/2010\\\/08\\\/augusto-sandino.jpg\",\"contentUrl\":\"https:\\\/\\\/abc-latina.com\\\/wp-content\\\/uploads\\\/2010\\\/08\\\/augusto-sandino.jpg\",\"width\":220,\"height\":218,\"caption\":\"AUGUSTO SANDINO\"},{\"@type\":\"BreadcrumbList\",\"@id\":\"https:\\\/\\\/abc-latina.com\\\/personnalites\\\/augusto_sandino\\\/#breadcrumb\",\"itemListElement\":[{\"@type\":\"ListItem\",\"position\":1,\"name\":\"Accueil\",\"item\":\"https:\\\/\\\/abc-latina.com\\\/\"},{\"@type\":\"ListItem\",\"position\":2,\"name\":\"AUGUSTO SANDINO\"}]},{\"@type\":\"WebSite\",\"@id\":\"https:\\\/\\\/abc-latina.com\\\/#website\",\"url\":\"https:\\\/\\\/abc-latina.com\\\/\",\"name\":\"Abc-latina\",\"description\":\"\",\"publisher\":{\"@id\":\"https:\\\/\\\/abc-latina.com\\\/#organization\"},\"potentialAction\":[{\"@type\":\"SearchAction\",\"target\":{\"@type\":\"EntryPoint\",\"urlTemplate\":\"https:\\\/\\\/abc-latina.com\\\/?s={search_term_string}\"},\"query-input\":{\"@type\":\"PropertyValueSpecification\",\"valueRequired\":true,\"valueName\":\"search_term_string\"}}],\"inLanguage\":\"fr-FR\"},{\"@type\":\"Organization\",\"@id\":\"https:\\\/\\\/abc-latina.com\\\/#organization\",\"name\":\"Abc-latina\",\"url\":\"https:\\\/\\\/abc-latina.com\\\/\",\"logo\":{\"@type\":\"ImageObject\",\"inLanguage\":\"fr-FR\",\"@id\":\"https:\\\/\\\/abc-latina.com\\\/#\\\/schema\\\/logo\\\/image\\\/\",\"url\":\"https:\\\/\\\/abc-latina.com\\\/wp-content\\\/uploads\\\/2026\\\/05\\\/cropped-logo.gif\",\"contentUrl\":\"https:\\\/\\\/abc-latina.com\\\/wp-content\\\/uploads\\\/2026\\\/05\\\/cropped-logo.gif\",\"width\":89,\"height\":84,\"caption\":\"Abc-latina\"},\"image\":{\"@id\":\"https:\\\/\\\/abc-latina.com\\\/#\\\/schema\\\/logo\\\/image\\\/\"}}]}<\/script>\n<!-- \/ Yoast SEO plugin. -->","yoast_head_json":{"title":"AUGUSTO SANDINO - Abc-latina","description":"Le g\u00e9n\u00e9ral Augusto Sandino, Nicaragua.","robots":{"index":"index","follow":"follow","max-snippet":"max-snippet:-1","max-image-preview":"max-image-preview:large","max-video-preview":"max-video-preview:-1"},"canonical":"https:\/\/abc-latina.com\/personnalites\/augusto_sandino\/","og_locale":"fr_FR","og_type":"article","og_title":"AUGUSTO SANDINO - Abc-latina","og_description":"Le g\u00e9n\u00e9ral Augusto Sandino, Nicaragua.","og_url":"https:\/\/abc-latina.com\/personnalites\/augusto_sandino\/","og_site_name":"Abc-latina","article_modified_time":"2026-04-30T16:25:20+00:00","og_image":[{"width":220,"height":218,"url":"https:\/\/abc-latina.com\/wp-content\/uploads\/2010\/08\/augusto-sandino.jpg","type":"image\/jpeg"}],"twitter_card":"summary_large_image","twitter_misc":{"Dur\u00e9e de lecture estim\u00e9e":"8 minutes"},"schema":{"@context":"https:\/\/schema.org","@graph":[{"@type":"WebPage","@id":"https:\/\/abc-latina.com\/personnalites\/augusto_sandino\/","url":"https:\/\/abc-latina.com\/personnalites\/augusto_sandino\/","name":"AUGUSTO SANDINO - Abc-latina","isPartOf":{"@id":"https:\/\/abc-latina.com\/#website"},"primaryImageOfPage":{"@id":"https:\/\/abc-latina.com\/personnalites\/augusto_sandino\/#primaryimage"},"image":{"@id":"https:\/\/abc-latina.com\/personnalites\/augusto_sandino\/#primaryimage"},"thumbnailUrl":"https:\/\/abc-latina.com\/wp-content\/uploads\/2010\/08\/augusto-sandino.jpg","datePublished":"2010-08-03T21:34:19+00:00","dateModified":"2026-04-30T16:25:20+00:00","description":"Le g\u00e9n\u00e9ral Augusto Sandino, Nicaragua.","breadcrumb":{"@id":"https:\/\/abc-latina.com\/personnalites\/augusto_sandino\/#breadcrumb"},"inLanguage":"fr-FR","potentialAction":[{"@type":"ReadAction","target":["https:\/\/abc-latina.com\/personnalites\/augusto_sandino\/"]}]},{"@type":"ImageObject","inLanguage":"fr-FR","@id":"https:\/\/abc-latina.com\/personnalites\/augusto_sandino\/#primaryimage","url":"https:\/\/abc-latina.com\/wp-content\/uploads\/2010\/08\/augusto-sandino.jpg","contentUrl":"https:\/\/abc-latina.com\/wp-content\/uploads\/2010\/08\/augusto-sandino.jpg","width":220,"height":218,"caption":"AUGUSTO SANDINO"},{"@type":"BreadcrumbList","@id":"https:\/\/abc-latina.com\/personnalites\/augusto_sandino\/#breadcrumb","itemListElement":[{"@type":"ListItem","position":1,"name":"Accueil","item":"https:\/\/abc-latina.com\/"},{"@type":"ListItem","position":2,"name":"AUGUSTO SANDINO"}]},{"@type":"WebSite","@id":"https:\/\/abc-latina.com\/#website","url":"https:\/\/abc-latina.com\/","name":"Abc-latina","description":"","publisher":{"@id":"https:\/\/abc-latina.com\/#organization"},"potentialAction":[{"@type":"SearchAction","target":{"@type":"EntryPoint","urlTemplate":"https:\/\/abc-latina.com\/?s={search_term_string}"},"query-input":{"@type":"PropertyValueSpecification","valueRequired":true,"valueName":"search_term_string"}}],"inLanguage":"fr-FR"},{"@type":"Organization","@id":"https:\/\/abc-latina.com\/#organization","name":"Abc-latina","url":"https:\/\/abc-latina.com\/","logo":{"@type":"ImageObject","inLanguage":"fr-FR","@id":"https:\/\/abc-latina.com\/#\/schema\/logo\/image\/","url":"https:\/\/abc-latina.com\/wp-content\/uploads\/2026\/05\/cropped-logo.gif","contentUrl":"https:\/\/abc-latina.com\/wp-content\/uploads\/2026\/05\/cropped-logo.gif","width":89,"height":84,"caption":"Abc-latina"},"image":{"@id":"https:\/\/abc-latina.com\/#\/schema\/logo\/image\/"}}]}},"_links":{"self":[{"href":"https:\/\/abc-latina.com\/wp-json\/wp\/v2\/pages\/2059","targetHints":{"allow":["GET"]}}],"collection":[{"href":"https:\/\/abc-latina.com\/wp-json\/wp\/v2\/pages"}],"about":[{"href":"https:\/\/abc-latina.com\/wp-json\/wp\/v2\/types\/page"}],"author":[{"embeddable":true,"href":"https:\/\/abc-latina.com\/wp-json\/wp\/v2\/users\/3"}],"replies":[{"embeddable":true,"href":"https:\/\/abc-latina.com\/wp-json\/wp\/v2\/comments?post=2059"}],"version-history":[{"count":1,"href":"https:\/\/abc-latina.com\/wp-json\/wp\/v2\/pages\/2059\/revisions"}],"predecessor-version":[{"id":3806,"href":"https:\/\/abc-latina.com\/wp-json\/wp\/v2\/pages\/2059\/revisions\/3806"}],"up":[{"embeddable":true,"href":"https:\/\/abc-latina.com\/wp-json\/wp\/v2\/pages\/2633"}],"wp:featuredmedia":[{"embeddable":true,"href":"https:\/\/abc-latina.com\/wp-json\/wp\/v2\/media\/2058"}],"wp:attachment":[{"href":"https:\/\/abc-latina.com\/wp-json\/wp\/v2\/media?parent=2059"}],"curies":[{"name":"wp","href":"https:\/\/api.w.org\/{rel}","templated":true}]}}