{"id":2061,"date":"2010-08-04T02:01:08","date_gmt":"2010-08-04T00:01:08","guid":{"rendered":"http:\/\/abc-latina.com\/bartolome_de_las_casas-htm\/"},"modified":"2026-04-30T18:25:20","modified_gmt":"2026-04-30T16:25:20","slug":"bartolome_de_las_casas","status":"publish","type":"page","link":"https:\/\/abc-latina.com\/personnalites\/bartolome_de_las_casas\/","title":{"rendered":"BARTOLOME DE LAS CASAS"},"content":{"rendered":"<div style=\"text-align: center;\"><a href=\"https:\/\/www.abc-latina.com\/personnalites\/photos\/photos-bartolome-de-las-casas.php\"><img loading=\"lazy\" decoding=\"async\" class=\" size-full wp-image-2060\" src=\"http:\/\/abc-latina.com\/wp-content\/uploads\/2010\/08\/bartolome-de-las-casas-1.jpg\" title=\"BARTOLOME de Las CASAS\" alt=\"BARTOLOME DE LAS CASAS\" width=\"328\" height=\"440\" srcset=\"https:\/\/abc-latina.com\/wp-content\/uploads\/2010\/08\/bartolome-de-las-casas-1.jpg 328w, https:\/\/abc-latina.com\/wp-content\/uploads\/2010\/08\/bartolome-de-las-casas-1-224x300.jpg 224w\" sizes=\"auto, (max-width: 328px) 100vw, 328px\" \/><\/a><\/div>\n<div style=\"text-align: center;\">&nbsp;<\/div>\n<div style=\"text-align: center;\">1474 \u00e0 1566<\/div>\n<div>&nbsp;<\/div>\n<div>\n<p><span class=\"tourisme-chapitre\">Bartolom\u00e9 de las Casas<\/span> n\u00e9 en 1474 (ou 1484 selon d&rsquo;autres sources), fut un \u00e9minent eccl\u00e9siastique espagnol qui r\u00e9ussit \u00e0 conqu\u00e9rir pacifiquement de nombreuses tribus indig\u00e8nes, gr\u00e2ce \u00e0 son exemple chr\u00e9tien.&nbsp;<\/p>\n<div>Il part vers le nouveau monde en 1502, et devient proprietaire d&rsquo;un t\u00e9rritoire attribu\u00e9 par la couronne d&rsquo;Espagne, et ou vivent en pseudo-servage des Indiens oblig\u00e9s de travailler pour le propri\u00e9taire<\/div>\n<div>&nbsp;<\/div>\n<div>Il retourne en Espagne, se tourne vers la religion, en entrant dans l&rsquo;Ordre des Pr\u00eacheurs (dominicains) et se fait ordonner pr\u00eatre en 1510. en 1512 il retourne aux Am\u00e9riques et devient aum\u00f4nier des Conquistadores.<\/div>\n<div>Suite au massacre de Caonao et aux evangelisations forc\u00e9s et violentes des conquistadors, Bartolom\u00e9 de Las Casas s&rsquo;engage alors dans une lutte de cinquante ans durant laquelle il fera plus de quatorze voyages entre les deux continents afin de defendre la cause des peuples autoctones aupr\u00e8s des autorit\u00e9s espagnoles.<\/div>\n<div>\u00c9v\u00eaque du Chiapas \u00e0 partir de 1544, il s&rsquo;indigna contre le traitement brutal des espagnols envers les Indiens. De retour en Espagne, il devint le d\u00e9fenseur des Indiens et parvint m\u00eame \u00e0 persuader le roi de prendre des d\u00e9crets leur accordant certains droits civils.<\/div>\n<p>Il mourut en 1566.<\/p><\/div>\n","protected":false},"excerpt":{"rendered":"<p>&nbsp; 1474 \u00e0 1566 &nbsp; Bartolom\u00e9 de las Casas n\u00e9 en 1474 (ou 1484 selon d&rsquo;autres sources), fut un \u00e9minent [&hellip;]<\/p>\n","protected":false},"author":3,"featured_media":2060,"parent":2633,"menu_order":0,"comment_status":"closed","ping_status":"closed","template":"","meta":{"site-sidebar-layout":"default","site-content-layout":"","ast-site-content-layout":"default","site-content-style":"default","site-sidebar-style":"default","ast-global-header-display":"","ast-banner-title-visibility":"","ast-main-header-display":"","ast-hfb-above-header-display":"","ast-hfb-below-header-display":"","ast-hfb-mobile-header-display":"","site-post-title":"","ast-breadcrumbs-content":"","ast-featured-img":"","footer-sml-layout":"","ast-disable-related-posts":"","theme-transparent-header-meta":"","adv-header-id-meta":"","stick-header-meta":"","header-above-stick-meta":"","header-main-stick-meta":"","header-below-stick-meta":"","astra-migrate-meta-layouts":"default","ast-page-background-enabled":"default","ast-page-background-meta":{"desktop":{"background-color":"var(--ast-global-color-5)","background-image":"","background-repeat":"repeat","background-position":"center center","background-size":"auto","background-attachment":"scroll","background-type":"","background-media":"","overlay-type":"","overlay-color":"","overlay-opacity":"","overlay-gradient":""},"tablet":{"background-color":"","background-image":"","background-repeat":"repeat","background-position":"center center","background-size":"auto","background-attachment":"scroll","background-type":"","background-media":"","overlay-type":"","overlay-color":"","overlay-opacity":"","overlay-gradient":""},"mobile":{"background-color":"","background-image":"","background-repeat":"repeat","background-position":"center center","background-size":"auto","background-attachment":"scroll","background-type":"","background-media":"","overlay-type":"","overlay-color":"","overlay-opacity":"","overlay-gradient":""}},"ast-content-background-meta":{"desktop":{"background-color":"var(--ast-global-color-4)","background-image":"","background-repeat":"repeat","background-position":"center center","background-size":"auto","background-attachment":"scroll","background-type":"","background-media":"","overlay-type":"","overlay-color":"","overlay-opacity":"","overlay-gradient":""},"tablet":{"background-color":"var(--ast-global-color-4)","background-image":"","background-repeat":"repeat","background-position":"center center","background-size":"auto","background-attachment":"scroll","background-type":"","background-media":"","overlay-type":"","overlay-color":"","overlay-opacity":"","overlay-gradient":""},"mobile":{"background-color":"var(--ast-global-color-4)","background-image":"","background-repeat":"repeat","background-position":"center center","background-size":"auto","background-attachment":"scroll","background-type":"","background-media":"","overlay-type":"","overlay-color":"","overlay-opacity":"","overlay-gradient":""}},"footnotes":""},"class_list":["post-2061","page","type-page","status-publish","has-post-thumbnail","hentry"],"yoast_head":"<!-- This site is optimized with the Yoast SEO plugin v27.5 - https:\/\/yoast.com\/product\/yoast-seo-wordpress\/ -->\n<title>BARTOLOME DE LAS CASAS - Abc-latina<\/title>\n<meta name=\"description\" content=\"Bartolome de las Casas.\" \/>\n<meta name=\"robots\" content=\"index, follow, max-snippet:-1, max-image-preview:large, max-video-preview:-1\" \/>\n<link rel=\"canonical\" href=\"https:\/\/abc-latina.com\/personnalites\/bartolome_de_las_casas\/\" \/>\n<meta property=\"og:locale\" content=\"fr_FR\" \/>\n<meta property=\"og:type\" content=\"article\" \/>\n<meta property=\"og:title\" content=\"BARTOLOME DE LAS CASAS - Abc-latina\" \/>\n<meta property=\"og:description\" content=\"Bartolome de las Casas.\" \/>\n<meta property=\"og:url\" content=\"https:\/\/abc-latina.com\/personnalites\/bartolome_de_las_casas\/\" \/>\n<meta property=\"og:site_name\" content=\"Abc-latina\" \/>\n<meta property=\"article:modified_time\" content=\"2026-04-30T16:25:20+00:00\" \/>\n<meta property=\"og:image\" content=\"https:\/\/abc-latina.com\/wp-content\/uploads\/2010\/08\/bartolome-de-las-casas-1.jpg\" \/>\n\t<meta property=\"og:image:width\" content=\"328\" \/>\n\t<meta property=\"og:image:height\" content=\"440\" \/>\n\t<meta property=\"og:image:type\" content=\"image\/jpeg\" \/>\n<meta name=\"twitter:card\" content=\"summary_large_image\" \/>\n<meta name=\"twitter:label1\" content=\"Dur\u00e9e de lecture estim\u00e9e\" \/>\n\t<meta name=\"twitter:data1\" content=\"1 minute\" \/>\n<script type=\"application\/ld+json\" class=\"yoast-schema-graph\">{\"@context\":\"https:\\\/\\\/schema.org\",\"@graph\":[{\"@type\":\"WebPage\",\"@id\":\"https:\\\/\\\/abc-latina.com\\\/personnalites\\\/bartolome_de_las_casas\\\/\",\"url\":\"https:\\\/\\\/abc-latina.com\\\/personnalites\\\/bartolome_de_las_casas\\\/\",\"name\":\"BARTOLOME DE LAS CASAS - Abc-latina\",\"isPartOf\":{\"@id\":\"https:\\\/\\\/abc-latina.com\\\/#website\"},\"primaryImageOfPage\":{\"@id\":\"https:\\\/\\\/abc-latina.com\\\/personnalites\\\/bartolome_de_las_casas\\\/#primaryimage\"},\"image\":{\"@id\":\"https:\\\/\\\/abc-latina.com\\\/personnalites\\\/bartolome_de_las_casas\\\/#primaryimage\"},\"thumbnailUrl\":\"https:\\\/\\\/abc-latina.com\\\/wp-content\\\/uploads\\\/2010\\\/08\\\/bartolome-de-las-casas-1.jpg\",\"datePublished\":\"2010-08-04T00:01:08+00:00\",\"dateModified\":\"2026-04-30T16:25:20+00:00\",\"description\":\"Bartolome de las Casas.\",\"breadcrumb\":{\"@id\":\"https:\\\/\\\/abc-latina.com\\\/personnalites\\\/bartolome_de_las_casas\\\/#breadcrumb\"},\"inLanguage\":\"fr-FR\",\"potentialAction\":[{\"@type\":\"ReadAction\",\"target\":[\"https:\\\/\\\/abc-latina.com\\\/personnalites\\\/bartolome_de_las_casas\\\/\"]}]},{\"@type\":\"ImageObject\",\"inLanguage\":\"fr-FR\",\"@id\":\"https:\\\/\\\/abc-latina.com\\\/personnalites\\\/bartolome_de_las_casas\\\/#primaryimage\",\"url\":\"https:\\\/\\\/abc-latina.com\\\/wp-content\\\/uploads\\\/2010\\\/08\\\/bartolome-de-las-casas-1.jpg\",\"contentUrl\":\"https:\\\/\\\/abc-latina.com\\\/wp-content\\\/uploads\\\/2010\\\/08\\\/bartolome-de-las-casas-1.jpg\",\"width\":328,\"height\":440,\"caption\":\"BARTOLOME de Las CASAS\"},{\"@type\":\"BreadcrumbList\",\"@id\":\"https:\\\/\\\/abc-latina.com\\\/personnalites\\\/bartolome_de_las_casas\\\/#breadcrumb\",\"itemListElement\":[{\"@type\":\"ListItem\",\"position\":1,\"name\":\"Accueil\",\"item\":\"https:\\\/\\\/abc-latina.com\\\/\"},{\"@type\":\"ListItem\",\"position\":2,\"name\":\"BARTOLOME DE LAS CASAS\"}]},{\"@type\":\"WebSite\",\"@id\":\"https:\\\/\\\/abc-latina.com\\\/#website\",\"url\":\"https:\\\/\\\/abc-latina.com\\\/\",\"name\":\"Abc-latina\",\"description\":\"\",\"publisher\":{\"@id\":\"https:\\\/\\\/abc-latina.com\\\/#organization\"},\"potentialAction\":[{\"@type\":\"SearchAction\",\"target\":{\"@type\":\"EntryPoint\",\"urlTemplate\":\"https:\\\/\\\/abc-latina.com\\\/?s={search_term_string}\"},\"query-input\":{\"@type\":\"PropertyValueSpecification\",\"valueRequired\":true,\"valueName\":\"search_term_string\"}}],\"inLanguage\":\"fr-FR\"},{\"@type\":\"Organization\",\"@id\":\"https:\\\/\\\/abc-latina.com\\\/#organization\",\"name\":\"Abc-latina\",\"url\":\"https:\\\/\\\/abc-latina.com\\\/\",\"logo\":{\"@type\":\"ImageObject\",\"inLanguage\":\"fr-FR\",\"@id\":\"https:\\\/\\\/abc-latina.com\\\/#\\\/schema\\\/logo\\\/image\\\/\",\"url\":\"https:\\\/\\\/abc-latina.com\\\/wp-content\\\/uploads\\\/2026\\\/05\\\/cropped-logo.gif\",\"contentUrl\":\"https:\\\/\\\/abc-latina.com\\\/wp-content\\\/uploads\\\/2026\\\/05\\\/cropped-logo.gif\",\"width\":89,\"height\":84,\"caption\":\"Abc-latina\"},\"image\":{\"@id\":\"https:\\\/\\\/abc-latina.com\\\/#\\\/schema\\\/logo\\\/image\\\/\"}}]}<\/script>\n<!-- \/ Yoast SEO plugin. -->","yoast_head_json":{"title":"BARTOLOME DE LAS CASAS - Abc-latina","description":"Bartolome de las Casas.","robots":{"index":"index","follow":"follow","max-snippet":"max-snippet:-1","max-image-preview":"max-image-preview:large","max-video-preview":"max-video-preview:-1"},"canonical":"https:\/\/abc-latina.com\/personnalites\/bartolome_de_las_casas\/","og_locale":"fr_FR","og_type":"article","og_title":"BARTOLOME DE LAS CASAS - Abc-latina","og_description":"Bartolome de las Casas.","og_url":"https:\/\/abc-latina.com\/personnalites\/bartolome_de_las_casas\/","og_site_name":"Abc-latina","article_modified_time":"2026-04-30T16:25:20+00:00","og_image":[{"width":328,"height":440,"url":"https:\/\/abc-latina.com\/wp-content\/uploads\/2010\/08\/bartolome-de-las-casas-1.jpg","type":"image\/jpeg"}],"twitter_card":"summary_large_image","twitter_misc":{"Dur\u00e9e de lecture estim\u00e9e":"1 minute"},"schema":{"@context":"https:\/\/schema.org","@graph":[{"@type":"WebPage","@id":"https:\/\/abc-latina.com\/personnalites\/bartolome_de_las_casas\/","url":"https:\/\/abc-latina.com\/personnalites\/bartolome_de_las_casas\/","name":"BARTOLOME DE LAS CASAS - Abc-latina","isPartOf":{"@id":"https:\/\/abc-latina.com\/#website"},"primaryImageOfPage":{"@id":"https:\/\/abc-latina.com\/personnalites\/bartolome_de_las_casas\/#primaryimage"},"image":{"@id":"https:\/\/abc-latina.com\/personnalites\/bartolome_de_las_casas\/#primaryimage"},"thumbnailUrl":"https:\/\/abc-latina.com\/wp-content\/uploads\/2010\/08\/bartolome-de-las-casas-1.jpg","datePublished":"2010-08-04T00:01:08+00:00","dateModified":"2026-04-30T16:25:20+00:00","description":"Bartolome de las Casas.","breadcrumb":{"@id":"https:\/\/abc-latina.com\/personnalites\/bartolome_de_las_casas\/#breadcrumb"},"inLanguage":"fr-FR","potentialAction":[{"@type":"ReadAction","target":["https:\/\/abc-latina.com\/personnalites\/bartolome_de_las_casas\/"]}]},{"@type":"ImageObject","inLanguage":"fr-FR","@id":"https:\/\/abc-latina.com\/personnalites\/bartolome_de_las_casas\/#primaryimage","url":"https:\/\/abc-latina.com\/wp-content\/uploads\/2010\/08\/bartolome-de-las-casas-1.jpg","contentUrl":"https:\/\/abc-latina.com\/wp-content\/uploads\/2010\/08\/bartolome-de-las-casas-1.jpg","width":328,"height":440,"caption":"BARTOLOME de Las CASAS"},{"@type":"BreadcrumbList","@id":"https:\/\/abc-latina.com\/personnalites\/bartolome_de_las_casas\/#breadcrumb","itemListElement":[{"@type":"ListItem","position":1,"name":"Accueil","item":"https:\/\/abc-latina.com\/"},{"@type":"ListItem","position":2,"name":"BARTOLOME DE LAS CASAS"}]},{"@type":"WebSite","@id":"https:\/\/abc-latina.com\/#website","url":"https:\/\/abc-latina.com\/","name":"Abc-latina","description":"","publisher":{"@id":"https:\/\/abc-latina.com\/#organization"},"potentialAction":[{"@type":"SearchAction","target":{"@type":"EntryPoint","urlTemplate":"https:\/\/abc-latina.com\/?s={search_term_string}"},"query-input":{"@type":"PropertyValueSpecification","valueRequired":true,"valueName":"search_term_string"}}],"inLanguage":"fr-FR"},{"@type":"Organization","@id":"https:\/\/abc-latina.com\/#organization","name":"Abc-latina","url":"https:\/\/abc-latina.com\/","logo":{"@type":"ImageObject","inLanguage":"fr-FR","@id":"https:\/\/abc-latina.com\/#\/schema\/logo\/image\/","url":"https:\/\/abc-latina.com\/wp-content\/uploads\/2026\/05\/cropped-logo.gif","contentUrl":"https:\/\/abc-latina.com\/wp-content\/uploads\/2026\/05\/cropped-logo.gif","width":89,"height":84,"caption":"Abc-latina"},"image":{"@id":"https:\/\/abc-latina.com\/#\/schema\/logo\/image\/"}}]}},"_links":{"self":[{"href":"https:\/\/abc-latina.com\/wp-json\/wp\/v2\/pages\/2061","targetHints":{"allow":["GET"]}}],"collection":[{"href":"https:\/\/abc-latina.com\/wp-json\/wp\/v2\/pages"}],"about":[{"href":"https:\/\/abc-latina.com\/wp-json\/wp\/v2\/types\/page"}],"author":[{"embeddable":true,"href":"https:\/\/abc-latina.com\/wp-json\/wp\/v2\/users\/3"}],"replies":[{"embeddable":true,"href":"https:\/\/abc-latina.com\/wp-json\/wp\/v2\/comments?post=2061"}],"version-history":[{"count":1,"href":"https:\/\/abc-latina.com\/wp-json\/wp\/v2\/pages\/2061\/revisions"}],"predecessor-version":[{"id":3807,"href":"https:\/\/abc-latina.com\/wp-json\/wp\/v2\/pages\/2061\/revisions\/3807"}],"up":[{"embeddable":true,"href":"https:\/\/abc-latina.com\/wp-json\/wp\/v2\/pages\/2633"}],"wp:featuredmedia":[{"embeddable":true,"href":"https:\/\/abc-latina.com\/wp-json\/wp\/v2\/media\/2060"}],"wp:attachment":[{"href":"https:\/\/abc-latina.com\/wp-json\/wp\/v2\/media?parent=2061"}],"curies":[{"name":"wp","href":"https:\/\/api.w.org\/{rel}","templated":true}]}}