{"id":2066,"date":"2010-08-04T03:21:36","date_gmt":"2010-08-04T01:21:36","guid":{"rendered":"http:\/\/abc-latina.com\/brasilia-htm\/"},"modified":"2026-04-30T18:24:50","modified_gmt":"2026-04-30T16:24:50","slug":"brasilia","status":"publish","type":"page","link":"https:\/\/abc-latina.com\/bresil\/brasilia\/","title":{"rendered":"BRASILIA"},"content":{"rendered":"<div><span class=\"tourisme-chapitre\"><img loading=\"lazy\" decoding=\"async\" class=\" alignright size-full wp-image-2065\" src=\"http:\/\/abc-latina.com\/wp-content\/uploads\/2010\/08\/brasilia.jpg\" title=\"BRASILIA\" alt=\"BRASILIA\" width=\"220\" vspace=\"9\" hspace=\"15\" height=\"220\" align=\"right\" srcset=\"https:\/\/abc-latina.com\/wp-content\/uploads\/2010\/08\/brasilia.jpg 220w, https:\/\/abc-latina.com\/wp-content\/uploads\/2010\/08\/brasilia-150x150.jpg 150w\" sizes=\"auto, (max-width: 220px) 100vw, 220px\" \/>Brasilia<\/span>, capitale f\u00e9d\u00e9rale et futuriste du Br\u00e9sil, a d\u00e9cha\u00een\u00e9 les critiques lors de son inauguration en 1960. La ville fut planifi\u00e9e et construite au milieu du d\u00e9sert par les meilleurs urbanistes du monde. Originairement la zone \u00e9tait couverte par le Cerrado, une for\u00eat tropicale.&nbsp;<\/div>\n<div>Plus personne aujourd&rsquo;hui ne conteste \u00e0 Brasilia son r\u00f4le de capitale du Br\u00e9sil. Si <a href=\"https:\/\/www.abc-latina.com\/bresil\/sao-paulo\">Sao Paulo<\/a> reste le centre des affaires et <a href=\"https:\/\/www.abc-latina.com\/bresil\/rio_de_janeiro\">Rio de Janeiro<\/a> la ville la plus agr\u00e9able du pays et la plus prestigieuse, Brasilia est ind\u00e9niablement devenu le centre nerveux de toutes les d\u00e9cisions administratives et politiques.<\/div>\n<div>&nbsp;<\/div>\n<div>Brasilia, r\u00e9put\u00e9e pour son architecture moderne peut se visiter en une journ\u00e9e Pour d\u00e9couvrir la ville qui n&rsquo;est pas con\u00e7ue pour qu&rsquo;on s&rsquo;y balade \u00e0 pied, il est plus judicieux de louer un taxi.<\/div>\n<div>La torre da Televisao, haute de 218 m\u00e8tres permet depuis un belv\u00e9d\u00e8re de se faire une id\u00e9e de l&rsquo;urbanisme de la ville.<\/div>\n<div><a target=\"_blank\" href=\"tour_operateur\"><img loading=\"lazy\" decoding=\"async\" class=\" size-full wp-image-41\" src=\"http:\/\/abc-latina.com\/wp-content\/uploads\/2010\/04\/timbre_to.gif\" class=\"touroperateur\" alt=\"\" width=\"125\" height=\"90\" \/><\/a>La cath\u00e9drale, dont l&rsquo;\u00e9l\u00e9gance, la puret\u00e9 et la sobri\u00e9t\u00e9 des lignes en font une tr\u00e8s belle r\u00e9ussite architecturale.Il ne faut pas manquer d&rsquo;aller \u00e0 l&rsquo;int\u00e9rieur, o\u00f9 de jour comme de nuit on peut appr\u00e9cier la lumi\u00e8re du soleil ou de la lune filtr\u00e9e par les vitraux.<\/div>\n<div>la Pra\u00e7a dos Tr\u00eas Poderes (la place des Trois Pouvoirs : ex\u00e9cutif, l\u00e9gislatif et judiciaire). Elle se compose de plusieurs b\u00e2timents : le congr\u00e8s national, immense gratte-ciel, regroupe l&rsquo;administration du S\u00e9nat, avec sa coupole ferm\u00e9e ou retourn\u00e9e, et la chambre des d\u00e9put\u00e9s avec sa coupole ouverte. Deux autres monuments tr\u00e8s \u00e9l\u00e9gants sont situ\u00e9s derri\u00e8re le congr\u00e8s national : le tribunal supr\u00eame et le palais de la pr\u00e9sidence (Palais do Planalto).<\/div>\n<div>Brasilia \u00e9tant situ\u00e9 sur un haut plateau (1172 m), il peut y faire froid en hiver, et les nuits peuvent \u00eatre fra\u00eeches m\u00eame en \u00e9t\u00e9. Il pleut assez fr\u00e9quemment de novembre mars, alors que la saison s\u00e8che est comprise entre mai et septembre.<\/div>\n<div>&nbsp;<a target=\"_blank\" href=\"http:\/\/voyage.abc-latina.com\/voyage_bresil\/bresil.php\"><span class=\"sejour-circuit\"><br \/><\/span><\/a><\/div>\n<h3>Pr\u00e9parez votre voyage \u00e0 Brasilia:<\/h3>\n<div><a href=\"https:\/\/www.abc-latina.com\/bresil\/agence_de_voyages\">Agences de voyage g\u00e9n\u00e9ralistes et discounteurs<\/a><\/div>\n<div><a href=\"https:\/\/www.abc-latina.com\/bresil\/tour_operateur\">Tours Op\u00e9rateurs sp\u00e9cialistes du Br\u00e9sil<\/a><\/div>\n<div><a target=\"_blank\" href=\"https:\/\/www.abc-latina.com\/to\/reservation_billet_avion\">R\u00e9servez votre billet d&rsquo;avion<\/a><\/div>\n<div><a target=\"_blank\" href=\"http:\/\/www.booking.com\/city\/br\/brasilial?aid=364340\">R\u00e9servez votre h\u00f4tel \u00e0 Brasilia<\/a>&nbsp;<\/div>\n<div><a target=\"_blank\" href=\"https:\/\/www.abc-latina.com\/to\/location_de_voiture_bresil\">Location de voiture<\/a><\/div>\n<div>&nbsp;<\/div>\n<div>&nbsp;<\/div>\n<div id=\"cont_8ed294bb5bd06449b008314f1b634d4e\"><span id=\"h_8ed294bb5bd06449b008314f1b634d4e\"><a style=\"color:#808080;font-family:2;font-size:14px;\" target=\"_blank\" href=\"http:\/\/www.tameteo.com\/\" id=\"a_8ed294bb5bd06449b008314f1b634d4e\">Meteo<\/a> Brasilia<\/span><script type=\"text\/javascript\" src=\"http:\/\/www.tameteo.com\/wid_loader\/8ed294bb5bd06449b008314f1b634d4e\"><\/script><\/div>\n<p>&nbsp;<\/p>\n","protected":false},"excerpt":{"rendered":"<p>Brasilia, capitale f\u00e9d\u00e9rale et futuriste du Br\u00e9sil, a d\u00e9cha\u00een\u00e9 les critiques lors de son inauguration en 1960. La ville fut [&hellip;]<\/p>\n","protected":false},"author":3,"featured_media":2065,"parent":2297,"menu_order":0,"comment_status":"closed","ping_status":"closed","template":"","meta":{"site-sidebar-layout":"default","site-content-layout":"","ast-site-content-layout":"default","site-content-style":"default","site-sidebar-style":"default","ast-global-header-display":"","ast-banner-title-visibility":"","ast-main-header-display":"","ast-hfb-above-header-display":"","ast-hfb-below-header-display":"","ast-hfb-mobile-header-display":"","site-post-title":"","ast-breadcrumbs-content":"","ast-featured-img":"","footer-sml-layout":"","ast-disable-related-posts":"","theme-transparent-header-meta":"","adv-header-id-meta":"","stick-header-meta":"","header-above-stick-meta":"","header-main-stick-meta":"","header-below-stick-meta":"","astra-migrate-meta-layouts":"default","ast-page-background-enabled":"default","ast-page-background-meta":{"desktop":{"background-color":"var(--ast-global-color-5)","background-image":"","background-repeat":"repeat","background-position":"center center","background-size":"auto","background-attachment":"scroll","background-type":"","background-media":"","overlay-type":"","overlay-color":"","overlay-opacity":"","overlay-gradient":""},"tablet":{"background-color":"","background-image":"","background-repeat":"repeat","background-position":"center center","background-size":"auto","background-attachment":"scroll","background-type":"","background-media":"","overlay-type":"","overlay-color":"","overlay-opacity":"","overlay-gradient":""},"mobile":{"background-color":"","background-image":"","background-repeat":"repeat","background-position":"center center","background-size":"auto","background-attachment":"scroll","background-type":"","background-media":"","overlay-type":"","overlay-color":"","overlay-opacity":"","overlay-gradient":""}},"ast-content-background-meta":{"desktop":{"background-color":"var(--ast-global-color-4)","background-image":"","background-repeat":"repeat","background-position":"center center","background-size":"auto","background-attachment":"scroll","background-type":"","background-media":"","overlay-type":"","overlay-color":"","overlay-opacity":"","overlay-gradient":""},"tablet":{"background-color":"var(--ast-global-color-4)","background-image":"","background-repeat":"repeat","background-position":"center center","background-size":"auto","background-attachment":"scroll","background-type":"","background-media":"","overlay-type":"","overlay-color":"","overlay-opacity":"","overlay-gradient":""},"mobile":{"background-color":"var(--ast-global-color-4)","background-image":"","background-repeat":"repeat","background-position":"center center","background-size":"auto","background-attachment":"scroll","background-type":"","background-media":"","overlay-type":"","overlay-color":"","overlay-opacity":"","overlay-gradient":""}},"footnotes":""},"class_list":["post-2066","page","type-page","status-publish","has-post-thumbnail","hentry"],"yoast_head":"<!-- This site is optimized with the Yoast SEO plugin v27.5 - https:\/\/yoast.com\/product\/yoast-seo-wordpress\/ -->\n<title>BRASILIA - Abc-latina<\/title>\n<meta name=\"description\" content=\"Brasilia, r\u00e9put\u00e9e pour son architecture moderne peut se visiter en une journ\u00e9e. Si elle a d\u00e9cha\u00een\u00e9 les critiques lors de son inauguration en 1960, aujourd&#039;hui personne ne conteste son r\u00f4le de capitale du Br\u00e9sil.\" \/>\n<meta name=\"robots\" content=\"index, follow, max-snippet:-1, max-image-preview:large, max-video-preview:-1\" \/>\n<link rel=\"canonical\" href=\"https:\/\/abc-latina.com\/bresil\/brasilia\/\" \/>\n<meta property=\"og:locale\" content=\"fr_FR\" \/>\n<meta property=\"og:type\" content=\"article\" \/>\n<meta property=\"og:title\" content=\"BRASILIA - Abc-latina\" \/>\n<meta property=\"og:description\" content=\"Brasilia, r\u00e9put\u00e9e pour son architecture moderne peut se visiter en une journ\u00e9e. Si elle a d\u00e9cha\u00een\u00e9 les critiques lors de son inauguration en 1960, aujourd&#039;hui personne ne conteste son r\u00f4le de capitale du Br\u00e9sil.\" \/>\n<meta property=\"og:url\" content=\"https:\/\/abc-latina.com\/bresil\/brasilia\/\" \/>\n<meta property=\"og:site_name\" content=\"Abc-latina\" \/>\n<meta property=\"article:modified_time\" content=\"2026-04-30T16:24:50+00:00\" \/>\n<meta property=\"og:image\" content=\"https:\/\/abc-latina.com\/wp-content\/uploads\/2010\/08\/brasilia.jpg\" \/>\n\t<meta property=\"og:image:width\" content=\"220\" \/>\n\t<meta property=\"og:image:height\" content=\"220\" \/>\n\t<meta property=\"og:image:type\" content=\"image\/jpeg\" \/>\n<meta name=\"twitter:card\" content=\"summary_large_image\" \/>\n<meta name=\"twitter:label1\" content=\"Dur\u00e9e de lecture estim\u00e9e\" \/>\n\t<meta name=\"twitter:data1\" content=\"2 minutes\" \/>\n<script type=\"application\/ld+json\" class=\"yoast-schema-graph\">{\"@context\":\"https:\\\/\\\/schema.org\",\"@graph\":[{\"@type\":\"WebPage\",\"@id\":\"https:\\\/\\\/abc-latina.com\\\/bresil\\\/brasilia\\\/\",\"url\":\"https:\\\/\\\/abc-latina.com\\\/bresil\\\/brasilia\\\/\",\"name\":\"BRASILIA - Abc-latina\",\"isPartOf\":{\"@id\":\"https:\\\/\\\/abc-latina.com\\\/#website\"},\"primaryImageOfPage\":{\"@id\":\"https:\\\/\\\/abc-latina.com\\\/bresil\\\/brasilia\\\/#primaryimage\"},\"image\":{\"@id\":\"https:\\\/\\\/abc-latina.com\\\/bresil\\\/brasilia\\\/#primaryimage\"},\"thumbnailUrl\":\"https:\\\/\\\/abc-latina.com\\\/wp-content\\\/uploads\\\/2010\\\/08\\\/brasilia.jpg\",\"datePublished\":\"2010-08-04T01:21:36+00:00\",\"dateModified\":\"2026-04-30T16:24:50+00:00\",\"description\":\"Brasilia, r\u00e9put\u00e9e pour son architecture moderne peut se visiter en une journ\u00e9e. Si elle a d\u00e9cha\u00een\u00e9 les critiques lors de son inauguration en 1960, aujourd'hui personne ne conteste son r\u00f4le de capitale du Br\u00e9sil.\",\"breadcrumb\":{\"@id\":\"https:\\\/\\\/abc-latina.com\\\/bresil\\\/brasilia\\\/#breadcrumb\"},\"inLanguage\":\"fr-FR\",\"potentialAction\":[{\"@type\":\"ReadAction\",\"target\":[\"https:\\\/\\\/abc-latina.com\\\/bresil\\\/brasilia\\\/\"]}]},{\"@type\":\"ImageObject\",\"inLanguage\":\"fr-FR\",\"@id\":\"https:\\\/\\\/abc-latina.com\\\/bresil\\\/brasilia\\\/#primaryimage\",\"url\":\"https:\\\/\\\/abc-latina.com\\\/wp-content\\\/uploads\\\/2010\\\/08\\\/brasilia.jpg\",\"contentUrl\":\"https:\\\/\\\/abc-latina.com\\\/wp-content\\\/uploads\\\/2010\\\/08\\\/brasilia.jpg\",\"width\":220,\"height\":220,\"caption\":\"BRASILIA\"},{\"@type\":\"BreadcrumbList\",\"@id\":\"https:\\\/\\\/abc-latina.com\\\/bresil\\\/brasilia\\\/#breadcrumb\",\"itemListElement\":[{\"@type\":\"ListItem\",\"position\":1,\"name\":\"Accueil\",\"item\":\"https:\\\/\\\/abc-latina.com\\\/\"},{\"@type\":\"ListItem\",\"position\":2,\"name\":\"BRASILIA\"}]},{\"@type\":\"WebSite\",\"@id\":\"https:\\\/\\\/abc-latina.com\\\/#website\",\"url\":\"https:\\\/\\\/abc-latina.com\\\/\",\"name\":\"Abc-latina\",\"description\":\"\",\"publisher\":{\"@id\":\"https:\\\/\\\/abc-latina.com\\\/#organization\"},\"potentialAction\":[{\"@type\":\"SearchAction\",\"target\":{\"@type\":\"EntryPoint\",\"urlTemplate\":\"https:\\\/\\\/abc-latina.com\\\/?s={search_term_string}\"},\"query-input\":{\"@type\":\"PropertyValueSpecification\",\"valueRequired\":true,\"valueName\":\"search_term_string\"}}],\"inLanguage\":\"fr-FR\"},{\"@type\":\"Organization\",\"@id\":\"https:\\\/\\\/abc-latina.com\\\/#organization\",\"name\":\"Abc-latina\",\"url\":\"https:\\\/\\\/abc-latina.com\\\/\",\"logo\":{\"@type\":\"ImageObject\",\"inLanguage\":\"fr-FR\",\"@id\":\"https:\\\/\\\/abc-latina.com\\\/#\\\/schema\\\/logo\\\/image\\\/\",\"url\":\"https:\\\/\\\/abc-latina.com\\\/wp-content\\\/uploads\\\/2026\\\/05\\\/cropped-logo.gif\",\"contentUrl\":\"https:\\\/\\\/abc-latina.com\\\/wp-content\\\/uploads\\\/2026\\\/05\\\/cropped-logo.gif\",\"width\":89,\"height\":84,\"caption\":\"Abc-latina\"},\"image\":{\"@id\":\"https:\\\/\\\/abc-latina.com\\\/#\\\/schema\\\/logo\\\/image\\\/\"}}]}<\/script>\n<!-- \/ Yoast SEO plugin. -->","yoast_head_json":{"title":"BRASILIA - Abc-latina","description":"Brasilia, r\u00e9put\u00e9e pour son architecture moderne peut se visiter en une journ\u00e9e. Si elle a d\u00e9cha\u00een\u00e9 les critiques lors de son inauguration en 1960, aujourd'hui personne ne conteste son r\u00f4le de capitale du Br\u00e9sil.","robots":{"index":"index","follow":"follow","max-snippet":"max-snippet:-1","max-image-preview":"max-image-preview:large","max-video-preview":"max-video-preview:-1"},"canonical":"https:\/\/abc-latina.com\/bresil\/brasilia\/","og_locale":"fr_FR","og_type":"article","og_title":"BRASILIA - Abc-latina","og_description":"Brasilia, r\u00e9put\u00e9e pour son architecture moderne peut se visiter en une journ\u00e9e. Si elle a d\u00e9cha\u00een\u00e9 les critiques lors de son inauguration en 1960, aujourd'hui personne ne conteste son r\u00f4le de capitale du Br\u00e9sil.","og_url":"https:\/\/abc-latina.com\/bresil\/brasilia\/","og_site_name":"Abc-latina","article_modified_time":"2026-04-30T16:24:50+00:00","og_image":[{"width":220,"height":220,"url":"https:\/\/abc-latina.com\/wp-content\/uploads\/2010\/08\/brasilia.jpg","type":"image\/jpeg"}],"twitter_card":"summary_large_image","twitter_misc":{"Dur\u00e9e de lecture estim\u00e9e":"2 minutes"},"schema":{"@context":"https:\/\/schema.org","@graph":[{"@type":"WebPage","@id":"https:\/\/abc-latina.com\/bresil\/brasilia\/","url":"https:\/\/abc-latina.com\/bresil\/brasilia\/","name":"BRASILIA - Abc-latina","isPartOf":{"@id":"https:\/\/abc-latina.com\/#website"},"primaryImageOfPage":{"@id":"https:\/\/abc-latina.com\/bresil\/brasilia\/#primaryimage"},"image":{"@id":"https:\/\/abc-latina.com\/bresil\/brasilia\/#primaryimage"},"thumbnailUrl":"https:\/\/abc-latina.com\/wp-content\/uploads\/2010\/08\/brasilia.jpg","datePublished":"2010-08-04T01:21:36+00:00","dateModified":"2026-04-30T16:24:50+00:00","description":"Brasilia, r\u00e9put\u00e9e pour son architecture moderne peut se visiter en une journ\u00e9e. Si elle a d\u00e9cha\u00een\u00e9 les critiques lors de son inauguration en 1960, aujourd'hui personne ne conteste son r\u00f4le de capitale du Br\u00e9sil.","breadcrumb":{"@id":"https:\/\/abc-latina.com\/bresil\/brasilia\/#breadcrumb"},"inLanguage":"fr-FR","potentialAction":[{"@type":"ReadAction","target":["https:\/\/abc-latina.com\/bresil\/brasilia\/"]}]},{"@type":"ImageObject","inLanguage":"fr-FR","@id":"https:\/\/abc-latina.com\/bresil\/brasilia\/#primaryimage","url":"https:\/\/abc-latina.com\/wp-content\/uploads\/2010\/08\/brasilia.jpg","contentUrl":"https:\/\/abc-latina.com\/wp-content\/uploads\/2010\/08\/brasilia.jpg","width":220,"height":220,"caption":"BRASILIA"},{"@type":"BreadcrumbList","@id":"https:\/\/abc-latina.com\/bresil\/brasilia\/#breadcrumb","itemListElement":[{"@type":"ListItem","position":1,"name":"Accueil","item":"https:\/\/abc-latina.com\/"},{"@type":"ListItem","position":2,"name":"BRASILIA"}]},{"@type":"WebSite","@id":"https:\/\/abc-latina.com\/#website","url":"https:\/\/abc-latina.com\/","name":"Abc-latina","description":"","publisher":{"@id":"https:\/\/abc-latina.com\/#organization"},"potentialAction":[{"@type":"SearchAction","target":{"@type":"EntryPoint","urlTemplate":"https:\/\/abc-latina.com\/?s={search_term_string}"},"query-input":{"@type":"PropertyValueSpecification","valueRequired":true,"valueName":"search_term_string"}}],"inLanguage":"fr-FR"},{"@type":"Organization","@id":"https:\/\/abc-latina.com\/#organization","name":"Abc-latina","url":"https:\/\/abc-latina.com\/","logo":{"@type":"ImageObject","inLanguage":"fr-FR","@id":"https:\/\/abc-latina.com\/#\/schema\/logo\/image\/","url":"https:\/\/abc-latina.com\/wp-content\/uploads\/2026\/05\/cropped-logo.gif","contentUrl":"https:\/\/abc-latina.com\/wp-content\/uploads\/2026\/05\/cropped-logo.gif","width":89,"height":84,"caption":"Abc-latina"},"image":{"@id":"https:\/\/abc-latina.com\/#\/schema\/logo\/image\/"}}]}},"_links":{"self":[{"href":"https:\/\/abc-latina.com\/wp-json\/wp\/v2\/pages\/2066","targetHints":{"allow":["GET"]}}],"collection":[{"href":"https:\/\/abc-latina.com\/wp-json\/wp\/v2\/pages"}],"about":[{"href":"https:\/\/abc-latina.com\/wp-json\/wp\/v2\/types\/page"}],"author":[{"embeddable":true,"href":"https:\/\/abc-latina.com\/wp-json\/wp\/v2\/users\/3"}],"replies":[{"embeddable":true,"href":"https:\/\/abc-latina.com\/wp-json\/wp\/v2\/comments?post=2066"}],"version-history":[{"count":1,"href":"https:\/\/abc-latina.com\/wp-json\/wp\/v2\/pages\/2066\/revisions"}],"predecessor-version":[{"id":3161,"href":"https:\/\/abc-latina.com\/wp-json\/wp\/v2\/pages\/2066\/revisions\/3161"}],"up":[{"embeddable":true,"href":"https:\/\/abc-latina.com\/wp-json\/wp\/v2\/pages\/2297"}],"wp:featuredmedia":[{"embeddable":true,"href":"https:\/\/abc-latina.com\/wp-json\/wp\/v2\/media\/2065"}],"wp:attachment":[{"href":"https:\/\/abc-latina.com\/wp-json\/wp\/v2\/media?parent=2066"}],"curies":[{"name":"wp","href":"https:\/\/api.w.org\/{rel}","templated":true}]}}