{"id":2069,"date":"2010-08-04T22:21:15","date_gmt":"2010-08-04T20:21:15","guid":{"rendered":"http:\/\/abc-latina.com\/presidents_latino-americains-htm\/"},"modified":"2018-06-11T14:47:39","modified_gmt":"2018-06-11T12:47:39","slug":"presidents_latino-americains","status":"publish","type":"page","link":"https:\/\/abc-latina.com\/presidents_latino-americains\/","title":{"rendered":"PRESIDENTS &#8211; AMERIQUE LATINE"},"content":{"rendered":"<p>&nbsp;<\/p>\n<div>Les pr\u00e9sidents latino-am\u00e9ricains en:<\/div>\n<div>&#8211; <a href=\"https:\/\/www.abc-latina.com\/argentine\/div\/presidents-argentins.php\">Argentine<\/a><\/div>\n<div>&#8211; <a href=\"https:\/\/www.abc-latina.com\/bolivie\/div\/presidents_boliviens\">Bolivie<\/a><\/div>\n<div>&#8211; <a href=\"https:\/\/www.abc-latina.com\/chili\/div\/president_chilien\">Chili<\/a><\/div>\n<div>&#8211; <a href=\"https:\/\/www.abc-latina.com\/colombie\/div\/presidents_colombiens\">Colombie<\/a><\/div>\n<div>&#8211; <a href=\"https:\/\/www.abc-latina.com\/costarica\/div\/presidents-costaricains.php\">Costa Rica<\/a><\/div>\n<div>&#8211; <a href=\"https:\/\/www.abc-latina.com\/cuba\/div\/presidents_cubains\">Cuba<\/a><\/div>\n<div>&#8211; <a href=\"https:\/\/www.abc-latina.com\/equateur\/div\/presidents-equatoriens.php\">Equateur<\/a><\/div>\n<div>&#8211; <a href=\"https:\/\/www.abc-latina.com\/salvador\/div\/presidents_el_salvador\">El Salvador<\/a><\/div>\n<div>&#8211; <a href=\"https:\/\/www.abc-latina.com\/guatemala\/div\/presidents_guatemala\">Guatemala<\/a><\/div>\n<div>&#8211; <a href=\"https:\/\/www.abc-latina.com\/honduras\/div\/presidents_honduras\">Honduras<\/a><\/div>\n<div>&#8211; <a href=\"https:\/\/www.abc-latina.com\/mexique\/div\/presidents_mexicains\">Mexique<\/a><\/div>\n<div>&#8211; <a href=\"https:\/\/www.abc-latina.com\/nicaragua\/div\/presidents_nicaragua\">Nicaragua<\/a><\/div>\n<div>&#8211; <a href=\"https:\/\/www.abc-latina.com\/panama\/div\/presidents_panama\">Panama<\/a><\/div>\n<div>&#8211; <a href=\"https:\/\/www.abc-latina.com\/paraguay\/div\/presidents_paraguay\">Paraguay<\/a><\/div>\n<div>&#8211; <a href=\"https:\/\/www.abc-latina.com\/perou\/div\/president_peruvien\">P\u00e9rou<\/a><\/div>\n<div>&#8211; <a href=\"https:\/\/www.abc-latina.com\/uruguay\/div\/presidents_uruguay\">Uruguay<\/a><\/div>\n<div>&#8211; <a href=\"https:\/\/www.abc-latina.com\/venezuela\/div\/presidents_venezueliens\">Venezuela<\/a><\/div>\n","protected":false},"excerpt":{"rendered":"<p>&nbsp; Les pr\u00e9sidents latino-am\u00e9ricains en: &#8211; Argentine &#8211; Bolivie &#8211; Chili &#8211; Colombie &#8211; Costa Rica &#8211; Cuba &#8211; Equateur [&hellip;]<\/p>\n","protected":false},"author":3,"featured_media":0,"parent":0,"menu_order":0,"comment_status":"closed","ping_status":"closed","template":"","meta":{"site-sidebar-layout":"default","site-content-layout":"","ast-site-content-layout":"default","site-content-style":"default","site-sidebar-style":"default","ast-global-header-display":"","ast-banner-title-visibility":"","ast-main-header-display":"","ast-hfb-above-header-display":"","ast-hfb-below-header-display":"","ast-hfb-mobile-header-display":"","site-post-title":"","ast-breadcrumbs-content":"","ast-featured-img":"","footer-sml-layout":"","ast-disable-related-posts":"","theme-transparent-header-meta":"","adv-header-id-meta":"","stick-header-meta":"","header-above-stick-meta":"","header-main-stick-meta":"","header-below-stick-meta":"","astra-migrate-meta-layouts":"default","ast-page-background-enabled":"default","ast-page-background-meta":{"desktop":{"background-color":"var(--ast-global-color-5)","background-image":"","background-repeat":"repeat","background-position":"center center","background-size":"auto","background-attachment":"scroll","background-type":"","background-media":"","overlay-type":"","overlay-color":"","overlay-opacity":"","overlay-gradient":""},"tablet":{"background-color":"","background-image":"","background-repeat":"repeat","background-position":"center center","background-size":"auto","background-attachment":"scroll","background-type":"","background-media":"","overlay-type":"","overlay-color":"","overlay-opacity":"","overlay-gradient":""},"mobile":{"background-color":"","background-image":"","background-repeat":"repeat","background-position":"center center","background-size":"auto","background-attachment":"scroll","background-type":"","background-media":"","overlay-type":"","overlay-color":"","overlay-opacity":"","overlay-gradient":""}},"ast-content-background-meta":{"desktop":{"background-color":"var(--ast-global-color-4)","background-image":"","background-repeat":"repeat","background-position":"center center","background-size":"auto","background-attachment":"scroll","background-type":"","background-media":"","overlay-type":"","overlay-color":"","overlay-opacity":"","overlay-gradient":""},"tablet":{"background-color":"var(--ast-global-color-4)","background-image":"","background-repeat":"repeat","background-position":"center center","background-size":"auto","background-attachment":"scroll","background-type":"","background-media":"","overlay-type":"","overlay-color":"","overlay-opacity":"","overlay-gradient":""},"mobile":{"background-color":"var(--ast-global-color-4)","background-image":"","background-repeat":"repeat","background-position":"center center","background-size":"auto","background-attachment":"scroll","background-type":"","background-media":"","overlay-type":"","overlay-color":"","overlay-opacity":"","overlay-gradient":""}},"footnotes":""},"class_list":["post-2069","page","type-page","status-publish","hentry"],"yoast_head":"<!-- This site is optimized with the Yoast SEO plugin v27.5 - https:\/\/yoast.com\/product\/yoast-seo-wordpress\/ -->\n<title>PRESIDENTS - AMERIQUE LATINE - Abc-latina<\/title>\n<meta name=\"description\" content=\"Les pr\u00e9sidents latino-am\u00e9ricains. Les chefs d&#039;\u00e9tats d&#039;Am\u00e9rique du sud.\" \/>\n<meta name=\"robots\" content=\"index, follow, max-snippet:-1, max-image-preview:large, max-video-preview:-1\" \/>\n<link rel=\"canonical\" href=\"https:\/\/abc-latina.com\/presidents_latino-americains\/\" \/>\n<meta property=\"og:locale\" content=\"fr_FR\" \/>\n<meta property=\"og:type\" content=\"article\" \/>\n<meta property=\"og:title\" content=\"PRESIDENTS - AMERIQUE LATINE - Abc-latina\" \/>\n<meta property=\"og:description\" content=\"Les pr\u00e9sidents latino-am\u00e9ricains. Les chefs d&#039;\u00e9tats d&#039;Am\u00e9rique du sud.\" \/>\n<meta property=\"og:url\" content=\"https:\/\/abc-latina.com\/presidents_latino-americains\/\" \/>\n<meta property=\"og:site_name\" content=\"Abc-latina\" \/>\n<meta property=\"article:modified_time\" content=\"2018-06-11T12:47:39+00:00\" \/>\n<meta name=\"twitter:card\" content=\"summary_large_image\" \/>\n<script type=\"application\/ld+json\" class=\"yoast-schema-graph\">{\"@context\":\"https:\\\/\\\/schema.org\",\"@graph\":[{\"@type\":\"WebPage\",\"@id\":\"https:\\\/\\\/abc-latina.com\\\/presidents_latino-americains\\\/\",\"url\":\"https:\\\/\\\/abc-latina.com\\\/presidents_latino-americains\\\/\",\"name\":\"PRESIDENTS - AMERIQUE LATINE - Abc-latina\",\"isPartOf\":{\"@id\":\"https:\\\/\\\/abc-latina.com\\\/#website\"},\"datePublished\":\"2010-08-04T20:21:15+00:00\",\"dateModified\":\"2018-06-11T12:47:39+00:00\",\"description\":\"Les pr\u00e9sidents latino-am\u00e9ricains. Les chefs d'\u00e9tats d'Am\u00e9rique du sud.\",\"breadcrumb\":{\"@id\":\"https:\\\/\\\/abc-latina.com\\\/presidents_latino-americains\\\/#breadcrumb\"},\"inLanguage\":\"fr-FR\",\"potentialAction\":[{\"@type\":\"ReadAction\",\"target\":[\"https:\\\/\\\/abc-latina.com\\\/presidents_latino-americains\\\/\"]}]},{\"@type\":\"BreadcrumbList\",\"@id\":\"https:\\\/\\\/abc-latina.com\\\/presidents_latino-americains\\\/#breadcrumb\",\"itemListElement\":[{\"@type\":\"ListItem\",\"position\":1,\"name\":\"Accueil\",\"item\":\"https:\\\/\\\/abc-latina.com\\\/\"},{\"@type\":\"ListItem\",\"position\":2,\"name\":\"PRESIDENTS &#8211; AMERIQUE LATINE\"}]},{\"@type\":\"WebSite\",\"@id\":\"https:\\\/\\\/abc-latina.com\\\/#website\",\"url\":\"https:\\\/\\\/abc-latina.com\\\/\",\"name\":\"Abc-latina\",\"description\":\"\",\"publisher\":{\"@id\":\"https:\\\/\\\/abc-latina.com\\\/#organization\"},\"potentialAction\":[{\"@type\":\"SearchAction\",\"target\":{\"@type\":\"EntryPoint\",\"urlTemplate\":\"https:\\\/\\\/abc-latina.com\\\/?s={search_term_string}\"},\"query-input\":{\"@type\":\"PropertyValueSpecification\",\"valueRequired\":true,\"valueName\":\"search_term_string\"}}],\"inLanguage\":\"fr-FR\"},{\"@type\":\"Organization\",\"@id\":\"https:\\\/\\\/abc-latina.com\\\/#organization\",\"name\":\"Abc-latina\",\"url\":\"https:\\\/\\\/abc-latina.com\\\/\",\"logo\":{\"@type\":\"ImageObject\",\"inLanguage\":\"fr-FR\",\"@id\":\"https:\\\/\\\/abc-latina.com\\\/#\\\/schema\\\/logo\\\/image\\\/\",\"url\":\"https:\\\/\\\/abc-latina.com\\\/wp-content\\\/uploads\\\/2026\\\/05\\\/cropped-logo.gif\",\"contentUrl\":\"https:\\\/\\\/abc-latina.com\\\/wp-content\\\/uploads\\\/2026\\\/05\\\/cropped-logo.gif\",\"width\":89,\"height\":84,\"caption\":\"Abc-latina\"},\"image\":{\"@id\":\"https:\\\/\\\/abc-latina.com\\\/#\\\/schema\\\/logo\\\/image\\\/\"}}]}<\/script>\n<!-- \/ Yoast SEO plugin. -->","yoast_head_json":{"title":"PRESIDENTS - AMERIQUE LATINE - Abc-latina","description":"Les pr\u00e9sidents latino-am\u00e9ricains. Les chefs d'\u00e9tats d'Am\u00e9rique du sud.","robots":{"index":"index","follow":"follow","max-snippet":"max-snippet:-1","max-image-preview":"max-image-preview:large","max-video-preview":"max-video-preview:-1"},"canonical":"https:\/\/abc-latina.com\/presidents_latino-americains\/","og_locale":"fr_FR","og_type":"article","og_title":"PRESIDENTS - AMERIQUE LATINE - Abc-latina","og_description":"Les pr\u00e9sidents latino-am\u00e9ricains. Les chefs d'\u00e9tats d'Am\u00e9rique du sud.","og_url":"https:\/\/abc-latina.com\/presidents_latino-americains\/","og_site_name":"Abc-latina","article_modified_time":"2018-06-11T12:47:39+00:00","twitter_card":"summary_large_image","schema":{"@context":"https:\/\/schema.org","@graph":[{"@type":"WebPage","@id":"https:\/\/abc-latina.com\/presidents_latino-americains\/","url":"https:\/\/abc-latina.com\/presidents_latino-americains\/","name":"PRESIDENTS - AMERIQUE LATINE - Abc-latina","isPartOf":{"@id":"https:\/\/abc-latina.com\/#website"},"datePublished":"2010-08-04T20:21:15+00:00","dateModified":"2018-06-11T12:47:39+00:00","description":"Les pr\u00e9sidents latino-am\u00e9ricains. Les chefs d'\u00e9tats d'Am\u00e9rique du sud.","breadcrumb":{"@id":"https:\/\/abc-latina.com\/presidents_latino-americains\/#breadcrumb"},"inLanguage":"fr-FR","potentialAction":[{"@type":"ReadAction","target":["https:\/\/abc-latina.com\/presidents_latino-americains\/"]}]},{"@type":"BreadcrumbList","@id":"https:\/\/abc-latina.com\/presidents_latino-americains\/#breadcrumb","itemListElement":[{"@type":"ListItem","position":1,"name":"Accueil","item":"https:\/\/abc-latina.com\/"},{"@type":"ListItem","position":2,"name":"PRESIDENTS &#8211; AMERIQUE LATINE"}]},{"@type":"WebSite","@id":"https:\/\/abc-latina.com\/#website","url":"https:\/\/abc-latina.com\/","name":"Abc-latina","description":"","publisher":{"@id":"https:\/\/abc-latina.com\/#organization"},"potentialAction":[{"@type":"SearchAction","target":{"@type":"EntryPoint","urlTemplate":"https:\/\/abc-latina.com\/?s={search_term_string}"},"query-input":{"@type":"PropertyValueSpecification","valueRequired":true,"valueName":"search_term_string"}}],"inLanguage":"fr-FR"},{"@type":"Organization","@id":"https:\/\/abc-latina.com\/#organization","name":"Abc-latina","url":"https:\/\/abc-latina.com\/","logo":{"@type":"ImageObject","inLanguage":"fr-FR","@id":"https:\/\/abc-latina.com\/#\/schema\/logo\/image\/","url":"https:\/\/abc-latina.com\/wp-content\/uploads\/2026\/05\/cropped-logo.gif","contentUrl":"https:\/\/abc-latina.com\/wp-content\/uploads\/2026\/05\/cropped-logo.gif","width":89,"height":84,"caption":"Abc-latina"},"image":{"@id":"https:\/\/abc-latina.com\/#\/schema\/logo\/image\/"}}]}},"_links":{"self":[{"href":"https:\/\/abc-latina.com\/wp-json\/wp\/v2\/pages\/2069","targetHints":{"allow":["GET"]}}],"collection":[{"href":"https:\/\/abc-latina.com\/wp-json\/wp\/v2\/pages"}],"about":[{"href":"https:\/\/abc-latina.com\/wp-json\/wp\/v2\/types\/page"}],"author":[{"embeddable":true,"href":"https:\/\/abc-latina.com\/wp-json\/wp\/v2\/users\/3"}],"replies":[{"embeddable":true,"href":"https:\/\/abc-latina.com\/wp-json\/wp\/v2\/comments?post=2069"}],"version-history":[{"count":0,"href":"https:\/\/abc-latina.com\/wp-json\/wp\/v2\/pages\/2069\/revisions"}],"wp:attachment":[{"href":"https:\/\/abc-latina.com\/wp-json\/wp\/v2\/media?parent=2069"}],"curies":[{"name":"wp","href":"https:\/\/api.w.org\/{rel}","templated":true}]}}