{"id":2078,"date":"2010-08-05T03:48:14","date_gmt":"2010-08-05T01:48:14","guid":{"rendered":"http:\/\/abc-latina.com\/etat-rio-htm\/"},"modified":"2026-04-30T18:24:51","modified_gmt":"2026-04-30T16:24:51","slug":"etat-rio","status":"publish","type":"page","link":"https:\/\/abc-latina.com\/bresil\/etat-rio\/","title":{"rendered":"L&rsquo;ETAT DE RIO"},"content":{"rendered":"<div><img loading=\"lazy\" decoding=\"async\" class=\" alignright size-full wp-image-2077\" src=\"http:\/\/abc-latina.com\/wp-content\/uploads\/2010\/08\/buzios.jpg\" title=\"ETAT DE RIO\" alt=\"ETAT DE RIO\" width=\"220\" vspace=\"9\" hspace=\"15\" height=\"220\" align=\"right\" srcset=\"https:\/\/abc-latina.com\/wp-content\/uploads\/2010\/08\/buzios.jpg 220w, https:\/\/abc-latina.com\/wp-content\/uploads\/2010\/08\/buzios-150x150.jpg 150w\" sizes=\"auto, (max-width: 220px) 100vw, 220px\" \/>Si la ville de <strong><a href=\"https:\/\/www.abc-latina.com\/bresil\/rio_de_janeiro\">Rio<\/a><\/strong> fascine et attire les visiteurs depuis toujours, l&rsquo;\u00e9tat dont elle est la capitale ne manque pas non plus de charme et de curiosit\u00e9s. Tout comme sa capitale, l&rsquo;\u00e9tat de Rio offre des contrastes saisissants entre les montagnes luxuriantes et les plages inond\u00e9es de soleil, situ\u00e9es \u00e0 seulement quelques de route de la ville.&nbsp;<\/p>\n<div>&nbsp;<\/div>\n<div><strong><a href=\"https:\/\/www.abc-latina.com\/bresil\/voyage\/buzios\">B\u00fazios<\/a><\/strong> n&rsquo;a \u00e9t\u00e9 d\u00e9couvert qu&rsquo;en 1964 &#8230; par Brigitte Bardot ! Invit\u00e9e par un ami Argentin, l&rsquo;actrice a en effet effectu\u00e9 deux s\u00e9jours \u00e0 B\u00fazios. Cela a suffit pour que ce tr\u00e8s tranquille village de p\u00eacheurs devienne mondialement connu. B\u00fazios, ou plus exactement Arma\u00e7\u00e3o dos B\u00fazios, \u00e9tait autrefois un village paisible, nich\u00e9 au fond d&rsquo;une baie.<\/div>\n<div>Apr\u00e8s le passage de &quot;la Bardot&quot;, il est subitement devenu synonyme de splendeur tropicale, avec ses plages de sable blanc, ses eaux cristallines, ses palmiers, ses cocotiers, ses femmes splendides \u00e0 demi nues, et son incomparable douceur de vivre.Souvent compar\u00e9 \u00e0 Ibiza, ou m\u00eame \u00e0 St Tropez.<\/div>\n<div>C&rsquo;est au moment du carnaval et les week-ends que les touristes y affluent en masse, le reste du temps, le village redevient un v\u00e9ritable havre de paix.&nbsp;<\/div>\n<div>Le front de mer n&rsquo;est donc pas d\u00e9figur\u00e9 par des gratte-ciel comme c&rsquo;est le cas dans la plupart des grandes villes du Br\u00e9sil. Les maisons particuli\u00e8res s&rsquo;int\u00e8grent parfaitement au paysage, et ne d\u00e9parent pas au milieu des maisons de p\u00eacheurs.&nbsp;<\/div>\n<div>Il n&rsquo;y a quasiment pas de grand h\u00f4tels dans le village. L&rsquo;h\u00e9bergement se fait dans des pousadas, de petites auberges tr\u00e8s simples qui ne proposent pas plus de 12 chambres. Cela a permis de pr\u00e9server le charme et le caract\u00e8re de ce petit village.&nbsp;<\/div>\n<div>Il y a en tout 23 plages dans la r\u00e9gion de B\u00fazios. Certaines sont abrit\u00e9es dans de paisibles petites anses, d&rsquo;autres font face \u00e0 l&rsquo;oc\u00e9an.<\/div>\n<div>En d\u00e9pit de sa petite taille, la ville est l&rsquo;une des trois premi\u00e8res du Br\u00e9sil pour ce qui est des plaisirs de la table.<\/div>\n<div>&nbsp;<\/div>\n<div><a target=\"_blank\" href=\"tour_operateur\"><img loading=\"lazy\" decoding=\"async\" class=\" size-full wp-image-41\" src=\"http:\/\/abc-latina.com\/wp-content\/uploads\/2010\/04\/timbre_to.gif\" class=\"touroperateur\" alt=\"\" width=\"125\" height=\"90\" \/><\/a>La ville de <a href=\"https:\/\/www.abc-latina.com\/bresil\/cabo_frio.php\"><strong>Cabo Frio<\/strong><\/a>, d\u00e9couverte en 1503 par Amerigo Vespucci, est r\u00e9put\u00e9e pour ses longues plages de sable fin et ses dunes. Cabo Frio est une ville historique qui abrite quelques beaux vestiges du 17 \u00e9me si\u00e8cle: le fort de S\u00e3o Mateus, construit en 1616, l&rsquo;Igreja Nossa Senhora de Assump\u00e7\u00e3o, construite en 1615, l&rsquo;Igreja Nossa Senhora da Asun\u00e7\u00e3o, construite en 1666 et le Convento Nossa Senhora dos Anjos, construit en 1686.&nbsp;<\/div>\n<div>&nbsp;<\/div>\n<div>Entre B\u00fazios et Cabo Frio se trouve le hameau Arraial do Cabo, l&rsquo;un des plus endroits de la Costa do Sol. Epargn\u00e9 par le d\u00e9veloppement touristique. On y trouve les eaux les plus claires de toute le c\u00f4te sud du Br\u00e9sil. Les amateurs de plong\u00e9e et de p\u00eache sous-marines s&rsquo;y donnent rendez-vous.&nbsp;<\/div>\n<div>La Costa Verde ainsi nomm\u00e9e en raison de la v\u00e9g\u00e9tation luxuriante qui domine le littoral jusqu&rsquo;\u00e0 la mer, la route qui longue la c\u00f4te vous permettra de d\u00e9couvrir des panoramas superbes, des villes touristiques, de petits villages de p\u00eacheurs.&nbsp;<\/div>\n<div>&nbsp;<\/div>\n<div>La Costa Verde, parsem\u00e9e de plages innombrables, s&rsquo;\u00e9tend sur plus de 250 km le long de la mer.&nbsp;<\/div>\n<div>&nbsp;<\/div>\n<div><strong><a href=\"https:\/\/www.abc-latina.com\/bresil\/voyage\/angra_dos_reis\">Angra dos Reis<\/a><\/strong> (la baie des rois), la ville s&rsquo;\u00e9tire sur une s\u00e9rie de collines \u00e0 l&rsquo;entr\u00e9e d&rsquo;une baie o\u00f9 l&rsquo;on trouve plus de 370 \u00eeles, 2.000 plages, 7 baies et une douzaine de criques.&nbsp;<\/div>\n<div>A une heure et demie en bateau se trouve l&rsquo;Ilha Grande, la plus grande de toutes les \u00eeles de la baie, 155 km&sup2; . V\u00e9ritable paradis tropical, cette \u00eele compte certaines des plus belle plages de tout le Br\u00e9sil.&nbsp;<\/div>\n<div>&nbsp;<\/div>\n<div><strong><a href=\"https:\/\/www.abc-latina.com\/bresil\/voyage\/parati\">Parat\u00ed<\/a><\/strong>, un joyau de l&rsquo;\u00e9poque coloniale. La ville enti\u00e8re a \u00e9t\u00e9 d\u00e9clar\u00e9e monument historique par l&rsquo;UNESCO en 1966. Parat\u00ed fut fond\u00e9e en 1660. La ville connut son heure de gloire au 18 \u00e9me si\u00e8cle avec la d\u00e9couverte d&rsquo;or et de diamants dans l&rsquo;\u00e9tat voisin de Minas Gerais.&nbsp;<\/div>\n<div>Miraculeusement pr\u00e9serv\u00e9e en raison de son \u00e9loignement, Parat\u00ed est aujourd&rsquo;hui un centre historique important. Vous d\u00e9couvrirez le coeur colonial de la ville \u00e0 pied car les voitures y sont interdites. Les rues de Parat\u00ed rec\u00e8lent toutes des tr\u00e9sors cach\u00e9s, des galeries d&rsquo;art, des boutiques d&rsquo;artisanat local, de petites auberges et des demeures coloniales.&nbsp;<\/div>\n<div>&nbsp;<\/div>\n<div>En d\u00e9pit de leur amour pour les plaisirs de la plage, les habitants de Rio ressentent parfois le besoin de respirer l&rsquo;air frais des montagnes. C&rsquo;est ainsi que les villes de <strong><a href=\"https:\/\/www.abc-latina.com\/bresil\/voyage\/petropolis\">Petr\u00f3polis<\/a><\/strong> et de <strong><a href=\"https:\/\/www.abc-latina.com\/bresil\/voyage\/teresopolis\">Teres\u00f3polis<\/a><\/strong> ont vu le jour. Ces deux villes du 19 \u00e9me si\u00e8cle sont l&rsquo;h\u00e9ritage des empereurs Pierre 1er et Pierre 2.<\/div>\n<h3>Pr\u00e9parez votre voyage dans l&rsquo;Etat de Rio:<\/h3>\n<div><a href=\"https:\/\/www.abc-latina.com\/bresil\/agence_de_voyages\">Agences de voyage g\u00e9n\u00e9ralistes et discounteurs<\/a><\/div>\n<div><a href=\"https:\/\/www.abc-latina.com\/bresil\/tour_operateur\">Tours Op\u00e9rateurs sp\u00e9cialistes du Br\u00e9sil<\/a><\/div>\n<div><a target=\"_blank\" href=\"https:\/\/www.abc-latina.com\/to\/reservation_billet_avion\">R\u00e9servez votre billet d&rsquo;avion<\/a><\/div>\n<div><a href=\"https:\/\/www.abc-latina.com\/bresil\/hotels\">R\u00e9servez votre h\u00f4tel<\/a>&nbsp;<\/div>\n<div><a target=\"_blank\" href=\"https:\/\/www.abc-latina.com\/to\/location_de_voiture_bresil\">Location de voiture<\/a><\/div>\n<\/div>\n","protected":false},"excerpt":{"rendered":"<p>Si la ville de Rio fascine et attire les visiteurs depuis toujours, l&rsquo;\u00e9tat dont elle est la capitale ne manque [&hellip;]<\/p>\n","protected":false},"author":3,"featured_media":2077,"parent":2297,"menu_order":0,"comment_status":"closed","ping_status":"closed","template":"","meta":{"site-sidebar-layout":"default","site-content-layout":"","ast-site-content-layout":"default","site-content-style":"default","site-sidebar-style":"default","ast-global-header-display":"","ast-banner-title-visibility":"","ast-main-header-display":"","ast-hfb-above-header-display":"","ast-hfb-below-header-display":"","ast-hfb-mobile-header-display":"","site-post-title":"","ast-breadcrumbs-content":"","ast-featured-img":"","footer-sml-layout":"","ast-disable-related-posts":"","theme-transparent-header-meta":"","adv-header-id-meta":"","stick-header-meta":"","header-above-stick-meta":"","header-main-stick-meta":"","header-below-stick-meta":"","astra-migrate-meta-layouts":"default","ast-page-background-enabled":"default","ast-page-background-meta":{"desktop":{"background-color":"var(--ast-global-color-5)","background-image":"","background-repeat":"repeat","background-position":"center center","background-size":"auto","background-attachment":"scroll","background-type":"","background-media":"","overlay-type":"","overlay-color":"","overlay-opacity":"","overlay-gradient":""},"tablet":{"background-color":"","background-image":"","background-repeat":"repeat","background-position":"center center","background-size":"auto","background-attachment":"scroll","background-type":"","background-media":"","overlay-type":"","overlay-color":"","overlay-opacity":"","overlay-gradient":""},"mobile":{"background-color":"","background-image":"","background-repeat":"repeat","background-position":"center center","background-size":"auto","background-attachment":"scroll","background-type":"","background-media":"","overlay-type":"","overlay-color":"","overlay-opacity":"","overlay-gradient":""}},"ast-content-background-meta":{"desktop":{"background-color":"var(--ast-global-color-4)","background-image":"","background-repeat":"repeat","background-position":"center center","background-size":"auto","background-attachment":"scroll","background-type":"","background-media":"","overlay-type":"","overlay-color":"","overlay-opacity":"","overlay-gradient":""},"tablet":{"background-color":"var(--ast-global-color-4)","background-image":"","background-repeat":"repeat","background-position":"center center","background-size":"auto","background-attachment":"scroll","background-type":"","background-media":"","overlay-type":"","overlay-color":"","overlay-opacity":"","overlay-gradient":""},"mobile":{"background-color":"var(--ast-global-color-4)","background-image":"","background-repeat":"repeat","background-position":"center center","background-size":"auto","background-attachment":"scroll","background-type":"","background-media":"","overlay-type":"","overlay-color":"","overlay-opacity":"","overlay-gradient":""}},"footnotes":""},"class_list":["post-2078","page","type-page","status-publish","has-post-thumbnail","hentry"],"yoast_head":"<!-- This site is optimized with the Yoast SEO plugin v27.5 - https:\/\/yoast.com\/product\/yoast-seo-wordpress\/ -->\n<title>L&#039;ETAT DE RIO - Abc-latina<\/title>\n<meta name=\"description\" content=\"l&#039;\u00e9tat de Rio offre des contrastes saisissants entre les montagnes luxuriantes et les plages inond\u00e9es de soleil, situ\u00e9es \u00e0 seulement quelques de route de la ville.\" \/>\n<meta name=\"robots\" content=\"index, follow, max-snippet:-1, max-image-preview:large, max-video-preview:-1\" \/>\n<link rel=\"canonical\" href=\"https:\/\/abc-latina.com\/bresil\/etat-rio\/\" \/>\n<meta property=\"og:locale\" content=\"fr_FR\" \/>\n<meta property=\"og:type\" content=\"article\" \/>\n<meta property=\"og:title\" content=\"L&#039;ETAT DE RIO - Abc-latina\" \/>\n<meta property=\"og:description\" content=\"l&#039;\u00e9tat de Rio offre des contrastes saisissants entre les montagnes luxuriantes et les plages inond\u00e9es de soleil, situ\u00e9es \u00e0 seulement quelques de route de la ville.\" \/>\n<meta property=\"og:url\" content=\"https:\/\/abc-latina.com\/bresil\/etat-rio\/\" \/>\n<meta property=\"og:site_name\" content=\"Abc-latina\" \/>\n<meta property=\"article:modified_time\" content=\"2026-04-30T16:24:51+00:00\" \/>\n<meta property=\"og:image\" content=\"https:\/\/abc-latina.com\/wp-content\/uploads\/2010\/08\/buzios.jpg\" \/>\n\t<meta property=\"og:image:width\" content=\"220\" \/>\n\t<meta property=\"og:image:height\" content=\"220\" \/>\n\t<meta property=\"og:image:type\" content=\"image\/jpeg\" \/>\n<meta name=\"twitter:card\" content=\"summary_large_image\" \/>\n<meta name=\"twitter:label1\" content=\"Dur\u00e9e de lecture estim\u00e9e\" \/>\n\t<meta name=\"twitter:data1\" content=\"4 minutes\" \/>\n<script type=\"application\/ld+json\" class=\"yoast-schema-graph\">{\"@context\":\"https:\\\/\\\/schema.org\",\"@graph\":[{\"@type\":\"WebPage\",\"@id\":\"https:\\\/\\\/abc-latina.com\\\/bresil\\\/etat-rio\\\/\",\"url\":\"https:\\\/\\\/abc-latina.com\\\/bresil\\\/etat-rio\\\/\",\"name\":\"L'ETAT DE RIO - Abc-latina\",\"isPartOf\":{\"@id\":\"https:\\\/\\\/abc-latina.com\\\/#website\"},\"primaryImageOfPage\":{\"@id\":\"https:\\\/\\\/abc-latina.com\\\/bresil\\\/etat-rio\\\/#primaryimage\"},\"image\":{\"@id\":\"https:\\\/\\\/abc-latina.com\\\/bresil\\\/etat-rio\\\/#primaryimage\"},\"thumbnailUrl\":\"https:\\\/\\\/abc-latina.com\\\/wp-content\\\/uploads\\\/2010\\\/08\\\/buzios.jpg\",\"datePublished\":\"2010-08-05T01:48:14+00:00\",\"dateModified\":\"2026-04-30T16:24:51+00:00\",\"description\":\"l'\u00e9tat de Rio offre des contrastes saisissants entre les montagnes luxuriantes et les plages inond\u00e9es de soleil, situ\u00e9es \u00e0 seulement quelques de route de la ville.\",\"breadcrumb\":{\"@id\":\"https:\\\/\\\/abc-latina.com\\\/bresil\\\/etat-rio\\\/#breadcrumb\"},\"inLanguage\":\"fr-FR\",\"potentialAction\":[{\"@type\":\"ReadAction\",\"target\":[\"https:\\\/\\\/abc-latina.com\\\/bresil\\\/etat-rio\\\/\"]}]},{\"@type\":\"ImageObject\",\"inLanguage\":\"fr-FR\",\"@id\":\"https:\\\/\\\/abc-latina.com\\\/bresil\\\/etat-rio\\\/#primaryimage\",\"url\":\"https:\\\/\\\/abc-latina.com\\\/wp-content\\\/uploads\\\/2010\\\/08\\\/buzios.jpg\",\"contentUrl\":\"https:\\\/\\\/abc-latina.com\\\/wp-content\\\/uploads\\\/2010\\\/08\\\/buzios.jpg\",\"width\":220,\"height\":220,\"caption\":\"ETAT DE RIO\"},{\"@type\":\"BreadcrumbList\",\"@id\":\"https:\\\/\\\/abc-latina.com\\\/bresil\\\/etat-rio\\\/#breadcrumb\",\"itemListElement\":[{\"@type\":\"ListItem\",\"position\":1,\"name\":\"Accueil\",\"item\":\"https:\\\/\\\/abc-latina.com\\\/\"},{\"@type\":\"ListItem\",\"position\":2,\"name\":\"L&rsquo;ETAT DE RIO\"}]},{\"@type\":\"WebSite\",\"@id\":\"https:\\\/\\\/abc-latina.com\\\/#website\",\"url\":\"https:\\\/\\\/abc-latina.com\\\/\",\"name\":\"Abc-latina\",\"description\":\"\",\"publisher\":{\"@id\":\"https:\\\/\\\/abc-latina.com\\\/#organization\"},\"potentialAction\":[{\"@type\":\"SearchAction\",\"target\":{\"@type\":\"EntryPoint\",\"urlTemplate\":\"https:\\\/\\\/abc-latina.com\\\/?s={search_term_string}\"},\"query-input\":{\"@type\":\"PropertyValueSpecification\",\"valueRequired\":true,\"valueName\":\"search_term_string\"}}],\"inLanguage\":\"fr-FR\"},{\"@type\":\"Organization\",\"@id\":\"https:\\\/\\\/abc-latina.com\\\/#organization\",\"name\":\"Abc-latina\",\"url\":\"https:\\\/\\\/abc-latina.com\\\/\",\"logo\":{\"@type\":\"ImageObject\",\"inLanguage\":\"fr-FR\",\"@id\":\"https:\\\/\\\/abc-latina.com\\\/#\\\/schema\\\/logo\\\/image\\\/\",\"url\":\"https:\\\/\\\/abc-latina.com\\\/wp-content\\\/uploads\\\/2026\\\/05\\\/cropped-logo.gif\",\"contentUrl\":\"https:\\\/\\\/abc-latina.com\\\/wp-content\\\/uploads\\\/2026\\\/05\\\/cropped-logo.gif\",\"width\":89,\"height\":84,\"caption\":\"Abc-latina\"},\"image\":{\"@id\":\"https:\\\/\\\/abc-latina.com\\\/#\\\/schema\\\/logo\\\/image\\\/\"}}]}<\/script>\n<!-- \/ Yoast SEO plugin. -->","yoast_head_json":{"title":"L'ETAT DE RIO - Abc-latina","description":"l'\u00e9tat de Rio offre des contrastes saisissants entre les montagnes luxuriantes et les plages inond\u00e9es de soleil, situ\u00e9es \u00e0 seulement quelques de route de la ville.","robots":{"index":"index","follow":"follow","max-snippet":"max-snippet:-1","max-image-preview":"max-image-preview:large","max-video-preview":"max-video-preview:-1"},"canonical":"https:\/\/abc-latina.com\/bresil\/etat-rio\/","og_locale":"fr_FR","og_type":"article","og_title":"L'ETAT DE RIO - Abc-latina","og_description":"l'\u00e9tat de Rio offre des contrastes saisissants entre les montagnes luxuriantes et les plages inond\u00e9es de soleil, situ\u00e9es \u00e0 seulement quelques de route de la ville.","og_url":"https:\/\/abc-latina.com\/bresil\/etat-rio\/","og_site_name":"Abc-latina","article_modified_time":"2026-04-30T16:24:51+00:00","og_image":[{"width":220,"height":220,"url":"https:\/\/abc-latina.com\/wp-content\/uploads\/2010\/08\/buzios.jpg","type":"image\/jpeg"}],"twitter_card":"summary_large_image","twitter_misc":{"Dur\u00e9e de lecture estim\u00e9e":"4 minutes"},"schema":{"@context":"https:\/\/schema.org","@graph":[{"@type":"WebPage","@id":"https:\/\/abc-latina.com\/bresil\/etat-rio\/","url":"https:\/\/abc-latina.com\/bresil\/etat-rio\/","name":"L'ETAT DE RIO - Abc-latina","isPartOf":{"@id":"https:\/\/abc-latina.com\/#website"},"primaryImageOfPage":{"@id":"https:\/\/abc-latina.com\/bresil\/etat-rio\/#primaryimage"},"image":{"@id":"https:\/\/abc-latina.com\/bresil\/etat-rio\/#primaryimage"},"thumbnailUrl":"https:\/\/abc-latina.com\/wp-content\/uploads\/2010\/08\/buzios.jpg","datePublished":"2010-08-05T01:48:14+00:00","dateModified":"2026-04-30T16:24:51+00:00","description":"l'\u00e9tat de Rio offre des contrastes saisissants entre les montagnes luxuriantes et les plages inond\u00e9es de soleil, situ\u00e9es \u00e0 seulement quelques de route de la ville.","breadcrumb":{"@id":"https:\/\/abc-latina.com\/bresil\/etat-rio\/#breadcrumb"},"inLanguage":"fr-FR","potentialAction":[{"@type":"ReadAction","target":["https:\/\/abc-latina.com\/bresil\/etat-rio\/"]}]},{"@type":"ImageObject","inLanguage":"fr-FR","@id":"https:\/\/abc-latina.com\/bresil\/etat-rio\/#primaryimage","url":"https:\/\/abc-latina.com\/wp-content\/uploads\/2010\/08\/buzios.jpg","contentUrl":"https:\/\/abc-latina.com\/wp-content\/uploads\/2010\/08\/buzios.jpg","width":220,"height":220,"caption":"ETAT DE RIO"},{"@type":"BreadcrumbList","@id":"https:\/\/abc-latina.com\/bresil\/etat-rio\/#breadcrumb","itemListElement":[{"@type":"ListItem","position":1,"name":"Accueil","item":"https:\/\/abc-latina.com\/"},{"@type":"ListItem","position":2,"name":"L&rsquo;ETAT DE RIO"}]},{"@type":"WebSite","@id":"https:\/\/abc-latina.com\/#website","url":"https:\/\/abc-latina.com\/","name":"Abc-latina","description":"","publisher":{"@id":"https:\/\/abc-latina.com\/#organization"},"potentialAction":[{"@type":"SearchAction","target":{"@type":"EntryPoint","urlTemplate":"https:\/\/abc-latina.com\/?s={search_term_string}"},"query-input":{"@type":"PropertyValueSpecification","valueRequired":true,"valueName":"search_term_string"}}],"inLanguage":"fr-FR"},{"@type":"Organization","@id":"https:\/\/abc-latina.com\/#organization","name":"Abc-latina","url":"https:\/\/abc-latina.com\/","logo":{"@type":"ImageObject","inLanguage":"fr-FR","@id":"https:\/\/abc-latina.com\/#\/schema\/logo\/image\/","url":"https:\/\/abc-latina.com\/wp-content\/uploads\/2026\/05\/cropped-logo.gif","contentUrl":"https:\/\/abc-latina.com\/wp-content\/uploads\/2026\/05\/cropped-logo.gif","width":89,"height":84,"caption":"Abc-latina"},"image":{"@id":"https:\/\/abc-latina.com\/#\/schema\/logo\/image\/"}}]}},"_links":{"self":[{"href":"https:\/\/abc-latina.com\/wp-json\/wp\/v2\/pages\/2078","targetHints":{"allow":["GET"]}}],"collection":[{"href":"https:\/\/abc-latina.com\/wp-json\/wp\/v2\/pages"}],"about":[{"href":"https:\/\/abc-latina.com\/wp-json\/wp\/v2\/types\/page"}],"author":[{"embeddable":true,"href":"https:\/\/abc-latina.com\/wp-json\/wp\/v2\/users\/3"}],"replies":[{"embeddable":true,"href":"https:\/\/abc-latina.com\/wp-json\/wp\/v2\/comments?post=2078"}],"version-history":[{"count":1,"href":"https:\/\/abc-latina.com\/wp-json\/wp\/v2\/pages\/2078\/revisions"}],"predecessor-version":[{"id":3181,"href":"https:\/\/abc-latina.com\/wp-json\/wp\/v2\/pages\/2078\/revisions\/3181"}],"up":[{"embeddable":true,"href":"https:\/\/abc-latina.com\/wp-json\/wp\/v2\/pages\/2297"}],"wp:featuredmedia":[{"embeddable":true,"href":"https:\/\/abc-latina.com\/wp-json\/wp\/v2\/media\/2077"}],"wp:attachment":[{"href":"https:\/\/abc-latina.com\/wp-json\/wp\/v2\/media?parent=2078"}],"curies":[{"name":"wp","href":"https:\/\/api.w.org\/{rel}","templated":true}]}}