{"id":2081,"date":"2010-08-05T03:53:11","date_gmt":"2010-08-05T01:53:11","guid":{"rendered":"http:\/\/abc-latina.com\/etat-sud-htm\/"},"modified":"2026-04-30T18:24:51","modified_gmt":"2026-04-30T16:24:51","slug":"etat-sud","status":"publish","type":"page","link":"https:\/\/abc-latina.com\/bresil\/etat-sud\/","title":{"rendered":"Les ETATS du SUD"},"content":{"rendered":"<div>Le Sud du Br\u00e9sil diff\u00e8re beaucoup du reste du pays, une image bien diff\u00e9rente que l&rsquo;on se fait du Br\u00e9sil. Ici, les palmiers c\u00e8dent le pas devant les pin\u00e8des, les montagnes verdoyantes sont creus\u00e9es de tranquilles vall\u00e9es, la nature est parsem\u00e9e de chutes d&rsquo;eau et de canyons monumentaux, et le climat ressemble beaucoup \u00e0 celui des latitudes europ\u00e9ennes, avec quatre saisons bien distinctes et de la neige occasionnelle en hiver.&nbsp;<\/div>\n<div>Les gens sont diff\u00e9rents. Les blonds aux yeux bleus remplacent les visages \u00e0 la peau plus mate du Nord et du Nord-est, d\u00e9voilant de profondes racines europ\u00e9ennes. Le sud est le garde-manger traditionnel, ainsi que le principal producteur agricole du pays. Les vastes pampas du Rio Grande do Sul sont le domicile des plus importants troupeaux de b\u00e9tail du Br\u00e9sil.<\/div>\n<div>&nbsp;<\/div>\n<div><img loading=\"lazy\" decoding=\"async\" class=\" alignright size-full wp-image-2079\" src=\"http:\/\/abc-latina.com\/wp-content\/uploads\/2010\/08\/curitiba-pro.jpg\" style=\"border-width: 1px; border-style: solid; margin: 9px; float: right;\" alt=\"\" width=\"200\" height=\"168\" \/>L&rsquo; \u00e9tat du Paran\u00e1 est un m\u00e9lange \u00e9quilibr\u00e9 d&rsquo;environnement urbain et de nature.&nbsp;<\/div>\n<div><a href=\"https:\/\/www.abc-latina.com\/bresil\/voyage\/curitiba\">Curitiba<\/a>, la capitale, est l&rsquo;une des villes les plus agr\u00e9able du Br\u00e9sil, avec ses grands espaces verts, ses larges avenues et son train de vie paisible. Fond\u00e9e par des chercheurs d&rsquo;or au 17 \u00e9me si\u00e8cle, au sommet d&rsquo;un plateau (900m), Curitiba est aujourd&rsquo;hui une ville de pr\u00e8s d&rsquo;un million et demi d&rsquo;habitants. Dans la derni\u00e8re moiti\u00e9 du 19 \u00e9me si\u00e8cle et au d\u00e9but du 20 \u00e9me si\u00e8cle, Ciritiba a accueilli des vagues successives d&rsquo;immigrants en provenance d&rsquo;Europe (Allemands, Italiens, Slaves) qui l&rsquo;ont transform\u00e9e en m\u00e9tropole europ\u00e9enne.&nbsp;<\/div>\n<div>Curibita qui jouit de la r\u00e9putation de ville la plus propre du Br\u00e9sil, est le d\u00e9lice des promeneurs, avec de vaste rue pi\u00e9tonni\u00e8re flanqu\u00e9e de boutiques, de caf\u00e9s, de restaurants.La nuit, la place s&rsquo;anime et de nombreux musiciens circulent entre les terrasses des caf\u00e9s.<\/div>\n<div>Le Paran\u00e1 n&rsquo;est gu\u00e8re r\u00e9put\u00e9 pour ses plages, mais le trajet en train qui y m\u00e8ne est le plus spectaculaire de tout le Br\u00e9sil. Le train quitte la gare de Curitiba pour rejoindre la ville portuaire de Paranagu\u00e1 (le trajet dure environ 2h). La voie de chemin de fer descend de 900m jusqu&rsquo;au niveau de la mer, le trajet permet de d\u00e9couvrir des vues superbes sur le dense enchev\u00eatrement de la foret, entrecoup\u00e9 \u00e7\u00e0 et l\u00e0 de cascades. L&rsquo;attraction principale de la r\u00e9gion est l&rsquo;Ilha do Mel, une \u00eele paradisiaque.&nbsp;<\/div>\n<div>&nbsp;<\/div>\n<div><img loading=\"lazy\" decoding=\"async\" class=\" alignright size-full wp-image-2080\" src=\"http:\/\/abc-latina.com\/wp-content\/uploads\/2010\/08\/Iguacu2p.jpg\" style=\"border-width: 1px; border-style: solid; margin: 9px; float: right;\" alt=\"\" width=\"150\" height=\"187\" \/>L&rsquo;\u00eele est une r\u00e9serve naturelle, parsem\u00e9e de petits bassins d&rsquo;eau claire, de grottes et de plages d\u00e9sertes. Elle abrite \u00e9galement les ruines d&rsquo;un fort construit au 18 \u00e9me si\u00e8cle ainsi qu&rsquo;un phare datant, lui du 19 \u00e9me si\u00e8cle. Il n&rsquo;y a pas de voitures, on s&rsquo;y d\u00e9place uniquement \u00e0 pied ou en bateau. Sa nature vierge (aucun h\u00f4tel n&rsquo;a encore \u00e9t\u00e9 construit) attire de nombreux campeurs.&nbsp;<\/div>\n<div>A la fronti\u00e8re avec le Paraguay et l&rsquo;Argentine, les <a href=\"https:\/\/www.abc-latina.com\/bresil\/voyage\/chutes_iguacu\">chutes d&rsquo;Igua\u00e7\u00fa<\/a> comptent parmi les plus belles mises en sc\u00e8ne naturelles de la plan\u00e8te. Le site grandiose se d\u00e9ploie l\u00e9g\u00e8rement en arc de cercle sur pr\u00e8s de 5 km. Les eaux des 275 cataractes se d\u00e9versent dans le fleuve Igua\u00e7\u00fa 72 m plus bas (les chutes de Niagara n&rsquo;atteignent, elles, que 56m). Les chutes d&rsquo;Igua\u00e7\u00fa font partie d&rsquo;un parc national du m\u00eame nom, partag\u00e9 entre le Br\u00e9sil et l&rsquo;Argentine. Ce parc de plus de 170.000 ha n&rsquo;a rien \u00e0 envier \u00e0 la luxuriante foret amazonienne.&nbsp;<\/div>\n<div>&nbsp;<\/div>\n<div>Santa Catarina est le plus petit des \u00e9tats du Sud, mais aussi le plus anim\u00e9. Son h\u00e9ritage germanique transpara\u00eet dans l&rsquo;architecture bavaroise de la ville de Blumenau.&nbsp;<\/div>\n<div>Santa Catarina poss\u00e8de un littoral de toute beaut\u00e9, avec des kilom\u00e8tres de plages vierges.<\/div>\n<div>La petite ville de <a href=\"https:\/\/www.abc-latina.com\/bresil\/voyage\/florianopolis\">Florianopolis<\/a> est situ\u00e9e en majeure partie sur l&rsquo;\u00eeles de Santa Catarina et ne compte pas moins de 42 plages \u00e0 elle seule. Les restaurants et les bars y abondent, certains de premi\u00e8re cat\u00e9gorie. Les plages du sud de l&rsquo;\u00eele sont les plus belles mais aussi les moins accessibles, elles surprendront par leur tranquillit\u00e9. Florianopolis est une ville d\u00e9contract\u00e9e o\u00f9 la vie s&rsquo;articule autour de plaisirs simples: baignade, soleil et restaurants.&nbsp;<\/div>\n<div>&nbsp;<\/div>\n<div><a href=\"tour_operateur\" target=\"_blank\"><img loading=\"lazy\" decoding=\"async\" class=\" size-full wp-image-41\" alt=\"\" src=\"http:\/\/abc-latina.com\/wp-content\/uploads\/2010\/04\/timbre_to.gif\" class=\"touroperateur\" width=\"125\" height=\"90\" \/><\/a>Le Rio Grande do Sul a d\u00e9velopp\u00e9 une culture qui lui est propre, m\u00e9lange de portugais, d&rsquo;espagnol, d&rsquo;italien et d&rsquo;allemand. La culture gaucho est le signe distinctif de cet \u00e9tat.<\/div>\n<div>Le Rio Grande est le premier producteur br\u00e9silien d&rsquo;articles en cuir, ainsi que de vin. De plus, les grands troupeaux de bovins et de moutons fournissent de la laine et de la viande au reste du pays.<\/div>\n<div>Les paysages du Rio Grande do sul sont rudes. Les plages du littoral, long de 200 km sont bord\u00e9es par des escarpements rocheux et des falaises. Les plus belles se trouvent pr\u00e8s de Torres. A quelques kilom\u00e8tres \u00e0 l&rsquo;int\u00e9rieur des terre se trouve la Serra Ga\u00facha, une cha\u00eene de montagnes qui attire de nombreux touristes. Pin\u00e8des, vall\u00e9es verdoyantes, cascades solitaires, rivi\u00e8res scintillantes et canyons raviront le visiteur.<\/div>\n<div>Les joyaux de la Serra Ga\u00facha sont les villes jumelles de <a href=\"https:\/\/www.abc-latina.com\/bresil\/voyage\/gramado_canela\">Gramado et de Canela<\/a>.<\/div>\n<div>Le Canyon d&rsquo;Itaimb\u00e9zinho, aux parois verticales de 500m de profondeur, long de plus de 7 km et large de 2 km, est l&rsquo;un des plus grand de toute l&rsquo;Am\u00e9rique Latine. Contrairement au Grand Canyon d&rsquo;Am\u00e9rique du Nord, il est remarquable par sa v\u00e9g\u00e9tation luxuriante. Il se trouve au centre du parc national des Aparados da Serra, une des derni\u00e8res forets de pins du pays, o\u00f9 certains arbres peuvent atteindre 50m de hauteur.&nbsp;<\/div>\n<div>A l&rsquo;ouest de la Serra Ga\u00facha s&rsquo;\u00e9tend la r\u00e9gion des missions. Au 17 \u00e9me si\u00e8cle, les j\u00e9suites \u00e9difi\u00e8rent des missions autour desquelles s&rsquo;organis\u00e8rent des villages indiens. En 1756, les missions furent attaqu\u00e9es et vaincues par les esclavagistes. Aujourd&rsquo;hui, les ruines de ces missions s&rsquo;\u00e9l\u00e8vent solitaires dans la plaine.<\/div>\n<div>La mission de <a href=\"https:\/\/www.abc-latina.com\/bresil\/voyage\/sao_miguel\">S\u00e3o Miguel<\/a> propose chaque soir un tr\u00e8s beau spectacle &quot;son et lumi\u00e8re&quot; qui retrace l&rsquo;histoire de la r\u00e9gion.&nbsp;<\/div>\n<div><a href=\"https:\/\/www.abc-latina.com\/bresil\/voyage\/porto_alegre\">P\u00f4rto Alegre<\/a>, la capitale de l&rsquo;\u00e9tat qui fut \u00e9difi\u00e9 en 1742, permet aux visiteurs de d\u00e9couvrir les danses et les musiques traditionnelles des gauchos dans de nombreux bars et restaurants folkloriques. Avec pr\u00e8s d&rsquo;un million et demi d&rsquo;habitants, P\u00f4rto Alegre est la plus grande ville du sud.&nbsp;<\/div>\n<div>Comme il se doit pour un \u00e9tat producteur de b\u00e9tail, P\u00f4rto Alegre compte de nombreuses boutiques d&rsquo;articles de cuir et d&rsquo;excellents restaurants o\u00f9 l&rsquo;on sert le vrai churrasco br\u00e9silien.<\/div>\n<h3>Pr\u00e9parez votre voyage dans les Etats de sud:<\/h3>\n<div><a href=\"https:\/\/www.abc-latina.com\/bresil\/agence_de_voyages\">Agences de voyage g\u00e9n\u00e9ralistes et discounteurs<\/a><\/div>\n<div><a href=\"https:\/\/www.abc-latina.com\/bresil\/tour_operateur\">Tours Op\u00e9rateurs sp\u00e9cialistes du Br\u00e9sil<\/a><\/div>\n<div><a href=\"https:\/\/www.abc-latina.com\/to\/reservation_billet_avion\" target=\"_blank\">R\u00e9servez votre billet d&rsquo;avion<\/a><\/div>\n<div><a href=\"https:\/\/www.abc-latina.com\/bresil\/hotels\">R\u00e9servez votre h\u00f4tel<\/a>&nbsp;<\/div>\n<div><a href=\"https:\/\/www.abc-latina.com\/to\/location_de_voiture_bresil\" target=\"_blank\">Location de voiture<\/a><\/div>\n","protected":false},"excerpt":{"rendered":"<p>Le Sud du Br\u00e9sil diff\u00e8re beaucoup du reste du pays, une image bien diff\u00e9rente que l&rsquo;on se fait du Br\u00e9sil. [&hellip;]<\/p>\n","protected":false},"author":3,"featured_media":2079,"parent":2297,"menu_order":0,"comment_status":"closed","ping_status":"closed","template":"","meta":{"site-sidebar-layout":"default","site-content-layout":"","ast-site-content-layout":"default","site-content-style":"default","site-sidebar-style":"default","ast-global-header-display":"","ast-banner-title-visibility":"","ast-main-header-display":"","ast-hfb-above-header-display":"","ast-hfb-below-header-display":"","ast-hfb-mobile-header-display":"","site-post-title":"","ast-breadcrumbs-content":"","ast-featured-img":"","footer-sml-layout":"","ast-disable-related-posts":"","theme-transparent-header-meta":"","adv-header-id-meta":"","stick-header-meta":"","header-above-stick-meta":"","header-main-stick-meta":"","header-below-stick-meta":"","astra-migrate-meta-layouts":"default","ast-page-background-enabled":"default","ast-page-background-meta":{"desktop":{"background-color":"var(--ast-global-color-5)","background-image":"","background-repeat":"repeat","background-position":"center center","background-size":"auto","background-attachment":"scroll","background-type":"","background-media":"","overlay-type":"","overlay-color":"","overlay-opacity":"","overlay-gradient":""},"tablet":{"background-color":"","background-image":"","background-repeat":"repeat","background-position":"center center","background-size":"auto","background-attachment":"scroll","background-type":"","background-media":"","overlay-type":"","overlay-color":"","overlay-opacity":"","overlay-gradient":""},"mobile":{"background-color":"","background-image":"","background-repeat":"repeat","background-position":"center center","background-size":"auto","background-attachment":"scroll","background-type":"","background-media":"","overlay-type":"","overlay-color":"","overlay-opacity":"","overlay-gradient":""}},"ast-content-background-meta":{"desktop":{"background-color":"var(--ast-global-color-4)","background-image":"","background-repeat":"repeat","background-position":"center center","background-size":"auto","background-attachment":"scroll","background-type":"","background-media":"","overlay-type":"","overlay-color":"","overlay-opacity":"","overlay-gradient":""},"tablet":{"background-color":"var(--ast-global-color-4)","background-image":"","background-repeat":"repeat","background-position":"center center","background-size":"auto","background-attachment":"scroll","background-type":"","background-media":"","overlay-type":"","overlay-color":"","overlay-opacity":"","overlay-gradient":""},"mobile":{"background-color":"var(--ast-global-color-4)","background-image":"","background-repeat":"repeat","background-position":"center center","background-size":"auto","background-attachment":"scroll","background-type":"","background-media":"","overlay-type":"","overlay-color":"","overlay-opacity":"","overlay-gradient":""}},"footnotes":""},"class_list":["post-2081","page","type-page","status-publish","has-post-thumbnail","hentry"],"yoast_head":"<!-- This site is optimized with the Yoast SEO plugin v27.5 - https:\/\/yoast.com\/product\/yoast-seo-wordpress\/ -->\n<title>Les ETATS du SUD - Abc-latina<\/title>\n<meta name=\"description\" content=\"Les \u00e9tats du sud du Br\u00e9sil.\" \/>\n<meta name=\"robots\" content=\"index, follow, max-snippet:-1, max-image-preview:large, max-video-preview:-1\" \/>\n<link rel=\"canonical\" href=\"https:\/\/abc-latina.com\/bresil\/etat-sud\/\" \/>\n<meta property=\"og:locale\" content=\"fr_FR\" \/>\n<meta property=\"og:type\" content=\"article\" \/>\n<meta property=\"og:title\" content=\"Les ETATS du SUD - Abc-latina\" \/>\n<meta property=\"og:description\" content=\"Les \u00e9tats du sud du Br\u00e9sil.\" \/>\n<meta property=\"og:url\" content=\"https:\/\/abc-latina.com\/bresil\/etat-sud\/\" \/>\n<meta property=\"og:site_name\" content=\"Abc-latina\" \/>\n<meta property=\"article:modified_time\" content=\"2026-04-30T16:24:51+00:00\" \/>\n<meta property=\"og:image\" content=\"https:\/\/abc-latina.com\/wp-content\/uploads\/2010\/08\/curitiba-pro.jpg\" \/>\n\t<meta property=\"og:image:width\" content=\"200\" \/>\n\t<meta property=\"og:image:height\" content=\"168\" \/>\n\t<meta property=\"og:image:type\" content=\"image\/jpeg\" \/>\n<meta name=\"twitter:card\" content=\"summary_large_image\" \/>\n<meta name=\"twitter:label1\" content=\"Dur\u00e9e de lecture estim\u00e9e\" \/>\n\t<meta name=\"twitter:data1\" content=\"6 minutes\" \/>\n<script type=\"application\/ld+json\" class=\"yoast-schema-graph\">{\"@context\":\"https:\\\/\\\/schema.org\",\"@graph\":[{\"@type\":\"WebPage\",\"@id\":\"https:\\\/\\\/abc-latina.com\\\/bresil\\\/etat-sud\\\/\",\"url\":\"https:\\\/\\\/abc-latina.com\\\/bresil\\\/etat-sud\\\/\",\"name\":\"Les ETATS du SUD - Abc-latina\",\"isPartOf\":{\"@id\":\"https:\\\/\\\/abc-latina.com\\\/#website\"},\"primaryImageOfPage\":{\"@id\":\"https:\\\/\\\/abc-latina.com\\\/bresil\\\/etat-sud\\\/#primaryimage\"},\"image\":{\"@id\":\"https:\\\/\\\/abc-latina.com\\\/bresil\\\/etat-sud\\\/#primaryimage\"},\"thumbnailUrl\":\"https:\\\/\\\/abc-latina.com\\\/wp-content\\\/uploads\\\/2010\\\/08\\\/curitiba-pro.jpg\",\"datePublished\":\"2010-08-05T01:53:11+00:00\",\"dateModified\":\"2026-04-30T16:24:51+00:00\",\"description\":\"Les \u00e9tats du sud du Br\u00e9sil.\",\"breadcrumb\":{\"@id\":\"https:\\\/\\\/abc-latina.com\\\/bresil\\\/etat-sud\\\/#breadcrumb\"},\"inLanguage\":\"fr-FR\",\"potentialAction\":[{\"@type\":\"ReadAction\",\"target\":[\"https:\\\/\\\/abc-latina.com\\\/bresil\\\/etat-sud\\\/\"]}]},{\"@type\":\"ImageObject\",\"inLanguage\":\"fr-FR\",\"@id\":\"https:\\\/\\\/abc-latina.com\\\/bresil\\\/etat-sud\\\/#primaryimage\",\"url\":\"https:\\\/\\\/abc-latina.com\\\/wp-content\\\/uploads\\\/2010\\\/08\\\/curitiba-pro.jpg\",\"contentUrl\":\"https:\\\/\\\/abc-latina.com\\\/wp-content\\\/uploads\\\/2010\\\/08\\\/curitiba-pro.jpg\",\"width\":200,\"height\":168},{\"@type\":\"BreadcrumbList\",\"@id\":\"https:\\\/\\\/abc-latina.com\\\/bresil\\\/etat-sud\\\/#breadcrumb\",\"itemListElement\":[{\"@type\":\"ListItem\",\"position\":1,\"name\":\"Accueil\",\"item\":\"https:\\\/\\\/abc-latina.com\\\/\"},{\"@type\":\"ListItem\",\"position\":2,\"name\":\"Les ETATS du SUD\"}]},{\"@type\":\"WebSite\",\"@id\":\"https:\\\/\\\/abc-latina.com\\\/#website\",\"url\":\"https:\\\/\\\/abc-latina.com\\\/\",\"name\":\"Abc-latina\",\"description\":\"\",\"publisher\":{\"@id\":\"https:\\\/\\\/abc-latina.com\\\/#organization\"},\"potentialAction\":[{\"@type\":\"SearchAction\",\"target\":{\"@type\":\"EntryPoint\",\"urlTemplate\":\"https:\\\/\\\/abc-latina.com\\\/?s={search_term_string}\"},\"query-input\":{\"@type\":\"PropertyValueSpecification\",\"valueRequired\":true,\"valueName\":\"search_term_string\"}}],\"inLanguage\":\"fr-FR\"},{\"@type\":\"Organization\",\"@id\":\"https:\\\/\\\/abc-latina.com\\\/#organization\",\"name\":\"Abc-latina\",\"url\":\"https:\\\/\\\/abc-latina.com\\\/\",\"logo\":{\"@type\":\"ImageObject\",\"inLanguage\":\"fr-FR\",\"@id\":\"https:\\\/\\\/abc-latina.com\\\/#\\\/schema\\\/logo\\\/image\\\/\",\"url\":\"https:\\\/\\\/abc-latina.com\\\/wp-content\\\/uploads\\\/2026\\\/05\\\/cropped-logo.gif\",\"contentUrl\":\"https:\\\/\\\/abc-latina.com\\\/wp-content\\\/uploads\\\/2026\\\/05\\\/cropped-logo.gif\",\"width\":89,\"height\":84,\"caption\":\"Abc-latina\"},\"image\":{\"@id\":\"https:\\\/\\\/abc-latina.com\\\/#\\\/schema\\\/logo\\\/image\\\/\"}}]}<\/script>\n<!-- \/ Yoast SEO plugin. -->","yoast_head_json":{"title":"Les ETATS du SUD - Abc-latina","description":"Les \u00e9tats du sud du Br\u00e9sil.","robots":{"index":"index","follow":"follow","max-snippet":"max-snippet:-1","max-image-preview":"max-image-preview:large","max-video-preview":"max-video-preview:-1"},"canonical":"https:\/\/abc-latina.com\/bresil\/etat-sud\/","og_locale":"fr_FR","og_type":"article","og_title":"Les ETATS du SUD - Abc-latina","og_description":"Les \u00e9tats du sud du Br\u00e9sil.","og_url":"https:\/\/abc-latina.com\/bresil\/etat-sud\/","og_site_name":"Abc-latina","article_modified_time":"2026-04-30T16:24:51+00:00","og_image":[{"width":200,"height":168,"url":"https:\/\/abc-latina.com\/wp-content\/uploads\/2010\/08\/curitiba-pro.jpg","type":"image\/jpeg"}],"twitter_card":"summary_large_image","twitter_misc":{"Dur\u00e9e de lecture estim\u00e9e":"6 minutes"},"schema":{"@context":"https:\/\/schema.org","@graph":[{"@type":"WebPage","@id":"https:\/\/abc-latina.com\/bresil\/etat-sud\/","url":"https:\/\/abc-latina.com\/bresil\/etat-sud\/","name":"Les ETATS du SUD - Abc-latina","isPartOf":{"@id":"https:\/\/abc-latina.com\/#website"},"primaryImageOfPage":{"@id":"https:\/\/abc-latina.com\/bresil\/etat-sud\/#primaryimage"},"image":{"@id":"https:\/\/abc-latina.com\/bresil\/etat-sud\/#primaryimage"},"thumbnailUrl":"https:\/\/abc-latina.com\/wp-content\/uploads\/2010\/08\/curitiba-pro.jpg","datePublished":"2010-08-05T01:53:11+00:00","dateModified":"2026-04-30T16:24:51+00:00","description":"Les \u00e9tats du sud du Br\u00e9sil.","breadcrumb":{"@id":"https:\/\/abc-latina.com\/bresil\/etat-sud\/#breadcrumb"},"inLanguage":"fr-FR","potentialAction":[{"@type":"ReadAction","target":["https:\/\/abc-latina.com\/bresil\/etat-sud\/"]}]},{"@type":"ImageObject","inLanguage":"fr-FR","@id":"https:\/\/abc-latina.com\/bresil\/etat-sud\/#primaryimage","url":"https:\/\/abc-latina.com\/wp-content\/uploads\/2010\/08\/curitiba-pro.jpg","contentUrl":"https:\/\/abc-latina.com\/wp-content\/uploads\/2010\/08\/curitiba-pro.jpg","width":200,"height":168},{"@type":"BreadcrumbList","@id":"https:\/\/abc-latina.com\/bresil\/etat-sud\/#breadcrumb","itemListElement":[{"@type":"ListItem","position":1,"name":"Accueil","item":"https:\/\/abc-latina.com\/"},{"@type":"ListItem","position":2,"name":"Les ETATS du SUD"}]},{"@type":"WebSite","@id":"https:\/\/abc-latina.com\/#website","url":"https:\/\/abc-latina.com\/","name":"Abc-latina","description":"","publisher":{"@id":"https:\/\/abc-latina.com\/#organization"},"potentialAction":[{"@type":"SearchAction","target":{"@type":"EntryPoint","urlTemplate":"https:\/\/abc-latina.com\/?s={search_term_string}"},"query-input":{"@type":"PropertyValueSpecification","valueRequired":true,"valueName":"search_term_string"}}],"inLanguage":"fr-FR"},{"@type":"Organization","@id":"https:\/\/abc-latina.com\/#organization","name":"Abc-latina","url":"https:\/\/abc-latina.com\/","logo":{"@type":"ImageObject","inLanguage":"fr-FR","@id":"https:\/\/abc-latina.com\/#\/schema\/logo\/image\/","url":"https:\/\/abc-latina.com\/wp-content\/uploads\/2026\/05\/cropped-logo.gif","contentUrl":"https:\/\/abc-latina.com\/wp-content\/uploads\/2026\/05\/cropped-logo.gif","width":89,"height":84,"caption":"Abc-latina"},"image":{"@id":"https:\/\/abc-latina.com\/#\/schema\/logo\/image\/"}}]}},"_links":{"self":[{"href":"https:\/\/abc-latina.com\/wp-json\/wp\/v2\/pages\/2081","targetHints":{"allow":["GET"]}}],"collection":[{"href":"https:\/\/abc-latina.com\/wp-json\/wp\/v2\/pages"}],"about":[{"href":"https:\/\/abc-latina.com\/wp-json\/wp\/v2\/types\/page"}],"author":[{"embeddable":true,"href":"https:\/\/abc-latina.com\/wp-json\/wp\/v2\/users\/3"}],"replies":[{"embeddable":true,"href":"https:\/\/abc-latina.com\/wp-json\/wp\/v2\/comments?post=2081"}],"version-history":[{"count":1,"href":"https:\/\/abc-latina.com\/wp-json\/wp\/v2\/pages\/2081\/revisions"}],"predecessor-version":[{"id":3182,"href":"https:\/\/abc-latina.com\/wp-json\/wp\/v2\/pages\/2081\/revisions\/3182"}],"up":[{"embeddable":true,"href":"https:\/\/abc-latina.com\/wp-json\/wp\/v2\/pages\/2297"}],"wp:featuredmedia":[{"embeddable":true,"href":"https:\/\/abc-latina.com\/wp-json\/wp\/v2\/media\/2079"}],"wp:attachment":[{"href":"https:\/\/abc-latina.com\/wp-json\/wp\/v2\/media?parent=2081"}],"curies":[{"name":"wp","href":"https:\/\/api.w.org\/{rel}","templated":true}]}}