{"id":2082,"date":"2010-08-05T05:07:05","date_gmt":"2010-08-05T03:07:05","guid":{"rendered":"http:\/\/abc-latina.com\/ilha_grande-php\/"},"modified":"2026-04-30T18:24:51","modified_gmt":"2026-04-30T16:24:51","slug":"ilha_grande","status":"publish","type":"page","link":"https:\/\/abc-latina.com\/bresil\/ilha_grande\/","title":{"rendered":"ILHA GRANDE"},"content":{"rendered":"<div>Situ\u00e9e sur la Costa Verde, <span class=\"tourisme-chapitre\">Ilha Grande<\/span> est un v\u00e9ritable paradis tropical, qui peut faire penser \u00e0 Hawaii, avec ses plages aux eaux cristallines, son relief impressionnant, l&rsquo;abondance des sports nautiques praticables, et sa luxuriante et sauvage v\u00e9g\u00e9tation.<\/div>\n<div>Autrefois l&rsquo;\u00eele abritait un bagne, en 1971, elle est devenue un parc r\u00e9gional, et la partie sud est d\u00e9sormais une r\u00e9serve biologique.<\/div>\n<div>Il subsiste quelques vestiges de constructions coloniales, mais bien entendu, les plages constituent l&rsquo;attraction principale de l&rsquo;\u00eele.<\/div>\n<h3>Pr\u00e9parez votre voyage \u00e0 &nbsp;Ilha Grande:<\/h3>\n<div><a href=\"https:\/\/www.abc-latina.com\/bresil\/agence_de_voyages\">Agences de voyage g\u00e9n\u00e9ralistes et discounteurs<\/a><\/div>\n<div><a href=\"https:\/\/www.abc-latina.com\/bresil\/tour_operateur\">Tours Op\u00e9rateurs sp\u00e9cialistes du Br\u00e9sil<\/a><\/div>\n<div><a href=\"https:\/\/www.abc-latina.com\/to\/reservation_billet_avion\" target=\"_blank\">R\u00e9servez votre billet d&rsquo;avion<\/a><\/div>\n<div><a href=\"http:\/\/www.booking.com\/city\/br\/abraaol?aid=364340\" target=\"_blank\">R\u00e9servez votre h\u00f4tel \u00e0 Ilha Grande<\/a>&nbsp;<\/div>\n<div><a href=\"https:\/\/www.abc-latina.com\/to\/location_de_voiture_bresil\" target=\"_blank\">Location de voiture<\/a><\/div>\n","protected":false},"excerpt":{"rendered":"<p>Situ\u00e9e sur la Costa Verde, Ilha Grande est un v\u00e9ritable paradis tropical, qui peut faire penser \u00e0 Hawaii, avec ses [&hellip;]<\/p>\n","protected":false},"author":3,"featured_media":0,"parent":2297,"menu_order":0,"comment_status":"closed","ping_status":"closed","template":"","meta":{"site-sidebar-layout":"default","site-content-layout":"","ast-site-content-layout":"default","site-content-style":"default","site-sidebar-style":"default","ast-global-header-display":"","ast-banner-title-visibility":"","ast-main-header-display":"","ast-hfb-above-header-display":"","ast-hfb-below-header-display":"","ast-hfb-mobile-header-display":"","site-post-title":"","ast-breadcrumbs-content":"","ast-featured-img":"","footer-sml-layout":"","ast-disable-related-posts":"","theme-transparent-header-meta":"","adv-header-id-meta":"","stick-header-meta":"","header-above-stick-meta":"","header-main-stick-meta":"","header-below-stick-meta":"","astra-migrate-meta-layouts":"default","ast-page-background-enabled":"default","ast-page-background-meta":{"desktop":{"background-color":"var(--ast-global-color-5)","background-image":"","background-repeat":"repeat","background-position":"center center","background-size":"auto","background-attachment":"scroll","background-type":"","background-media":"","overlay-type":"","overlay-color":"","overlay-opacity":"","overlay-gradient":""},"tablet":{"background-color":"","background-image":"","background-repeat":"repeat","background-position":"center center","background-size":"auto","background-attachment":"scroll","background-type":"","background-media":"","overlay-type":"","overlay-color":"","overlay-opacity":"","overlay-gradient":""},"mobile":{"background-color":"","background-image":"","background-repeat":"repeat","background-position":"center center","background-size":"auto","background-attachment":"scroll","background-type":"","background-media":"","overlay-type":"","overlay-color":"","overlay-opacity":"","overlay-gradient":""}},"ast-content-background-meta":{"desktop":{"background-color":"var(--ast-global-color-4)","background-image":"","background-repeat":"repeat","background-position":"center center","background-size":"auto","background-attachment":"scroll","background-type":"","background-media":"","overlay-type":"","overlay-color":"","overlay-opacity":"","overlay-gradient":""},"tablet":{"background-color":"var(--ast-global-color-4)","background-image":"","background-repeat":"repeat","background-position":"center center","background-size":"auto","background-attachment":"scroll","background-type":"","background-media":"","overlay-type":"","overlay-color":"","overlay-opacity":"","overlay-gradient":""},"mobile":{"background-color":"var(--ast-global-color-4)","background-image":"","background-repeat":"repeat","background-position":"center center","background-size":"auto","background-attachment":"scroll","background-type":"","background-media":"","overlay-type":"","overlay-color":"","overlay-opacity":"","overlay-gradient":""}},"footnotes":""},"class_list":["post-2082","page","type-page","status-publish","hentry"],"yoast_head":"<!-- This site is optimized with the Yoast SEO plugin v27.5 - https:\/\/yoast.com\/product\/yoast-seo-wordpress\/ -->\n<title>ILHA GRANDE - Abc-latina<\/title>\n<meta name=\"description\" content=\"Ilha Grande est un v\u00e9ritable paradis tropical, qui peut faire penser \u00e0 Hawaii, avec ses plages aux eaux cristallines, son relief impressionnant...\" \/>\n<meta name=\"robots\" content=\"index, follow, max-snippet:-1, max-image-preview:large, max-video-preview:-1\" \/>\n<link rel=\"canonical\" href=\"https:\/\/abc-latina.com\/bresil\/ilha_grande\/\" \/>\n<meta property=\"og:locale\" content=\"fr_FR\" \/>\n<meta property=\"og:type\" content=\"article\" \/>\n<meta property=\"og:title\" content=\"ILHA GRANDE - Abc-latina\" \/>\n<meta property=\"og:description\" content=\"Ilha Grande est un v\u00e9ritable paradis tropical, qui peut faire penser \u00e0 Hawaii, avec ses plages aux eaux cristallines, son relief impressionnant...\" \/>\n<meta property=\"og:url\" content=\"https:\/\/abc-latina.com\/bresil\/ilha_grande\/\" \/>\n<meta property=\"og:site_name\" content=\"Abc-latina\" \/>\n<meta property=\"article:modified_time\" content=\"2026-04-30T16:24:51+00:00\" \/>\n<meta name=\"twitter:card\" content=\"summary_large_image\" \/>\n<meta name=\"twitter:label1\" content=\"Dur\u00e9e de lecture estim\u00e9e\" \/>\n\t<meta name=\"twitter:data1\" content=\"1 minute\" \/>\n<script type=\"application\/ld+json\" class=\"yoast-schema-graph\">{\"@context\":\"https:\\\/\\\/schema.org\",\"@graph\":[{\"@type\":\"WebPage\",\"@id\":\"https:\\\/\\\/abc-latina.com\\\/bresil\\\/ilha_grande\\\/\",\"url\":\"https:\\\/\\\/abc-latina.com\\\/bresil\\\/ilha_grande\\\/\",\"name\":\"ILHA GRANDE - Abc-latina\",\"isPartOf\":{\"@id\":\"https:\\\/\\\/abc-latina.com\\\/#website\"},\"datePublished\":\"2010-08-05T03:07:05+00:00\",\"dateModified\":\"2026-04-30T16:24:51+00:00\",\"description\":\"Ilha Grande est un v\u00e9ritable paradis tropical, qui peut faire penser \u00e0 Hawaii, avec ses plages aux eaux cristallines, son relief impressionnant...\",\"breadcrumb\":{\"@id\":\"https:\\\/\\\/abc-latina.com\\\/bresil\\\/ilha_grande\\\/#breadcrumb\"},\"inLanguage\":\"fr-FR\",\"potentialAction\":[{\"@type\":\"ReadAction\",\"target\":[\"https:\\\/\\\/abc-latina.com\\\/bresil\\\/ilha_grande\\\/\"]}]},{\"@type\":\"BreadcrumbList\",\"@id\":\"https:\\\/\\\/abc-latina.com\\\/bresil\\\/ilha_grande\\\/#breadcrumb\",\"itemListElement\":[{\"@type\":\"ListItem\",\"position\":1,\"name\":\"Accueil\",\"item\":\"https:\\\/\\\/abc-latina.com\\\/\"},{\"@type\":\"ListItem\",\"position\":2,\"name\":\"ILHA GRANDE\"}]},{\"@type\":\"WebSite\",\"@id\":\"https:\\\/\\\/abc-latina.com\\\/#website\",\"url\":\"https:\\\/\\\/abc-latina.com\\\/\",\"name\":\"Abc-latina\",\"description\":\"\",\"publisher\":{\"@id\":\"https:\\\/\\\/abc-latina.com\\\/#organization\"},\"potentialAction\":[{\"@type\":\"SearchAction\",\"target\":{\"@type\":\"EntryPoint\",\"urlTemplate\":\"https:\\\/\\\/abc-latina.com\\\/?s={search_term_string}\"},\"query-input\":{\"@type\":\"PropertyValueSpecification\",\"valueRequired\":true,\"valueName\":\"search_term_string\"}}],\"inLanguage\":\"fr-FR\"},{\"@type\":\"Organization\",\"@id\":\"https:\\\/\\\/abc-latina.com\\\/#organization\",\"name\":\"Abc-latina\",\"url\":\"https:\\\/\\\/abc-latina.com\\\/\",\"logo\":{\"@type\":\"ImageObject\",\"inLanguage\":\"fr-FR\",\"@id\":\"https:\\\/\\\/abc-latina.com\\\/#\\\/schema\\\/logo\\\/image\\\/\",\"url\":\"https:\\\/\\\/abc-latina.com\\\/wp-content\\\/uploads\\\/2026\\\/05\\\/cropped-logo.gif\",\"contentUrl\":\"https:\\\/\\\/abc-latina.com\\\/wp-content\\\/uploads\\\/2026\\\/05\\\/cropped-logo.gif\",\"width\":89,\"height\":84,\"caption\":\"Abc-latina\"},\"image\":{\"@id\":\"https:\\\/\\\/abc-latina.com\\\/#\\\/schema\\\/logo\\\/image\\\/\"}}]}<\/script>\n<!-- \/ Yoast SEO plugin. -->","yoast_head_json":{"title":"ILHA GRANDE - Abc-latina","description":"Ilha Grande est un v\u00e9ritable paradis tropical, qui peut faire penser \u00e0 Hawaii, avec ses plages aux eaux cristallines, son relief impressionnant...","robots":{"index":"index","follow":"follow","max-snippet":"max-snippet:-1","max-image-preview":"max-image-preview:large","max-video-preview":"max-video-preview:-1"},"canonical":"https:\/\/abc-latina.com\/bresil\/ilha_grande\/","og_locale":"fr_FR","og_type":"article","og_title":"ILHA GRANDE - Abc-latina","og_description":"Ilha Grande est un v\u00e9ritable paradis tropical, qui peut faire penser \u00e0 Hawaii, avec ses plages aux eaux cristallines, son relief impressionnant...","og_url":"https:\/\/abc-latina.com\/bresil\/ilha_grande\/","og_site_name":"Abc-latina","article_modified_time":"2026-04-30T16:24:51+00:00","twitter_card":"summary_large_image","twitter_misc":{"Dur\u00e9e de lecture estim\u00e9e":"1 minute"},"schema":{"@context":"https:\/\/schema.org","@graph":[{"@type":"WebPage","@id":"https:\/\/abc-latina.com\/bresil\/ilha_grande\/","url":"https:\/\/abc-latina.com\/bresil\/ilha_grande\/","name":"ILHA GRANDE - Abc-latina","isPartOf":{"@id":"https:\/\/abc-latina.com\/#website"},"datePublished":"2010-08-05T03:07:05+00:00","dateModified":"2026-04-30T16:24:51+00:00","description":"Ilha Grande est un v\u00e9ritable paradis tropical, qui peut faire penser \u00e0 Hawaii, avec ses plages aux eaux cristallines, son relief impressionnant...","breadcrumb":{"@id":"https:\/\/abc-latina.com\/bresil\/ilha_grande\/#breadcrumb"},"inLanguage":"fr-FR","potentialAction":[{"@type":"ReadAction","target":["https:\/\/abc-latina.com\/bresil\/ilha_grande\/"]}]},{"@type":"BreadcrumbList","@id":"https:\/\/abc-latina.com\/bresil\/ilha_grande\/#breadcrumb","itemListElement":[{"@type":"ListItem","position":1,"name":"Accueil","item":"https:\/\/abc-latina.com\/"},{"@type":"ListItem","position":2,"name":"ILHA GRANDE"}]},{"@type":"WebSite","@id":"https:\/\/abc-latina.com\/#website","url":"https:\/\/abc-latina.com\/","name":"Abc-latina","description":"","publisher":{"@id":"https:\/\/abc-latina.com\/#organization"},"potentialAction":[{"@type":"SearchAction","target":{"@type":"EntryPoint","urlTemplate":"https:\/\/abc-latina.com\/?s={search_term_string}"},"query-input":{"@type":"PropertyValueSpecification","valueRequired":true,"valueName":"search_term_string"}}],"inLanguage":"fr-FR"},{"@type":"Organization","@id":"https:\/\/abc-latina.com\/#organization","name":"Abc-latina","url":"https:\/\/abc-latina.com\/","logo":{"@type":"ImageObject","inLanguage":"fr-FR","@id":"https:\/\/abc-latina.com\/#\/schema\/logo\/image\/","url":"https:\/\/abc-latina.com\/wp-content\/uploads\/2026\/05\/cropped-logo.gif","contentUrl":"https:\/\/abc-latina.com\/wp-content\/uploads\/2026\/05\/cropped-logo.gif","width":89,"height":84,"caption":"Abc-latina"},"image":{"@id":"https:\/\/abc-latina.com\/#\/schema\/logo\/image\/"}}]}},"_links":{"self":[{"href":"https:\/\/abc-latina.com\/wp-json\/wp\/v2\/pages\/2082","targetHints":{"allow":["GET"]}}],"collection":[{"href":"https:\/\/abc-latina.com\/wp-json\/wp\/v2\/pages"}],"about":[{"href":"https:\/\/abc-latina.com\/wp-json\/wp\/v2\/types\/page"}],"author":[{"embeddable":true,"href":"https:\/\/abc-latina.com\/wp-json\/wp\/v2\/users\/3"}],"replies":[{"embeddable":true,"href":"https:\/\/abc-latina.com\/wp-json\/wp\/v2\/comments?post=2082"}],"version-history":[{"count":1,"href":"https:\/\/abc-latina.com\/wp-json\/wp\/v2\/pages\/2082\/revisions"}],"predecessor-version":[{"id":3188,"href":"https:\/\/abc-latina.com\/wp-json\/wp\/v2\/pages\/2082\/revisions\/3188"}],"up":[{"embeddable":true,"href":"https:\/\/abc-latina.com\/wp-json\/wp\/v2\/pages\/2297"}],"wp:attachment":[{"href":"https:\/\/abc-latina.com\/wp-json\/wp\/v2\/media?parent=2082"}],"curies":[{"name":"wp","href":"https:\/\/api.w.org\/{rel}","templated":true}]}}