{"id":2084,"date":"2010-08-05T05:20:28","date_gmt":"2010-08-05T03:20:28","guid":{"rendered":"http:\/\/abc-latina.com\/minas-htm\/"},"modified":"2026-04-30T18:24:51","modified_gmt":"2026-04-30T16:24:51","slug":"minas","status":"publish","type":"page","link":"https:\/\/abc-latina.com\/bresil\/minas\/","title":{"rendered":"MINAS GERAIS"},"content":{"rendered":"<div><img loading=\"lazy\" decoding=\"async\" class=\" size-full wp-image-529\" src=\"http:\/\/abc-latina.com\/wp-content\/uploads\/2010\/06\/ouro_preto_3.jpg\" title=\"MINAS GERAIS\" alt=\"MINAS GERAIS\" width=\"480\" height=\"320\" srcset=\"https:\/\/abc-latina.com\/wp-content\/uploads\/2010\/06\/ouro_preto_3.jpg 590w, https:\/\/abc-latina.com\/wp-content\/uploads\/2010\/06\/ouro_preto_3-300x200.jpg 300w\" sizes=\"auto, (max-width: 480px) 100vw, 480px\" \/><\/div>\n<div>&nbsp;<\/div>\n<div>Le <span class=\"tourisme-chapitre\">minas Gerais<\/span> est un g\u00e9ant de 587.000 km&sup2; (un peu plus grand que la France), peupl\u00e9 de 15 millions d&rsquo;habitants. Minas Gerais signifie &quot;Mines g\u00e9n\u00e9reuses&quot;. Les filons, apparemment in\u00e9puisables, ont approvisionn\u00e9 le monde entier en or, en diamants et en minerai de fer.<\/div>\n<div>Les Mineiros forment presque un peuple \u00e0 part tant ils sont diff\u00e9rents de leurs compatriotes. Loin de l&rsquo;extravagant Carioca ou de l&rsquo;industrieux Paulista. Le Mineiro est obstin\u00e9, prudent et peu enclin \u00e0 montrer ses \u00e9motions. Courageux et \u00e9conome, il est en outre dot\u00e9 d&rsquo;un solide sens du devoir. Au 18 \u00e9me si\u00e8cle, l&rsquo;or du Minas Gerais a envahi le monde entier. Entre 1700 et 1820, plus de 1200 tonnes du pr\u00e9cieux m\u00e9tal ont \u00e9t\u00e9 extraites des mines, c&rsquo;est \u00e0 dire 80% de la production d&rsquo;or pendant cette p\u00e9riode.&nbsp;<\/div>\n<div>&nbsp;<\/div>\n<div><img loading=\"lazy\" decoding=\"async\" class=\" alignright size-full wp-image-2083\" src=\"http:\/\/abc-latina.com\/wp-content\/uploads\/2010\/08\/minas_gerais.jpg\" style=\"border-width: 1px; border-style: solid; margin: 5px 22px; float: right;\" alt=\"\" width=\"180\" height=\"249\" \/><strong><a href=\"https:\/\/www.abc-latina.com\/bresil\/voyage\/ouro_preto\">Ouro Pr\u00eato<\/a><\/strong> \u00e9tait au centre de la ru\u00e9e vers l&rsquo;or, les bandeirantes \u00e0 la recherche d&rsquo;or trouv\u00e8rent une \u00e9trange pierre noire, ils la firent analyser, ils avaient trouv\u00e9 de l&rsquo;or. La coloration noire \u00e9tait le r\u00e9sultat de l&rsquo;oxydation du fer contenu dans le sol. Vila Rica nom du petit village de montagne o\u00f9 ils trouv\u00e8rent la pierre devint Ouro Pr\u00eato (or noir), et la ru\u00e9e vers l&rsquo;or d\u00e9buta.&nbsp;<\/div>\n<div>En 1760, la ville comptait 80.000 habitants, elle n&rsquo;en compte plus que 40.000. A l&rsquo;heure actuelle, Ouro Pr\u00eato pr\u00e9sente la plus belle collection d&rsquo;art et d&rsquo;architecture baroque du Br\u00e9sil. Les rues tortueuses bord\u00e9es de maisons aux magnifiques balcons en bois ou en fer forg\u00e9, les vieilles fontaines sculpt\u00e9es, les mus\u00e9es et les \u00e9glises innombrables, s\u00e9duisent d&#8217;embl\u00e9e.&nbsp;<\/div>\n<div>C&rsquo;est pourquoi, en 1981, l&rsquo;UNESCO d\u00e9clara Ouro Pr\u00eato tout enti\u00e8re &quot;monument historique&quot;.<\/div>\n<div>&nbsp;<\/div>\n<div>Ouro Pr\u00eato, encastr\u00e9e dans les montagnes, ne pouvait s&rsquo;agrandir, aussi fut-il d\u00e9cid\u00e9 qu&rsquo;une nouvelle capitale devait voir le jour. <strong><a href=\"https:\/\/www.abc-latina.com\/bresil\/voyage\/belo_horizonte\">Belo Horizonte<\/a><\/strong> fut fond\u00e9e (en 1897) sur un plan semblable \u00e0 celui de Washington: rue \u00e0 angles droits. Mais le plan initial fut tr\u00e8s vite d\u00e9pass\u00e9 et de nombreux b\u00e2timent se construisirent de fa\u00e7on anarchique pour faire face aux imp\u00e9ratifs de d\u00e9veloppement de la ville.<\/div>\n<div>Compar\u00e9e \u00e0 Ouro Pr\u00eato, cette m\u00e9tropole agit\u00e9e de 3 millions d&rsquo;habitants ne comporte que peu de monuments anciens, mais elle est un excellent point de d\u00e9part pour visiter les villes historiques des environs.&nbsp;<\/div>\n<div>&nbsp;<\/div>\n<div><a href=\"tour_operateur\" target=\"_blank\"><img loading=\"lazy\" decoding=\"async\" class=\" size-full wp-image-41\" alt=\"\" class=\"touroperateur\" src=\"http:\/\/abc-latina.com\/wp-content\/uploads\/2010\/04\/timbre_to.gif\" width=\"125\" height=\"90\" \/><\/a>Dans une vall\u00e9e ombrag\u00e9e, \u00e0 23 km au nord de Belo Horizonte, se cache un autre joyau de l&rsquo;art baroque, la petite ville coloniale de <strong><a href=\"https:\/\/www.abc-latina.com\/bresil\/voyage\/sabara\">Sabar\u00e1<\/a><\/strong>.<\/div>\n<div>Au nord de Belo Horizonte, sur la route qui m\u00e8ne \u00e0 Brasilia, s&rsquo;\u00e9tend une ville que d&rsquo;aucuns consid\u00e8rent comme l&rsquo;\u00e9gale d&rsquo;Ouro Pr\u00eato pour sa beaut\u00e9, <strong><a href=\"https:\/\/www.abc-latina.com\/bresil\/voyage\/diamantina\">Diamantina<\/a><\/strong>.<\/div>\n<div>Diamantina est situ\u00e9e \u00e0 1260 m d&rsquo;altitude dans une belle r\u00e9gion montagneuse. Des maisons aux murs blanchis et des \u00e9glises aux fl\u00e8ches \u00e9lanc\u00e9es bordent les rues tortueuses de la ville.&nbsp;<\/div>\n<div>L&rsquo;est du Minas Gerais abrite de v\u00e9ritables joyaux du baroque mineiro. <strong><a href=\"https:\/\/www.abc-latina.com\/bresil\/voyage\/congonhas_do_campo\">Congonhas do Campo<\/a><\/strong>, situ\u00e9e \u00e0 80 km de Belo Horizonte, en est un exemple parfait.&nbsp;<\/div>\n<div>A 135 km au sud de Belo Horizonte se trouve <strong><a href=\"https:\/\/www.abc-latina.com\/bresil\/voyage\/tiradentes\">Tiradentes<\/a><\/strong>, la ville qui vit na\u00eetre, en 1746, le h\u00e9ros de l&rsquo;ind\u00e9pendance br\u00e9silienne, Joaquim da Silva Xavier. Ici l&rsquo;atmosph\u00e8re coloniale a \u00e9t\u00e9 mieux pr\u00e9serv\u00e9e que dans toutes les autres villes du Minas Gerais. Les maisons aux toits roses, orn\u00e9es de rideaux en dentelle et de volets peints de couleurs vives n&rsquo;ont pas chang\u00e9 depuis les origines.&nbsp;<\/div>\n<div>A 13 km seulement de Tiradentes se trouve la charmante petite ville coloniale de <strong><a href=\"https:\/\/www.abc-latina.com\/bresil\/voyage\/sao_joao_del_rei\">S\u00e3o Jo\u00e3o del Rei<\/a><\/strong>. On peut y acc\u00e9der par un petit train \u00e0 vapeur datant du d\u00e9but du 20 \u00e9me si\u00e8cle. La ville a r\u00e9ussi \u00e0 se d\u00e9velopper et \u00e0 se moderniser tout en conservant ses vieux quartiers.<\/div>\n<h3>Pr\u00e9parez votre voyage dans le Minas Gerais :<\/h3>\n<div><a href=\"https:\/\/www.abc-latina.com\/bresil\/agence_de_voyages\">Agences de voyage g\u00e9n\u00e9ralistes et discounteurs<\/a><\/div>\n<div><a href=\"https:\/\/www.abc-latina.com\/bresil\/tour_operateur\">Tours Op\u00e9rateurs sp\u00e9cialistes du Br\u00e9sil<\/a><\/div>\n<div><a href=\"https:\/\/www.abc-latina.com\/to\/reservation_billet_avion\" target=\"_blank\">R\u00e9servez votre billet d&rsquo;avion<\/a><\/div>\n<div><a href=\"https:\/\/www.abc-latina.com\/bresil\/hotels\">R\u00e9servez votre h\u00f4tel<\/a>&nbsp;<\/div>\n<div><a href=\"https:\/\/www.abc-latina.com\/to\/location_de_voiture_bresil\" target=\"_blank\">Location de voiture<\/a><\/div>\n","protected":false},"excerpt":{"rendered":"<p>&nbsp; Le minas Gerais est un g\u00e9ant de 587.000 km&sup2; (un peu plus grand que la France), peupl\u00e9 de 15 [&hellip;]<\/p>\n","protected":false},"author":3,"featured_media":529,"parent":2297,"menu_order":0,"comment_status":"closed","ping_status":"closed","template":"","meta":{"site-sidebar-layout":"default","site-content-layout":"","ast-site-content-layout":"default","site-content-style":"default","site-sidebar-style":"default","ast-global-header-display":"","ast-banner-title-visibility":"","ast-main-header-display":"","ast-hfb-above-header-display":"","ast-hfb-below-header-display":"","ast-hfb-mobile-header-display":"","site-post-title":"","ast-breadcrumbs-content":"","ast-featured-img":"","footer-sml-layout":"","ast-disable-related-posts":"","theme-transparent-header-meta":"","adv-header-id-meta":"","stick-header-meta":"","header-above-stick-meta":"","header-main-stick-meta":"","header-below-stick-meta":"","astra-migrate-meta-layouts":"default","ast-page-background-enabled":"default","ast-page-background-meta":{"desktop":{"background-color":"var(--ast-global-color-5)","background-image":"","background-repeat":"repeat","background-position":"center center","background-size":"auto","background-attachment":"scroll","background-type":"","background-media":"","overlay-type":"","overlay-color":"","overlay-opacity":"","overlay-gradient":""},"tablet":{"background-color":"","background-image":"","background-repeat":"repeat","background-position":"center center","background-size":"auto","background-attachment":"scroll","background-type":"","background-media":"","overlay-type":"","overlay-color":"","overlay-opacity":"","overlay-gradient":""},"mobile":{"background-color":"","background-image":"","background-repeat":"repeat","background-position":"center center","background-size":"auto","background-attachment":"scroll","background-type":"","background-media":"","overlay-type":"","overlay-color":"","overlay-opacity":"","overlay-gradient":""}},"ast-content-background-meta":{"desktop":{"background-color":"var(--ast-global-color-4)","background-image":"","background-repeat":"repeat","background-position":"center center","background-size":"auto","background-attachment":"scroll","background-type":"","background-media":"","overlay-type":"","overlay-color":"","overlay-opacity":"","overlay-gradient":""},"tablet":{"background-color":"var(--ast-global-color-4)","background-image":"","background-repeat":"repeat","background-position":"center center","background-size":"auto","background-attachment":"scroll","background-type":"","background-media":"","overlay-type":"","overlay-color":"","overlay-opacity":"","overlay-gradient":""},"mobile":{"background-color":"var(--ast-global-color-4)","background-image":"","background-repeat":"repeat","background-position":"center center","background-size":"auto","background-attachment":"scroll","background-type":"","background-media":"","overlay-type":"","overlay-color":"","overlay-opacity":"","overlay-gradient":""}},"footnotes":""},"class_list":["post-2084","page","type-page","status-publish","has-post-thumbnail","hentry"],"yoast_head":"<!-- This site is optimized with the Yoast SEO plugin v27.5 - https:\/\/yoast.com\/product\/yoast-seo-wordpress\/ -->\n<title>MINAS GERAIS - Abc-latina<\/title>\n<meta name=\"description\" content=\"Visite et d\u00e9couverte de l&#039;\u00e9tat du Minas Gerais au Br\u00e9sil.\" \/>\n<meta name=\"robots\" content=\"index, follow, max-snippet:-1, max-image-preview:large, max-video-preview:-1\" \/>\n<link rel=\"canonical\" href=\"https:\/\/abc-latina.com\/bresil\/minas\/\" \/>\n<meta property=\"og:locale\" content=\"fr_FR\" \/>\n<meta property=\"og:type\" content=\"article\" \/>\n<meta property=\"og:title\" content=\"MINAS GERAIS - Abc-latina\" \/>\n<meta property=\"og:description\" content=\"Visite et d\u00e9couverte de l&#039;\u00e9tat du Minas Gerais au Br\u00e9sil.\" \/>\n<meta property=\"og:url\" content=\"https:\/\/abc-latina.com\/bresil\/minas\/\" \/>\n<meta property=\"og:site_name\" content=\"Abc-latina\" \/>\n<meta property=\"article:modified_time\" content=\"2026-04-30T16:24:51+00:00\" \/>\n<meta property=\"og:image\" content=\"https:\/\/abc-latina.com\/wp-content\/uploads\/2010\/06\/ouro_preto_3.jpg\" \/>\n\t<meta property=\"og:image:width\" content=\"590\" \/>\n\t<meta property=\"og:image:height\" content=\"393\" \/>\n\t<meta property=\"og:image:type\" content=\"image\/jpeg\" \/>\n<meta name=\"twitter:card\" content=\"summary_large_image\" \/>\n<meta name=\"twitter:label1\" content=\"Dur\u00e9e de lecture estim\u00e9e\" \/>\n\t<meta name=\"twitter:data1\" content=\"3 minutes\" \/>\n<script type=\"application\/ld+json\" class=\"yoast-schema-graph\">{\"@context\":\"https:\\\/\\\/schema.org\",\"@graph\":[{\"@type\":\"WebPage\",\"@id\":\"https:\\\/\\\/abc-latina.com\\\/bresil\\\/minas\\\/\",\"url\":\"https:\\\/\\\/abc-latina.com\\\/bresil\\\/minas\\\/\",\"name\":\"MINAS GERAIS - Abc-latina\",\"isPartOf\":{\"@id\":\"https:\\\/\\\/abc-latina.com\\\/#website\"},\"primaryImageOfPage\":{\"@id\":\"https:\\\/\\\/abc-latina.com\\\/bresil\\\/minas\\\/#primaryimage\"},\"image\":{\"@id\":\"https:\\\/\\\/abc-latina.com\\\/bresil\\\/minas\\\/#primaryimage\"},\"thumbnailUrl\":\"https:\\\/\\\/abc-latina.com\\\/wp-content\\\/uploads\\\/2010\\\/06\\\/ouro_preto_3.jpg\",\"datePublished\":\"2010-08-05T03:20:28+00:00\",\"dateModified\":\"2026-04-30T16:24:51+00:00\",\"description\":\"Visite et d\u00e9couverte de l'\u00e9tat du Minas Gerais au Br\u00e9sil.\",\"breadcrumb\":{\"@id\":\"https:\\\/\\\/abc-latina.com\\\/bresil\\\/minas\\\/#breadcrumb\"},\"inLanguage\":\"fr-FR\",\"potentialAction\":[{\"@type\":\"ReadAction\",\"target\":[\"https:\\\/\\\/abc-latina.com\\\/bresil\\\/minas\\\/\"]}]},{\"@type\":\"ImageObject\",\"inLanguage\":\"fr-FR\",\"@id\":\"https:\\\/\\\/abc-latina.com\\\/bresil\\\/minas\\\/#primaryimage\",\"url\":\"https:\\\/\\\/abc-latina.com\\\/wp-content\\\/uploads\\\/2010\\\/06\\\/ouro_preto_3.jpg\",\"contentUrl\":\"https:\\\/\\\/abc-latina.com\\\/wp-content\\\/uploads\\\/2010\\\/06\\\/ouro_preto_3.jpg\",\"width\":590,\"height\":393,\"caption\":\"OURO PRETO\"},{\"@type\":\"BreadcrumbList\",\"@id\":\"https:\\\/\\\/abc-latina.com\\\/bresil\\\/minas\\\/#breadcrumb\",\"itemListElement\":[{\"@type\":\"ListItem\",\"position\":1,\"name\":\"Accueil\",\"item\":\"https:\\\/\\\/abc-latina.com\\\/\"},{\"@type\":\"ListItem\",\"position\":2,\"name\":\"MINAS GERAIS\"}]},{\"@type\":\"WebSite\",\"@id\":\"https:\\\/\\\/abc-latina.com\\\/#website\",\"url\":\"https:\\\/\\\/abc-latina.com\\\/\",\"name\":\"Abc-latina\",\"description\":\"\",\"publisher\":{\"@id\":\"https:\\\/\\\/abc-latina.com\\\/#organization\"},\"potentialAction\":[{\"@type\":\"SearchAction\",\"target\":{\"@type\":\"EntryPoint\",\"urlTemplate\":\"https:\\\/\\\/abc-latina.com\\\/?s={search_term_string}\"},\"query-input\":{\"@type\":\"PropertyValueSpecification\",\"valueRequired\":true,\"valueName\":\"search_term_string\"}}],\"inLanguage\":\"fr-FR\"},{\"@type\":\"Organization\",\"@id\":\"https:\\\/\\\/abc-latina.com\\\/#organization\",\"name\":\"Abc-latina\",\"url\":\"https:\\\/\\\/abc-latina.com\\\/\",\"logo\":{\"@type\":\"ImageObject\",\"inLanguage\":\"fr-FR\",\"@id\":\"https:\\\/\\\/abc-latina.com\\\/#\\\/schema\\\/logo\\\/image\\\/\",\"url\":\"https:\\\/\\\/abc-latina.com\\\/wp-content\\\/uploads\\\/2026\\\/05\\\/cropped-logo.gif\",\"contentUrl\":\"https:\\\/\\\/abc-latina.com\\\/wp-content\\\/uploads\\\/2026\\\/05\\\/cropped-logo.gif\",\"width\":89,\"height\":84,\"caption\":\"Abc-latina\"},\"image\":{\"@id\":\"https:\\\/\\\/abc-latina.com\\\/#\\\/schema\\\/logo\\\/image\\\/\"}}]}<\/script>\n<!-- \/ Yoast SEO plugin. -->","yoast_head_json":{"title":"MINAS GERAIS - Abc-latina","description":"Visite et d\u00e9couverte de l'\u00e9tat du Minas Gerais au Br\u00e9sil.","robots":{"index":"index","follow":"follow","max-snippet":"max-snippet:-1","max-image-preview":"max-image-preview:large","max-video-preview":"max-video-preview:-1"},"canonical":"https:\/\/abc-latina.com\/bresil\/minas\/","og_locale":"fr_FR","og_type":"article","og_title":"MINAS GERAIS - Abc-latina","og_description":"Visite et d\u00e9couverte de l'\u00e9tat du Minas Gerais au Br\u00e9sil.","og_url":"https:\/\/abc-latina.com\/bresil\/minas\/","og_site_name":"Abc-latina","article_modified_time":"2026-04-30T16:24:51+00:00","og_image":[{"width":590,"height":393,"url":"https:\/\/abc-latina.com\/wp-content\/uploads\/2010\/06\/ouro_preto_3.jpg","type":"image\/jpeg"}],"twitter_card":"summary_large_image","twitter_misc":{"Dur\u00e9e de lecture estim\u00e9e":"3 minutes"},"schema":{"@context":"https:\/\/schema.org","@graph":[{"@type":"WebPage","@id":"https:\/\/abc-latina.com\/bresil\/minas\/","url":"https:\/\/abc-latina.com\/bresil\/minas\/","name":"MINAS GERAIS - Abc-latina","isPartOf":{"@id":"https:\/\/abc-latina.com\/#website"},"primaryImageOfPage":{"@id":"https:\/\/abc-latina.com\/bresil\/minas\/#primaryimage"},"image":{"@id":"https:\/\/abc-latina.com\/bresil\/minas\/#primaryimage"},"thumbnailUrl":"https:\/\/abc-latina.com\/wp-content\/uploads\/2010\/06\/ouro_preto_3.jpg","datePublished":"2010-08-05T03:20:28+00:00","dateModified":"2026-04-30T16:24:51+00:00","description":"Visite et d\u00e9couverte de l'\u00e9tat du Minas Gerais au Br\u00e9sil.","breadcrumb":{"@id":"https:\/\/abc-latina.com\/bresil\/minas\/#breadcrumb"},"inLanguage":"fr-FR","potentialAction":[{"@type":"ReadAction","target":["https:\/\/abc-latina.com\/bresil\/minas\/"]}]},{"@type":"ImageObject","inLanguage":"fr-FR","@id":"https:\/\/abc-latina.com\/bresil\/minas\/#primaryimage","url":"https:\/\/abc-latina.com\/wp-content\/uploads\/2010\/06\/ouro_preto_3.jpg","contentUrl":"https:\/\/abc-latina.com\/wp-content\/uploads\/2010\/06\/ouro_preto_3.jpg","width":590,"height":393,"caption":"OURO PRETO"},{"@type":"BreadcrumbList","@id":"https:\/\/abc-latina.com\/bresil\/minas\/#breadcrumb","itemListElement":[{"@type":"ListItem","position":1,"name":"Accueil","item":"https:\/\/abc-latina.com\/"},{"@type":"ListItem","position":2,"name":"MINAS GERAIS"}]},{"@type":"WebSite","@id":"https:\/\/abc-latina.com\/#website","url":"https:\/\/abc-latina.com\/","name":"Abc-latina","description":"","publisher":{"@id":"https:\/\/abc-latina.com\/#organization"},"potentialAction":[{"@type":"SearchAction","target":{"@type":"EntryPoint","urlTemplate":"https:\/\/abc-latina.com\/?s={search_term_string}"},"query-input":{"@type":"PropertyValueSpecification","valueRequired":true,"valueName":"search_term_string"}}],"inLanguage":"fr-FR"},{"@type":"Organization","@id":"https:\/\/abc-latina.com\/#organization","name":"Abc-latina","url":"https:\/\/abc-latina.com\/","logo":{"@type":"ImageObject","inLanguage":"fr-FR","@id":"https:\/\/abc-latina.com\/#\/schema\/logo\/image\/","url":"https:\/\/abc-latina.com\/wp-content\/uploads\/2026\/05\/cropped-logo.gif","contentUrl":"https:\/\/abc-latina.com\/wp-content\/uploads\/2026\/05\/cropped-logo.gif","width":89,"height":84,"caption":"Abc-latina"},"image":{"@id":"https:\/\/abc-latina.com\/#\/schema\/logo\/image\/"}}]}},"_links":{"self":[{"href":"https:\/\/abc-latina.com\/wp-json\/wp\/v2\/pages\/2084","targetHints":{"allow":["GET"]}}],"collection":[{"href":"https:\/\/abc-latina.com\/wp-json\/wp\/v2\/pages"}],"about":[{"href":"https:\/\/abc-latina.com\/wp-json\/wp\/v2\/types\/page"}],"author":[{"embeddable":true,"href":"https:\/\/abc-latina.com\/wp-json\/wp\/v2\/users\/3"}],"replies":[{"embeddable":true,"href":"https:\/\/abc-latina.com\/wp-json\/wp\/v2\/comments?post=2084"}],"version-history":[{"count":1,"href":"https:\/\/abc-latina.com\/wp-json\/wp\/v2\/pages\/2084\/revisions"}],"predecessor-version":[{"id":3192,"href":"https:\/\/abc-latina.com\/wp-json\/wp\/v2\/pages\/2084\/revisions\/3192"}],"up":[{"embeddable":true,"href":"https:\/\/abc-latina.com\/wp-json\/wp\/v2\/pages\/2297"}],"wp:featuredmedia":[{"embeddable":true,"href":"https:\/\/abc-latina.com\/wp-json\/wp\/v2\/media\/529"}],"wp:attachment":[{"href":"https:\/\/abc-latina.com\/wp-json\/wp\/v2\/media?parent=2084"}],"curies":[{"name":"wp","href":"https:\/\/api.w.org\/{rel}","templated":true}]}}