{"id":209,"date":"2010-06-04T01:26:40","date_gmt":"2010-06-03T23:26:40","guid":{"rendered":"http:\/\/abc-latina.com\/bahia-htm\/"},"modified":"2026-04-30T18:24:50","modified_gmt":"2026-04-30T16:24:50","slug":"bahia","status":"publish","type":"page","link":"https:\/\/abc-latina.com\/bresil\/bahia\/","title":{"rendered":"BAHIA"},"content":{"rendered":"<div><img loading=\"lazy\" decoding=\"async\" class=\" alignright size-full wp-image-208\" src=\"http:\/\/abc-latina.com\/wp-content\/uploads\/2010\/06\/bahia.jpg\" title=\"BAHIA\" alt=\"BAHIA\" width=\"220\" vspace=\"9\" hspace=\"15\" height=\"220\" align=\"right\" srcset=\"https:\/\/abc-latina.com\/wp-content\/uploads\/2010\/06\/bahia.jpg 220w, https:\/\/abc-latina.com\/wp-content\/uploads\/2010\/06\/bahia-150x150.jpg 150w\" sizes=\"auto, (max-width: 220px) 100vw, 220px\" \/>Dans l&rsquo;\u00e9tat de <span class=\"tourisme-chapitre\">Bahia<\/span>, plus que partout ailleurs au Br\u00e9sil, les cultures et les races se sont m\u00e9lang\u00e9es, donnant naissance \u00e0 l&rsquo;authentique \u00e2me br\u00e9silienne. Bahia abrite les plus vieilles \u00e9glises, les monuments coloniaux les plus importants.<\/div>\n<div><strong><a href=\"https:\/\/www.abc-latina.com\/bresil\/voyage\/salvador_de_bahia\">Salvador<\/a>&nbsp;<\/strong>est une ville o\u00f9 les sens sont sollicit\u00e9s en permanence: par la vue des \u00e9glises surcharg\u00e9es de dorures, le go\u00fbt exotique des boissons et des <a href=\"https:\/\/www.abc-latina.com\/bresil\/cuisine\">plats traditionnels<\/a>, l&rsquo;odeur des \u00e9pices et des aromates, les cris des vendeurs et surtout, le rythme caract\u00e9ristique de la musique bahianaise. La <a href=\"https:\/\/www.abc-latina.com\/bresil\/musique\">musique<\/a> et la religion sont aussi importantes pour le Bahianais que le boire et le manger, son apog\u00e9e \u00e9tant le carnaval. Officiellement, le carnaval dure quatre jours, mais \u00e0 Salvador, il se pr\u00e9pare pendant tout l&rsquo;\u00e9t\u00e9. Les clubs organisent des bals de pr\u00e9 carnaval, et le week-end, les rues se remplissent de danseurs qui s&rsquo;entra\u00eenent pour le grand jour. Le carnaval de Salvador ne ressemble en rien \u00e0 la f\u00eate organis\u00e9e de Rio ou S\u00e3o Paulo. A Salvador, le carnaval c&rsquo;est la f\u00eate \u00e0 l&rsquo;\u00e9tat pur. Hormis le carnaval, Salvador conna\u00eet de nombreuses autres c\u00e9l\u00e9brations religieuses ou para religieuses (une par mois au moins).<\/div>\n<div>&nbsp;<\/div>\n<div><a href=\"https:\/\/www.abc-latina.com\/bresil\/voyage\/salvador_de_bahia\">Salvador<\/a> fut fond\u00e9e quelque trente ans apr\u00e8s la d\u00e9couverte du Br\u00e9sil (en 1530). C&rsquo;est en 1549 que Salvador devint la capitale du Br\u00e9sil. Depuis cette \u00e9poque Salvador a perdu de son importance politique et \u00e9conomique, mais elle est devenue c\u00e9l\u00e8bre en se qualit\u00e9 de centre de la culture br\u00e9silienne.&nbsp;<\/div>\n<div>Avec pr\u00e8s de deux millions d&rsquo;habitants, elle est aujourd&rsquo;hui la quatri\u00e8me ville du Br\u00e9sil.<\/div>\n<div>Les rues de Salvador permettent de longer le front de mer, depuis Barra, pr\u00e8s du centre jusqu&rsquo;aux plages du nord de la ville, consid\u00e9r\u00e9es comme les plus belles de tout le Br\u00e9sil.<\/div>\n<div>Dans les environs, l&rsquo;Ilha de Itaparica est une \u00eele superbe de la Baia de Todos os santos. Cette v\u00e9ritable merveille tropicale fait \u00e0 peine 36 km de long sur pr\u00e8s de 20 km de large. Ses 20.000 habitants sont pour la plupart des p\u00eacheurs ou de riches vacanciers.<\/div>\n<div><a href=\"tour_operateur\" target=\"_blank\"><img loading=\"lazy\" decoding=\"async\" class=\" size-full wp-image-41\" src=\"http:\/\/abc-latina.com\/wp-content\/uploads\/2010\/04\/timbre_to.gif\" class=\"touroperateur\" alt=\"\" width=\"125\" height=\"90\" \/><\/a>L&rsquo;Estrada de Coco, la route des cocotiers, m\u00e8ne vers le nord et la plage de Salvador la plus \u00e9loign\u00e9e du centre, Itapu\u00e3. Cette route longe ensuite les superbes plages de Jaua, Arembepe, Jucu\u00edpe, Aba\u00ed et Itacimirim, et se prolonge encore pendant 80 km avant d&rsquo;arriver \u00e0 l&rsquo;un des plus beaux endroits de Bahia, Praia do Forte.&nbsp;<\/div>\n<div>L\u00e0, cent mille cocotiers bordent une plage de sable blanc, de 12 km, prot\u00e9g\u00e9e du tourisme et des atteintes \u00e0 l&rsquo;environnement par une fondation priv\u00e9e.&nbsp;<\/div>\n<div>&nbsp;<\/div>\n<div>La route qui m\u00e8ne de Salvador vers l&rsquo;\u00e9tat d&rsquo;Espirito Santo,au sud, traverse la ville de Valen\u00e7a, vieille de quatre si\u00e8cles. On y trouve la premi\u00e8re manufacture de textile du Br\u00e9sil.<\/div>\n<div>L&rsquo;une des plus belles plages de la r\u00e9gion, Guaibim, se trouve \u00e0 une quinzaine de kilom\u00e8tres de Valen\u00e7a. Elle abrite de tr\u00e8s bon restaurants de fruits de mer et des bars agr\u00e9ables.<\/div>\n<div><a href=\"https:\/\/www.abc-latina.com\/bresil\/voyage\/ilheus\">Ilh\u00e9us<\/a>, capitale du cacao fond\u00e9e en 1534, est une ville moderne qui a su pr\u00e9server les tr\u00e9sors de son pass\u00e9. Les plages y sont nombreuses, et le carnaval est l&rsquo;un des plus anim\u00e9s de Bahia.<\/div>\n<div>C&rsquo;est \u00e0 <a href=\"https:\/\/www.abc-latina.com\/bresil\/voyage\/porto_seguro\">P\u00f4rto Seguro<\/a>, sur la c\u00f4te m\u00e9ridionale , que l&rsquo;explorateur portugais Pedro Alvarez Cabral a tout d&rsquo;abord accost\u00e9 le 22 avril 1500. Cette ville de 5.000 habitants a r\u00e9sist\u00e9 \u00e0 la marche du temps et a conserver son atmosph\u00e8re coloniale.&nbsp;<\/div>\n<div>&nbsp;<\/div>\n<div>A 200 km des c\u00f4tes, vers l&rsquo;int\u00e9rieur, s&rsquo;\u00e9tend le r\u00e9gion aride du Nordeste, appel\u00e9e sert\u00e3o. De longues p\u00e9riode de s\u00e9cheresse poussent r\u00e9guli\u00e8rement les paysans du sert\u00e3o vers les villes de la c\u00f4te \u00e0 la recherche de travail. Lorsque revient la pluie, ils retournent chez eux.&nbsp;<\/div>\n<div>Le meilleur point de d\u00e9part pour visiter le sert\u00e3o est le Rec\u00f4ncavo da Bahia il s&rsquo;agit de l&rsquo;un des centres \u00e9conomiques et agricoles les plus importants de Bahia. A quelques kilom\u00e8tres seulement commence le sert\u00e3o, une r\u00e9gion aride \u00e0 la v\u00e9g\u00e9tation pauvre et \u00e0 la chaleur \u00e9touffante.<\/div>\n<div>Le sert\u00e3o a \u00e9galement sa musique, bien diff\u00e9rente de la samba ou de la bossa nova.<\/div>\n<div>La r\u00e9gion connue sous le nom de <a href=\"https:\/\/www.abc-latina.com\/bresil\/voyage\/chapada_diamantina\">Chapada Diamantina<\/a> est l&rsquo;une des plus belles de Bahia. De nombreuses sources de montagne luttent efficacement contre la s\u00e9cheresse et permettent \u00e0 une v\u00e9g\u00e9tation luxuriante de pousser.&nbsp;<\/div>\n<div>En chemin, on rencontre de nombreuse grottes qu&rsquo;il est possible de visiter. Une chute d&rsquo;eau, la chute de verre qui s&rsquo;\u00e9coule d&rsquo;une hauteur de 400m . Le sommet du Morro do Pai In\u00e1cio, recouvert d&rsquo;une multitude de plantes exotiques, permet de d\u00e9couvrir un somptueux panorama sur l&rsquo;ensemble de la Chapada.<\/div>\n<p>&nbsp;<a target=\"_blank\" href=\"http:\/\/voyage.abc-latina.com\/voyage_bresil\/bresil.php\"><span class=\"sejour-circuit\"><br \/><\/span><\/a><\/p>\n<h3>Pr\u00e9parez votre voyage \u00e0 Bahia:<\/h3>\n<div><a href=\"https:\/\/www.abc-latina.com\/bresil\/agence_de_voyages\">Agences de voyage g\u00e9n\u00e9ralistes et discounteurs<\/a><\/div>\n<div><a href=\"https:\/\/www.abc-latina.com\/bresil\/tour_operateur\">Tours Op\u00e9rateurs sp\u00e9cialistes du Br\u00e9sil<\/a><\/div>\n<div><a target=\"_blank\" href=\"https:\/\/www.abc-latina.com\/to\/reservation_billet_avion\">R\u00e9servez votre billet d&rsquo;avion<\/a><\/div>\n<div><a href=\"https:\/\/www.abc-latina.com\/bresil\/hotels\">R\u00e9servez votre h\u00f4tel<\/a>&nbsp;<\/div>\n<div><a target=\"_blank\" href=\"https:\/\/www.abc-latina.com\/to\/location_de_voiture_bresil\">Location de voiture<\/a><\/div>\n<div>&nbsp;<\/div>\n<div id=\"cont_315e69d87a858039578d6c9882124bb6\"><span id=\"h_315e69d87a858039578d6c9882124bb6\"><a style=\"color:#808080;font-family:2;font-size:14px;\" target=\"_blank\" href=\"http:\/\/www.tameteo.com\/\" id=\"a_315e69d87a858039578d6c9882124bb6\">Meteo<\/a> Salvador<\/span><script type=\"text\/javascript\" src=\"http:\/\/www.tameteo.com\/wid_loader\/315e69d87a858039578d6c9882124bb6\"><\/script><\/div>\n<p>&nbsp;<\/p>\n","protected":false},"excerpt":{"rendered":"<p>Dans l&rsquo;\u00e9tat de Bahia, plus que partout ailleurs au Br\u00e9sil, les cultures et les races se sont m\u00e9lang\u00e9es, donnant naissance [&hellip;]<\/p>\n","protected":false},"author":3,"featured_media":208,"parent":2297,"menu_order":0,"comment_status":"closed","ping_status":"closed","template":"","meta":{"site-sidebar-layout":"default","site-content-layout":"","ast-site-content-layout":"default","site-content-style":"default","site-sidebar-style":"default","ast-global-header-display":"","ast-banner-title-visibility":"","ast-main-header-display":"","ast-hfb-above-header-display":"","ast-hfb-below-header-display":"","ast-hfb-mobile-header-display":"","site-post-title":"","ast-breadcrumbs-content":"","ast-featured-img":"","footer-sml-layout":"","ast-disable-related-posts":"","theme-transparent-header-meta":"","adv-header-id-meta":"","stick-header-meta":"","header-above-stick-meta":"","header-main-stick-meta":"","header-below-stick-meta":"","astra-migrate-meta-layouts":"default","ast-page-background-enabled":"default","ast-page-background-meta":{"desktop":{"background-color":"var(--ast-global-color-5)","background-image":"","background-repeat":"repeat","background-position":"center center","background-size":"auto","background-attachment":"scroll","background-type":"","background-media":"","overlay-type":"","overlay-color":"","overlay-opacity":"","overlay-gradient":""},"tablet":{"background-color":"","background-image":"","background-repeat":"repeat","background-position":"center center","background-size":"auto","background-attachment":"scroll","background-type":"","background-media":"","overlay-type":"","overlay-color":"","overlay-opacity":"","overlay-gradient":""},"mobile":{"background-color":"","background-image":"","background-repeat":"repeat","background-position":"center center","background-size":"auto","background-attachment":"scroll","background-type":"","background-media":"","overlay-type":"","overlay-color":"","overlay-opacity":"","overlay-gradient":""}},"ast-content-background-meta":{"desktop":{"background-color":"var(--ast-global-color-4)","background-image":"","background-repeat":"repeat","background-position":"center center","background-size":"auto","background-attachment":"scroll","background-type":"","background-media":"","overlay-type":"","overlay-color":"","overlay-opacity":"","overlay-gradient":""},"tablet":{"background-color":"var(--ast-global-color-4)","background-image":"","background-repeat":"repeat","background-position":"center center","background-size":"auto","background-attachment":"scroll","background-type":"","background-media":"","overlay-type":"","overlay-color":"","overlay-opacity":"","overlay-gradient":""},"mobile":{"background-color":"var(--ast-global-color-4)","background-image":"","background-repeat":"repeat","background-position":"center center","background-size":"auto","background-attachment":"scroll","background-type":"","background-media":"","overlay-type":"","overlay-color":"","overlay-opacity":"","overlay-gradient":""}},"footnotes":""},"class_list":["post-209","page","type-page","status-publish","has-post-thumbnail","hentry"],"yoast_head":"<!-- This site is optimized with the Yoast SEO plugin v27.5 - https:\/\/yoast.com\/product\/yoast-seo-wordpress\/ -->\n<title>BAHIA - Abc-latina<\/title>\n<meta name=\"description\" content=\"A Bahia, les cultures et les races se sont m\u00e9lang\u00e9es, donnant naissance \u00e0 l&#039;authentique \u00e2me br\u00e9silienne.\" \/>\n<meta name=\"robots\" content=\"index, follow, max-snippet:-1, max-image-preview:large, max-video-preview:-1\" \/>\n<link rel=\"canonical\" href=\"https:\/\/abc-latina.com\/bresil\/bahia\/\" \/>\n<meta property=\"og:locale\" content=\"fr_FR\" \/>\n<meta property=\"og:type\" content=\"article\" \/>\n<meta property=\"og:title\" content=\"BAHIA - Abc-latina\" \/>\n<meta property=\"og:description\" content=\"A Bahia, les cultures et les races se sont m\u00e9lang\u00e9es, donnant naissance \u00e0 l&#039;authentique \u00e2me br\u00e9silienne.\" \/>\n<meta property=\"og:url\" content=\"https:\/\/abc-latina.com\/bresil\/bahia\/\" \/>\n<meta property=\"og:site_name\" content=\"Abc-latina\" \/>\n<meta property=\"article:modified_time\" content=\"2026-04-30T16:24:50+00:00\" \/>\n<meta property=\"og:image\" content=\"https:\/\/abc-latina.com\/wp-content\/uploads\/2010\/06\/bahia.jpg\" \/>\n\t<meta property=\"og:image:width\" content=\"220\" \/>\n\t<meta property=\"og:image:height\" content=\"220\" \/>\n\t<meta property=\"og:image:type\" content=\"image\/jpeg\" \/>\n<meta name=\"twitter:card\" content=\"summary_large_image\" \/>\n<meta name=\"twitter:label1\" content=\"Dur\u00e9e de lecture estim\u00e9e\" \/>\n\t<meta name=\"twitter:data1\" content=\"4 minutes\" \/>\n<script type=\"application\/ld+json\" class=\"yoast-schema-graph\">{\"@context\":\"https:\\\/\\\/schema.org\",\"@graph\":[{\"@type\":\"WebPage\",\"@id\":\"https:\\\/\\\/abc-latina.com\\\/bresil\\\/bahia\\\/\",\"url\":\"https:\\\/\\\/abc-latina.com\\\/bresil\\\/bahia\\\/\",\"name\":\"BAHIA - Abc-latina\",\"isPartOf\":{\"@id\":\"https:\\\/\\\/abc-latina.com\\\/#website\"},\"primaryImageOfPage\":{\"@id\":\"https:\\\/\\\/abc-latina.com\\\/bresil\\\/bahia\\\/#primaryimage\"},\"image\":{\"@id\":\"https:\\\/\\\/abc-latina.com\\\/bresil\\\/bahia\\\/#primaryimage\"},\"thumbnailUrl\":\"https:\\\/\\\/abc-latina.com\\\/wp-content\\\/uploads\\\/2010\\\/06\\\/bahia.jpg\",\"datePublished\":\"2010-06-03T23:26:40+00:00\",\"dateModified\":\"2026-04-30T16:24:50+00:00\",\"description\":\"A Bahia, les cultures et les races se sont m\u00e9lang\u00e9es, donnant naissance \u00e0 l'authentique \u00e2me br\u00e9silienne.\",\"breadcrumb\":{\"@id\":\"https:\\\/\\\/abc-latina.com\\\/bresil\\\/bahia\\\/#breadcrumb\"},\"inLanguage\":\"fr-FR\",\"potentialAction\":[{\"@type\":\"ReadAction\",\"target\":[\"https:\\\/\\\/abc-latina.com\\\/bresil\\\/bahia\\\/\"]}]},{\"@type\":\"ImageObject\",\"inLanguage\":\"fr-FR\",\"@id\":\"https:\\\/\\\/abc-latina.com\\\/bresil\\\/bahia\\\/#primaryimage\",\"url\":\"https:\\\/\\\/abc-latina.com\\\/wp-content\\\/uploads\\\/2010\\\/06\\\/bahia.jpg\",\"contentUrl\":\"https:\\\/\\\/abc-latina.com\\\/wp-content\\\/uploads\\\/2010\\\/06\\\/bahia.jpg\",\"width\":220,\"height\":220,\"caption\":\"BAHIA\"},{\"@type\":\"BreadcrumbList\",\"@id\":\"https:\\\/\\\/abc-latina.com\\\/bresil\\\/bahia\\\/#breadcrumb\",\"itemListElement\":[{\"@type\":\"ListItem\",\"position\":1,\"name\":\"Accueil\",\"item\":\"https:\\\/\\\/abc-latina.com\\\/\"},{\"@type\":\"ListItem\",\"position\":2,\"name\":\"BAHIA\"}]},{\"@type\":\"WebSite\",\"@id\":\"https:\\\/\\\/abc-latina.com\\\/#website\",\"url\":\"https:\\\/\\\/abc-latina.com\\\/\",\"name\":\"Abc-latina\",\"description\":\"\",\"publisher\":{\"@id\":\"https:\\\/\\\/abc-latina.com\\\/#organization\"},\"potentialAction\":[{\"@type\":\"SearchAction\",\"target\":{\"@type\":\"EntryPoint\",\"urlTemplate\":\"https:\\\/\\\/abc-latina.com\\\/?s={search_term_string}\"},\"query-input\":{\"@type\":\"PropertyValueSpecification\",\"valueRequired\":true,\"valueName\":\"search_term_string\"}}],\"inLanguage\":\"fr-FR\"},{\"@type\":\"Organization\",\"@id\":\"https:\\\/\\\/abc-latina.com\\\/#organization\",\"name\":\"Abc-latina\",\"url\":\"https:\\\/\\\/abc-latina.com\\\/\",\"logo\":{\"@type\":\"ImageObject\",\"inLanguage\":\"fr-FR\",\"@id\":\"https:\\\/\\\/abc-latina.com\\\/#\\\/schema\\\/logo\\\/image\\\/\",\"url\":\"https:\\\/\\\/abc-latina.com\\\/wp-content\\\/uploads\\\/2026\\\/05\\\/cropped-logo.gif\",\"contentUrl\":\"https:\\\/\\\/abc-latina.com\\\/wp-content\\\/uploads\\\/2026\\\/05\\\/cropped-logo.gif\",\"width\":89,\"height\":84,\"caption\":\"Abc-latina\"},\"image\":{\"@id\":\"https:\\\/\\\/abc-latina.com\\\/#\\\/schema\\\/logo\\\/image\\\/\"}}]}<\/script>\n<!-- \/ Yoast SEO plugin. -->","yoast_head_json":{"title":"BAHIA - Abc-latina","description":"A Bahia, les cultures et les races se sont m\u00e9lang\u00e9es, donnant naissance \u00e0 l'authentique \u00e2me br\u00e9silienne.","robots":{"index":"index","follow":"follow","max-snippet":"max-snippet:-1","max-image-preview":"max-image-preview:large","max-video-preview":"max-video-preview:-1"},"canonical":"https:\/\/abc-latina.com\/bresil\/bahia\/","og_locale":"fr_FR","og_type":"article","og_title":"BAHIA - Abc-latina","og_description":"A Bahia, les cultures et les races se sont m\u00e9lang\u00e9es, donnant naissance \u00e0 l'authentique \u00e2me br\u00e9silienne.","og_url":"https:\/\/abc-latina.com\/bresil\/bahia\/","og_site_name":"Abc-latina","article_modified_time":"2026-04-30T16:24:50+00:00","og_image":[{"width":220,"height":220,"url":"https:\/\/abc-latina.com\/wp-content\/uploads\/2010\/06\/bahia.jpg","type":"image\/jpeg"}],"twitter_card":"summary_large_image","twitter_misc":{"Dur\u00e9e de lecture estim\u00e9e":"4 minutes"},"schema":{"@context":"https:\/\/schema.org","@graph":[{"@type":"WebPage","@id":"https:\/\/abc-latina.com\/bresil\/bahia\/","url":"https:\/\/abc-latina.com\/bresil\/bahia\/","name":"BAHIA - Abc-latina","isPartOf":{"@id":"https:\/\/abc-latina.com\/#website"},"primaryImageOfPage":{"@id":"https:\/\/abc-latina.com\/bresil\/bahia\/#primaryimage"},"image":{"@id":"https:\/\/abc-latina.com\/bresil\/bahia\/#primaryimage"},"thumbnailUrl":"https:\/\/abc-latina.com\/wp-content\/uploads\/2010\/06\/bahia.jpg","datePublished":"2010-06-03T23:26:40+00:00","dateModified":"2026-04-30T16:24:50+00:00","description":"A Bahia, les cultures et les races se sont m\u00e9lang\u00e9es, donnant naissance \u00e0 l'authentique \u00e2me br\u00e9silienne.","breadcrumb":{"@id":"https:\/\/abc-latina.com\/bresil\/bahia\/#breadcrumb"},"inLanguage":"fr-FR","potentialAction":[{"@type":"ReadAction","target":["https:\/\/abc-latina.com\/bresil\/bahia\/"]}]},{"@type":"ImageObject","inLanguage":"fr-FR","@id":"https:\/\/abc-latina.com\/bresil\/bahia\/#primaryimage","url":"https:\/\/abc-latina.com\/wp-content\/uploads\/2010\/06\/bahia.jpg","contentUrl":"https:\/\/abc-latina.com\/wp-content\/uploads\/2010\/06\/bahia.jpg","width":220,"height":220,"caption":"BAHIA"},{"@type":"BreadcrumbList","@id":"https:\/\/abc-latina.com\/bresil\/bahia\/#breadcrumb","itemListElement":[{"@type":"ListItem","position":1,"name":"Accueil","item":"https:\/\/abc-latina.com\/"},{"@type":"ListItem","position":2,"name":"BAHIA"}]},{"@type":"WebSite","@id":"https:\/\/abc-latina.com\/#website","url":"https:\/\/abc-latina.com\/","name":"Abc-latina","description":"","publisher":{"@id":"https:\/\/abc-latina.com\/#organization"},"potentialAction":[{"@type":"SearchAction","target":{"@type":"EntryPoint","urlTemplate":"https:\/\/abc-latina.com\/?s={search_term_string}"},"query-input":{"@type":"PropertyValueSpecification","valueRequired":true,"valueName":"search_term_string"}}],"inLanguage":"fr-FR"},{"@type":"Organization","@id":"https:\/\/abc-latina.com\/#organization","name":"Abc-latina","url":"https:\/\/abc-latina.com\/","logo":{"@type":"ImageObject","inLanguage":"fr-FR","@id":"https:\/\/abc-latina.com\/#\/schema\/logo\/image\/","url":"https:\/\/abc-latina.com\/wp-content\/uploads\/2026\/05\/cropped-logo.gif","contentUrl":"https:\/\/abc-latina.com\/wp-content\/uploads\/2026\/05\/cropped-logo.gif","width":89,"height":84,"caption":"Abc-latina"},"image":{"@id":"https:\/\/abc-latina.com\/#\/schema\/logo\/image\/"}}]}},"_links":{"self":[{"href":"https:\/\/abc-latina.com\/wp-json\/wp\/v2\/pages\/209","targetHints":{"allow":["GET"]}}],"collection":[{"href":"https:\/\/abc-latina.com\/wp-json\/wp\/v2\/pages"}],"about":[{"href":"https:\/\/abc-latina.com\/wp-json\/wp\/v2\/types\/page"}],"author":[{"embeddable":true,"href":"https:\/\/abc-latina.com\/wp-json\/wp\/v2\/users\/3"}],"replies":[{"embeddable":true,"href":"https:\/\/abc-latina.com\/wp-json\/wp\/v2\/comments?post=209"}],"version-history":[{"count":1,"href":"https:\/\/abc-latina.com\/wp-json\/wp\/v2\/pages\/209\/revisions"}],"predecessor-version":[{"id":3160,"href":"https:\/\/abc-latina.com\/wp-json\/wp\/v2\/pages\/209\/revisions\/3160"}],"up":[{"embeddable":true,"href":"https:\/\/abc-latina.com\/wp-json\/wp\/v2\/pages\/2297"}],"wp:featuredmedia":[{"embeddable":true,"href":"https:\/\/abc-latina.com\/wp-json\/wp\/v2\/media\/208"}],"wp:attachment":[{"href":"https:\/\/abc-latina.com\/wp-json\/wp\/v2\/media?parent=209"}],"curies":[{"name":"wp","href":"https:\/\/api.w.org\/{rel}","templated":true}]}}