{"id":2090,"date":"2010-08-05T05:28:43","date_gmt":"2010-08-05T03:28:43","guid":{"rendered":"http:\/\/abc-latina.com\/ouest-htm\/"},"modified":"2026-04-30T18:24:51","modified_gmt":"2026-04-30T16:24:51","slug":"ouest","status":"publish","type":"page","link":"https:\/\/abc-latina.com\/bresil\/ouest\/","title":{"rendered":"L&rsquo;OUEST du BRESIL"},"content":{"rendered":"<div>Les \u00e9tats de l&rsquo;ouest s&rsquo;\u00e9tendent sur un immense plateau qui fait environ trois fois la France. Les \u00e9tats du Mato Grosso, du Mato Grosso do Sul et de Rond\u00f4nia repr\u00e9sente toujours le mythe de la Fronti\u00e8re ultime, l\u00e0 o\u00f9 les immenses richesses des territoires vierges attendent les forts et les courageux.&nbsp;<\/div>\n<div>La r\u00e9alit\u00e9 est bien diff\u00e9rente, nombreux sont ceux qui abandonnent leurs illusions et retournent vers les bidonvilles vaincus par la Malaria et les difficult\u00e9s.<\/div>\n<div>La r\u00e9gion a toujours \u00e9t\u00e9 habit\u00e9e, la for\u00eat \u00e9tait peupl\u00e9e de tribus indiennes souvent hostiles. Aujourd&rsquo;hui, les tribus du Mato Grosso et de Rond\u00f4nia regroupent la plus grande partie des Indiens survivants au Br\u00e9sil.&nbsp;<\/div>\n<div>&nbsp;<\/div>\n<div><strong><a href=\"https:\/\/www.abc-latina.com\/bresil\/cuiaba.php\">Cuiab\u00e1<\/a><\/strong>, fond\u00e9e en 1719 par un groupe de bandeirantes de S\u00e3o Paulo fut la premi\u00e8re colonie portugaise des r\u00e9gions de l&rsquo;ouest, faisant de Cuiab\u00e1 la 3 \u00e9me grande ville du Br\u00e9sil. Il y a un si\u00e8cle, Cuiab\u00e1 devint c\u00e9l\u00e8bre en vendant des plumes d&rsquo;oiseaux exotiques aux grands couturiers parisiens. Aujourd&rsquo;hui elle compte 285.000 habitants.<\/div>\n<div>Apr\u00e8s l&rsquo;\u00e9touffante chaleur des plaines, vous retrouverez la fra\u00eecheur dans la <strong><a href=\"https:\/\/www.abc-latina.com\/bresil\/voyage\/chapada_dos_guimaraes\">Chapada dos Guimar\u00e3es<\/a><\/strong>, une \u00e9minence rocheuse situ\u00e9e \u00e0 une soixantaine de kilom\u00e8tres de Cuiab\u00e1. A 800m d&rsquo;altitude, elle surplombe le Pantanal et la vall\u00e9e du fleuve Paraguay. Ce magnifique site naturel abrite des formations rocheuses, des grottes et de nombreuses cascades.&nbsp;<\/div>\n<div>Tout comme l&rsquo;\u00e9tat de Rond\u00f4nia dont elle est la capitale, P\u00f4rto Velho a grandi trop vite. Dans les ann\u00e9es 50, la population du Rond\u00f4nia \u00e9tait de 37.000 habitants, pour la plupart des survivants de la grande \u00e9poque du caoutchouc. En 1987, l&rsquo;\u00e9tat comptait pr\u00e8s d&rsquo;un million de r\u00e9sidents, attir\u00e9s par les programmes de colonisation qui allouaient des parcelles de terre fertile pour la culture du caf\u00e9 et du cacao.&nbsp;<\/div>\n<div>&nbsp;<\/div>\n<div><a href=\"tour_operateur\" target=\"_blank\"><img loading=\"lazy\" decoding=\"async\" class=\" size-full wp-image-41\" alt=\"\" class=\"touroperateur\" src=\"http:\/\/abc-latina.com\/wp-content\/uploads\/2010\/04\/timbre_to.gif\" width=\"125\" height=\"90\" \/><\/a>Au sud-est du Mato Grosso, le <strong><a href=\"https:\/\/www.abc-latina.com\/bresil\/voyage\/pantanal\">Pantanal<\/a><\/strong> est constitu\u00e9 de 230.000 km&sup2; de terres plates (ce qui repr\u00e9sente la moiti\u00e9 de la France environ), inond\u00e9es tous les ans par deux \u00e0 trois m\u00e8tres d&rsquo;eau durant les p\u00e9riodes de crues du fleuve Rio Paraguay et de ses affluents. A l&rsquo;automne, lorsque les eaux quittent la plaine, la nature explose en reprenant ses droits.<\/div>\n<div>Seule l&rsquo;Afrique conna\u00eet une densit\u00e9 de vie tropicale similaire. Ces immenses terres mar\u00e9cageuses forment une des plus vastes r\u00e9serves naturelles d&rsquo;animaux du monde. Les cigognes, les aigrettes, les ibis, les flamants roses, les autruches et les jabirus \u00e0 col rouge se m\u00ealent librement aux alligators, aux buffles, aux z\u00e8bres, aux singes, et aux serpents.<\/div>\n<div>Le nord du Pantanal est accessible en voiture ou en avion \u00e0 partir de Cuiab\u00e1. L\u00e0, les visiteurs devront contacter une agence de voyages qui leur fournira un guide, un moyen de transport et un h\u00e9bergement.<\/div>\n<div>Santo Ant\u00f4nio de Leverger marque la fin des mar\u00e9cages, cette tranquille petite ville est le point de d\u00e9part pour un circuit complet d&rsquo;une ou deux semaines en bateau. Non loin se trouve Baia Chacoror\u00e9, o\u00f9 un lac immense et peu profond abrite une population d&rsquo;alligators, d&rsquo;\u00e9chassiers et de gros mammif\u00e8res.<\/div>\n<div>Si vous n&rsquo;\u00eates pas press\u00e9, prenez le train \u00e0 <strong><a href=\"https:\/\/www.abc-latina.com\/bresil\/sao-paulo\">S\u00e3o Paulo<\/a><\/strong> pour Bauru, attrapez la correspondance pour Corumb\u00e1, o\u00f9 vous arriverez 27 heures plus tard environ, apr\u00e8s avoir travers\u00e9 une grande partie du Pantanal.<\/div>\n<div>Campo Grande, la capitale du Mato Grosso do Sul fut fond\u00e9e en 1889 et a toujours gard\u00e9 son aspect primitif.&nbsp;<\/div>\n<div>Corumb\u00e1, sur la fronti\u00e8re bolivienne fut fond\u00e9e en 1778, cette petite ville de 100.000 habitants est aujourd&rsquo;hui la v\u00e9ritable capitale du Pantanal et est surtout connue des grands trafiquants de drogue internationaux.&nbsp;<\/div>\n<div>Des circuits et des excursions sur les rivi\u00e8res environnantes sont organis\u00e9s au d\u00e9part du port.<\/div>\n<div>l&rsquo;Ilha do Bananal, la plus grande \u00eele fluviale du monde (pr\u00e8s de 20.000 km&sup2;) situ\u00e9e sur l&rsquo;Araguaia, long de 2.600 km. C&rsquo;est sur cette superbe \u00eele que se sont r\u00e9fugi\u00e9s une centaine d&rsquo;Indiens Caraj\u00e1s et Java\u00e9s.<\/div>\n<h3>Pr\u00e9parez votre voyage dans les Etats de l&rsquo;Ouest :<\/h3>\n<div><a href=\"https:\/\/www.abc-latina.com\/bresil\/agence_de_voyages\">Agences de voyage g\u00e9n\u00e9ralistes et discounteurs<\/a><\/div>\n<div><a href=\"https:\/\/www.abc-latina.com\/bresil\/tour_operateur\">Tours Op\u00e9rateurs sp\u00e9cialistes du Br\u00e9sil<\/a><\/div>\n<div><a href=\"https:\/\/www.abc-latina.com\/to\/reservation_billet_avion\" target=\"_blank\">R\u00e9servez votre billet d&rsquo;avion<\/a><\/div>\n<div><a href=\"https:\/\/www.abc-latina.com\/bresil\/hotels\">R\u00e9servez votre h\u00f4tel<\/a>&nbsp;<\/div>\n<div><a href=\"https:\/\/www.abc-latina.com\/to\/location_de_voiture_bresil\" target=\"_blank\">Location de voiture<\/a><\/div>\n","protected":false},"excerpt":{"rendered":"<p>Les \u00e9tats de l&rsquo;ouest s&rsquo;\u00e9tendent sur un immense plateau qui fait environ trois fois la France. Les \u00e9tats du Mato [&hellip;]<\/p>\n","protected":false},"author":3,"featured_media":41,"parent":2297,"menu_order":0,"comment_status":"closed","ping_status":"closed","template":"","meta":{"site-sidebar-layout":"default","site-content-layout":"","ast-site-content-layout":"default","site-content-style":"default","site-sidebar-style":"default","ast-global-header-display":"","ast-banner-title-visibility":"","ast-main-header-display":"","ast-hfb-above-header-display":"","ast-hfb-below-header-display":"","ast-hfb-mobile-header-display":"","site-post-title":"","ast-breadcrumbs-content":"","ast-featured-img":"","footer-sml-layout":"","ast-disable-related-posts":"","theme-transparent-header-meta":"","adv-header-id-meta":"","stick-header-meta":"","header-above-stick-meta":"","header-main-stick-meta":"","header-below-stick-meta":"","astra-migrate-meta-layouts":"default","ast-page-background-enabled":"default","ast-page-background-meta":{"desktop":{"background-color":"var(--ast-global-color-5)","background-image":"","background-repeat":"repeat","background-position":"center center","background-size":"auto","background-attachment":"scroll","background-type":"","background-media":"","overlay-type":"","overlay-color":"","overlay-opacity":"","overlay-gradient":""},"tablet":{"background-color":"","background-image":"","background-repeat":"repeat","background-position":"center center","background-size":"auto","background-attachment":"scroll","background-type":"","background-media":"","overlay-type":"","overlay-color":"","overlay-opacity":"","overlay-gradient":""},"mobile":{"background-color":"","background-image":"","background-repeat":"repeat","background-position":"center center","background-size":"auto","background-attachment":"scroll","background-type":"","background-media":"","overlay-type":"","overlay-color":"","overlay-opacity":"","overlay-gradient":""}},"ast-content-background-meta":{"desktop":{"background-color":"var(--ast-global-color-4)","background-image":"","background-repeat":"repeat","background-position":"center center","background-size":"auto","background-attachment":"scroll","background-type":"","background-media":"","overlay-type":"","overlay-color":"","overlay-opacity":"","overlay-gradient":""},"tablet":{"background-color":"var(--ast-global-color-4)","background-image":"","background-repeat":"repeat","background-position":"center center","background-size":"auto","background-attachment":"scroll","background-type":"","background-media":"","overlay-type":"","overlay-color":"","overlay-opacity":"","overlay-gradient":""},"mobile":{"background-color":"var(--ast-global-color-4)","background-image":"","background-repeat":"repeat","background-position":"center center","background-size":"auto","background-attachment":"scroll","background-type":"","background-media":"","overlay-type":"","overlay-color":"","overlay-opacity":"","overlay-gradient":""}},"footnotes":""},"class_list":["post-2090","page","type-page","status-publish","has-post-thumbnail","hentry"],"yoast_head":"<!-- This site is optimized with the Yoast SEO plugin v27.5 - https:\/\/yoast.com\/product\/yoast-seo-wordpress\/ -->\n<title>L&#039;OUEST du BRESIL - Abc-latina<\/title>\n<meta name=\"description\" content=\"La r\u00e9gion Ouest du Br\u00e9sil.\" \/>\n<meta name=\"robots\" content=\"index, follow, max-snippet:-1, max-image-preview:large, max-video-preview:-1\" \/>\n<link rel=\"canonical\" href=\"https:\/\/abc-latina.com\/bresil\/ouest\/\" \/>\n<meta property=\"og:locale\" content=\"fr_FR\" \/>\n<meta property=\"og:type\" content=\"article\" \/>\n<meta property=\"og:title\" content=\"L&#039;OUEST du BRESIL - Abc-latina\" \/>\n<meta property=\"og:description\" content=\"La r\u00e9gion Ouest du Br\u00e9sil.\" \/>\n<meta property=\"og:url\" content=\"https:\/\/abc-latina.com\/bresil\/ouest\/\" \/>\n<meta property=\"og:site_name\" content=\"Abc-latina\" \/>\n<meta property=\"article:modified_time\" content=\"2026-04-30T16:24:51+00:00\" \/>\n<meta property=\"og:image\" content=\"https:\/\/abc-latina.com\/wp-content\/uploads\/2010\/04\/timbre_to.gif\" \/>\n\t<meta property=\"og:image:width\" content=\"125\" \/>\n\t<meta property=\"og:image:height\" content=\"90\" \/>\n\t<meta property=\"og:image:type\" content=\"image\/gif\" \/>\n<meta name=\"twitter:card\" content=\"summary_large_image\" \/>\n<meta name=\"twitter:label1\" content=\"Dur\u00e9e de lecture estim\u00e9e\" \/>\n\t<meta name=\"twitter:data1\" content=\"4 minutes\" \/>\n<script type=\"application\/ld+json\" class=\"yoast-schema-graph\">{\"@context\":\"https:\\\/\\\/schema.org\",\"@graph\":[{\"@type\":\"WebPage\",\"@id\":\"https:\\\/\\\/abc-latina.com\\\/bresil\\\/ouest\\\/\",\"url\":\"https:\\\/\\\/abc-latina.com\\\/bresil\\\/ouest\\\/\",\"name\":\"L'OUEST du BRESIL - Abc-latina\",\"isPartOf\":{\"@id\":\"https:\\\/\\\/abc-latina.com\\\/#website\"},\"primaryImageOfPage\":{\"@id\":\"https:\\\/\\\/abc-latina.com\\\/bresil\\\/ouest\\\/#primaryimage\"},\"image\":{\"@id\":\"https:\\\/\\\/abc-latina.com\\\/bresil\\\/ouest\\\/#primaryimage\"},\"thumbnailUrl\":\"https:\\\/\\\/abc-latina.com\\\/wp-content\\\/uploads\\\/2010\\\/04\\\/timbre_to.gif\",\"datePublished\":\"2010-08-05T03:28:43+00:00\",\"dateModified\":\"2026-04-30T16:24:51+00:00\",\"description\":\"La r\u00e9gion Ouest du Br\u00e9sil.\",\"breadcrumb\":{\"@id\":\"https:\\\/\\\/abc-latina.com\\\/bresil\\\/ouest\\\/#breadcrumb\"},\"inLanguage\":\"fr-FR\",\"potentialAction\":[{\"@type\":\"ReadAction\",\"target\":[\"https:\\\/\\\/abc-latina.com\\\/bresil\\\/ouest\\\/\"]}]},{\"@type\":\"ImageObject\",\"inLanguage\":\"fr-FR\",\"@id\":\"https:\\\/\\\/abc-latina.com\\\/bresil\\\/ouest\\\/#primaryimage\",\"url\":\"https:\\\/\\\/abc-latina.com\\\/wp-content\\\/uploads\\\/2010\\\/04\\\/timbre_to.gif\",\"contentUrl\":\"https:\\\/\\\/abc-latina.com\\\/wp-content\\\/uploads\\\/2010\\\/04\\\/timbre_to.gif\",\"width\":125,\"height\":90},{\"@type\":\"BreadcrumbList\",\"@id\":\"https:\\\/\\\/abc-latina.com\\\/bresil\\\/ouest\\\/#breadcrumb\",\"itemListElement\":[{\"@type\":\"ListItem\",\"position\":1,\"name\":\"Accueil\",\"item\":\"https:\\\/\\\/abc-latina.com\\\/\"},{\"@type\":\"ListItem\",\"position\":2,\"name\":\"L&rsquo;OUEST du BRESIL\"}]},{\"@type\":\"WebSite\",\"@id\":\"https:\\\/\\\/abc-latina.com\\\/#website\",\"url\":\"https:\\\/\\\/abc-latina.com\\\/\",\"name\":\"Abc-latina\",\"description\":\"\",\"publisher\":{\"@id\":\"https:\\\/\\\/abc-latina.com\\\/#organization\"},\"potentialAction\":[{\"@type\":\"SearchAction\",\"target\":{\"@type\":\"EntryPoint\",\"urlTemplate\":\"https:\\\/\\\/abc-latina.com\\\/?s={search_term_string}\"},\"query-input\":{\"@type\":\"PropertyValueSpecification\",\"valueRequired\":true,\"valueName\":\"search_term_string\"}}],\"inLanguage\":\"fr-FR\"},{\"@type\":\"Organization\",\"@id\":\"https:\\\/\\\/abc-latina.com\\\/#organization\",\"name\":\"Abc-latina\",\"url\":\"https:\\\/\\\/abc-latina.com\\\/\",\"logo\":{\"@type\":\"ImageObject\",\"inLanguage\":\"fr-FR\",\"@id\":\"https:\\\/\\\/abc-latina.com\\\/#\\\/schema\\\/logo\\\/image\\\/\",\"url\":\"https:\\\/\\\/abc-latina.com\\\/wp-content\\\/uploads\\\/2026\\\/05\\\/cropped-logo.gif\",\"contentUrl\":\"https:\\\/\\\/abc-latina.com\\\/wp-content\\\/uploads\\\/2026\\\/05\\\/cropped-logo.gif\",\"width\":89,\"height\":84,\"caption\":\"Abc-latina\"},\"image\":{\"@id\":\"https:\\\/\\\/abc-latina.com\\\/#\\\/schema\\\/logo\\\/image\\\/\"}}]}<\/script>\n<!-- \/ Yoast SEO plugin. -->","yoast_head_json":{"title":"L'OUEST du BRESIL - Abc-latina","description":"La r\u00e9gion Ouest du Br\u00e9sil.","robots":{"index":"index","follow":"follow","max-snippet":"max-snippet:-1","max-image-preview":"max-image-preview:large","max-video-preview":"max-video-preview:-1"},"canonical":"https:\/\/abc-latina.com\/bresil\/ouest\/","og_locale":"fr_FR","og_type":"article","og_title":"L'OUEST du BRESIL - Abc-latina","og_description":"La r\u00e9gion Ouest du Br\u00e9sil.","og_url":"https:\/\/abc-latina.com\/bresil\/ouest\/","og_site_name":"Abc-latina","article_modified_time":"2026-04-30T16:24:51+00:00","og_image":[{"width":125,"height":90,"url":"https:\/\/abc-latina.com\/wp-content\/uploads\/2010\/04\/timbre_to.gif","type":"image\/gif"}],"twitter_card":"summary_large_image","twitter_misc":{"Dur\u00e9e de lecture estim\u00e9e":"4 minutes"},"schema":{"@context":"https:\/\/schema.org","@graph":[{"@type":"WebPage","@id":"https:\/\/abc-latina.com\/bresil\/ouest\/","url":"https:\/\/abc-latina.com\/bresil\/ouest\/","name":"L'OUEST du BRESIL - Abc-latina","isPartOf":{"@id":"https:\/\/abc-latina.com\/#website"},"primaryImageOfPage":{"@id":"https:\/\/abc-latina.com\/bresil\/ouest\/#primaryimage"},"image":{"@id":"https:\/\/abc-latina.com\/bresil\/ouest\/#primaryimage"},"thumbnailUrl":"https:\/\/abc-latina.com\/wp-content\/uploads\/2010\/04\/timbre_to.gif","datePublished":"2010-08-05T03:28:43+00:00","dateModified":"2026-04-30T16:24:51+00:00","description":"La r\u00e9gion Ouest du Br\u00e9sil.","breadcrumb":{"@id":"https:\/\/abc-latina.com\/bresil\/ouest\/#breadcrumb"},"inLanguage":"fr-FR","potentialAction":[{"@type":"ReadAction","target":["https:\/\/abc-latina.com\/bresil\/ouest\/"]}]},{"@type":"ImageObject","inLanguage":"fr-FR","@id":"https:\/\/abc-latina.com\/bresil\/ouest\/#primaryimage","url":"https:\/\/abc-latina.com\/wp-content\/uploads\/2010\/04\/timbre_to.gif","contentUrl":"https:\/\/abc-latina.com\/wp-content\/uploads\/2010\/04\/timbre_to.gif","width":125,"height":90},{"@type":"BreadcrumbList","@id":"https:\/\/abc-latina.com\/bresil\/ouest\/#breadcrumb","itemListElement":[{"@type":"ListItem","position":1,"name":"Accueil","item":"https:\/\/abc-latina.com\/"},{"@type":"ListItem","position":2,"name":"L&rsquo;OUEST du BRESIL"}]},{"@type":"WebSite","@id":"https:\/\/abc-latina.com\/#website","url":"https:\/\/abc-latina.com\/","name":"Abc-latina","description":"","publisher":{"@id":"https:\/\/abc-latina.com\/#organization"},"potentialAction":[{"@type":"SearchAction","target":{"@type":"EntryPoint","urlTemplate":"https:\/\/abc-latina.com\/?s={search_term_string}"},"query-input":{"@type":"PropertyValueSpecification","valueRequired":true,"valueName":"search_term_string"}}],"inLanguage":"fr-FR"},{"@type":"Organization","@id":"https:\/\/abc-latina.com\/#organization","name":"Abc-latina","url":"https:\/\/abc-latina.com\/","logo":{"@type":"ImageObject","inLanguage":"fr-FR","@id":"https:\/\/abc-latina.com\/#\/schema\/logo\/image\/","url":"https:\/\/abc-latina.com\/wp-content\/uploads\/2026\/05\/cropped-logo.gif","contentUrl":"https:\/\/abc-latina.com\/wp-content\/uploads\/2026\/05\/cropped-logo.gif","width":89,"height":84,"caption":"Abc-latina"},"image":{"@id":"https:\/\/abc-latina.com\/#\/schema\/logo\/image\/"}}]}},"_links":{"self":[{"href":"https:\/\/abc-latina.com\/wp-json\/wp\/v2\/pages\/2090","targetHints":{"allow":["GET"]}}],"collection":[{"href":"https:\/\/abc-latina.com\/wp-json\/wp\/v2\/pages"}],"about":[{"href":"https:\/\/abc-latina.com\/wp-json\/wp\/v2\/types\/page"}],"author":[{"embeddable":true,"href":"https:\/\/abc-latina.com\/wp-json\/wp\/v2\/users\/3"}],"replies":[{"embeddable":true,"href":"https:\/\/abc-latina.com\/wp-json\/wp\/v2\/comments?post=2090"}],"version-history":[{"count":1,"href":"https:\/\/abc-latina.com\/wp-json\/wp\/v2\/pages\/2090\/revisions"}],"predecessor-version":[{"id":3197,"href":"https:\/\/abc-latina.com\/wp-json\/wp\/v2\/pages\/2090\/revisions\/3197"}],"up":[{"embeddable":true,"href":"https:\/\/abc-latina.com\/wp-json\/wp\/v2\/pages\/2297"}],"wp:featuredmedia":[{"embeddable":true,"href":"https:\/\/abc-latina.com\/wp-json\/wp\/v2\/media\/41"}],"wp:attachment":[{"href":"https:\/\/abc-latina.com\/wp-json\/wp\/v2\/media?parent=2090"}],"curies":[{"name":"wp","href":"https:\/\/api.w.org\/{rel}","templated":true}]}}