{"id":2093,"date":"2010-08-05T05:33:46","date_gmt":"2010-08-05T03:33:46","guid":{"rendered":"http:\/\/abc-latina.com\/rio_de_janeiro-htm\/"},"modified":"2026-04-30T18:24:52","modified_gmt":"2026-04-30T16:24:52","slug":"rio_de_janeiro","status":"publish","type":"page","link":"https:\/\/abc-latina.com\/bresil\/rio_de_janeiro\/","title":{"rendered":"RIO DE JANEIRO"},"content":{"rendered":"<div><img loading=\"lazy\" decoding=\"async\" class=\" size-full wp-image-552\" src=\"http:\/\/abc-latina.com\/wp-content\/uploads\/2010\/06\/rio_de_janeiro_copacabana_1.jpg\" title=\"VOYAGE \u00e0 RIO DE JANEIRO\" alt=\"VOYAGE \u00e0 RIO DE JANEIRO\" width=\"480\" height=\"320\" srcset=\"https:\/\/abc-latina.com\/wp-content\/uploads\/2010\/06\/rio_de_janeiro_copacabana_1.jpg 590w, https:\/\/abc-latina.com\/wp-content\/uploads\/2010\/06\/rio_de_janeiro_copacabana_1-300x200.jpg 300w\" sizes=\"auto, (max-width: 480px) 100vw, 480px\" \/><\/div>\n<div>&nbsp;<\/div>\n<div>Rien ne peut vraiment pr\u00e9parer l&rsquo;\u00e9tranger \u00e0 <span class=\"tourisme-chapitre\">Rio de Janeiro<\/span>, cette ville de 10 millions d&rsquo;habitants \u00e9tendue entre de hauts pics de granit et l&rsquo;oc\u00e9an Atlantique a de nombreux tr\u00e9sors \u00e0 d\u00e9couvrir<\/div>\n<div>Le quartier de <span class=\"tourisme-unesco\">Santa Teresa<\/span> aux ruelles pav\u00e9es et tortueuses, avec ses vues spectaculaires sur la baie, est certainement l&rsquo;un des plus pittoresques de Rio. La mani\u00e8re la plus attrayante d&rsquo;y acc\u00e9der est de prendre le c\u00e9l\u00e8bre bonde electrico (tramways) construit en 1896. Santa Teresa offre de nombreux points de vue de toute beaut\u00e9. Au deuxi\u00e8me arr\u00eat du tramway, par exemple, on d\u00e9couvrira un panorama splendide sur la baie de Guanabara.<\/div>\n<div>La <span class=\"tourisme-unesco\">baie de Guanabara<\/span> reste un v\u00e9ritable plaisir pour l&rsquo;oeil avec ses deux forts des 17 &amp; 19 \u00e9me si\u00e8cles qui en gardent l&rsquo;entr\u00e9e. Il est facile de traverser la baie de Guanabara pour se rendre \u00e0 Niter\u00f3i ou dans les \u00eeles, d&rsquo;o\u00f9 l&rsquo;on d\u00e9couvre une vue magnifique de la ville de Rio et des montagnes luxuriantes qui la sertissent. L&rsquo;\u00e9tape favorite des visiteurs est l&rsquo;Ilha de Paquet\u00e1, la plus grande des 84 \u00eeles de la baie.&nbsp;<\/div>\n<div>&nbsp;<\/div>\n<div><a target=\"_blank\" href=\"tour_operateur\"><img loading=\"lazy\" decoding=\"async\" class=\" size-full wp-image-41\" src=\"http:\/\/abc-latina.com\/wp-content\/uploads\/2010\/04\/timbre_to.gif\" class=\"touroperateur\" alt=\"\" width=\"125\" height=\"90\" \/><\/a>Le <span class=\"tourisme-unesco\">Pain de Sucre<\/span> Ce pic rocheux de 395m, \u00e0 la forme si singuli\u00e8re est depuis toujours le symbole de Rio. Les Indiens l&rsquo;appelaient autrefois Pau-nd-Acuqua, Ce qui signifie &quot;haut promontoire pointu et isol\u00e9&quot;. Pour les Portugais cela sonnait comme P\u00e3o de a\u00e7\u00facar, et le pic lui-m\u00eame leur rappelait la forme de ces moules d&rsquo;argile utilis\u00e9s pour faire des pains de sucre. Le nom portugais est rest\u00e9. A l&rsquo;ouest vous d\u00e9couvrirez des panoramas de toute beaut\u00e9,o\u00f9 s&rsquo;\u00e9tendent les plages de Leme, Copacabana, Ipanema et Leblon, bord\u00e9es par les montagnes. A vos pieds, vous apercevrez les quartiers de Botafogo et de Flamengo avec le Corcovado surmont\u00e9 du Christ R\u00e9dempteur. Quelle que soit l&rsquo;heure, la vue depuis le Pain de Sucre est splendide.&nbsp;<\/div>\n<div>&nbsp;<\/div>\n<div><span class=\"tourisme-unesco\">Copacabana<\/span> Avec ses 4,5 km de longueur qui d\u00e9crivent une courbe parfaite reste certainement la plage pr\u00e9f\u00e9r\u00e9e des \u00e9trangers. C&rsquo;est dans les ann\u00e9es 20 qu&rsquo;elle acquit sa notori\u00e9t\u00e9, avec la construction, en 1923 du Copacabana Palace Hotel, le seul h\u00f4tel de luxe de toute l&rsquo;Am\u00e9rique Latine \u00e0 l&rsquo;\u00e9poque. En \u00e9t\u00e9 sa population se compte par centaine de milliers. Les vendeurs de boissons, de lotions solaires, de chapeaux, de sandales et de cerfs-volants arpentent la plage \u00e0 longueur de journ\u00e9e.<\/div>\n<div>&nbsp;<\/div>\n<div>La c\u00e9l\u00e8bre statue du Christ, bras en crois, se dresse sur le pic du <span class=\"tourisme-unesco\">Corcovado<\/span> haut de 710m.On peut apercevoir de tous les quartiers de Rio. L&rsquo;oeuvre est due au sculpteur fran\u00e7ais Paul Landowsky. Vous y d\u00e9couvrirez d&rsquo;un seul coup d&rsquo;oeil tous les quartiers bordant la baie, les plages d&rsquo;Ipanema et de Copacabana, et surtout le superbe lagon Rodrigo do Freitas.Tout autour du Corcovado s&rsquo;\u00e9tend la magnifique foret de Tijuca qui s&rsquo;avance presque jusqu&rsquo;au coeur m\u00eame de la ville.<\/div>\n<div>&nbsp;<\/div>\n<div><img loading=\"lazy\" decoding=\"async\" class=\" alignright size-full wp-image-2092\" style=\"border-width: 1px; border-style: solid; margin: 5px 22px; float: right;\" src=\"http:\/\/abc-latina.com\/wp-content\/uploads\/2010\/08\/ipanema-pro.jpg\" alt=\"\" width=\"180\" height=\"116\" \/><span class=\"tourisme-unesco\">Ipanema<\/span> est le quartier r\u00e9sidentiel le plus s\u00e9lect de la ville. Aujourd&rsquo;hui Ipanema est le centre de la mode et de la sophistication. Ce qui n&rsquo;est pas &quot;in&quot; \u00e0 Ipanema n&rsquo;est pas &quot;in&quot; du tout. Les plus luxueuses boutiques de Rio bordent les rues d&rsquo;Ipanema et de Leblon. La plage d&rsquo;Ipanema, moins \u00e9tendue que celle de Copacabana, est le lieu de rendez-vous de le jeunesse dor\u00e9e de Rio. C&rsquo;est pratiquement le seule plage du Br\u00e9sil sur laquelle les femmes portent le monokini. Moins anim\u00e9e et moins bruyante que Copacabana, Ipanema est sans doute la plus romantique des 23 plages que compte Rio.<\/div>\n<div>&nbsp;<\/div>\n<div>Le <span class=\"tourisme-unesco\">Jardim Bot\u00e2nico<\/span> est un parc de plus de 140 ha contenant pr\u00e8s de 235.000 plantes et plus de 5.000 esp\u00e8ces d&rsquo;arbres.<\/div>\n<div>&nbsp;<\/div>\n<div><span class=\"tourisme-unesco\">Au sud d&rsquo;Ipanema<\/span> s&rsquo;\u00e9tendent des plages plus isol\u00e9es et donc mieux pr\u00e9serv\u00e9es que les autres. S\u00e3o Conrado s&rsquo;y situe dans une anse cern\u00e9e de toutes parts par des montagnes recouvertes d&rsquo;une dense v\u00e9g\u00e9tation. C&rsquo;est l\u00e0 que s&rsquo;\u00e9l\u00e8ve le Morro da G\u00e1vea, un \u00e9norme bloc de granit bien plus impressionnant par sa forme et par sa taille que le c\u00e9l\u00e8bre Pain de Sucre. La plage jouit d&rsquo;une certaine popularit\u00e9 parmi la jeunesse de Rio &#8211; les jeunes des favelas et les intellectuels se retrouvent au bout de la plage sur un territoire o\u00f9 la police ne vient jamais.&nbsp;<\/div>\n<div>Avec ses 18 km de long, la plage de Barra est \u00e0 la fois la plus longue, mais aussi la moins fr\u00e9quent\u00e9e de Rio pendant la semaine.&nbsp;<\/div>\n<div>A l&rsquo;extr\u00e9mit\u00e9 de Barra, la petite plage de Recreio dos Bandeirantes s&rsquo;\u00e9tire \u00e0 l&rsquo;abri d&rsquo;une jet\u00e9e naturelle qui forme une v\u00e9ritable baie miniature. De Recreio, une route grimpe dans la montagne avant de redescendre vers la plage de Prainha, fr\u00e9quent\u00e9e par les surfeurs, puis celle de Grumari, merveilleusement isol\u00e9e.<\/div>\n<div>&nbsp;<\/div>\n<div><a href=\"div\/musees-rio-de-janeiro.php\">Les mus\u00e9es de Rio<\/a>&nbsp;<\/div>\n<div><a href=\"https:\/\/www.abc-latina.com\/bresil\/photos\/photos_rio_de_janeiro\">Photos de Rio<\/a>&nbsp;<br \/><a target=\"_blank\" href=\"https:\/\/www.abc-latina.com\/bresil\/cartes\/plan-rio-de-janeiro.php\">Plan de la ville<\/a><a target=\"_blank\" href=\"http:\/\/voyage.abc-latina.com\/voyage_bresil\/bresil.php\"><span class=\"sejour-circuit\"><br \/><\/span><\/a><\/div>\n<h3>Pr\u00e9parez votre voyage \u00e0 Rio de Janeiro:<\/h3>\n<div><a href=\"https:\/\/www.abc-latina.com\/bresil\/agence_de_voyages\">Agences de voyage g\u00e9n\u00e9ralistes et discounteurs<\/a><\/div>\n<div><a href=\"https:\/\/www.abc-latina.com\/bresil\/tour_operateur\">Tours Op\u00e9rateurs sp\u00e9cialistes du Br\u00e9sil<\/a><\/div>\n<div><a target=\"_blank\" href=\"https:\/\/www.abc-latina.com\/to\/reservation_billet_avion\">R\u00e9servez votre billet d&rsquo;avion<\/a><\/div>\n<div><a target=\"_blank\" href=\"http:\/\/www.booking.com\/city\/br\/rio-de-janeirol?aid=364340\">R\u00e9servez votre h\u00f4tel \u00e0 Rio de Janeiro<\/a>&nbsp;<\/div>\n<div><a target=\"_blank\" href=\"https:\/\/www.abc-latina.com\/to\/location_de_voiture_bresil\">Location de voiture<\/a><\/div>\n<div>&nbsp;<\/div>\n","protected":false},"excerpt":{"rendered":"<p>&nbsp; Rien ne peut vraiment pr\u00e9parer l&rsquo;\u00e9tranger \u00e0 Rio de Janeiro, cette ville de 10 millions d&rsquo;habitants \u00e9tendue entre de [&hellip;]<\/p>\n","protected":false},"author":3,"featured_media":552,"parent":2297,"menu_order":0,"comment_status":"closed","ping_status":"closed","template":"","meta":{"site-sidebar-layout":"default","site-content-layout":"","ast-site-content-layout":"default","site-content-style":"default","site-sidebar-style":"default","ast-global-header-display":"","ast-banner-title-visibility":"","ast-main-header-display":"","ast-hfb-above-header-display":"","ast-hfb-below-header-display":"","ast-hfb-mobile-header-display":"","site-post-title":"","ast-breadcrumbs-content":"","ast-featured-img":"","footer-sml-layout":"","ast-disable-related-posts":"","theme-transparent-header-meta":"","adv-header-id-meta":"","stick-header-meta":"","header-above-stick-meta":"","header-main-stick-meta":"","header-below-stick-meta":"","astra-migrate-meta-layouts":"default","ast-page-background-enabled":"default","ast-page-background-meta":{"desktop":{"background-color":"var(--ast-global-color-5)","background-image":"","background-repeat":"repeat","background-position":"center center","background-size":"auto","background-attachment":"scroll","background-type":"","background-media":"","overlay-type":"","overlay-color":"","overlay-opacity":"","overlay-gradient":""},"tablet":{"background-color":"","background-image":"","background-repeat":"repeat","background-position":"center center","background-size":"auto","background-attachment":"scroll","background-type":"","background-media":"","overlay-type":"","overlay-color":"","overlay-opacity":"","overlay-gradient":""},"mobile":{"background-color":"","background-image":"","background-repeat":"repeat","background-position":"center center","background-size":"auto","background-attachment":"scroll","background-type":"","background-media":"","overlay-type":"","overlay-color":"","overlay-opacity":"","overlay-gradient":""}},"ast-content-background-meta":{"desktop":{"background-color":"var(--ast-global-color-4)","background-image":"","background-repeat":"repeat","background-position":"center center","background-size":"auto","background-attachment":"scroll","background-type":"","background-media":"","overlay-type":"","overlay-color":"","overlay-opacity":"","overlay-gradient":""},"tablet":{"background-color":"var(--ast-global-color-4)","background-image":"","background-repeat":"repeat","background-position":"center center","background-size":"auto","background-attachment":"scroll","background-type":"","background-media":"","overlay-type":"","overlay-color":"","overlay-opacity":"","overlay-gradient":""},"mobile":{"background-color":"var(--ast-global-color-4)","background-image":"","background-repeat":"repeat","background-position":"center center","background-size":"auto","background-attachment":"scroll","background-type":"","background-media":"","overlay-type":"","overlay-color":"","overlay-opacity":"","overlay-gradient":""}},"footnotes":""},"class_list":["post-2093","page","type-page","status-publish","has-post-thumbnail","hentry"],"yoast_head":"<!-- This site is optimized with the Yoast SEO plugin v27.5 - https:\/\/yoast.com\/product\/yoast-seo-wordpress\/ -->\n<title>RIO DE JANEIRO - Abc-latina<\/title>\n<meta name=\"description\" content=\"Rien ne peut vraiment pr\u00e9parer l&#039;\u00e9tranger \u00e0 Rio de Janeiro, cette ville de 10 millions d&#039;habitants \u00e9tendue entre de hauts pics de granit et l&#039;oc\u00e9an Atlantique...\" \/>\n<meta name=\"robots\" content=\"index, follow, max-snippet:-1, max-image-preview:large, max-video-preview:-1\" \/>\n<link rel=\"canonical\" href=\"https:\/\/abc-latina.com\/bresil\/rio_de_janeiro\/\" \/>\n<meta property=\"og:locale\" content=\"fr_FR\" \/>\n<meta property=\"og:type\" content=\"article\" \/>\n<meta property=\"og:title\" content=\"RIO DE JANEIRO - Abc-latina\" \/>\n<meta property=\"og:description\" content=\"Rien ne peut vraiment pr\u00e9parer l&#039;\u00e9tranger \u00e0 Rio de Janeiro, cette ville de 10 millions d&#039;habitants \u00e9tendue entre de hauts pics de granit et l&#039;oc\u00e9an Atlantique...\" \/>\n<meta property=\"og:url\" content=\"https:\/\/abc-latina.com\/bresil\/rio_de_janeiro\/\" \/>\n<meta property=\"og:site_name\" content=\"Abc-latina\" \/>\n<meta property=\"article:modified_time\" content=\"2026-04-30T16:24:52+00:00\" \/>\n<meta property=\"og:image\" content=\"https:\/\/abc-latina.com\/wp-content\/uploads\/2010\/06\/rio_de_janeiro_copacabana_1.jpg\" \/>\n\t<meta property=\"og:image:width\" content=\"590\" \/>\n\t<meta property=\"og:image:height\" content=\"393\" \/>\n\t<meta property=\"og:image:type\" content=\"image\/jpeg\" \/>\n<meta name=\"twitter:card\" content=\"summary_large_image\" \/>\n<meta name=\"twitter:label1\" content=\"Dur\u00e9e de lecture estim\u00e9e\" \/>\n\t<meta name=\"twitter:data1\" content=\"4 minutes\" \/>\n<script type=\"application\/ld+json\" class=\"yoast-schema-graph\">{\"@context\":\"https:\\\/\\\/schema.org\",\"@graph\":[{\"@type\":\"WebPage\",\"@id\":\"https:\\\/\\\/abc-latina.com\\\/bresil\\\/rio_de_janeiro\\\/\",\"url\":\"https:\\\/\\\/abc-latina.com\\\/bresil\\\/rio_de_janeiro\\\/\",\"name\":\"RIO DE JANEIRO - Abc-latina\",\"isPartOf\":{\"@id\":\"https:\\\/\\\/abc-latina.com\\\/#website\"},\"primaryImageOfPage\":{\"@id\":\"https:\\\/\\\/abc-latina.com\\\/bresil\\\/rio_de_janeiro\\\/#primaryimage\"},\"image\":{\"@id\":\"https:\\\/\\\/abc-latina.com\\\/bresil\\\/rio_de_janeiro\\\/#primaryimage\"},\"thumbnailUrl\":\"https:\\\/\\\/abc-latina.com\\\/wp-content\\\/uploads\\\/2010\\\/06\\\/rio_de_janeiro_copacabana_1.jpg\",\"datePublished\":\"2010-08-05T03:33:46+00:00\",\"dateModified\":\"2026-04-30T16:24:52+00:00\",\"description\":\"Rien ne peut vraiment pr\u00e9parer l'\u00e9tranger \u00e0 Rio de Janeiro, cette ville de 10 millions d'habitants \u00e9tendue entre de hauts pics de granit et l'oc\u00e9an Atlantique...\",\"breadcrumb\":{\"@id\":\"https:\\\/\\\/abc-latina.com\\\/bresil\\\/rio_de_janeiro\\\/#breadcrumb\"},\"inLanguage\":\"fr-FR\",\"potentialAction\":[{\"@type\":\"ReadAction\",\"target\":[\"https:\\\/\\\/abc-latina.com\\\/bresil\\\/rio_de_janeiro\\\/\"]}]},{\"@type\":\"ImageObject\",\"inLanguage\":\"fr-FR\",\"@id\":\"https:\\\/\\\/abc-latina.com\\\/bresil\\\/rio_de_janeiro\\\/#primaryimage\",\"url\":\"https:\\\/\\\/abc-latina.com\\\/wp-content\\\/uploads\\\/2010\\\/06\\\/rio_de_janeiro_copacabana_1.jpg\",\"contentUrl\":\"https:\\\/\\\/abc-latina.com\\\/wp-content\\\/uploads\\\/2010\\\/06\\\/rio_de_janeiro_copacabana_1.jpg\",\"width\":590,\"height\":393,\"caption\":\"Copacabana depuis le Pain de sucre\"},{\"@type\":\"BreadcrumbList\",\"@id\":\"https:\\\/\\\/abc-latina.com\\\/bresil\\\/rio_de_janeiro\\\/#breadcrumb\",\"itemListElement\":[{\"@type\":\"ListItem\",\"position\":1,\"name\":\"Accueil\",\"item\":\"https:\\\/\\\/abc-latina.com\\\/\"},{\"@type\":\"ListItem\",\"position\":2,\"name\":\"RIO DE JANEIRO\"}]},{\"@type\":\"WebSite\",\"@id\":\"https:\\\/\\\/abc-latina.com\\\/#website\",\"url\":\"https:\\\/\\\/abc-latina.com\\\/\",\"name\":\"Abc-latina\",\"description\":\"\",\"publisher\":{\"@id\":\"https:\\\/\\\/abc-latina.com\\\/#organization\"},\"potentialAction\":[{\"@type\":\"SearchAction\",\"target\":{\"@type\":\"EntryPoint\",\"urlTemplate\":\"https:\\\/\\\/abc-latina.com\\\/?s={search_term_string}\"},\"query-input\":{\"@type\":\"PropertyValueSpecification\",\"valueRequired\":true,\"valueName\":\"search_term_string\"}}],\"inLanguage\":\"fr-FR\"},{\"@type\":\"Organization\",\"@id\":\"https:\\\/\\\/abc-latina.com\\\/#organization\",\"name\":\"Abc-latina\",\"url\":\"https:\\\/\\\/abc-latina.com\\\/\",\"logo\":{\"@type\":\"ImageObject\",\"inLanguage\":\"fr-FR\",\"@id\":\"https:\\\/\\\/abc-latina.com\\\/#\\\/schema\\\/logo\\\/image\\\/\",\"url\":\"https:\\\/\\\/abc-latina.com\\\/wp-content\\\/uploads\\\/2026\\\/05\\\/cropped-logo.gif\",\"contentUrl\":\"https:\\\/\\\/abc-latina.com\\\/wp-content\\\/uploads\\\/2026\\\/05\\\/cropped-logo.gif\",\"width\":89,\"height\":84,\"caption\":\"Abc-latina\"},\"image\":{\"@id\":\"https:\\\/\\\/abc-latina.com\\\/#\\\/schema\\\/logo\\\/image\\\/\"}}]}<\/script>\n<!-- \/ Yoast SEO plugin. -->","yoast_head_json":{"title":"RIO DE JANEIRO - Abc-latina","description":"Rien ne peut vraiment pr\u00e9parer l'\u00e9tranger \u00e0 Rio de Janeiro, cette ville de 10 millions d'habitants \u00e9tendue entre de hauts pics de granit et l'oc\u00e9an Atlantique...","robots":{"index":"index","follow":"follow","max-snippet":"max-snippet:-1","max-image-preview":"max-image-preview:large","max-video-preview":"max-video-preview:-1"},"canonical":"https:\/\/abc-latina.com\/bresil\/rio_de_janeiro\/","og_locale":"fr_FR","og_type":"article","og_title":"RIO DE JANEIRO - Abc-latina","og_description":"Rien ne peut vraiment pr\u00e9parer l'\u00e9tranger \u00e0 Rio de Janeiro, cette ville de 10 millions d'habitants \u00e9tendue entre de hauts pics de granit et l'oc\u00e9an Atlantique...","og_url":"https:\/\/abc-latina.com\/bresil\/rio_de_janeiro\/","og_site_name":"Abc-latina","article_modified_time":"2026-04-30T16:24:52+00:00","og_image":[{"width":590,"height":393,"url":"https:\/\/abc-latina.com\/wp-content\/uploads\/2010\/06\/rio_de_janeiro_copacabana_1.jpg","type":"image\/jpeg"}],"twitter_card":"summary_large_image","twitter_misc":{"Dur\u00e9e de lecture estim\u00e9e":"4 minutes"},"schema":{"@context":"https:\/\/schema.org","@graph":[{"@type":"WebPage","@id":"https:\/\/abc-latina.com\/bresil\/rio_de_janeiro\/","url":"https:\/\/abc-latina.com\/bresil\/rio_de_janeiro\/","name":"RIO DE JANEIRO - Abc-latina","isPartOf":{"@id":"https:\/\/abc-latina.com\/#website"},"primaryImageOfPage":{"@id":"https:\/\/abc-latina.com\/bresil\/rio_de_janeiro\/#primaryimage"},"image":{"@id":"https:\/\/abc-latina.com\/bresil\/rio_de_janeiro\/#primaryimage"},"thumbnailUrl":"https:\/\/abc-latina.com\/wp-content\/uploads\/2010\/06\/rio_de_janeiro_copacabana_1.jpg","datePublished":"2010-08-05T03:33:46+00:00","dateModified":"2026-04-30T16:24:52+00:00","description":"Rien ne peut vraiment pr\u00e9parer l'\u00e9tranger \u00e0 Rio de Janeiro, cette ville de 10 millions d'habitants \u00e9tendue entre de hauts pics de granit et l'oc\u00e9an Atlantique...","breadcrumb":{"@id":"https:\/\/abc-latina.com\/bresil\/rio_de_janeiro\/#breadcrumb"},"inLanguage":"fr-FR","potentialAction":[{"@type":"ReadAction","target":["https:\/\/abc-latina.com\/bresil\/rio_de_janeiro\/"]}]},{"@type":"ImageObject","inLanguage":"fr-FR","@id":"https:\/\/abc-latina.com\/bresil\/rio_de_janeiro\/#primaryimage","url":"https:\/\/abc-latina.com\/wp-content\/uploads\/2010\/06\/rio_de_janeiro_copacabana_1.jpg","contentUrl":"https:\/\/abc-latina.com\/wp-content\/uploads\/2010\/06\/rio_de_janeiro_copacabana_1.jpg","width":590,"height":393,"caption":"Copacabana depuis le Pain de sucre"},{"@type":"BreadcrumbList","@id":"https:\/\/abc-latina.com\/bresil\/rio_de_janeiro\/#breadcrumb","itemListElement":[{"@type":"ListItem","position":1,"name":"Accueil","item":"https:\/\/abc-latina.com\/"},{"@type":"ListItem","position":2,"name":"RIO DE JANEIRO"}]},{"@type":"WebSite","@id":"https:\/\/abc-latina.com\/#website","url":"https:\/\/abc-latina.com\/","name":"Abc-latina","description":"","publisher":{"@id":"https:\/\/abc-latina.com\/#organization"},"potentialAction":[{"@type":"SearchAction","target":{"@type":"EntryPoint","urlTemplate":"https:\/\/abc-latina.com\/?s={search_term_string}"},"query-input":{"@type":"PropertyValueSpecification","valueRequired":true,"valueName":"search_term_string"}}],"inLanguage":"fr-FR"},{"@type":"Organization","@id":"https:\/\/abc-latina.com\/#organization","name":"Abc-latina","url":"https:\/\/abc-latina.com\/","logo":{"@type":"ImageObject","inLanguage":"fr-FR","@id":"https:\/\/abc-latina.com\/#\/schema\/logo\/image\/","url":"https:\/\/abc-latina.com\/wp-content\/uploads\/2026\/05\/cropped-logo.gif","contentUrl":"https:\/\/abc-latina.com\/wp-content\/uploads\/2026\/05\/cropped-logo.gif","width":89,"height":84,"caption":"Abc-latina"},"image":{"@id":"https:\/\/abc-latina.com\/#\/schema\/logo\/image\/"}}]}},"_links":{"self":[{"href":"https:\/\/abc-latina.com\/wp-json\/wp\/v2\/pages\/2093","targetHints":{"allow":["GET"]}}],"collection":[{"href":"https:\/\/abc-latina.com\/wp-json\/wp\/v2\/pages"}],"about":[{"href":"https:\/\/abc-latina.com\/wp-json\/wp\/v2\/types\/page"}],"author":[{"embeddable":true,"href":"https:\/\/abc-latina.com\/wp-json\/wp\/v2\/users\/3"}],"replies":[{"embeddable":true,"href":"https:\/\/abc-latina.com\/wp-json\/wp\/v2\/comments?post=2093"}],"version-history":[{"count":1,"href":"https:\/\/abc-latina.com\/wp-json\/wp\/v2\/pages\/2093\/revisions"}],"predecessor-version":[{"id":3204,"href":"https:\/\/abc-latina.com\/wp-json\/wp\/v2\/pages\/2093\/revisions\/3204"}],"up":[{"embeddable":true,"href":"https:\/\/abc-latina.com\/wp-json\/wp\/v2\/pages\/2297"}],"wp:featuredmedia":[{"embeddable":true,"href":"https:\/\/abc-latina.com\/wp-json\/wp\/v2\/media\/552"}],"wp:attachment":[{"href":"https:\/\/abc-latina.com\/wp-json\/wp\/v2\/media?parent=2093"}],"curies":[{"name":"wp","href":"https:\/\/api.w.org\/{rel}","templated":true}]}}