{"id":2099,"date":"2010-08-05T05:38:06","date_gmt":"2010-08-05T03:38:06","guid":{"rendered":"http:\/\/abc-latina.com\/tourisme-htm-20\/"},"modified":"2026-04-30T18:24:52","modified_gmt":"2026-04-30T16:24:52","slug":"tourisme","status":"publish","type":"page","link":"https:\/\/abc-latina.com\/bresil\/tourisme\/","title":{"rendered":"TOURISME &#038; VOYAGE au BRESIL"},"content":{"rendered":"<div><img loading=\"lazy\" decoding=\"async\" class=\" size-full wp-image-2098\" src=\"http:\/\/abc-latina.com\/wp-content\/uploads\/2010\/08\/058-tourisme-au-bresil.jpg\" title=\"TOURISME AU BRESIL\" alt=\"TOURISME AU BRESIL\" width=\"480\" height=\"320\" srcset=\"https:\/\/abc-latina.com\/wp-content\/uploads\/2010\/08\/058-tourisme-au-bresil.jpg 700w, https:\/\/abc-latina.com\/wp-content\/uploads\/2010\/08\/058-tourisme-au-bresil-300x200.jpg 300w\" sizes=\"auto, (max-width: 480px) 100vw, 480px\" \/><\/div>\n<div>&nbsp;<\/div>\n<div>Un voyage au Br\u00e9sil est capable de satisfaire les d\u00e9sirs des touristes les plus exigeants. Ceux qui recherchent les mers chaudes, les plages de sables blanc et la v\u00e9g\u00e9tation tropicale seront enthousiasm\u00e9s par le littoral br\u00e9silien qui est le plus long, sinon le plus beau du monde. On y trouve de petites criques isol\u00e9es, de larges baies aux eaux calmes et des plages bord\u00e9es de dunes, longues de plusieurs kilom\u00e8tres. Il est impossible d&rsquo;en recommander une plut\u00f4t qu&rsquo;une autre, \u00e0 chacun de faire son choix.<\/div>\n<div>Dans le Nord et le Nordeste, les villes, situ\u00e9es principalement en bord de mer, sont parsem\u00e9es de monuments datant de l&rsquo;\u00e9poque coloniale. Salvador et Recife, anciennes capitales coloniales, sont \u00e0 la fois des lieux historiques et touristiques. De plus, Salvador est le si\u00e8ge d&rsquo;une culture \u00e0 part, m\u00e9lange unique de l&rsquo;Afrique noire et du Portugal.&nbsp;<\/div>\n<div>Le Nord n&rsquo;a pas \u00e0 lui tout seul l&rsquo;apanage des belles plages. En effet, le littoral d\u00e9roule son long ruban vers le Sud, pour atteindre la plus c\u00e9l\u00e8bre des villes d&rsquo;Am\u00e9rique latine, Rio de Janeiro. mais Rio a plus que des plages \u00e0 offrir. Elle est un m\u00e9lange de panoramas \u00e9poustouflants (montagnes et mer), de samba, de carnaval et de douceur de vivre.<\/div>\n<div>&nbsp;<\/div>\n<div><a href=\"tour_operateur\" target=\"_blank\"><img loading=\"lazy\" decoding=\"async\" class=\" size-full wp-image-41\" alt=\"\" class=\"touroperateur\" src=\"http:\/\/abc-latina.com\/wp-content\/uploads\/2010\/04\/timbre_to.gif\" width=\"125\" height=\"90\" \/><\/a>Les nouvelles stations baln\u00e9aires \u00e0 la mode, B\u00fazios et Angras dos Reis, situ\u00e9es chacune \u00e0 quelques heures de routes de Rio, attirent des milliers de touristes avec leurs plages vierges et leurs \u00eeles tropicales. Pour retrouver une fra\u00eecheur et un calme plus europ\u00e9ens, il suffit de se rendre dans les montagnes \u00e0 l&rsquo;ext\u00e9rieur de Rio.<\/div>\n<div>A S\u00e3o Paulo, Le Br\u00e9sil se fait plus s\u00e9rieux. S\u00e3o Paulo, centre du plus grand parc industriel du Tiers-Monde, est la ville la plus dynamique de toute l&rsquo;Am\u00e9rique Latine. Le Brassage des nationalit\u00e9s, la multitude des groupes ethniques, en font la New York des tropiques.<\/div>\n<div>Plus on descend vers le Sud, plus l&rsquo;influence europ\u00e9enne se fait sentir. Elle est surtout visible dans les Etats de Paran\u00e1, Santa Catarina et Rio Grande do Sul o\u00f9 les immigrants italiens, allemands et Polonais ont imprim\u00e9 leur marque. Ici aussi, les plages et la mer ont une importance capitale. La c\u00f4te de l&rsquo;Etat de Santa Catarina est l&rsquo;une des plus belles de tout le Sud.&nbsp;<\/div>\n<div>Un voyage au Br\u00e9sil serait incomplet si l&rsquo;on oubliait les r\u00e9gions de l&rsquo;int\u00e9rieur. On y trouve les curiosit\u00e9s naturelles les plus remarquables du Monde. Un tiers du territoire national est occup\u00e9 par la foret Amazonienne, si\u00e8ge de l\u00e9gendes, d&rsquo;aventures et du puissant fleuve Amazone. Au sud de la zone amazonienne s&rsquo;\u00e9tend le Pantanal, une r\u00e9gion mar\u00e9cageuse, drain\u00e9e de fleuves et de rivi\u00e8res, immense r\u00e9serve naturelle abritant des milliers de poissons, d&rsquo;oiseaux et d&rsquo;animaux.&nbsp;<\/div>\n<div>A l&rsquo;extr\u00eame sud, enfin, les chutes d&rsquo;Igua\u00e7\u00fa sont consid\u00e9r\u00e9es par beaucoup comme la plus grande attraction naturelle de Br\u00e9sil.<\/div>\n<div>&nbsp;<\/div>\n<div>\n<h3>Les sites br\u00e9siliens class\u00e9s au patrimoine de l&rsquo;UNESCO:<\/h3>\n<div>Ville historique d&rsquo;Ouro Preto &#8211; 1980<\/div>\n<div>Centre historique de la ville d&rsquo;Olinda &#8211; 1982<\/div>\n<div>Missions j\u00e9suites des Guaranis: ruines de Sao Miguel das Missoes &#8211; 1983-1984<\/div>\n<div>Centre historique de Salvador de Bahia &#8211; 1985<\/div>\n<div>Sanctuaire du Bon J\u00e9sus \u00c3 Congonhas &#8211; 1985<\/div>\n<div>Parc national d&rsquo;Igua\u00e7u &#8211; 1986<\/div>\n<div>Brasilia &#8211; 1987<\/div>\n<div>Parc national de Serra da Capivara &#8211; 1991<\/div>\n<div>Centre historique de S\u00e3o Lu\u00eds &#8211; 1997<\/div>\n<div>Centre historique de la ville de Diamantina &#8211; 1999<\/div>\n<div>C\u00f4te de la d\u00e9couverte &#8212; R\u00e9serves de la for\u00eat atlantique &#8211; 1999<\/div>\n<div>For\u00eat atlantique &#8212; R\u00e9serves du sud-est &#8211; 1999<\/div>\n<div>Complexe de conservation de l&rsquo;Amazonie centrale &#8211; 2000-2003<\/div>\n<div>Aire de conservation du Pantanal &#8211; 2000<\/div>\n<div>Centre historique de la ville de Goi\u00e1s &#8211; 2001<\/div>\n<div>&nbsp;\u00celes atlantiques br\u00e9siliennes: les R\u00e9serves de Fernando de Noronha et de l&rsquo;atol das Rocas &#8211; 2001<\/div>\n<div>Aires prot\u00e9g\u00e9es du Cerrado: Parcs nationaux Chapada dos Veadeiros et Emas &#8211; 2001<\/div>\n<div>Place S\u00e3o Francisco dans la ville de S\u00e3o Crist\u00f3v\u00e3o &#8211; 2010<br \/>Rio de Janeiro, paysages cariocas entre la montagne et la mer &#8211; 2012<\/div>\n<\/div>\n<p>&nbsp;<a href=\"http:\/\/voyage.abc-latina.com\/voyage_bresil\/bresil.php\" target=\"_blank\"><span class=\"sejour-circuit\"><br \/><\/span><\/a><\/p>\n<h3>Pr\u00e9parez votre voyage au Br\u00e9sil:<\/h3>\n<div><a href=\"https:\/\/www.abc-latina.com\/bresil\/agence_de_voyages\">Agences de voyage g\u00e9n\u00e9ralistes et discounteurs<\/a><\/div>\n<div><a href=\"https:\/\/www.abc-latina.com\/bresil\/tour_operateur\">Tours Op\u00e9rateurs sp\u00e9cialistes du Br\u00e9sil<\/a><\/div>\n<div><a href=\"https:\/\/www.abc-latina.com\/to\/reservation_billet_avion\" target=\"_blank\">R\u00e9servez votre billet d&rsquo;avion<\/a><\/div>\n<div><a href=\"https:\/\/www.abc-latina.com\/bresil\/hotels\">R\u00e9servez votre h\u00f4tel au Br\u00e9sil<\/a>&nbsp;<\/div>\n<div><a href=\"https:\/\/www.abc-latina.com\/to\/location_de_voiture_bresil\" target=\"_blank\">Location de voiture<\/a><\/div>\n<p>&nbsp;<\/p>\n","protected":false},"excerpt":{"rendered":"<p>&nbsp; Un voyage au Br\u00e9sil est capable de satisfaire les d\u00e9sirs des touristes les plus exigeants. Ceux qui recherchent les [&hellip;]<\/p>\n","protected":false},"author":3,"featured_media":2098,"parent":2297,"menu_order":0,"comment_status":"closed","ping_status":"closed","template":"","meta":{"site-sidebar-layout":"default","site-content-layout":"","ast-site-content-layout":"default","site-content-style":"default","site-sidebar-style":"default","ast-global-header-display":"","ast-banner-title-visibility":"","ast-main-header-display":"","ast-hfb-above-header-display":"","ast-hfb-below-header-display":"","ast-hfb-mobile-header-display":"","site-post-title":"","ast-breadcrumbs-content":"","ast-featured-img":"","footer-sml-layout":"","ast-disable-related-posts":"","theme-transparent-header-meta":"","adv-header-id-meta":"","stick-header-meta":"","header-above-stick-meta":"","header-main-stick-meta":"","header-below-stick-meta":"","astra-migrate-meta-layouts":"default","ast-page-background-enabled":"default","ast-page-background-meta":{"desktop":{"background-color":"var(--ast-global-color-5)","background-image":"","background-repeat":"repeat","background-position":"center center","background-size":"auto","background-attachment":"scroll","background-type":"","background-media":"","overlay-type":"","overlay-color":"","overlay-opacity":"","overlay-gradient":""},"tablet":{"background-color":"","background-image":"","background-repeat":"repeat","background-position":"center center","background-size":"auto","background-attachment":"scroll","background-type":"","background-media":"","overlay-type":"","overlay-color":"","overlay-opacity":"","overlay-gradient":""},"mobile":{"background-color":"","background-image":"","background-repeat":"repeat","background-position":"center center","background-size":"auto","background-attachment":"scroll","background-type":"","background-media":"","overlay-type":"","overlay-color":"","overlay-opacity":"","overlay-gradient":""}},"ast-content-background-meta":{"desktop":{"background-color":"var(--ast-global-color-4)","background-image":"","background-repeat":"repeat","background-position":"center center","background-size":"auto","background-attachment":"scroll","background-type":"","background-media":"","overlay-type":"","overlay-color":"","overlay-opacity":"","overlay-gradient":""},"tablet":{"background-color":"var(--ast-global-color-4)","background-image":"","background-repeat":"repeat","background-position":"center center","background-size":"auto","background-attachment":"scroll","background-type":"","background-media":"","overlay-type":"","overlay-color":"","overlay-opacity":"","overlay-gradient":""},"mobile":{"background-color":"var(--ast-global-color-4)","background-image":"","background-repeat":"repeat","background-position":"center center","background-size":"auto","background-attachment":"scroll","background-type":"","background-media":"","overlay-type":"","overlay-color":"","overlay-opacity":"","overlay-gradient":""}},"footnotes":""},"class_list":["post-2099","page","type-page","status-publish","has-post-thumbnail","hentry"],"yoast_head":"<!-- This site is optimized with the Yoast SEO plugin v27.5 - https:\/\/yoast.com\/product\/yoast-seo-wordpress\/ -->\n<title>TOURISME &amp; VOYAGE au BRESIL - Abc-latina<\/title>\n<meta name=\"description\" content=\"Un voyage au Br\u00e9sil est capable de satisfaire les d\u00e9sirs des voyageurs les plus exigeants.\" \/>\n<meta name=\"robots\" content=\"index, follow, max-snippet:-1, max-image-preview:large, max-video-preview:-1\" \/>\n<link rel=\"canonical\" href=\"https:\/\/abc-latina.com\/bresil\/tourisme\/\" \/>\n<meta property=\"og:locale\" content=\"fr_FR\" \/>\n<meta property=\"og:type\" content=\"article\" \/>\n<meta property=\"og:title\" content=\"TOURISME &amp; VOYAGE au BRESIL - Abc-latina\" \/>\n<meta property=\"og:description\" content=\"Un voyage au Br\u00e9sil est capable de satisfaire les d\u00e9sirs des voyageurs les plus exigeants.\" \/>\n<meta property=\"og:url\" content=\"https:\/\/abc-latina.com\/bresil\/tourisme\/\" \/>\n<meta property=\"og:site_name\" content=\"Abc-latina\" \/>\n<meta property=\"article:modified_time\" content=\"2026-04-30T16:24:52+00:00\" \/>\n<meta property=\"og:image\" content=\"https:\/\/abc-latina.com\/wp-content\/uploads\/2010\/08\/058-tourisme-au-bresil.jpg\" \/>\n\t<meta property=\"og:image:width\" content=\"700\" \/>\n\t<meta property=\"og:image:height\" content=\"467\" \/>\n\t<meta property=\"og:image:type\" content=\"image\/jpeg\" \/>\n<meta name=\"twitter:card\" content=\"summary_large_image\" \/>\n<meta name=\"twitter:label1\" content=\"Dur\u00e9e de lecture estim\u00e9e\" \/>\n\t<meta name=\"twitter:data1\" content=\"4 minutes\" \/>\n<script type=\"application\/ld+json\" class=\"yoast-schema-graph\">{\"@context\":\"https:\\\/\\\/schema.org\",\"@graph\":[{\"@type\":\"WebPage\",\"@id\":\"https:\\\/\\\/abc-latina.com\\\/bresil\\\/tourisme\\\/\",\"url\":\"https:\\\/\\\/abc-latina.com\\\/bresil\\\/tourisme\\\/\",\"name\":\"TOURISME & VOYAGE au BRESIL - Abc-latina\",\"isPartOf\":{\"@id\":\"https:\\\/\\\/abc-latina.com\\\/#website\"},\"primaryImageOfPage\":{\"@id\":\"https:\\\/\\\/abc-latina.com\\\/bresil\\\/tourisme\\\/#primaryimage\"},\"image\":{\"@id\":\"https:\\\/\\\/abc-latina.com\\\/bresil\\\/tourisme\\\/#primaryimage\"},\"thumbnailUrl\":\"https:\\\/\\\/abc-latina.com\\\/wp-content\\\/uploads\\\/2010\\\/08\\\/058-tourisme-au-bresil.jpg\",\"datePublished\":\"2010-08-05T03:38:06+00:00\",\"dateModified\":\"2026-04-30T16:24:52+00:00\",\"description\":\"Un voyage au Br\u00e9sil est capable de satisfaire les d\u00e9sirs des voyageurs les plus exigeants.\",\"breadcrumb\":{\"@id\":\"https:\\\/\\\/abc-latina.com\\\/bresil\\\/tourisme\\\/#breadcrumb\"},\"inLanguage\":\"fr-FR\",\"potentialAction\":[{\"@type\":\"ReadAction\",\"target\":[\"https:\\\/\\\/abc-latina.com\\\/bresil\\\/tourisme\\\/\"]}]},{\"@type\":\"ImageObject\",\"inLanguage\":\"fr-FR\",\"@id\":\"https:\\\/\\\/abc-latina.com\\\/bresil\\\/tourisme\\\/#primaryimage\",\"url\":\"https:\\\/\\\/abc-latina.com\\\/wp-content\\\/uploads\\\/2010\\\/08\\\/058-tourisme-au-bresil.jpg\",\"contentUrl\":\"https:\\\/\\\/abc-latina.com\\\/wp-content\\\/uploads\\\/2010\\\/08\\\/058-tourisme-au-bresil.jpg\",\"width\":700,\"height\":467,\"caption\":\"TOURISME AU BRESIL\"},{\"@type\":\"BreadcrumbList\",\"@id\":\"https:\\\/\\\/abc-latina.com\\\/bresil\\\/tourisme\\\/#breadcrumb\",\"itemListElement\":[{\"@type\":\"ListItem\",\"position\":1,\"name\":\"Accueil\",\"item\":\"https:\\\/\\\/abc-latina.com\\\/\"},{\"@type\":\"ListItem\",\"position\":2,\"name\":\"TOURISME &#038; VOYAGE au BRESIL\"}]},{\"@type\":\"WebSite\",\"@id\":\"https:\\\/\\\/abc-latina.com\\\/#website\",\"url\":\"https:\\\/\\\/abc-latina.com\\\/\",\"name\":\"Abc-latina\",\"description\":\"\",\"publisher\":{\"@id\":\"https:\\\/\\\/abc-latina.com\\\/#organization\"},\"potentialAction\":[{\"@type\":\"SearchAction\",\"target\":{\"@type\":\"EntryPoint\",\"urlTemplate\":\"https:\\\/\\\/abc-latina.com\\\/?s={search_term_string}\"},\"query-input\":{\"@type\":\"PropertyValueSpecification\",\"valueRequired\":true,\"valueName\":\"search_term_string\"}}],\"inLanguage\":\"fr-FR\"},{\"@type\":\"Organization\",\"@id\":\"https:\\\/\\\/abc-latina.com\\\/#organization\",\"name\":\"Abc-latina\",\"url\":\"https:\\\/\\\/abc-latina.com\\\/\",\"logo\":{\"@type\":\"ImageObject\",\"inLanguage\":\"fr-FR\",\"@id\":\"https:\\\/\\\/abc-latina.com\\\/#\\\/schema\\\/logo\\\/image\\\/\",\"url\":\"https:\\\/\\\/abc-latina.com\\\/wp-content\\\/uploads\\\/2026\\\/05\\\/cropped-logo.gif\",\"contentUrl\":\"https:\\\/\\\/abc-latina.com\\\/wp-content\\\/uploads\\\/2026\\\/05\\\/cropped-logo.gif\",\"width\":89,\"height\":84,\"caption\":\"Abc-latina\"},\"image\":{\"@id\":\"https:\\\/\\\/abc-latina.com\\\/#\\\/schema\\\/logo\\\/image\\\/\"}}]}<\/script>\n<!-- \/ Yoast SEO plugin. -->","yoast_head_json":{"title":"TOURISME & VOYAGE au BRESIL - Abc-latina","description":"Un voyage au Br\u00e9sil est capable de satisfaire les d\u00e9sirs des voyageurs les plus exigeants.","robots":{"index":"index","follow":"follow","max-snippet":"max-snippet:-1","max-image-preview":"max-image-preview:large","max-video-preview":"max-video-preview:-1"},"canonical":"https:\/\/abc-latina.com\/bresil\/tourisme\/","og_locale":"fr_FR","og_type":"article","og_title":"TOURISME & VOYAGE au BRESIL - Abc-latina","og_description":"Un voyage au Br\u00e9sil est capable de satisfaire les d\u00e9sirs des voyageurs les plus exigeants.","og_url":"https:\/\/abc-latina.com\/bresil\/tourisme\/","og_site_name":"Abc-latina","article_modified_time":"2026-04-30T16:24:52+00:00","og_image":[{"width":700,"height":467,"url":"https:\/\/abc-latina.com\/wp-content\/uploads\/2010\/08\/058-tourisme-au-bresil.jpg","type":"image\/jpeg"}],"twitter_card":"summary_large_image","twitter_misc":{"Dur\u00e9e de lecture estim\u00e9e":"4 minutes"},"schema":{"@context":"https:\/\/schema.org","@graph":[{"@type":"WebPage","@id":"https:\/\/abc-latina.com\/bresil\/tourisme\/","url":"https:\/\/abc-latina.com\/bresil\/tourisme\/","name":"TOURISME & VOYAGE au BRESIL - Abc-latina","isPartOf":{"@id":"https:\/\/abc-latina.com\/#website"},"primaryImageOfPage":{"@id":"https:\/\/abc-latina.com\/bresil\/tourisme\/#primaryimage"},"image":{"@id":"https:\/\/abc-latina.com\/bresil\/tourisme\/#primaryimage"},"thumbnailUrl":"https:\/\/abc-latina.com\/wp-content\/uploads\/2010\/08\/058-tourisme-au-bresil.jpg","datePublished":"2010-08-05T03:38:06+00:00","dateModified":"2026-04-30T16:24:52+00:00","description":"Un voyage au Br\u00e9sil est capable de satisfaire les d\u00e9sirs des voyageurs les plus exigeants.","breadcrumb":{"@id":"https:\/\/abc-latina.com\/bresil\/tourisme\/#breadcrumb"},"inLanguage":"fr-FR","potentialAction":[{"@type":"ReadAction","target":["https:\/\/abc-latina.com\/bresil\/tourisme\/"]}]},{"@type":"ImageObject","inLanguage":"fr-FR","@id":"https:\/\/abc-latina.com\/bresil\/tourisme\/#primaryimage","url":"https:\/\/abc-latina.com\/wp-content\/uploads\/2010\/08\/058-tourisme-au-bresil.jpg","contentUrl":"https:\/\/abc-latina.com\/wp-content\/uploads\/2010\/08\/058-tourisme-au-bresil.jpg","width":700,"height":467,"caption":"TOURISME AU BRESIL"},{"@type":"BreadcrumbList","@id":"https:\/\/abc-latina.com\/bresil\/tourisme\/#breadcrumb","itemListElement":[{"@type":"ListItem","position":1,"name":"Accueil","item":"https:\/\/abc-latina.com\/"},{"@type":"ListItem","position":2,"name":"TOURISME &#038; VOYAGE au BRESIL"}]},{"@type":"WebSite","@id":"https:\/\/abc-latina.com\/#website","url":"https:\/\/abc-latina.com\/","name":"Abc-latina","description":"","publisher":{"@id":"https:\/\/abc-latina.com\/#organization"},"potentialAction":[{"@type":"SearchAction","target":{"@type":"EntryPoint","urlTemplate":"https:\/\/abc-latina.com\/?s={search_term_string}"},"query-input":{"@type":"PropertyValueSpecification","valueRequired":true,"valueName":"search_term_string"}}],"inLanguage":"fr-FR"},{"@type":"Organization","@id":"https:\/\/abc-latina.com\/#organization","name":"Abc-latina","url":"https:\/\/abc-latina.com\/","logo":{"@type":"ImageObject","inLanguage":"fr-FR","@id":"https:\/\/abc-latina.com\/#\/schema\/logo\/image\/","url":"https:\/\/abc-latina.com\/wp-content\/uploads\/2026\/05\/cropped-logo.gif","contentUrl":"https:\/\/abc-latina.com\/wp-content\/uploads\/2026\/05\/cropped-logo.gif","width":89,"height":84,"caption":"Abc-latina"},"image":{"@id":"https:\/\/abc-latina.com\/#\/schema\/logo\/image\/"}}]}},"_links":{"self":[{"href":"https:\/\/abc-latina.com\/wp-json\/wp\/v2\/pages\/2099","targetHints":{"allow":["GET"]}}],"collection":[{"href":"https:\/\/abc-latina.com\/wp-json\/wp\/v2\/pages"}],"about":[{"href":"https:\/\/abc-latina.com\/wp-json\/wp\/v2\/types\/page"}],"author":[{"embeddable":true,"href":"https:\/\/abc-latina.com\/wp-json\/wp\/v2\/users\/3"}],"replies":[{"embeddable":true,"href":"https:\/\/abc-latina.com\/wp-json\/wp\/v2\/comments?post=2099"}],"version-history":[{"count":1,"href":"https:\/\/abc-latina.com\/wp-json\/wp\/v2\/pages\/2099\/revisions"}],"predecessor-version":[{"id":3210,"href":"https:\/\/abc-latina.com\/wp-json\/wp\/v2\/pages\/2099\/revisions\/3210"}],"up":[{"embeddable":true,"href":"https:\/\/abc-latina.com\/wp-json\/wp\/v2\/pages\/2297"}],"wp:featuredmedia":[{"embeddable":true,"href":"https:\/\/abc-latina.com\/wp-json\/wp\/v2\/media\/2098"}],"wp:attachment":[{"href":"https:\/\/abc-latina.com\/wp-json\/wp\/v2\/media?parent=2099"}],"curies":[{"name":"wp","href":"https:\/\/api.w.org\/{rel}","templated":true}]}}