{"id":2109,"date":"2010-08-06T02:36:12","date_gmt":"2010-08-06T00:36:12","guid":{"rendered":"http:\/\/abc-latina.com\/circuit_arequipa-colca-puno-cusco-htm\/"},"modified":"2026-04-30T18:25:14","modified_gmt":"2026-04-30T16:25:14","slug":"circuit_arequipa-colca-puno-cusco","status":"publish","type":"page","link":"https:\/\/abc-latina.com\/perou\/circuit_arequipa-colca-puno-cusco\/","title":{"rendered":"CIRCUIT AREQUIPA COLCA PUNO CUSCO"},"content":{"rendered":"<p><img loading=\"lazy\" decoding=\"async\" class=\" size-full wp-image-932\" src=\"http:\/\/abc-latina.com\/wp-content\/uploads\/2010\/06\/IMG_8812.jpg\" title=\"CIRCUIT TOURISTIQUE AREQUIPA COLCA PUNO CUSCO\" alt=\"\" width=\"480\" height=\"360\" srcset=\"https:\/\/abc-latina.com\/wp-content\/uploads\/2010\/06\/IMG_8812.jpg 600w, https:\/\/abc-latina.com\/wp-content\/uploads\/2010\/06\/IMG_8812-300x225.jpg 300w\" sizes=\"auto, (max-width: 480px) 100vw, 480px\" \/><\/p>\n<div>\n<div>&nbsp;<\/div>\n<div>Dur\u00e9e de s\u00e9jour sugg\u00e9r\u00e9e: 11 jours (par avion) \/ 15 jours (en voiture)<\/div>\n<div>&nbsp;<\/div>\n<div>C&rsquo;est un des circuits les plus parcourus d&rsquo; Am\u00e9rique Latine, non seulement en raison de la liaison entre les villes, mais aussi en raison des attractions qu&rsquo;il pr\u00e9sente.<\/div>\n<div>&nbsp;<\/div>\n<div>La route commence \u00e0 <a href=\"https:\/\/www.abc-latina.com\/perou\/arequipa\">Arequipa<\/a> (\u00e0 50 minutes -en avion- de Lima et \u00e0 14 heures par la route). Votre s\u00e9jour \u00e0 Arequipa, \u00e0 2.335 msnm, vous permettra de vous adapter \u00e0 l&rsquo;altitude et de profiter d&rsquo;un grand nombre d&rsquo;attractions. En ville, vous pourrez visiter la Cath\u00e9drale ou le Monast\u00e8re de Santa Catalina; dans les districts de la p\u00e9riph\u00e9rie, au milieu de belles campagnes, vous pourrez visiter la localit\u00e9 de Chivay (\u00e0 5 heures environ), qui est la porte d&rsquo;entr\u00e9e \u00e0 la vall\u00e9e du Colca. La route commence \u00e0 Arequipa et traverse au milieu de paysages et de volcans surprenants. A Chivay vous aurez plusieurs choix pour parcourir la vall\u00e9e et pour atteindre le mirador de la Cruz del C\u00f3ndor o\u00f9 vous pourrez avoir un aper\u00e7u extraordinaire du vol des condors et de la profondeur du canyon du m\u00eame nom. Ne manquez pas de faire une visite aux communaut\u00e9s voisines, avec leurs \u00e9glises et leurs places, v\u00e9ritables expressions de la pr\u00e9sence coloniale dans la zone. Pour les amateurs de sports d&rsquo;aventure, la vall\u00e9e du Colca offre d&rsquo;innombrables possibilit\u00e9s : randonn\u00e9es, andinisme, canotage.<\/div>\n<div>&nbsp;<\/div>\n<div>La prochaine destination (en train, en avion ou en voiture) sera Puno, \u00e0 281 km d&rsquo;Arequipa. Naviguer sur le <a href=\"https:\/\/www.abc-latina.com\/perou\/titicaca\">Lac Titicaca<\/a>, et faire un parcours \u00e0 travers de ses \u00eeles, vous permettra d&rsquo;admirer des paysages naturels des hauts plateaux, des plages au sable blanc, une flore et une faune uniques et surtout, de conna\u00eetre ses habitants et leurs traditions.<\/div>\n<div>&nbsp;<\/div>\n<div>Vous arriverez au <a href=\"https:\/\/www.abc-latina.com\/perou\/cuzco\">Cusco<\/a>, capitale arch\u00e9ologique de l&rsquo;Am\u00e9rique, en prenant le train \u00e0 Puno. La ville de Cusco vous offre des possibilit\u00e9s presque infinies pour votre visite. Une alternative int\u00e9ressante est le parcours des \u00e9glises et des constructions de style colonial, parcours pendant lequel vous pourrez admirer l&rsquo;art exquis, produit du m\u00e9tissage entre la culture indig\u00e8ne et la culture occidentale, qui se refl\u00e8te sur les tableaux de l&rsquo; Ecole du Cusco. Mais Cusco repr\u00e9sente surtout un parcours fondamentalement arch\u00e9ologique; avec des temples, des forteresses, des palais et autres chefs d&rsquo;\u0153uvre de l&rsquo;architecture <a href=\"https:\/\/www.abc-latina.com\/civilisations\/Inca\">inca<\/a>, parmi lesquels il faut souligner <a href=\"https:\/\/www.abc-latina.com\/perou\/machu\">Machu Picchu<\/a>, consid\u00e9r\u00e9e comme une des merveilles du monde par de nombreuses personnes. Si vous \u00eates int\u00e9ress\u00e9 par les sports d&rsquo;aventure, Cusco est une destination appropri\u00e9e pour leur pratique.<\/div>\n<\/div>\n","protected":false},"excerpt":{"rendered":"<p>&nbsp; Dur\u00e9e de s\u00e9jour sugg\u00e9r\u00e9e: 11 jours (par avion) \/ 15 jours (en voiture) &nbsp; C&rsquo;est un des circuits les [&hellip;]<\/p>\n","protected":false},"author":3,"featured_media":932,"parent":2118,"menu_order":0,"comment_status":"closed","ping_status":"closed","template":"","meta":{"site-sidebar-layout":"default","site-content-layout":"","ast-site-content-layout":"default","site-content-style":"default","site-sidebar-style":"default","ast-global-header-display":"","ast-banner-title-visibility":"","ast-main-header-display":"","ast-hfb-above-header-display":"","ast-hfb-below-header-display":"","ast-hfb-mobile-header-display":"","site-post-title":"","ast-breadcrumbs-content":"","ast-featured-img":"","footer-sml-layout":"","ast-disable-related-posts":"","theme-transparent-header-meta":"","adv-header-id-meta":"","stick-header-meta":"","header-above-stick-meta":"","header-main-stick-meta":"","header-below-stick-meta":"","astra-migrate-meta-layouts":"default","ast-page-background-enabled":"default","ast-page-background-meta":{"desktop":{"background-color":"var(--ast-global-color-5)","background-image":"","background-repeat":"repeat","background-position":"center center","background-size":"auto","background-attachment":"scroll","background-type":"","background-media":"","overlay-type":"","overlay-color":"","overlay-opacity":"","overlay-gradient":""},"tablet":{"background-color":"","background-image":"","background-repeat":"repeat","background-position":"center center","background-size":"auto","background-attachment":"scroll","background-type":"","background-media":"","overlay-type":"","overlay-color":"","overlay-opacity":"","overlay-gradient":""},"mobile":{"background-color":"","background-image":"","background-repeat":"repeat","background-position":"center center","background-size":"auto","background-attachment":"scroll","background-type":"","background-media":"","overlay-type":"","overlay-color":"","overlay-opacity":"","overlay-gradient":""}},"ast-content-background-meta":{"desktop":{"background-color":"var(--ast-global-color-4)","background-image":"","background-repeat":"repeat","background-position":"center center","background-size":"auto","background-attachment":"scroll","background-type":"","background-media":"","overlay-type":"","overlay-color":"","overlay-opacity":"","overlay-gradient":""},"tablet":{"background-color":"var(--ast-global-color-4)","background-image":"","background-repeat":"repeat","background-position":"center center","background-size":"auto","background-attachment":"scroll","background-type":"","background-media":"","overlay-type":"","overlay-color":"","overlay-opacity":"","overlay-gradient":""},"mobile":{"background-color":"var(--ast-global-color-4)","background-image":"","background-repeat":"repeat","background-position":"center center","background-size":"auto","background-attachment":"scroll","background-type":"","background-media":"","overlay-type":"","overlay-color":"","overlay-opacity":"","overlay-gradient":""}},"footnotes":""},"class_list":["post-2109","page","type-page","status-publish","has-post-thumbnail","hentry"],"yoast_head":"<!-- This site is optimized with the Yoast SEO plugin v27.5 - https:\/\/yoast.com\/product\/yoast-seo-wordpress\/ -->\n<title>CIRCUIT AREQUIPA COLCA PUNO CUSCO - Abc-latina<\/title>\n<meta name=\"description\" content=\"Circuit touristique au P\u00e9rou, Arequipa - Colca - Puno - Cusco.\" \/>\n<meta name=\"robots\" content=\"index, follow, max-snippet:-1, max-image-preview:large, max-video-preview:-1\" \/>\n<link rel=\"canonical\" href=\"https:\/\/abc-latina.com\/perou\/circuit_arequipa-colca-puno-cusco\/\" \/>\n<meta property=\"og:locale\" content=\"fr_FR\" \/>\n<meta property=\"og:type\" content=\"article\" \/>\n<meta property=\"og:title\" content=\"CIRCUIT AREQUIPA COLCA PUNO CUSCO - Abc-latina\" \/>\n<meta property=\"og:description\" content=\"Circuit touristique au P\u00e9rou, Arequipa - Colca - Puno - Cusco.\" \/>\n<meta property=\"og:url\" content=\"https:\/\/abc-latina.com\/perou\/circuit_arequipa-colca-puno-cusco\/\" \/>\n<meta property=\"og:site_name\" content=\"Abc-latina\" \/>\n<meta property=\"article:modified_time\" content=\"2026-04-30T16:25:14+00:00\" \/>\n<meta property=\"og:image\" content=\"https:\/\/abc-latina.com\/wp-content\/uploads\/2010\/06\/IMG_8812.jpg\" \/>\n\t<meta property=\"og:image:width\" content=\"600\" \/>\n\t<meta property=\"og:image:height\" content=\"450\" \/>\n\t<meta property=\"og:image:type\" content=\"image\/jpeg\" \/>\n<meta name=\"twitter:card\" content=\"summary_large_image\" \/>\n<meta name=\"twitter:label1\" content=\"Dur\u00e9e de lecture estim\u00e9e\" \/>\n\t<meta name=\"twitter:data1\" content=\"2 minutes\" \/>\n<script type=\"application\/ld+json\" class=\"yoast-schema-graph\">{\"@context\":\"https:\\\/\\\/schema.org\",\"@graph\":[{\"@type\":\"WebPage\",\"@id\":\"https:\\\/\\\/abc-latina.com\\\/perou\\\/circuit_arequipa-colca-puno-cusco\\\/\",\"url\":\"https:\\\/\\\/abc-latina.com\\\/perou\\\/circuit_arequipa-colca-puno-cusco\\\/\",\"name\":\"CIRCUIT AREQUIPA COLCA PUNO CUSCO - Abc-latina\",\"isPartOf\":{\"@id\":\"https:\\\/\\\/abc-latina.com\\\/#website\"},\"primaryImageOfPage\":{\"@id\":\"https:\\\/\\\/abc-latina.com\\\/perou\\\/circuit_arequipa-colca-puno-cusco\\\/#primaryimage\"},\"image\":{\"@id\":\"https:\\\/\\\/abc-latina.com\\\/perou\\\/circuit_arequipa-colca-puno-cusco\\\/#primaryimage\"},\"thumbnailUrl\":\"https:\\\/\\\/abc-latina.com\\\/wp-content\\\/uploads\\\/2010\\\/06\\\/IMG_8812.jpg\",\"datePublished\":\"2010-08-06T00:36:12+00:00\",\"dateModified\":\"2026-04-30T16:25:14+00:00\",\"description\":\"Circuit touristique au P\u00e9rou, Arequipa - Colca - Puno - Cusco.\",\"breadcrumb\":{\"@id\":\"https:\\\/\\\/abc-latina.com\\\/perou\\\/circuit_arequipa-colca-puno-cusco\\\/#breadcrumb\"},\"inLanguage\":\"fr-FR\",\"potentialAction\":[{\"@type\":\"ReadAction\",\"target\":[\"https:\\\/\\\/abc-latina.com\\\/perou\\\/circuit_arequipa-colca-puno-cusco\\\/\"]}]},{\"@type\":\"ImageObject\",\"inLanguage\":\"fr-FR\",\"@id\":\"https:\\\/\\\/abc-latina.com\\\/perou\\\/circuit_arequipa-colca-puno-cusco\\\/#primaryimage\",\"url\":\"https:\\\/\\\/abc-latina.com\\\/wp-content\\\/uploads\\\/2010\\\/06\\\/IMG_8812.jpg\",\"contentUrl\":\"https:\\\/\\\/abc-latina.com\\\/wp-content\\\/uploads\\\/2010\\\/06\\\/IMG_8812.jpg\",\"width\":600,\"height\":450},{\"@type\":\"BreadcrumbList\",\"@id\":\"https:\\\/\\\/abc-latina.com\\\/perou\\\/circuit_arequipa-colca-puno-cusco\\\/#breadcrumb\",\"itemListElement\":[{\"@type\":\"ListItem\",\"position\":1,\"name\":\"Accueil\",\"item\":\"https:\\\/\\\/abc-latina.com\\\/\"},{\"@type\":\"ListItem\",\"position\":2,\"name\":\"CIRCUIT AREQUIPA COLCA PUNO CUSCO\"}]},{\"@type\":\"WebSite\",\"@id\":\"https:\\\/\\\/abc-latina.com\\\/#website\",\"url\":\"https:\\\/\\\/abc-latina.com\\\/\",\"name\":\"Abc-latina\",\"description\":\"\",\"publisher\":{\"@id\":\"https:\\\/\\\/abc-latina.com\\\/#organization\"},\"potentialAction\":[{\"@type\":\"SearchAction\",\"target\":{\"@type\":\"EntryPoint\",\"urlTemplate\":\"https:\\\/\\\/abc-latina.com\\\/?s={search_term_string}\"},\"query-input\":{\"@type\":\"PropertyValueSpecification\",\"valueRequired\":true,\"valueName\":\"search_term_string\"}}],\"inLanguage\":\"fr-FR\"},{\"@type\":\"Organization\",\"@id\":\"https:\\\/\\\/abc-latina.com\\\/#organization\",\"name\":\"Abc-latina\",\"url\":\"https:\\\/\\\/abc-latina.com\\\/\",\"logo\":{\"@type\":\"ImageObject\",\"inLanguage\":\"fr-FR\",\"@id\":\"https:\\\/\\\/abc-latina.com\\\/#\\\/schema\\\/logo\\\/image\\\/\",\"url\":\"https:\\\/\\\/abc-latina.com\\\/wp-content\\\/uploads\\\/2026\\\/05\\\/cropped-logo.gif\",\"contentUrl\":\"https:\\\/\\\/abc-latina.com\\\/wp-content\\\/uploads\\\/2026\\\/05\\\/cropped-logo.gif\",\"width\":89,\"height\":84,\"caption\":\"Abc-latina\"},\"image\":{\"@id\":\"https:\\\/\\\/abc-latina.com\\\/#\\\/schema\\\/logo\\\/image\\\/\"}}]}<\/script>\n<!-- \/ Yoast SEO plugin. -->","yoast_head_json":{"title":"CIRCUIT AREQUIPA COLCA PUNO CUSCO - Abc-latina","description":"Circuit touristique au P\u00e9rou, Arequipa - Colca - Puno - Cusco.","robots":{"index":"index","follow":"follow","max-snippet":"max-snippet:-1","max-image-preview":"max-image-preview:large","max-video-preview":"max-video-preview:-1"},"canonical":"https:\/\/abc-latina.com\/perou\/circuit_arequipa-colca-puno-cusco\/","og_locale":"fr_FR","og_type":"article","og_title":"CIRCUIT AREQUIPA COLCA PUNO CUSCO - Abc-latina","og_description":"Circuit touristique au P\u00e9rou, Arequipa - Colca - Puno - Cusco.","og_url":"https:\/\/abc-latina.com\/perou\/circuit_arequipa-colca-puno-cusco\/","og_site_name":"Abc-latina","article_modified_time":"2026-04-30T16:25:14+00:00","og_image":[{"width":600,"height":450,"url":"https:\/\/abc-latina.com\/wp-content\/uploads\/2010\/06\/IMG_8812.jpg","type":"image\/jpeg"}],"twitter_card":"summary_large_image","twitter_misc":{"Dur\u00e9e de lecture estim\u00e9e":"2 minutes"},"schema":{"@context":"https:\/\/schema.org","@graph":[{"@type":"WebPage","@id":"https:\/\/abc-latina.com\/perou\/circuit_arequipa-colca-puno-cusco\/","url":"https:\/\/abc-latina.com\/perou\/circuit_arequipa-colca-puno-cusco\/","name":"CIRCUIT AREQUIPA COLCA PUNO CUSCO - Abc-latina","isPartOf":{"@id":"https:\/\/abc-latina.com\/#website"},"primaryImageOfPage":{"@id":"https:\/\/abc-latina.com\/perou\/circuit_arequipa-colca-puno-cusco\/#primaryimage"},"image":{"@id":"https:\/\/abc-latina.com\/perou\/circuit_arequipa-colca-puno-cusco\/#primaryimage"},"thumbnailUrl":"https:\/\/abc-latina.com\/wp-content\/uploads\/2010\/06\/IMG_8812.jpg","datePublished":"2010-08-06T00:36:12+00:00","dateModified":"2026-04-30T16:25:14+00:00","description":"Circuit touristique au P\u00e9rou, Arequipa - Colca - Puno - Cusco.","breadcrumb":{"@id":"https:\/\/abc-latina.com\/perou\/circuit_arequipa-colca-puno-cusco\/#breadcrumb"},"inLanguage":"fr-FR","potentialAction":[{"@type":"ReadAction","target":["https:\/\/abc-latina.com\/perou\/circuit_arequipa-colca-puno-cusco\/"]}]},{"@type":"ImageObject","inLanguage":"fr-FR","@id":"https:\/\/abc-latina.com\/perou\/circuit_arequipa-colca-puno-cusco\/#primaryimage","url":"https:\/\/abc-latina.com\/wp-content\/uploads\/2010\/06\/IMG_8812.jpg","contentUrl":"https:\/\/abc-latina.com\/wp-content\/uploads\/2010\/06\/IMG_8812.jpg","width":600,"height":450},{"@type":"BreadcrumbList","@id":"https:\/\/abc-latina.com\/perou\/circuit_arequipa-colca-puno-cusco\/#breadcrumb","itemListElement":[{"@type":"ListItem","position":1,"name":"Accueil","item":"https:\/\/abc-latina.com\/"},{"@type":"ListItem","position":2,"name":"CIRCUIT AREQUIPA COLCA PUNO CUSCO"}]},{"@type":"WebSite","@id":"https:\/\/abc-latina.com\/#website","url":"https:\/\/abc-latina.com\/","name":"Abc-latina","description":"","publisher":{"@id":"https:\/\/abc-latina.com\/#organization"},"potentialAction":[{"@type":"SearchAction","target":{"@type":"EntryPoint","urlTemplate":"https:\/\/abc-latina.com\/?s={search_term_string}"},"query-input":{"@type":"PropertyValueSpecification","valueRequired":true,"valueName":"search_term_string"}}],"inLanguage":"fr-FR"},{"@type":"Organization","@id":"https:\/\/abc-latina.com\/#organization","name":"Abc-latina","url":"https:\/\/abc-latina.com\/","logo":{"@type":"ImageObject","inLanguage":"fr-FR","@id":"https:\/\/abc-latina.com\/#\/schema\/logo\/image\/","url":"https:\/\/abc-latina.com\/wp-content\/uploads\/2026\/05\/cropped-logo.gif","contentUrl":"https:\/\/abc-latina.com\/wp-content\/uploads\/2026\/05\/cropped-logo.gif","width":89,"height":84,"caption":"Abc-latina"},"image":{"@id":"https:\/\/abc-latina.com\/#\/schema\/logo\/image\/"}}]}},"_links":{"self":[{"href":"https:\/\/abc-latina.com\/wp-json\/wp\/v2\/pages\/2109","targetHints":{"allow":["GET"]}}],"collection":[{"href":"https:\/\/abc-latina.com\/wp-json\/wp\/v2\/pages"}],"about":[{"href":"https:\/\/abc-latina.com\/wp-json\/wp\/v2\/types\/page"}],"author":[{"embeddable":true,"href":"https:\/\/abc-latina.com\/wp-json\/wp\/v2\/users\/3"}],"replies":[{"embeddable":true,"href":"https:\/\/abc-latina.com\/wp-json\/wp\/v2\/comments?post=2109"}],"version-history":[{"count":1,"href":"https:\/\/abc-latina.com\/wp-json\/wp\/v2\/pages\/2109\/revisions"}],"predecessor-version":[{"id":3672,"href":"https:\/\/abc-latina.com\/wp-json\/wp\/v2\/pages\/2109\/revisions\/3672"}],"up":[{"embeddable":true,"href":"https:\/\/abc-latina.com\/wp-json\/wp\/v2\/pages\/2118"}],"wp:featuredmedia":[{"embeddable":true,"href":"https:\/\/abc-latina.com\/wp-json\/wp\/v2\/media\/932"}],"wp:attachment":[{"href":"https:\/\/abc-latina.com\/wp-json\/wp\/v2\/media?parent=2109"}],"curies":[{"name":"wp","href":"https:\/\/api.w.org\/{rel}","templated":true}]}}