{"id":2110,"date":"2010-08-06T02:51:02","date_gmt":"2010-08-06T00:51:02","guid":{"rendered":"http:\/\/abc-latina.com\/circuit_callejon_de_huaylas-htm\/"},"modified":"2026-04-30T18:25:14","modified_gmt":"2026-04-30T16:25:14","slug":"circuit_callejon_de_huaylas","status":"publish","type":"page","link":"https:\/\/abc-latina.com\/perou\/circuit_callejon_de_huaylas\/","title":{"rendered":"CIRCUIT CALLEJON DE HUAYLAS"},"content":{"rendered":"<p>Dur\u00e9e de s\u00e9jour sugg\u00e9r\u00e9e: 5 jours<\/p>\n<div>\n<div>&nbsp;<\/div>\n<div>Le <a href=\"https:\/\/www.abc-latina.com\/perou\/huaylas\">Callej\u00f3n de Huaylas<\/a> est situ\u00e9 a 400 km au nord-est de <a href=\"https:\/\/www.abc-latina.com\/perou\/lima\">Lima<\/a>, entre la Cordill\u00e8re Blanche et la Cordill\u00e8re Noire. La <a href=\"https:\/\/www.abc-latina.com\/perou\/cordillere_blanche\">Cordill\u00e8re Blanche<\/a>, ainsi d\u00e9nomm\u00e9e en raison de ses sommets enneig\u00e9s, est la cha\u00eene montagneuse la plus \u00e9lev\u00e9e des Andes et des zones tropicales du monde. On y acc\u00e8de \u00e0 partir de Lima, par la route Lima-Pativilca jusqu&rsquo;\u00e0 la ville de Huaraz, capitale du d\u00e9partement d&rsquo;Ancash. Le voyage en voiture ou en bus dure environ 7 heures. Huaraz est le centre d&rsquo;op\u00e9rations de la zone.<\/div>\n<div>&nbsp;<\/div>\n<div>Le Callej\u00f3n de Huaylas offre des attractions, des services et une infrastructure pour les <a href=\"https:\/\/www.abc-latina.com\/perou\/tourisme\/\">sports d&rsquo;aventure<\/a>. L&rsquo;andiniste aura \u00e0 sa disposition une \u00e9quipe exp\u00e9riment\u00e9e de secours de haute montagne qui compte avec un h\u00e9licopt\u00e8re. II existe des parcours de diff\u00e9rente dur\u00e9e pour la pratique de sports de montagne qui vont de quelques jours jusqu&rsquo;\u00e0 deux semaines, si vous le souhaitez. Si vous aimez l&rsquo;adr\u00e9naline, outre les sports de montagne, nous vous recommandons le canotage, l&rsquo;aile-delta, le <a href=\"https:\/\/www.abc-latina.com\/perou\/tourisme\/cyclisme\">v\u00e9lo de montagne<\/a>, le ski et les <a href=\"https:\/\/www.abc-latina.com\/perou\/trekking\">randonn\u00e9es<\/a>.<\/div>\n<div>&nbsp;<\/div>\n<div>Dans la zone, vous pourrez parcourir les localit\u00e9s de Recuay, Carhuaz, Yungay et Caraz. Dans ces localit\u00e9s les habitants vivent tranquillement selon les anciennes traditions, en se consacrant \u00e0 l&rsquo;\u00e9levage et \u00e0 l&rsquo;agriculture.<\/div>\n<div>&nbsp;<\/div>\n<div>La p\u00e9riode recommand\u00e9e pour la visite se situe entre les mois de mai et septembre. En raison de l&rsquo;altitude, faites attention au d\u00e9but de votre s\u00e9jour. N&rsquo;oubliez pas, en outre, de porter avec vous des v\u00eatements chauds et de boire beaucoup de liquides.<\/div>\n<div>&nbsp;<\/div>\n<div>Source PromPeru<\/div>\n<\/div>\n","protected":false},"excerpt":{"rendered":"<p>Dur\u00e9e de s\u00e9jour sugg\u00e9r\u00e9e: 5 jours &nbsp; Le Callej\u00f3n de Huaylas est situ\u00e9 a 400 km au nord-est de Lima, [&hellip;]<\/p>\n","protected":false},"author":3,"featured_media":0,"parent":2118,"menu_order":0,"comment_status":"closed","ping_status":"closed","template":"","meta":{"site-sidebar-layout":"default","site-content-layout":"","ast-site-content-layout":"default","site-content-style":"default","site-sidebar-style":"default","ast-global-header-display":"","ast-banner-title-visibility":"","ast-main-header-display":"","ast-hfb-above-header-display":"","ast-hfb-below-header-display":"","ast-hfb-mobile-header-display":"","site-post-title":"","ast-breadcrumbs-content":"","ast-featured-img":"","footer-sml-layout":"","ast-disable-related-posts":"","theme-transparent-header-meta":"","adv-header-id-meta":"","stick-header-meta":"","header-above-stick-meta":"","header-main-stick-meta":"","header-below-stick-meta":"","astra-migrate-meta-layouts":"default","ast-page-background-enabled":"default","ast-page-background-meta":{"desktop":{"background-color":"var(--ast-global-color-5)","background-image":"","background-repeat":"repeat","background-position":"center center","background-size":"auto","background-attachment":"scroll","background-type":"","background-media":"","overlay-type":"","overlay-color":"","overlay-opacity":"","overlay-gradient":""},"tablet":{"background-color":"","background-image":"","background-repeat":"repeat","background-position":"center center","background-size":"auto","background-attachment":"scroll","background-type":"","background-media":"","overlay-type":"","overlay-color":"","overlay-opacity":"","overlay-gradient":""},"mobile":{"background-color":"","background-image":"","background-repeat":"repeat","background-position":"center center","background-size":"auto","background-attachment":"scroll","background-type":"","background-media":"","overlay-type":"","overlay-color":"","overlay-opacity":"","overlay-gradient":""}},"ast-content-background-meta":{"desktop":{"background-color":"var(--ast-global-color-4)","background-image":"","background-repeat":"repeat","background-position":"center center","background-size":"auto","background-attachment":"scroll","background-type":"","background-media":"","overlay-type":"","overlay-color":"","overlay-opacity":"","overlay-gradient":""},"tablet":{"background-color":"var(--ast-global-color-4)","background-image":"","background-repeat":"repeat","background-position":"center center","background-size":"auto","background-attachment":"scroll","background-type":"","background-media":"","overlay-type":"","overlay-color":"","overlay-opacity":"","overlay-gradient":""},"mobile":{"background-color":"var(--ast-global-color-4)","background-image":"","background-repeat":"repeat","background-position":"center center","background-size":"auto","background-attachment":"scroll","background-type":"","background-media":"","overlay-type":"","overlay-color":"","overlay-opacity":"","overlay-gradient":""}},"footnotes":""},"class_list":["post-2110","page","type-page","status-publish","hentry"],"yoast_head":"<!-- This site is optimized with the Yoast SEO plugin v27.5 - https:\/\/yoast.com\/product\/yoast-seo-wordpress\/ -->\n<title>CIRCUIT CALLEJON DE HUAYLAS - Abc-latina<\/title>\n<meta name=\"description\" content=\"Circuit touristique au P\u00e9rou, Le Callejon de Huaylas.\" \/>\n<meta name=\"robots\" content=\"index, follow, max-snippet:-1, max-image-preview:large, max-video-preview:-1\" \/>\n<link rel=\"canonical\" href=\"https:\/\/abc-latina.com\/perou\/circuit_callejon_de_huaylas\/\" \/>\n<meta property=\"og:locale\" content=\"fr_FR\" \/>\n<meta property=\"og:type\" content=\"article\" \/>\n<meta property=\"og:title\" content=\"CIRCUIT CALLEJON DE HUAYLAS - Abc-latina\" \/>\n<meta property=\"og:description\" content=\"Circuit touristique au P\u00e9rou, Le Callejon de Huaylas.\" \/>\n<meta property=\"og:url\" content=\"https:\/\/abc-latina.com\/perou\/circuit_callejon_de_huaylas\/\" \/>\n<meta property=\"og:site_name\" content=\"Abc-latina\" \/>\n<meta property=\"article:modified_time\" content=\"2026-04-30T16:25:14+00:00\" \/>\n<meta name=\"twitter:card\" content=\"summary_large_image\" \/>\n<meta name=\"twitter:label1\" content=\"Dur\u00e9e de lecture estim\u00e9e\" \/>\n\t<meta name=\"twitter:data1\" content=\"1 minute\" \/>\n<script type=\"application\/ld+json\" class=\"yoast-schema-graph\">{\"@context\":\"https:\\\/\\\/schema.org\",\"@graph\":[{\"@type\":\"WebPage\",\"@id\":\"https:\\\/\\\/abc-latina.com\\\/perou\\\/circuit_callejon_de_huaylas\\\/\",\"url\":\"https:\\\/\\\/abc-latina.com\\\/perou\\\/circuit_callejon_de_huaylas\\\/\",\"name\":\"CIRCUIT CALLEJON DE HUAYLAS - Abc-latina\",\"isPartOf\":{\"@id\":\"https:\\\/\\\/abc-latina.com\\\/#website\"},\"datePublished\":\"2010-08-06T00:51:02+00:00\",\"dateModified\":\"2026-04-30T16:25:14+00:00\",\"description\":\"Circuit touristique au P\u00e9rou, Le Callejon de Huaylas.\",\"breadcrumb\":{\"@id\":\"https:\\\/\\\/abc-latina.com\\\/perou\\\/circuit_callejon_de_huaylas\\\/#breadcrumb\"},\"inLanguage\":\"fr-FR\",\"potentialAction\":[{\"@type\":\"ReadAction\",\"target\":[\"https:\\\/\\\/abc-latina.com\\\/perou\\\/circuit_callejon_de_huaylas\\\/\"]}]},{\"@type\":\"BreadcrumbList\",\"@id\":\"https:\\\/\\\/abc-latina.com\\\/perou\\\/circuit_callejon_de_huaylas\\\/#breadcrumb\",\"itemListElement\":[{\"@type\":\"ListItem\",\"position\":1,\"name\":\"Accueil\",\"item\":\"https:\\\/\\\/abc-latina.com\\\/\"},{\"@type\":\"ListItem\",\"position\":2,\"name\":\"CIRCUIT CALLEJON DE HUAYLAS\"}]},{\"@type\":\"WebSite\",\"@id\":\"https:\\\/\\\/abc-latina.com\\\/#website\",\"url\":\"https:\\\/\\\/abc-latina.com\\\/\",\"name\":\"Abc-latina\",\"description\":\"\",\"publisher\":{\"@id\":\"https:\\\/\\\/abc-latina.com\\\/#organization\"},\"potentialAction\":[{\"@type\":\"SearchAction\",\"target\":{\"@type\":\"EntryPoint\",\"urlTemplate\":\"https:\\\/\\\/abc-latina.com\\\/?s={search_term_string}\"},\"query-input\":{\"@type\":\"PropertyValueSpecification\",\"valueRequired\":true,\"valueName\":\"search_term_string\"}}],\"inLanguage\":\"fr-FR\"},{\"@type\":\"Organization\",\"@id\":\"https:\\\/\\\/abc-latina.com\\\/#organization\",\"name\":\"Abc-latina\",\"url\":\"https:\\\/\\\/abc-latina.com\\\/\",\"logo\":{\"@type\":\"ImageObject\",\"inLanguage\":\"fr-FR\",\"@id\":\"https:\\\/\\\/abc-latina.com\\\/#\\\/schema\\\/logo\\\/image\\\/\",\"url\":\"https:\\\/\\\/abc-latina.com\\\/wp-content\\\/uploads\\\/2026\\\/05\\\/cropped-logo.gif\",\"contentUrl\":\"https:\\\/\\\/abc-latina.com\\\/wp-content\\\/uploads\\\/2026\\\/05\\\/cropped-logo.gif\",\"width\":89,\"height\":84,\"caption\":\"Abc-latina\"},\"image\":{\"@id\":\"https:\\\/\\\/abc-latina.com\\\/#\\\/schema\\\/logo\\\/image\\\/\"}}]}<\/script>\n<!-- \/ Yoast SEO plugin. -->","yoast_head_json":{"title":"CIRCUIT CALLEJON DE HUAYLAS - Abc-latina","description":"Circuit touristique au P\u00e9rou, Le Callejon de Huaylas.","robots":{"index":"index","follow":"follow","max-snippet":"max-snippet:-1","max-image-preview":"max-image-preview:large","max-video-preview":"max-video-preview:-1"},"canonical":"https:\/\/abc-latina.com\/perou\/circuit_callejon_de_huaylas\/","og_locale":"fr_FR","og_type":"article","og_title":"CIRCUIT CALLEJON DE HUAYLAS - Abc-latina","og_description":"Circuit touristique au P\u00e9rou, Le Callejon de Huaylas.","og_url":"https:\/\/abc-latina.com\/perou\/circuit_callejon_de_huaylas\/","og_site_name":"Abc-latina","article_modified_time":"2026-04-30T16:25:14+00:00","twitter_card":"summary_large_image","twitter_misc":{"Dur\u00e9e de lecture estim\u00e9e":"1 minute"},"schema":{"@context":"https:\/\/schema.org","@graph":[{"@type":"WebPage","@id":"https:\/\/abc-latina.com\/perou\/circuit_callejon_de_huaylas\/","url":"https:\/\/abc-latina.com\/perou\/circuit_callejon_de_huaylas\/","name":"CIRCUIT CALLEJON DE HUAYLAS - Abc-latina","isPartOf":{"@id":"https:\/\/abc-latina.com\/#website"},"datePublished":"2010-08-06T00:51:02+00:00","dateModified":"2026-04-30T16:25:14+00:00","description":"Circuit touristique au P\u00e9rou, Le Callejon de Huaylas.","breadcrumb":{"@id":"https:\/\/abc-latina.com\/perou\/circuit_callejon_de_huaylas\/#breadcrumb"},"inLanguage":"fr-FR","potentialAction":[{"@type":"ReadAction","target":["https:\/\/abc-latina.com\/perou\/circuit_callejon_de_huaylas\/"]}]},{"@type":"BreadcrumbList","@id":"https:\/\/abc-latina.com\/perou\/circuit_callejon_de_huaylas\/#breadcrumb","itemListElement":[{"@type":"ListItem","position":1,"name":"Accueil","item":"https:\/\/abc-latina.com\/"},{"@type":"ListItem","position":2,"name":"CIRCUIT CALLEJON DE HUAYLAS"}]},{"@type":"WebSite","@id":"https:\/\/abc-latina.com\/#website","url":"https:\/\/abc-latina.com\/","name":"Abc-latina","description":"","publisher":{"@id":"https:\/\/abc-latina.com\/#organization"},"potentialAction":[{"@type":"SearchAction","target":{"@type":"EntryPoint","urlTemplate":"https:\/\/abc-latina.com\/?s={search_term_string}"},"query-input":{"@type":"PropertyValueSpecification","valueRequired":true,"valueName":"search_term_string"}}],"inLanguage":"fr-FR"},{"@type":"Organization","@id":"https:\/\/abc-latina.com\/#organization","name":"Abc-latina","url":"https:\/\/abc-latina.com\/","logo":{"@type":"ImageObject","inLanguage":"fr-FR","@id":"https:\/\/abc-latina.com\/#\/schema\/logo\/image\/","url":"https:\/\/abc-latina.com\/wp-content\/uploads\/2026\/05\/cropped-logo.gif","contentUrl":"https:\/\/abc-latina.com\/wp-content\/uploads\/2026\/05\/cropped-logo.gif","width":89,"height":84,"caption":"Abc-latina"},"image":{"@id":"https:\/\/abc-latina.com\/#\/schema\/logo\/image\/"}}]}},"_links":{"self":[{"href":"https:\/\/abc-latina.com\/wp-json\/wp\/v2\/pages\/2110","targetHints":{"allow":["GET"]}}],"collection":[{"href":"https:\/\/abc-latina.com\/wp-json\/wp\/v2\/pages"}],"about":[{"href":"https:\/\/abc-latina.com\/wp-json\/wp\/v2\/types\/page"}],"author":[{"embeddable":true,"href":"https:\/\/abc-latina.com\/wp-json\/wp\/v2\/users\/3"}],"replies":[{"embeddable":true,"href":"https:\/\/abc-latina.com\/wp-json\/wp\/v2\/comments?post=2110"}],"version-history":[{"count":1,"href":"https:\/\/abc-latina.com\/wp-json\/wp\/v2\/pages\/2110\/revisions"}],"predecessor-version":[{"id":3673,"href":"https:\/\/abc-latina.com\/wp-json\/wp\/v2\/pages\/2110\/revisions\/3673"}],"up":[{"embeddable":true,"href":"https:\/\/abc-latina.com\/wp-json\/wp\/v2\/pages\/2118"}],"wp:attachment":[{"href":"https:\/\/abc-latina.com\/wp-json\/wp\/v2\/media?parent=2110"}],"curies":[{"name":"wp","href":"https:\/\/api.w.org\/{rel}","templated":true}]}}