{"id":2111,"date":"2010-08-06T02:56:39","date_gmt":"2010-08-06T00:56:39","guid":{"rendered":"http:\/\/abc-latina.com\/circuit_chincha-paracas-ica-nasca-htm\/"},"modified":"2026-04-30T18:25:14","modified_gmt":"2026-04-30T16:25:14","slug":"circuit_chincha-paracas-ica-nasca","status":"publish","type":"page","link":"https:\/\/abc-latina.com\/perou\/circuit_chincha-paracas-ica-nasca\/","title":{"rendered":"CIRCUIT CHINCHA &#8211; PARACAS &#8211; ICA &#8211; NASCA"},"content":{"rendered":"<p>Dur\u00e9e de s\u00e9jour sugg\u00e9r\u00e9e: 4 jours<\/p>\n<div>\n<div>&nbsp;<\/div>\n<div>Ce circuit sur la <a href=\"https:\/\/www.abc-latina.com\/perou\/cotesud\">c\u00f4te sud<\/a> offre une combinaison de soleil, mer, plage, histoire et traditions et principalement, de charmants parages qui constituent la principale attraction du circuit et qui vous permettent de vivre une aventure diff\u00e9rente.<\/div>\n<div>&nbsp;<\/div>\n<div>On y acc\u00e8de en partant de <a href=\"https:\/\/www.abc-latina.com\/perou\/lima\">Lima<\/a> par la route Panamericana Sur. La premi\u00e8re destination sera la ville de Chincha (\u00e0 202 km\/ 2 heures 30 environ), enclave du folklore et de la musique noire p\u00e9ruvienne.<\/div>\n<div>&nbsp;<\/div>\n<div>Le suivant arr\u00eat sera la ville de Paracas (50 km \/ 30 minutes de Chincha), o\u00f9 vous rencontrerez la r\u00e9serve du m\u00eame nom qui prot\u00e8ge une grande vari\u00e9t\u00e9 d&rsquo;oiseaux, des colonies d&rsquo;otaries, des pingouins et bien d&rsquo;autres esp\u00e8ces dans une des plus riches r\u00e9gions du pays. Le lieu est id\u00e9al pour la pratique de <a href=\"https:\/\/www.abc-latina.com\/perou\/tourisme\/\">sports d&rsquo;aventure<\/a>, l&rsquo;\u00e9cotourisme et la navigation. Nous vous conseillons les parcours matinaux en petit bateau \u00e0 moteur en longeant les \u00eeles Ballestas.<\/div>\n<div>&nbsp;<\/div>\n<div>Le suivant arr\u00eat est Ica (50 km \/ 40 minutes de Paracas) qui est une terre joyeuse avec des traditions religieuses tr\u00e8s enracin\u00e9es. Vous pourrez visiter sa Cath\u00e9drale et le Sanctuaire du Seigneur de Luren, saint patron de la ville. En p\u00e9n\u00e9trant le d\u00e9sert, vous rencontrerez la lagune de la Huacachina, un oasis au milieu de belles dunes form\u00e9es par le sable et le vent.<\/div>\n<div>&nbsp;<\/div>\n<div>A Ica, vous pourrez monter sur une avionnette pour survoler les lignes de Nasca, ou bien continuer jusqu&rsquo;\u00e0 la ville de Nasca (140 km \/ 2 heures d&rsquo;Ica). Au bord de la route, dans la r\u00e9gion des pampas de San Jos\u00e9, vous trouverez un mirador a partir duquel vous pourrez appr\u00e9cier une partie de l&rsquo;immensit\u00e9 de ces figures. Avant de retourner, ne manquez pas de visiter les traditionnelles caves et de d\u00e9guster les fameux vins et le <a href=\"https:\/\/www.abc-latina.com\/perou\/div\/pisco\">pisco<\/a>, liqueur nationale du P\u00e9rou, en particulier pendant le mois de mars, p\u00e9riode \u00e0 laquelle se c\u00e9l\u00e8bre le Festival des Vendanges d&rsquo;Ica.<\/div>\n<div>&nbsp;<\/div>\n<div>Source PromPeru&nbsp;<\/div>\n<\/div>\n","protected":false},"excerpt":{"rendered":"<p>Dur\u00e9e de s\u00e9jour sugg\u00e9r\u00e9e: 4 jours &nbsp; Ce circuit sur la c\u00f4te sud offre une combinaison de soleil, mer, plage, [&hellip;]<\/p>\n","protected":false},"author":3,"featured_media":0,"parent":2118,"menu_order":0,"comment_status":"closed","ping_status":"closed","template":"","meta":{"site-sidebar-layout":"default","site-content-layout":"","ast-site-content-layout":"default","site-content-style":"default","site-sidebar-style":"default","ast-global-header-display":"","ast-banner-title-visibility":"","ast-main-header-display":"","ast-hfb-above-header-display":"","ast-hfb-below-header-display":"","ast-hfb-mobile-header-display":"","site-post-title":"","ast-breadcrumbs-content":"","ast-featured-img":"","footer-sml-layout":"","ast-disable-related-posts":"","theme-transparent-header-meta":"","adv-header-id-meta":"","stick-header-meta":"","header-above-stick-meta":"","header-main-stick-meta":"","header-below-stick-meta":"","astra-migrate-meta-layouts":"default","ast-page-background-enabled":"default","ast-page-background-meta":{"desktop":{"background-color":"var(--ast-global-color-5)","background-image":"","background-repeat":"repeat","background-position":"center center","background-size":"auto","background-attachment":"scroll","background-type":"","background-media":"","overlay-type":"","overlay-color":"","overlay-opacity":"","overlay-gradient":""},"tablet":{"background-color":"","background-image":"","background-repeat":"repeat","background-position":"center center","background-size":"auto","background-attachment":"scroll","background-type":"","background-media":"","overlay-type":"","overlay-color":"","overlay-opacity":"","overlay-gradient":""},"mobile":{"background-color":"","background-image":"","background-repeat":"repeat","background-position":"center center","background-size":"auto","background-attachment":"scroll","background-type":"","background-media":"","overlay-type":"","overlay-color":"","overlay-opacity":"","overlay-gradient":""}},"ast-content-background-meta":{"desktop":{"background-color":"var(--ast-global-color-4)","background-image":"","background-repeat":"repeat","background-position":"center center","background-size":"auto","background-attachment":"scroll","background-type":"","background-media":"","overlay-type":"","overlay-color":"","overlay-opacity":"","overlay-gradient":""},"tablet":{"background-color":"var(--ast-global-color-4)","background-image":"","background-repeat":"repeat","background-position":"center center","background-size":"auto","background-attachment":"scroll","background-type":"","background-media":"","overlay-type":"","overlay-color":"","overlay-opacity":"","overlay-gradient":""},"mobile":{"background-color":"var(--ast-global-color-4)","background-image":"","background-repeat":"repeat","background-position":"center center","background-size":"auto","background-attachment":"scroll","background-type":"","background-media":"","overlay-type":"","overlay-color":"","overlay-opacity":"","overlay-gradient":""}},"footnotes":""},"class_list":["post-2111","page","type-page","status-publish","hentry"],"yoast_head":"<!-- This site is optimized with the Yoast SEO plugin v27.5 - https:\/\/yoast.com\/product\/yoast-seo-wordpress\/ -->\n<title>CIRCUIT CHINCHA - PARACAS - ICA - NASCA - Abc-latina<\/title>\n<meta name=\"description\" content=\"Circuit touristique au P\u00e9rou, Chincha - Paracas - Ica - Nasca.\" \/>\n<meta name=\"robots\" content=\"index, follow, max-snippet:-1, max-image-preview:large, max-video-preview:-1\" \/>\n<link rel=\"canonical\" href=\"https:\/\/abc-latina.com\/perou\/circuit_chincha-paracas-ica-nasca\/\" \/>\n<meta property=\"og:locale\" content=\"fr_FR\" \/>\n<meta property=\"og:type\" content=\"article\" \/>\n<meta property=\"og:title\" content=\"CIRCUIT CHINCHA - PARACAS - ICA - NASCA - Abc-latina\" \/>\n<meta property=\"og:description\" content=\"Circuit touristique au P\u00e9rou, Chincha - Paracas - Ica - Nasca.\" \/>\n<meta property=\"og:url\" content=\"https:\/\/abc-latina.com\/perou\/circuit_chincha-paracas-ica-nasca\/\" \/>\n<meta property=\"og:site_name\" content=\"Abc-latina\" \/>\n<meta property=\"article:modified_time\" content=\"2026-04-30T16:25:14+00:00\" \/>\n<meta name=\"twitter:card\" content=\"summary_large_image\" \/>\n<meta name=\"twitter:label1\" content=\"Dur\u00e9e de lecture estim\u00e9e\" \/>\n\t<meta name=\"twitter:data1\" content=\"2 minutes\" \/>\n<script type=\"application\/ld+json\" class=\"yoast-schema-graph\">{\"@context\":\"https:\\\/\\\/schema.org\",\"@graph\":[{\"@type\":\"WebPage\",\"@id\":\"https:\\\/\\\/abc-latina.com\\\/perou\\\/circuit_chincha-paracas-ica-nasca\\\/\",\"url\":\"https:\\\/\\\/abc-latina.com\\\/perou\\\/circuit_chincha-paracas-ica-nasca\\\/\",\"name\":\"CIRCUIT CHINCHA - PARACAS - ICA - NASCA - Abc-latina\",\"isPartOf\":{\"@id\":\"https:\\\/\\\/abc-latina.com\\\/#website\"},\"datePublished\":\"2010-08-06T00:56:39+00:00\",\"dateModified\":\"2026-04-30T16:25:14+00:00\",\"description\":\"Circuit touristique au P\u00e9rou, Chincha - Paracas - Ica - Nasca.\",\"breadcrumb\":{\"@id\":\"https:\\\/\\\/abc-latina.com\\\/perou\\\/circuit_chincha-paracas-ica-nasca\\\/#breadcrumb\"},\"inLanguage\":\"fr-FR\",\"potentialAction\":[{\"@type\":\"ReadAction\",\"target\":[\"https:\\\/\\\/abc-latina.com\\\/perou\\\/circuit_chincha-paracas-ica-nasca\\\/\"]}]},{\"@type\":\"BreadcrumbList\",\"@id\":\"https:\\\/\\\/abc-latina.com\\\/perou\\\/circuit_chincha-paracas-ica-nasca\\\/#breadcrumb\",\"itemListElement\":[{\"@type\":\"ListItem\",\"position\":1,\"name\":\"Accueil\",\"item\":\"https:\\\/\\\/abc-latina.com\\\/\"},{\"@type\":\"ListItem\",\"position\":2,\"name\":\"CIRCUIT CHINCHA &#8211; PARACAS &#8211; ICA &#8211; NASCA\"}]},{\"@type\":\"WebSite\",\"@id\":\"https:\\\/\\\/abc-latina.com\\\/#website\",\"url\":\"https:\\\/\\\/abc-latina.com\\\/\",\"name\":\"Abc-latina\",\"description\":\"\",\"publisher\":{\"@id\":\"https:\\\/\\\/abc-latina.com\\\/#organization\"},\"potentialAction\":[{\"@type\":\"SearchAction\",\"target\":{\"@type\":\"EntryPoint\",\"urlTemplate\":\"https:\\\/\\\/abc-latina.com\\\/?s={search_term_string}\"},\"query-input\":{\"@type\":\"PropertyValueSpecification\",\"valueRequired\":true,\"valueName\":\"search_term_string\"}}],\"inLanguage\":\"fr-FR\"},{\"@type\":\"Organization\",\"@id\":\"https:\\\/\\\/abc-latina.com\\\/#organization\",\"name\":\"Abc-latina\",\"url\":\"https:\\\/\\\/abc-latina.com\\\/\",\"logo\":{\"@type\":\"ImageObject\",\"inLanguage\":\"fr-FR\",\"@id\":\"https:\\\/\\\/abc-latina.com\\\/#\\\/schema\\\/logo\\\/image\\\/\",\"url\":\"https:\\\/\\\/abc-latina.com\\\/wp-content\\\/uploads\\\/2026\\\/05\\\/cropped-logo.gif\",\"contentUrl\":\"https:\\\/\\\/abc-latina.com\\\/wp-content\\\/uploads\\\/2026\\\/05\\\/cropped-logo.gif\",\"width\":89,\"height\":84,\"caption\":\"Abc-latina\"},\"image\":{\"@id\":\"https:\\\/\\\/abc-latina.com\\\/#\\\/schema\\\/logo\\\/image\\\/\"}}]}<\/script>\n<!-- \/ Yoast SEO plugin. -->","yoast_head_json":{"title":"CIRCUIT CHINCHA - PARACAS - ICA - NASCA - Abc-latina","description":"Circuit touristique au P\u00e9rou, Chincha - Paracas - Ica - Nasca.","robots":{"index":"index","follow":"follow","max-snippet":"max-snippet:-1","max-image-preview":"max-image-preview:large","max-video-preview":"max-video-preview:-1"},"canonical":"https:\/\/abc-latina.com\/perou\/circuit_chincha-paracas-ica-nasca\/","og_locale":"fr_FR","og_type":"article","og_title":"CIRCUIT CHINCHA - PARACAS - ICA - NASCA - Abc-latina","og_description":"Circuit touristique au P\u00e9rou, Chincha - Paracas - Ica - Nasca.","og_url":"https:\/\/abc-latina.com\/perou\/circuit_chincha-paracas-ica-nasca\/","og_site_name":"Abc-latina","article_modified_time":"2026-04-30T16:25:14+00:00","twitter_card":"summary_large_image","twitter_misc":{"Dur\u00e9e de lecture estim\u00e9e":"2 minutes"},"schema":{"@context":"https:\/\/schema.org","@graph":[{"@type":"WebPage","@id":"https:\/\/abc-latina.com\/perou\/circuit_chincha-paracas-ica-nasca\/","url":"https:\/\/abc-latina.com\/perou\/circuit_chincha-paracas-ica-nasca\/","name":"CIRCUIT CHINCHA - PARACAS - ICA - NASCA - Abc-latina","isPartOf":{"@id":"https:\/\/abc-latina.com\/#website"},"datePublished":"2010-08-06T00:56:39+00:00","dateModified":"2026-04-30T16:25:14+00:00","description":"Circuit touristique au P\u00e9rou, Chincha - Paracas - Ica - Nasca.","breadcrumb":{"@id":"https:\/\/abc-latina.com\/perou\/circuit_chincha-paracas-ica-nasca\/#breadcrumb"},"inLanguage":"fr-FR","potentialAction":[{"@type":"ReadAction","target":["https:\/\/abc-latina.com\/perou\/circuit_chincha-paracas-ica-nasca\/"]}]},{"@type":"BreadcrumbList","@id":"https:\/\/abc-latina.com\/perou\/circuit_chincha-paracas-ica-nasca\/#breadcrumb","itemListElement":[{"@type":"ListItem","position":1,"name":"Accueil","item":"https:\/\/abc-latina.com\/"},{"@type":"ListItem","position":2,"name":"CIRCUIT CHINCHA &#8211; PARACAS &#8211; ICA &#8211; NASCA"}]},{"@type":"WebSite","@id":"https:\/\/abc-latina.com\/#website","url":"https:\/\/abc-latina.com\/","name":"Abc-latina","description":"","publisher":{"@id":"https:\/\/abc-latina.com\/#organization"},"potentialAction":[{"@type":"SearchAction","target":{"@type":"EntryPoint","urlTemplate":"https:\/\/abc-latina.com\/?s={search_term_string}"},"query-input":{"@type":"PropertyValueSpecification","valueRequired":true,"valueName":"search_term_string"}}],"inLanguage":"fr-FR"},{"@type":"Organization","@id":"https:\/\/abc-latina.com\/#organization","name":"Abc-latina","url":"https:\/\/abc-latina.com\/","logo":{"@type":"ImageObject","inLanguage":"fr-FR","@id":"https:\/\/abc-latina.com\/#\/schema\/logo\/image\/","url":"https:\/\/abc-latina.com\/wp-content\/uploads\/2026\/05\/cropped-logo.gif","contentUrl":"https:\/\/abc-latina.com\/wp-content\/uploads\/2026\/05\/cropped-logo.gif","width":89,"height":84,"caption":"Abc-latina"},"image":{"@id":"https:\/\/abc-latina.com\/#\/schema\/logo\/image\/"}}]}},"_links":{"self":[{"href":"https:\/\/abc-latina.com\/wp-json\/wp\/v2\/pages\/2111","targetHints":{"allow":["GET"]}}],"collection":[{"href":"https:\/\/abc-latina.com\/wp-json\/wp\/v2\/pages"}],"about":[{"href":"https:\/\/abc-latina.com\/wp-json\/wp\/v2\/types\/page"}],"author":[{"embeddable":true,"href":"https:\/\/abc-latina.com\/wp-json\/wp\/v2\/users\/3"}],"replies":[{"embeddable":true,"href":"https:\/\/abc-latina.com\/wp-json\/wp\/v2\/comments?post=2111"}],"version-history":[{"count":1,"href":"https:\/\/abc-latina.com\/wp-json\/wp\/v2\/pages\/2111\/revisions"}],"predecessor-version":[{"id":3674,"href":"https:\/\/abc-latina.com\/wp-json\/wp\/v2\/pages\/2111\/revisions\/3674"}],"up":[{"embeddable":true,"href":"https:\/\/abc-latina.com\/wp-json\/wp\/v2\/pages\/2118"}],"wp:attachment":[{"href":"https:\/\/abc-latina.com\/wp-json\/wp\/v2\/media?parent=2111"}],"curies":[{"name":"wp","href":"https:\/\/api.w.org\/{rel}","templated":true}]}}