{"id":2112,"date":"2010-08-06T03:00:27","date_gmt":"2010-08-06T01:00:27","guid":{"rendered":"http:\/\/abc-latina.com\/circuit_cusco-manu-htm\/"},"modified":"2026-04-30T18:25:14","modified_gmt":"2026-04-30T16:25:14","slug":"circuit_cusco-manu","status":"publish","type":"page","link":"https:\/\/abc-latina.com\/perou\/circuit_cusco-manu\/","title":{"rendered":"CIRCUIT CUSCO &#8211; MANU"},"content":{"rendered":"<p>Dur\u00e9e sugg\u00e9r\u00e9e de s\u00e9jour: 8 jours<\/p>\n<div>\n<div>&nbsp;<\/div>\n<div>Pour cette option nous vous recommandons de prendre l&rsquo;avion. Le trajet dure une heure en partant de <a href=\"https:\/\/www.abc-latina.com\/perou\/lima\">Lima<\/a>. En raison de l&rsquo;altitude, nous vous recommandons de vous reposer \u00e0 l&rsquo;arriv\u00e9e. <a href=\"https:\/\/www.abc-latina.com\/perou\/cuzco\">Cusco<\/a> est une ville m\u00e9tisse par excellence. En parcourant ses rues vous retrouverez les traces de la p\u00e9riode coloniale sur les constructions <a href=\"https:\/\/www.abc-latina.com\/civilisations\/Inca\" target=\"_blank\">incas<\/a>. Ses alentours offrent d&rsquo;innombrables attractions: le village et l&rsquo;\u00e9glise d&rsquo;Andahuaylillas, la Forteresse d&rsquo;Ollantaytambo et le village de P\u00edsac constituent quelques exemples, parmi bien d&rsquo;autres. Ce parcours sera coronn\u00e9 par la visite de la Citadelle de <a href=\"https:\/\/www.abc-latina.com\/perou\/machu\">Machu Picchu<\/a>.<\/div>\n<div>&nbsp;<\/div>\n<div>Le chemin vers le Parc National du Manu commence \u00e0 Cusco. Le trajet prend entre 9 et 12 heures jusqu&rsquo;aux localit\u00e9s d&rsquo;Atalaya et Shintuya. Ensuite il est n\u00e9cessaire de faire un parcours fluvial qui dure entre 5 et 6 heures. Si vous pr\u00e9f\u00e9rez, vous pouvez vous y rendre en prenant l&rsquo;avion \u00e0 Cusco jusqu&rsquo;\u00e0 la localit\u00e9 Boca de Manu (30 minutes) et faire ensuite un aparcours fluvial qui dure entre 4 \u00e0 6 heures. Au Manu, vous pourrez admirer le nombre impressionnant d&rsquo;esp\u00e8ces qu&rsquo;il abrite: plantes, oiseaux, insectes, papillons, mammif\u00e8res, reptiles, etc&#8230; ainsi que la diversit\u00e9 d&rsquo;\u00e9cosyst\u00e8mes qu&rsquo;il prot\u00e8ge.<\/div>\n<div>Nous vous recommandons de faire la visite entre les mois de mai et ao\u00fbt. N&rsquo;oubliez pas de porter un produit contre les insectes et un protecteur solaire.<\/div>\n<div>&nbsp;<\/div>\n<div>Source PromPeru&nbsp;<\/div>\n<\/div>\n","protected":false},"excerpt":{"rendered":"<p>Dur\u00e9e sugg\u00e9r\u00e9e de s\u00e9jour: 8 jours &nbsp; Pour cette option nous vous recommandons de prendre l&rsquo;avion. Le trajet dure une [&hellip;]<\/p>\n","protected":false},"author":3,"featured_media":0,"parent":2118,"menu_order":0,"comment_status":"closed","ping_status":"closed","template":"","meta":{"site-sidebar-layout":"default","site-content-layout":"","ast-site-content-layout":"default","site-content-style":"default","site-sidebar-style":"default","ast-global-header-display":"","ast-banner-title-visibility":"","ast-main-header-display":"","ast-hfb-above-header-display":"","ast-hfb-below-header-display":"","ast-hfb-mobile-header-display":"","site-post-title":"","ast-breadcrumbs-content":"","ast-featured-img":"","footer-sml-layout":"","ast-disable-related-posts":"","theme-transparent-header-meta":"","adv-header-id-meta":"","stick-header-meta":"","header-above-stick-meta":"","header-main-stick-meta":"","header-below-stick-meta":"","astra-migrate-meta-layouts":"default","ast-page-background-enabled":"default","ast-page-background-meta":{"desktop":{"background-color":"var(--ast-global-color-5)","background-image":"","background-repeat":"repeat","background-position":"center center","background-size":"auto","background-attachment":"scroll","background-type":"","background-media":"","overlay-type":"","overlay-color":"","overlay-opacity":"","overlay-gradient":""},"tablet":{"background-color":"","background-image":"","background-repeat":"repeat","background-position":"center center","background-size":"auto","background-attachment":"scroll","background-type":"","background-media":"","overlay-type":"","overlay-color":"","overlay-opacity":"","overlay-gradient":""},"mobile":{"background-color":"","background-image":"","background-repeat":"repeat","background-position":"center center","background-size":"auto","background-attachment":"scroll","background-type":"","background-media":"","overlay-type":"","overlay-color":"","overlay-opacity":"","overlay-gradient":""}},"ast-content-background-meta":{"desktop":{"background-color":"var(--ast-global-color-4)","background-image":"","background-repeat":"repeat","background-position":"center center","background-size":"auto","background-attachment":"scroll","background-type":"","background-media":"","overlay-type":"","overlay-color":"","overlay-opacity":"","overlay-gradient":""},"tablet":{"background-color":"var(--ast-global-color-4)","background-image":"","background-repeat":"repeat","background-position":"center center","background-size":"auto","background-attachment":"scroll","background-type":"","background-media":"","overlay-type":"","overlay-color":"","overlay-opacity":"","overlay-gradient":""},"mobile":{"background-color":"var(--ast-global-color-4)","background-image":"","background-repeat":"repeat","background-position":"center center","background-size":"auto","background-attachment":"scroll","background-type":"","background-media":"","overlay-type":"","overlay-color":"","overlay-opacity":"","overlay-gradient":""}},"footnotes":""},"class_list":["post-2112","page","type-page","status-publish","hentry"],"yoast_head":"<!-- This site is optimized with the Yoast SEO plugin v27.5 - https:\/\/yoast.com\/product\/yoast-seo-wordpress\/ -->\n<title>CIRCUIT CUSCO - MANU - Abc-latina<\/title>\n<meta name=\"description\" content=\"Circuit touristique au P\u00e9rou, Cusco - Manu.\" \/>\n<meta name=\"robots\" content=\"index, follow, max-snippet:-1, max-image-preview:large, max-video-preview:-1\" \/>\n<link rel=\"canonical\" href=\"https:\/\/abc-latina.com\/perou\/circuit_cusco-manu\/\" \/>\n<meta property=\"og:locale\" content=\"fr_FR\" \/>\n<meta property=\"og:type\" content=\"article\" \/>\n<meta property=\"og:title\" content=\"CIRCUIT CUSCO - MANU - Abc-latina\" \/>\n<meta property=\"og:description\" content=\"Circuit touristique au P\u00e9rou, Cusco - Manu.\" \/>\n<meta property=\"og:url\" content=\"https:\/\/abc-latina.com\/perou\/circuit_cusco-manu\/\" \/>\n<meta property=\"og:site_name\" content=\"Abc-latina\" \/>\n<meta property=\"article:modified_time\" content=\"2026-04-30T16:25:14+00:00\" \/>\n<meta name=\"twitter:card\" content=\"summary_large_image\" \/>\n<meta name=\"twitter:label1\" content=\"Dur\u00e9e de lecture estim\u00e9e\" \/>\n\t<meta name=\"twitter:data1\" content=\"1 minute\" \/>\n<script type=\"application\/ld+json\" class=\"yoast-schema-graph\">{\"@context\":\"https:\\\/\\\/schema.org\",\"@graph\":[{\"@type\":\"WebPage\",\"@id\":\"https:\\\/\\\/abc-latina.com\\\/perou\\\/circuit_cusco-manu\\\/\",\"url\":\"https:\\\/\\\/abc-latina.com\\\/perou\\\/circuit_cusco-manu\\\/\",\"name\":\"CIRCUIT CUSCO - MANU - Abc-latina\",\"isPartOf\":{\"@id\":\"https:\\\/\\\/abc-latina.com\\\/#website\"},\"datePublished\":\"2010-08-06T01:00:27+00:00\",\"dateModified\":\"2026-04-30T16:25:14+00:00\",\"description\":\"Circuit touristique au P\u00e9rou, Cusco - Manu.\",\"breadcrumb\":{\"@id\":\"https:\\\/\\\/abc-latina.com\\\/perou\\\/circuit_cusco-manu\\\/#breadcrumb\"},\"inLanguage\":\"fr-FR\",\"potentialAction\":[{\"@type\":\"ReadAction\",\"target\":[\"https:\\\/\\\/abc-latina.com\\\/perou\\\/circuit_cusco-manu\\\/\"]}]},{\"@type\":\"BreadcrumbList\",\"@id\":\"https:\\\/\\\/abc-latina.com\\\/perou\\\/circuit_cusco-manu\\\/#breadcrumb\",\"itemListElement\":[{\"@type\":\"ListItem\",\"position\":1,\"name\":\"Accueil\",\"item\":\"https:\\\/\\\/abc-latina.com\\\/\"},{\"@type\":\"ListItem\",\"position\":2,\"name\":\"CIRCUIT CUSCO &#8211; MANU\"}]},{\"@type\":\"WebSite\",\"@id\":\"https:\\\/\\\/abc-latina.com\\\/#website\",\"url\":\"https:\\\/\\\/abc-latina.com\\\/\",\"name\":\"Abc-latina\",\"description\":\"\",\"publisher\":{\"@id\":\"https:\\\/\\\/abc-latina.com\\\/#organization\"},\"potentialAction\":[{\"@type\":\"SearchAction\",\"target\":{\"@type\":\"EntryPoint\",\"urlTemplate\":\"https:\\\/\\\/abc-latina.com\\\/?s={search_term_string}\"},\"query-input\":{\"@type\":\"PropertyValueSpecification\",\"valueRequired\":true,\"valueName\":\"search_term_string\"}}],\"inLanguage\":\"fr-FR\"},{\"@type\":\"Organization\",\"@id\":\"https:\\\/\\\/abc-latina.com\\\/#organization\",\"name\":\"Abc-latina\",\"url\":\"https:\\\/\\\/abc-latina.com\\\/\",\"logo\":{\"@type\":\"ImageObject\",\"inLanguage\":\"fr-FR\",\"@id\":\"https:\\\/\\\/abc-latina.com\\\/#\\\/schema\\\/logo\\\/image\\\/\",\"url\":\"https:\\\/\\\/abc-latina.com\\\/wp-content\\\/uploads\\\/2026\\\/05\\\/cropped-logo.gif\",\"contentUrl\":\"https:\\\/\\\/abc-latina.com\\\/wp-content\\\/uploads\\\/2026\\\/05\\\/cropped-logo.gif\",\"width\":89,\"height\":84,\"caption\":\"Abc-latina\"},\"image\":{\"@id\":\"https:\\\/\\\/abc-latina.com\\\/#\\\/schema\\\/logo\\\/image\\\/\"}}]}<\/script>\n<!-- \/ Yoast SEO plugin. -->","yoast_head_json":{"title":"CIRCUIT CUSCO - MANU - Abc-latina","description":"Circuit touristique au P\u00e9rou, Cusco - Manu.","robots":{"index":"index","follow":"follow","max-snippet":"max-snippet:-1","max-image-preview":"max-image-preview:large","max-video-preview":"max-video-preview:-1"},"canonical":"https:\/\/abc-latina.com\/perou\/circuit_cusco-manu\/","og_locale":"fr_FR","og_type":"article","og_title":"CIRCUIT CUSCO - MANU - Abc-latina","og_description":"Circuit touristique au P\u00e9rou, Cusco - Manu.","og_url":"https:\/\/abc-latina.com\/perou\/circuit_cusco-manu\/","og_site_name":"Abc-latina","article_modified_time":"2026-04-30T16:25:14+00:00","twitter_card":"summary_large_image","twitter_misc":{"Dur\u00e9e de lecture estim\u00e9e":"1 minute"},"schema":{"@context":"https:\/\/schema.org","@graph":[{"@type":"WebPage","@id":"https:\/\/abc-latina.com\/perou\/circuit_cusco-manu\/","url":"https:\/\/abc-latina.com\/perou\/circuit_cusco-manu\/","name":"CIRCUIT CUSCO - MANU - Abc-latina","isPartOf":{"@id":"https:\/\/abc-latina.com\/#website"},"datePublished":"2010-08-06T01:00:27+00:00","dateModified":"2026-04-30T16:25:14+00:00","description":"Circuit touristique au P\u00e9rou, Cusco - Manu.","breadcrumb":{"@id":"https:\/\/abc-latina.com\/perou\/circuit_cusco-manu\/#breadcrumb"},"inLanguage":"fr-FR","potentialAction":[{"@type":"ReadAction","target":["https:\/\/abc-latina.com\/perou\/circuit_cusco-manu\/"]}]},{"@type":"BreadcrumbList","@id":"https:\/\/abc-latina.com\/perou\/circuit_cusco-manu\/#breadcrumb","itemListElement":[{"@type":"ListItem","position":1,"name":"Accueil","item":"https:\/\/abc-latina.com\/"},{"@type":"ListItem","position":2,"name":"CIRCUIT CUSCO &#8211; MANU"}]},{"@type":"WebSite","@id":"https:\/\/abc-latina.com\/#website","url":"https:\/\/abc-latina.com\/","name":"Abc-latina","description":"","publisher":{"@id":"https:\/\/abc-latina.com\/#organization"},"potentialAction":[{"@type":"SearchAction","target":{"@type":"EntryPoint","urlTemplate":"https:\/\/abc-latina.com\/?s={search_term_string}"},"query-input":{"@type":"PropertyValueSpecification","valueRequired":true,"valueName":"search_term_string"}}],"inLanguage":"fr-FR"},{"@type":"Organization","@id":"https:\/\/abc-latina.com\/#organization","name":"Abc-latina","url":"https:\/\/abc-latina.com\/","logo":{"@type":"ImageObject","inLanguage":"fr-FR","@id":"https:\/\/abc-latina.com\/#\/schema\/logo\/image\/","url":"https:\/\/abc-latina.com\/wp-content\/uploads\/2026\/05\/cropped-logo.gif","contentUrl":"https:\/\/abc-latina.com\/wp-content\/uploads\/2026\/05\/cropped-logo.gif","width":89,"height":84,"caption":"Abc-latina"},"image":{"@id":"https:\/\/abc-latina.com\/#\/schema\/logo\/image\/"}}]}},"_links":{"self":[{"href":"https:\/\/abc-latina.com\/wp-json\/wp\/v2\/pages\/2112","targetHints":{"allow":["GET"]}}],"collection":[{"href":"https:\/\/abc-latina.com\/wp-json\/wp\/v2\/pages"}],"about":[{"href":"https:\/\/abc-latina.com\/wp-json\/wp\/v2\/types\/page"}],"author":[{"embeddable":true,"href":"https:\/\/abc-latina.com\/wp-json\/wp\/v2\/users\/3"}],"replies":[{"embeddable":true,"href":"https:\/\/abc-latina.com\/wp-json\/wp\/v2\/comments?post=2112"}],"version-history":[{"count":1,"href":"https:\/\/abc-latina.com\/wp-json\/wp\/v2\/pages\/2112\/revisions"}],"predecessor-version":[{"id":3675,"href":"https:\/\/abc-latina.com\/wp-json\/wp\/v2\/pages\/2112\/revisions\/3675"}],"up":[{"embeddable":true,"href":"https:\/\/abc-latina.com\/wp-json\/wp\/v2\/pages\/2118"}],"wp:attachment":[{"href":"https:\/\/abc-latina.com\/wp-json\/wp\/v2\/media?parent=2112"}],"curies":[{"name":"wp","href":"https:\/\/api.w.org\/{rel}","templated":true}]}}