{"id":2113,"date":"2010-08-06T03:10:54","date_gmt":"2010-08-06T01:10:54","guid":{"rendered":"http:\/\/abc-latina.com\/circuit_huancayo-jauja-tarma-valle_de_chanchamayo-htm\/"},"modified":"2026-04-30T18:25:14","modified_gmt":"2026-04-30T16:25:14","slug":"circuit_huancayo-jauja-tarma-valle_de_chanchamayo","status":"publish","type":"page","link":"https:\/\/abc-latina.com\/perou\/circuit_huancayo-jauja-tarma-valle_de_chanchamayo\/","title":{"rendered":"CIRCUIT HUANCAYO &#8211; JAUJA &#8211; TARMA &#8211; CHANCHAMAYO"},"content":{"rendered":"<p>Dur\u00e9e de s\u00e9jour sugg\u00e9r\u00e9: 6 jours<\/p>\n<div>\n<div>&nbsp;<\/div>\n<div><a href=\"https:\/\/www.abc-latina.com\/perou\/huancayo\">Huancayo<\/a> se trouve \u00e0 310 km de Lima (5 heures 30 minutes. L&rsquo;acc\u00e8s \u00e0 Huancayo se fait par la route, en prenant \u00e0 <a href=\"https:\/\/www.abc-latina.com\/perou\/lima\">Lima<\/a> la Carretera Central. Pendant le trajet, nous vous recommandons de faire un arr\u00eat \u00e0 Ticlio, \u00e0 4.818 msnm, le lieu habit\u00e9 le plus \u00e9lev\u00e9 du monde. A Huancayo, nous vous recommandons une excursion \u00e0 travers la ville: la Cath\u00e9drale, ses places (Constituci\u00f3n et Huanmarca) et la petite colline de La Libertad, du haut de<\/div>\n<div>laquelle vous pourrez avoir une vue panoramique sur la ville et sur la vall\u00e9e du Mantaro.<\/div>\n<div>&nbsp;<\/div>\n<div>A quelques minutes (22 km), vous trouverez la province de La Concepci\u00f3n, int\u00e9ressant village de style colonial r\u00e9put\u00e9 par la beaut\u00e9 de ses paysages. Nous vous recommandons de faire une visite au Couvent Santa Rosa de Ocopa, premier foyer d&rsquo;irradiation de la doctrine chr\u00e9tienne vers la <a href=\"https:\/\/www.abc-latina.com\/perou\/amazonie\">for\u00eat amazonienne p\u00e9ruvienne<\/a>.<\/div>\n<div>&nbsp;<\/div>\n<div>Si vous voulez profiter d&rsquo;un agr\u00e9able d\u00e9jeuner, vous avez le choix entre El Ingenio, r\u00e9put\u00e9 en raison de son parc de truites et de ses restaurants champ\u00eatres; ou la lagune de Paca, \u00e0 Jauja, o\u00f9 vous pourrez faire un tour sur la lagune en petit bateau.<\/div>\n<div>&nbsp;<\/div>\n<div>En suivant la route vous arriverez \u00e0 Tarma o\u00f9 vous serez re\u00e7u par un merveilleux paysage avec des cultures de fleurs. A partir de ce point, en descendant vers la Haute For\u00eat il se produit un changement radical dans le paysage. A 73 km (2 heures 30 minutes) vous trouverez la vall\u00e9e de Chanchamayo (La Merced), campagne verte et chaude r\u00e9put\u00e9e pour la culture de ses orchid\u00e9es. Nous vous recommandons de faire votre visite entre les mois de mai et octobre. N&rsquo;oubliez pas, \u00e9galement, de prendre des pr\u00e9cautions contre le mal des montagnes.<\/div>\n<div>&nbsp;<\/div>\n<div>Source PromPeru<\/div>\n<\/div>\n","protected":false},"excerpt":{"rendered":"<p>Dur\u00e9e de s\u00e9jour sugg\u00e9r\u00e9: 6 jours &nbsp; Huancayo se trouve \u00e0 310 km de Lima (5 heures 30 minutes. L&rsquo;acc\u00e8s [&hellip;]<\/p>\n","protected":false},"author":3,"featured_media":0,"parent":2118,"menu_order":0,"comment_status":"closed","ping_status":"closed","template":"","meta":{"site-sidebar-layout":"default","site-content-layout":"","ast-site-content-layout":"default","site-content-style":"default","site-sidebar-style":"default","ast-global-header-display":"","ast-banner-title-visibility":"","ast-main-header-display":"","ast-hfb-above-header-display":"","ast-hfb-below-header-display":"","ast-hfb-mobile-header-display":"","site-post-title":"","ast-breadcrumbs-content":"","ast-featured-img":"","footer-sml-layout":"","ast-disable-related-posts":"","theme-transparent-header-meta":"","adv-header-id-meta":"","stick-header-meta":"","header-above-stick-meta":"","header-main-stick-meta":"","header-below-stick-meta":"","astra-migrate-meta-layouts":"default","ast-page-background-enabled":"default","ast-page-background-meta":{"desktop":{"background-color":"var(--ast-global-color-5)","background-image":"","background-repeat":"repeat","background-position":"center center","background-size":"auto","background-attachment":"scroll","background-type":"","background-media":"","overlay-type":"","overlay-color":"","overlay-opacity":"","overlay-gradient":""},"tablet":{"background-color":"","background-image":"","background-repeat":"repeat","background-position":"center center","background-size":"auto","background-attachment":"scroll","background-type":"","background-media":"","overlay-type":"","overlay-color":"","overlay-opacity":"","overlay-gradient":""},"mobile":{"background-color":"","background-image":"","background-repeat":"repeat","background-position":"center center","background-size":"auto","background-attachment":"scroll","background-type":"","background-media":"","overlay-type":"","overlay-color":"","overlay-opacity":"","overlay-gradient":""}},"ast-content-background-meta":{"desktop":{"background-color":"var(--ast-global-color-4)","background-image":"","background-repeat":"repeat","background-position":"center center","background-size":"auto","background-attachment":"scroll","background-type":"","background-media":"","overlay-type":"","overlay-color":"","overlay-opacity":"","overlay-gradient":""},"tablet":{"background-color":"var(--ast-global-color-4)","background-image":"","background-repeat":"repeat","background-position":"center center","background-size":"auto","background-attachment":"scroll","background-type":"","background-media":"","overlay-type":"","overlay-color":"","overlay-opacity":"","overlay-gradient":""},"mobile":{"background-color":"var(--ast-global-color-4)","background-image":"","background-repeat":"repeat","background-position":"center center","background-size":"auto","background-attachment":"scroll","background-type":"","background-media":"","overlay-type":"","overlay-color":"","overlay-opacity":"","overlay-gradient":""}},"footnotes":""},"class_list":["post-2113","page","type-page","status-publish","hentry"],"yoast_head":"<!-- This site is optimized with the Yoast SEO plugin v27.5 - https:\/\/yoast.com\/product\/yoast-seo-wordpress\/ -->\n<title>CIRCUIT HUANCAYO - JAUJA - TARMA - CHANCHAMAYO - Abc-latina<\/title>\n<meta name=\"description\" content=\"Circuit touristique au P\u00e9rou, Huancayo - Jauja - Tarma - Valle de Chanchamayo.\" \/>\n<meta name=\"robots\" content=\"index, follow, max-snippet:-1, max-image-preview:large, max-video-preview:-1\" \/>\n<link rel=\"canonical\" href=\"https:\/\/abc-latina.com\/perou\/circuit_huancayo-jauja-tarma-valle_de_chanchamayo\/\" \/>\n<meta property=\"og:locale\" content=\"fr_FR\" \/>\n<meta property=\"og:type\" content=\"article\" \/>\n<meta property=\"og:title\" content=\"CIRCUIT HUANCAYO - JAUJA - TARMA - CHANCHAMAYO - Abc-latina\" \/>\n<meta property=\"og:description\" content=\"Circuit touristique au P\u00e9rou, Huancayo - Jauja - Tarma - Valle de Chanchamayo.\" \/>\n<meta property=\"og:url\" content=\"https:\/\/abc-latina.com\/perou\/circuit_huancayo-jauja-tarma-valle_de_chanchamayo\/\" \/>\n<meta property=\"og:site_name\" content=\"Abc-latina\" \/>\n<meta property=\"article:modified_time\" content=\"2026-04-30T16:25:14+00:00\" \/>\n<meta name=\"twitter:card\" content=\"summary_large_image\" \/>\n<meta name=\"twitter:label1\" content=\"Dur\u00e9e de lecture estim\u00e9e\" \/>\n\t<meta name=\"twitter:data1\" content=\"2 minutes\" \/>\n<script type=\"application\/ld+json\" class=\"yoast-schema-graph\">{\"@context\":\"https:\\\/\\\/schema.org\",\"@graph\":[{\"@type\":\"WebPage\",\"@id\":\"https:\\\/\\\/abc-latina.com\\\/perou\\\/circuit_huancayo-jauja-tarma-valle_de_chanchamayo\\\/\",\"url\":\"https:\\\/\\\/abc-latina.com\\\/perou\\\/circuit_huancayo-jauja-tarma-valle_de_chanchamayo\\\/\",\"name\":\"CIRCUIT HUANCAYO - JAUJA - TARMA - CHANCHAMAYO - Abc-latina\",\"isPartOf\":{\"@id\":\"https:\\\/\\\/abc-latina.com\\\/#website\"},\"datePublished\":\"2010-08-06T01:10:54+00:00\",\"dateModified\":\"2026-04-30T16:25:14+00:00\",\"description\":\"Circuit touristique au P\u00e9rou, Huancayo - Jauja - Tarma - Valle de Chanchamayo.\",\"breadcrumb\":{\"@id\":\"https:\\\/\\\/abc-latina.com\\\/perou\\\/circuit_huancayo-jauja-tarma-valle_de_chanchamayo\\\/#breadcrumb\"},\"inLanguage\":\"fr-FR\",\"potentialAction\":[{\"@type\":\"ReadAction\",\"target\":[\"https:\\\/\\\/abc-latina.com\\\/perou\\\/circuit_huancayo-jauja-tarma-valle_de_chanchamayo\\\/\"]}]},{\"@type\":\"BreadcrumbList\",\"@id\":\"https:\\\/\\\/abc-latina.com\\\/perou\\\/circuit_huancayo-jauja-tarma-valle_de_chanchamayo\\\/#breadcrumb\",\"itemListElement\":[{\"@type\":\"ListItem\",\"position\":1,\"name\":\"Accueil\",\"item\":\"https:\\\/\\\/abc-latina.com\\\/\"},{\"@type\":\"ListItem\",\"position\":2,\"name\":\"CIRCUIT HUANCAYO &#8211; JAUJA &#8211; TARMA &#8211; CHANCHAMAYO\"}]},{\"@type\":\"WebSite\",\"@id\":\"https:\\\/\\\/abc-latina.com\\\/#website\",\"url\":\"https:\\\/\\\/abc-latina.com\\\/\",\"name\":\"Abc-latina\",\"description\":\"\",\"publisher\":{\"@id\":\"https:\\\/\\\/abc-latina.com\\\/#organization\"},\"potentialAction\":[{\"@type\":\"SearchAction\",\"target\":{\"@type\":\"EntryPoint\",\"urlTemplate\":\"https:\\\/\\\/abc-latina.com\\\/?s={search_term_string}\"},\"query-input\":{\"@type\":\"PropertyValueSpecification\",\"valueRequired\":true,\"valueName\":\"search_term_string\"}}],\"inLanguage\":\"fr-FR\"},{\"@type\":\"Organization\",\"@id\":\"https:\\\/\\\/abc-latina.com\\\/#organization\",\"name\":\"Abc-latina\",\"url\":\"https:\\\/\\\/abc-latina.com\\\/\",\"logo\":{\"@type\":\"ImageObject\",\"inLanguage\":\"fr-FR\",\"@id\":\"https:\\\/\\\/abc-latina.com\\\/#\\\/schema\\\/logo\\\/image\\\/\",\"url\":\"https:\\\/\\\/abc-latina.com\\\/wp-content\\\/uploads\\\/2026\\\/05\\\/cropped-logo.gif\",\"contentUrl\":\"https:\\\/\\\/abc-latina.com\\\/wp-content\\\/uploads\\\/2026\\\/05\\\/cropped-logo.gif\",\"width\":89,\"height\":84,\"caption\":\"Abc-latina\"},\"image\":{\"@id\":\"https:\\\/\\\/abc-latina.com\\\/#\\\/schema\\\/logo\\\/image\\\/\"}}]}<\/script>\n<!-- \/ Yoast SEO plugin. -->","yoast_head_json":{"title":"CIRCUIT HUANCAYO - JAUJA - TARMA - CHANCHAMAYO - Abc-latina","description":"Circuit touristique au P\u00e9rou, Huancayo - Jauja - Tarma - Valle de Chanchamayo.","robots":{"index":"index","follow":"follow","max-snippet":"max-snippet:-1","max-image-preview":"max-image-preview:large","max-video-preview":"max-video-preview:-1"},"canonical":"https:\/\/abc-latina.com\/perou\/circuit_huancayo-jauja-tarma-valle_de_chanchamayo\/","og_locale":"fr_FR","og_type":"article","og_title":"CIRCUIT HUANCAYO - JAUJA - TARMA - CHANCHAMAYO - Abc-latina","og_description":"Circuit touristique au P\u00e9rou, Huancayo - Jauja - Tarma - Valle de Chanchamayo.","og_url":"https:\/\/abc-latina.com\/perou\/circuit_huancayo-jauja-tarma-valle_de_chanchamayo\/","og_site_name":"Abc-latina","article_modified_time":"2026-04-30T16:25:14+00:00","twitter_card":"summary_large_image","twitter_misc":{"Dur\u00e9e de lecture estim\u00e9e":"2 minutes"},"schema":{"@context":"https:\/\/schema.org","@graph":[{"@type":"WebPage","@id":"https:\/\/abc-latina.com\/perou\/circuit_huancayo-jauja-tarma-valle_de_chanchamayo\/","url":"https:\/\/abc-latina.com\/perou\/circuit_huancayo-jauja-tarma-valle_de_chanchamayo\/","name":"CIRCUIT HUANCAYO - JAUJA - TARMA - CHANCHAMAYO - Abc-latina","isPartOf":{"@id":"https:\/\/abc-latina.com\/#website"},"datePublished":"2010-08-06T01:10:54+00:00","dateModified":"2026-04-30T16:25:14+00:00","description":"Circuit touristique au P\u00e9rou, Huancayo - Jauja - Tarma - Valle de Chanchamayo.","breadcrumb":{"@id":"https:\/\/abc-latina.com\/perou\/circuit_huancayo-jauja-tarma-valle_de_chanchamayo\/#breadcrumb"},"inLanguage":"fr-FR","potentialAction":[{"@type":"ReadAction","target":["https:\/\/abc-latina.com\/perou\/circuit_huancayo-jauja-tarma-valle_de_chanchamayo\/"]}]},{"@type":"BreadcrumbList","@id":"https:\/\/abc-latina.com\/perou\/circuit_huancayo-jauja-tarma-valle_de_chanchamayo\/#breadcrumb","itemListElement":[{"@type":"ListItem","position":1,"name":"Accueil","item":"https:\/\/abc-latina.com\/"},{"@type":"ListItem","position":2,"name":"CIRCUIT HUANCAYO &#8211; JAUJA &#8211; TARMA &#8211; CHANCHAMAYO"}]},{"@type":"WebSite","@id":"https:\/\/abc-latina.com\/#website","url":"https:\/\/abc-latina.com\/","name":"Abc-latina","description":"","publisher":{"@id":"https:\/\/abc-latina.com\/#organization"},"potentialAction":[{"@type":"SearchAction","target":{"@type":"EntryPoint","urlTemplate":"https:\/\/abc-latina.com\/?s={search_term_string}"},"query-input":{"@type":"PropertyValueSpecification","valueRequired":true,"valueName":"search_term_string"}}],"inLanguage":"fr-FR"},{"@type":"Organization","@id":"https:\/\/abc-latina.com\/#organization","name":"Abc-latina","url":"https:\/\/abc-latina.com\/","logo":{"@type":"ImageObject","inLanguage":"fr-FR","@id":"https:\/\/abc-latina.com\/#\/schema\/logo\/image\/","url":"https:\/\/abc-latina.com\/wp-content\/uploads\/2026\/05\/cropped-logo.gif","contentUrl":"https:\/\/abc-latina.com\/wp-content\/uploads\/2026\/05\/cropped-logo.gif","width":89,"height":84,"caption":"Abc-latina"},"image":{"@id":"https:\/\/abc-latina.com\/#\/schema\/logo\/image\/"}}]}},"_links":{"self":[{"href":"https:\/\/abc-latina.com\/wp-json\/wp\/v2\/pages\/2113","targetHints":{"allow":["GET"]}}],"collection":[{"href":"https:\/\/abc-latina.com\/wp-json\/wp\/v2\/pages"}],"about":[{"href":"https:\/\/abc-latina.com\/wp-json\/wp\/v2\/types\/page"}],"author":[{"embeddable":true,"href":"https:\/\/abc-latina.com\/wp-json\/wp\/v2\/users\/3"}],"replies":[{"embeddable":true,"href":"https:\/\/abc-latina.com\/wp-json\/wp\/v2\/comments?post=2113"}],"version-history":[{"count":1,"href":"https:\/\/abc-latina.com\/wp-json\/wp\/v2\/pages\/2113\/revisions"}],"predecessor-version":[{"id":3676,"href":"https:\/\/abc-latina.com\/wp-json\/wp\/v2\/pages\/2113\/revisions\/3676"}],"up":[{"embeddable":true,"href":"https:\/\/abc-latina.com\/wp-json\/wp\/v2\/pages\/2118"}],"wp:attachment":[{"href":"https:\/\/abc-latina.com\/wp-json\/wp\/v2\/media?parent=2113"}],"curies":[{"name":"wp","href":"https:\/\/api.w.org\/{rel}","templated":true}]}}