{"id":2114,"date":"2010-08-06T03:15:55","date_gmt":"2010-08-06T01:15:55","guid":{"rendered":"http:\/\/abc-latina.com\/circuit_trujillo-chiclayo-cajamarca-htm\/"},"modified":"2026-04-30T18:25:14","modified_gmt":"2026-04-30T16:25:14","slug":"circuit_trujillo-chiclayo-cajamarca","status":"publish","type":"page","link":"https:\/\/abc-latina.com\/perou\/circuit_trujillo-chiclayo-cajamarca\/","title":{"rendered":"CIRCUIT TRUJILLO &#8211; CHICLAYO &#8211; CAJAMARCA"},"content":{"rendered":"<div>Dur\u00e9e de s\u00e9jour sugg\u00e9r\u00e9e: 8 jours<\/div>\n<div>&nbsp;<\/div>\n<div>Pour vous rendre \u00e0 Trujillo vous pouvez prendre \u00e0 Lima la Carretera Panamericana Norte (561 km \/ 8 heures) ou l&rsquo;avion (45 minutes). A <a href=\"https:\/\/www.abc-latina.com\/perou\/tourisme\/trujillo\">Trujillo<\/a>, capitale du d\u00e9partement de La Libertad, vous pouvez appr\u00e9cier de tr\u00e8s belles villas des p\u00e9riodes coloniale et r\u00e9publicaine ainsi que des constructions de la p\u00e9riode pr\u00e9-inca: les huacas du Soleil et de la Lune et <a href=\"https:\/\/www.abc-latina.com\/perou\/tourisme\/chanchan\">Chan Chan<\/a>, la citadelle d&rsquo;argile la plus grande du monde. Si vous aimez les sports nautiques, les plages voisines sont un lieu id\u00e9al pour leur pratique.<\/div>\n<div>&nbsp;<\/div>\n<div>La route qui m\u00e8ne \u00e0 Chiclayo, capitale du <a href=\"https:\/\/www.abc-latina.com\/perou\/regions\/lambayeque\">d\u00e9partement de Lambayeque<\/a>, commence \u00e0 Trujillo. Le trajet est court, \u00e0 peine deux heures. A Chiclayo nous vous recommandons de visiter le Mus\u00e9e Brunning o\u00f9 vous pouvez admirer les spectaculaires objets en or \u00e9labor\u00e9s par les anciens habitants Moche et Chim\u00fa. Vous pouvez \u00e9galement profiter du soleil et des plages de Chiclayo.<\/div>\n<div>&nbsp;<\/div>\n<div>En partant de Chiclayo vous commencez l&rsquo;ascension de la sierra nord. Apr\u00e8s un voyage qui dure environ 6 heures, vous trouverez Cajamarca. A votre arriv\u00e9e nous vous recommandons de prendre les pr\u00e9cautions n\u00e9cessaires pour \u00e9viter le mal des montagnes. Cajamarca pr\u00e9sente les traces d&rsquo;un pass\u00e9 historique important: le Cuarto del Rescate, les Bains de l&rsquo;Inca, les Ventanillas d&rsquo;Otuzco et les \u00e9glises et couvents de la p\u00e9riode coloniale qui sont rehauss\u00e9s par la r\u00e9confortante campagne o\u00f9 il est possible de participer aux activit\u00e9s des agriculteurs.<\/div>\n<div>&nbsp;<\/div>\n<div>Source PromPeru<\/div>\n","protected":false},"excerpt":{"rendered":"<p>Dur\u00e9e de s\u00e9jour sugg\u00e9r\u00e9e: 8 jours &nbsp; Pour vous rendre \u00e0 Trujillo vous pouvez prendre \u00e0 Lima la Carretera Panamericana [&hellip;]<\/p>\n","protected":false},"author":3,"featured_media":0,"parent":2118,"menu_order":0,"comment_status":"closed","ping_status":"closed","template":"","meta":{"site-sidebar-layout":"default","site-content-layout":"","ast-site-content-layout":"default","site-content-style":"default","site-sidebar-style":"default","ast-global-header-display":"","ast-banner-title-visibility":"","ast-main-header-display":"","ast-hfb-above-header-display":"","ast-hfb-below-header-display":"","ast-hfb-mobile-header-display":"","site-post-title":"","ast-breadcrumbs-content":"","ast-featured-img":"","footer-sml-layout":"","ast-disable-related-posts":"","theme-transparent-header-meta":"","adv-header-id-meta":"","stick-header-meta":"","header-above-stick-meta":"","header-main-stick-meta":"","header-below-stick-meta":"","astra-migrate-meta-layouts":"default","ast-page-background-enabled":"default","ast-page-background-meta":{"desktop":{"background-color":"var(--ast-global-color-5)","background-image":"","background-repeat":"repeat","background-position":"center center","background-size":"auto","background-attachment":"scroll","background-type":"","background-media":"","overlay-type":"","overlay-color":"","overlay-opacity":"","overlay-gradient":""},"tablet":{"background-color":"","background-image":"","background-repeat":"repeat","background-position":"center center","background-size":"auto","background-attachment":"scroll","background-type":"","background-media":"","overlay-type":"","overlay-color":"","overlay-opacity":"","overlay-gradient":""},"mobile":{"background-color":"","background-image":"","background-repeat":"repeat","background-position":"center center","background-size":"auto","background-attachment":"scroll","background-type":"","background-media":"","overlay-type":"","overlay-color":"","overlay-opacity":"","overlay-gradient":""}},"ast-content-background-meta":{"desktop":{"background-color":"var(--ast-global-color-4)","background-image":"","background-repeat":"repeat","background-position":"center center","background-size":"auto","background-attachment":"scroll","background-type":"","background-media":"","overlay-type":"","overlay-color":"","overlay-opacity":"","overlay-gradient":""},"tablet":{"background-color":"var(--ast-global-color-4)","background-image":"","background-repeat":"repeat","background-position":"center center","background-size":"auto","background-attachment":"scroll","background-type":"","background-media":"","overlay-type":"","overlay-color":"","overlay-opacity":"","overlay-gradient":""},"mobile":{"background-color":"var(--ast-global-color-4)","background-image":"","background-repeat":"repeat","background-position":"center center","background-size":"auto","background-attachment":"scroll","background-type":"","background-media":"","overlay-type":"","overlay-color":"","overlay-opacity":"","overlay-gradient":""}},"footnotes":""},"class_list":["post-2114","page","type-page","status-publish","hentry"],"yoast_head":"<!-- This site is optimized with the Yoast SEO plugin v27.5 - https:\/\/yoast.com\/product\/yoast-seo-wordpress\/ -->\n<title>CIRCUIT TRUJILLO - CHICLAYO - CAJAMARCA - Abc-latina<\/title>\n<meta name=\"description\" content=\"Circuit touristique au P\u00e9rou, Trujillo - Chiclayo - Cajamarca.\" \/>\n<meta name=\"robots\" content=\"index, follow, max-snippet:-1, max-image-preview:large, max-video-preview:-1\" \/>\n<link rel=\"canonical\" href=\"https:\/\/abc-latina.com\/perou\/circuit_trujillo-chiclayo-cajamarca\/\" \/>\n<meta property=\"og:locale\" content=\"fr_FR\" \/>\n<meta property=\"og:type\" content=\"article\" \/>\n<meta property=\"og:title\" content=\"CIRCUIT TRUJILLO - CHICLAYO - CAJAMARCA - Abc-latina\" \/>\n<meta property=\"og:description\" content=\"Circuit touristique au P\u00e9rou, Trujillo - Chiclayo - Cajamarca.\" \/>\n<meta property=\"og:url\" content=\"https:\/\/abc-latina.com\/perou\/circuit_trujillo-chiclayo-cajamarca\/\" \/>\n<meta property=\"og:site_name\" content=\"Abc-latina\" \/>\n<meta property=\"article:modified_time\" content=\"2026-04-30T16:25:14+00:00\" \/>\n<meta name=\"twitter:card\" content=\"summary_large_image\" \/>\n<meta name=\"twitter:label1\" content=\"Dur\u00e9e de lecture estim\u00e9e\" \/>\n\t<meta name=\"twitter:data1\" content=\"1 minute\" \/>\n<script type=\"application\/ld+json\" class=\"yoast-schema-graph\">{\"@context\":\"https:\\\/\\\/schema.org\",\"@graph\":[{\"@type\":\"WebPage\",\"@id\":\"https:\\\/\\\/abc-latina.com\\\/perou\\\/circuit_trujillo-chiclayo-cajamarca\\\/\",\"url\":\"https:\\\/\\\/abc-latina.com\\\/perou\\\/circuit_trujillo-chiclayo-cajamarca\\\/\",\"name\":\"CIRCUIT TRUJILLO - CHICLAYO - CAJAMARCA - Abc-latina\",\"isPartOf\":{\"@id\":\"https:\\\/\\\/abc-latina.com\\\/#website\"},\"datePublished\":\"2010-08-06T01:15:55+00:00\",\"dateModified\":\"2026-04-30T16:25:14+00:00\",\"description\":\"Circuit touristique au P\u00e9rou, Trujillo - Chiclayo - Cajamarca.\",\"breadcrumb\":{\"@id\":\"https:\\\/\\\/abc-latina.com\\\/perou\\\/circuit_trujillo-chiclayo-cajamarca\\\/#breadcrumb\"},\"inLanguage\":\"fr-FR\",\"potentialAction\":[{\"@type\":\"ReadAction\",\"target\":[\"https:\\\/\\\/abc-latina.com\\\/perou\\\/circuit_trujillo-chiclayo-cajamarca\\\/\"]}]},{\"@type\":\"BreadcrumbList\",\"@id\":\"https:\\\/\\\/abc-latina.com\\\/perou\\\/circuit_trujillo-chiclayo-cajamarca\\\/#breadcrumb\",\"itemListElement\":[{\"@type\":\"ListItem\",\"position\":1,\"name\":\"Accueil\",\"item\":\"https:\\\/\\\/abc-latina.com\\\/\"},{\"@type\":\"ListItem\",\"position\":2,\"name\":\"CIRCUIT TRUJILLO &#8211; CHICLAYO &#8211; CAJAMARCA\"}]},{\"@type\":\"WebSite\",\"@id\":\"https:\\\/\\\/abc-latina.com\\\/#website\",\"url\":\"https:\\\/\\\/abc-latina.com\\\/\",\"name\":\"Abc-latina\",\"description\":\"\",\"publisher\":{\"@id\":\"https:\\\/\\\/abc-latina.com\\\/#organization\"},\"potentialAction\":[{\"@type\":\"SearchAction\",\"target\":{\"@type\":\"EntryPoint\",\"urlTemplate\":\"https:\\\/\\\/abc-latina.com\\\/?s={search_term_string}\"},\"query-input\":{\"@type\":\"PropertyValueSpecification\",\"valueRequired\":true,\"valueName\":\"search_term_string\"}}],\"inLanguage\":\"fr-FR\"},{\"@type\":\"Organization\",\"@id\":\"https:\\\/\\\/abc-latina.com\\\/#organization\",\"name\":\"Abc-latina\",\"url\":\"https:\\\/\\\/abc-latina.com\\\/\",\"logo\":{\"@type\":\"ImageObject\",\"inLanguage\":\"fr-FR\",\"@id\":\"https:\\\/\\\/abc-latina.com\\\/#\\\/schema\\\/logo\\\/image\\\/\",\"url\":\"https:\\\/\\\/abc-latina.com\\\/wp-content\\\/uploads\\\/2026\\\/05\\\/cropped-logo.gif\",\"contentUrl\":\"https:\\\/\\\/abc-latina.com\\\/wp-content\\\/uploads\\\/2026\\\/05\\\/cropped-logo.gif\",\"width\":89,\"height\":84,\"caption\":\"Abc-latina\"},\"image\":{\"@id\":\"https:\\\/\\\/abc-latina.com\\\/#\\\/schema\\\/logo\\\/image\\\/\"}}]}<\/script>\n<!-- \/ Yoast SEO plugin. -->","yoast_head_json":{"title":"CIRCUIT TRUJILLO - CHICLAYO - CAJAMARCA - Abc-latina","description":"Circuit touristique au P\u00e9rou, Trujillo - Chiclayo - Cajamarca.","robots":{"index":"index","follow":"follow","max-snippet":"max-snippet:-1","max-image-preview":"max-image-preview:large","max-video-preview":"max-video-preview:-1"},"canonical":"https:\/\/abc-latina.com\/perou\/circuit_trujillo-chiclayo-cajamarca\/","og_locale":"fr_FR","og_type":"article","og_title":"CIRCUIT TRUJILLO - CHICLAYO - CAJAMARCA - Abc-latina","og_description":"Circuit touristique au P\u00e9rou, Trujillo - Chiclayo - Cajamarca.","og_url":"https:\/\/abc-latina.com\/perou\/circuit_trujillo-chiclayo-cajamarca\/","og_site_name":"Abc-latina","article_modified_time":"2026-04-30T16:25:14+00:00","twitter_card":"summary_large_image","twitter_misc":{"Dur\u00e9e de lecture estim\u00e9e":"1 minute"},"schema":{"@context":"https:\/\/schema.org","@graph":[{"@type":"WebPage","@id":"https:\/\/abc-latina.com\/perou\/circuit_trujillo-chiclayo-cajamarca\/","url":"https:\/\/abc-latina.com\/perou\/circuit_trujillo-chiclayo-cajamarca\/","name":"CIRCUIT TRUJILLO - CHICLAYO - CAJAMARCA - Abc-latina","isPartOf":{"@id":"https:\/\/abc-latina.com\/#website"},"datePublished":"2010-08-06T01:15:55+00:00","dateModified":"2026-04-30T16:25:14+00:00","description":"Circuit touristique au P\u00e9rou, Trujillo - Chiclayo - Cajamarca.","breadcrumb":{"@id":"https:\/\/abc-latina.com\/perou\/circuit_trujillo-chiclayo-cajamarca\/#breadcrumb"},"inLanguage":"fr-FR","potentialAction":[{"@type":"ReadAction","target":["https:\/\/abc-latina.com\/perou\/circuit_trujillo-chiclayo-cajamarca\/"]}]},{"@type":"BreadcrumbList","@id":"https:\/\/abc-latina.com\/perou\/circuit_trujillo-chiclayo-cajamarca\/#breadcrumb","itemListElement":[{"@type":"ListItem","position":1,"name":"Accueil","item":"https:\/\/abc-latina.com\/"},{"@type":"ListItem","position":2,"name":"CIRCUIT TRUJILLO &#8211; CHICLAYO &#8211; CAJAMARCA"}]},{"@type":"WebSite","@id":"https:\/\/abc-latina.com\/#website","url":"https:\/\/abc-latina.com\/","name":"Abc-latina","description":"","publisher":{"@id":"https:\/\/abc-latina.com\/#organization"},"potentialAction":[{"@type":"SearchAction","target":{"@type":"EntryPoint","urlTemplate":"https:\/\/abc-latina.com\/?s={search_term_string}"},"query-input":{"@type":"PropertyValueSpecification","valueRequired":true,"valueName":"search_term_string"}}],"inLanguage":"fr-FR"},{"@type":"Organization","@id":"https:\/\/abc-latina.com\/#organization","name":"Abc-latina","url":"https:\/\/abc-latina.com\/","logo":{"@type":"ImageObject","inLanguage":"fr-FR","@id":"https:\/\/abc-latina.com\/#\/schema\/logo\/image\/","url":"https:\/\/abc-latina.com\/wp-content\/uploads\/2026\/05\/cropped-logo.gif","contentUrl":"https:\/\/abc-latina.com\/wp-content\/uploads\/2026\/05\/cropped-logo.gif","width":89,"height":84,"caption":"Abc-latina"},"image":{"@id":"https:\/\/abc-latina.com\/#\/schema\/logo\/image\/"}}]}},"_links":{"self":[{"href":"https:\/\/abc-latina.com\/wp-json\/wp\/v2\/pages\/2114","targetHints":{"allow":["GET"]}}],"collection":[{"href":"https:\/\/abc-latina.com\/wp-json\/wp\/v2\/pages"}],"about":[{"href":"https:\/\/abc-latina.com\/wp-json\/wp\/v2\/types\/page"}],"author":[{"embeddable":true,"href":"https:\/\/abc-latina.com\/wp-json\/wp\/v2\/users\/3"}],"replies":[{"embeddable":true,"href":"https:\/\/abc-latina.com\/wp-json\/wp\/v2\/comments?post=2114"}],"version-history":[{"count":1,"href":"https:\/\/abc-latina.com\/wp-json\/wp\/v2\/pages\/2114\/revisions"}],"predecessor-version":[{"id":3677,"href":"https:\/\/abc-latina.com\/wp-json\/wp\/v2\/pages\/2114\/revisions\/3677"}],"up":[{"embeddable":true,"href":"https:\/\/abc-latina.com\/wp-json\/wp\/v2\/pages\/2118"}],"wp:attachment":[{"href":"https:\/\/abc-latina.com\/wp-json\/wp\/v2\/media?parent=2114"}],"curies":[{"name":"wp","href":"https:\/\/api.w.org\/{rel}","templated":true}]}}