{"id":2117,"date":"2010-08-06T04:02:39","date_gmt":"2010-08-06T02:02:39","guid":{"rendered":"http:\/\/abc-latina.com\/index-htm-2\/"},"modified":"2026-04-30T18:25:14","modified_gmt":"2026-04-30T16:25:14","slug":"circuits-touristiques","status":"publish","type":"page","link":"https:\/\/abc-latina.com\/perou\/circuits-touristiques\/","title":{"rendered":"CIRCUITS TOURISTIQUES &#8211; PEROU"},"content":{"rendered":"<div>\n<div><img loading=\"lazy\" decoding=\"async\" class=\" alignright size-full wp-image-2116\" src=\"http:\/\/abc-latina.com\/wp-content\/uploads\/2010\/08\/lima.jpg\" title=\"CIRCUITS TOURISTIQUES au PEROU\" alt=\"\" width=\"200\" vspace=\"9\" hspace=\"15\" height=\"200\" align=\"right\" srcset=\"https:\/\/abc-latina.com\/wp-content\/uploads\/2010\/08\/lima.jpg 250w, https:\/\/abc-latina.com\/wp-content\/uploads\/2010\/08\/lima-150x150.jpg 150w\" sizes=\"auto, (max-width: 200px) 100vw, 200px\" \/><\/div>\n<div>&nbsp;<\/div>\n<div>En fonction du temps dont vous disposerez pour voyager au P\u00e9rou et en consid\u00e9rant les contraintes &nbsp; g\u00e9ographie du pays impos\u00e9es par la cordill\u00e8re des Andes, &nbsp;la luxuriante Amazonie et la c\u00f4te longue de 2.000 km.<\/div>\n<div>Il peut sembler difficile de cr\u00e9er son itin\u00e9raire, tant les sites sont nombreux, diverses et parfois fort \u00e9loign\u00e9s, nous vous proposons donc six exemples de circuits :<\/div>\n<div>&nbsp;<\/div>\n<div>&nbsp;<\/div>\n<div>&nbsp;<\/div>\n<\/div>\n<div><span class=\"tourisme-unesco\">Circuits d&rsquo;une dur\u00e9e de 7 jours et moins<\/span><\/div>\n<div>&#8211; <a href=\"https:\/\/www.abc-latina.com\/perou\/circuits_touristiques\/circuit_callejon_de_huaylas\">Callej\u00f3n de Huaylas<\/a><\/div>\n<div>&#8211; <a href=\"https:\/\/www.abc-latina.com\/perou\/circuits_touristiques\/circuit_chincha-paracas-ica-nasca\">Chincha-Paracas-Ica-Nasca<\/a><\/div>\n<div>&#8211; <a href=\"https:\/\/www.abc-latina.com\/perou\/circuits_touristiques\/circuit_huancayo-jauja-tarma-valle_de_chanchamayo\">Huancayo-Jauja-Tarma-Valle de Chanchamayo<\/a><\/div>\n<div>&nbsp;<\/div>\n<div><span class=\"tourisme-unesco\">Circuits d&rsquo;une dur\u00e9e superieure \u00e0 une semaine<\/span><\/div>\n<div>&#8211; <a href=\"https:\/\/www.abc-latina.com\/perou\/circuits_touristiques\/circuit_arequipa-colca-puno-cusco\">Arequipa-Colca-Puno-Cusco<\/a><\/div>\n<div>&#8211; <a href=\"https:\/\/www.abc-latina.com\/perou\/circuits_touristiques\/circuit_trujillo-chiclayo-cajamarca\">Trujillo-Chiclayo-Cajamarca<\/a><\/div>\n<div>&#8211; <a href=\"https:\/\/www.abc-latina.com\/perou\/circuits_touristiques\/circuit_cusco-manu\">Cusco-Manu<\/a><\/div>\n<div>&nbsp;<\/div>\n","protected":false},"excerpt":{"rendered":"<p>&nbsp; En fonction du temps dont vous disposerez pour voyager au P\u00e9rou et en consid\u00e9rant les contraintes &nbsp; g\u00e9ographie du [&hellip;]<\/p>\n","protected":false},"author":3,"featured_media":2116,"parent":2118,"menu_order":0,"comment_status":"closed","ping_status":"closed","template":"","meta":{"site-sidebar-layout":"default","site-content-layout":"","ast-site-content-layout":"default","site-content-style":"default","site-sidebar-style":"default","ast-global-header-display":"","ast-banner-title-visibility":"","ast-main-header-display":"","ast-hfb-above-header-display":"","ast-hfb-below-header-display":"","ast-hfb-mobile-header-display":"","site-post-title":"","ast-breadcrumbs-content":"","ast-featured-img":"","footer-sml-layout":"","ast-disable-related-posts":"","theme-transparent-header-meta":"","adv-header-id-meta":"","stick-header-meta":"","header-above-stick-meta":"","header-main-stick-meta":"","header-below-stick-meta":"","astra-migrate-meta-layouts":"default","ast-page-background-enabled":"default","ast-page-background-meta":{"desktop":{"background-color":"var(--ast-global-color-5)","background-image":"","background-repeat":"repeat","background-position":"center center","background-size":"auto","background-attachment":"scroll","background-type":"","background-media":"","overlay-type":"","overlay-color":"","overlay-opacity":"","overlay-gradient":""},"tablet":{"background-color":"","background-image":"","background-repeat":"repeat","background-position":"center center","background-size":"auto","background-attachment":"scroll","background-type":"","background-media":"","overlay-type":"","overlay-color":"","overlay-opacity":"","overlay-gradient":""},"mobile":{"background-color":"","background-image":"","background-repeat":"repeat","background-position":"center center","background-size":"auto","background-attachment":"scroll","background-type":"","background-media":"","overlay-type":"","overlay-color":"","overlay-opacity":"","overlay-gradient":""}},"ast-content-background-meta":{"desktop":{"background-color":"var(--ast-global-color-4)","background-image":"","background-repeat":"repeat","background-position":"center center","background-size":"auto","background-attachment":"scroll","background-type":"","background-media":"","overlay-type":"","overlay-color":"","overlay-opacity":"","overlay-gradient":""},"tablet":{"background-color":"var(--ast-global-color-4)","background-image":"","background-repeat":"repeat","background-position":"center center","background-size":"auto","background-attachment":"scroll","background-type":"","background-media":"","overlay-type":"","overlay-color":"","overlay-opacity":"","overlay-gradient":""},"mobile":{"background-color":"var(--ast-global-color-4)","background-image":"","background-repeat":"repeat","background-position":"center center","background-size":"auto","background-attachment":"scroll","background-type":"","background-media":"","overlay-type":"","overlay-color":"","overlay-opacity":"","overlay-gradient":""}},"footnotes":""},"class_list":["post-2117","page","type-page","status-publish","has-post-thumbnail","hentry"],"yoast_head":"<!-- This site is optimized with the Yoast SEO plugin v27.5 - https:\/\/yoast.com\/product\/yoast-seo-wordpress\/ -->\n<title>CIRCUITS TOURISTIQUES - PEROU - Abc-latina<\/title>\n<meta name=\"description\" content=\"Exemples et informations sur les diff\u00e9rents circuits touristiques au P\u00e9rou.\" \/>\n<meta name=\"robots\" content=\"index, follow, max-snippet:-1, max-image-preview:large, max-video-preview:-1\" \/>\n<link rel=\"canonical\" href=\"https:\/\/abc-latina.com\/perou\/circuits-touristiques\/\" \/>\n<meta property=\"og:locale\" content=\"fr_FR\" \/>\n<meta property=\"og:type\" content=\"article\" \/>\n<meta property=\"og:title\" content=\"CIRCUITS TOURISTIQUES - PEROU - Abc-latina\" \/>\n<meta property=\"og:description\" content=\"Exemples et informations sur les diff\u00e9rents circuits touristiques au P\u00e9rou.\" \/>\n<meta property=\"og:url\" content=\"https:\/\/abc-latina.com\/perou\/circuits-touristiques\/\" \/>\n<meta property=\"og:site_name\" content=\"Abc-latina\" \/>\n<meta property=\"article:modified_time\" content=\"2026-04-30T16:25:14+00:00\" \/>\n<meta property=\"og:image\" content=\"https:\/\/abc-latina.com\/wp-content\/uploads\/2010\/08\/lima.jpg\" \/>\n\t<meta property=\"og:image:width\" content=\"250\" \/>\n\t<meta property=\"og:image:height\" content=\"250\" \/>\n\t<meta property=\"og:image:type\" content=\"image\/jpeg\" \/>\n<meta name=\"twitter:card\" content=\"summary_large_image\" \/>\n<meta name=\"twitter:label1\" content=\"Dur\u00e9e de lecture estim\u00e9e\" \/>\n\t<meta name=\"twitter:data1\" content=\"1 minute\" \/>\n<script type=\"application\/ld+json\" class=\"yoast-schema-graph\">{\"@context\":\"https:\\\/\\\/schema.org\",\"@graph\":[{\"@type\":\"WebPage\",\"@id\":\"https:\\\/\\\/abc-latina.com\\\/perou\\\/circuits-touristiques\\\/\",\"url\":\"https:\\\/\\\/abc-latina.com\\\/perou\\\/circuits-touristiques\\\/\",\"name\":\"CIRCUITS TOURISTIQUES - PEROU - Abc-latina\",\"isPartOf\":{\"@id\":\"https:\\\/\\\/abc-latina.com\\\/#website\"},\"primaryImageOfPage\":{\"@id\":\"https:\\\/\\\/abc-latina.com\\\/perou\\\/circuits-touristiques\\\/#primaryimage\"},\"image\":{\"@id\":\"https:\\\/\\\/abc-latina.com\\\/perou\\\/circuits-touristiques\\\/#primaryimage\"},\"thumbnailUrl\":\"https:\\\/\\\/abc-latina.com\\\/wp-content\\\/uploads\\\/2010\\\/08\\\/lima.jpg\",\"datePublished\":\"2010-08-06T02:02:39+00:00\",\"dateModified\":\"2026-04-30T16:25:14+00:00\",\"description\":\"Exemples et informations sur les diff\u00e9rents circuits touristiques au P\u00e9rou.\",\"breadcrumb\":{\"@id\":\"https:\\\/\\\/abc-latina.com\\\/perou\\\/circuits-touristiques\\\/#breadcrumb\"},\"inLanguage\":\"fr-FR\",\"potentialAction\":[{\"@type\":\"ReadAction\",\"target\":[\"https:\\\/\\\/abc-latina.com\\\/perou\\\/circuits-touristiques\\\/\"]}]},{\"@type\":\"ImageObject\",\"inLanguage\":\"fr-FR\",\"@id\":\"https:\\\/\\\/abc-latina.com\\\/perou\\\/circuits-touristiques\\\/#primaryimage\",\"url\":\"https:\\\/\\\/abc-latina.com\\\/wp-content\\\/uploads\\\/2010\\\/08\\\/lima.jpg\",\"contentUrl\":\"https:\\\/\\\/abc-latina.com\\\/wp-content\\\/uploads\\\/2010\\\/08\\\/lima.jpg\",\"width\":250,\"height\":250,\"caption\":\"CIRCUITS TOURISTIQUES au PEROU\"},{\"@type\":\"BreadcrumbList\",\"@id\":\"https:\\\/\\\/abc-latina.com\\\/perou\\\/circuits-touristiques\\\/#breadcrumb\",\"itemListElement\":[{\"@type\":\"ListItem\",\"position\":1,\"name\":\"Accueil\",\"item\":\"https:\\\/\\\/abc-latina.com\\\/\"},{\"@type\":\"ListItem\",\"position\":2,\"name\":\"CIRCUITS TOURISTIQUES &#8211; PEROU\"}]},{\"@type\":\"WebSite\",\"@id\":\"https:\\\/\\\/abc-latina.com\\\/#website\",\"url\":\"https:\\\/\\\/abc-latina.com\\\/\",\"name\":\"Abc-latina\",\"description\":\"\",\"publisher\":{\"@id\":\"https:\\\/\\\/abc-latina.com\\\/#organization\"},\"potentialAction\":[{\"@type\":\"SearchAction\",\"target\":{\"@type\":\"EntryPoint\",\"urlTemplate\":\"https:\\\/\\\/abc-latina.com\\\/?s={search_term_string}\"},\"query-input\":{\"@type\":\"PropertyValueSpecification\",\"valueRequired\":true,\"valueName\":\"search_term_string\"}}],\"inLanguage\":\"fr-FR\"},{\"@type\":\"Organization\",\"@id\":\"https:\\\/\\\/abc-latina.com\\\/#organization\",\"name\":\"Abc-latina\",\"url\":\"https:\\\/\\\/abc-latina.com\\\/\",\"logo\":{\"@type\":\"ImageObject\",\"inLanguage\":\"fr-FR\",\"@id\":\"https:\\\/\\\/abc-latina.com\\\/#\\\/schema\\\/logo\\\/image\\\/\",\"url\":\"https:\\\/\\\/abc-latina.com\\\/wp-content\\\/uploads\\\/2026\\\/05\\\/cropped-logo.gif\",\"contentUrl\":\"https:\\\/\\\/abc-latina.com\\\/wp-content\\\/uploads\\\/2026\\\/05\\\/cropped-logo.gif\",\"width\":89,\"height\":84,\"caption\":\"Abc-latina\"},\"image\":{\"@id\":\"https:\\\/\\\/abc-latina.com\\\/#\\\/schema\\\/logo\\\/image\\\/\"}}]}<\/script>\n<!-- \/ Yoast SEO plugin. -->","yoast_head_json":{"title":"CIRCUITS TOURISTIQUES - PEROU - Abc-latina","description":"Exemples et informations sur les diff\u00e9rents circuits touristiques au P\u00e9rou.","robots":{"index":"index","follow":"follow","max-snippet":"max-snippet:-1","max-image-preview":"max-image-preview:large","max-video-preview":"max-video-preview:-1"},"canonical":"https:\/\/abc-latina.com\/perou\/circuits-touristiques\/","og_locale":"fr_FR","og_type":"article","og_title":"CIRCUITS TOURISTIQUES - PEROU - Abc-latina","og_description":"Exemples et informations sur les diff\u00e9rents circuits touristiques au P\u00e9rou.","og_url":"https:\/\/abc-latina.com\/perou\/circuits-touristiques\/","og_site_name":"Abc-latina","article_modified_time":"2026-04-30T16:25:14+00:00","og_image":[{"width":250,"height":250,"url":"https:\/\/abc-latina.com\/wp-content\/uploads\/2010\/08\/lima.jpg","type":"image\/jpeg"}],"twitter_card":"summary_large_image","twitter_misc":{"Dur\u00e9e de lecture estim\u00e9e":"1 minute"},"schema":{"@context":"https:\/\/schema.org","@graph":[{"@type":"WebPage","@id":"https:\/\/abc-latina.com\/perou\/circuits-touristiques\/","url":"https:\/\/abc-latina.com\/perou\/circuits-touristiques\/","name":"CIRCUITS TOURISTIQUES - PEROU - Abc-latina","isPartOf":{"@id":"https:\/\/abc-latina.com\/#website"},"primaryImageOfPage":{"@id":"https:\/\/abc-latina.com\/perou\/circuits-touristiques\/#primaryimage"},"image":{"@id":"https:\/\/abc-latina.com\/perou\/circuits-touristiques\/#primaryimage"},"thumbnailUrl":"https:\/\/abc-latina.com\/wp-content\/uploads\/2010\/08\/lima.jpg","datePublished":"2010-08-06T02:02:39+00:00","dateModified":"2026-04-30T16:25:14+00:00","description":"Exemples et informations sur les diff\u00e9rents circuits touristiques au P\u00e9rou.","breadcrumb":{"@id":"https:\/\/abc-latina.com\/perou\/circuits-touristiques\/#breadcrumb"},"inLanguage":"fr-FR","potentialAction":[{"@type":"ReadAction","target":["https:\/\/abc-latina.com\/perou\/circuits-touristiques\/"]}]},{"@type":"ImageObject","inLanguage":"fr-FR","@id":"https:\/\/abc-latina.com\/perou\/circuits-touristiques\/#primaryimage","url":"https:\/\/abc-latina.com\/wp-content\/uploads\/2010\/08\/lima.jpg","contentUrl":"https:\/\/abc-latina.com\/wp-content\/uploads\/2010\/08\/lima.jpg","width":250,"height":250,"caption":"CIRCUITS TOURISTIQUES au PEROU"},{"@type":"BreadcrumbList","@id":"https:\/\/abc-latina.com\/perou\/circuits-touristiques\/#breadcrumb","itemListElement":[{"@type":"ListItem","position":1,"name":"Accueil","item":"https:\/\/abc-latina.com\/"},{"@type":"ListItem","position":2,"name":"CIRCUITS TOURISTIQUES &#8211; PEROU"}]},{"@type":"WebSite","@id":"https:\/\/abc-latina.com\/#website","url":"https:\/\/abc-latina.com\/","name":"Abc-latina","description":"","publisher":{"@id":"https:\/\/abc-latina.com\/#organization"},"potentialAction":[{"@type":"SearchAction","target":{"@type":"EntryPoint","urlTemplate":"https:\/\/abc-latina.com\/?s={search_term_string}"},"query-input":{"@type":"PropertyValueSpecification","valueRequired":true,"valueName":"search_term_string"}}],"inLanguage":"fr-FR"},{"@type":"Organization","@id":"https:\/\/abc-latina.com\/#organization","name":"Abc-latina","url":"https:\/\/abc-latina.com\/","logo":{"@type":"ImageObject","inLanguage":"fr-FR","@id":"https:\/\/abc-latina.com\/#\/schema\/logo\/image\/","url":"https:\/\/abc-latina.com\/wp-content\/uploads\/2026\/05\/cropped-logo.gif","contentUrl":"https:\/\/abc-latina.com\/wp-content\/uploads\/2026\/05\/cropped-logo.gif","width":89,"height":84,"caption":"Abc-latina"},"image":{"@id":"https:\/\/abc-latina.com\/#\/schema\/logo\/image\/"}}]}},"_links":{"self":[{"href":"https:\/\/abc-latina.com\/wp-json\/wp\/v2\/pages\/2117","targetHints":{"allow":["GET"]}}],"collection":[{"href":"https:\/\/abc-latina.com\/wp-json\/wp\/v2\/pages"}],"about":[{"href":"https:\/\/abc-latina.com\/wp-json\/wp\/v2\/types\/page"}],"author":[{"embeddable":true,"href":"https:\/\/abc-latina.com\/wp-json\/wp\/v2\/users\/3"}],"replies":[{"embeddable":true,"href":"https:\/\/abc-latina.com\/wp-json\/wp\/v2\/comments?post=2117"}],"version-history":[{"count":2,"href":"https:\/\/abc-latina.com\/wp-json\/wp\/v2\/pages\/2117\/revisions"}],"predecessor-version":[{"id":3678,"href":"https:\/\/abc-latina.com\/wp-json\/wp\/v2\/pages\/2117\/revisions\/3678"}],"up":[{"embeddable":true,"href":"https:\/\/abc-latina.com\/wp-json\/wp\/v2\/pages\/2118"}],"wp:featuredmedia":[{"embeddable":true,"href":"https:\/\/abc-latina.com\/wp-json\/wp\/v2\/media\/2116"}],"wp:attachment":[{"href":"https:\/\/abc-latina.com\/wp-json\/wp\/v2\/media?parent=2117"}],"curies":[{"name":"wp","href":"https:\/\/api.w.org\/{rel}","templated":true}]}}