{"id":2119,"date":"2010-08-08T19:20:24","date_gmt":"2010-08-08T17:20:24","guid":{"rendered":"http:\/\/abc-latina.com\/geo-htm-19\/"},"modified":"2026-04-30T18:24:51","modified_gmt":"2026-04-30T16:24:51","slug":"geo","status":"publish","type":"page","link":"https:\/\/abc-latina.com\/bresil\/geo\/","title":{"rendered":"GEOGRAPHIE &#8211; BRESIL"},"content":{"rendered":"<div><img loading=\"lazy\" decoding=\"async\" class=\" size-full wp-image-1096\" src=\"http:\/\/abc-latina.com\/wp-content\/uploads\/2010\/06\/059-geographie-du-bresil.jpg\" title=\"GEOGRAPHIE DU BRESIL\" alt=\"GEOGRAPHIE DU BRESIL\" width=\"480\" height=\"189\" srcset=\"https:\/\/abc-latina.com\/wp-content\/uploads\/2010\/06\/059-geographie-du-bresil.jpg 700w, https:\/\/abc-latina.com\/wp-content\/uploads\/2010\/06\/059-geographie-du-bresil-300x118.jpg 300w\" sizes=\"auto, (max-width: 480px) 100vw, 480px\" \/><\/div>\n<div>&nbsp;<\/div>\n<div>Le Br\u00e9sil couvre presque la moiti\u00e9 de l&rsquo;Am\u00e9rique du Sud. Le pays partage ses fronti\u00e8res au Nord, au Sud et \u00e0 l&rsquo;Est avec presque tous les pays d&rsquo;Am\u00e9rique du Sud (except\u00e9s le <a target=\"_blank\" href=\"https:\/\/www.abc-latina.com\/chili\/\">Chili<\/a> et l&rsquo;<a href=\"https:\/\/www.abc-latina.com\/equateur\/\">Equateur<\/a>).&nbsp;<\/div>\n<div><img loading=\"lazy\" decoding=\"async\" class=\" alignright size-full wp-image-1099\" style=\"margin: 5px; float: right;\" src=\"http:\/\/abc-latina.com\/wp-content\/uploads\/2010\/06\/america_bresil.png\" title=\"GEOGRAPHIE DU BRESIL\" alt=\"\" width=\"118\" height=\"122\" \/>Le Br\u00e9sil est bord\u00e9 par l&rsquo;Oc\u00e9an Atlantique \u00e0 l&rsquo;est. C&rsquo;est un pays relativement plat et les zones montagneuses ne d\u00e9passent pas 3.000 m\u00e8tres d&rsquo;altitude. Pr\u00e8s de 60% de la superficie est un plateau, le reste \u00e9tant une plaine.&nbsp;<\/div>\n<div>Le bassin de Rio de la Plata au confluent des fleuves Parana et Uruguay (les deux ayant leur source au Br\u00e9sil) au sud du pays est pratiquement la zone dont la topographie est la plus vari\u00e9e. C&rsquo;est une zone plus \u00e9lev\u00e9e et qui n&rsquo;est pas recouverte par la for\u00eat amazonienne. Au Nord du fleuve Amazonas, on trouve les terres hautes de la Guyane, une zone de for\u00eat tropicale et de d\u00e9sert rocailleux. Les terres hautes de l&rsquo;int\u00e9rieur entre le fleuve Amazonas et les bassins fluviaux du Sud forment un immense plateau appel\u00e9 el Mato Grosso. A partir du Mato Grosso une cha\u00eene montagneuse s&rsquo;\u00e9l\u00e8ve vers le Sud Ouest parall\u00e8le au littoral de l&rsquo;Oc\u00e9an Atlantique.<\/div>\n<h3>G\u00e9ographie du Br\u00e9sil: Chiffres<\/h3>\n<div><span class=\"geo-info2\">Capitale:<\/span> Brasilia&nbsp;<\/div>\n<div><span class=\"geo-info2\">Superficie:<\/span> 8 511 965 km&sup2;<\/div>\n<div>15 fois la France<\/div>\n<div>207 fois la Suisse<\/div>\n<div>280 fois la Belgique<\/div>\n<div>mais 15% de superficie en moins que le Canada.&nbsp;<\/div>\n<div><span class=\"geo-info2\">Population:<\/span> 166 millions&nbsp;<\/div>\n<div>Urbaine \u00e0 74%<\/div>\n<div>Rurale \u00e0 26 %<\/div>\n<div>Densit\u00e9 19,6 hab\/km&sup2;&nbsp;<\/div>\n<div>23 Etats<\/div>\n<div>Indice de f\u00e9condit\u00e9: 2,3 enfants\/femme<\/div>\n<div>Esp\u00e9rance de vie: 71 \/ 63 ans<\/div>\n<div>Taux d&rsquo;alphab\u00e9tisation:&nbsp;<\/div>\n<div><span class=\"geo-info2\">Langue:<\/span> Portuguais&nbsp;<\/div>\n<h3>Les cinq grandes r\u00e9gions br\u00e9siliennes&nbsp;<\/h3>\n<div>Le Br\u00e9sil est divis\u00e9 en 27 unit\u00e9s administratives, soient 23 Etats, trois territoires (Amapa, Roraima et l&rsquo;archipel Fernando de Noronha), et le district f\u00e9d\u00e9ral de Brasilia. Ces unit\u00e9s sont regroup\u00e9es en cinq r\u00e9gions, ayant chacune des caract\u00e9ristiques g\u00e9ographiques et humaines diff\u00e9rentes.<\/div>\n<div>&#8211; La r\u00e9gion NORTE correspond \u00e0 l&rsquo;Amazonie, avec Bel\u00e9m et Manaus&nbsp;<\/div>\n<div>( Acre &#8211; Amap\u00e1 &#8211; Amazonas &#8211; Par\u00e1 &#8211; Rond\u00f4nia &#8211; Roraima &#8211; Tocantins )<\/div>\n<div>&#8211; La r\u00e9gion NORDESTE regroupe tous les petits Etats c\u00f4tiers du Nord, avec les villes de Salvador, Recife, Natal, Fortaleza et Sao Luis.<\/div>\n<div>( Alagoas &#8211; Bahia &#8211; Cear\u00e1 &#8211; Maranh\u00e3o &#8211; Para\u00edba &#8211; Pernambuco &#8211; Piau\u00ed &#8211; Rio Grande do Norte &#8211; Sergipe )<\/div>\n<div>&#8211; La r\u00e9gion SUDESTE forme le triangle industriel, form\u00e9 par Sao Paulo, Rio de Janeiro et Belo Horizonte.<\/div>\n<div>( Goi\u00e1s &#8211; Mato Grosso &#8211; Mato Grosso do Sul &#8211; Distrito Federal )<\/div>\n<div>&#8211; La r\u00e9gion CENTRO-OESTE correspond au plateau central du Br\u00e9sil, avec le Mato Grosso et la capitale f\u00e9derale Brasilia&nbsp;<\/div>\n<div>( Esp\u00edrito Santo &#8211; Minas Gerais &#8211; Rio de Janeiro &#8211; S\u00e3o Paulo )&nbsp;<\/div>\n<div>&#8211; La r\u00e9gion SUL r\u00e9unit les Etats du Sud, avec les villes de Curitiba, Porto Alegre et Florianopolis.<\/div>\n<div>( Paran\u00e1 &#8211; Rio Grande do Sul &#8211; Santa Catarina )<\/div>\n<div>&nbsp;<\/div>\n<div>La population du pays est concentr\u00e9e dans les \u00e9tats du Sud Est: Minas Gerais, Sao Paulo et Parana. La ville de Sao Paulo est une des plus peupl\u00e9es du Br\u00e9sil avec 9 millions d&rsquo;habitants. Rio de Janeiro compte 5,5 millions d&rsquo;habitants.<\/div>\n<div>&nbsp;<\/div>\n<div><a href=\"peuple\">La population br\u00e9silienne<\/a><\/div>\n<p>&nbsp;<\/p>\n","protected":false},"excerpt":{"rendered":"<p>&nbsp; Le Br\u00e9sil couvre presque la moiti\u00e9 de l&rsquo;Am\u00e9rique du Sud. Le pays partage ses fronti\u00e8res au Nord, au Sud [&hellip;]<\/p>\n","protected":false},"author":3,"featured_media":1096,"parent":2297,"menu_order":0,"comment_status":"closed","ping_status":"closed","template":"","meta":{"site-sidebar-layout":"default","site-content-layout":"","ast-site-content-layout":"default","site-content-style":"default","site-sidebar-style":"default","ast-global-header-display":"","ast-banner-title-visibility":"","ast-main-header-display":"","ast-hfb-above-header-display":"","ast-hfb-below-header-display":"","ast-hfb-mobile-header-display":"","site-post-title":"","ast-breadcrumbs-content":"","ast-featured-img":"","footer-sml-layout":"","ast-disable-related-posts":"","theme-transparent-header-meta":"","adv-header-id-meta":"","stick-header-meta":"","header-above-stick-meta":"","header-main-stick-meta":"","header-below-stick-meta":"","astra-migrate-meta-layouts":"default","ast-page-background-enabled":"default","ast-page-background-meta":{"desktop":{"background-color":"var(--ast-global-color-5)","background-image":"","background-repeat":"repeat","background-position":"center center","background-size":"auto","background-attachment":"scroll","background-type":"","background-media":"","overlay-type":"","overlay-color":"","overlay-opacity":"","overlay-gradient":""},"tablet":{"background-color":"","background-image":"","background-repeat":"repeat","background-position":"center center","background-size":"auto","background-attachment":"scroll","background-type":"","background-media":"","overlay-type":"","overlay-color":"","overlay-opacity":"","overlay-gradient":""},"mobile":{"background-color":"","background-image":"","background-repeat":"repeat","background-position":"center center","background-size":"auto","background-attachment":"scroll","background-type":"","background-media":"","overlay-type":"","overlay-color":"","overlay-opacity":"","overlay-gradient":""}},"ast-content-background-meta":{"desktop":{"background-color":"var(--ast-global-color-4)","background-image":"","background-repeat":"repeat","background-position":"center center","background-size":"auto","background-attachment":"scroll","background-type":"","background-media":"","overlay-type":"","overlay-color":"","overlay-opacity":"","overlay-gradient":""},"tablet":{"background-color":"var(--ast-global-color-4)","background-image":"","background-repeat":"repeat","background-position":"center center","background-size":"auto","background-attachment":"scroll","background-type":"","background-media":"","overlay-type":"","overlay-color":"","overlay-opacity":"","overlay-gradient":""},"mobile":{"background-color":"var(--ast-global-color-4)","background-image":"","background-repeat":"repeat","background-position":"center center","background-size":"auto","background-attachment":"scroll","background-type":"","background-media":"","overlay-type":"","overlay-color":"","overlay-opacity":"","overlay-gradient":""}},"footnotes":""},"class_list":["post-2119","page","type-page","status-publish","has-post-thumbnail","hentry"],"yoast_head":"<!-- This site is optimized with the Yoast SEO plugin v27.5 - https:\/\/yoast.com\/product\/yoast-seo-wordpress\/ -->\n<title>GEOGRAPHIE - BRESIL - Abc-latina<\/title>\n<meta name=\"description\" content=\"Le Br\u00e9sil couvre presque la moiti\u00e9 de l&#039;Am\u00e9rique du Sud. C&#039;est un pays relativement plat et les zones montagneuses ne d\u00e9passent pas 3.000 m\u00e8tres d&#039;altitude...\" \/>\n<meta name=\"robots\" content=\"index, follow, max-snippet:-1, max-image-preview:large, max-video-preview:-1\" \/>\n<link rel=\"canonical\" href=\"https:\/\/abc-latina.com\/bresil\/geo\/\" \/>\n<meta property=\"og:locale\" content=\"fr_FR\" \/>\n<meta property=\"og:type\" content=\"article\" \/>\n<meta property=\"og:title\" content=\"GEOGRAPHIE - BRESIL - Abc-latina\" \/>\n<meta property=\"og:description\" content=\"Le Br\u00e9sil couvre presque la moiti\u00e9 de l&#039;Am\u00e9rique du Sud. C&#039;est un pays relativement plat et les zones montagneuses ne d\u00e9passent pas 3.000 m\u00e8tres d&#039;altitude...\" \/>\n<meta property=\"og:url\" content=\"https:\/\/abc-latina.com\/bresil\/geo\/\" \/>\n<meta property=\"og:site_name\" content=\"Abc-latina\" \/>\n<meta property=\"article:modified_time\" content=\"2026-04-30T16:24:51+00:00\" \/>\n<meta property=\"og:image\" content=\"https:\/\/abc-latina.com\/wp-content\/uploads\/2010\/06\/059-geographie-du-bresil.jpg\" \/>\n\t<meta property=\"og:image:width\" content=\"700\" \/>\n\t<meta property=\"og:image:height\" content=\"276\" \/>\n\t<meta property=\"og:image:type\" content=\"image\/jpeg\" \/>\n<meta name=\"twitter:card\" content=\"summary_large_image\" \/>\n<meta name=\"twitter:label1\" content=\"Dur\u00e9e de lecture estim\u00e9e\" \/>\n\t<meta name=\"twitter:data1\" content=\"3 minutes\" \/>\n<script type=\"application\/ld+json\" class=\"yoast-schema-graph\">{\"@context\":\"https:\\\/\\\/schema.org\",\"@graph\":[{\"@type\":\"WebPage\",\"@id\":\"https:\\\/\\\/abc-latina.com\\\/bresil\\\/geo\\\/\",\"url\":\"https:\\\/\\\/abc-latina.com\\\/bresil\\\/geo\\\/\",\"name\":\"GEOGRAPHIE - BRESIL - Abc-latina\",\"isPartOf\":{\"@id\":\"https:\\\/\\\/abc-latina.com\\\/#website\"},\"primaryImageOfPage\":{\"@id\":\"https:\\\/\\\/abc-latina.com\\\/bresil\\\/geo\\\/#primaryimage\"},\"image\":{\"@id\":\"https:\\\/\\\/abc-latina.com\\\/bresil\\\/geo\\\/#primaryimage\"},\"thumbnailUrl\":\"https:\\\/\\\/abc-latina.com\\\/wp-content\\\/uploads\\\/2010\\\/06\\\/059-geographie-du-bresil.jpg\",\"datePublished\":\"2010-08-08T17:20:24+00:00\",\"dateModified\":\"2026-04-30T16:24:51+00:00\",\"description\":\"Le Br\u00e9sil couvre presque la moiti\u00e9 de l'Am\u00e9rique du Sud. C'est un pays relativement plat et les zones montagneuses ne d\u00e9passent pas 3.000 m\u00e8tres d'altitude...\",\"breadcrumb\":{\"@id\":\"https:\\\/\\\/abc-latina.com\\\/bresil\\\/geo\\\/#breadcrumb\"},\"inLanguage\":\"fr-FR\",\"potentialAction\":[{\"@type\":\"ReadAction\",\"target\":[\"https:\\\/\\\/abc-latina.com\\\/bresil\\\/geo\\\/\"]}]},{\"@type\":\"ImageObject\",\"inLanguage\":\"fr-FR\",\"@id\":\"https:\\\/\\\/abc-latina.com\\\/bresil\\\/geo\\\/#primaryimage\",\"url\":\"https:\\\/\\\/abc-latina.com\\\/wp-content\\\/uploads\\\/2010\\\/06\\\/059-geographie-du-bresil.jpg\",\"contentUrl\":\"https:\\\/\\\/abc-latina.com\\\/wp-content\\\/uploads\\\/2010\\\/06\\\/059-geographie-du-bresil.jpg\",\"width\":700,\"height\":276,\"caption\":\"GEOGRAPHIE DE L'AMERIQUE LATINE\"},{\"@type\":\"BreadcrumbList\",\"@id\":\"https:\\\/\\\/abc-latina.com\\\/bresil\\\/geo\\\/#breadcrumb\",\"itemListElement\":[{\"@type\":\"ListItem\",\"position\":1,\"name\":\"Accueil\",\"item\":\"https:\\\/\\\/abc-latina.com\\\/\"},{\"@type\":\"ListItem\",\"position\":2,\"name\":\"GEOGRAPHIE &#8211; BRESIL\"}]},{\"@type\":\"WebSite\",\"@id\":\"https:\\\/\\\/abc-latina.com\\\/#website\",\"url\":\"https:\\\/\\\/abc-latina.com\\\/\",\"name\":\"Abc-latina\",\"description\":\"\",\"publisher\":{\"@id\":\"https:\\\/\\\/abc-latina.com\\\/#organization\"},\"potentialAction\":[{\"@type\":\"SearchAction\",\"target\":{\"@type\":\"EntryPoint\",\"urlTemplate\":\"https:\\\/\\\/abc-latina.com\\\/?s={search_term_string}\"},\"query-input\":{\"@type\":\"PropertyValueSpecification\",\"valueRequired\":true,\"valueName\":\"search_term_string\"}}],\"inLanguage\":\"fr-FR\"},{\"@type\":\"Organization\",\"@id\":\"https:\\\/\\\/abc-latina.com\\\/#organization\",\"name\":\"Abc-latina\",\"url\":\"https:\\\/\\\/abc-latina.com\\\/\",\"logo\":{\"@type\":\"ImageObject\",\"inLanguage\":\"fr-FR\",\"@id\":\"https:\\\/\\\/abc-latina.com\\\/#\\\/schema\\\/logo\\\/image\\\/\",\"url\":\"https:\\\/\\\/abc-latina.com\\\/wp-content\\\/uploads\\\/2026\\\/05\\\/cropped-logo.gif\",\"contentUrl\":\"https:\\\/\\\/abc-latina.com\\\/wp-content\\\/uploads\\\/2026\\\/05\\\/cropped-logo.gif\",\"width\":89,\"height\":84,\"caption\":\"Abc-latina\"},\"image\":{\"@id\":\"https:\\\/\\\/abc-latina.com\\\/#\\\/schema\\\/logo\\\/image\\\/\"}}]}<\/script>\n<!-- \/ Yoast SEO plugin. -->","yoast_head_json":{"title":"GEOGRAPHIE - BRESIL - Abc-latina","description":"Le Br\u00e9sil couvre presque la moiti\u00e9 de l'Am\u00e9rique du Sud. C'est un pays relativement plat et les zones montagneuses ne d\u00e9passent pas 3.000 m\u00e8tres d'altitude...","robots":{"index":"index","follow":"follow","max-snippet":"max-snippet:-1","max-image-preview":"max-image-preview:large","max-video-preview":"max-video-preview:-1"},"canonical":"https:\/\/abc-latina.com\/bresil\/geo\/","og_locale":"fr_FR","og_type":"article","og_title":"GEOGRAPHIE - BRESIL - Abc-latina","og_description":"Le Br\u00e9sil couvre presque la moiti\u00e9 de l'Am\u00e9rique du Sud. C'est un pays relativement plat et les zones montagneuses ne d\u00e9passent pas 3.000 m\u00e8tres d'altitude...","og_url":"https:\/\/abc-latina.com\/bresil\/geo\/","og_site_name":"Abc-latina","article_modified_time":"2026-04-30T16:24:51+00:00","og_image":[{"width":700,"height":276,"url":"https:\/\/abc-latina.com\/wp-content\/uploads\/2010\/06\/059-geographie-du-bresil.jpg","type":"image\/jpeg"}],"twitter_card":"summary_large_image","twitter_misc":{"Dur\u00e9e de lecture estim\u00e9e":"3 minutes"},"schema":{"@context":"https:\/\/schema.org","@graph":[{"@type":"WebPage","@id":"https:\/\/abc-latina.com\/bresil\/geo\/","url":"https:\/\/abc-latina.com\/bresil\/geo\/","name":"GEOGRAPHIE - BRESIL - Abc-latina","isPartOf":{"@id":"https:\/\/abc-latina.com\/#website"},"primaryImageOfPage":{"@id":"https:\/\/abc-latina.com\/bresil\/geo\/#primaryimage"},"image":{"@id":"https:\/\/abc-latina.com\/bresil\/geo\/#primaryimage"},"thumbnailUrl":"https:\/\/abc-latina.com\/wp-content\/uploads\/2010\/06\/059-geographie-du-bresil.jpg","datePublished":"2010-08-08T17:20:24+00:00","dateModified":"2026-04-30T16:24:51+00:00","description":"Le Br\u00e9sil couvre presque la moiti\u00e9 de l'Am\u00e9rique du Sud. C'est un pays relativement plat et les zones montagneuses ne d\u00e9passent pas 3.000 m\u00e8tres d'altitude...","breadcrumb":{"@id":"https:\/\/abc-latina.com\/bresil\/geo\/#breadcrumb"},"inLanguage":"fr-FR","potentialAction":[{"@type":"ReadAction","target":["https:\/\/abc-latina.com\/bresil\/geo\/"]}]},{"@type":"ImageObject","inLanguage":"fr-FR","@id":"https:\/\/abc-latina.com\/bresil\/geo\/#primaryimage","url":"https:\/\/abc-latina.com\/wp-content\/uploads\/2010\/06\/059-geographie-du-bresil.jpg","contentUrl":"https:\/\/abc-latina.com\/wp-content\/uploads\/2010\/06\/059-geographie-du-bresil.jpg","width":700,"height":276,"caption":"GEOGRAPHIE DE L'AMERIQUE LATINE"},{"@type":"BreadcrumbList","@id":"https:\/\/abc-latina.com\/bresil\/geo\/#breadcrumb","itemListElement":[{"@type":"ListItem","position":1,"name":"Accueil","item":"https:\/\/abc-latina.com\/"},{"@type":"ListItem","position":2,"name":"GEOGRAPHIE &#8211; BRESIL"}]},{"@type":"WebSite","@id":"https:\/\/abc-latina.com\/#website","url":"https:\/\/abc-latina.com\/","name":"Abc-latina","description":"","publisher":{"@id":"https:\/\/abc-latina.com\/#organization"},"potentialAction":[{"@type":"SearchAction","target":{"@type":"EntryPoint","urlTemplate":"https:\/\/abc-latina.com\/?s={search_term_string}"},"query-input":{"@type":"PropertyValueSpecification","valueRequired":true,"valueName":"search_term_string"}}],"inLanguage":"fr-FR"},{"@type":"Organization","@id":"https:\/\/abc-latina.com\/#organization","name":"Abc-latina","url":"https:\/\/abc-latina.com\/","logo":{"@type":"ImageObject","inLanguage":"fr-FR","@id":"https:\/\/abc-latina.com\/#\/schema\/logo\/image\/","url":"https:\/\/abc-latina.com\/wp-content\/uploads\/2026\/05\/cropped-logo.gif","contentUrl":"https:\/\/abc-latina.com\/wp-content\/uploads\/2026\/05\/cropped-logo.gif","width":89,"height":84,"caption":"Abc-latina"},"image":{"@id":"https:\/\/abc-latina.com\/#\/schema\/logo\/image\/"}}]}},"_links":{"self":[{"href":"https:\/\/abc-latina.com\/wp-json\/wp\/v2\/pages\/2119","targetHints":{"allow":["GET"]}}],"collection":[{"href":"https:\/\/abc-latina.com\/wp-json\/wp\/v2\/pages"}],"about":[{"href":"https:\/\/abc-latina.com\/wp-json\/wp\/v2\/types\/page"}],"author":[{"embeddable":true,"href":"https:\/\/abc-latina.com\/wp-json\/wp\/v2\/users\/3"}],"replies":[{"embeddable":true,"href":"https:\/\/abc-latina.com\/wp-json\/wp\/v2\/comments?post=2119"}],"version-history":[{"count":1,"href":"https:\/\/abc-latina.com\/wp-json\/wp\/v2\/pages\/2119\/revisions"}],"predecessor-version":[{"id":3184,"href":"https:\/\/abc-latina.com\/wp-json\/wp\/v2\/pages\/2119\/revisions\/3184"}],"up":[{"embeddable":true,"href":"https:\/\/abc-latina.com\/wp-json\/wp\/v2\/pages\/2297"}],"wp:featuredmedia":[{"embeddable":true,"href":"https:\/\/abc-latina.com\/wp-json\/wp\/v2\/media\/1096"}],"wp:attachment":[{"href":"https:\/\/abc-latina.com\/wp-json\/wp\/v2\/media?parent=2119"}],"curies":[{"name":"wp","href":"https:\/\/api.w.org\/{rel}","templated":true}]}}