{"id":2122,"date":"2010-08-08T19:28:50","date_gmt":"2010-08-08T17:28:50","guid":{"rendered":"http:\/\/abc-latina.com\/histoire-htm-20\/"},"modified":"2026-04-30T18:24:51","modified_gmt":"2026-04-30T16:24:51","slug":"histoire","status":"publish","type":"page","link":"https:\/\/abc-latina.com\/bresil\/histoire\/","title":{"rendered":"HISTOIRE du BRESIL"},"content":{"rendered":"<h2 style=\"text-align: center;\">Les principales dates de l&rsquo;histoire br\u00e9silienne&nbsp;<\/h2>\n<div>&nbsp;<\/div>\n<ul>\n<li><span class=\"histoire-date\">1500<\/span>&nbsp;<br \/> L&rsquo;amiral portugais Cabral d\u00e9barque \u00e0 Porto Seguro (Bahia) et prend possession du futur Br\u00e9sil.&nbsp;<\/li>\n<li><span class=\"histoire-date\">1549<\/span>&nbsp;<br \/> Fondation de Salvador par Tom\u00e9 de Sousa, premier gouverneur du Br\u00e9sil.<\/li>\n<li><span class=\"histoire-date\">1565<\/span><br \/> Fondation de Rio de Janeiro par Estacio de Sa, suivie de l&rsquo;expulsion d\u00e9finitive des Fran\u00e7ais de Villegaignon.<\/li>\n<li><span class=\"histoire-date\">1612<\/span><br \/> Des Fran\u00e7ais fondent S\u00e3o Luis du Maranh\u00e3o (expuls\u00e9s en 1615).<\/li>\n<li><span class=\"histoire-date\">1630<\/span><br \/> Les Hollandais occupent le Pernambouc (expuls\u00e9s en 1654).<\/li>\n<li><span class=\"histoire-date\">1705<\/span><br \/> D\u00e9but de la ru\u00e9e vers l&rsquo;or du&nbsp;<a href=\"https:\/\/www.abc-latina.com\/bresil\/minas\">Minas Gerais<\/a>.<\/li>\n<li><span class=\"histoire-date\">1759<\/span><br \/> Expulsion des j\u00e9suites.&nbsp;<\/li>\n<li><span class=\"histoire-date\">1763&nbsp;<\/span><br \/> <a href=\"https:\/\/www.abc-latina.com\/bresil\/rio_de_janeiro\">Rio de Janeiro<\/a>, si\u00e8ge de la vice-royaut\u00e9 \u00e0 la place de Salvador.<\/li>\n<li><span class=\"histoire-date\">1789<\/span><br \/> D\u00e9nonciation des &laquo; Inconfidents &raquo; du Minas. Proc\u00e8s et ex\u00e9cution de Tiradentes (1792).&nbsp;<\/li>\n<li><span class=\"histoire-date\">1809<\/span> &nbsp;<br \/> Fuyant l&rsquo;invasion fran\u00e7aise, la cour portugaise s&rsquo;installe \u00e0 Rio et ouvre les ports du Br\u00e9sil au commerce.<\/li>\n<li><span class=\"histoire-date\">1821<\/span> &nbsp;<br \/> Jo\u00e3o VI de Bragance revient au Portugal \u00e0 la suite d&rsquo;une r\u00e9volution lib\u00e9rale.<\/li>\n<li><span class=\"histoire-date\">1822<\/span><br \/> Son fils, Pedro, proclame \u00e0 Ipiranga (S\u00e3o Paulo) la s\u00e9paration du Royaume-Uni du Portugal et du Br\u00e9sil contre la menace n\u00e9ocolonialiste des Cort\u00e8s de Lisbonne et devient empereur du Br\u00e9sil.<\/li>\n<li><span class=\"histoire-date\">1831<\/span> &nbsp;<br \/> Pedro Ier abdique en faveur de son fils mineur et revient au Portugal pour asseoir les droits de sa fille, Maria II, contre son fr\u00e8re Miguel.<\/li>\n<li><span class=\"histoire-date\">1840<\/span> &nbsp;<br \/> Pedro II proclam\u00e9 majeur devient le second empereur du Br\u00e9sil.<\/li>\n<li><span class=\"histoire-date\">1888<\/span> &nbsp;<br \/> La Loi d&rsquo;or abolit l&rsquo;esclavage.&nbsp;<\/li>\n<li><span class=\"histoire-date\">1889&nbsp;<\/span><br \/> Proclamation de la R\u00e9publique et exil de Pedro II.<\/li>\n<li><span class=\"histoire-date\">1930 &nbsp;<\/span><br \/> Un soul\u00e8vement arm\u00e9 parti du Rio Grande do Sul impose comme pr\u00e9sident Getulio Vargas.<\/li>\n<li><span class=\"histoire-date\">1942 <\/span>&nbsp;<br \/> Le Br\u00e9sil d\u00e9clare la guerre \u00e0 l&rsquo;Axe.&nbsp;<\/li>\n<li><span class=\"histoire-date\">1950<\/span> &nbsp;<br \/> Vargas, d\u00e9missionn\u00e9 par l&rsquo;arm\u00e9e en 1945, est r\u00e9\u00e9lu d\u00e9mocratiquement.<\/li>\n<li><span class=\"histoire-date\">1954<\/span><br \/> Suicide du pr\u00e9sident Vargas.&nbsp;<\/li>\n<li><span class=\"histoire-date\">1960 <\/span>&nbsp;<br \/> Le pr\u00e9sident Kubitschek inaugure&nbsp;<a href=\"https:\/\/www.abc-latina.com\/bresil\/brasilia\">Brasilia<\/a>.&nbsp;<\/li>\n<li><span class=\"histoire-date\">1964 <\/span>&nbsp;<br \/> Coup d&rsquo;Etat militaire contre le pr\u00e9sident Goulart.&nbsp;<\/li>\n<li><span class=\"histoire-date\">de 1979 \u00e0 1984<\/span><br \/> Le&nbsp;<a href=\"https:\/\/www.abc-latina.com\/bresil\/brasilia\">Nordeste<\/a>&nbsp;conna\u00eet une longue p\u00e9riode de s\u00e9cheresse.&nbsp;<\/li>\n<li><span class=\"histoire-date\">1985<\/span><br \/> Retour au r\u00e9gime civil. Pr\u00e9sidence de Jos\u00e9 Sarney.<\/li>\n<li><span class=\"histoire-date\">1988<\/span><br \/> Nouvelle Constitution d\u00e9mocratique (r\u00e9gime pr\u00e9sidentiel).&nbsp;<\/li>\n<li><span class=\"histoire-date\">1994<\/span><br \/> Pr\u00e9sidence de Fernando Henrique Cardoso, r\u00e9\u00e9lu en 1998<\/li>\n<li><span class=\"histoire-date\">2002<\/span><br \/> Luiz Inacio Lula da Silva, plus connu sous le surnom de&nbsp;<a target=\"_blank\" href=\"https:\/\/www.abc-latina.com\/personnalites\/luiz_inacio_lula_da_silva\">Lula<\/a>&nbsp;est \u00e9lu avec 61% des voix pr\u00e9sident du Br\u00e9sil.<\/li>\n<\/ul>\n","protected":false},"excerpt":{"rendered":"<p>Les principales dates de l&rsquo;histoire br\u00e9silienne&nbsp; &nbsp; 1500&nbsp; L&rsquo;amiral portugais Cabral d\u00e9barque \u00e0 Porto Seguro (Bahia) et prend possession du [&hellip;]<\/p>\n","protected":false},"author":3,"featured_media":0,"parent":2297,"menu_order":0,"comment_status":"closed","ping_status":"closed","template":"","meta":{"site-sidebar-layout":"default","site-content-layout":"","ast-site-content-layout":"default","site-content-style":"default","site-sidebar-style":"default","ast-global-header-display":"","ast-banner-title-visibility":"","ast-main-header-display":"","ast-hfb-above-header-display":"","ast-hfb-below-header-display":"","ast-hfb-mobile-header-display":"","site-post-title":"","ast-breadcrumbs-content":"","ast-featured-img":"","footer-sml-layout":"","ast-disable-related-posts":"","theme-transparent-header-meta":"","adv-header-id-meta":"","stick-header-meta":"","header-above-stick-meta":"","header-main-stick-meta":"","header-below-stick-meta":"","astra-migrate-meta-layouts":"default","ast-page-background-enabled":"default","ast-page-background-meta":{"desktop":{"background-color":"var(--ast-global-color-5)","background-image":"","background-repeat":"repeat","background-position":"center center","background-size":"auto","background-attachment":"scroll","background-type":"","background-media":"","overlay-type":"","overlay-color":"","overlay-opacity":"","overlay-gradient":""},"tablet":{"background-color":"","background-image":"","background-repeat":"repeat","background-position":"center center","background-size":"auto","background-attachment":"scroll","background-type":"","background-media":"","overlay-type":"","overlay-color":"","overlay-opacity":"","overlay-gradient":""},"mobile":{"background-color":"","background-image":"","background-repeat":"repeat","background-position":"center center","background-size":"auto","background-attachment":"scroll","background-type":"","background-media":"","overlay-type":"","overlay-color":"","overlay-opacity":"","overlay-gradient":""}},"ast-content-background-meta":{"desktop":{"background-color":"var(--ast-global-color-4)","background-image":"","background-repeat":"repeat","background-position":"center center","background-size":"auto","background-attachment":"scroll","background-type":"","background-media":"","overlay-type":"","overlay-color":"","overlay-opacity":"","overlay-gradient":""},"tablet":{"background-color":"var(--ast-global-color-4)","background-image":"","background-repeat":"repeat","background-position":"center center","background-size":"auto","background-attachment":"scroll","background-type":"","background-media":"","overlay-type":"","overlay-color":"","overlay-opacity":"","overlay-gradient":""},"mobile":{"background-color":"var(--ast-global-color-4)","background-image":"","background-repeat":"repeat","background-position":"center center","background-size":"auto","background-attachment":"scroll","background-type":"","background-media":"","overlay-type":"","overlay-color":"","overlay-opacity":"","overlay-gradient":""}},"footnotes":""},"class_list":["post-2122","page","type-page","status-publish","hentry"],"yoast_head":"<!-- This site is optimized with the Yoast SEO plugin v27.5 - https:\/\/yoast.com\/product\/yoast-seo-wordpress\/ -->\n<title>HISTOIRE du BRESIL - Abc-latina<\/title>\n<meta name=\"description\" content=\"Chronologie des principales dates de l&#039;histoire du Br\u00e9sil.\" \/>\n<meta name=\"robots\" content=\"index, follow, max-snippet:-1, max-image-preview:large, max-video-preview:-1\" \/>\n<link rel=\"canonical\" href=\"https:\/\/abc-latina.com\/bresil\/histoire\/\" \/>\n<meta property=\"og:locale\" content=\"fr_FR\" \/>\n<meta property=\"og:type\" content=\"article\" \/>\n<meta property=\"og:title\" content=\"HISTOIRE du BRESIL - Abc-latina\" \/>\n<meta property=\"og:description\" content=\"Chronologie des principales dates de l&#039;histoire du Br\u00e9sil.\" \/>\n<meta property=\"og:url\" content=\"https:\/\/abc-latina.com\/bresil\/histoire\/\" \/>\n<meta property=\"og:site_name\" content=\"Abc-latina\" \/>\n<meta property=\"article:modified_time\" content=\"2026-04-30T16:24:51+00:00\" \/>\n<meta name=\"twitter:card\" content=\"summary_large_image\" \/>\n<meta name=\"twitter:label1\" content=\"Dur\u00e9e de lecture estim\u00e9e\" \/>\n\t<meta name=\"twitter:data1\" content=\"2 minutes\" \/>\n<script type=\"application\/ld+json\" class=\"yoast-schema-graph\">{\"@context\":\"https:\\\/\\\/schema.org\",\"@graph\":[{\"@type\":\"WebPage\",\"@id\":\"https:\\\/\\\/abc-latina.com\\\/bresil\\\/histoire\\\/\",\"url\":\"https:\\\/\\\/abc-latina.com\\\/bresil\\\/histoire\\\/\",\"name\":\"HISTOIRE du BRESIL - Abc-latina\",\"isPartOf\":{\"@id\":\"https:\\\/\\\/abc-latina.com\\\/#website\"},\"datePublished\":\"2010-08-08T17:28:50+00:00\",\"dateModified\":\"2026-04-30T16:24:51+00:00\",\"description\":\"Chronologie des principales dates de l'histoire du Br\u00e9sil.\",\"breadcrumb\":{\"@id\":\"https:\\\/\\\/abc-latina.com\\\/bresil\\\/histoire\\\/#breadcrumb\"},\"inLanguage\":\"fr-FR\",\"potentialAction\":[{\"@type\":\"ReadAction\",\"target\":[\"https:\\\/\\\/abc-latina.com\\\/bresil\\\/histoire\\\/\"]}]},{\"@type\":\"BreadcrumbList\",\"@id\":\"https:\\\/\\\/abc-latina.com\\\/bresil\\\/histoire\\\/#breadcrumb\",\"itemListElement\":[{\"@type\":\"ListItem\",\"position\":1,\"name\":\"Accueil\",\"item\":\"https:\\\/\\\/abc-latina.com\\\/\"},{\"@type\":\"ListItem\",\"position\":2,\"name\":\"HISTOIRE du BRESIL\"}]},{\"@type\":\"WebSite\",\"@id\":\"https:\\\/\\\/abc-latina.com\\\/#website\",\"url\":\"https:\\\/\\\/abc-latina.com\\\/\",\"name\":\"Abc-latina\",\"description\":\"\",\"publisher\":{\"@id\":\"https:\\\/\\\/abc-latina.com\\\/#organization\"},\"potentialAction\":[{\"@type\":\"SearchAction\",\"target\":{\"@type\":\"EntryPoint\",\"urlTemplate\":\"https:\\\/\\\/abc-latina.com\\\/?s={search_term_string}\"},\"query-input\":{\"@type\":\"PropertyValueSpecification\",\"valueRequired\":true,\"valueName\":\"search_term_string\"}}],\"inLanguage\":\"fr-FR\"},{\"@type\":\"Organization\",\"@id\":\"https:\\\/\\\/abc-latina.com\\\/#organization\",\"name\":\"Abc-latina\",\"url\":\"https:\\\/\\\/abc-latina.com\\\/\",\"logo\":{\"@type\":\"ImageObject\",\"inLanguage\":\"fr-FR\",\"@id\":\"https:\\\/\\\/abc-latina.com\\\/#\\\/schema\\\/logo\\\/image\\\/\",\"url\":\"https:\\\/\\\/abc-latina.com\\\/wp-content\\\/uploads\\\/2026\\\/05\\\/cropped-logo.gif\",\"contentUrl\":\"https:\\\/\\\/abc-latina.com\\\/wp-content\\\/uploads\\\/2026\\\/05\\\/cropped-logo.gif\",\"width\":89,\"height\":84,\"caption\":\"Abc-latina\"},\"image\":{\"@id\":\"https:\\\/\\\/abc-latina.com\\\/#\\\/schema\\\/logo\\\/image\\\/\"}}]}<\/script>\n<!-- \/ Yoast SEO plugin. -->","yoast_head_json":{"title":"HISTOIRE du BRESIL - Abc-latina","description":"Chronologie des principales dates de l'histoire du Br\u00e9sil.","robots":{"index":"index","follow":"follow","max-snippet":"max-snippet:-1","max-image-preview":"max-image-preview:large","max-video-preview":"max-video-preview:-1"},"canonical":"https:\/\/abc-latina.com\/bresil\/histoire\/","og_locale":"fr_FR","og_type":"article","og_title":"HISTOIRE du BRESIL - Abc-latina","og_description":"Chronologie des principales dates de l'histoire du Br\u00e9sil.","og_url":"https:\/\/abc-latina.com\/bresil\/histoire\/","og_site_name":"Abc-latina","article_modified_time":"2026-04-30T16:24:51+00:00","twitter_card":"summary_large_image","twitter_misc":{"Dur\u00e9e de lecture estim\u00e9e":"2 minutes"},"schema":{"@context":"https:\/\/schema.org","@graph":[{"@type":"WebPage","@id":"https:\/\/abc-latina.com\/bresil\/histoire\/","url":"https:\/\/abc-latina.com\/bresil\/histoire\/","name":"HISTOIRE du BRESIL - Abc-latina","isPartOf":{"@id":"https:\/\/abc-latina.com\/#website"},"datePublished":"2010-08-08T17:28:50+00:00","dateModified":"2026-04-30T16:24:51+00:00","description":"Chronologie des principales dates de l'histoire du Br\u00e9sil.","breadcrumb":{"@id":"https:\/\/abc-latina.com\/bresil\/histoire\/#breadcrumb"},"inLanguage":"fr-FR","potentialAction":[{"@type":"ReadAction","target":["https:\/\/abc-latina.com\/bresil\/histoire\/"]}]},{"@type":"BreadcrumbList","@id":"https:\/\/abc-latina.com\/bresil\/histoire\/#breadcrumb","itemListElement":[{"@type":"ListItem","position":1,"name":"Accueil","item":"https:\/\/abc-latina.com\/"},{"@type":"ListItem","position":2,"name":"HISTOIRE du BRESIL"}]},{"@type":"WebSite","@id":"https:\/\/abc-latina.com\/#website","url":"https:\/\/abc-latina.com\/","name":"Abc-latina","description":"","publisher":{"@id":"https:\/\/abc-latina.com\/#organization"},"potentialAction":[{"@type":"SearchAction","target":{"@type":"EntryPoint","urlTemplate":"https:\/\/abc-latina.com\/?s={search_term_string}"},"query-input":{"@type":"PropertyValueSpecification","valueRequired":true,"valueName":"search_term_string"}}],"inLanguage":"fr-FR"},{"@type":"Organization","@id":"https:\/\/abc-latina.com\/#organization","name":"Abc-latina","url":"https:\/\/abc-latina.com\/","logo":{"@type":"ImageObject","inLanguage":"fr-FR","@id":"https:\/\/abc-latina.com\/#\/schema\/logo\/image\/","url":"https:\/\/abc-latina.com\/wp-content\/uploads\/2026\/05\/cropped-logo.gif","contentUrl":"https:\/\/abc-latina.com\/wp-content\/uploads\/2026\/05\/cropped-logo.gif","width":89,"height":84,"caption":"Abc-latina"},"image":{"@id":"https:\/\/abc-latina.com\/#\/schema\/logo\/image\/"}}]}},"_links":{"self":[{"href":"https:\/\/abc-latina.com\/wp-json\/wp\/v2\/pages\/2122","targetHints":{"allow":["GET"]}}],"collection":[{"href":"https:\/\/abc-latina.com\/wp-json\/wp\/v2\/pages"}],"about":[{"href":"https:\/\/abc-latina.com\/wp-json\/wp\/v2\/types\/page"}],"author":[{"embeddable":true,"href":"https:\/\/abc-latina.com\/wp-json\/wp\/v2\/users\/3"}],"replies":[{"embeddable":true,"href":"https:\/\/abc-latina.com\/wp-json\/wp\/v2\/comments?post=2122"}],"version-history":[{"count":1,"href":"https:\/\/abc-latina.com\/wp-json\/wp\/v2\/pages\/2122\/revisions"}],"predecessor-version":[{"id":3186,"href":"https:\/\/abc-latina.com\/wp-json\/wp\/v2\/pages\/2122\/revisions\/3186"}],"up":[{"embeddable":true,"href":"https:\/\/abc-latina.com\/wp-json\/wp\/v2\/pages\/2297"}],"wp:attachment":[{"href":"https:\/\/abc-latina.com\/wp-json\/wp\/v2\/media?parent=2122"}],"curies":[{"name":"wp","href":"https:\/\/api.w.org\/{rel}","templated":true}]}}