{"id":2123,"date":"2010-08-08T21:01:59","date_gmt":"2010-08-08T19:01:59","guid":{"rendered":"http:\/\/abc-latina.com\/infoprat-htm-19\/"},"modified":"2026-04-30T18:24:51","modified_gmt":"2026-04-30T16:24:51","slug":"infoprat","status":"publish","type":"page","link":"https:\/\/abc-latina.com\/bresil\/infoprat\/","title":{"rendered":"INFORMATIONS PRATIQUES"},"content":{"rendered":"<h3>PASSEPORT &#8211; VISA pour le Br\u00e9sil<\/h3>\n<div>Pas de visa pour les ressortissants fran\u00e7ais. Un passeport en cours de validit\u00e9 est exig\u00e9.<\/div>\n<div><a target=\"_blank\" href=\"https:\/\/www.abc-latina.com\/bresil\/ambassade\">Les adresses des ambassades br\u00e9siliennes<\/a><\/div>\n<div>SECURITE:&nbsp;<\/div>\n<div><a target=\"_blank\" href=\"http:\/\/www.diplomatie.gouv.fr\/fr\/conseils-aux-voyageurs_909\/pays_12191\/bresil_12219\/indexl\">Les conseils aux voyageurs<\/a> du minist\u00e8re des affaires \u00e9trang\u00e8res.&nbsp;<\/div>\n<div>La s\u00e9curit\u00e9 ou l&rsquo;ins\u00e9curit\u00e9 au Br\u00e9sil, <a target=\"_blank\" href=\"https:\/\/www.abc-latina.com\/forum\/viewtopic.php?id=2576\">les membres du forum donnent leurs avis<\/a><\/div>\n<h3>SANTE<\/h3>\n<div>Les conditions sanitaires changent souvent, aussi nous vous conseillons vivement de lire <a target=\"_blank\" href=\"https:\/\/www.abc-latina.com\/sites\/sante\/bresil\">les recommandations de l&rsquo;Institut Pasteur<\/a><\/div>\n<h3>CLIMAT<\/h3>\n<div>Les saisons sont invers\u00e9es par rapport \u00e0 l&rsquo;Europe ; ainsi, les mois d&rsquo;\u00e9t\u00e9, qui sont les plus chauds, sont d\u00e9cembre janvier et f\u00e9vrier. Les temp\u00e9ratures atteignent alors facilement 30 \u00e0 35 &deg;C. Les mois d&rsquo;hiver, plus temp\u00e9r\u00e9s, s&rsquo;\u00e9tendent de juillet \u00e0 septembre. Il fait alors, dans le sud-est de 15 \u00e0 25 &deg;C.<\/div>\n<div>Dans le nord, le climat tropical est chaud et humide. Deux saisons sont repr\u00e9sent\u00e9es, celle des pluies (janvier \u00e0 mai), et une autre un peu plus s\u00e8che (juin \u00e0 octobre).<\/div>\n<div>Dans le Nordeste le climat est temp\u00e9r\u00e9 toute l&rsquo;ann\u00e9e (22 \u00e0 28 &deg;C).<\/div>\n<div>L&rsquo;int\u00e9rieur du pays est chaud et tr\u00e8s sec.<\/div>\n<div>\u00c0 Sao Paulo, Belo Horizonte et Ouro Pr\u00eato, les soir\u00e9es sont fra\u00eeches en hiver (juin \u00e0 septembre).<\/div>\n<div>Dans le sud, il fait froid en hiver, il peut m\u00eame y neiger et les temp\u00e9ratures descendrent sous 0&deg;C.<\/div>\n<div><a href=\"https:\/\/www.abc-latina.com\/bresil\/meteo\">La m\u00e9t\u00e9o<\/a><\/div>\n<div><a target=\"_blank\" href=\"https:\/\/www.abc-latina.com\/bresil\/div\/temperatures_moyennes\">Les temp\u00e9ratures moyennes<\/a><\/div>\n<h3>ARGENT<\/h3>\n<div>La monnaie nationale est le Real.<\/div>\n<div>Pourboires: On laisse en g\u00e9n\u00e9ral de 10 \u00e0 15 % de la note, dans les h\u00f4tels et restaurants, s&rsquo;il n&rsquo;est pas compris dans la note. Pourboire non obligatoire pour les taxis.<\/div>\n<div><a target=\"_blank\" href=\"http:\/\/www.xe.com\/ucc\/fr\/\">Le change<\/a><\/div>\n<h3>DECALAGE HORAIRE<\/h3>\n<div>Le pays est tr\u00e8s grand, le d\u00e9calage est diff\u00e9rent selon l&rsquo;\u00e9tat (4 fuseaux horaires).<\/div>\n<div><a target=\"_blank\" href=\"http:\/\/www.horlogeparlante.com\/bresil_brasilia_917.php\">Pour conna\u00eetre l&rsquo;heure qu&rsquo;il est en ce moment \u00e0 Brasilia<\/a> et dans l&rsquo;ensemble des autres villes du Br\u00e9sil &nbsp;<\/div>\n<div>Actuellement, \u00e0&nbsp;<\/div>\n<div>Rio. il est: <span style=\"white-space:pre\" class=\"Apple-tab-span\"> <\/span><\/div>\n<h3>TRANSPORT<\/h3>\n<div>En bus, en train, en avion ou m\u00eame en bateau selon votre budget et la dur\u00e9e de votre s\u00e9jour.<\/div>\n<div>En bus : C&rsquo;est le moyen de transport le plus \u00e9conomique, et le plus interressant pour d\u00e9couvrir le paysage &#8230; si vous roulez de jour, car il existe des cars couchettes, qui eux circulent la nuit (ils sont deux fois plus chers). Les trajets peuvent \u00eatre tr\u00e8s long (+ de 50h) mais vous pourrez atteindre n&rsquo;importe quel point du Br\u00e9sil.<\/div>\n<div>En Avion : Il s&rsquo;agit, bien s\u00fbr, du moyen de transport le plus pratique et rapide, surtout si vous avez peu de temps. La formule la plus \u00e9conomique pour ce type de transport est le Pass que vous achetez avec votre billet international. Renseignez vous, il existe diff\u00e9rentes formules.<\/div>\n<div>&#8211; <a target=\"_blank\" href=\"https:\/\/www.abc-latina.com\/bresil\/compagnie_aerienne\">Liste des compagnies a\u00e9riennes<\/a><\/div>\n<div><a target=\"_blank\" href=\"https:\/\/www.abc-latina.com\/to\/reservation_billets_avions\">Billet d&rsquo;avion: comparez 10 millions d&rsquo;offres en moins de 30 secondes<\/a><\/div>\n<div>En train : Ils sont peu nombreux, lent et inconfortable mais certains trajets tr\u00e8s pittoresques m\u00e9ritent de les emprunter.<\/div>\n<div>La liaison Rio-Sao Paolo est toutefois correcte et peut \u00eatre utilis\u00e9e avantageusement.<\/div>\n<div>En voiture : Il est possible de louer un v\u00e9hicule dans les grandes villes, n&rsquo;oubliez pas votre permis international.<\/div>\n<div>Le r\u00e9seau routier est un m\u00e9lange de routes goudronn\u00e9es bien entretenues (axes principaux) et de routes de terre (vers l&rsquo;interieur du pays), ces routes peuvent devenir impraticables durant certaines saisons (pluies).<\/div>\n<div>Location de voitures : <a target=\"_blank\" href=\"https:\/\/www.abc-latina.com\/to\/location_de_voiture_bresil\">le meilleur prix en comparant 50 agences<\/a><\/div>\n<div>Auto-stop : D\u00e9conseill\u00e9.<\/div>\n<div>En Bateau : Sur l&rsquo;Amazone, de Bel\u00e9m \u00e0 Manaus, et autres fleuves &#8230;<\/div>\n<h3>JOURS FERIES<\/h3>\n<div><a target=\"_blank\" href=\"https:\/\/www.abc-latina.com\/bresil\/tour_operateur\"><img loading=\"lazy\" decoding=\"async\" class=\" size-full wp-image-41\" src=\"http:\/\/abc-latina.com\/wp-content\/uploads\/2010\/04\/timbre_to.gif\" class=\"touroperateur\" alt=\"\" width=\"125\" height=\"90\" \/><\/a>1er Janvier&nbsp;&#8211;&nbsp;Jour de l&rsquo;an<\/div>\n<div>08 F\u00e9vrier&nbsp;&#8211;&nbsp;Carnaval<\/div>\n<div>29 Mars&nbsp;&#8211;&nbsp;Vendredi Saint<\/div>\n<div>21 Avril&nbsp;&#8211;&nbsp;Tiradentes<\/div>\n<div>01 Mai&nbsp;&#8211;&nbsp;F\u00eate du travail<\/div>\n<div>30 Mai&nbsp;&#8211;&nbsp;Corpus Christi<\/div>\n<div>09 Juillet&nbsp;&#8211;&nbsp;F\u00e9ri\u00e9 uniquement \u00e0 Sao Paolo<\/div>\n<div>07 Septembre&nbsp;&#8211;&nbsp;Jour de l&rsquo;ind\u00e9pendance<\/div>\n<div>12 Octobre&nbsp;&#8211;&nbsp;F\u00eate de Notre Dame Aparecida<\/div>\n<div>02 Novembre&nbsp;&#8211;&nbsp;F\u00eate de morts<\/div>\n<div>15 Novembre&nbsp;&#8211;&nbsp;Proclamation de la R\u00e9publique<\/div>\n<div>08 D\u00e9cembre&nbsp;&#8211;&nbsp;Immacul\u00e9e Conception<\/div>\n<div>25 D\u00e9cembre&nbsp;&#8211;&nbsp;Noel<\/div>\n<div>31 D\u00e9cembre&nbsp;&#8211;&nbsp;R\u00e9veillon du jour de l&rsquo;an<\/div>\n<h3>LANGUES<\/h3>\n<div>La langue officielle est le Portuguais.<\/div>\n<div>L&rsquo;Espagnol est compris \u00e0 peu pr\u00e8s partout, davantage que l&rsquo;anglais.<\/div>\n<h3>ACHATS<\/h3>\n<div>Rio et Bahia sont sp\u00e9cialis\u00e9es dans les antiquit\u00e9s et la bijouterie. Les achats sp\u00e9cifiques sont les pierres pr\u00e9cieuses (en particulier les \u00e9meraudes), les bijoux (surtout les bijoux travaill\u00e9s avec de l&rsquo;argent) et articles en peau. Les articles en cristal et la poterie sont les sp\u00e9cialit\u00e9s de Sao Paulo.<\/div>\n<h3>TELEPHONE &#8211; INTERNET<\/h3>\n<div>Le r\u00e9seau t\u00e9l\u00e9phonique est de bonne qualit\u00e9.&nbsp;<\/div>\n<div>Pour Internet, de nombreux cybercaf\u00e9s proposent leurs services.<\/div>\n<div>Pour appeler du Br\u00e9sil vers la France: 00 + 21 + 33 + num\u00e9ro \u00e0 9 chiffres (sans le 0)<\/div>\n<div>Pour appeler de la France vers le Br\u00e9sil: 00 + 55 + indicatif de la ville + num\u00e9ro&nbsp;<\/div>\n<div><a target=\"_blank\" href=\"http:\/\/www.novaoi.com.br\/\">Les Pages Jaunes br\u00e9siliennes<\/a><\/div>\n<div>&nbsp;<\/div>\n","protected":false},"excerpt":{"rendered":"<p>PASSEPORT &#8211; VISA pour le Br\u00e9sil Pas de visa pour les ressortissants fran\u00e7ais. Un passeport en cours de validit\u00e9 est [&hellip;]<\/p>\n","protected":false},"author":3,"featured_media":41,"parent":2297,"menu_order":0,"comment_status":"closed","ping_status":"closed","template":"","meta":{"site-sidebar-layout":"default","site-content-layout":"","ast-site-content-layout":"default","site-content-style":"default","site-sidebar-style":"default","ast-global-header-display":"","ast-banner-title-visibility":"","ast-main-header-display":"","ast-hfb-above-header-display":"","ast-hfb-below-header-display":"","ast-hfb-mobile-header-display":"","site-post-title":"","ast-breadcrumbs-content":"","ast-featured-img":"","footer-sml-layout":"","ast-disable-related-posts":"","theme-transparent-header-meta":"","adv-header-id-meta":"","stick-header-meta":"","header-above-stick-meta":"","header-main-stick-meta":"","header-below-stick-meta":"","astra-migrate-meta-layouts":"default","ast-page-background-enabled":"default","ast-page-background-meta":{"desktop":{"background-color":"var(--ast-global-color-5)","background-image":"","background-repeat":"repeat","background-position":"center center","background-size":"auto","background-attachment":"scroll","background-type":"","background-media":"","overlay-type":"","overlay-color":"","overlay-opacity":"","overlay-gradient":""},"tablet":{"background-color":"","background-image":"","background-repeat":"repeat","background-position":"center center","background-size":"auto","background-attachment":"scroll","background-type":"","background-media":"","overlay-type":"","overlay-color":"","overlay-opacity":"","overlay-gradient":""},"mobile":{"background-color":"","background-image":"","background-repeat":"repeat","background-position":"center center","background-size":"auto","background-attachment":"scroll","background-type":"","background-media":"","overlay-type":"","overlay-color":"","overlay-opacity":"","overlay-gradient":""}},"ast-content-background-meta":{"desktop":{"background-color":"var(--ast-global-color-4)","background-image":"","background-repeat":"repeat","background-position":"center center","background-size":"auto","background-attachment":"scroll","background-type":"","background-media":"","overlay-type":"","overlay-color":"","overlay-opacity":"","overlay-gradient":""},"tablet":{"background-color":"var(--ast-global-color-4)","background-image":"","background-repeat":"repeat","background-position":"center center","background-size":"auto","background-attachment":"scroll","background-type":"","background-media":"","overlay-type":"","overlay-color":"","overlay-opacity":"","overlay-gradient":""},"mobile":{"background-color":"var(--ast-global-color-4)","background-image":"","background-repeat":"repeat","background-position":"center center","background-size":"auto","background-attachment":"scroll","background-type":"","background-media":"","overlay-type":"","overlay-color":"","overlay-opacity":"","overlay-gradient":""}},"footnotes":""},"class_list":["post-2123","page","type-page","status-publish","has-post-thumbnail","hentry"],"yoast_head":"<!-- This site is optimized with the Yoast SEO plugin v27.5 - https:\/\/yoast.com\/product\/yoast-seo-wordpress\/ -->\n<title>INFORMATIONS PRATIQUES - Abc-latina<\/title>\n<meta name=\"description\" content=\"Les informations pratiques avant votre d\u00e9part pour le Br\u00e9sil.\" \/>\n<meta name=\"robots\" content=\"index, follow, max-snippet:-1, max-image-preview:large, max-video-preview:-1\" \/>\n<link rel=\"canonical\" href=\"https:\/\/abc-latina.com\/bresil\/infoprat\/\" \/>\n<meta property=\"og:locale\" content=\"fr_FR\" \/>\n<meta property=\"og:type\" content=\"article\" \/>\n<meta property=\"og:title\" content=\"INFORMATIONS PRATIQUES - Abc-latina\" \/>\n<meta property=\"og:description\" content=\"Les informations pratiques avant votre d\u00e9part pour le Br\u00e9sil.\" \/>\n<meta property=\"og:url\" content=\"https:\/\/abc-latina.com\/bresil\/infoprat\/\" \/>\n<meta property=\"og:site_name\" content=\"Abc-latina\" \/>\n<meta property=\"article:modified_time\" content=\"2026-04-30T16:24:51+00:00\" \/>\n<meta property=\"og:image\" content=\"https:\/\/abc-latina.com\/wp-content\/uploads\/2010\/04\/timbre_to.gif\" \/>\n\t<meta property=\"og:image:width\" content=\"125\" \/>\n\t<meta property=\"og:image:height\" content=\"90\" \/>\n\t<meta property=\"og:image:type\" content=\"image\/gif\" \/>\n<meta name=\"twitter:card\" content=\"summary_large_image\" \/>\n<meta name=\"twitter:label1\" content=\"Dur\u00e9e de lecture estim\u00e9e\" \/>\n\t<meta name=\"twitter:data1\" content=\"4 minutes\" \/>\n<script type=\"application\/ld+json\" class=\"yoast-schema-graph\">{\"@context\":\"https:\\\/\\\/schema.org\",\"@graph\":[{\"@type\":\"WebPage\",\"@id\":\"https:\\\/\\\/abc-latina.com\\\/bresil\\\/infoprat\\\/\",\"url\":\"https:\\\/\\\/abc-latina.com\\\/bresil\\\/infoprat\\\/\",\"name\":\"INFORMATIONS PRATIQUES - Abc-latina\",\"isPartOf\":{\"@id\":\"https:\\\/\\\/abc-latina.com\\\/#website\"},\"primaryImageOfPage\":{\"@id\":\"https:\\\/\\\/abc-latina.com\\\/bresil\\\/infoprat\\\/#primaryimage\"},\"image\":{\"@id\":\"https:\\\/\\\/abc-latina.com\\\/bresil\\\/infoprat\\\/#primaryimage\"},\"thumbnailUrl\":\"https:\\\/\\\/abc-latina.com\\\/wp-content\\\/uploads\\\/2010\\\/04\\\/timbre_to.gif\",\"datePublished\":\"2010-08-08T19:01:59+00:00\",\"dateModified\":\"2026-04-30T16:24:51+00:00\",\"description\":\"Les informations pratiques avant votre d\u00e9part pour le Br\u00e9sil.\",\"breadcrumb\":{\"@id\":\"https:\\\/\\\/abc-latina.com\\\/bresil\\\/infoprat\\\/#breadcrumb\"},\"inLanguage\":\"fr-FR\",\"potentialAction\":[{\"@type\":\"ReadAction\",\"target\":[\"https:\\\/\\\/abc-latina.com\\\/bresil\\\/infoprat\\\/\"]}]},{\"@type\":\"ImageObject\",\"inLanguage\":\"fr-FR\",\"@id\":\"https:\\\/\\\/abc-latina.com\\\/bresil\\\/infoprat\\\/#primaryimage\",\"url\":\"https:\\\/\\\/abc-latina.com\\\/wp-content\\\/uploads\\\/2010\\\/04\\\/timbre_to.gif\",\"contentUrl\":\"https:\\\/\\\/abc-latina.com\\\/wp-content\\\/uploads\\\/2010\\\/04\\\/timbre_to.gif\",\"width\":125,\"height\":90},{\"@type\":\"BreadcrumbList\",\"@id\":\"https:\\\/\\\/abc-latina.com\\\/bresil\\\/infoprat\\\/#breadcrumb\",\"itemListElement\":[{\"@type\":\"ListItem\",\"position\":1,\"name\":\"Accueil\",\"item\":\"https:\\\/\\\/abc-latina.com\\\/\"},{\"@type\":\"ListItem\",\"position\":2,\"name\":\"INFORMATIONS PRATIQUES\"}]},{\"@type\":\"WebSite\",\"@id\":\"https:\\\/\\\/abc-latina.com\\\/#website\",\"url\":\"https:\\\/\\\/abc-latina.com\\\/\",\"name\":\"Abc-latina\",\"description\":\"\",\"publisher\":{\"@id\":\"https:\\\/\\\/abc-latina.com\\\/#organization\"},\"potentialAction\":[{\"@type\":\"SearchAction\",\"target\":{\"@type\":\"EntryPoint\",\"urlTemplate\":\"https:\\\/\\\/abc-latina.com\\\/?s={search_term_string}\"},\"query-input\":{\"@type\":\"PropertyValueSpecification\",\"valueRequired\":true,\"valueName\":\"search_term_string\"}}],\"inLanguage\":\"fr-FR\"},{\"@type\":\"Organization\",\"@id\":\"https:\\\/\\\/abc-latina.com\\\/#organization\",\"name\":\"Abc-latina\",\"url\":\"https:\\\/\\\/abc-latina.com\\\/\",\"logo\":{\"@type\":\"ImageObject\",\"inLanguage\":\"fr-FR\",\"@id\":\"https:\\\/\\\/abc-latina.com\\\/#\\\/schema\\\/logo\\\/image\\\/\",\"url\":\"https:\\\/\\\/abc-latina.com\\\/wp-content\\\/uploads\\\/2026\\\/05\\\/cropped-logo.gif\",\"contentUrl\":\"https:\\\/\\\/abc-latina.com\\\/wp-content\\\/uploads\\\/2026\\\/05\\\/cropped-logo.gif\",\"width\":89,\"height\":84,\"caption\":\"Abc-latina\"},\"image\":{\"@id\":\"https:\\\/\\\/abc-latina.com\\\/#\\\/schema\\\/logo\\\/image\\\/\"}}]}<\/script>\n<!-- \/ Yoast SEO plugin. -->","yoast_head_json":{"title":"INFORMATIONS PRATIQUES - Abc-latina","description":"Les informations pratiques avant votre d\u00e9part pour le Br\u00e9sil.","robots":{"index":"index","follow":"follow","max-snippet":"max-snippet:-1","max-image-preview":"max-image-preview:large","max-video-preview":"max-video-preview:-1"},"canonical":"https:\/\/abc-latina.com\/bresil\/infoprat\/","og_locale":"fr_FR","og_type":"article","og_title":"INFORMATIONS PRATIQUES - Abc-latina","og_description":"Les informations pratiques avant votre d\u00e9part pour le Br\u00e9sil.","og_url":"https:\/\/abc-latina.com\/bresil\/infoprat\/","og_site_name":"Abc-latina","article_modified_time":"2026-04-30T16:24:51+00:00","og_image":[{"width":125,"height":90,"url":"https:\/\/abc-latina.com\/wp-content\/uploads\/2010\/04\/timbre_to.gif","type":"image\/gif"}],"twitter_card":"summary_large_image","twitter_misc":{"Dur\u00e9e de lecture estim\u00e9e":"4 minutes"},"schema":{"@context":"https:\/\/schema.org","@graph":[{"@type":"WebPage","@id":"https:\/\/abc-latina.com\/bresil\/infoprat\/","url":"https:\/\/abc-latina.com\/bresil\/infoprat\/","name":"INFORMATIONS PRATIQUES - Abc-latina","isPartOf":{"@id":"https:\/\/abc-latina.com\/#website"},"primaryImageOfPage":{"@id":"https:\/\/abc-latina.com\/bresil\/infoprat\/#primaryimage"},"image":{"@id":"https:\/\/abc-latina.com\/bresil\/infoprat\/#primaryimage"},"thumbnailUrl":"https:\/\/abc-latina.com\/wp-content\/uploads\/2010\/04\/timbre_to.gif","datePublished":"2010-08-08T19:01:59+00:00","dateModified":"2026-04-30T16:24:51+00:00","description":"Les informations pratiques avant votre d\u00e9part pour le Br\u00e9sil.","breadcrumb":{"@id":"https:\/\/abc-latina.com\/bresil\/infoprat\/#breadcrumb"},"inLanguage":"fr-FR","potentialAction":[{"@type":"ReadAction","target":["https:\/\/abc-latina.com\/bresil\/infoprat\/"]}]},{"@type":"ImageObject","inLanguage":"fr-FR","@id":"https:\/\/abc-latina.com\/bresil\/infoprat\/#primaryimage","url":"https:\/\/abc-latina.com\/wp-content\/uploads\/2010\/04\/timbre_to.gif","contentUrl":"https:\/\/abc-latina.com\/wp-content\/uploads\/2010\/04\/timbre_to.gif","width":125,"height":90},{"@type":"BreadcrumbList","@id":"https:\/\/abc-latina.com\/bresil\/infoprat\/#breadcrumb","itemListElement":[{"@type":"ListItem","position":1,"name":"Accueil","item":"https:\/\/abc-latina.com\/"},{"@type":"ListItem","position":2,"name":"INFORMATIONS PRATIQUES"}]},{"@type":"WebSite","@id":"https:\/\/abc-latina.com\/#website","url":"https:\/\/abc-latina.com\/","name":"Abc-latina","description":"","publisher":{"@id":"https:\/\/abc-latina.com\/#organization"},"potentialAction":[{"@type":"SearchAction","target":{"@type":"EntryPoint","urlTemplate":"https:\/\/abc-latina.com\/?s={search_term_string}"},"query-input":{"@type":"PropertyValueSpecification","valueRequired":true,"valueName":"search_term_string"}}],"inLanguage":"fr-FR"},{"@type":"Organization","@id":"https:\/\/abc-latina.com\/#organization","name":"Abc-latina","url":"https:\/\/abc-latina.com\/","logo":{"@type":"ImageObject","inLanguage":"fr-FR","@id":"https:\/\/abc-latina.com\/#\/schema\/logo\/image\/","url":"https:\/\/abc-latina.com\/wp-content\/uploads\/2026\/05\/cropped-logo.gif","contentUrl":"https:\/\/abc-latina.com\/wp-content\/uploads\/2026\/05\/cropped-logo.gif","width":89,"height":84,"caption":"Abc-latina"},"image":{"@id":"https:\/\/abc-latina.com\/#\/schema\/logo\/image\/"}}]}},"_links":{"self":[{"href":"https:\/\/abc-latina.com\/wp-json\/wp\/v2\/pages\/2123","targetHints":{"allow":["GET"]}}],"collection":[{"href":"https:\/\/abc-latina.com\/wp-json\/wp\/v2\/pages"}],"about":[{"href":"https:\/\/abc-latina.com\/wp-json\/wp\/v2\/types\/page"}],"author":[{"embeddable":true,"href":"https:\/\/abc-latina.com\/wp-json\/wp\/v2\/users\/3"}],"replies":[{"embeddable":true,"href":"https:\/\/abc-latina.com\/wp-json\/wp\/v2\/comments?post=2123"}],"version-history":[{"count":1,"href":"https:\/\/abc-latina.com\/wp-json\/wp\/v2\/pages\/2123\/revisions"}],"predecessor-version":[{"id":3190,"href":"https:\/\/abc-latina.com\/wp-json\/wp\/v2\/pages\/2123\/revisions\/3190"}],"up":[{"embeddable":true,"href":"https:\/\/abc-latina.com\/wp-json\/wp\/v2\/pages\/2297"}],"wp:featuredmedia":[{"embeddable":true,"href":"https:\/\/abc-latina.com\/wp-json\/wp\/v2\/media\/41"}],"wp:attachment":[{"href":"https:\/\/abc-latina.com\/wp-json\/wp\/v2\/media?parent=2123"}],"curies":[{"name":"wp","href":"https:\/\/api.w.org\/{rel}","templated":true}]}}