{"id":2142,"date":"2010-08-08T23:13:52","date_gmt":"2010-08-08T21:13:52","guid":{"rendered":"http:\/\/abc-latina.com\/hotels-htm-19\/"},"modified":"2026-04-30T18:24:51","modified_gmt":"2026-04-30T16:24:51","slug":"hotels","status":"publish","type":"page","link":"https:\/\/abc-latina.com\/bresil\/hotels\/","title":{"rendered":"HOTELS au BRESIL"},"content":{"rendered":"<p>Ce moteur recherche simultan\u00e9ment votre <strong>chambre d&rsquo;h\u00f4tel au BRESIL<\/strong> chez nos partenaires, compare les offres, v\u00e9rifie les disponibilit\u00e9s en temps r\u00e9el et classe instantan\u00e9ment les r\u00e9sultats du moins cher au plus cher. &nbsp;<\/p>\n<div>&nbsp;<\/div>\n<div><script type=\"text\/javascript\">\nvar uri = 'https:\/\/impfr.tradedoubler.com\/imp?type(img)g(23126366)a(966162)' + new String (Math.random()).substring (2, 11);<\/p>\n<div><img loading=\"lazy\" decoding=\"async\" class=\" size-full wp-image-73\" src=\"http:\/\/abc-latina.com\/wp-content\/uploads\/2010\/06\/026-reservation-chambre-d-hotel.jpg\" width=\"700\" height=\"446\" alt=\"\" srcset=\"https:\/\/abc-latina.com\/wp-content\/uploads\/2010\/06\/026-reservation-chambre-d-hotel.jpg 700w, https:\/\/abc-latina.com\/wp-content\/uploads\/2010\/06\/026-reservation-chambre-d-hotel-300x191.jpg 300w\" sizes=\"auto, (max-width: 700px) 100vw, 700px\" \/><\/div>\n<div>&nbsp;<\/div>\n<div>Ce moteur recherche simultan\u00e9ment votre <strong>chambre d'h\u00f4tel au BRESIL<\/strong> chez nos partenaires, compare les offres, v\u00e9rifie les disponibilit\u00e9s en temps r\u00e9el et classe instantan\u00e9ment les r\u00e9sultats du moins cher au plus cher. &nbsp;<\/div>\n<div>&nbsp;<\/div>\n<div><script type=\"text\/javascript\">\nvar uri = 'https:\/\/impfr.tradedoubler.com\/imp?type(img)g(23126366)a(966162)' + new String (Math.random()).substring (2, 11);\ndocument.write('<a href=\"https:\/\/clk.tradedoubler.com\/click?p=244245&#038;a=966162&#038;g=23126366\" target=\"_BLANK\"><img decoding=\"async\" src=\"'+uri+'\" border=0><\/a>');\n<\/script><\/div>\n<div>&nbsp;<\/div>\n<div>\n<div>Amazonie - Angra dos Reis - Arraial do Cabo - Bahia - Belem - Belo Horizonte - Brasilia - Buzios - Cabo frio - Campo Grande - Chapada Diamantina - Chapada dos Guimaraes - Chutes Iguacu - Congohas do campo - Corumba - Cuiaba - Curitiba - Diamantina - Florianopolis - Fortaleza - Gramado Canela - Ilha Grande - Ilheus - Jericoacoara - Joao Pessoa - Maceio - Manaus - Minas Gerais - Natal - Nordeste - Olinda - Ouro Preto - Pantanal - Parati - Petropolis - Porto Alegre - Porto Seguro - Porto Velho - Recife - Rio de Janeiro - Sabara - Sao Cristovao - Sao Joao del Rei - Sao Luis - Sao Miguel - Sao Paulo - Teresopolis - Tiradentes - Valenca<\/div>\n<\/div>\n<h3>A savoir sur les h\u00f4tels br\u00e9siliens<\/h3>\n<p>Les logements varient selon les r\u00e9gions. Les h\u00f4tels de premi\u00e8re classe sont plut\u00f4t limit\u00e9s aux villes du sud et sont g\u00e9n\u00e9ralement chers. Il existe \u00e9galement de nombreuses pousadas, de petits h\u00f4tels priv\u00e9s moins chers que les grands.<\/p>\n","protected":false},"excerpt":{"rendered":"<p>Ce moteur recherche simultan\u00e9ment votre chambre d&rsquo;h\u00f4tel au BRESIL chez nos partenaires, compare les offres, v\u00e9rifie les disponibilit\u00e9s en temps [&hellip;]<\/p>\n","protected":false},"author":3,"featured_media":73,"parent":2297,"menu_order":0,"comment_status":"closed","ping_status":"closed","template":"","meta":{"site-sidebar-layout":"default","site-content-layout":"","ast-site-content-layout":"default","site-content-style":"default","site-sidebar-style":"default","ast-global-header-display":"","ast-banner-title-visibility":"","ast-main-header-display":"","ast-hfb-above-header-display":"","ast-hfb-below-header-display":"","ast-hfb-mobile-header-display":"","site-post-title":"","ast-breadcrumbs-content":"","ast-featured-img":"","footer-sml-layout":"","ast-disable-related-posts":"","theme-transparent-header-meta":"","adv-header-id-meta":"","stick-header-meta":"","header-above-stick-meta":"","header-main-stick-meta":"","header-below-stick-meta":"","astra-migrate-meta-layouts":"default","ast-page-background-enabled":"default","ast-page-background-meta":{"desktop":{"background-color":"var(--ast-global-color-5)","background-image":"","background-repeat":"repeat","background-position":"center center","background-size":"auto","background-attachment":"scroll","background-type":"","background-media":"","overlay-type":"","overlay-color":"","overlay-opacity":"","overlay-gradient":""},"tablet":{"background-color":"","background-image":"","background-repeat":"repeat","background-position":"center center","background-size":"auto","background-attachment":"scroll","background-type":"","background-media":"","overlay-type":"","overlay-color":"","overlay-opacity":"","overlay-gradient":""},"mobile":{"background-color":"","background-image":"","background-repeat":"repeat","background-position":"center center","background-size":"auto","background-attachment":"scroll","background-type":"","background-media":"","overlay-type":"","overlay-color":"","overlay-opacity":"","overlay-gradient":""}},"ast-content-background-meta":{"desktop":{"background-color":"var(--ast-global-color-4)","background-image":"","background-repeat":"repeat","background-position":"center center","background-size":"auto","background-attachment":"scroll","background-type":"","background-media":"","overlay-type":"","overlay-color":"","overlay-opacity":"","overlay-gradient":""},"tablet":{"background-color":"var(--ast-global-color-4)","background-image":"","background-repeat":"repeat","background-position":"center center","background-size":"auto","background-attachment":"scroll","background-type":"","background-media":"","overlay-type":"","overlay-color":"","overlay-opacity":"","overlay-gradient":""},"mobile":{"background-color":"var(--ast-global-color-4)","background-image":"","background-repeat":"repeat","background-position":"center center","background-size":"auto","background-attachment":"scroll","background-type":"","background-media":"","overlay-type":"","overlay-color":"","overlay-opacity":"","overlay-gradient":""}},"footnotes":""},"class_list":["post-2142","page","type-page","status-publish","has-post-thumbnail","hentry"],"yoast_head":"<!-- This site is optimized with the Yoast SEO plugin v27.5 - https:\/\/yoast.com\/product\/yoast-seo-wordpress\/ -->\n<title>HOTELS au BRESIL - Abc-latina<\/title>\n<meta name=\"description\" content=\"Reservation de chambre d&#039;hotels au Br\u00e9sil. Hotels toutes cat\u00e9gories.  R\u00e9servation en ligne.  Hebergement au Br\u00e9sil.\" \/>\n<meta name=\"robots\" content=\"index, follow, max-snippet:-1, max-image-preview:large, max-video-preview:-1\" \/>\n<link rel=\"canonical\" href=\"https:\/\/abc-latina.com\/bresil\/hotels\/\" \/>\n<meta property=\"og:locale\" content=\"fr_FR\" \/>\n<meta property=\"og:type\" content=\"article\" \/>\n<meta property=\"og:title\" content=\"HOTELS au BRESIL - Abc-latina\" \/>\n<meta property=\"og:description\" content=\"Reservation de chambre d&#039;hotels au Br\u00e9sil. Hotels toutes cat\u00e9gories.  R\u00e9servation en ligne.  Hebergement au Br\u00e9sil.\" \/>\n<meta property=\"og:url\" content=\"https:\/\/abc-latina.com\/bresil\/hotels\/\" \/>\n<meta property=\"og:site_name\" content=\"Abc-latina\" \/>\n<meta property=\"article:modified_time\" content=\"2026-04-30T16:24:51+00:00\" \/>\n<meta property=\"og:image\" content=\"https:\/\/abc-latina.com\/wp-content\/uploads\/2010\/06\/026-reservation-chambre-d-hotel.jpg\" \/>\n\t<meta property=\"og:image:width\" content=\"700\" \/>\n\t<meta property=\"og:image:height\" content=\"446\" \/>\n\t<meta property=\"og:image:type\" content=\"image\/jpeg\" \/>\n<meta name=\"twitter:card\" content=\"summary_large_image\" \/>\n<meta name=\"twitter:label1\" content=\"Dur\u00e9e de lecture estim\u00e9e\" \/>\n\t<meta name=\"twitter:data1\" content=\"1 minute\" \/>\n<script type=\"application\/ld+json\" class=\"yoast-schema-graph\">{\"@context\":\"https:\\\/\\\/schema.org\",\"@graph\":[{\"@type\":\"WebPage\",\"@id\":\"https:\\\/\\\/abc-latina.com\\\/bresil\\\/hotels\\\/\",\"url\":\"https:\\\/\\\/abc-latina.com\\\/bresil\\\/hotels\\\/\",\"name\":\"HOTELS au BRESIL - Abc-latina\",\"isPartOf\":{\"@id\":\"https:\\\/\\\/abc-latina.com\\\/#website\"},\"primaryImageOfPage\":{\"@id\":\"https:\\\/\\\/abc-latina.com\\\/bresil\\\/hotels\\\/#primaryimage\"},\"image\":{\"@id\":\"https:\\\/\\\/abc-latina.com\\\/bresil\\\/hotels\\\/#primaryimage\"},\"thumbnailUrl\":\"https:\\\/\\\/abc-latina.com\\\/wp-content\\\/uploads\\\/2010\\\/06\\\/026-reservation-chambre-d-hotel.jpg\",\"datePublished\":\"2010-08-08T21:13:52+00:00\",\"dateModified\":\"2026-04-30T16:24:51+00:00\",\"description\":\"Reservation de chambre d'hotels au Br\u00e9sil. Hotels toutes cat\u00e9gories. R\u00e9servation en ligne. Hebergement au Br\u00e9sil.\",\"breadcrumb\":{\"@id\":\"https:\\\/\\\/abc-latina.com\\\/bresil\\\/hotels\\\/#breadcrumb\"},\"inLanguage\":\"fr-FR\",\"potentialAction\":[{\"@type\":\"ReadAction\",\"target\":[\"https:\\\/\\\/abc-latina.com\\\/bresil\\\/hotels\\\/\"]}]},{\"@type\":\"ImageObject\",\"inLanguage\":\"fr-FR\",\"@id\":\"https:\\\/\\\/abc-latina.com\\\/bresil\\\/hotels\\\/#primaryimage\",\"url\":\"https:\\\/\\\/abc-latina.com\\\/wp-content\\\/uploads\\\/2010\\\/06\\\/026-reservation-chambre-d-hotel.jpg\",\"contentUrl\":\"https:\\\/\\\/abc-latina.com\\\/wp-content\\\/uploads\\\/2010\\\/06\\\/026-reservation-chambre-d-hotel.jpg\",\"width\":700,\"height\":446},{\"@type\":\"BreadcrumbList\",\"@id\":\"https:\\\/\\\/abc-latina.com\\\/bresil\\\/hotels\\\/#breadcrumb\",\"itemListElement\":[{\"@type\":\"ListItem\",\"position\":1,\"name\":\"Accueil\",\"item\":\"https:\\\/\\\/abc-latina.com\\\/\"},{\"@type\":\"ListItem\",\"position\":2,\"name\":\"HOTELS au BRESIL\"}]},{\"@type\":\"WebSite\",\"@id\":\"https:\\\/\\\/abc-latina.com\\\/#website\",\"url\":\"https:\\\/\\\/abc-latina.com\\\/\",\"name\":\"Abc-latina\",\"description\":\"\",\"publisher\":{\"@id\":\"https:\\\/\\\/abc-latina.com\\\/#organization\"},\"potentialAction\":[{\"@type\":\"SearchAction\",\"target\":{\"@type\":\"EntryPoint\",\"urlTemplate\":\"https:\\\/\\\/abc-latina.com\\\/?s={search_term_string}\"},\"query-input\":{\"@type\":\"PropertyValueSpecification\",\"valueRequired\":true,\"valueName\":\"search_term_string\"}}],\"inLanguage\":\"fr-FR\"},{\"@type\":\"Organization\",\"@id\":\"https:\\\/\\\/abc-latina.com\\\/#organization\",\"name\":\"Abc-latina\",\"url\":\"https:\\\/\\\/abc-latina.com\\\/\",\"logo\":{\"@type\":\"ImageObject\",\"inLanguage\":\"fr-FR\",\"@id\":\"https:\\\/\\\/abc-latina.com\\\/#\\\/schema\\\/logo\\\/image\\\/\",\"url\":\"https:\\\/\\\/abc-latina.com\\\/wp-content\\\/uploads\\\/2026\\\/05\\\/cropped-logo.gif\",\"contentUrl\":\"https:\\\/\\\/abc-latina.com\\\/wp-content\\\/uploads\\\/2026\\\/05\\\/cropped-logo.gif\",\"width\":89,\"height\":84,\"caption\":\"Abc-latina\"},\"image\":{\"@id\":\"https:\\\/\\\/abc-latina.com\\\/#\\\/schema\\\/logo\\\/image\\\/\"}}]}<\/script>\n<!-- \/ Yoast SEO plugin. -->","yoast_head_json":{"title":"HOTELS au BRESIL - Abc-latina","description":"Reservation de chambre d'hotels au Br\u00e9sil. Hotels toutes cat\u00e9gories.  R\u00e9servation en ligne.  Hebergement au Br\u00e9sil.","robots":{"index":"index","follow":"follow","max-snippet":"max-snippet:-1","max-image-preview":"max-image-preview:large","max-video-preview":"max-video-preview:-1"},"canonical":"https:\/\/abc-latina.com\/bresil\/hotels\/","og_locale":"fr_FR","og_type":"article","og_title":"HOTELS au BRESIL - Abc-latina","og_description":"Reservation de chambre d'hotels au Br\u00e9sil. Hotels toutes cat\u00e9gories.  R\u00e9servation en ligne.  Hebergement au Br\u00e9sil.","og_url":"https:\/\/abc-latina.com\/bresil\/hotels\/","og_site_name":"Abc-latina","article_modified_time":"2026-04-30T16:24:51+00:00","og_image":[{"width":700,"height":446,"url":"https:\/\/abc-latina.com\/wp-content\/uploads\/2010\/06\/026-reservation-chambre-d-hotel.jpg","type":"image\/jpeg"}],"twitter_card":"summary_large_image","twitter_misc":{"Dur\u00e9e de lecture estim\u00e9e":"1 minute"},"schema":{"@context":"https:\/\/schema.org","@graph":[{"@type":"WebPage","@id":"https:\/\/abc-latina.com\/bresil\/hotels\/","url":"https:\/\/abc-latina.com\/bresil\/hotels\/","name":"HOTELS au BRESIL - Abc-latina","isPartOf":{"@id":"https:\/\/abc-latina.com\/#website"},"primaryImageOfPage":{"@id":"https:\/\/abc-latina.com\/bresil\/hotels\/#primaryimage"},"image":{"@id":"https:\/\/abc-latina.com\/bresil\/hotels\/#primaryimage"},"thumbnailUrl":"https:\/\/abc-latina.com\/wp-content\/uploads\/2010\/06\/026-reservation-chambre-d-hotel.jpg","datePublished":"2010-08-08T21:13:52+00:00","dateModified":"2026-04-30T16:24:51+00:00","description":"Reservation de chambre d'hotels au Br\u00e9sil. Hotels toutes cat\u00e9gories. R\u00e9servation en ligne. Hebergement au Br\u00e9sil.","breadcrumb":{"@id":"https:\/\/abc-latina.com\/bresil\/hotels\/#breadcrumb"},"inLanguage":"fr-FR","potentialAction":[{"@type":"ReadAction","target":["https:\/\/abc-latina.com\/bresil\/hotels\/"]}]},{"@type":"ImageObject","inLanguage":"fr-FR","@id":"https:\/\/abc-latina.com\/bresil\/hotels\/#primaryimage","url":"https:\/\/abc-latina.com\/wp-content\/uploads\/2010\/06\/026-reservation-chambre-d-hotel.jpg","contentUrl":"https:\/\/abc-latina.com\/wp-content\/uploads\/2010\/06\/026-reservation-chambre-d-hotel.jpg","width":700,"height":446},{"@type":"BreadcrumbList","@id":"https:\/\/abc-latina.com\/bresil\/hotels\/#breadcrumb","itemListElement":[{"@type":"ListItem","position":1,"name":"Accueil","item":"https:\/\/abc-latina.com\/"},{"@type":"ListItem","position":2,"name":"HOTELS au BRESIL"}]},{"@type":"WebSite","@id":"https:\/\/abc-latina.com\/#website","url":"https:\/\/abc-latina.com\/","name":"Abc-latina","description":"","publisher":{"@id":"https:\/\/abc-latina.com\/#organization"},"potentialAction":[{"@type":"SearchAction","target":{"@type":"EntryPoint","urlTemplate":"https:\/\/abc-latina.com\/?s={search_term_string}"},"query-input":{"@type":"PropertyValueSpecification","valueRequired":true,"valueName":"search_term_string"}}],"inLanguage":"fr-FR"},{"@type":"Organization","@id":"https:\/\/abc-latina.com\/#organization","name":"Abc-latina","url":"https:\/\/abc-latina.com\/","logo":{"@type":"ImageObject","inLanguage":"fr-FR","@id":"https:\/\/abc-latina.com\/#\/schema\/logo\/image\/","url":"https:\/\/abc-latina.com\/wp-content\/uploads\/2026\/05\/cropped-logo.gif","contentUrl":"https:\/\/abc-latina.com\/wp-content\/uploads\/2026\/05\/cropped-logo.gif","width":89,"height":84,"caption":"Abc-latina"},"image":{"@id":"https:\/\/abc-latina.com\/#\/schema\/logo\/image\/"}}]}},"_links":{"self":[{"href":"https:\/\/abc-latina.com\/wp-json\/wp\/v2\/pages\/2142","targetHints":{"allow":["GET"]}}],"collection":[{"href":"https:\/\/abc-latina.com\/wp-json\/wp\/v2\/pages"}],"about":[{"href":"https:\/\/abc-latina.com\/wp-json\/wp\/v2\/types\/page"}],"author":[{"embeddable":true,"href":"https:\/\/abc-latina.com\/wp-json\/wp\/v2\/users\/3"}],"replies":[{"embeddable":true,"href":"https:\/\/abc-latina.com\/wp-json\/wp\/v2\/comments?post=2142"}],"version-history":[{"count":1,"href":"https:\/\/abc-latina.com\/wp-json\/wp\/v2\/pages\/2142\/revisions"}],"predecessor-version":[{"id":3187,"href":"https:\/\/abc-latina.com\/wp-json\/wp\/v2\/pages\/2142\/revisions\/3187"}],"up":[{"embeddable":true,"href":"https:\/\/abc-latina.com\/wp-json\/wp\/v2\/pages\/2297"}],"wp:featuredmedia":[{"embeddable":true,"href":"https:\/\/abc-latina.com\/wp-json\/wp\/v2\/media\/73"}],"wp:attachment":[{"href":"https:\/\/abc-latina.com\/wp-json\/wp\/v2\/media?parent=2142"}],"curies":[{"name":"wp","href":"https:\/\/api.w.org\/{rel}","templated":true}]}}