{"id":2146,"date":"2010-08-08T23:35:33","date_gmt":"2010-08-08T21:35:33","guid":{"rendered":"http:\/\/abc-latina.com\/cachaca-htm\/"},"modified":"2018-06-10T12:24:13","modified_gmt":"2018-06-10T10:24:13","slug":"cachaca","status":"publish","type":"page","link":"https:\/\/abc-latina.com\/cachaca\/","title":{"rendered":"La CACHACA"},"content":{"rendered":"<div>La <span class=\"geo-info\">cacha\u00e7a<\/span> est une eau de vie Br\u00e9silienne obtenue par fermentation du jus de canne \u00e0 sucre.<\/div>\n<div>&nbsp;<\/div>\n<div>Alcool paysan, il en existerait plus de 4000 sortes, fabriqu\u00e9es par quelques grandes entreprises qui distribuent leur produit internationalement mais surtout de tr\u00e8s nombreuses &laquo; maisons &raquo; au march\u00e9 parfois tr\u00e8s local. D\u00e9sign\u00e9e nationalement aussi sous les noms d`aguardente (eau-de-vie) ou pinga (gn\u00f4le), elle peut s&rsquo;appeler suivant les r\u00e9gions branquinha, birita, caninha, gas, \u00f3leo&#8230;<\/div>\n<div>&nbsp;<\/div>\n<div>La cacha\u00e7a est distill\u00e9e \u00e0 40&deg;, et imm\u00e9diatement embouteill\u00e9e, contrairement au rhum agricole, qui lui est distill\u00e9 \u00e0 65-75&deg;, stock\u00e9 3 mois dans des foudres en bois puis ramen\u00e9 aux degr\u00e9s souhait\u00e9s par adjonction d&rsquo;eau de source.<\/div>\n<div>&nbsp;<\/div>\n<div>Le rhum industriel est distill\u00e9 \u00e0 partir de m\u00e9lasse (r\u00e9sidu de la fabrication de sucre), contrairement au rhum agricole (Martinique) fait \u00e0 partir de v\u00e9sou ou premiers jus de la canne broy\u00e9e. Les rhums agricoles ont g\u00e9n\u00e9ralement plus de saveur que les rhums industriels parce qu&rsquo;ils sont distill\u00e9s \u00e0 partir de la mati\u00e8re noble de la canne \u00e0 sucre.<\/div>\n<div>&nbsp;<\/div>\n<div>Source: Wikip\u00e9dia<\/div>\n<div>&nbsp;<\/div>\n<div><span class=\"geo-info2\">Autres boissons alccolis\u00e9es en Am\u00e9rique latine:<\/span><\/div>\n<div>La <a href=\"https:\/\/www.abc-latina.com\/mexique\/div\/tequila\" target=\"_blank\">Tequila<\/a> et le <a href=\"https:\/\/www.abc-latina.com\/mexique\/div\/mezcal\" target=\"_blank\">Mezcal<\/a> au Mexique.<\/div>\n<div>Le <a href=\"https:\/\/www.abc-latina.com\/perou\/div\/pisco\" target=\"_blank\">Pisco<\/a> au P\u00e9rou<\/div>\n","protected":false},"excerpt":{"rendered":"<p>La cacha\u00e7a est une eau de vie Br\u00e9silienne obtenue par fermentation du jus de canne \u00e0 sucre. &nbsp; Alcool paysan, [&hellip;]<\/p>\n","protected":false},"author":3,"featured_media":0,"parent":0,"menu_order":0,"comment_status":"closed","ping_status":"closed","template":"","meta":{"site-sidebar-layout":"default","site-content-layout":"","ast-site-content-layout":"default","site-content-style":"default","site-sidebar-style":"default","ast-global-header-display":"","ast-banner-title-visibility":"","ast-main-header-display":"","ast-hfb-above-header-display":"","ast-hfb-below-header-display":"","ast-hfb-mobile-header-display":"","site-post-title":"","ast-breadcrumbs-content":"","ast-featured-img":"","footer-sml-layout":"","ast-disable-related-posts":"","theme-transparent-header-meta":"","adv-header-id-meta":"","stick-header-meta":"","header-above-stick-meta":"","header-main-stick-meta":"","header-below-stick-meta":"","astra-migrate-meta-layouts":"default","ast-page-background-enabled":"default","ast-page-background-meta":{"desktop":{"background-color":"var(--ast-global-color-5)","background-image":"","background-repeat":"repeat","background-position":"center center","background-size":"auto","background-attachment":"scroll","background-type":"","background-media":"","overlay-type":"","overlay-color":"","overlay-opacity":"","overlay-gradient":""},"tablet":{"background-color":"","background-image":"","background-repeat":"repeat","background-position":"center center","background-size":"auto","background-attachment":"scroll","background-type":"","background-media":"","overlay-type":"","overlay-color":"","overlay-opacity":"","overlay-gradient":""},"mobile":{"background-color":"","background-image":"","background-repeat":"repeat","background-position":"center center","background-size":"auto","background-attachment":"scroll","background-type":"","background-media":"","overlay-type":"","overlay-color":"","overlay-opacity":"","overlay-gradient":""}},"ast-content-background-meta":{"desktop":{"background-color":"var(--ast-global-color-4)","background-image":"","background-repeat":"repeat","background-position":"center center","background-size":"auto","background-attachment":"scroll","background-type":"","background-media":"","overlay-type":"","overlay-color":"","overlay-opacity":"","overlay-gradient":""},"tablet":{"background-color":"var(--ast-global-color-4)","background-image":"","background-repeat":"repeat","background-position":"center center","background-size":"auto","background-attachment":"scroll","background-type":"","background-media":"","overlay-type":"","overlay-color":"","overlay-opacity":"","overlay-gradient":""},"mobile":{"background-color":"var(--ast-global-color-4)","background-image":"","background-repeat":"repeat","background-position":"center center","background-size":"auto","background-attachment":"scroll","background-type":"","background-media":"","overlay-type":"","overlay-color":"","overlay-opacity":"","overlay-gradient":""}},"footnotes":""},"class_list":["post-2146","page","type-page","status-publish","hentry"],"yoast_head":"<!-- This site is optimized with the Yoast SEO plugin v27.5 - https:\/\/yoast.com\/product\/yoast-seo-wordpress\/ -->\n<title>La CACHACA - Abc-latina<\/title>\n<meta name=\"description\" content=\"La Cachaca, alcool br\u00e9silien.\" \/>\n<meta name=\"robots\" content=\"index, follow, max-snippet:-1, max-image-preview:large, max-video-preview:-1\" \/>\n<link rel=\"canonical\" href=\"https:\/\/abc-latina.com\/cachaca\/\" \/>\n<meta property=\"og:locale\" content=\"fr_FR\" \/>\n<meta property=\"og:type\" content=\"article\" \/>\n<meta property=\"og:title\" content=\"La CACHACA - Abc-latina\" \/>\n<meta property=\"og:description\" content=\"La Cachaca, alcool br\u00e9silien.\" \/>\n<meta property=\"og:url\" content=\"https:\/\/abc-latina.com\/cachaca\/\" \/>\n<meta property=\"og:site_name\" content=\"Abc-latina\" \/>\n<meta property=\"article:modified_time\" content=\"2018-06-10T10:24:13+00:00\" \/>\n<meta name=\"twitter:card\" content=\"summary_large_image\" \/>\n<meta name=\"twitter:label1\" content=\"Dur\u00e9e de lecture estim\u00e9e\" \/>\n\t<meta name=\"twitter:data1\" content=\"1 minute\" \/>\n<script type=\"application\/ld+json\" class=\"yoast-schema-graph\">{\"@context\":\"https:\\\/\\\/schema.org\",\"@graph\":[{\"@type\":\"WebPage\",\"@id\":\"https:\\\/\\\/abc-latina.com\\\/cachaca\\\/\",\"url\":\"https:\\\/\\\/abc-latina.com\\\/cachaca\\\/\",\"name\":\"La CACHACA - Abc-latina\",\"isPartOf\":{\"@id\":\"https:\\\/\\\/abc-latina.com\\\/#website\"},\"datePublished\":\"2010-08-08T21:35:33+00:00\",\"dateModified\":\"2018-06-10T10:24:13+00:00\",\"description\":\"La Cachaca, alcool br\u00e9silien.\",\"breadcrumb\":{\"@id\":\"https:\\\/\\\/abc-latina.com\\\/cachaca\\\/#breadcrumb\"},\"inLanguage\":\"fr-FR\",\"potentialAction\":[{\"@type\":\"ReadAction\",\"target\":[\"https:\\\/\\\/abc-latina.com\\\/cachaca\\\/\"]}]},{\"@type\":\"BreadcrumbList\",\"@id\":\"https:\\\/\\\/abc-latina.com\\\/cachaca\\\/#breadcrumb\",\"itemListElement\":[{\"@type\":\"ListItem\",\"position\":1,\"name\":\"Accueil\",\"item\":\"https:\\\/\\\/abc-latina.com\\\/\"},{\"@type\":\"ListItem\",\"position\":2,\"name\":\"La CACHACA\"}]},{\"@type\":\"WebSite\",\"@id\":\"https:\\\/\\\/abc-latina.com\\\/#website\",\"url\":\"https:\\\/\\\/abc-latina.com\\\/\",\"name\":\"Abc-latina\",\"description\":\"\",\"publisher\":{\"@id\":\"https:\\\/\\\/abc-latina.com\\\/#organization\"},\"potentialAction\":[{\"@type\":\"SearchAction\",\"target\":{\"@type\":\"EntryPoint\",\"urlTemplate\":\"https:\\\/\\\/abc-latina.com\\\/?s={search_term_string}\"},\"query-input\":{\"@type\":\"PropertyValueSpecification\",\"valueRequired\":true,\"valueName\":\"search_term_string\"}}],\"inLanguage\":\"fr-FR\"},{\"@type\":\"Organization\",\"@id\":\"https:\\\/\\\/abc-latina.com\\\/#organization\",\"name\":\"Abc-latina\",\"url\":\"https:\\\/\\\/abc-latina.com\\\/\",\"logo\":{\"@type\":\"ImageObject\",\"inLanguage\":\"fr-FR\",\"@id\":\"https:\\\/\\\/abc-latina.com\\\/#\\\/schema\\\/logo\\\/image\\\/\",\"url\":\"https:\\\/\\\/abc-latina.com\\\/wp-content\\\/uploads\\\/2026\\\/05\\\/cropped-logo.gif\",\"contentUrl\":\"https:\\\/\\\/abc-latina.com\\\/wp-content\\\/uploads\\\/2026\\\/05\\\/cropped-logo.gif\",\"width\":89,\"height\":84,\"caption\":\"Abc-latina\"},\"image\":{\"@id\":\"https:\\\/\\\/abc-latina.com\\\/#\\\/schema\\\/logo\\\/image\\\/\"}}]}<\/script>\n<!-- \/ Yoast SEO plugin. -->","yoast_head_json":{"title":"La CACHACA - Abc-latina","description":"La Cachaca, alcool br\u00e9silien.","robots":{"index":"index","follow":"follow","max-snippet":"max-snippet:-1","max-image-preview":"max-image-preview:large","max-video-preview":"max-video-preview:-1"},"canonical":"https:\/\/abc-latina.com\/cachaca\/","og_locale":"fr_FR","og_type":"article","og_title":"La CACHACA - Abc-latina","og_description":"La Cachaca, alcool br\u00e9silien.","og_url":"https:\/\/abc-latina.com\/cachaca\/","og_site_name":"Abc-latina","article_modified_time":"2018-06-10T10:24:13+00:00","twitter_card":"summary_large_image","twitter_misc":{"Dur\u00e9e de lecture estim\u00e9e":"1 minute"},"schema":{"@context":"https:\/\/schema.org","@graph":[{"@type":"WebPage","@id":"https:\/\/abc-latina.com\/cachaca\/","url":"https:\/\/abc-latina.com\/cachaca\/","name":"La CACHACA - Abc-latina","isPartOf":{"@id":"https:\/\/abc-latina.com\/#website"},"datePublished":"2010-08-08T21:35:33+00:00","dateModified":"2018-06-10T10:24:13+00:00","description":"La Cachaca, alcool br\u00e9silien.","breadcrumb":{"@id":"https:\/\/abc-latina.com\/cachaca\/#breadcrumb"},"inLanguage":"fr-FR","potentialAction":[{"@type":"ReadAction","target":["https:\/\/abc-latina.com\/cachaca\/"]}]},{"@type":"BreadcrumbList","@id":"https:\/\/abc-latina.com\/cachaca\/#breadcrumb","itemListElement":[{"@type":"ListItem","position":1,"name":"Accueil","item":"https:\/\/abc-latina.com\/"},{"@type":"ListItem","position":2,"name":"La CACHACA"}]},{"@type":"WebSite","@id":"https:\/\/abc-latina.com\/#website","url":"https:\/\/abc-latina.com\/","name":"Abc-latina","description":"","publisher":{"@id":"https:\/\/abc-latina.com\/#organization"},"potentialAction":[{"@type":"SearchAction","target":{"@type":"EntryPoint","urlTemplate":"https:\/\/abc-latina.com\/?s={search_term_string}"},"query-input":{"@type":"PropertyValueSpecification","valueRequired":true,"valueName":"search_term_string"}}],"inLanguage":"fr-FR"},{"@type":"Organization","@id":"https:\/\/abc-latina.com\/#organization","name":"Abc-latina","url":"https:\/\/abc-latina.com\/","logo":{"@type":"ImageObject","inLanguage":"fr-FR","@id":"https:\/\/abc-latina.com\/#\/schema\/logo\/image\/","url":"https:\/\/abc-latina.com\/wp-content\/uploads\/2026\/05\/cropped-logo.gif","contentUrl":"https:\/\/abc-latina.com\/wp-content\/uploads\/2026\/05\/cropped-logo.gif","width":89,"height":84,"caption":"Abc-latina"},"image":{"@id":"https:\/\/abc-latina.com\/#\/schema\/logo\/image\/"}}]}},"_links":{"self":[{"href":"https:\/\/abc-latina.com\/wp-json\/wp\/v2\/pages\/2146","targetHints":{"allow":["GET"]}}],"collection":[{"href":"https:\/\/abc-latina.com\/wp-json\/wp\/v2\/pages"}],"about":[{"href":"https:\/\/abc-latina.com\/wp-json\/wp\/v2\/types\/page"}],"author":[{"embeddable":true,"href":"https:\/\/abc-latina.com\/wp-json\/wp\/v2\/users\/3"}],"replies":[{"embeddable":true,"href":"https:\/\/abc-latina.com\/wp-json\/wp\/v2\/comments?post=2146"}],"version-history":[{"count":0,"href":"https:\/\/abc-latina.com\/wp-json\/wp\/v2\/pages\/2146\/revisions"}],"wp:attachment":[{"href":"https:\/\/abc-latina.com\/wp-json\/wp\/v2\/media?parent=2146"}],"curies":[{"name":"wp","href":"https:\/\/api.w.org\/{rel}","templated":true}]}}