{"id":2155,"date":"2010-08-09T01:38:50","date_gmt":"2010-08-08T23:38:50","guid":{"rendered":"http:\/\/abc-latina.com\/angra_dos_reis-htm\/"},"modified":"2018-06-10T11:56:42","modified_gmt":"2018-06-10T09:56:42","slug":"angra_dos_reis","status":"publish","type":"page","link":"https:\/\/abc-latina.com\/angra_dos_reis\/","title":{"rendered":"ANGRA DOS REIS"},"content":{"rendered":"<div><span class=\"tourisme-chapitre\"><img loading=\"lazy\" decoding=\"async\" class=\" alignright size-full wp-image-2154\" src=\"http:\/\/abc-latina.com\/wp-content\/uploads\/2010\/08\/angra-dos-reis.jpg\" title=\"ANGRA DOS REIS\" alt=\"\" width=\"220\" vspace=\"9\" hspace=\"15\" height=\"220\" align=\"right\" srcset=\"https:\/\/abc-latina.com\/wp-content\/uploads\/2010\/08\/angra-dos-reis.jpg 220w, https:\/\/abc-latina.com\/wp-content\/uploads\/2010\/08\/angra-dos-reis-150x150.jpg 150w\" sizes=\"auto, (max-width: 220px) 100vw, 220px\" \/>Angra dos Reis<\/span> est compos\u00e9e de 365 \u00eeles et de deux mille plages pleines de beaut\u00e9s naturelles, l\u00e9gendes et divertissement. La ville se situe sur la C\u00f4te Verde Fluminense, entre les \u00c9tats de S\u00e3o Paulo et de Rio de Janeiro, au bord de la route Rio-Santos (BR-101).<\/div>\n<div>&nbsp;<\/div>\n<div>Pour bien conna\u00eetre cette r\u00e9gion de la C\u00f4te Verde Fluminense, il faut faire une promenade en bateau o\u00f9 l&rsquo;on peut observer la mer d&rsquo;eaux cristallines et les villas des riches et fameux, \u00e9rig\u00e9es dans des \u00eeles priv\u00e9es.<\/div>\n<div>&nbsp;<\/div>\n<div>Parmi toutes ses \u00eeles, il faut mettre l&rsquo;\u00cele Grande en vedette. Consid\u00e9r\u00e9e comme \u00e9tant un paradis pour les aventuriers cherchant des pistes, des cascades et des plages d\u00e9sertes, elle a jou\u00e9 un r\u00f4le tr\u00e8s important dans le panorama historique-culturel du Br\u00e9sil, pour avoir abrit\u00e9 une maison d&rsquo;arr\u00eat pendant presque 60 ans.<\/div>\n<div>&nbsp;<\/div>\n<div>Au pass\u00e9, Angra dos Reis a \u00e9t\u00e9 l&rsquo;un des ports les plus importants du littoral fluminense. Il y avaient des navires marchands qui arrivaient, venus d&rsquo;autres lieux du monde en plus de vaisseaux negriers avec centaines d&rsquo;esclaves pour suppl\u00e9er la main-d&rsquo;\u0153uvre dans les plantations de caf\u00e9 de la r\u00e9gion.<\/div>\n<div>&nbsp;<\/div>\n<div>Aujourd&rsquo;hui, en plus d&rsquo;\u00eatre un point de r\u00e9p\u00e8re du tourisme national et international, Angra est le plateau de chaudes discussions d\u00fb \u00e0 l&rsquo;installation des seules usines nucl\u00e9aires br\u00e9siliennes, Angra I et Angra II.<\/div>\n<div>&nbsp;<\/div>\n<div><strong>\u00cele Grande<\/strong><\/div>\n<div><a href=\"..\/tour_operateur\" target=\"_blank\"><img loading=\"lazy\" decoding=\"async\" class=\" size-full wp-image-41\" alt=\"\" class=\"touroperateur\" src=\"http:\/\/abc-latina.com\/wp-content\/uploads\/2010\/04\/timbre_to.gif\" width=\"125\" height=\"90\" \/><\/a>C&rsquo;est la plus grande des \u00eeles d&rsquo;Angra dos Reis. Poss\u00e8de des paysages fascinants, 86 plages avec diff\u00e9rentes caract\u00e9ristiques, anses, rivi\u00e8res, \u00e9tangs, cascades, plaines, montagnes et pics r\u00e9pandus en 193 km. La For\u00eat Atlantique se trouve \u00e0 proximit\u00e9 de la mer et les recoins paradisiaques sont abondants. Plusieurs plages sont accessibles seulement \u00e0 pied ou en bateau.<\/div>\n<div>&nbsp;<\/div>\n<div>La baie de l&rsquo;\u00cele Grande abrite une des plus grandes concentrations de naufrages du monde, \u00e9tant une excellente option pour la pratique de la plong\u00e9e. Il y a des paysages magnifiques comme la Lage do Guriri (Ponta de Castelhanos), l&rsquo;\u00cele de Jorge et l&rsquo;\u00cele de Meros e Naufr\u00e1gios. Le fond de la mer pr\u00e9sente une grande vari\u00e9t\u00e9 de poissons, de coraux et des cavernes dont la taille varie de 10 \u00e0 20 m\u00e8tres de haut.<\/div>\n<div>&nbsp;<\/div>\n<div>L&rsquo;\u00cele Grande est un lieu formidable pour la pratique de trekking et pour les randonn\u00e9es. Il y a de nombreuses options comme des buttes, des montagnes, des ruisseaux, des rochers, des coteaux et des plages dont la plupart se trouve au milieu de For\u00eat Atlantique. L&rsquo;\u00eele a aussi quelques centres urbains, comme le Village d&rsquo;Abra\u00e3o o\u00f9 l&rsquo;on peut trouver des restaurants, des auberges et le commerce local. Situ\u00e9e \u00e0 environ 1h30 en bateau, en provenance de la ville d&rsquo;Angra dos Reis.<\/div>\n<div>&nbsp;<\/div>\n<div>Source: Minist\u00e9rio do turismo<\/div>\n<div>&nbsp;<\/div>\n<h3>Pr\u00e9parez votre voyage \u00e0 Angra dos Reis:<\/h3>\n<div><a href=\"https:\/\/www.abc-latina.com\/bresil\/agence_de_voyages\">Agences de voyage g\u00e9n\u00e9ralistes et discounteurs<\/a><\/div>\n<div><a href=\"https:\/\/www.abc-latina.com\/bresil\/tour_operateur\">Tours Op\u00e9rateurs sp\u00e9cialistes du Br\u00e9sil<\/a><\/div>\n<div><a href=\"https:\/\/www.abc-latina.com\/to\/reservation_billet_avion\" target=\"_blank\">R\u00e9servez votre billet d&rsquo;avion<\/a><\/div>\n<div><a href=\"http:\/\/www.booking.com\/city\/br\/angra-dos-reisl?aid=364340\" target=\"_blank\">R\u00e9servez votre h\u00f4tel \u00e0 Angra dos Reis<\/a>&nbsp;<\/div>\n<div><a href=\"https:\/\/www.abc-latina.com\/to\/location_de_voiture_bresil\" target=\"_blank\">Location de voiture<\/a>&nbsp;<\/div>\n<div>&nbsp;<\/div>\n<div>&nbsp;<\/div>\n<div id=\"cont_7875786e9dd09318c0365c6c9b27f854\"><span id=\"h_7875786e9dd09318c0365c6c9b27f854\"><a id=\"a_7875786e9dd09318c0365c6c9b27f854\" href=\"http:\/\/www.tameteo.com\/\" target=\"_blank\" style=\"color:#808080;font-family:2;font-size:14px;\">Meteo<\/a> Angra Dos Reis<\/span><script type=\"text\/javascript\" src=\"http:\/\/www.tameteo.com\/wid_loader\/7875786e9dd09318c0365c6c9b27f854\"><\/script><\/div>\n<p>&nbsp;<\/p>\n","protected":false},"excerpt":{"rendered":"<p>Angra dos Reis est compos\u00e9e de 365 \u00eeles et de deux mille plages pleines de beaut\u00e9s naturelles, l\u00e9gendes et divertissement. [&hellip;]<\/p>\n","protected":false},"author":3,"featured_media":2154,"parent":0,"menu_order":0,"comment_status":"closed","ping_status":"closed","template":"","meta":{"site-sidebar-layout":"default","site-content-layout":"","ast-site-content-layout":"default","site-content-style":"default","site-sidebar-style":"default","ast-global-header-display":"","ast-banner-title-visibility":"","ast-main-header-display":"","ast-hfb-above-header-display":"","ast-hfb-below-header-display":"","ast-hfb-mobile-header-display":"","site-post-title":"","ast-breadcrumbs-content":"","ast-featured-img":"","footer-sml-layout":"","ast-disable-related-posts":"","theme-transparent-header-meta":"","adv-header-id-meta":"","stick-header-meta":"","header-above-stick-meta":"","header-main-stick-meta":"","header-below-stick-meta":"","astra-migrate-meta-layouts":"default","ast-page-background-enabled":"default","ast-page-background-meta":{"desktop":{"background-color":"var(--ast-global-color-5)","background-image":"","background-repeat":"repeat","background-position":"center center","background-size":"auto","background-attachment":"scroll","background-type":"","background-media":"","overlay-type":"","overlay-color":"","overlay-opacity":"","overlay-gradient":""},"tablet":{"background-color":"","background-image":"","background-repeat":"repeat","background-position":"center center","background-size":"auto","background-attachment":"scroll","background-type":"","background-media":"","overlay-type":"","overlay-color":"","overlay-opacity":"","overlay-gradient":""},"mobile":{"background-color":"","background-image":"","background-repeat":"repeat","background-position":"center center","background-size":"auto","background-attachment":"scroll","background-type":"","background-media":"","overlay-type":"","overlay-color":"","overlay-opacity":"","overlay-gradient":""}},"ast-content-background-meta":{"desktop":{"background-color":"var(--ast-global-color-4)","background-image":"","background-repeat":"repeat","background-position":"center center","background-size":"auto","background-attachment":"scroll","background-type":"","background-media":"","overlay-type":"","overlay-color":"","overlay-opacity":"","overlay-gradient":""},"tablet":{"background-color":"var(--ast-global-color-4)","background-image":"","background-repeat":"repeat","background-position":"center center","background-size":"auto","background-attachment":"scroll","background-type":"","background-media":"","overlay-type":"","overlay-color":"","overlay-opacity":"","overlay-gradient":""},"mobile":{"background-color":"var(--ast-global-color-4)","background-image":"","background-repeat":"repeat","background-position":"center center","background-size":"auto","background-attachment":"scroll","background-type":"","background-media":"","overlay-type":"","overlay-color":"","overlay-opacity":"","overlay-gradient":""}},"footnotes":""},"class_list":["post-2155","page","type-page","status-publish","has-post-thumbnail","hentry"],"yoast_head":"<!-- This site is optimized with the Yoast SEO plugin v27.5 - https:\/\/yoast.com\/product\/yoast-seo-wordpress\/ -->\n<title>ANGRA DOS REIS - Abc-latina<\/title>\n<meta name=\"description\" content=\"Angra dos Reis - Bresil.\" \/>\n<meta name=\"robots\" content=\"index, follow, max-snippet:-1, max-image-preview:large, max-video-preview:-1\" \/>\n<link rel=\"canonical\" href=\"https:\/\/abc-latina.com\/angra_dos_reis\/\" \/>\n<meta property=\"og:locale\" content=\"fr_FR\" \/>\n<meta property=\"og:type\" content=\"article\" \/>\n<meta property=\"og:title\" content=\"ANGRA DOS REIS - Abc-latina\" \/>\n<meta property=\"og:description\" content=\"Angra dos Reis - Bresil.\" \/>\n<meta property=\"og:url\" content=\"https:\/\/abc-latina.com\/angra_dos_reis\/\" \/>\n<meta property=\"og:site_name\" content=\"Abc-latina\" \/>\n<meta property=\"article:modified_time\" content=\"2018-06-10T09:56:42+00:00\" \/>\n<meta property=\"og:image\" content=\"https:\/\/abc-latina.com\/wp-content\/uploads\/2010\/08\/angra-dos-reis.jpg\" \/>\n\t<meta property=\"og:image:width\" content=\"220\" \/>\n\t<meta property=\"og:image:height\" content=\"220\" \/>\n\t<meta property=\"og:image:type\" content=\"image\/jpeg\" \/>\n<meta name=\"twitter:card\" content=\"summary_large_image\" \/>\n<meta name=\"twitter:label1\" content=\"Dur\u00e9e de lecture estim\u00e9e\" \/>\n\t<meta name=\"twitter:data1\" content=\"3 minutes\" \/>\n<script type=\"application\/ld+json\" class=\"yoast-schema-graph\">{\"@context\":\"https:\\\/\\\/schema.org\",\"@graph\":[{\"@type\":\"WebPage\",\"@id\":\"https:\\\/\\\/abc-latina.com\\\/angra_dos_reis\\\/\",\"url\":\"https:\\\/\\\/abc-latina.com\\\/angra_dos_reis\\\/\",\"name\":\"ANGRA DOS REIS - Abc-latina\",\"isPartOf\":{\"@id\":\"https:\\\/\\\/abc-latina.com\\\/#website\"},\"primaryImageOfPage\":{\"@id\":\"https:\\\/\\\/abc-latina.com\\\/angra_dos_reis\\\/#primaryimage\"},\"image\":{\"@id\":\"https:\\\/\\\/abc-latina.com\\\/angra_dos_reis\\\/#primaryimage\"},\"thumbnailUrl\":\"https:\\\/\\\/abc-latina.com\\\/wp-content\\\/uploads\\\/2010\\\/08\\\/angra-dos-reis.jpg\",\"datePublished\":\"2010-08-08T23:38:50+00:00\",\"dateModified\":\"2018-06-10T09:56:42+00:00\",\"description\":\"Angra dos Reis - Bresil.\",\"breadcrumb\":{\"@id\":\"https:\\\/\\\/abc-latina.com\\\/angra_dos_reis\\\/#breadcrumb\"},\"inLanguage\":\"fr-FR\",\"potentialAction\":[{\"@type\":\"ReadAction\",\"target\":[\"https:\\\/\\\/abc-latina.com\\\/angra_dos_reis\\\/\"]}]},{\"@type\":\"ImageObject\",\"inLanguage\":\"fr-FR\",\"@id\":\"https:\\\/\\\/abc-latina.com\\\/angra_dos_reis\\\/#primaryimage\",\"url\":\"https:\\\/\\\/abc-latina.com\\\/wp-content\\\/uploads\\\/2010\\\/08\\\/angra-dos-reis.jpg\",\"contentUrl\":\"https:\\\/\\\/abc-latina.com\\\/wp-content\\\/uploads\\\/2010\\\/08\\\/angra-dos-reis.jpg\",\"width\":220,\"height\":220,\"caption\":\"ANGRA DOS REIS\"},{\"@type\":\"BreadcrumbList\",\"@id\":\"https:\\\/\\\/abc-latina.com\\\/angra_dos_reis\\\/#breadcrumb\",\"itemListElement\":[{\"@type\":\"ListItem\",\"position\":1,\"name\":\"Accueil\",\"item\":\"https:\\\/\\\/abc-latina.com\\\/\"},{\"@type\":\"ListItem\",\"position\":2,\"name\":\"ANGRA DOS REIS\"}]},{\"@type\":\"WebSite\",\"@id\":\"https:\\\/\\\/abc-latina.com\\\/#website\",\"url\":\"https:\\\/\\\/abc-latina.com\\\/\",\"name\":\"Abc-latina\",\"description\":\"\",\"publisher\":{\"@id\":\"https:\\\/\\\/abc-latina.com\\\/#organization\"},\"potentialAction\":[{\"@type\":\"SearchAction\",\"target\":{\"@type\":\"EntryPoint\",\"urlTemplate\":\"https:\\\/\\\/abc-latina.com\\\/?s={search_term_string}\"},\"query-input\":{\"@type\":\"PropertyValueSpecification\",\"valueRequired\":true,\"valueName\":\"search_term_string\"}}],\"inLanguage\":\"fr-FR\"},{\"@type\":\"Organization\",\"@id\":\"https:\\\/\\\/abc-latina.com\\\/#organization\",\"name\":\"Abc-latina\",\"url\":\"https:\\\/\\\/abc-latina.com\\\/\",\"logo\":{\"@type\":\"ImageObject\",\"inLanguage\":\"fr-FR\",\"@id\":\"https:\\\/\\\/abc-latina.com\\\/#\\\/schema\\\/logo\\\/image\\\/\",\"url\":\"https:\\\/\\\/abc-latina.com\\\/wp-content\\\/uploads\\\/2026\\\/05\\\/cropped-logo.gif\",\"contentUrl\":\"https:\\\/\\\/abc-latina.com\\\/wp-content\\\/uploads\\\/2026\\\/05\\\/cropped-logo.gif\",\"width\":89,\"height\":84,\"caption\":\"Abc-latina\"},\"image\":{\"@id\":\"https:\\\/\\\/abc-latina.com\\\/#\\\/schema\\\/logo\\\/image\\\/\"}}]}<\/script>\n<!-- \/ Yoast SEO plugin. -->","yoast_head_json":{"title":"ANGRA DOS REIS - Abc-latina","description":"Angra dos Reis - Bresil.","robots":{"index":"index","follow":"follow","max-snippet":"max-snippet:-1","max-image-preview":"max-image-preview:large","max-video-preview":"max-video-preview:-1"},"canonical":"https:\/\/abc-latina.com\/angra_dos_reis\/","og_locale":"fr_FR","og_type":"article","og_title":"ANGRA DOS REIS - Abc-latina","og_description":"Angra dos Reis - Bresil.","og_url":"https:\/\/abc-latina.com\/angra_dos_reis\/","og_site_name":"Abc-latina","article_modified_time":"2018-06-10T09:56:42+00:00","og_image":[{"width":220,"height":220,"url":"https:\/\/abc-latina.com\/wp-content\/uploads\/2010\/08\/angra-dos-reis.jpg","type":"image\/jpeg"}],"twitter_card":"summary_large_image","twitter_misc":{"Dur\u00e9e de lecture estim\u00e9e":"3 minutes"},"schema":{"@context":"https:\/\/schema.org","@graph":[{"@type":"WebPage","@id":"https:\/\/abc-latina.com\/angra_dos_reis\/","url":"https:\/\/abc-latina.com\/angra_dos_reis\/","name":"ANGRA DOS REIS - Abc-latina","isPartOf":{"@id":"https:\/\/abc-latina.com\/#website"},"primaryImageOfPage":{"@id":"https:\/\/abc-latina.com\/angra_dos_reis\/#primaryimage"},"image":{"@id":"https:\/\/abc-latina.com\/angra_dos_reis\/#primaryimage"},"thumbnailUrl":"https:\/\/abc-latina.com\/wp-content\/uploads\/2010\/08\/angra-dos-reis.jpg","datePublished":"2010-08-08T23:38:50+00:00","dateModified":"2018-06-10T09:56:42+00:00","description":"Angra dos Reis - Bresil.","breadcrumb":{"@id":"https:\/\/abc-latina.com\/angra_dos_reis\/#breadcrumb"},"inLanguage":"fr-FR","potentialAction":[{"@type":"ReadAction","target":["https:\/\/abc-latina.com\/angra_dos_reis\/"]}]},{"@type":"ImageObject","inLanguage":"fr-FR","@id":"https:\/\/abc-latina.com\/angra_dos_reis\/#primaryimage","url":"https:\/\/abc-latina.com\/wp-content\/uploads\/2010\/08\/angra-dos-reis.jpg","contentUrl":"https:\/\/abc-latina.com\/wp-content\/uploads\/2010\/08\/angra-dos-reis.jpg","width":220,"height":220,"caption":"ANGRA DOS REIS"},{"@type":"BreadcrumbList","@id":"https:\/\/abc-latina.com\/angra_dos_reis\/#breadcrumb","itemListElement":[{"@type":"ListItem","position":1,"name":"Accueil","item":"https:\/\/abc-latina.com\/"},{"@type":"ListItem","position":2,"name":"ANGRA DOS REIS"}]},{"@type":"WebSite","@id":"https:\/\/abc-latina.com\/#website","url":"https:\/\/abc-latina.com\/","name":"Abc-latina","description":"","publisher":{"@id":"https:\/\/abc-latina.com\/#organization"},"potentialAction":[{"@type":"SearchAction","target":{"@type":"EntryPoint","urlTemplate":"https:\/\/abc-latina.com\/?s={search_term_string}"},"query-input":{"@type":"PropertyValueSpecification","valueRequired":true,"valueName":"search_term_string"}}],"inLanguage":"fr-FR"},{"@type":"Organization","@id":"https:\/\/abc-latina.com\/#organization","name":"Abc-latina","url":"https:\/\/abc-latina.com\/","logo":{"@type":"ImageObject","inLanguage":"fr-FR","@id":"https:\/\/abc-latina.com\/#\/schema\/logo\/image\/","url":"https:\/\/abc-latina.com\/wp-content\/uploads\/2026\/05\/cropped-logo.gif","contentUrl":"https:\/\/abc-latina.com\/wp-content\/uploads\/2026\/05\/cropped-logo.gif","width":89,"height":84,"caption":"Abc-latina"},"image":{"@id":"https:\/\/abc-latina.com\/#\/schema\/logo\/image\/"}}]}},"_links":{"self":[{"href":"https:\/\/abc-latina.com\/wp-json\/wp\/v2\/pages\/2155","targetHints":{"allow":["GET"]}}],"collection":[{"href":"https:\/\/abc-latina.com\/wp-json\/wp\/v2\/pages"}],"about":[{"href":"https:\/\/abc-latina.com\/wp-json\/wp\/v2\/types\/page"}],"author":[{"embeddable":true,"href":"https:\/\/abc-latina.com\/wp-json\/wp\/v2\/users\/3"}],"replies":[{"embeddable":true,"href":"https:\/\/abc-latina.com\/wp-json\/wp\/v2\/comments?post=2155"}],"version-history":[{"count":0,"href":"https:\/\/abc-latina.com\/wp-json\/wp\/v2\/pages\/2155\/revisions"}],"wp:featuredmedia":[{"embeddable":true,"href":"https:\/\/abc-latina.com\/wp-json\/wp\/v2\/media\/2154"}],"wp:attachment":[{"href":"https:\/\/abc-latina.com\/wp-json\/wp\/v2\/media?parent=2155"}],"curies":[{"name":"wp","href":"https:\/\/api.w.org\/{rel}","templated":true}]}}