{"id":216,"date":"2010-06-04T01:39:26","date_gmt":"2010-06-03T23:39:26","guid":{"rendered":"http:\/\/abc-latina.com\/norte_chico-htm\/"},"modified":"2026-04-30T18:24:54","modified_gmt":"2026-04-30T16:24:54","slug":"norte_chico","status":"publish","type":"page","link":"https:\/\/abc-latina.com\/chili\/norte_chico\/","title":{"rendered":"NORTE CHICO"},"content":{"rendered":"<div><img loading=\"lazy\" decoding=\"async\" class=\" alignright size-full wp-image-215\" src=\"http:\/\/abc-latina.com\/wp-content\/uploads\/2010\/06\/norte-chico.jpg\" title=\"NORTE CHICO\" alt=\"NORTE CHICO\" width=\"220\" vspace=\"9\" hspace=\"15\" height=\"220\" align=\"right\" srcset=\"https:\/\/abc-latina.com\/wp-content\/uploads\/2010\/06\/norte-chico.jpg 220w, https:\/\/abc-latina.com\/wp-content\/uploads\/2010\/06\/norte-chico-150x150.jpg 150w\" sizes=\"auto, (max-width: 220px) 100vw, 220px\" \/>Les deux plus grandes villes du <span class=\"tourisme-chapitre\">Norte Chico<\/span> sont La Serana, avec son petit centre-ville historique et une plage qui compte aujourd&rsquo;hui parmi les plus courues du Chili, et Copiap\u00f3 qui se trouve plus au nord \u00e0 l&rsquo;int\u00e9rieur des terres et dont la destin\u00e9e a toujours \u00e9t\u00e9 li\u00e9e \u00e0 l&rsquo;industrie mini\u00e8re.<\/div>\n<div>De part et d&rsquo;autre de la c\u00f4te se succ\u00e8dent des plages, des anses et des r\u00e9serves naturelles, notamment le Parque Nacional Fray Jorge, d\u00e9sign\u00e9 r\u00e9serve de la biosph\u00e8re par l&rsquo;Unesco. A l&rsquo;int\u00e9rieur des terres, \u00e0 la fronti\u00e8re Argentine, se dressent l&rsquo;Ojos de Salado, le plus haut sommet du Chili (6.893m), accessible depuis le Parque Nacional Tres Cruces.<\/div>\n<div>Une grande partie du Norte Chico est d\u00e9sertique, exception faite de quelques vall\u00e9es verdoyantes.&nbsp;<\/div>\n<div>&nbsp;<\/div>\n<div><a href=\"tour_operateur\" target=\"_blank\"><img loading=\"lazy\" decoding=\"async\" class=\" size-full wp-image-41\" alt=\"\" class=\"touroperateur\" src=\"http:\/\/abc-latina.com\/wp-content\/uploads\/2010\/04\/timbre_to.gif\" width=\"125\" height=\"90\" \/><\/a>Les cieux exceptionnellement clairs font qu&rsquo;on y a \u00e9rig\u00e9 une multitude d&rsquo;observatoires astronomiques. La plupart d&rsquo;entre eux ne sont accessibles qu&rsquo;\u00e0 des scientifiques des plus s\u00e9rieux. Toutefois un tout nouvel observatoire, l&rsquo;Observatorio Comunal Cerro Mamalluco, pr\u00e8s de Vicuna, a par contre mis sur pied un programme complet \u00e0 l&rsquo;intention des visiteurs, et permet de manipuler un t\u00e9lescope de 30 cm. Il s&rsquo;agit l\u00e0 d&rsquo;une vraie b\u00e9n\u00e9diction pour les astronomes amateurs qui n&rsquo;ont pas eu l&rsquo;occasion de pratiquer leur passe-temps favori dans l&rsquo;h\u00e9misph\u00e8re sud, dont les constellations sont tout \u00e0 fait diff\u00e9rentes.<\/div>\n<div>&nbsp;<\/div>\n<div>Le Monumento Nacional Valle del Encanto, pr\u00e8s d&rsquo;Ovalle, pr\u00e9sente des p\u00e9troglyphes et des pierres sculpt\u00e9es entre le 2\u00e9me et le 7\u00e9me si\u00e8cles, et constitue l&rsquo;un des sites arch\u00e9ologiques les plus importants du Chili.<\/div>\n<div>&nbsp;<\/div>\n<h3>Pr\u00e9parez votre voyage dans le Norte Chico:<\/h3>\n<div><a href=\"https:\/\/www.abc-latina.com\/chili\/agence_de_voyages\">Agences de voyage g\u00e9n\u00e9ralistes et discounteurs<\/a><\/div>\n<div><a href=\"https:\/\/www.abc-latina.com\/chili\/tour_operateur\">Tours Op\u00e9rateurs sp\u00e9cialistes du Chili<\/a><\/div>\n<div><a href=\"https:\/\/www.abc-latina.com\/to\/reservation_billet_avion\" target=\"_blank\">R\u00e9servez votre billet d&rsquo;avion<\/a><\/div>\n<div><a href=\"https:\/\/www.abc-latina.com\/chili\/hotels\">R\u00e9servez votre h\u00f4tel dans le Norte Chico<\/a>&nbsp;<\/div>\n<div><a href=\"https:\/\/www.abc-latina.com\/to\/location_de_voiture_chili\" target=\"_blank\">Location de voiture<\/a><\/div>\n","protected":false},"excerpt":{"rendered":"<p>Les deux plus grandes villes du Norte Chico sont La Serana, avec son petit centre-ville historique et une plage qui [&hellip;]<\/p>\n","protected":false},"author":3,"featured_media":215,"parent":2293,"menu_order":0,"comment_status":"closed","ping_status":"closed","template":"","meta":{"site-sidebar-layout":"default","site-content-layout":"","ast-site-content-layout":"default","site-content-style":"default","site-sidebar-style":"default","ast-global-header-display":"","ast-banner-title-visibility":"","ast-main-header-display":"","ast-hfb-above-header-display":"","ast-hfb-below-header-display":"","ast-hfb-mobile-header-display":"","site-post-title":"","ast-breadcrumbs-content":"","ast-featured-img":"","footer-sml-layout":"","ast-disable-related-posts":"","theme-transparent-header-meta":"","adv-header-id-meta":"","stick-header-meta":"","header-above-stick-meta":"","header-main-stick-meta":"","header-below-stick-meta":"","astra-migrate-meta-layouts":"default","ast-page-background-enabled":"default","ast-page-background-meta":{"desktop":{"background-color":"var(--ast-global-color-5)","background-image":"","background-repeat":"repeat","background-position":"center center","background-size":"auto","background-attachment":"scroll","background-type":"","background-media":"","overlay-type":"","overlay-color":"","overlay-opacity":"","overlay-gradient":""},"tablet":{"background-color":"","background-image":"","background-repeat":"repeat","background-position":"center center","background-size":"auto","background-attachment":"scroll","background-type":"","background-media":"","overlay-type":"","overlay-color":"","overlay-opacity":"","overlay-gradient":""},"mobile":{"background-color":"","background-image":"","background-repeat":"repeat","background-position":"center center","background-size":"auto","background-attachment":"scroll","background-type":"","background-media":"","overlay-type":"","overlay-color":"","overlay-opacity":"","overlay-gradient":""}},"ast-content-background-meta":{"desktop":{"background-color":"var(--ast-global-color-4)","background-image":"","background-repeat":"repeat","background-position":"center center","background-size":"auto","background-attachment":"scroll","background-type":"","background-media":"","overlay-type":"","overlay-color":"","overlay-opacity":"","overlay-gradient":""},"tablet":{"background-color":"var(--ast-global-color-4)","background-image":"","background-repeat":"repeat","background-position":"center center","background-size":"auto","background-attachment":"scroll","background-type":"","background-media":"","overlay-type":"","overlay-color":"","overlay-opacity":"","overlay-gradient":""},"mobile":{"background-color":"var(--ast-global-color-4)","background-image":"","background-repeat":"repeat","background-position":"center center","background-size":"auto","background-attachment":"scroll","background-type":"","background-media":"","overlay-type":"","overlay-color":"","overlay-opacity":"","overlay-gradient":""}},"footnotes":""},"class_list":["post-216","page","type-page","status-publish","has-post-thumbnail","hentry"],"yoast_head":"<!-- This site is optimized with the Yoast SEO plugin v27.5 - https:\/\/yoast.com\/product\/yoast-seo-wordpress\/ -->\n<title>NORTE CHICO - Abc-latina<\/title>\n<meta name=\"description\" content=\"Tourisme : Voyage dans la r\u00e9gion du norte chico au Chili.\" \/>\n<meta name=\"robots\" content=\"index, follow, max-snippet:-1, max-image-preview:large, max-video-preview:-1\" \/>\n<link rel=\"canonical\" href=\"https:\/\/abc-latina.com\/chili\/norte_chico\/\" \/>\n<meta property=\"og:locale\" content=\"fr_FR\" \/>\n<meta property=\"og:type\" content=\"article\" \/>\n<meta property=\"og:title\" content=\"NORTE CHICO - Abc-latina\" \/>\n<meta property=\"og:description\" content=\"Tourisme : Voyage dans la r\u00e9gion du norte chico au Chili.\" \/>\n<meta property=\"og:url\" content=\"https:\/\/abc-latina.com\/chili\/norte_chico\/\" \/>\n<meta property=\"og:site_name\" content=\"Abc-latina\" \/>\n<meta property=\"article:modified_time\" content=\"2026-04-30T16:24:54+00:00\" \/>\n<meta property=\"og:image\" content=\"https:\/\/abc-latina.com\/wp-content\/uploads\/2010\/06\/norte-chico.jpg\" \/>\n\t<meta property=\"og:image:width\" content=\"220\" \/>\n\t<meta property=\"og:image:height\" content=\"220\" \/>\n\t<meta property=\"og:image:type\" content=\"image\/jpeg\" \/>\n<meta name=\"twitter:card\" content=\"summary_large_image\" \/>\n<meta name=\"twitter:label1\" content=\"Dur\u00e9e de lecture estim\u00e9e\" \/>\n\t<meta name=\"twitter:data1\" content=\"2 minutes\" \/>\n<script type=\"application\/ld+json\" class=\"yoast-schema-graph\">{\"@context\":\"https:\\\/\\\/schema.org\",\"@graph\":[{\"@type\":\"WebPage\",\"@id\":\"https:\\\/\\\/abc-latina.com\\\/chili\\\/norte_chico\\\/\",\"url\":\"https:\\\/\\\/abc-latina.com\\\/chili\\\/norte_chico\\\/\",\"name\":\"NORTE CHICO - Abc-latina\",\"isPartOf\":{\"@id\":\"https:\\\/\\\/abc-latina.com\\\/#website\"},\"primaryImageOfPage\":{\"@id\":\"https:\\\/\\\/abc-latina.com\\\/chili\\\/norte_chico\\\/#primaryimage\"},\"image\":{\"@id\":\"https:\\\/\\\/abc-latina.com\\\/chili\\\/norte_chico\\\/#primaryimage\"},\"thumbnailUrl\":\"https:\\\/\\\/abc-latina.com\\\/wp-content\\\/uploads\\\/2010\\\/06\\\/norte-chico.jpg\",\"datePublished\":\"2010-06-03T23:39:26+00:00\",\"dateModified\":\"2026-04-30T16:24:54+00:00\",\"description\":\"Tourisme : Voyage dans la r\u00e9gion du norte chico au Chili.\",\"breadcrumb\":{\"@id\":\"https:\\\/\\\/abc-latina.com\\\/chili\\\/norte_chico\\\/#breadcrumb\"},\"inLanguage\":\"fr-FR\",\"potentialAction\":[{\"@type\":\"ReadAction\",\"target\":[\"https:\\\/\\\/abc-latina.com\\\/chili\\\/norte_chico\\\/\"]}]},{\"@type\":\"ImageObject\",\"inLanguage\":\"fr-FR\",\"@id\":\"https:\\\/\\\/abc-latina.com\\\/chili\\\/norte_chico\\\/#primaryimage\",\"url\":\"https:\\\/\\\/abc-latina.com\\\/wp-content\\\/uploads\\\/2010\\\/06\\\/norte-chico.jpg\",\"contentUrl\":\"https:\\\/\\\/abc-latina.com\\\/wp-content\\\/uploads\\\/2010\\\/06\\\/norte-chico.jpg\",\"width\":220,\"height\":220,\"caption\":\"NORTE CHICO\"},{\"@type\":\"BreadcrumbList\",\"@id\":\"https:\\\/\\\/abc-latina.com\\\/chili\\\/norte_chico\\\/#breadcrumb\",\"itemListElement\":[{\"@type\":\"ListItem\",\"position\":1,\"name\":\"Accueil\",\"item\":\"https:\\\/\\\/abc-latina.com\\\/\"},{\"@type\":\"ListItem\",\"position\":2,\"name\":\"NORTE CHICO\"}]},{\"@type\":\"WebSite\",\"@id\":\"https:\\\/\\\/abc-latina.com\\\/#website\",\"url\":\"https:\\\/\\\/abc-latina.com\\\/\",\"name\":\"Abc-latina\",\"description\":\"\",\"publisher\":{\"@id\":\"https:\\\/\\\/abc-latina.com\\\/#organization\"},\"potentialAction\":[{\"@type\":\"SearchAction\",\"target\":{\"@type\":\"EntryPoint\",\"urlTemplate\":\"https:\\\/\\\/abc-latina.com\\\/?s={search_term_string}\"},\"query-input\":{\"@type\":\"PropertyValueSpecification\",\"valueRequired\":true,\"valueName\":\"search_term_string\"}}],\"inLanguage\":\"fr-FR\"},{\"@type\":\"Organization\",\"@id\":\"https:\\\/\\\/abc-latina.com\\\/#organization\",\"name\":\"Abc-latina\",\"url\":\"https:\\\/\\\/abc-latina.com\\\/\",\"logo\":{\"@type\":\"ImageObject\",\"inLanguage\":\"fr-FR\",\"@id\":\"https:\\\/\\\/abc-latina.com\\\/#\\\/schema\\\/logo\\\/image\\\/\",\"url\":\"https:\\\/\\\/abc-latina.com\\\/wp-content\\\/uploads\\\/2026\\\/05\\\/cropped-logo.gif\",\"contentUrl\":\"https:\\\/\\\/abc-latina.com\\\/wp-content\\\/uploads\\\/2026\\\/05\\\/cropped-logo.gif\",\"width\":89,\"height\":84,\"caption\":\"Abc-latina\"},\"image\":{\"@id\":\"https:\\\/\\\/abc-latina.com\\\/#\\\/schema\\\/logo\\\/image\\\/\"}}]}<\/script>\n<!-- \/ Yoast SEO plugin. -->","yoast_head_json":{"title":"NORTE CHICO - Abc-latina","description":"Tourisme : Voyage dans la r\u00e9gion du norte chico au Chili.","robots":{"index":"index","follow":"follow","max-snippet":"max-snippet:-1","max-image-preview":"max-image-preview:large","max-video-preview":"max-video-preview:-1"},"canonical":"https:\/\/abc-latina.com\/chili\/norte_chico\/","og_locale":"fr_FR","og_type":"article","og_title":"NORTE CHICO - Abc-latina","og_description":"Tourisme : Voyage dans la r\u00e9gion du norte chico au Chili.","og_url":"https:\/\/abc-latina.com\/chili\/norte_chico\/","og_site_name":"Abc-latina","article_modified_time":"2026-04-30T16:24:54+00:00","og_image":[{"width":220,"height":220,"url":"https:\/\/abc-latina.com\/wp-content\/uploads\/2010\/06\/norte-chico.jpg","type":"image\/jpeg"}],"twitter_card":"summary_large_image","twitter_misc":{"Dur\u00e9e de lecture estim\u00e9e":"2 minutes"},"schema":{"@context":"https:\/\/schema.org","@graph":[{"@type":"WebPage","@id":"https:\/\/abc-latina.com\/chili\/norte_chico\/","url":"https:\/\/abc-latina.com\/chili\/norte_chico\/","name":"NORTE CHICO - Abc-latina","isPartOf":{"@id":"https:\/\/abc-latina.com\/#website"},"primaryImageOfPage":{"@id":"https:\/\/abc-latina.com\/chili\/norte_chico\/#primaryimage"},"image":{"@id":"https:\/\/abc-latina.com\/chili\/norte_chico\/#primaryimage"},"thumbnailUrl":"https:\/\/abc-latina.com\/wp-content\/uploads\/2010\/06\/norte-chico.jpg","datePublished":"2010-06-03T23:39:26+00:00","dateModified":"2026-04-30T16:24:54+00:00","description":"Tourisme : Voyage dans la r\u00e9gion du norte chico au Chili.","breadcrumb":{"@id":"https:\/\/abc-latina.com\/chili\/norte_chico\/#breadcrumb"},"inLanguage":"fr-FR","potentialAction":[{"@type":"ReadAction","target":["https:\/\/abc-latina.com\/chili\/norte_chico\/"]}]},{"@type":"ImageObject","inLanguage":"fr-FR","@id":"https:\/\/abc-latina.com\/chili\/norte_chico\/#primaryimage","url":"https:\/\/abc-latina.com\/wp-content\/uploads\/2010\/06\/norte-chico.jpg","contentUrl":"https:\/\/abc-latina.com\/wp-content\/uploads\/2010\/06\/norte-chico.jpg","width":220,"height":220,"caption":"NORTE CHICO"},{"@type":"BreadcrumbList","@id":"https:\/\/abc-latina.com\/chili\/norte_chico\/#breadcrumb","itemListElement":[{"@type":"ListItem","position":1,"name":"Accueil","item":"https:\/\/abc-latina.com\/"},{"@type":"ListItem","position":2,"name":"NORTE CHICO"}]},{"@type":"WebSite","@id":"https:\/\/abc-latina.com\/#website","url":"https:\/\/abc-latina.com\/","name":"Abc-latina","description":"","publisher":{"@id":"https:\/\/abc-latina.com\/#organization"},"potentialAction":[{"@type":"SearchAction","target":{"@type":"EntryPoint","urlTemplate":"https:\/\/abc-latina.com\/?s={search_term_string}"},"query-input":{"@type":"PropertyValueSpecification","valueRequired":true,"valueName":"search_term_string"}}],"inLanguage":"fr-FR"},{"@type":"Organization","@id":"https:\/\/abc-latina.com\/#organization","name":"Abc-latina","url":"https:\/\/abc-latina.com\/","logo":{"@type":"ImageObject","inLanguage":"fr-FR","@id":"https:\/\/abc-latina.com\/#\/schema\/logo\/image\/","url":"https:\/\/abc-latina.com\/wp-content\/uploads\/2026\/05\/cropped-logo.gif","contentUrl":"https:\/\/abc-latina.com\/wp-content\/uploads\/2026\/05\/cropped-logo.gif","width":89,"height":84,"caption":"Abc-latina"},"image":{"@id":"https:\/\/abc-latina.com\/#\/schema\/logo\/image\/"}}]}},"_links":{"self":[{"href":"https:\/\/abc-latina.com\/wp-json\/wp\/v2\/pages\/216","targetHints":{"allow":["GET"]}}],"collection":[{"href":"https:\/\/abc-latina.com\/wp-json\/wp\/v2\/pages"}],"about":[{"href":"https:\/\/abc-latina.com\/wp-json\/wp\/v2\/types\/page"}],"author":[{"embeddable":true,"href":"https:\/\/abc-latina.com\/wp-json\/wp\/v2\/users\/3"}],"replies":[{"embeddable":true,"href":"https:\/\/abc-latina.com\/wp-json\/wp\/v2\/comments?post=216"}],"version-history":[{"count":1,"href":"https:\/\/abc-latina.com\/wp-json\/wp\/v2\/pages\/216\/revisions"}],"predecessor-version":[{"id":3250,"href":"https:\/\/abc-latina.com\/wp-json\/wp\/v2\/pages\/216\/revisions\/3250"}],"up":[{"embeddable":true,"href":"https:\/\/abc-latina.com\/wp-json\/wp\/v2\/pages\/2293"}],"wp:featuredmedia":[{"embeddable":true,"href":"https:\/\/abc-latina.com\/wp-json\/wp\/v2\/media\/215"}],"wp:attachment":[{"href":"https:\/\/abc-latina.com\/wp-json\/wp\/v2\/media?parent=216"}],"curies":[{"name":"wp","href":"https:\/\/api.w.org\/{rel}","templated":true}]}}