{"id":2161,"date":"2010-08-09T01:54:31","date_gmt":"2010-08-08T23:54:31","guid":{"rendered":"http:\/\/abc-latina.com\/belo_horizonte-htm\/"},"modified":"2018-06-10T11:48:10","modified_gmt":"2018-06-10T09:48:10","slug":"belo_horizonte","status":"publish","type":"page","link":"https:\/\/abc-latina.com\/belo_horizonte\/","title":{"rendered":"BELO HORIZONTE"},"content":{"rendered":"<div><img loading=\"lazy\" decoding=\"async\" class=\" alignright size-full wp-image-2160\" src=\"http:\/\/abc-latina.com\/wp-content\/uploads\/2010\/08\/belo-horizonte.jpg\" alt=\"\" width=\"220\" vspace=\"9\" hspace=\"15\" height=\"220\" align=\"right\" srcset=\"https:\/\/abc-latina.com\/wp-content\/uploads\/2010\/08\/belo-horizonte.jpg 220w, https:\/\/abc-latina.com\/wp-content\/uploads\/2010\/08\/belo-horizonte-150x150.jpg 150w\" sizes=\"auto, (max-width: 220px) 100vw, 220px\" \/>Le v\u00e9ritable Mineiro (natif de <a href=\"https:\/\/www.abc-latina.com\/bresil\/minas\">Minas Gerais<\/a>) aime parler que n&rsquo;importe o\u00f9, n&rsquo;importe quelle distance, &lsquo;c&rsquo;est juste l\u00e0-bas&rsquo;. Le v\u00e9ritable mineiro est c\u00e9l\u00e8bre pour \u00e9couter beaucoup et parler peu, ou pour seulement croire \u00e0 la fum\u00e9e quand il voit le feu. Donc, <span class=\"tourisme-chapitre\">Belo Horizonte<\/span>, la capitale de Minas Gerais et la premi\u00e8re capitale planifi\u00e9e du pays, a une fa\u00e7on particuli\u00e8re de parler &ndash; avec un accent qui ne peut \u00eatre confondu &ndash; et de vivre. Ses habitants appellent la ville en utilisant l&rsquo;affectueux surnom Beag\u00e1, sigle de l&rsquo;\u00e9tat [BH], et ils sont fiers de maintenir une qualit\u00e9 de vie de faire envie: c&rsquo;est une des meilleures m\u00e9tropoles pour vivre dans l&rsquo;<a href=\"https:\/\/www.abc-latina.com\/\">Am\u00e9rique Latine<\/a>, selon l&rsquo;ONU.<\/p>\n<div>&nbsp;<\/div>\n<div>Discr\u00e8te et tranquille, Belo Horizonte vit sans trop de n\u00e9vroses. Elle offre l&rsquo;option de promenades parmi l&rsquo;all\u00e9e de palmiers de la Pra\u00e7a da Liberdade (Place de la Libert\u00e9), le regard \u00e0 partir de modernes b\u00e2timents, les achats au sophistiqu\u00e9 commerce dans les proximit\u00e9s du charmant quartier Savassi et le plaisir d&rsquo;accompagner l&rsquo;intense vie culturelle &ndash; qui a d\u00e9j\u00e0 r\u00e9v\u00e9l\u00e9e le chanteur Milton Nascimento, des groupes de rock, comme Skank et Jota Quest, et une l\u00e9gion d&rsquo;auteurs c\u00e9l\u00e8bres. Aussi \u00e0 Belo Horizonte, plus pr\u00e9cis\u00e9ment au quartier de la Pampulha, il y a un projet de 1940 qui s&rsquo;est rapport\u00e9 parmi les plus importants cr\u00e9\u00e9s par l&rsquo;architecte Oscar Niemeyer: le Conjunto da Pampulha, compos\u00e9 de l&rsquo;\u00c9glise de S\u00e3o Francisco de Assis, du Mus\u00e9e d&rsquo;Art de la Pampulha, de l&rsquo;Iate Clube et de la Casa do Baile. Les jardins autour de ces oeuvres sont sign\u00e9s par le pareillement consacr\u00e9 paysagiste Burle Marx. Capitale de la &lsquo;<a href=\"https:\/\/www.abc-latina.com\/bresil\/div\/cachaca\">cacha\u00e7a<\/a>&rsquo;, de la &lsquo;branquinha&rsquo;, de l&rsquo;eau de vie, et de nombreaux d&rsquo;autres noms par lequels la boisson nationale du Br\u00e9sil est connue, c&rsquo;est au March\u00e9 Municipal o\u00f9 l&rsquo;on peut l&rsquo;appr\u00e9cier dans ses innombrables variations. Et au March\u00e9, une autre obligation du visiteur, c&rsquo;est de go\u00fbter les incomptables offres de d\u00e9licieux fromages: partag\u00e9s par les r\u00e9gions d&rsquo;origine, les types, les formes et les saveurs, ils composent le pair parfait pour les g\u00e2teaux faits maison. Tout cela sans citer les plats de la gastronomie locale, nomm\u00e9e par beaucoup de gens comme la plus repr\u00e9sentative du pays.<\/div>\n<div>&nbsp;<\/div>\n<div><a href=\"..\/tour_operateur\" target=\"_blank\"><img loading=\"lazy\" decoding=\"async\" class=\" size-full wp-image-41\" alt=\"\" class=\"touroperateur\" src=\"http:\/\/abc-latina.com\/wp-content\/uploads\/2010\/04\/timbre_to.gif\" width=\"125\" height=\"90\" \/><\/a>Minas &lsquo;c&rsquo;est juste l\u00e0-bas&rsquo;. Il ne faut qu&rsquo;y arriver et d\u00e9couvrir un Br\u00e9sil tr\u00e8s particulier, tr\u00e8s sp\u00e9cial. D\u00e9couvrir un peuple qui na\u00eet et vit entour\u00e9 de montagnes, en jetant toujours un regard plus loin, mais sans jamais mettre le pied dehors de son pays natal.<\/div>\n<div>&nbsp;<\/div>\n<div>Source: Minist\u00e9rio do turismo<\/div>\n<div>&nbsp;<\/div>\n<h3>Pr\u00e9parez votre voyage \u00e0 Belo Horizonte:<\/h3>\n<div><a href=\"https:\/\/www.abc-latina.com\/bresil\/agence_de_voyages\">Agences de voyage g\u00e9n\u00e9ralistes et discounteurs<\/a><\/div>\n<div><a href=\"https:\/\/www.abc-latina.com\/bresil\/tour_operateur\">Tours Op\u00e9rateurs sp\u00e9cialistes du Br\u00e9sil<\/a><\/div>\n<div><a href=\"https:\/\/www.abc-latina.com\/to\/reservation_billet_avion\" target=\"_blank\">R\u00e9servez votre billet d&rsquo;avion<\/a><\/div>\n<div><a href=\"http:\/\/www.booking.com\/city\/br\/belo-horizontel?aid=364340\" target=\"_blank\">R\u00e9servez votre h\u00f4tel \u00e0 Belo Horizonte<\/a>&nbsp;<\/div>\n<div><a href=\"https:\/\/www.abc-latina.com\/to\/location_de_voiture_bresil\" target=\"_blank\">Location de voiture<\/a><\/div>\n<div>&nbsp;<\/div>\n<div>&nbsp;<\/div>\n<div id=\"cont_2f8422dc305ead742848312d8b4ee5bb\"><span id=\"h_2f8422dc305ead742848312d8b4ee5bb\"><a id=\"a_2f8422dc305ead742848312d8b4ee5bb\" href=\"http:\/\/www.tameteo.com\/\" target=\"_blank\" style=\"color:#808080;font-family:2;font-size:14px;\">Meteo<\/a> Belo Horizonte<\/span><script type=\"text\/javascript\" src=\"http:\/\/www.tameteo.com\/wid_loader\/2f8422dc305ead742848312d8b4ee5bb\"><\/script><\/div>\n<p>&nbsp;<\/p>\n<\/div>\n","protected":false},"excerpt":{"rendered":"<p>Le v\u00e9ritable Mineiro (natif de Minas Gerais) aime parler que n&rsquo;importe o\u00f9, n&rsquo;importe quelle distance, &lsquo;c&rsquo;est juste l\u00e0-bas&rsquo;. Le v\u00e9ritable [&hellip;]<\/p>\n","protected":false},"author":3,"featured_media":2160,"parent":0,"menu_order":0,"comment_status":"closed","ping_status":"closed","template":"","meta":{"site-sidebar-layout":"default","site-content-layout":"","ast-site-content-layout":"default","site-content-style":"default","site-sidebar-style":"default","ast-global-header-display":"","ast-banner-title-visibility":"","ast-main-header-display":"","ast-hfb-above-header-display":"","ast-hfb-below-header-display":"","ast-hfb-mobile-header-display":"","site-post-title":"","ast-breadcrumbs-content":"","ast-featured-img":"","footer-sml-layout":"","ast-disable-related-posts":"","theme-transparent-header-meta":"","adv-header-id-meta":"","stick-header-meta":"","header-above-stick-meta":"","header-main-stick-meta":"","header-below-stick-meta":"","astra-migrate-meta-layouts":"default","ast-page-background-enabled":"default","ast-page-background-meta":{"desktop":{"background-color":"var(--ast-global-color-5)","background-image":"","background-repeat":"repeat","background-position":"center center","background-size":"auto","background-attachment":"scroll","background-type":"","background-media":"","overlay-type":"","overlay-color":"","overlay-opacity":"","overlay-gradient":""},"tablet":{"background-color":"","background-image":"","background-repeat":"repeat","background-position":"center center","background-size":"auto","background-attachment":"scroll","background-type":"","background-media":"","overlay-type":"","overlay-color":"","overlay-opacity":"","overlay-gradient":""},"mobile":{"background-color":"","background-image":"","background-repeat":"repeat","background-position":"center center","background-size":"auto","background-attachment":"scroll","background-type":"","background-media":"","overlay-type":"","overlay-color":"","overlay-opacity":"","overlay-gradient":""}},"ast-content-background-meta":{"desktop":{"background-color":"var(--ast-global-color-4)","background-image":"","background-repeat":"repeat","background-position":"center center","background-size":"auto","background-attachment":"scroll","background-type":"","background-media":"","overlay-type":"","overlay-color":"","overlay-opacity":"","overlay-gradient":""},"tablet":{"background-color":"var(--ast-global-color-4)","background-image":"","background-repeat":"repeat","background-position":"center center","background-size":"auto","background-attachment":"scroll","background-type":"","background-media":"","overlay-type":"","overlay-color":"","overlay-opacity":"","overlay-gradient":""},"mobile":{"background-color":"var(--ast-global-color-4)","background-image":"","background-repeat":"repeat","background-position":"center center","background-size":"auto","background-attachment":"scroll","background-type":"","background-media":"","overlay-type":"","overlay-color":"","overlay-opacity":"","overlay-gradient":""}},"footnotes":""},"class_list":["post-2161","page","type-page","status-publish","has-post-thumbnail","hentry"],"yoast_head":"<!-- This site is optimized with the Yoast SEO plugin v27.5 - https:\/\/yoast.com\/product\/yoast-seo-wordpress\/ -->\n<title>BELO HORIZONTE - Abc-latina<\/title>\n<meta name=\"description\" content=\"Belo Horizonte - Bresil.\" \/>\n<meta name=\"robots\" content=\"index, follow, max-snippet:-1, max-image-preview:large, max-video-preview:-1\" \/>\n<link rel=\"canonical\" href=\"https:\/\/abc-latina.com\/belo_horizonte\/\" \/>\n<meta property=\"og:locale\" content=\"fr_FR\" \/>\n<meta property=\"og:type\" content=\"article\" \/>\n<meta property=\"og:title\" content=\"BELO HORIZONTE - Abc-latina\" \/>\n<meta property=\"og:description\" content=\"Belo Horizonte - Bresil.\" \/>\n<meta property=\"og:url\" content=\"https:\/\/abc-latina.com\/belo_horizonte\/\" \/>\n<meta property=\"og:site_name\" content=\"Abc-latina\" \/>\n<meta property=\"article:modified_time\" content=\"2018-06-10T09:48:10+00:00\" \/>\n<meta property=\"og:image\" content=\"https:\/\/abc-latina.com\/wp-content\/uploads\/2010\/08\/belo-horizonte.jpg\" \/>\n\t<meta property=\"og:image:width\" content=\"220\" \/>\n\t<meta property=\"og:image:height\" content=\"220\" \/>\n\t<meta property=\"og:image:type\" content=\"image\/jpeg\" \/>\n<meta name=\"twitter:card\" content=\"summary_large_image\" \/>\n<meta name=\"twitter:label1\" content=\"Dur\u00e9e de lecture estim\u00e9e\" \/>\n\t<meta name=\"twitter:data1\" content=\"3 minutes\" \/>\n<script type=\"application\/ld+json\" class=\"yoast-schema-graph\">{\"@context\":\"https:\\\/\\\/schema.org\",\"@graph\":[{\"@type\":\"WebPage\",\"@id\":\"https:\\\/\\\/abc-latina.com\\\/belo_horizonte\\\/\",\"url\":\"https:\\\/\\\/abc-latina.com\\\/belo_horizonte\\\/\",\"name\":\"BELO HORIZONTE - Abc-latina\",\"isPartOf\":{\"@id\":\"https:\\\/\\\/abc-latina.com\\\/#website\"},\"primaryImageOfPage\":{\"@id\":\"https:\\\/\\\/abc-latina.com\\\/belo_horizonte\\\/#primaryimage\"},\"image\":{\"@id\":\"https:\\\/\\\/abc-latina.com\\\/belo_horizonte\\\/#primaryimage\"},\"thumbnailUrl\":\"https:\\\/\\\/abc-latina.com\\\/wp-content\\\/uploads\\\/2010\\\/08\\\/belo-horizonte.jpg\",\"datePublished\":\"2010-08-08T23:54:31+00:00\",\"dateModified\":\"2018-06-10T09:48:10+00:00\",\"description\":\"Belo Horizonte - Bresil.\",\"breadcrumb\":{\"@id\":\"https:\\\/\\\/abc-latina.com\\\/belo_horizonte\\\/#breadcrumb\"},\"inLanguage\":\"fr-FR\",\"potentialAction\":[{\"@type\":\"ReadAction\",\"target\":[\"https:\\\/\\\/abc-latina.com\\\/belo_horizonte\\\/\"]}]},{\"@type\":\"ImageObject\",\"inLanguage\":\"fr-FR\",\"@id\":\"https:\\\/\\\/abc-latina.com\\\/belo_horizonte\\\/#primaryimage\",\"url\":\"https:\\\/\\\/abc-latina.com\\\/wp-content\\\/uploads\\\/2010\\\/08\\\/belo-horizonte.jpg\",\"contentUrl\":\"https:\\\/\\\/abc-latina.com\\\/wp-content\\\/uploads\\\/2010\\\/08\\\/belo-horizonte.jpg\",\"width\":220,\"height\":220},{\"@type\":\"BreadcrumbList\",\"@id\":\"https:\\\/\\\/abc-latina.com\\\/belo_horizonte\\\/#breadcrumb\",\"itemListElement\":[{\"@type\":\"ListItem\",\"position\":1,\"name\":\"Accueil\",\"item\":\"https:\\\/\\\/abc-latina.com\\\/\"},{\"@type\":\"ListItem\",\"position\":2,\"name\":\"BELO HORIZONTE\"}]},{\"@type\":\"WebSite\",\"@id\":\"https:\\\/\\\/abc-latina.com\\\/#website\",\"url\":\"https:\\\/\\\/abc-latina.com\\\/\",\"name\":\"Abc-latina\",\"description\":\"\",\"publisher\":{\"@id\":\"https:\\\/\\\/abc-latina.com\\\/#organization\"},\"potentialAction\":[{\"@type\":\"SearchAction\",\"target\":{\"@type\":\"EntryPoint\",\"urlTemplate\":\"https:\\\/\\\/abc-latina.com\\\/?s={search_term_string}\"},\"query-input\":{\"@type\":\"PropertyValueSpecification\",\"valueRequired\":true,\"valueName\":\"search_term_string\"}}],\"inLanguage\":\"fr-FR\"},{\"@type\":\"Organization\",\"@id\":\"https:\\\/\\\/abc-latina.com\\\/#organization\",\"name\":\"Abc-latina\",\"url\":\"https:\\\/\\\/abc-latina.com\\\/\",\"logo\":{\"@type\":\"ImageObject\",\"inLanguage\":\"fr-FR\",\"@id\":\"https:\\\/\\\/abc-latina.com\\\/#\\\/schema\\\/logo\\\/image\\\/\",\"url\":\"https:\\\/\\\/abc-latina.com\\\/wp-content\\\/uploads\\\/2026\\\/05\\\/cropped-logo.gif\",\"contentUrl\":\"https:\\\/\\\/abc-latina.com\\\/wp-content\\\/uploads\\\/2026\\\/05\\\/cropped-logo.gif\",\"width\":89,\"height\":84,\"caption\":\"Abc-latina\"},\"image\":{\"@id\":\"https:\\\/\\\/abc-latina.com\\\/#\\\/schema\\\/logo\\\/image\\\/\"}}]}<\/script>\n<!-- \/ Yoast SEO plugin. -->","yoast_head_json":{"title":"BELO HORIZONTE - Abc-latina","description":"Belo Horizonte - Bresil.","robots":{"index":"index","follow":"follow","max-snippet":"max-snippet:-1","max-image-preview":"max-image-preview:large","max-video-preview":"max-video-preview:-1"},"canonical":"https:\/\/abc-latina.com\/belo_horizonte\/","og_locale":"fr_FR","og_type":"article","og_title":"BELO HORIZONTE - Abc-latina","og_description":"Belo Horizonte - Bresil.","og_url":"https:\/\/abc-latina.com\/belo_horizonte\/","og_site_name":"Abc-latina","article_modified_time":"2018-06-10T09:48:10+00:00","og_image":[{"width":220,"height":220,"url":"https:\/\/abc-latina.com\/wp-content\/uploads\/2010\/08\/belo-horizonte.jpg","type":"image\/jpeg"}],"twitter_card":"summary_large_image","twitter_misc":{"Dur\u00e9e de lecture estim\u00e9e":"3 minutes"},"schema":{"@context":"https:\/\/schema.org","@graph":[{"@type":"WebPage","@id":"https:\/\/abc-latina.com\/belo_horizonte\/","url":"https:\/\/abc-latina.com\/belo_horizonte\/","name":"BELO HORIZONTE - Abc-latina","isPartOf":{"@id":"https:\/\/abc-latina.com\/#website"},"primaryImageOfPage":{"@id":"https:\/\/abc-latina.com\/belo_horizonte\/#primaryimage"},"image":{"@id":"https:\/\/abc-latina.com\/belo_horizonte\/#primaryimage"},"thumbnailUrl":"https:\/\/abc-latina.com\/wp-content\/uploads\/2010\/08\/belo-horizonte.jpg","datePublished":"2010-08-08T23:54:31+00:00","dateModified":"2018-06-10T09:48:10+00:00","description":"Belo Horizonte - Bresil.","breadcrumb":{"@id":"https:\/\/abc-latina.com\/belo_horizonte\/#breadcrumb"},"inLanguage":"fr-FR","potentialAction":[{"@type":"ReadAction","target":["https:\/\/abc-latina.com\/belo_horizonte\/"]}]},{"@type":"ImageObject","inLanguage":"fr-FR","@id":"https:\/\/abc-latina.com\/belo_horizonte\/#primaryimage","url":"https:\/\/abc-latina.com\/wp-content\/uploads\/2010\/08\/belo-horizonte.jpg","contentUrl":"https:\/\/abc-latina.com\/wp-content\/uploads\/2010\/08\/belo-horizonte.jpg","width":220,"height":220},{"@type":"BreadcrumbList","@id":"https:\/\/abc-latina.com\/belo_horizonte\/#breadcrumb","itemListElement":[{"@type":"ListItem","position":1,"name":"Accueil","item":"https:\/\/abc-latina.com\/"},{"@type":"ListItem","position":2,"name":"BELO HORIZONTE"}]},{"@type":"WebSite","@id":"https:\/\/abc-latina.com\/#website","url":"https:\/\/abc-latina.com\/","name":"Abc-latina","description":"","publisher":{"@id":"https:\/\/abc-latina.com\/#organization"},"potentialAction":[{"@type":"SearchAction","target":{"@type":"EntryPoint","urlTemplate":"https:\/\/abc-latina.com\/?s={search_term_string}"},"query-input":{"@type":"PropertyValueSpecification","valueRequired":true,"valueName":"search_term_string"}}],"inLanguage":"fr-FR"},{"@type":"Organization","@id":"https:\/\/abc-latina.com\/#organization","name":"Abc-latina","url":"https:\/\/abc-latina.com\/","logo":{"@type":"ImageObject","inLanguage":"fr-FR","@id":"https:\/\/abc-latina.com\/#\/schema\/logo\/image\/","url":"https:\/\/abc-latina.com\/wp-content\/uploads\/2026\/05\/cropped-logo.gif","contentUrl":"https:\/\/abc-latina.com\/wp-content\/uploads\/2026\/05\/cropped-logo.gif","width":89,"height":84,"caption":"Abc-latina"},"image":{"@id":"https:\/\/abc-latina.com\/#\/schema\/logo\/image\/"}}]}},"_links":{"self":[{"href":"https:\/\/abc-latina.com\/wp-json\/wp\/v2\/pages\/2161","targetHints":{"allow":["GET"]}}],"collection":[{"href":"https:\/\/abc-latina.com\/wp-json\/wp\/v2\/pages"}],"about":[{"href":"https:\/\/abc-latina.com\/wp-json\/wp\/v2\/types\/page"}],"author":[{"embeddable":true,"href":"https:\/\/abc-latina.com\/wp-json\/wp\/v2\/users\/3"}],"replies":[{"embeddable":true,"href":"https:\/\/abc-latina.com\/wp-json\/wp\/v2\/comments?post=2161"}],"version-history":[{"count":0,"href":"https:\/\/abc-latina.com\/wp-json\/wp\/v2\/pages\/2161\/revisions"}],"wp:featuredmedia":[{"embeddable":true,"href":"https:\/\/abc-latina.com\/wp-json\/wp\/v2\/media\/2160"}],"wp:attachment":[{"href":"https:\/\/abc-latina.com\/wp-json\/wp\/v2\/media?parent=2161"}],"curies":[{"name":"wp","href":"https:\/\/api.w.org\/{rel}","templated":true}]}}