{"id":2164,"date":"2010-08-09T02:02:24","date_gmt":"2010-08-09T00:02:24","guid":{"rendered":"http:\/\/abc-latina.com\/chapada_diamantina-htm\/"},"modified":"2018-06-10T11:44:15","modified_gmt":"2018-06-10T09:44:15","slug":"chapada_diamantina","status":"publish","type":"page","link":"https:\/\/abc-latina.com\/chapada_diamantina\/","title":{"rendered":"CHAPADA DIAMANTINA"},"content":{"rendered":"<div><img loading=\"lazy\" decoding=\"async\" class=\" alignright size-full wp-image-2163\" src=\"http:\/\/abc-latina.com\/wp-content\/uploads\/2010\/08\/chapada-diamantina.jpg\" alt=\"\" width=\"220\" vspace=\"9\" hspace=\"15\" height=\"220\" align=\"right\" srcset=\"https:\/\/abc-latina.com\/wp-content\/uploads\/2010\/08\/chapada-diamantina.jpg 220w, https:\/\/abc-latina.com\/wp-content\/uploads\/2010\/08\/chapada-diamantina-150x150.jpg 150w\" sizes=\"auto, (max-width: 220px) 100vw, 220px\" \/>Situ\u00e9e dans le c\u0153ur de l&rsquo;<a href=\"https:\/\/www.abc-latina.com\/bresil\/bahia\">Etat de Bahia<\/a>, la <span class=\"tourisme-chapitre\">Chapada Diamantina<\/span> est travers\u00e9e par des montagnes, de grands plateaux, des rivi\u00e8res, des cours d&rsquo;eau rapides, des chutes d&rsquo;eau, des cavernes et des puits d&rsquo;eau transparente. Elle poss\u00e8de de nombreuses sources qui naissent entre les parois rocheuses et plus de 35 rivi\u00e8res &#8211; les plus grandes \u00e9tant le Paragua\u00e7u et le Rio Preto. En fonction des changements de reliefs et des diverses formes de v\u00e9g\u00e9tation, la faune est tr\u00e8s riche et certaines esp\u00e8ces peuvent \u00eatre vues relativement facilement, telles que les colibris, les perruches, les perroquets, les capivaras et les petits l\u00e9zards. Elle abrite aussi de petits rongeurs, connus sous le nom de moc\u00f3s &#8211; qui s&rsquo;adaptent du pied des collines de calcaire jusqu&rsquo;aux plateaux, et dans la montagne &ndash; et m\u00eame certains exemplaires de grands mammif\u00e8res menac\u00e9s d&rsquo;extinction, tels que le jaguar et le couguar.<\/p>\n<div>&nbsp;<\/div>\n<div>Il y a tellement d&rsquo;attractions dans la Chapada Diamantina qu&rsquo;il est difficile de savoir par o\u00f9 commencer. L&rsquo;une d&rsquo;entre elles est le Po\u00e7o Encantado (Puits Enchant\u00e9), qui re\u00e7oit la visite des rayons solaires de 10h30 \u00e0 12h30, permettant de voir &ndash; au travers d&rsquo;une eau bleue turquoise -, jusqu&rsquo;aux plus petites pierres d\u00e9pos\u00e9es \u00e0 61 m de profondeur. Il se trouve dans l&rsquo;une des nombreuses grottes de la r\u00e9gion et il est la plus fameuse carte postale de la Chapada, mais il est interdit de s&rsquo;y baigner.<\/div>\n<div>&nbsp;<\/div>\n<div>Un autre accident g\u00e9ographique tr\u00e8s fameux de la Chapada est la Colline du Pai In\u00e1cio, un belv\u00e9d\u00e8re naturel d&rsquo;o\u00f9 il est possible de voir et d&rsquo;admirer l&rsquo;immensit\u00e9 de la Chapada Diamantina, apr\u00e8s 20 minutes de mont\u00e9e. Il se trouve \u00e0 30 km du centre de Len\u00e7\u00f3is, totalisant 5h de randonn\u00e9e.<\/div>\n<div>&nbsp;<\/div>\n<div>La Chapada compte, de plus, sur le Parc National de la Chapada Diamantina, qui occupe une superficie de 152 mil ha. La beaut\u00e9 rencontr\u00e9e dans la r\u00e9gion n&rsquo;a pas d&rsquo;\u00e9gal. Il y a des sentiers avec divers degr\u00e9s de difficult\u00e9 &ndash; plusieurs d&rsquo;entre eux ouverts par les esclaves, les marchands de b\u00e9tail et les chercheurs de diamants -,mais comme il n&rsquo;existe aucune signalisation, la pr\u00e9sence d&rsquo;un guide est fondamentale, principalement pour les sentiers les plus longs.<\/div>\n<div>&nbsp;<\/div>\n<div>Au cours de toutes les randonn\u00e9es il est possible d&rsquo;admirer de magnifiques orchid\u00e9es, des brom\u00e9liac\u00e9es, des sempre-vivas et des cactus &ndash; une v\u00e9g\u00e9tation abondante en ce local. Mais il est bon de rappeler que dans le Parc il n&rsquo;y a pas encore de structure d&rsquo;assistance au visiteur. C&rsquo;est pourquoi vous devez toujours prendre avec vous de l&rsquo;eau et des sandwichs et ne jamais dispenser l&rsquo;aide des guides locaux. Et pour qui veut profiter au maximum de chaque sortie, n&rsquo;oubliez pas votre maillot de bain, votre bonnet ou chapeau, un protecteur solaire, des tennis et une lanterne avec des piles de rechange &#8211; dans le cas de visite de grotte.<\/div>\n<div>&nbsp;<\/div>\n<div><span class=\"tourisme-chapitre\">Sports dans la Chapada<\/span><\/div>\n<div>&nbsp;<\/div>\n<div><strong>Canyoning<\/strong><\/div>\n<div>Le canyoning vers la cascade de la Capivari, \u00e0 20 km de Len\u00e7\u00f3is, est l&rsquo;un des circuits les plus recherch\u00e9. Le programme dure trois jours et deux nuits, en campement, comprenant du <a href=\"https:\/\/www.abc-latina.com\/bresil\/tourisme\/trekking\">trekking<\/a> et du rappel sur la cascade, \u00e0 une hauteur d&rsquo;environ 37m.<\/div>\n<div>&nbsp;<\/div>\n<div>La cascade de la Fuma\u00e7a, avec un parcours de 48 km entre les villes de Len\u00e7\u00f3is et de Palmeiras, est l&rsquo;un des circuits les plus difficiles. Il s&rsquo;agit de quatre jours et de trois nuits, avec le droit au trekking dans la Vall\u00e9e du Cap\u00e3o et \u00e0 la tyrolienne &#8211; descente par c\u00e2ble d&rsquo;acier d&rsquo;une hauteur de 60 m-, pour, ensuite, sauter dans le puits de la cascade.<\/div>\n<div>&nbsp;<\/div>\n<div><strong>Cascading<\/strong><\/div>\n<div>Le touriste qui se rend \u00e0 la Chapada Diamantina \u00e0 la recherche de fortes \u00e9motions repartira s\u00fbrement satisfait. Des sports radicaux tels que le cascading et le caving sont pratiqu\u00e9s dans la grande majorit\u00e9 des cascades et des cavernes, avec divers degr\u00e9s de difficult\u00e9 Le cascading dans la cascade de la Fuma\u00e7a, \u00e0 Palmeiras &#8211; avec 340 m de chute d&rsquo;eau et 420 m de hauteur entre le puits et le sommet &#8211; est l&rsquo;un des plus grands d\u00e9fis. Pour \u00eatre consid\u00e9r\u00e9 comme \u00e9tant l&rsquo;un de ceux qui pr\u00e9sente le plus grand risque, il est recommand\u00e9 seulement que pour des sportifs de grande exp\u00e9rience.<\/div>\n<div>&nbsp;<\/div>\n<div><strong>Rappel<\/strong><\/div>\n<div>Le rappel dans la Grotte du Lap\u00e3o est l&rsquo;attraction parfaite pour celui qui n&rsquo;a jamais pratiqu\u00e9 ce sport, mais qui a envie d&rsquo;apprendre. La grotte se trouve \u00e0 4 km de Len\u00e7\u00f3is, et le rappel est pratiqu\u00e9 \u00e0 l&rsquo;entr\u00e9e de la caverne, avec 50 m de hauteur et une travers\u00e9e de 1.200 m d&rsquo;extension. Il y a aussi, pour ceux qui ont plus d&rsquo;exp\u00e9rience, l&rsquo;option de la Colline du Camelo, l&rsquo;un des symboles de la Chapada, avec 1.050 m d&rsquo;altitude. Il est possible de faire 240 m de rappel et plus 200 m de pr\u00e9cipice.<\/div>\n<div>&nbsp;<\/div>\n<div><strong>Sp\u00e9l\u00e9o-tourisme &ndash; Grottes<\/strong><\/div>\n<div><a href=\"..\/tour_operateur\" target=\"_blank\"><img loading=\"lazy\" decoding=\"async\" class=\" size-full wp-image-41\" alt=\"\" class=\"touroperateur\" src=\"http:\/\/abc-latina.com\/wp-content\/uploads\/2010\/04\/timbre_to.gif\" width=\"125\" height=\"90\" \/><\/a>Po\u00e7o Encantado (Puits Enchant\u00e9)<\/div>\n<div>Il abrite un lac de 61m de profondeur, aux eaux \u00e0 la couleur bleu marine. La meilleure \u00e9poque pour le visiter est entre le mois d&rsquo;avril et le mois de septembre, quand la grotte re\u00e7oit plus de rayons solaires, entre 10h30 et 12h30. Pour observer le puits &ndash; o\u00f9 les bains sont interdits &ndash;, il est n\u00e9cessaire de p\u00e9n\u00e9trer 80 m dans la caverne par une descente inclin\u00e9e.<\/div>\n<div>Torrinha<\/div>\n<div>Cette caverne a des formations rares en grandes quantit\u00e9s, telles que les stalactites au cristal transparent et les fleurs en aragonite. \u00c0 certains moments, il est n\u00e9cessaire de s&rsquo;accroupir pour marcher. Il existe trois options de circuits pour visiter la Grotte de la Torrinha, avec diff\u00e9rents prix et dur\u00e9es.<\/div>\n<div>&nbsp;<\/div>\n<div>Lapa Doce<\/div>\n<div>Une grotte avec 850 m de souterrains parsem\u00e9e de stalactites et de stalagmites.<\/div>\n<div>&nbsp;<\/div>\n<div>Da Pratinha<\/div>\n<div>Au cours de cette randonn\u00e9e, il est possible de conna\u00eetre le lac externe et un tron\u00e7on de la rivi\u00e8re qui passe par la grotte &#8211; en utilisant un masque et un gilet de sauvetage.<\/div>\n<div>&nbsp;<\/div>\n<div>Azul<\/div>\n<div>Une paroi inclin\u00e9e avec un lac dans son fond &ndash; ou doline -, que le soleil illumine entre 14h30 et 15h30. Cette visite peut \u00eatre faite avec celle de la grotte de la Pratinha, car elles sont voisines.<\/div>\n<div>&nbsp;<\/div>\n<div>Po\u00e7o Azul<\/div>\n<div>Lac souterrain de couleur bleut\u00e9e. Le meilleur horaire pour le visiter est entre 13h30 et 14h30, et l&rsquo;acc\u00e8s \u00e0 la grotte est d&rsquo;un niveau facile.<\/div>\n<div>&nbsp;<\/div>\n<div>Do Lap\u00e3o<\/div>\n<div>C&rsquo;est une grotte form\u00e9e de quartzites, avec une entr\u00e9e de 50 m de diam\u00e8tre. Il s&rsquo;agit de 3h de randonn\u00e9e difficile &ndash; sur 5 km &#8211; \u00e0 partir de Len\u00e7\u00f3is.<\/div>\n<div>Source: Minist\u00e9rio do turismo<\/div>\n<div>&nbsp;<\/div>\n<h3>Pr\u00e9parez votre voyage \u00e0 Chapada Diamantina:<\/h3>\n<div><a href=\"https:\/\/www.abc-latina.com\/bresil\/agence_de_voyages\">Agences de voyage g\u00e9n\u00e9ralistes et discounteurs<\/a><\/div>\n<div><a href=\"https:\/\/www.abc-latina.com\/bresil\/tour_operateur\">Tours Op\u00e9rateurs sp\u00e9cialistes du Br\u00e9sil<\/a><\/div>\n<div><a href=\"https:\/\/www.abc-latina.com\/to\/reservation_billet_avion\" target=\"_blank\">R\u00e9servez votre billet d&rsquo;avion<\/a><\/div>\n<div><a href=\"https:\/\/www.abc-latina.com\/bresil\/hotels\">R\u00e9servez votre h\u00f4tel<\/a>&nbsp;<\/div>\n<div><a href=\"https:\/\/www.abc-latina.com\/to\/location_de_voiture_bresil\" target=\"_blank\">Location de voiture<\/a><\/div>\n<p>&nbsp;<\/p>\n<\/div>\n","protected":false},"excerpt":{"rendered":"<p>Situ\u00e9e dans le c\u0153ur de l&rsquo;Etat de Bahia, la Chapada Diamantina est travers\u00e9e par des montagnes, de grands plateaux, des [&hellip;]<\/p>\n","protected":false},"author":3,"featured_media":2163,"parent":0,"menu_order":0,"comment_status":"closed","ping_status":"closed","template":"","meta":{"site-sidebar-layout":"default","site-content-layout":"","ast-site-content-layout":"default","site-content-style":"default","site-sidebar-style":"default","ast-global-header-display":"","ast-banner-title-visibility":"","ast-main-header-display":"","ast-hfb-above-header-display":"","ast-hfb-below-header-display":"","ast-hfb-mobile-header-display":"","site-post-title":"","ast-breadcrumbs-content":"","ast-featured-img":"","footer-sml-layout":"","ast-disable-related-posts":"","theme-transparent-header-meta":"","adv-header-id-meta":"","stick-header-meta":"","header-above-stick-meta":"","header-main-stick-meta":"","header-below-stick-meta":"","astra-migrate-meta-layouts":"default","ast-page-background-enabled":"default","ast-page-background-meta":{"desktop":{"background-color":"var(--ast-global-color-5)","background-image":"","background-repeat":"repeat","background-position":"center center","background-size":"auto","background-attachment":"scroll","background-type":"","background-media":"","overlay-type":"","overlay-color":"","overlay-opacity":"","overlay-gradient":""},"tablet":{"background-color":"","background-image":"","background-repeat":"repeat","background-position":"center center","background-size":"auto","background-attachment":"scroll","background-type":"","background-media":"","overlay-type":"","overlay-color":"","overlay-opacity":"","overlay-gradient":""},"mobile":{"background-color":"","background-image":"","background-repeat":"repeat","background-position":"center center","background-size":"auto","background-attachment":"scroll","background-type":"","background-media":"","overlay-type":"","overlay-color":"","overlay-opacity":"","overlay-gradient":""}},"ast-content-background-meta":{"desktop":{"background-color":"var(--ast-global-color-4)","background-image":"","background-repeat":"repeat","background-position":"center center","background-size":"auto","background-attachment":"scroll","background-type":"","background-media":"","overlay-type":"","overlay-color":"","overlay-opacity":"","overlay-gradient":""},"tablet":{"background-color":"var(--ast-global-color-4)","background-image":"","background-repeat":"repeat","background-position":"center center","background-size":"auto","background-attachment":"scroll","background-type":"","background-media":"","overlay-type":"","overlay-color":"","overlay-opacity":"","overlay-gradient":""},"mobile":{"background-color":"var(--ast-global-color-4)","background-image":"","background-repeat":"repeat","background-position":"center center","background-size":"auto","background-attachment":"scroll","background-type":"","background-media":"","overlay-type":"","overlay-color":"","overlay-opacity":"","overlay-gradient":""}},"footnotes":""},"class_list":["post-2164","page","type-page","status-publish","has-post-thumbnail","hentry"],"yoast_head":"<!-- This site is optimized with the Yoast SEO plugin v27.5 - https:\/\/yoast.com\/product\/yoast-seo-wordpress\/ -->\n<title>CHAPADA DIAMANTINA - Abc-latina<\/title>\n<meta name=\"description\" content=\"Chapada diamantina, Bresil.\" \/>\n<meta name=\"robots\" content=\"index, follow, max-snippet:-1, max-image-preview:large, max-video-preview:-1\" \/>\n<link rel=\"canonical\" href=\"https:\/\/abc-latina.com\/chapada_diamantina\/\" \/>\n<meta property=\"og:locale\" content=\"fr_FR\" \/>\n<meta property=\"og:type\" content=\"article\" \/>\n<meta property=\"og:title\" content=\"CHAPADA DIAMANTINA - Abc-latina\" \/>\n<meta property=\"og:description\" content=\"Chapada diamantina, Bresil.\" \/>\n<meta property=\"og:url\" content=\"https:\/\/abc-latina.com\/chapada_diamantina\/\" \/>\n<meta property=\"og:site_name\" content=\"Abc-latina\" \/>\n<meta property=\"article:modified_time\" content=\"2018-06-10T09:44:15+00:00\" \/>\n<meta property=\"og:image\" content=\"https:\/\/abc-latina.com\/wp-content\/uploads\/2010\/08\/chapada-diamantina.jpg\" \/>\n\t<meta property=\"og:image:width\" content=\"220\" \/>\n\t<meta property=\"og:image:height\" content=\"220\" \/>\n\t<meta property=\"og:image:type\" content=\"image\/jpeg\" \/>\n<meta name=\"twitter:card\" content=\"summary_large_image\" \/>\n<meta name=\"twitter:label1\" content=\"Dur\u00e9e de lecture estim\u00e9e\" \/>\n\t<meta name=\"twitter:data1\" content=\"6 minutes\" \/>\n<script type=\"application\/ld+json\" class=\"yoast-schema-graph\">{\"@context\":\"https:\\\/\\\/schema.org\",\"@graph\":[{\"@type\":\"WebPage\",\"@id\":\"https:\\\/\\\/abc-latina.com\\\/chapada_diamantina\\\/\",\"url\":\"https:\\\/\\\/abc-latina.com\\\/chapada_diamantina\\\/\",\"name\":\"CHAPADA DIAMANTINA - Abc-latina\",\"isPartOf\":{\"@id\":\"https:\\\/\\\/abc-latina.com\\\/#website\"},\"primaryImageOfPage\":{\"@id\":\"https:\\\/\\\/abc-latina.com\\\/chapada_diamantina\\\/#primaryimage\"},\"image\":{\"@id\":\"https:\\\/\\\/abc-latina.com\\\/chapada_diamantina\\\/#primaryimage\"},\"thumbnailUrl\":\"https:\\\/\\\/abc-latina.com\\\/wp-content\\\/uploads\\\/2010\\\/08\\\/chapada-diamantina.jpg\",\"datePublished\":\"2010-08-09T00:02:24+00:00\",\"dateModified\":\"2018-06-10T09:44:15+00:00\",\"description\":\"Chapada diamantina, Bresil.\",\"breadcrumb\":{\"@id\":\"https:\\\/\\\/abc-latina.com\\\/chapada_diamantina\\\/#breadcrumb\"},\"inLanguage\":\"fr-FR\",\"potentialAction\":[{\"@type\":\"ReadAction\",\"target\":[\"https:\\\/\\\/abc-latina.com\\\/chapada_diamantina\\\/\"]}]},{\"@type\":\"ImageObject\",\"inLanguage\":\"fr-FR\",\"@id\":\"https:\\\/\\\/abc-latina.com\\\/chapada_diamantina\\\/#primaryimage\",\"url\":\"https:\\\/\\\/abc-latina.com\\\/wp-content\\\/uploads\\\/2010\\\/08\\\/chapada-diamantina.jpg\",\"contentUrl\":\"https:\\\/\\\/abc-latina.com\\\/wp-content\\\/uploads\\\/2010\\\/08\\\/chapada-diamantina.jpg\",\"width\":220,\"height\":220},{\"@type\":\"BreadcrumbList\",\"@id\":\"https:\\\/\\\/abc-latina.com\\\/chapada_diamantina\\\/#breadcrumb\",\"itemListElement\":[{\"@type\":\"ListItem\",\"position\":1,\"name\":\"Accueil\",\"item\":\"https:\\\/\\\/abc-latina.com\\\/\"},{\"@type\":\"ListItem\",\"position\":2,\"name\":\"CHAPADA DIAMANTINA\"}]},{\"@type\":\"WebSite\",\"@id\":\"https:\\\/\\\/abc-latina.com\\\/#website\",\"url\":\"https:\\\/\\\/abc-latina.com\\\/\",\"name\":\"Abc-latina\",\"description\":\"\",\"publisher\":{\"@id\":\"https:\\\/\\\/abc-latina.com\\\/#organization\"},\"potentialAction\":[{\"@type\":\"SearchAction\",\"target\":{\"@type\":\"EntryPoint\",\"urlTemplate\":\"https:\\\/\\\/abc-latina.com\\\/?s={search_term_string}\"},\"query-input\":{\"@type\":\"PropertyValueSpecification\",\"valueRequired\":true,\"valueName\":\"search_term_string\"}}],\"inLanguage\":\"fr-FR\"},{\"@type\":\"Organization\",\"@id\":\"https:\\\/\\\/abc-latina.com\\\/#organization\",\"name\":\"Abc-latina\",\"url\":\"https:\\\/\\\/abc-latina.com\\\/\",\"logo\":{\"@type\":\"ImageObject\",\"inLanguage\":\"fr-FR\",\"@id\":\"https:\\\/\\\/abc-latina.com\\\/#\\\/schema\\\/logo\\\/image\\\/\",\"url\":\"https:\\\/\\\/abc-latina.com\\\/wp-content\\\/uploads\\\/2026\\\/05\\\/cropped-logo.gif\",\"contentUrl\":\"https:\\\/\\\/abc-latina.com\\\/wp-content\\\/uploads\\\/2026\\\/05\\\/cropped-logo.gif\",\"width\":89,\"height\":84,\"caption\":\"Abc-latina\"},\"image\":{\"@id\":\"https:\\\/\\\/abc-latina.com\\\/#\\\/schema\\\/logo\\\/image\\\/\"}}]}<\/script>\n<!-- \/ Yoast SEO plugin. -->","yoast_head_json":{"title":"CHAPADA DIAMANTINA - Abc-latina","description":"Chapada diamantina, Bresil.","robots":{"index":"index","follow":"follow","max-snippet":"max-snippet:-1","max-image-preview":"max-image-preview:large","max-video-preview":"max-video-preview:-1"},"canonical":"https:\/\/abc-latina.com\/chapada_diamantina\/","og_locale":"fr_FR","og_type":"article","og_title":"CHAPADA DIAMANTINA - Abc-latina","og_description":"Chapada diamantina, Bresil.","og_url":"https:\/\/abc-latina.com\/chapada_diamantina\/","og_site_name":"Abc-latina","article_modified_time":"2018-06-10T09:44:15+00:00","og_image":[{"width":220,"height":220,"url":"https:\/\/abc-latina.com\/wp-content\/uploads\/2010\/08\/chapada-diamantina.jpg","type":"image\/jpeg"}],"twitter_card":"summary_large_image","twitter_misc":{"Dur\u00e9e de lecture estim\u00e9e":"6 minutes"},"schema":{"@context":"https:\/\/schema.org","@graph":[{"@type":"WebPage","@id":"https:\/\/abc-latina.com\/chapada_diamantina\/","url":"https:\/\/abc-latina.com\/chapada_diamantina\/","name":"CHAPADA DIAMANTINA - Abc-latina","isPartOf":{"@id":"https:\/\/abc-latina.com\/#website"},"primaryImageOfPage":{"@id":"https:\/\/abc-latina.com\/chapada_diamantina\/#primaryimage"},"image":{"@id":"https:\/\/abc-latina.com\/chapada_diamantina\/#primaryimage"},"thumbnailUrl":"https:\/\/abc-latina.com\/wp-content\/uploads\/2010\/08\/chapada-diamantina.jpg","datePublished":"2010-08-09T00:02:24+00:00","dateModified":"2018-06-10T09:44:15+00:00","description":"Chapada diamantina, Bresil.","breadcrumb":{"@id":"https:\/\/abc-latina.com\/chapada_diamantina\/#breadcrumb"},"inLanguage":"fr-FR","potentialAction":[{"@type":"ReadAction","target":["https:\/\/abc-latina.com\/chapada_diamantina\/"]}]},{"@type":"ImageObject","inLanguage":"fr-FR","@id":"https:\/\/abc-latina.com\/chapada_diamantina\/#primaryimage","url":"https:\/\/abc-latina.com\/wp-content\/uploads\/2010\/08\/chapada-diamantina.jpg","contentUrl":"https:\/\/abc-latina.com\/wp-content\/uploads\/2010\/08\/chapada-diamantina.jpg","width":220,"height":220},{"@type":"BreadcrumbList","@id":"https:\/\/abc-latina.com\/chapada_diamantina\/#breadcrumb","itemListElement":[{"@type":"ListItem","position":1,"name":"Accueil","item":"https:\/\/abc-latina.com\/"},{"@type":"ListItem","position":2,"name":"CHAPADA DIAMANTINA"}]},{"@type":"WebSite","@id":"https:\/\/abc-latina.com\/#website","url":"https:\/\/abc-latina.com\/","name":"Abc-latina","description":"","publisher":{"@id":"https:\/\/abc-latina.com\/#organization"},"potentialAction":[{"@type":"SearchAction","target":{"@type":"EntryPoint","urlTemplate":"https:\/\/abc-latina.com\/?s={search_term_string}"},"query-input":{"@type":"PropertyValueSpecification","valueRequired":true,"valueName":"search_term_string"}}],"inLanguage":"fr-FR"},{"@type":"Organization","@id":"https:\/\/abc-latina.com\/#organization","name":"Abc-latina","url":"https:\/\/abc-latina.com\/","logo":{"@type":"ImageObject","inLanguage":"fr-FR","@id":"https:\/\/abc-latina.com\/#\/schema\/logo\/image\/","url":"https:\/\/abc-latina.com\/wp-content\/uploads\/2026\/05\/cropped-logo.gif","contentUrl":"https:\/\/abc-latina.com\/wp-content\/uploads\/2026\/05\/cropped-logo.gif","width":89,"height":84,"caption":"Abc-latina"},"image":{"@id":"https:\/\/abc-latina.com\/#\/schema\/logo\/image\/"}}]}},"_links":{"self":[{"href":"https:\/\/abc-latina.com\/wp-json\/wp\/v2\/pages\/2164","targetHints":{"allow":["GET"]}}],"collection":[{"href":"https:\/\/abc-latina.com\/wp-json\/wp\/v2\/pages"}],"about":[{"href":"https:\/\/abc-latina.com\/wp-json\/wp\/v2\/types\/page"}],"author":[{"embeddable":true,"href":"https:\/\/abc-latina.com\/wp-json\/wp\/v2\/users\/3"}],"replies":[{"embeddable":true,"href":"https:\/\/abc-latina.com\/wp-json\/wp\/v2\/comments?post=2164"}],"version-history":[{"count":0,"href":"https:\/\/abc-latina.com\/wp-json\/wp\/v2\/pages\/2164\/revisions"}],"wp:featuredmedia":[{"embeddable":true,"href":"https:\/\/abc-latina.com\/wp-json\/wp\/v2\/media\/2163"}],"wp:attachment":[{"href":"https:\/\/abc-latina.com\/wp-json\/wp\/v2\/media?parent=2164"}],"curies":[{"name":"wp","href":"https:\/\/api.w.org\/{rel}","templated":true}]}}