{"id":2166,"date":"2010-08-09T02:16:32","date_gmt":"2010-08-09T00:16:32","guid":{"rendered":"http:\/\/abc-latina.com\/chapada_dos_guimaraes-htm\/"},"modified":"2018-06-10T11:43:18","modified_gmt":"2018-06-10T09:43:18","slug":"chapada_dos_guimaraes","status":"publish","type":"page","link":"https:\/\/abc-latina.com\/chapada_dos_guimaraes\/","title":{"rendered":"CHAPADA DOS GUIMARAES"},"content":{"rendered":"<div><img loading=\"lazy\" decoding=\"async\" class=\" alignright size-full wp-image-2165\" src=\"http:\/\/abc-latina.com\/wp-content\/uploads\/2010\/08\/chapada-dos-guimaraes.jpg\" alt=\"\" width=\"220\" vspace=\"9\" hspace=\"15\" height=\"220\" align=\"right\" srcset=\"https:\/\/abc-latina.com\/wp-content\/uploads\/2010\/08\/chapada-dos-guimaraes.jpg 220w, https:\/\/abc-latina.com\/wp-content\/uploads\/2010\/08\/chapada-dos-guimaraes-150x150.jpg 150w\" sizes=\"auto, (max-width: 220px) 100vw, 220px\" \/>L&rsquo;une des principales attractions de la savane br\u00e9silienne, le <span class=\"tourisme-chapitre\">Parc National de la Chapada dos Guimar\u00e3es<\/span> a \u00e9t\u00e9 cr\u00e9\u00e9 en 1989 ayant pour but de prot\u00e9ger les \u00e9normes formations rocheuses gr\u00e9seuses, les miradors qui offrent une ample vue de la plaine mar\u00e9cageuse et les diverses chutes d&rsquo;eau, gr\u00e2ce \u00e0 la riche hydrographie et aux changements impr\u00e9vus d&rsquo;altitudes. La cascade de V\u00e9u de Noiva, \u00e0 proximit\u00e9 du Centre de Visiteurs, est la carte postale de la Chapada dos Guimar\u00e3es. Le lieu abrite aussi, dans ses 33 mille hectares, plus de 50 sites arch\u00e9ologiques avec des peintures rupestres et fossiles d&rsquo;animaux pr\u00e9-historiques.<\/div>\n<div>&nbsp;<\/div>\n<div>C&rsquo;est un patrimoine naturel br\u00e9silien. Se situe dans la commune de Chapada dos Guimar\u00e3es, dans l&rsquo;\u00c9tat de Mato Grosso, et repr\u00e9sente l&rsquo;une des nombreuses aires de pr\u00e9servation nationale. Pendant les promenades \u00e0 la for\u00eat, il est possible de d\u00e9couvrir des paysages intacts.&nbsp;<\/div>\n<div>Les arbres tordus se r\u00e9v\u00e8lent uniques; fleurs de toutes les couleurs et fruits exotiques exhibent une savane g\u00e9n\u00e9reuse, tr\u00e8s belle.<\/div>\n<p><a href=\"..\/tour_operateur\" target=\"_blank\" style=\"text-decoration: none;\"><img loading=\"lazy\" decoding=\"async\" class=\" size-full wp-image-41\" alt=\"\" class=\"touroperateur\" src=\"http:\/\/abc-latina.com\/wp-content\/uploads\/2010\/04\/timbre_to.gif\" width=\"125\" height=\"90\" \/><\/a><\/p>\n<div>Le Parc est ouvert au public de 8h \u00e0 17h et peut \u00eatre visit\u00e9 pendant toute l&rsquo;ann\u00e9e. Pourtant, la meilleure \u00e9poque pour conna\u00eetre le lieu est de mai \u00e0 juillet, quand la r\u00e9gion est fleurie et les cascades sont bien remplies. Dans la p\u00e9riode de pluies, entre d\u00e9cembre et avril, les chemins deviennent dangereux et quelques attractions ont&nbsp;<\/div>\n<div>l&rsquo;acc\u00e8s interdit.<\/div>\n<div>&nbsp;<\/div>\n<div>Source: Minist\u00e9rio do turismo<\/div>\n<div>&nbsp;<\/div>\n<h3>Pr\u00e9parez votre voyage \u00e0 Chapada dos Guimaraes:<\/h3>\n<div><a href=\"https:\/\/www.abc-latina.com\/bresil\/agence_de_voyages\">Agences de voyage g\u00e9n\u00e9ralistes et discounteurs<\/a><\/div>\n<div><a href=\"https:\/\/www.abc-latina.com\/bresil\/tour_operateur\">Tours Op\u00e9rateurs sp\u00e9cialistes du Br\u00e9sil<\/a><\/div>\n<div><a href=\"https:\/\/www.abc-latina.com\/to\/reservation_billet_avion\" target=\"_blank\">R\u00e9servez votre billet d&rsquo;avion<\/a><\/div>\n<div><a href=\"http:\/\/www.booking.com\/city\/br\/chapada-dos-guimaraesl?aid=364340\" target=\"_blank\">R\u00e9servez votre h\u00f4tel \u00e0 la Chapada dos Guimaraes<\/a>&nbsp;<\/div>\n<div><a href=\"https:\/\/www.abc-latina.com\/to\/location_de_voiture_bresil\" target=\"_blank\">Location de voiture<\/a><\/div>\n<div>&nbsp;<\/div>\n<div>&nbsp;<\/div>\n<div id=\"cont_85f716e9a3a8139e7bf38697c920b948\"><span id=\"h_85f716e9a3a8139e7bf38697c920b948\"><a id=\"a_85f716e9a3a8139e7bf38697c920b948\" href=\"http:\/\/www.tameteo.com\/\" target=\"_blank\" style=\"color:#808080;font-family:2;font-size:14px;\">Meteo<\/a> Chapada Dos Guimaraes<\/span><script type=\"text\/javascript\" src=\"http:\/\/www.tameteo.com\/wid_loader\/85f716e9a3a8139e7bf38697c920b948\"><\/script><\/div>\n<p>&nbsp;<\/p>\n","protected":false},"excerpt":{"rendered":"<p>L&rsquo;une des principales attractions de la savane br\u00e9silienne, le Parc National de la Chapada dos Guimar\u00e3es a \u00e9t\u00e9 cr\u00e9\u00e9 en [&hellip;]<\/p>\n","protected":false},"author":3,"featured_media":2165,"parent":0,"menu_order":0,"comment_status":"closed","ping_status":"closed","template":"","meta":{"site-sidebar-layout":"default","site-content-layout":"","ast-site-content-layout":"default","site-content-style":"default","site-sidebar-style":"default","ast-global-header-display":"","ast-banner-title-visibility":"","ast-main-header-display":"","ast-hfb-above-header-display":"","ast-hfb-below-header-display":"","ast-hfb-mobile-header-display":"","site-post-title":"","ast-breadcrumbs-content":"","ast-featured-img":"","footer-sml-layout":"","ast-disable-related-posts":"","theme-transparent-header-meta":"","adv-header-id-meta":"","stick-header-meta":"","header-above-stick-meta":"","header-main-stick-meta":"","header-below-stick-meta":"","astra-migrate-meta-layouts":"default","ast-page-background-enabled":"default","ast-page-background-meta":{"desktop":{"background-color":"var(--ast-global-color-5)","background-image":"","background-repeat":"repeat","background-position":"center center","background-size":"auto","background-attachment":"scroll","background-type":"","background-media":"","overlay-type":"","overlay-color":"","overlay-opacity":"","overlay-gradient":""},"tablet":{"background-color":"","background-image":"","background-repeat":"repeat","background-position":"center center","background-size":"auto","background-attachment":"scroll","background-type":"","background-media":"","overlay-type":"","overlay-color":"","overlay-opacity":"","overlay-gradient":""},"mobile":{"background-color":"","background-image":"","background-repeat":"repeat","background-position":"center center","background-size":"auto","background-attachment":"scroll","background-type":"","background-media":"","overlay-type":"","overlay-color":"","overlay-opacity":"","overlay-gradient":""}},"ast-content-background-meta":{"desktop":{"background-color":"var(--ast-global-color-4)","background-image":"","background-repeat":"repeat","background-position":"center center","background-size":"auto","background-attachment":"scroll","background-type":"","background-media":"","overlay-type":"","overlay-color":"","overlay-opacity":"","overlay-gradient":""},"tablet":{"background-color":"var(--ast-global-color-4)","background-image":"","background-repeat":"repeat","background-position":"center center","background-size":"auto","background-attachment":"scroll","background-type":"","background-media":"","overlay-type":"","overlay-color":"","overlay-opacity":"","overlay-gradient":""},"mobile":{"background-color":"var(--ast-global-color-4)","background-image":"","background-repeat":"repeat","background-position":"center center","background-size":"auto","background-attachment":"scroll","background-type":"","background-media":"","overlay-type":"","overlay-color":"","overlay-opacity":"","overlay-gradient":""}},"footnotes":""},"class_list":["post-2166","page","type-page","status-publish","has-post-thumbnail","hentry"],"yoast_head":"<!-- This site is optimized with the Yoast SEO plugin v27.5 - https:\/\/yoast.com\/product\/yoast-seo-wordpress\/ -->\n<title>CHAPADA DOS GUIMARAES - Abc-latina<\/title>\n<meta name=\"description\" content=\"Chapada dos guimaraes - Bresil.\" \/>\n<meta name=\"robots\" content=\"index, follow, max-snippet:-1, max-image-preview:large, max-video-preview:-1\" \/>\n<link rel=\"canonical\" href=\"https:\/\/abc-latina.com\/chapada_dos_guimaraes\/\" \/>\n<meta property=\"og:locale\" content=\"fr_FR\" \/>\n<meta property=\"og:type\" content=\"article\" \/>\n<meta property=\"og:title\" content=\"CHAPADA DOS GUIMARAES - Abc-latina\" \/>\n<meta property=\"og:description\" content=\"Chapada dos guimaraes - Bresil.\" \/>\n<meta property=\"og:url\" content=\"https:\/\/abc-latina.com\/chapada_dos_guimaraes\/\" \/>\n<meta property=\"og:site_name\" content=\"Abc-latina\" \/>\n<meta property=\"article:modified_time\" content=\"2018-06-10T09:43:18+00:00\" \/>\n<meta property=\"og:image\" content=\"https:\/\/abc-latina.com\/wp-content\/uploads\/2010\/08\/chapada-dos-guimaraes.jpg\" \/>\n\t<meta property=\"og:image:width\" content=\"220\" \/>\n\t<meta property=\"og:image:height\" content=\"220\" \/>\n\t<meta property=\"og:image:type\" content=\"image\/jpeg\" \/>\n<meta name=\"twitter:card\" content=\"summary_large_image\" \/>\n<meta name=\"twitter:label1\" content=\"Dur\u00e9e de lecture estim\u00e9e\" \/>\n\t<meta name=\"twitter:data1\" content=\"2 minutes\" \/>\n<script type=\"application\/ld+json\" class=\"yoast-schema-graph\">{\"@context\":\"https:\\\/\\\/schema.org\",\"@graph\":[{\"@type\":\"WebPage\",\"@id\":\"https:\\\/\\\/abc-latina.com\\\/chapada_dos_guimaraes\\\/\",\"url\":\"https:\\\/\\\/abc-latina.com\\\/chapada_dos_guimaraes\\\/\",\"name\":\"CHAPADA DOS GUIMARAES - Abc-latina\",\"isPartOf\":{\"@id\":\"https:\\\/\\\/abc-latina.com\\\/#website\"},\"primaryImageOfPage\":{\"@id\":\"https:\\\/\\\/abc-latina.com\\\/chapada_dos_guimaraes\\\/#primaryimage\"},\"image\":{\"@id\":\"https:\\\/\\\/abc-latina.com\\\/chapada_dos_guimaraes\\\/#primaryimage\"},\"thumbnailUrl\":\"https:\\\/\\\/abc-latina.com\\\/wp-content\\\/uploads\\\/2010\\\/08\\\/chapada-dos-guimaraes.jpg\",\"datePublished\":\"2010-08-09T00:16:32+00:00\",\"dateModified\":\"2018-06-10T09:43:18+00:00\",\"description\":\"Chapada dos guimaraes - Bresil.\",\"breadcrumb\":{\"@id\":\"https:\\\/\\\/abc-latina.com\\\/chapada_dos_guimaraes\\\/#breadcrumb\"},\"inLanguage\":\"fr-FR\",\"potentialAction\":[{\"@type\":\"ReadAction\",\"target\":[\"https:\\\/\\\/abc-latina.com\\\/chapada_dos_guimaraes\\\/\"]}]},{\"@type\":\"ImageObject\",\"inLanguage\":\"fr-FR\",\"@id\":\"https:\\\/\\\/abc-latina.com\\\/chapada_dos_guimaraes\\\/#primaryimage\",\"url\":\"https:\\\/\\\/abc-latina.com\\\/wp-content\\\/uploads\\\/2010\\\/08\\\/chapada-dos-guimaraes.jpg\",\"contentUrl\":\"https:\\\/\\\/abc-latina.com\\\/wp-content\\\/uploads\\\/2010\\\/08\\\/chapada-dos-guimaraes.jpg\",\"width\":220,\"height\":220},{\"@type\":\"BreadcrumbList\",\"@id\":\"https:\\\/\\\/abc-latina.com\\\/chapada_dos_guimaraes\\\/#breadcrumb\",\"itemListElement\":[{\"@type\":\"ListItem\",\"position\":1,\"name\":\"Accueil\",\"item\":\"https:\\\/\\\/abc-latina.com\\\/\"},{\"@type\":\"ListItem\",\"position\":2,\"name\":\"CHAPADA DOS GUIMARAES\"}]},{\"@type\":\"WebSite\",\"@id\":\"https:\\\/\\\/abc-latina.com\\\/#website\",\"url\":\"https:\\\/\\\/abc-latina.com\\\/\",\"name\":\"Abc-latina\",\"description\":\"\",\"publisher\":{\"@id\":\"https:\\\/\\\/abc-latina.com\\\/#organization\"},\"potentialAction\":[{\"@type\":\"SearchAction\",\"target\":{\"@type\":\"EntryPoint\",\"urlTemplate\":\"https:\\\/\\\/abc-latina.com\\\/?s={search_term_string}\"},\"query-input\":{\"@type\":\"PropertyValueSpecification\",\"valueRequired\":true,\"valueName\":\"search_term_string\"}}],\"inLanguage\":\"fr-FR\"},{\"@type\":\"Organization\",\"@id\":\"https:\\\/\\\/abc-latina.com\\\/#organization\",\"name\":\"Abc-latina\",\"url\":\"https:\\\/\\\/abc-latina.com\\\/\",\"logo\":{\"@type\":\"ImageObject\",\"inLanguage\":\"fr-FR\",\"@id\":\"https:\\\/\\\/abc-latina.com\\\/#\\\/schema\\\/logo\\\/image\\\/\",\"url\":\"https:\\\/\\\/abc-latina.com\\\/wp-content\\\/uploads\\\/2026\\\/05\\\/cropped-logo.gif\",\"contentUrl\":\"https:\\\/\\\/abc-latina.com\\\/wp-content\\\/uploads\\\/2026\\\/05\\\/cropped-logo.gif\",\"width\":89,\"height\":84,\"caption\":\"Abc-latina\"},\"image\":{\"@id\":\"https:\\\/\\\/abc-latina.com\\\/#\\\/schema\\\/logo\\\/image\\\/\"}}]}<\/script>\n<!-- \/ Yoast SEO plugin. -->","yoast_head_json":{"title":"CHAPADA DOS GUIMARAES - Abc-latina","description":"Chapada dos guimaraes - Bresil.","robots":{"index":"index","follow":"follow","max-snippet":"max-snippet:-1","max-image-preview":"max-image-preview:large","max-video-preview":"max-video-preview:-1"},"canonical":"https:\/\/abc-latina.com\/chapada_dos_guimaraes\/","og_locale":"fr_FR","og_type":"article","og_title":"CHAPADA DOS GUIMARAES - Abc-latina","og_description":"Chapada dos guimaraes - Bresil.","og_url":"https:\/\/abc-latina.com\/chapada_dos_guimaraes\/","og_site_name":"Abc-latina","article_modified_time":"2018-06-10T09:43:18+00:00","og_image":[{"width":220,"height":220,"url":"https:\/\/abc-latina.com\/wp-content\/uploads\/2010\/08\/chapada-dos-guimaraes.jpg","type":"image\/jpeg"}],"twitter_card":"summary_large_image","twitter_misc":{"Dur\u00e9e de lecture estim\u00e9e":"2 minutes"},"schema":{"@context":"https:\/\/schema.org","@graph":[{"@type":"WebPage","@id":"https:\/\/abc-latina.com\/chapada_dos_guimaraes\/","url":"https:\/\/abc-latina.com\/chapada_dos_guimaraes\/","name":"CHAPADA DOS GUIMARAES - Abc-latina","isPartOf":{"@id":"https:\/\/abc-latina.com\/#website"},"primaryImageOfPage":{"@id":"https:\/\/abc-latina.com\/chapada_dos_guimaraes\/#primaryimage"},"image":{"@id":"https:\/\/abc-latina.com\/chapada_dos_guimaraes\/#primaryimage"},"thumbnailUrl":"https:\/\/abc-latina.com\/wp-content\/uploads\/2010\/08\/chapada-dos-guimaraes.jpg","datePublished":"2010-08-09T00:16:32+00:00","dateModified":"2018-06-10T09:43:18+00:00","description":"Chapada dos guimaraes - Bresil.","breadcrumb":{"@id":"https:\/\/abc-latina.com\/chapada_dos_guimaraes\/#breadcrumb"},"inLanguage":"fr-FR","potentialAction":[{"@type":"ReadAction","target":["https:\/\/abc-latina.com\/chapada_dos_guimaraes\/"]}]},{"@type":"ImageObject","inLanguage":"fr-FR","@id":"https:\/\/abc-latina.com\/chapada_dos_guimaraes\/#primaryimage","url":"https:\/\/abc-latina.com\/wp-content\/uploads\/2010\/08\/chapada-dos-guimaraes.jpg","contentUrl":"https:\/\/abc-latina.com\/wp-content\/uploads\/2010\/08\/chapada-dos-guimaraes.jpg","width":220,"height":220},{"@type":"BreadcrumbList","@id":"https:\/\/abc-latina.com\/chapada_dos_guimaraes\/#breadcrumb","itemListElement":[{"@type":"ListItem","position":1,"name":"Accueil","item":"https:\/\/abc-latina.com\/"},{"@type":"ListItem","position":2,"name":"CHAPADA DOS GUIMARAES"}]},{"@type":"WebSite","@id":"https:\/\/abc-latina.com\/#website","url":"https:\/\/abc-latina.com\/","name":"Abc-latina","description":"","publisher":{"@id":"https:\/\/abc-latina.com\/#organization"},"potentialAction":[{"@type":"SearchAction","target":{"@type":"EntryPoint","urlTemplate":"https:\/\/abc-latina.com\/?s={search_term_string}"},"query-input":{"@type":"PropertyValueSpecification","valueRequired":true,"valueName":"search_term_string"}}],"inLanguage":"fr-FR"},{"@type":"Organization","@id":"https:\/\/abc-latina.com\/#organization","name":"Abc-latina","url":"https:\/\/abc-latina.com\/","logo":{"@type":"ImageObject","inLanguage":"fr-FR","@id":"https:\/\/abc-latina.com\/#\/schema\/logo\/image\/","url":"https:\/\/abc-latina.com\/wp-content\/uploads\/2026\/05\/cropped-logo.gif","contentUrl":"https:\/\/abc-latina.com\/wp-content\/uploads\/2026\/05\/cropped-logo.gif","width":89,"height":84,"caption":"Abc-latina"},"image":{"@id":"https:\/\/abc-latina.com\/#\/schema\/logo\/image\/"}}]}},"_links":{"self":[{"href":"https:\/\/abc-latina.com\/wp-json\/wp\/v2\/pages\/2166","targetHints":{"allow":["GET"]}}],"collection":[{"href":"https:\/\/abc-latina.com\/wp-json\/wp\/v2\/pages"}],"about":[{"href":"https:\/\/abc-latina.com\/wp-json\/wp\/v2\/types\/page"}],"author":[{"embeddable":true,"href":"https:\/\/abc-latina.com\/wp-json\/wp\/v2\/users\/3"}],"replies":[{"embeddable":true,"href":"https:\/\/abc-latina.com\/wp-json\/wp\/v2\/comments?post=2166"}],"version-history":[{"count":0,"href":"https:\/\/abc-latina.com\/wp-json\/wp\/v2\/pages\/2166\/revisions"}],"wp:featuredmedia":[{"embeddable":true,"href":"https:\/\/abc-latina.com\/wp-json\/wp\/v2\/media\/2165"}],"wp:attachment":[{"href":"https:\/\/abc-latina.com\/wp-json\/wp\/v2\/media?parent=2166"}],"curies":[{"name":"wp","href":"https:\/\/api.w.org\/{rel}","templated":true}]}}