{"id":2168,"date":"2010-08-09T02:18:19","date_gmt":"2010-08-09T00:18:19","guid":{"rendered":"http:\/\/abc-latina.com\/chutes_iguacu-htm\/"},"modified":"2018-06-10T11:42:40","modified_gmt":"2018-06-10T09:42:40","slug":"chutes_iguacu","status":"publish","type":"page","link":"https:\/\/abc-latina.com\/chutes_iguacu\/","title":{"rendered":"CHUTES IGUACU"},"content":{"rendered":"<p><span class=\"tourisme-chapitre\"><img loading=\"lazy\" decoding=\"async\" class=\" size-full wp-image-518\" src=\"http:\/\/abc-latina.com\/wp-content\/uploads\/2010\/06\/iguazu_5.jpg\" title=\"Les CHUTES d'IGUACU\" alt=\"\" width=\"480\" height=\"311\" srcset=\"https:\/\/abc-latina.com\/wp-content\/uploads\/2010\/06\/iguazu_5.jpg 550w, https:\/\/abc-latina.com\/wp-content\/uploads\/2010\/06\/iguazu_5-300x194.jpg 300w\" sizes=\"auto, (max-width: 480px) 100vw, 480px\" \/><\/span><\/p>\n<div>\n<div>&nbsp;<\/div>\n<div><span class=\"tourisme-chapitre\">Foz do Igua\u00e7u Foz do Igua\u00e7u<\/span> est situ\u00e9 \u00e0 l&acute;extr\u00e9mit\u00e9 ouest de l&acute;\u00e9tat du Parana, \u00e0 la fronti\u00e8re du Br\u00e9sil avec le <a href=\"https:\/\/www.abc-latina.com\/paraguay\/\" target=\"_blank\">Paraguay<\/a> et l&acute;<a href=\"https:\/\/www.abc-latina.com\/argentine\/\" target=\"_blank\">Argentine<\/a>. Avec les villes argentines de Ciudad Del Est et de Puerto Iguazu, elle fait partie d&acute;un des plus grands poles de tourisme culturel de l&acute;Am\u00e9rique du Sud.<\/div>\n<div>&nbsp;<\/div>\n<div><span class=\"tourisme-chapitre\"><img loading=\"lazy\" decoding=\"async\" class=\" alignright size-full wp-image-2167\" src=\"http:\/\/abc-latina.com\/wp-content\/uploads\/2010\/08\/chutes-iguacu.jpg\" alt=\"\" width=\"220\" vspace=\"9\" hspace=\"15\" height=\"220\" align=\"right\" srcset=\"https:\/\/abc-latina.com\/wp-content\/uploads\/2010\/08\/chutes-iguacu.jpg 220w, https:\/\/abc-latina.com\/wp-content\/uploads\/2010\/08\/chutes-iguacu-150x150.jpg 150w\" sizes=\"auto, (max-width: 220px) 100vw, 220px\" \/><\/span>Le mot Igua\u00e7u signifie &quot;eau grande&quot;, dans la langue tupi-guarani. Un nom qui combine avec la grandeur des cataractes d&acute;Igua\u00e7u, une des merveilles naturelles de la plan\u00e8te, comportant 275 chutes d&acute;une hauteur moyenne de 60m. Tous les ans, des milliers de touristes br\u00e9siliens et \u00e9trangers visitent ce qui est une des principales attractions touristiques du pays. La plus grande attraction est la Garganta do Diabo, qui se trouve du c\u00f4t\u00e9 argentin. Il est possible de faire une promenade en bateau sur les rapides des cataractes dans l&acute;\u00e9motionnant Macuco Saf\u00e1ri.<\/div>\n<div>&nbsp;<\/div>\n<div>Mais Foz do Igua\u00e7u offre d&acute;autres attractions, comme le parc national d&acute;Igua\u00e7u, une des plus belles r\u00e9serves \u00e9cologiques du monde, comptant 225 mille hectares et reconnue par l&acute;UNESCO comme patrimoine naturel de l&acute;humanit\u00e9. Il y a aussi un centre pour visiteurs, un bus \u00e9lectrique et le port des Canoas, un espace avec des magasins de souvenirs et un restaurant panoramique.<\/div>\n<div>&nbsp;<\/div>\n<div>Foz do Igua\u00e7u dispose aussi d&acute;un terrain de golf de niveau international. Il y a aussi l&acute;\u00e9comus\u00e9e, le zoologique du Bosque Guarani et le Marc des Trois Fronti\u00e8res, local o\u00f9 les territoires du Br\u00e9sil, de l&acute;Argentine et du Paraguay se rencontrent.<\/div>\n<div>&nbsp;<\/div>\n<div><a href=\"..\/tour_operateur\" target=\"_blank\"><img loading=\"lazy\" decoding=\"async\" class=\" size-full wp-image-41\" alt=\"\" class=\"touroperateur\" src=\"http:\/\/abc-latina.com\/wp-content\/uploads\/2010\/04\/timbre_to.gif\" width=\"125\" height=\"90\" \/><\/a>Une autre promenade int\u00e9ressante est la visite \u00e0 l&acute;usine Hydro\u00e9lectrique d&acute;Itaipu &ndash; la plus grande du monde dans sa cat\u00e9gorie &ndash; pour conna\u00eetre ses dimensions gigantesques. Il y a aussi le parc des oiseaux o\u00f9 des viviers abritent des centaines d&acute;exemplaires de nombreuses esp\u00e8ces des cinq continents.<\/div>\n<div>&nbsp;<\/div>\n<div>De l&acute;autre c\u00f4t\u00e9 de la rivi\u00e8re,dans la ville paraguayenne de Ciudad del Leste &ndash; qui fait fronti\u00e8re avec foz -, on peut y acheter des articles import\u00e9s sans payer les imp\u00f4ts jusqu&acute;\u00e1 une valeur d\u00e9termin\u00e9e par la douane br\u00e9silienne.<\/div>\n<div>Source: Minist\u00e9rio do turismo<\/div>\n<div>&nbsp;<\/div>\n<h3>Pr\u00e9parez votre voyage au Chutes d&rsquo;Igua\u00e7u :<\/h3>\n<div><a href=\"https:\/\/www.abc-latina.com\/bresil\/agence_de_voyages\">Agences de voyage g\u00e9n\u00e9ralistes et discounteurs<\/a><\/div>\n<div><a href=\"https:\/\/www.abc-latina.com\/bresil\/tour_operateur\">Tours Op\u00e9rateurs sp\u00e9cialistes du Br\u00e9sil<\/a><\/div>\n<div><a href=\"https:\/\/www.abc-latina.com\/to\/reservation_billet_avion\" target=\"_blank\">R\u00e9servez votre billet d&rsquo;avion<\/a><\/div>\n<div><a href=\"http:\/\/www.booking.com\/city\/br\/foz-do-iguacul?aid=364340\" target=\"_blank\">R\u00e9servez votre h\u00f4tel aux chutes d&rsquo;Iguazu<\/a>&nbsp;<\/div>\n<div><a href=\"https:\/\/www.abc-latina.com\/to\/location_de_voiture_bresil\" target=\"_blank\">Location de voiture<\/a><\/div>\n<div>&nbsp;<\/div>\n<div>&nbsp;<\/div>\n<div id=\"cont_e102ae0aa25c567f537cdb6dd38665bf\"><span id=\"h_e102ae0aa25c567f537cdb6dd38665bf\"><a id=\"a_e102ae0aa25c567f537cdb6dd38665bf\" href=\"http:\/\/www.tameteo.com\/\" target=\"_blank\" style=\"color:#808080;font-family:2;font-size:14px;\">Meteo<\/a> Foz do Igua\u00e7u<\/span><script type=\"text\/javascript\" src=\"http:\/\/www.tameteo.com\/wid_loader\/e102ae0aa25c567f537cdb6dd38665bf\"><\/script><\/div>\n<p>&nbsp;<\/p>\n<\/div>\n","protected":false},"excerpt":{"rendered":"<p>&nbsp; Foz do Igua\u00e7u Foz do Igua\u00e7u est situ\u00e9 \u00e0 l&acute;extr\u00e9mit\u00e9 ouest de l&acute;\u00e9tat du Parana, \u00e0 la fronti\u00e8re du [&hellip;]<\/p>\n","protected":false},"author":3,"featured_media":518,"parent":0,"menu_order":0,"comment_status":"closed","ping_status":"closed","template":"","meta":{"site-sidebar-layout":"default","site-content-layout":"","ast-site-content-layout":"default","site-content-style":"default","site-sidebar-style":"default","ast-global-header-display":"","ast-banner-title-visibility":"","ast-main-header-display":"","ast-hfb-above-header-display":"","ast-hfb-below-header-display":"","ast-hfb-mobile-header-display":"","site-post-title":"","ast-breadcrumbs-content":"","ast-featured-img":"","footer-sml-layout":"","ast-disable-related-posts":"","theme-transparent-header-meta":"","adv-header-id-meta":"","stick-header-meta":"","header-above-stick-meta":"","header-main-stick-meta":"","header-below-stick-meta":"","astra-migrate-meta-layouts":"default","ast-page-background-enabled":"default","ast-page-background-meta":{"desktop":{"background-color":"var(--ast-global-color-5)","background-image":"","background-repeat":"repeat","background-position":"center center","background-size":"auto","background-attachment":"scroll","background-type":"","background-media":"","overlay-type":"","overlay-color":"","overlay-opacity":"","overlay-gradient":""},"tablet":{"background-color":"","background-image":"","background-repeat":"repeat","background-position":"center center","background-size":"auto","background-attachment":"scroll","background-type":"","background-media":"","overlay-type":"","overlay-color":"","overlay-opacity":"","overlay-gradient":""},"mobile":{"background-color":"","background-image":"","background-repeat":"repeat","background-position":"center center","background-size":"auto","background-attachment":"scroll","background-type":"","background-media":"","overlay-type":"","overlay-color":"","overlay-opacity":"","overlay-gradient":""}},"ast-content-background-meta":{"desktop":{"background-color":"var(--ast-global-color-4)","background-image":"","background-repeat":"repeat","background-position":"center center","background-size":"auto","background-attachment":"scroll","background-type":"","background-media":"","overlay-type":"","overlay-color":"","overlay-opacity":"","overlay-gradient":""},"tablet":{"background-color":"var(--ast-global-color-4)","background-image":"","background-repeat":"repeat","background-position":"center center","background-size":"auto","background-attachment":"scroll","background-type":"","background-media":"","overlay-type":"","overlay-color":"","overlay-opacity":"","overlay-gradient":""},"mobile":{"background-color":"var(--ast-global-color-4)","background-image":"","background-repeat":"repeat","background-position":"center center","background-size":"auto","background-attachment":"scroll","background-type":"","background-media":"","overlay-type":"","overlay-color":"","overlay-opacity":"","overlay-gradient":""}},"footnotes":""},"class_list":["post-2168","page","type-page","status-publish","has-post-thumbnail","hentry"],"yoast_head":"<!-- This site is optimized with the Yoast SEO plugin v27.5 - https:\/\/yoast.com\/product\/yoast-seo-wordpress\/ -->\n<title>CHUTES IGUACU - Abc-latina<\/title>\n<meta name=\"description\" content=\"Les chutes d&#039; Iguacu, cot\u00e9 br\u00e9silien.\" \/>\n<meta name=\"robots\" content=\"index, follow, max-snippet:-1, max-image-preview:large, max-video-preview:-1\" \/>\n<link rel=\"canonical\" href=\"https:\/\/abc-latina.com\/chutes_iguacu\/\" \/>\n<meta property=\"og:locale\" content=\"fr_FR\" \/>\n<meta property=\"og:type\" content=\"article\" \/>\n<meta property=\"og:title\" content=\"CHUTES IGUACU - Abc-latina\" \/>\n<meta property=\"og:description\" content=\"Les chutes d&#039; Iguacu, cot\u00e9 br\u00e9silien.\" \/>\n<meta property=\"og:url\" content=\"https:\/\/abc-latina.com\/chutes_iguacu\/\" \/>\n<meta property=\"og:site_name\" content=\"Abc-latina\" \/>\n<meta property=\"article:modified_time\" content=\"2018-06-10T09:42:40+00:00\" \/>\n<meta property=\"og:image\" content=\"https:\/\/abc-latina.com\/wp-content\/uploads\/2010\/06\/iguazu_5.jpg\" \/>\n\t<meta property=\"og:image:width\" content=\"550\" \/>\n\t<meta property=\"og:image:height\" content=\"356\" \/>\n\t<meta property=\"og:image:type\" content=\"image\/jpeg\" \/>\n<meta name=\"twitter:card\" content=\"summary_large_image\" \/>\n<meta name=\"twitter:label1\" content=\"Dur\u00e9e de lecture estim\u00e9e\" \/>\n\t<meta name=\"twitter:data1\" content=\"2 minutes\" \/>\n<script type=\"application\/ld+json\" class=\"yoast-schema-graph\">{\"@context\":\"https:\\\/\\\/schema.org\",\"@graph\":[{\"@type\":\"WebPage\",\"@id\":\"https:\\\/\\\/abc-latina.com\\\/chutes_iguacu\\\/\",\"url\":\"https:\\\/\\\/abc-latina.com\\\/chutes_iguacu\\\/\",\"name\":\"CHUTES IGUACU - Abc-latina\",\"isPartOf\":{\"@id\":\"https:\\\/\\\/abc-latina.com\\\/#website\"},\"primaryImageOfPage\":{\"@id\":\"https:\\\/\\\/abc-latina.com\\\/chutes_iguacu\\\/#primaryimage\"},\"image\":{\"@id\":\"https:\\\/\\\/abc-latina.com\\\/chutes_iguacu\\\/#primaryimage\"},\"thumbnailUrl\":\"https:\\\/\\\/abc-latina.com\\\/wp-content\\\/uploads\\\/2010\\\/06\\\/iguazu_5.jpg\",\"datePublished\":\"2010-08-09T00:18:19+00:00\",\"dateModified\":\"2018-06-10T09:42:40+00:00\",\"description\":\"Les chutes d' Iguacu, cot\u00e9 br\u00e9silien.\",\"breadcrumb\":{\"@id\":\"https:\\\/\\\/abc-latina.com\\\/chutes_iguacu\\\/#breadcrumb\"},\"inLanguage\":\"fr-FR\",\"potentialAction\":[{\"@type\":\"ReadAction\",\"target\":[\"https:\\\/\\\/abc-latina.com\\\/chutes_iguacu\\\/\"]}]},{\"@type\":\"ImageObject\",\"inLanguage\":\"fr-FR\",\"@id\":\"https:\\\/\\\/abc-latina.com\\\/chutes_iguacu\\\/#primaryimage\",\"url\":\"https:\\\/\\\/abc-latina.com\\\/wp-content\\\/uploads\\\/2010\\\/06\\\/iguazu_5.jpg\",\"contentUrl\":\"https:\\\/\\\/abc-latina.com\\\/wp-content\\\/uploads\\\/2010\\\/06\\\/iguazu_5.jpg\",\"width\":550,\"height\":356,\"caption\":\"LES CHUTES D'IGUAZU\"},{\"@type\":\"BreadcrumbList\",\"@id\":\"https:\\\/\\\/abc-latina.com\\\/chutes_iguacu\\\/#breadcrumb\",\"itemListElement\":[{\"@type\":\"ListItem\",\"position\":1,\"name\":\"Accueil\",\"item\":\"https:\\\/\\\/abc-latina.com\\\/\"},{\"@type\":\"ListItem\",\"position\":2,\"name\":\"CHUTES IGUACU\"}]},{\"@type\":\"WebSite\",\"@id\":\"https:\\\/\\\/abc-latina.com\\\/#website\",\"url\":\"https:\\\/\\\/abc-latina.com\\\/\",\"name\":\"Abc-latina\",\"description\":\"\",\"publisher\":{\"@id\":\"https:\\\/\\\/abc-latina.com\\\/#organization\"},\"potentialAction\":[{\"@type\":\"SearchAction\",\"target\":{\"@type\":\"EntryPoint\",\"urlTemplate\":\"https:\\\/\\\/abc-latina.com\\\/?s={search_term_string}\"},\"query-input\":{\"@type\":\"PropertyValueSpecification\",\"valueRequired\":true,\"valueName\":\"search_term_string\"}}],\"inLanguage\":\"fr-FR\"},{\"@type\":\"Organization\",\"@id\":\"https:\\\/\\\/abc-latina.com\\\/#organization\",\"name\":\"Abc-latina\",\"url\":\"https:\\\/\\\/abc-latina.com\\\/\",\"logo\":{\"@type\":\"ImageObject\",\"inLanguage\":\"fr-FR\",\"@id\":\"https:\\\/\\\/abc-latina.com\\\/#\\\/schema\\\/logo\\\/image\\\/\",\"url\":\"https:\\\/\\\/abc-latina.com\\\/wp-content\\\/uploads\\\/2026\\\/05\\\/cropped-logo.gif\",\"contentUrl\":\"https:\\\/\\\/abc-latina.com\\\/wp-content\\\/uploads\\\/2026\\\/05\\\/cropped-logo.gif\",\"width\":89,\"height\":84,\"caption\":\"Abc-latina\"},\"image\":{\"@id\":\"https:\\\/\\\/abc-latina.com\\\/#\\\/schema\\\/logo\\\/image\\\/\"}}]}<\/script>\n<!-- \/ Yoast SEO plugin. -->","yoast_head_json":{"title":"CHUTES IGUACU - Abc-latina","description":"Les chutes d' Iguacu, cot\u00e9 br\u00e9silien.","robots":{"index":"index","follow":"follow","max-snippet":"max-snippet:-1","max-image-preview":"max-image-preview:large","max-video-preview":"max-video-preview:-1"},"canonical":"https:\/\/abc-latina.com\/chutes_iguacu\/","og_locale":"fr_FR","og_type":"article","og_title":"CHUTES IGUACU - Abc-latina","og_description":"Les chutes d' Iguacu, cot\u00e9 br\u00e9silien.","og_url":"https:\/\/abc-latina.com\/chutes_iguacu\/","og_site_name":"Abc-latina","article_modified_time":"2018-06-10T09:42:40+00:00","og_image":[{"width":550,"height":356,"url":"https:\/\/abc-latina.com\/wp-content\/uploads\/2010\/06\/iguazu_5.jpg","type":"image\/jpeg"}],"twitter_card":"summary_large_image","twitter_misc":{"Dur\u00e9e de lecture estim\u00e9e":"2 minutes"},"schema":{"@context":"https:\/\/schema.org","@graph":[{"@type":"WebPage","@id":"https:\/\/abc-latina.com\/chutes_iguacu\/","url":"https:\/\/abc-latina.com\/chutes_iguacu\/","name":"CHUTES IGUACU - Abc-latina","isPartOf":{"@id":"https:\/\/abc-latina.com\/#website"},"primaryImageOfPage":{"@id":"https:\/\/abc-latina.com\/chutes_iguacu\/#primaryimage"},"image":{"@id":"https:\/\/abc-latina.com\/chutes_iguacu\/#primaryimage"},"thumbnailUrl":"https:\/\/abc-latina.com\/wp-content\/uploads\/2010\/06\/iguazu_5.jpg","datePublished":"2010-08-09T00:18:19+00:00","dateModified":"2018-06-10T09:42:40+00:00","description":"Les chutes d' Iguacu, cot\u00e9 br\u00e9silien.","breadcrumb":{"@id":"https:\/\/abc-latina.com\/chutes_iguacu\/#breadcrumb"},"inLanguage":"fr-FR","potentialAction":[{"@type":"ReadAction","target":["https:\/\/abc-latina.com\/chutes_iguacu\/"]}]},{"@type":"ImageObject","inLanguage":"fr-FR","@id":"https:\/\/abc-latina.com\/chutes_iguacu\/#primaryimage","url":"https:\/\/abc-latina.com\/wp-content\/uploads\/2010\/06\/iguazu_5.jpg","contentUrl":"https:\/\/abc-latina.com\/wp-content\/uploads\/2010\/06\/iguazu_5.jpg","width":550,"height":356,"caption":"LES CHUTES D'IGUAZU"},{"@type":"BreadcrumbList","@id":"https:\/\/abc-latina.com\/chutes_iguacu\/#breadcrumb","itemListElement":[{"@type":"ListItem","position":1,"name":"Accueil","item":"https:\/\/abc-latina.com\/"},{"@type":"ListItem","position":2,"name":"CHUTES IGUACU"}]},{"@type":"WebSite","@id":"https:\/\/abc-latina.com\/#website","url":"https:\/\/abc-latina.com\/","name":"Abc-latina","description":"","publisher":{"@id":"https:\/\/abc-latina.com\/#organization"},"potentialAction":[{"@type":"SearchAction","target":{"@type":"EntryPoint","urlTemplate":"https:\/\/abc-latina.com\/?s={search_term_string}"},"query-input":{"@type":"PropertyValueSpecification","valueRequired":true,"valueName":"search_term_string"}}],"inLanguage":"fr-FR"},{"@type":"Organization","@id":"https:\/\/abc-latina.com\/#organization","name":"Abc-latina","url":"https:\/\/abc-latina.com\/","logo":{"@type":"ImageObject","inLanguage":"fr-FR","@id":"https:\/\/abc-latina.com\/#\/schema\/logo\/image\/","url":"https:\/\/abc-latina.com\/wp-content\/uploads\/2026\/05\/cropped-logo.gif","contentUrl":"https:\/\/abc-latina.com\/wp-content\/uploads\/2026\/05\/cropped-logo.gif","width":89,"height":84,"caption":"Abc-latina"},"image":{"@id":"https:\/\/abc-latina.com\/#\/schema\/logo\/image\/"}}]}},"_links":{"self":[{"href":"https:\/\/abc-latina.com\/wp-json\/wp\/v2\/pages\/2168","targetHints":{"allow":["GET"]}}],"collection":[{"href":"https:\/\/abc-latina.com\/wp-json\/wp\/v2\/pages"}],"about":[{"href":"https:\/\/abc-latina.com\/wp-json\/wp\/v2\/types\/page"}],"author":[{"embeddable":true,"href":"https:\/\/abc-latina.com\/wp-json\/wp\/v2\/users\/3"}],"replies":[{"embeddable":true,"href":"https:\/\/abc-latina.com\/wp-json\/wp\/v2\/comments?post=2168"}],"version-history":[{"count":0,"href":"https:\/\/abc-latina.com\/wp-json\/wp\/v2\/pages\/2168\/revisions"}],"wp:featuredmedia":[{"embeddable":true,"href":"https:\/\/abc-latina.com\/wp-json\/wp\/v2\/media\/518"}],"wp:attachment":[{"href":"https:\/\/abc-latina.com\/wp-json\/wp\/v2\/media?parent=2168"}],"curies":[{"name":"wp","href":"https:\/\/api.w.org\/{rel}","templated":true}]}}