{"id":2172,"date":"2010-08-09T02:26:46","date_gmt":"2010-08-09T00:26:46","guid":{"rendered":"http:\/\/abc-latina.com\/curitiba-htm\/"},"modified":"2018-06-09T18:38:07","modified_gmt":"2018-06-09T16:38:07","slug":"curitiba","status":"publish","type":"page","link":"https:\/\/abc-latina.com\/curitiba\/","title":{"rendered":"CURITIBA"},"content":{"rendered":"<div><span class=\"tourisme-chapitre\"><img loading=\"lazy\" decoding=\"async\" class=\" alignright size-full wp-image-2171\" src=\"http:\/\/abc-latina.com\/wp-content\/uploads\/2010\/08\/curitiba.jpg\" alt=\"\" width=\"220\" vspace=\"9\" hspace=\"15\" height=\"220\" align=\"right\" srcset=\"https:\/\/abc-latina.com\/wp-content\/uploads\/2010\/08\/curitiba.jpg 220w, https:\/\/abc-latina.com\/wp-content\/uploads\/2010\/08\/curitiba-150x150.jpg 150w\" sizes=\"auto, (max-width: 220px) 100vw, 220px\" \/>Curitiba<\/span> La capitale de l&rsquo;\u00e9tat du Paran\u00e1 n&rsquo;a pas \u00e0 se plaindre : en ce qui concerne la nature, il y a du vert partout. Chaque curitibano a sa r\u00e9serve de presque 55 m\u00e8tres carr\u00e9s d&rsquo;aire verte, une exag\u00e9ration m\u00eame pour les standards internationaux recommand\u00e9s par l&rsquo;Organisation Mondiale de Sant\u00e9, qui \u00e9tablissent des nombres bien moindres. D&rsquo;o\u00f9 la fiert\u00e9 de montrer avec ostentation l&rsquo;imposant titre de capitale \u00e9cologique du Br\u00e9sil.<\/div>\n<div>&nbsp;<\/div>\n<div>La moderne capitale du Paran\u00e1 exhibe, en effet, un vert exub\u00e9rant. Une \u00e9preuve concr\u00e8te de la r\u00e9elle possibilit\u00e9 de consolider le d\u00e9veloppement acc\u00e9l\u00e9r\u00e9 et constant d&rsquo;une m\u00e9tropole, et d&rsquo;assurer la qualit\u00e9 de vie de ses habitants.<\/div>\n<div>&nbsp;<\/div>\n<div>Le vert est dans toute sa splendeur en parcs comme celui de Passa\u00fana et Barig\u00fci, dans les places publiques, dans les bois et jardins, comme le Jardin Botanique et sa rare, pr\u00e9cieuse et fantastique collection de 300 mille esp\u00e8ces de la flore br\u00e9silienne.<\/div>\n<div>&nbsp;<\/div>\n<div>\u00c9tudi\u00e9e et analys\u00e9e par des architectes et urbanistes internationaux, Curitiba a de nombreuses solutions urbanistiques innovatrices, un mod\u00e8le de ville pour le restant du pays. L&rsquo;une des ces sollutions ? Les esta\u00e7\u00f5es-tubo de transport collectif &#8211; des arr\u00eats d&rsquo;autobus en forme de tube &#8211; o\u00f9 les passagers jouissent de confort et de protection.<\/div>\n<div>&nbsp;<\/div>\n<div>Un autre exemple, c&rsquo;est la Rua 24 Horas, situ\u00e9e au centre-ville avec des magasins, des bars et des restaurants fonctionnant toute la journ\u00e9e. Dans la Rua 24 Horas, ll n&rsquo;y a pas de mauvais temps : elle est couverte par un &quot;toit&quot; charmant, une attraction en plus pour le touriste, notamment le soir.<\/div>\n<div>&nbsp;<\/div>\n<div>La vie curitibana garde des traces de colonisations allemande, italienne, portugaise, polonaise et ukrainienne. La grande diversit\u00e9 ethnique a entra\u00een\u00e9, naturellement, une richesse culturelle unique, exprim\u00e9e aux nombreuses manifestations artistiques, \u00e0 l&rsquo;attachement aux traditions, \u00e0 la cuisine toujours abondante, riche et savoureuse. \u00c0 la fa\u00e7on diff\u00e9rente du restant du Br\u00e9sil de fixer son regard au pass\u00e9 en m\u00eame temps qu&rsquo;elle construit le futur.<\/div>\n<div>&nbsp;<\/div>\n<div>Comptant plus d&rsquo;un million et demi d&rsquo;habitants, la capitale de l&rsquo;\u00e9tat du Paran\u00e1 est consid\u00e9r\u00e9e l&rsquo;une des villes ayant la meilleure qualit\u00e9 de vie du pays. Ville exemplaire, les cr\u00e9atives solutions de planification urbaine qu&rsquo;elle a adopt\u00e9es lui a rendu le titre de &quot;Ville-mod\u00e8le&quot; pour des urbanistes du monde entier. Le souci de l&rsquo;environnement est r\u00e9v\u00e9l\u00e9 dans ses quelques 81 millions de m2 d&rsquo;aires vertes, ce qui signifie 55m2 par habitant, trois fois en plus de l&rsquo;indice recommand\u00e9 par l&rsquo;Organisation Mondiale de Sant\u00e9.<\/div>\n<div>&nbsp;<\/div>\n<div>Curitiba a \u00e9t\u00e9 l&rsquo;une des principales destinations des europ\u00e9ens qui se sont install\u00e9s au Br\u00e9sil \u00e0 partir du XX\u00e8me si\u00e8cle &#8211; notamment des allemands, italiens, polonais et ukrainiens. La culture de la r\u00e9gion, originalement peupl\u00e9e par des indig\u00e8nes et des portugais, a \u00e9t\u00e9 profondement influenc\u00e9e par les immigrants. En plus des accents caract\u00e9ristiques, la cuisine pratiqu\u00e9e aux restaurants et l&rsquo;artisanat r\u00e9v\u00e8lent la diversit\u00e9 ethnique qui d\u00e9finit la ville.<\/div>\n<div>&nbsp;<\/div>\n<div><a href=\"..\/tour_operateur\" target=\"_blank\"><img loading=\"lazy\" decoding=\"async\" class=\" size-full wp-image-41\" alt=\"\" class=\"touroperateur\" src=\"http:\/\/abc-latina.com\/wp-content\/uploads\/2010\/04\/timbre_to.gif\" width=\"125\" height=\"90\" \/><\/a>Les rues du centre-ville offrent de nombreuses options \u00e0 ceux qui aiment marcher dans la ville. Au secteur historique, sont pr\u00e9serv\u00e9es des constructions datant des XVIII\u00e8me et XIX\u00e8me si\u00e8cles qui abritent un mus\u00e9e, un centre culturel, des restaurants et des bars. La rue XV de Novembro est une agr\u00e9able rue pi\u00e9tonni\u00e8re avec des b\u00e2timents anciens restaur\u00e9s o\u00f9 se trouve un commerce vari\u00e9, en plus de caf\u00e9s et de p\u00e2tisseries tr\u00e8s fr\u00e9quent\u00e9s. Notamment le samedi et le dimanche, il a de nombreuses expositions d&rsquo;artisanat dans des places et dans les rues.<\/div>\n<div>&nbsp;<\/div>\n<div>On peut observer la modernit\u00e9 de Curitiba dans quelques importants monuments architectoniques, comme l&rsquo;Op\u00e9ra de Arama, le mus\u00e9e Oscar Niemeyer et l&rsquo;Universit\u00e9 Libre de l&rsquo;Environnement. La ville dispose d&rsquo;une excellente structure de services et de communications. En mars, il a lieu le Festival de Th\u00e9\u00e2tre, avec une ample programmation auquel participent plusieurs troupes th\u00e9\u00e2trales du Br\u00e9sil et de l&rsquo;\u00e9tranger.<\/div>\n<div>&nbsp;<\/div>\n<div>On peut aussi faire de bonnes promenades hors Curitiba. Le voyage en train jusqu&rsquo;\u00e0 la ville portuaire de Paranagu\u00e1, en chemin de fer construit au XIX\u00e8me si\u00e8cle, traverse quelques collines ayant un tr\u00e8s beau paysage.<\/div>\n<div>&nbsp;<\/div>\n<div>Le Parc de l&rsquo;\u00c9tat de Vila Velha, avec ses impressionnantes sculptures naturelles de gr\u00e8s, c&rsquo;est \u00e0 90 km de la capitale<\/div>\n<div>&nbsp;<\/div>\n<div>Source: Minist\u00e9rio do turismo<\/div>\n<div>&nbsp;<\/div>\n<h3>Pr\u00e9parez votre voyage \u00e0 Curitiba:<\/h3>\n<div><a href=\"https:\/\/www.abc-latina.com\/bresil\/agence_de_voyages\">Agences de voyage g\u00e9n\u00e9ralistes et discounteurs<\/a><\/div>\n<div><a href=\"https:\/\/www.abc-latina.com\/bresil\/tour_operateur\">Tours Op\u00e9rateurs sp\u00e9cialistes du Br\u00e9sil<\/a><\/div>\n<div><a href=\"https:\/\/www.abc-latina.com\/to\/reservation_billet_avion\" target=\"_blank\">R\u00e9servez votre billet d&rsquo;avion<\/a><\/div>\n<div><a href=\"http:\/\/www.booking.com\/city\/br\/curitibal?aid=364340\" target=\"_blank\">R\u00e9servez votre h\u00f4tel \u00e0 Curitiba<\/a>&nbsp;<\/div>\n<div><a href=\"https:\/\/www.abc-latina.com\/to\/location_de_voiture_bresil\" target=\"_blank\">Location de voiture<\/a><\/div>\n","protected":false},"excerpt":{"rendered":"<p>Curitiba La capitale de l&rsquo;\u00e9tat du Paran\u00e1 n&rsquo;a pas \u00e0 se plaindre : en ce qui concerne la nature, il [&hellip;]<\/p>\n","protected":false},"author":3,"featured_media":2171,"parent":0,"menu_order":0,"comment_status":"closed","ping_status":"closed","template":"","meta":{"site-sidebar-layout":"default","site-content-layout":"","ast-site-content-layout":"default","site-content-style":"default","site-sidebar-style":"default","ast-global-header-display":"","ast-banner-title-visibility":"","ast-main-header-display":"","ast-hfb-above-header-display":"","ast-hfb-below-header-display":"","ast-hfb-mobile-header-display":"","site-post-title":"","ast-breadcrumbs-content":"","ast-featured-img":"","footer-sml-layout":"","ast-disable-related-posts":"","theme-transparent-header-meta":"","adv-header-id-meta":"","stick-header-meta":"","header-above-stick-meta":"","header-main-stick-meta":"","header-below-stick-meta":"","astra-migrate-meta-layouts":"default","ast-page-background-enabled":"default","ast-page-background-meta":{"desktop":{"background-color":"var(--ast-global-color-5)","background-image":"","background-repeat":"repeat","background-position":"center center","background-size":"auto","background-attachment":"scroll","background-type":"","background-media":"","overlay-type":"","overlay-color":"","overlay-opacity":"","overlay-gradient":""},"tablet":{"background-color":"","background-image":"","background-repeat":"repeat","background-position":"center center","background-size":"auto","background-attachment":"scroll","background-type":"","background-media":"","overlay-type":"","overlay-color":"","overlay-opacity":"","overlay-gradient":""},"mobile":{"background-color":"","background-image":"","background-repeat":"repeat","background-position":"center center","background-size":"auto","background-attachment":"scroll","background-type":"","background-media":"","overlay-type":"","overlay-color":"","overlay-opacity":"","overlay-gradient":""}},"ast-content-background-meta":{"desktop":{"background-color":"var(--ast-global-color-4)","background-image":"","background-repeat":"repeat","background-position":"center center","background-size":"auto","background-attachment":"scroll","background-type":"","background-media":"","overlay-type":"","overlay-color":"","overlay-opacity":"","overlay-gradient":""},"tablet":{"background-color":"var(--ast-global-color-4)","background-image":"","background-repeat":"repeat","background-position":"center center","background-size":"auto","background-attachment":"scroll","background-type":"","background-media":"","overlay-type":"","overlay-color":"","overlay-opacity":"","overlay-gradient":""},"mobile":{"background-color":"var(--ast-global-color-4)","background-image":"","background-repeat":"repeat","background-position":"center center","background-size":"auto","background-attachment":"scroll","background-type":"","background-media":"","overlay-type":"","overlay-color":"","overlay-opacity":"","overlay-gradient":""}},"footnotes":""},"class_list":["post-2172","page","type-page","status-publish","has-post-thumbnail","hentry"],"yoast_head":"<!-- This site is optimized with the Yoast SEO plugin v27.5 - https:\/\/yoast.com\/product\/yoast-seo-wordpress\/ -->\n<title>CURITIBA - Abc-latina<\/title>\n<meta name=\"description\" content=\"Curitiba, capitale \u00e9cologique du Br\u00e9sil.\" \/>\n<meta name=\"robots\" content=\"index, follow, max-snippet:-1, max-image-preview:large, max-video-preview:-1\" \/>\n<link rel=\"canonical\" href=\"https:\/\/abc-latina.com\/curitiba\/\" \/>\n<meta property=\"og:locale\" content=\"fr_FR\" \/>\n<meta property=\"og:type\" content=\"article\" \/>\n<meta property=\"og:title\" content=\"CURITIBA - Abc-latina\" \/>\n<meta property=\"og:description\" content=\"Curitiba, capitale \u00e9cologique du Br\u00e9sil.\" \/>\n<meta property=\"og:url\" content=\"https:\/\/abc-latina.com\/curitiba\/\" \/>\n<meta property=\"og:site_name\" content=\"Abc-latina\" \/>\n<meta property=\"article:modified_time\" content=\"2018-06-09T16:38:07+00:00\" \/>\n<meta property=\"og:image\" content=\"https:\/\/abc-latina.com\/wp-content\/uploads\/2010\/08\/curitiba.jpg\" \/>\n\t<meta property=\"og:image:width\" content=\"220\" \/>\n\t<meta property=\"og:image:height\" content=\"220\" \/>\n\t<meta property=\"og:image:type\" content=\"image\/jpeg\" \/>\n<meta name=\"twitter:card\" content=\"summary_large_image\" \/>\n<meta name=\"twitter:label1\" content=\"Dur\u00e9e de lecture estim\u00e9e\" \/>\n\t<meta name=\"twitter:data1\" content=\"4 minutes\" \/>\n<script type=\"application\/ld+json\" class=\"yoast-schema-graph\">{\"@context\":\"https:\\\/\\\/schema.org\",\"@graph\":[{\"@type\":\"WebPage\",\"@id\":\"https:\\\/\\\/abc-latina.com\\\/curitiba\\\/\",\"url\":\"https:\\\/\\\/abc-latina.com\\\/curitiba\\\/\",\"name\":\"CURITIBA - Abc-latina\",\"isPartOf\":{\"@id\":\"https:\\\/\\\/abc-latina.com\\\/#website\"},\"primaryImageOfPage\":{\"@id\":\"https:\\\/\\\/abc-latina.com\\\/curitiba\\\/#primaryimage\"},\"image\":{\"@id\":\"https:\\\/\\\/abc-latina.com\\\/curitiba\\\/#primaryimage\"},\"thumbnailUrl\":\"https:\\\/\\\/abc-latina.com\\\/wp-content\\\/uploads\\\/2010\\\/08\\\/curitiba.jpg\",\"datePublished\":\"2010-08-09T00:26:46+00:00\",\"dateModified\":\"2018-06-09T16:38:07+00:00\",\"description\":\"Curitiba, capitale \u00e9cologique du Br\u00e9sil.\",\"breadcrumb\":{\"@id\":\"https:\\\/\\\/abc-latina.com\\\/curitiba\\\/#breadcrumb\"},\"inLanguage\":\"fr-FR\",\"potentialAction\":[{\"@type\":\"ReadAction\",\"target\":[\"https:\\\/\\\/abc-latina.com\\\/curitiba\\\/\"]}]},{\"@type\":\"ImageObject\",\"inLanguage\":\"fr-FR\",\"@id\":\"https:\\\/\\\/abc-latina.com\\\/curitiba\\\/#primaryimage\",\"url\":\"https:\\\/\\\/abc-latina.com\\\/wp-content\\\/uploads\\\/2010\\\/08\\\/curitiba.jpg\",\"contentUrl\":\"https:\\\/\\\/abc-latina.com\\\/wp-content\\\/uploads\\\/2010\\\/08\\\/curitiba.jpg\",\"width\":220,\"height\":220},{\"@type\":\"BreadcrumbList\",\"@id\":\"https:\\\/\\\/abc-latina.com\\\/curitiba\\\/#breadcrumb\",\"itemListElement\":[{\"@type\":\"ListItem\",\"position\":1,\"name\":\"Accueil\",\"item\":\"https:\\\/\\\/abc-latina.com\\\/\"},{\"@type\":\"ListItem\",\"position\":2,\"name\":\"CURITIBA\"}]},{\"@type\":\"WebSite\",\"@id\":\"https:\\\/\\\/abc-latina.com\\\/#website\",\"url\":\"https:\\\/\\\/abc-latina.com\\\/\",\"name\":\"Abc-latina\",\"description\":\"\",\"publisher\":{\"@id\":\"https:\\\/\\\/abc-latina.com\\\/#organization\"},\"potentialAction\":[{\"@type\":\"SearchAction\",\"target\":{\"@type\":\"EntryPoint\",\"urlTemplate\":\"https:\\\/\\\/abc-latina.com\\\/?s={search_term_string}\"},\"query-input\":{\"@type\":\"PropertyValueSpecification\",\"valueRequired\":true,\"valueName\":\"search_term_string\"}}],\"inLanguage\":\"fr-FR\"},{\"@type\":\"Organization\",\"@id\":\"https:\\\/\\\/abc-latina.com\\\/#organization\",\"name\":\"Abc-latina\",\"url\":\"https:\\\/\\\/abc-latina.com\\\/\",\"logo\":{\"@type\":\"ImageObject\",\"inLanguage\":\"fr-FR\",\"@id\":\"https:\\\/\\\/abc-latina.com\\\/#\\\/schema\\\/logo\\\/image\\\/\",\"url\":\"https:\\\/\\\/abc-latina.com\\\/wp-content\\\/uploads\\\/2026\\\/05\\\/cropped-logo.gif\",\"contentUrl\":\"https:\\\/\\\/abc-latina.com\\\/wp-content\\\/uploads\\\/2026\\\/05\\\/cropped-logo.gif\",\"width\":89,\"height\":84,\"caption\":\"Abc-latina\"},\"image\":{\"@id\":\"https:\\\/\\\/abc-latina.com\\\/#\\\/schema\\\/logo\\\/image\\\/\"}}]}<\/script>\n<!-- \/ Yoast SEO plugin. -->","yoast_head_json":{"title":"CURITIBA - Abc-latina","description":"Curitiba, capitale \u00e9cologique du Br\u00e9sil.","robots":{"index":"index","follow":"follow","max-snippet":"max-snippet:-1","max-image-preview":"max-image-preview:large","max-video-preview":"max-video-preview:-1"},"canonical":"https:\/\/abc-latina.com\/curitiba\/","og_locale":"fr_FR","og_type":"article","og_title":"CURITIBA - Abc-latina","og_description":"Curitiba, capitale \u00e9cologique du Br\u00e9sil.","og_url":"https:\/\/abc-latina.com\/curitiba\/","og_site_name":"Abc-latina","article_modified_time":"2018-06-09T16:38:07+00:00","og_image":[{"width":220,"height":220,"url":"https:\/\/abc-latina.com\/wp-content\/uploads\/2010\/08\/curitiba.jpg","type":"image\/jpeg"}],"twitter_card":"summary_large_image","twitter_misc":{"Dur\u00e9e de lecture estim\u00e9e":"4 minutes"},"schema":{"@context":"https:\/\/schema.org","@graph":[{"@type":"WebPage","@id":"https:\/\/abc-latina.com\/curitiba\/","url":"https:\/\/abc-latina.com\/curitiba\/","name":"CURITIBA - Abc-latina","isPartOf":{"@id":"https:\/\/abc-latina.com\/#website"},"primaryImageOfPage":{"@id":"https:\/\/abc-latina.com\/curitiba\/#primaryimage"},"image":{"@id":"https:\/\/abc-latina.com\/curitiba\/#primaryimage"},"thumbnailUrl":"https:\/\/abc-latina.com\/wp-content\/uploads\/2010\/08\/curitiba.jpg","datePublished":"2010-08-09T00:26:46+00:00","dateModified":"2018-06-09T16:38:07+00:00","description":"Curitiba, capitale \u00e9cologique du Br\u00e9sil.","breadcrumb":{"@id":"https:\/\/abc-latina.com\/curitiba\/#breadcrumb"},"inLanguage":"fr-FR","potentialAction":[{"@type":"ReadAction","target":["https:\/\/abc-latina.com\/curitiba\/"]}]},{"@type":"ImageObject","inLanguage":"fr-FR","@id":"https:\/\/abc-latina.com\/curitiba\/#primaryimage","url":"https:\/\/abc-latina.com\/wp-content\/uploads\/2010\/08\/curitiba.jpg","contentUrl":"https:\/\/abc-latina.com\/wp-content\/uploads\/2010\/08\/curitiba.jpg","width":220,"height":220},{"@type":"BreadcrumbList","@id":"https:\/\/abc-latina.com\/curitiba\/#breadcrumb","itemListElement":[{"@type":"ListItem","position":1,"name":"Accueil","item":"https:\/\/abc-latina.com\/"},{"@type":"ListItem","position":2,"name":"CURITIBA"}]},{"@type":"WebSite","@id":"https:\/\/abc-latina.com\/#website","url":"https:\/\/abc-latina.com\/","name":"Abc-latina","description":"","publisher":{"@id":"https:\/\/abc-latina.com\/#organization"},"potentialAction":[{"@type":"SearchAction","target":{"@type":"EntryPoint","urlTemplate":"https:\/\/abc-latina.com\/?s={search_term_string}"},"query-input":{"@type":"PropertyValueSpecification","valueRequired":true,"valueName":"search_term_string"}}],"inLanguage":"fr-FR"},{"@type":"Organization","@id":"https:\/\/abc-latina.com\/#organization","name":"Abc-latina","url":"https:\/\/abc-latina.com\/","logo":{"@type":"ImageObject","inLanguage":"fr-FR","@id":"https:\/\/abc-latina.com\/#\/schema\/logo\/image\/","url":"https:\/\/abc-latina.com\/wp-content\/uploads\/2026\/05\/cropped-logo.gif","contentUrl":"https:\/\/abc-latina.com\/wp-content\/uploads\/2026\/05\/cropped-logo.gif","width":89,"height":84,"caption":"Abc-latina"},"image":{"@id":"https:\/\/abc-latina.com\/#\/schema\/logo\/image\/"}}]}},"_links":{"self":[{"href":"https:\/\/abc-latina.com\/wp-json\/wp\/v2\/pages\/2172","targetHints":{"allow":["GET"]}}],"collection":[{"href":"https:\/\/abc-latina.com\/wp-json\/wp\/v2\/pages"}],"about":[{"href":"https:\/\/abc-latina.com\/wp-json\/wp\/v2\/types\/page"}],"author":[{"embeddable":true,"href":"https:\/\/abc-latina.com\/wp-json\/wp\/v2\/users\/3"}],"replies":[{"embeddable":true,"href":"https:\/\/abc-latina.com\/wp-json\/wp\/v2\/comments?post=2172"}],"version-history":[{"count":0,"href":"https:\/\/abc-latina.com\/wp-json\/wp\/v2\/pages\/2172\/revisions"}],"wp:featuredmedia":[{"embeddable":true,"href":"https:\/\/abc-latina.com\/wp-json\/wp\/v2\/media\/2171"}],"wp:attachment":[{"href":"https:\/\/abc-latina.com\/wp-json\/wp\/v2\/media?parent=2172"}],"curies":[{"name":"wp","href":"https:\/\/api.w.org\/{rel}","templated":true}]}}