{"id":2177,"date":"2010-08-09T02:44:11","date_gmt":"2010-08-09T00:44:11","guid":{"rendered":"http:\/\/abc-latina.com\/fortaleza-htm\/"},"modified":"2018-06-06T19:03:17","modified_gmt":"2018-06-06T17:03:17","slug":"fortaleza","status":"publish","type":"page","link":"https:\/\/abc-latina.com\/fortaleza\/","title":{"rendered":"FORTALEZA"},"content":{"rendered":"<div><img loading=\"lazy\" decoding=\"async\" class=\" size-full wp-image-521\" src=\"http:\/\/abc-latina.com\/wp-content\/uploads\/2010\/06\/fortaleza_1.jpg\" title=\"VOYAGE \u00e0 FORTALEZA\" alt=\"\" width=\"480\" height=\"360\" srcset=\"https:\/\/abc-latina.com\/wp-content\/uploads\/2010\/06\/fortaleza_1.jpg 550w, https:\/\/abc-latina.com\/wp-content\/uploads\/2010\/06\/fortaleza_1-300x225.jpg 300w\" sizes=\"auto, (max-width: 480px) 100vw, 480px\" \/><\/div>\n<div>&nbsp;<\/div>\n<div>A <span class=\"tourisme-chapitre\">Fortaleza<\/span>, la nature est d&rsquo;une beaut\u00e9 merveilleuse et impressionnante. Le solleil brille pendant toute l&rsquo;ann\u00e9e dans une \u00e9tendue de 25 kilom\u00e8tres de plages, la plupart urbanis\u00e9e et avec une infrastructure touristique. Elle commence \u00e0 partir de Barra do Cear\u00e1, plus \u00e0 l&rsquo;ouest, important centre historique qui s&rsquo;\u00e9tend jusqu&rsquo;\u00e0 la Plage do Farol. Dans ce parcours, elle rassemble de plages plus tranquilles \u00e0 l&rsquo;agitation de la Plage do Futuro, avec des baraques de nourritures et de boissons typiques. On sort la nuit pour se promener dans des bars et dans des f\u00eates tr\u00e8s anim\u00e9es au son de musique typique de la r\u00e9gion, le forr\u00f3. Encadr\u00e9e par l&rsquo;architecture moderne des \u00e9difices par contraste avec les radeaux sur la Plage de Mucuripe &#8211; embarcations artisanales de p\u00eacheurs qui invitent \u00e0 des promenades -, Fortaleza est une permanente invitation au plaisir. Tant de plages et de soleil encouragent la pratique de sports nautiques ou la plong\u00e9e dans ses eaux bleues. La ville est le point d&rsquo;appui pour le tourisme d&rsquo;aventure dans la r\u00e9gion. Les marches commencent d\u00e8s le matin, au long du bord de la mer, avec une pause pour que les touristes puissent boire de l&rsquo;eau de noix de coco et les jus de fruits typiques. <br \/><img loading=\"lazy\" decoding=\"async\" class=\" alignright size-full wp-image-2127\" src=\"http:\/\/abc-latina.com\/wp-content\/uploads\/2010\/08\/fortaleza.jpg\" title=\"FORTALEZA\" alt=\"\" width=\"220\" vspace=\"9\" hspace=\"15\" height=\"220\" align=\"right\" \/>Fortaleza est le pays de la langouste et aussi de la cuisine \u00e0 base de crevettes, d&rsquo;\u00e9crevisses et de fruits de mer. De la cuisine r\u00e9gionale, il faut essayer la viande s\u00e9ch\u00e9e avec du riz, le feij\u00e3o de corda, haricots poussant sur des plantes grimpantes, et le fromage caill\u00e9. Pays de descendents de la m\u00e9lange d&rsquo;indig\u00e8nes, n\u00e8gres et portugais, le cearense a une nature hospitali\u00e8re. Sa culture et religiosit\u00e9 r\u00e9v\u00e8lent son comportement, qui peut \u00eatre v\u00e9rif\u00ed\u00e9 dans les \u0153uvres du Mus\u00e9e du Cear\u00e1. On peut visiter aussi l&rsquo;artisanat de dentelles au fuseau et filets, l&rsquo;exposition des hamacs et des bouteilles avec des dessins faits en sable color\u00e9 aux centres d&rsquo;artisanat ou aller \u00e0 la foire d&rsquo;artisanat nocturne, qui fonctionne toutes les nuits sur la Plage do Meireles.<\/div>\n<div><a href=\"..\/tour_operateur\" target=\"_blank\"><img loading=\"lazy\" decoding=\"async\" class=\" size-full wp-image-41\" alt=\"\" class=\"touroperateur\" src=\"http:\/\/abc-latina.com\/wp-content\/uploads\/2010\/04\/timbre_to.gif\" width=\"125\" height=\"90\" \/><\/a><\/div>\n<div>&nbsp;<\/div>\n<div>Une fois par an et hors saison, il a lieu le Carvanal de Fortaleza, le Fortal, toujours dans la derni\u00e8re semaine de juillet. Les trios el\u00e9tricos parcourent les quatre kilom\u00e8tres de l&rsquo;avenue Beira-Mar suivis par une foule qui augmente chaque ann\u00e9e.<\/div>\n<div>&nbsp;<\/div>\n<div>Source: Minist\u00e9rio do turismo<\/div>\n<div>&nbsp;<\/div>\n<h3>Pr\u00e9parez votre voyage \u00e0 Fortaleza:<\/h3>\n<div><a href=\"https:\/\/www.abc-latina.com\/bresil\/agence_de_voyages\">Agences de voyage g\u00e9n\u00e9ralistes et discounteurs<\/a><\/div>\n<div><a href=\"https:\/\/www.abc-latina.com\/bresil\/tour_operateur\">Tours Op\u00e9rateurs sp\u00e9cialistes du Br\u00e9sil<\/a><\/div>\n<div><a href=\"https:\/\/www.abc-latina.com\/to\/reservation_billet_avion\" target=\"_blank\">R\u00e9servez votre billet d&rsquo;avion<\/a><\/div>\n<div><a href=\"http:\/\/www.booking.com\/city\/br\/fortalezal?aid=364340\" target=\"_blank\">R\u00e9servez votre h\u00f4tel \u00e0 Fortaleza<\/a>&nbsp;<\/div>\n<div><a href=\"https:\/\/www.abc-latina.com\/to\/location_de_voiture_bresil\" target=\"_blank\">Location de voiture<\/a><\/div>\n<div>&nbsp;<\/div>\n","protected":false},"excerpt":{"rendered":"<p>&nbsp; A Fortaleza, la nature est d&rsquo;une beaut\u00e9 merveilleuse et impressionnante. Le solleil brille pendant toute l&rsquo;ann\u00e9e dans une \u00e9tendue [&hellip;]<\/p>\n","protected":false},"author":3,"featured_media":521,"parent":0,"menu_order":0,"comment_status":"closed","ping_status":"closed","template":"","meta":{"site-sidebar-layout":"default","site-content-layout":"","ast-site-content-layout":"default","site-content-style":"default","site-sidebar-style":"default","ast-global-header-display":"","ast-banner-title-visibility":"","ast-main-header-display":"","ast-hfb-above-header-display":"","ast-hfb-below-header-display":"","ast-hfb-mobile-header-display":"","site-post-title":"","ast-breadcrumbs-content":"","ast-featured-img":"","footer-sml-layout":"","ast-disable-related-posts":"","theme-transparent-header-meta":"","adv-header-id-meta":"","stick-header-meta":"","header-above-stick-meta":"","header-main-stick-meta":"","header-below-stick-meta":"","astra-migrate-meta-layouts":"default","ast-page-background-enabled":"default","ast-page-background-meta":{"desktop":{"background-color":"var(--ast-global-color-5)","background-image":"","background-repeat":"repeat","background-position":"center center","background-size":"auto","background-attachment":"scroll","background-type":"","background-media":"","overlay-type":"","overlay-color":"","overlay-opacity":"","overlay-gradient":""},"tablet":{"background-color":"","background-image":"","background-repeat":"repeat","background-position":"center center","background-size":"auto","background-attachment":"scroll","background-type":"","background-media":"","overlay-type":"","overlay-color":"","overlay-opacity":"","overlay-gradient":""},"mobile":{"background-color":"","background-image":"","background-repeat":"repeat","background-position":"center center","background-size":"auto","background-attachment":"scroll","background-type":"","background-media":"","overlay-type":"","overlay-color":"","overlay-opacity":"","overlay-gradient":""}},"ast-content-background-meta":{"desktop":{"background-color":"var(--ast-global-color-4)","background-image":"","background-repeat":"repeat","background-position":"center center","background-size":"auto","background-attachment":"scroll","background-type":"","background-media":"","overlay-type":"","overlay-color":"","overlay-opacity":"","overlay-gradient":""},"tablet":{"background-color":"var(--ast-global-color-4)","background-image":"","background-repeat":"repeat","background-position":"center center","background-size":"auto","background-attachment":"scroll","background-type":"","background-media":"","overlay-type":"","overlay-color":"","overlay-opacity":"","overlay-gradient":""},"mobile":{"background-color":"var(--ast-global-color-4)","background-image":"","background-repeat":"repeat","background-position":"center center","background-size":"auto","background-attachment":"scroll","background-type":"","background-media":"","overlay-type":"","overlay-color":"","overlay-opacity":"","overlay-gradient":""}},"footnotes":""},"class_list":["post-2177","page","type-page","status-publish","has-post-thumbnail","hentry"],"yoast_head":"<!-- This site is optimized with the Yoast SEO plugin v27.5 - https:\/\/yoast.com\/product\/yoast-seo-wordpress\/ -->\n<title>FORTALEZA - Abc-latina<\/title>\n<meta name=\"description\" content=\"Fortaleza - Br\u00e9sil.\" \/>\n<meta name=\"robots\" content=\"index, follow, max-snippet:-1, max-image-preview:large, max-video-preview:-1\" \/>\n<link rel=\"canonical\" href=\"https:\/\/abc-latina.com\/fortaleza\/\" \/>\n<meta property=\"og:locale\" content=\"fr_FR\" \/>\n<meta property=\"og:type\" content=\"article\" \/>\n<meta property=\"og:title\" content=\"FORTALEZA - Abc-latina\" \/>\n<meta property=\"og:description\" content=\"Fortaleza - Br\u00e9sil.\" \/>\n<meta property=\"og:url\" content=\"https:\/\/abc-latina.com\/fortaleza\/\" \/>\n<meta property=\"og:site_name\" content=\"Abc-latina\" \/>\n<meta property=\"article:modified_time\" content=\"2018-06-06T17:03:17+00:00\" \/>\n<meta property=\"og:image\" content=\"https:\/\/abc-latina.com\/wp-content\/uploads\/2010\/06\/fortaleza_1.jpg\" \/>\n\t<meta property=\"og:image:width\" content=\"550\" \/>\n\t<meta property=\"og:image:height\" content=\"413\" \/>\n\t<meta property=\"og:image:type\" content=\"image\/jpeg\" \/>\n<meta name=\"twitter:card\" content=\"summary_large_image\" \/>\n<meta name=\"twitter:label1\" content=\"Dur\u00e9e de lecture estim\u00e9e\" \/>\n\t<meta name=\"twitter:data1\" content=\"2 minutes\" \/>\n<script type=\"application\/ld+json\" class=\"yoast-schema-graph\">{\"@context\":\"https:\\\/\\\/schema.org\",\"@graph\":[{\"@type\":\"WebPage\",\"@id\":\"https:\\\/\\\/abc-latina.com\\\/fortaleza\\\/\",\"url\":\"https:\\\/\\\/abc-latina.com\\\/fortaleza\\\/\",\"name\":\"FORTALEZA - Abc-latina\",\"isPartOf\":{\"@id\":\"https:\\\/\\\/abc-latina.com\\\/#website\"},\"primaryImageOfPage\":{\"@id\":\"https:\\\/\\\/abc-latina.com\\\/fortaleza\\\/#primaryimage\"},\"image\":{\"@id\":\"https:\\\/\\\/abc-latina.com\\\/fortaleza\\\/#primaryimage\"},\"thumbnailUrl\":\"https:\\\/\\\/abc-latina.com\\\/wp-content\\\/uploads\\\/2010\\\/06\\\/fortaleza_1.jpg\",\"datePublished\":\"2010-08-09T00:44:11+00:00\",\"dateModified\":\"2018-06-06T17:03:17+00:00\",\"description\":\"Fortaleza - Br\u00e9sil.\",\"breadcrumb\":{\"@id\":\"https:\\\/\\\/abc-latina.com\\\/fortaleza\\\/#breadcrumb\"},\"inLanguage\":\"fr-FR\",\"potentialAction\":[{\"@type\":\"ReadAction\",\"target\":[\"https:\\\/\\\/abc-latina.com\\\/fortaleza\\\/\"]}]},{\"@type\":\"ImageObject\",\"inLanguage\":\"fr-FR\",\"@id\":\"https:\\\/\\\/abc-latina.com\\\/fortaleza\\\/#primaryimage\",\"url\":\"https:\\\/\\\/abc-latina.com\\\/wp-content\\\/uploads\\\/2010\\\/06\\\/fortaleza_1.jpg\",\"contentUrl\":\"https:\\\/\\\/abc-latina.com\\\/wp-content\\\/uploads\\\/2010\\\/06\\\/fortaleza_1.jpg\",\"width\":550,\"height\":413,\"caption\":\"FORTALEZA - BRESIL\"},{\"@type\":\"BreadcrumbList\",\"@id\":\"https:\\\/\\\/abc-latina.com\\\/fortaleza\\\/#breadcrumb\",\"itemListElement\":[{\"@type\":\"ListItem\",\"position\":1,\"name\":\"Accueil\",\"item\":\"https:\\\/\\\/abc-latina.com\\\/\"},{\"@type\":\"ListItem\",\"position\":2,\"name\":\"FORTALEZA\"}]},{\"@type\":\"WebSite\",\"@id\":\"https:\\\/\\\/abc-latina.com\\\/#website\",\"url\":\"https:\\\/\\\/abc-latina.com\\\/\",\"name\":\"Abc-latina\",\"description\":\"\",\"publisher\":{\"@id\":\"https:\\\/\\\/abc-latina.com\\\/#organization\"},\"potentialAction\":[{\"@type\":\"SearchAction\",\"target\":{\"@type\":\"EntryPoint\",\"urlTemplate\":\"https:\\\/\\\/abc-latina.com\\\/?s={search_term_string}\"},\"query-input\":{\"@type\":\"PropertyValueSpecification\",\"valueRequired\":true,\"valueName\":\"search_term_string\"}}],\"inLanguage\":\"fr-FR\"},{\"@type\":\"Organization\",\"@id\":\"https:\\\/\\\/abc-latina.com\\\/#organization\",\"name\":\"Abc-latina\",\"url\":\"https:\\\/\\\/abc-latina.com\\\/\",\"logo\":{\"@type\":\"ImageObject\",\"inLanguage\":\"fr-FR\",\"@id\":\"https:\\\/\\\/abc-latina.com\\\/#\\\/schema\\\/logo\\\/image\\\/\",\"url\":\"https:\\\/\\\/abc-latina.com\\\/wp-content\\\/uploads\\\/2026\\\/05\\\/cropped-logo.gif\",\"contentUrl\":\"https:\\\/\\\/abc-latina.com\\\/wp-content\\\/uploads\\\/2026\\\/05\\\/cropped-logo.gif\",\"width\":89,\"height\":84,\"caption\":\"Abc-latina\"},\"image\":{\"@id\":\"https:\\\/\\\/abc-latina.com\\\/#\\\/schema\\\/logo\\\/image\\\/\"}}]}<\/script>\n<!-- \/ Yoast SEO plugin. -->","yoast_head_json":{"title":"FORTALEZA - Abc-latina","description":"Fortaleza - Br\u00e9sil.","robots":{"index":"index","follow":"follow","max-snippet":"max-snippet:-1","max-image-preview":"max-image-preview:large","max-video-preview":"max-video-preview:-1"},"canonical":"https:\/\/abc-latina.com\/fortaleza\/","og_locale":"fr_FR","og_type":"article","og_title":"FORTALEZA - Abc-latina","og_description":"Fortaleza - Br\u00e9sil.","og_url":"https:\/\/abc-latina.com\/fortaleza\/","og_site_name":"Abc-latina","article_modified_time":"2018-06-06T17:03:17+00:00","og_image":[{"width":550,"height":413,"url":"https:\/\/abc-latina.com\/wp-content\/uploads\/2010\/06\/fortaleza_1.jpg","type":"image\/jpeg"}],"twitter_card":"summary_large_image","twitter_misc":{"Dur\u00e9e de lecture estim\u00e9e":"2 minutes"},"schema":{"@context":"https:\/\/schema.org","@graph":[{"@type":"WebPage","@id":"https:\/\/abc-latina.com\/fortaleza\/","url":"https:\/\/abc-latina.com\/fortaleza\/","name":"FORTALEZA - Abc-latina","isPartOf":{"@id":"https:\/\/abc-latina.com\/#website"},"primaryImageOfPage":{"@id":"https:\/\/abc-latina.com\/fortaleza\/#primaryimage"},"image":{"@id":"https:\/\/abc-latina.com\/fortaleza\/#primaryimage"},"thumbnailUrl":"https:\/\/abc-latina.com\/wp-content\/uploads\/2010\/06\/fortaleza_1.jpg","datePublished":"2010-08-09T00:44:11+00:00","dateModified":"2018-06-06T17:03:17+00:00","description":"Fortaleza - Br\u00e9sil.","breadcrumb":{"@id":"https:\/\/abc-latina.com\/fortaleza\/#breadcrumb"},"inLanguage":"fr-FR","potentialAction":[{"@type":"ReadAction","target":["https:\/\/abc-latina.com\/fortaleza\/"]}]},{"@type":"ImageObject","inLanguage":"fr-FR","@id":"https:\/\/abc-latina.com\/fortaleza\/#primaryimage","url":"https:\/\/abc-latina.com\/wp-content\/uploads\/2010\/06\/fortaleza_1.jpg","contentUrl":"https:\/\/abc-latina.com\/wp-content\/uploads\/2010\/06\/fortaleza_1.jpg","width":550,"height":413,"caption":"FORTALEZA - BRESIL"},{"@type":"BreadcrumbList","@id":"https:\/\/abc-latina.com\/fortaleza\/#breadcrumb","itemListElement":[{"@type":"ListItem","position":1,"name":"Accueil","item":"https:\/\/abc-latina.com\/"},{"@type":"ListItem","position":2,"name":"FORTALEZA"}]},{"@type":"WebSite","@id":"https:\/\/abc-latina.com\/#website","url":"https:\/\/abc-latina.com\/","name":"Abc-latina","description":"","publisher":{"@id":"https:\/\/abc-latina.com\/#organization"},"potentialAction":[{"@type":"SearchAction","target":{"@type":"EntryPoint","urlTemplate":"https:\/\/abc-latina.com\/?s={search_term_string}"},"query-input":{"@type":"PropertyValueSpecification","valueRequired":true,"valueName":"search_term_string"}}],"inLanguage":"fr-FR"},{"@type":"Organization","@id":"https:\/\/abc-latina.com\/#organization","name":"Abc-latina","url":"https:\/\/abc-latina.com\/","logo":{"@type":"ImageObject","inLanguage":"fr-FR","@id":"https:\/\/abc-latina.com\/#\/schema\/logo\/image\/","url":"https:\/\/abc-latina.com\/wp-content\/uploads\/2026\/05\/cropped-logo.gif","contentUrl":"https:\/\/abc-latina.com\/wp-content\/uploads\/2026\/05\/cropped-logo.gif","width":89,"height":84,"caption":"Abc-latina"},"image":{"@id":"https:\/\/abc-latina.com\/#\/schema\/logo\/image\/"}}]}},"_links":{"self":[{"href":"https:\/\/abc-latina.com\/wp-json\/wp\/v2\/pages\/2177","targetHints":{"allow":["GET"]}}],"collection":[{"href":"https:\/\/abc-latina.com\/wp-json\/wp\/v2\/pages"}],"about":[{"href":"https:\/\/abc-latina.com\/wp-json\/wp\/v2\/types\/page"}],"author":[{"embeddable":true,"href":"https:\/\/abc-latina.com\/wp-json\/wp\/v2\/users\/3"}],"replies":[{"embeddable":true,"href":"https:\/\/abc-latina.com\/wp-json\/wp\/v2\/comments?post=2177"}],"version-history":[{"count":0,"href":"https:\/\/abc-latina.com\/wp-json\/wp\/v2\/pages\/2177\/revisions"}],"wp:featuredmedia":[{"embeddable":true,"href":"https:\/\/abc-latina.com\/wp-json\/wp\/v2\/media\/521"}],"wp:attachment":[{"href":"https:\/\/abc-latina.com\/wp-json\/wp\/v2\/media?parent=2177"}],"curies":[{"name":"wp","href":"https:\/\/api.w.org\/{rel}","templated":true}]}}