{"id":218,"date":"2010-06-04T01:41:32","date_gmt":"2010-06-03T23:41:32","guid":{"rendered":"http:\/\/abc-latina.com\/norte_grande-htm\/"},"modified":"2026-04-30T18:24:54","modified_gmt":"2026-04-30T16:24:54","slug":"norte_grande","status":"publish","type":"page","link":"https:\/\/abc-latina.com\/chili\/norte_grande\/","title":{"rendered":"NORTE GRANDE"},"content":{"rendered":"<div><img loading=\"lazy\" decoding=\"async\" class=\" alignright size-full wp-image-217\" src=\"http:\/\/abc-latina.com\/wp-content\/uploads\/2010\/06\/desert.jpg\" style=\"margin: 5px 22px; float: right;\" title=\"NORTE GRANDE\" alt=\"NORTE GRANDE\" width=\"175\" height=\"263\" \/><span class=\"tourisme-chapitre\">Le d\u00e9sert d&rsquo;Atacama<\/span>, qui couvre une grande partie du nord du Chili et s&rsquo;\u00e9tend jusqu&rsquo;au sud du P\u00e9rou, se r\u00e9v\u00e8le \u00eatre l&rsquo;endroit le plus sec de la terre, d&rsquo;autant que, sur une grande partie de ce territoire, il ne pleut tout simplement jamais. Un occasionnel brouillard fournit ici \u00e0 peu pr\u00e8s la seule humidit\u00e9 qui soit.<\/div>\n<div>Une autre distinction notable entre l&rsquo;Atacama et la plupart des autres d\u00e9serts tient \u00e0 l&rsquo;absence de toute v\u00e9g\u00e9tation visible sur de vastes pans de territoire.Plus \u00e0 l&rsquo;int\u00e9rieur des terres, \u00e0 plus haute altitude, surgissent quelques oasis, et certains points re\u00e7oivent m\u00eame des pr\u00e9cipitations, ce qui permet de cultiver le sol \u00e0 une \u00e9chelle tr\u00e8s restreinte, ce que font les Aymaras sur des collines am\u00e9nag\u00e9es en terrasse suivant une m\u00e9thode ancestrale Am\u00e9rindienne.&nbsp;<\/div>\n<div>L&rsquo;exploitation des mines constitue la pierre angulaire de l&rsquo;\u00e9conomie locale, cette partie de la Cordill\u00e8re des Andes rec\u00e8le les plus riches gisement de cuivre au monde, sans parler des autres minerais qu&rsquo;on y trouve. La plus grande mine de cuivre \u00e0 ciel ouvert se trouve d&rsquo;ailleurs \u00e0 Chuquicamata, pr\u00e8s de Calama.<\/div>\n<div>Le transport et le commerce, la transformation de la poudre de poisson et le tourisme \u00e0 petite \u00e9chelle, compl\u00e8tent pour leur part les ressources \u00e9conomiques.<\/div>\n<div>&nbsp;<\/div>\n<div><a href=\"tour_operateur\" target=\"_blank\"><img loading=\"lazy\" decoding=\"async\" class=\" size-full wp-image-41\" alt=\"\" class=\"touroperateur\" src=\"http:\/\/abc-latina.com\/wp-content\/uploads\/2010\/04\/timbre_to.gif\" width=\"125\" height=\"90\" \/><\/a>Plus vous approchez de la fronti\u00e8re Bolivienne, plus vous prendrez conscience de la pr\u00e9sence indig\u00e8ne au sein de la population, la <a href=\"https:\/\/www.abc-latina.com\/bolivie\" target=\"_blank\">Bolivie<\/a> en soi \u00e9tant majoritairement peupl\u00e9e d&rsquo;Am\u00e9rindiens.<\/div>\n<div>Les principales villes de cette r\u00e9gion sont <span class=\"tourisme-unesco\">Antofagasta, Iquique et Arica<\/span>, la plus au nord de toutes. Calama, qui se trouve \u00e0 l&rsquo;int\u00e9rieur des terres est pour sa part un important centre minier.<\/div>\n<div>Certains panoramas les plus \u00e9poustouflants vous attendent au Parque Nacional Lauca, d\u00e9clar\u00e9 r\u00e9serve mondiale de la biosph\u00e8re, il renferme des volcans \u00e0 couper le souffle et l&rsquo;un des lacs les plus haut perch\u00e9s du monde. Y vivent des vicu\u00f1as, des vizcachas et plus de 150 esp\u00e8ces d&rsquo;oiseaux. Vous pourrez y apercevoir des Indiens Aymaras pratiquant l&rsquo;\u00e9levage des lamas ou des alpacas.&nbsp;<\/div>\n<div>Malgr\u00e9 la longueur du littoral et les latitudes tropicales qui caract\u00e9risent cette r\u00e9gion, on n&rsquo;y trouve aucune station baln\u00e9aire digne de ce nom, bien qu&rsquo;Iquique s&rsquo;en approche passablement et accueille de nombreux estivants Chiliens.<\/div>\n<div>&nbsp;<\/div>\n<h3>Pr\u00e9parez votre voyage dans le Norte Grande:<\/h3>\n<div><a href=\"https:\/\/www.abc-latina.com\/chili\/agence_de_voyages\">Agences de voyage g\u00e9n\u00e9ralistes et discounteurs<\/a><\/div>\n<div><a href=\"https:\/\/www.abc-latina.com\/chili\/tour_operateur\">Tours Op\u00e9rateurs sp\u00e9cialistes du Chili<\/a><\/div>\n<div><a href=\"https:\/\/www.abc-latina.com\/to\/reservation_billet_avion\" target=\"_blank\">R\u00e9servez votre billet d\u00a0\u00bbavion<\/a><\/div>\n<div><a href=\"https:\/\/www.abc-latina.com\/chili\/hotels\">R\u00e9servez votre h\u00f4tel dans le Norte Grande<\/a>&nbsp;<\/div>\n<div><a href=\"https:\/\/www.abc-latina.com\/to\/location_de_voiture_chili\" target=\"_blank\">Location de voiture<\/a><\/div>\n<p>&nbsp;<\/p>\n","protected":false},"excerpt":{"rendered":"<p>Le d\u00e9sert d&rsquo;Atacama, qui couvre une grande partie du nord du Chili et s&rsquo;\u00e9tend jusqu&rsquo;au sud du P\u00e9rou, se r\u00e9v\u00e8le [&hellip;]<\/p>\n","protected":false},"author":3,"featured_media":217,"parent":2293,"menu_order":0,"comment_status":"closed","ping_status":"closed","template":"","meta":{"site-sidebar-layout":"default","site-content-layout":"","ast-site-content-layout":"default","site-content-style":"default","site-sidebar-style":"default","ast-global-header-display":"","ast-banner-title-visibility":"","ast-main-header-display":"","ast-hfb-above-header-display":"","ast-hfb-below-header-display":"","ast-hfb-mobile-header-display":"","site-post-title":"","ast-breadcrumbs-content":"","ast-featured-img":"","footer-sml-layout":"","ast-disable-related-posts":"","theme-transparent-header-meta":"","adv-header-id-meta":"","stick-header-meta":"","header-above-stick-meta":"","header-main-stick-meta":"","header-below-stick-meta":"","astra-migrate-meta-layouts":"default","ast-page-background-enabled":"default","ast-page-background-meta":{"desktop":{"background-color":"var(--ast-global-color-5)","background-image":"","background-repeat":"repeat","background-position":"center center","background-size":"auto","background-attachment":"scroll","background-type":"","background-media":"","overlay-type":"","overlay-color":"","overlay-opacity":"","overlay-gradient":""},"tablet":{"background-color":"","background-image":"","background-repeat":"repeat","background-position":"center center","background-size":"auto","background-attachment":"scroll","background-type":"","background-media":"","overlay-type":"","overlay-color":"","overlay-opacity":"","overlay-gradient":""},"mobile":{"background-color":"","background-image":"","background-repeat":"repeat","background-position":"center center","background-size":"auto","background-attachment":"scroll","background-type":"","background-media":"","overlay-type":"","overlay-color":"","overlay-opacity":"","overlay-gradient":""}},"ast-content-background-meta":{"desktop":{"background-color":"var(--ast-global-color-4)","background-image":"","background-repeat":"repeat","background-position":"center center","background-size":"auto","background-attachment":"scroll","background-type":"","background-media":"","overlay-type":"","overlay-color":"","overlay-opacity":"","overlay-gradient":""},"tablet":{"background-color":"var(--ast-global-color-4)","background-image":"","background-repeat":"repeat","background-position":"center center","background-size":"auto","background-attachment":"scroll","background-type":"","background-media":"","overlay-type":"","overlay-color":"","overlay-opacity":"","overlay-gradient":""},"mobile":{"background-color":"var(--ast-global-color-4)","background-image":"","background-repeat":"repeat","background-position":"center center","background-size":"auto","background-attachment":"scroll","background-type":"","background-media":"","overlay-type":"","overlay-color":"","overlay-opacity":"","overlay-gradient":""}},"footnotes":""},"class_list":["post-218","page","type-page","status-publish","has-post-thumbnail","hentry"],"yoast_head":"<!-- This site is optimized with the Yoast SEO plugin v27.5 - https:\/\/yoast.com\/product\/yoast-seo-wordpress\/ -->\n<title>NORTE GRANDE - Abc-latina<\/title>\n<meta name=\"description\" content=\"Voyage dans la r\u00e9gion du Norte Grande au Chili.\" \/>\n<meta name=\"robots\" content=\"index, follow, max-snippet:-1, max-image-preview:large, max-video-preview:-1\" \/>\n<link rel=\"canonical\" href=\"https:\/\/abc-latina.com\/chili\/norte_grande\/\" \/>\n<meta property=\"og:locale\" content=\"fr_FR\" \/>\n<meta property=\"og:type\" content=\"article\" \/>\n<meta property=\"og:title\" content=\"NORTE GRANDE - Abc-latina\" \/>\n<meta property=\"og:description\" content=\"Voyage dans la r\u00e9gion du Norte Grande au Chili.\" \/>\n<meta property=\"og:url\" content=\"https:\/\/abc-latina.com\/chili\/norte_grande\/\" \/>\n<meta property=\"og:site_name\" content=\"Abc-latina\" \/>\n<meta property=\"article:modified_time\" content=\"2026-04-30T16:24:54+00:00\" \/>\n<meta property=\"og:image\" content=\"https:\/\/abc-latina.com\/wp-content\/uploads\/2010\/06\/desert.jpg\" \/>\n\t<meta property=\"og:image:width\" content=\"175\" \/>\n\t<meta property=\"og:image:height\" content=\"263\" \/>\n\t<meta property=\"og:image:type\" content=\"image\/jpeg\" \/>\n<meta name=\"twitter:card\" content=\"summary_large_image\" \/>\n<meta name=\"twitter:label1\" content=\"Dur\u00e9e de lecture estim\u00e9e\" \/>\n\t<meta name=\"twitter:data1\" content=\"2 minutes\" \/>\n<script type=\"application\/ld+json\" class=\"yoast-schema-graph\">{\"@context\":\"https:\\\/\\\/schema.org\",\"@graph\":[{\"@type\":\"WebPage\",\"@id\":\"https:\\\/\\\/abc-latina.com\\\/chili\\\/norte_grande\\\/\",\"url\":\"https:\\\/\\\/abc-latina.com\\\/chili\\\/norte_grande\\\/\",\"name\":\"NORTE GRANDE - Abc-latina\",\"isPartOf\":{\"@id\":\"https:\\\/\\\/abc-latina.com\\\/#website\"},\"primaryImageOfPage\":{\"@id\":\"https:\\\/\\\/abc-latina.com\\\/chili\\\/norte_grande\\\/#primaryimage\"},\"image\":{\"@id\":\"https:\\\/\\\/abc-latina.com\\\/chili\\\/norte_grande\\\/#primaryimage\"},\"thumbnailUrl\":\"https:\\\/\\\/abc-latina.com\\\/wp-content\\\/uploads\\\/2010\\\/06\\\/desert.jpg\",\"datePublished\":\"2010-06-03T23:41:32+00:00\",\"dateModified\":\"2026-04-30T16:24:54+00:00\",\"description\":\"Voyage dans la r\u00e9gion du Norte Grande au Chili.\",\"breadcrumb\":{\"@id\":\"https:\\\/\\\/abc-latina.com\\\/chili\\\/norte_grande\\\/#breadcrumb\"},\"inLanguage\":\"fr-FR\",\"potentialAction\":[{\"@type\":\"ReadAction\",\"target\":[\"https:\\\/\\\/abc-latina.com\\\/chili\\\/norte_grande\\\/\"]}]},{\"@type\":\"ImageObject\",\"inLanguage\":\"fr-FR\",\"@id\":\"https:\\\/\\\/abc-latina.com\\\/chili\\\/norte_grande\\\/#primaryimage\",\"url\":\"https:\\\/\\\/abc-latina.com\\\/wp-content\\\/uploads\\\/2010\\\/06\\\/desert.jpg\",\"contentUrl\":\"https:\\\/\\\/abc-latina.com\\\/wp-content\\\/uploads\\\/2010\\\/06\\\/desert.jpg\",\"width\":175,\"height\":263,\"caption\":\"NORTE GRANDE\"},{\"@type\":\"BreadcrumbList\",\"@id\":\"https:\\\/\\\/abc-latina.com\\\/chili\\\/norte_grande\\\/#breadcrumb\",\"itemListElement\":[{\"@type\":\"ListItem\",\"position\":1,\"name\":\"Accueil\",\"item\":\"https:\\\/\\\/abc-latina.com\\\/\"},{\"@type\":\"ListItem\",\"position\":2,\"name\":\"NORTE GRANDE\"}]},{\"@type\":\"WebSite\",\"@id\":\"https:\\\/\\\/abc-latina.com\\\/#website\",\"url\":\"https:\\\/\\\/abc-latina.com\\\/\",\"name\":\"Abc-latina\",\"description\":\"\",\"publisher\":{\"@id\":\"https:\\\/\\\/abc-latina.com\\\/#organization\"},\"potentialAction\":[{\"@type\":\"SearchAction\",\"target\":{\"@type\":\"EntryPoint\",\"urlTemplate\":\"https:\\\/\\\/abc-latina.com\\\/?s={search_term_string}\"},\"query-input\":{\"@type\":\"PropertyValueSpecification\",\"valueRequired\":true,\"valueName\":\"search_term_string\"}}],\"inLanguage\":\"fr-FR\"},{\"@type\":\"Organization\",\"@id\":\"https:\\\/\\\/abc-latina.com\\\/#organization\",\"name\":\"Abc-latina\",\"url\":\"https:\\\/\\\/abc-latina.com\\\/\",\"logo\":{\"@type\":\"ImageObject\",\"inLanguage\":\"fr-FR\",\"@id\":\"https:\\\/\\\/abc-latina.com\\\/#\\\/schema\\\/logo\\\/image\\\/\",\"url\":\"https:\\\/\\\/abc-latina.com\\\/wp-content\\\/uploads\\\/2026\\\/05\\\/cropped-logo.gif\",\"contentUrl\":\"https:\\\/\\\/abc-latina.com\\\/wp-content\\\/uploads\\\/2026\\\/05\\\/cropped-logo.gif\",\"width\":89,\"height\":84,\"caption\":\"Abc-latina\"},\"image\":{\"@id\":\"https:\\\/\\\/abc-latina.com\\\/#\\\/schema\\\/logo\\\/image\\\/\"}}]}<\/script>\n<!-- \/ Yoast SEO plugin. -->","yoast_head_json":{"title":"NORTE GRANDE - Abc-latina","description":"Voyage dans la r\u00e9gion du Norte Grande au Chili.","robots":{"index":"index","follow":"follow","max-snippet":"max-snippet:-1","max-image-preview":"max-image-preview:large","max-video-preview":"max-video-preview:-1"},"canonical":"https:\/\/abc-latina.com\/chili\/norte_grande\/","og_locale":"fr_FR","og_type":"article","og_title":"NORTE GRANDE - Abc-latina","og_description":"Voyage dans la r\u00e9gion du Norte Grande au Chili.","og_url":"https:\/\/abc-latina.com\/chili\/norte_grande\/","og_site_name":"Abc-latina","article_modified_time":"2026-04-30T16:24:54+00:00","og_image":[{"width":175,"height":263,"url":"https:\/\/abc-latina.com\/wp-content\/uploads\/2010\/06\/desert.jpg","type":"image\/jpeg"}],"twitter_card":"summary_large_image","twitter_misc":{"Dur\u00e9e de lecture estim\u00e9e":"2 minutes"},"schema":{"@context":"https:\/\/schema.org","@graph":[{"@type":"WebPage","@id":"https:\/\/abc-latina.com\/chili\/norte_grande\/","url":"https:\/\/abc-latina.com\/chili\/norte_grande\/","name":"NORTE GRANDE - Abc-latina","isPartOf":{"@id":"https:\/\/abc-latina.com\/#website"},"primaryImageOfPage":{"@id":"https:\/\/abc-latina.com\/chili\/norte_grande\/#primaryimage"},"image":{"@id":"https:\/\/abc-latina.com\/chili\/norte_grande\/#primaryimage"},"thumbnailUrl":"https:\/\/abc-latina.com\/wp-content\/uploads\/2010\/06\/desert.jpg","datePublished":"2010-06-03T23:41:32+00:00","dateModified":"2026-04-30T16:24:54+00:00","description":"Voyage dans la r\u00e9gion du Norte Grande au Chili.","breadcrumb":{"@id":"https:\/\/abc-latina.com\/chili\/norte_grande\/#breadcrumb"},"inLanguage":"fr-FR","potentialAction":[{"@type":"ReadAction","target":["https:\/\/abc-latina.com\/chili\/norte_grande\/"]}]},{"@type":"ImageObject","inLanguage":"fr-FR","@id":"https:\/\/abc-latina.com\/chili\/norte_grande\/#primaryimage","url":"https:\/\/abc-latina.com\/wp-content\/uploads\/2010\/06\/desert.jpg","contentUrl":"https:\/\/abc-latina.com\/wp-content\/uploads\/2010\/06\/desert.jpg","width":175,"height":263,"caption":"NORTE GRANDE"},{"@type":"BreadcrumbList","@id":"https:\/\/abc-latina.com\/chili\/norte_grande\/#breadcrumb","itemListElement":[{"@type":"ListItem","position":1,"name":"Accueil","item":"https:\/\/abc-latina.com\/"},{"@type":"ListItem","position":2,"name":"NORTE GRANDE"}]},{"@type":"WebSite","@id":"https:\/\/abc-latina.com\/#website","url":"https:\/\/abc-latina.com\/","name":"Abc-latina","description":"","publisher":{"@id":"https:\/\/abc-latina.com\/#organization"},"potentialAction":[{"@type":"SearchAction","target":{"@type":"EntryPoint","urlTemplate":"https:\/\/abc-latina.com\/?s={search_term_string}"},"query-input":{"@type":"PropertyValueSpecification","valueRequired":true,"valueName":"search_term_string"}}],"inLanguage":"fr-FR"},{"@type":"Organization","@id":"https:\/\/abc-latina.com\/#organization","name":"Abc-latina","url":"https:\/\/abc-latina.com\/","logo":{"@type":"ImageObject","inLanguage":"fr-FR","@id":"https:\/\/abc-latina.com\/#\/schema\/logo\/image\/","url":"https:\/\/abc-latina.com\/wp-content\/uploads\/2026\/05\/cropped-logo.gif","contentUrl":"https:\/\/abc-latina.com\/wp-content\/uploads\/2026\/05\/cropped-logo.gif","width":89,"height":84,"caption":"Abc-latina"},"image":{"@id":"https:\/\/abc-latina.com\/#\/schema\/logo\/image\/"}}]}},"_links":{"self":[{"href":"https:\/\/abc-latina.com\/wp-json\/wp\/v2\/pages\/218","targetHints":{"allow":["GET"]}}],"collection":[{"href":"https:\/\/abc-latina.com\/wp-json\/wp\/v2\/pages"}],"about":[{"href":"https:\/\/abc-latina.com\/wp-json\/wp\/v2\/types\/page"}],"author":[{"embeddable":true,"href":"https:\/\/abc-latina.com\/wp-json\/wp\/v2\/users\/3"}],"replies":[{"embeddable":true,"href":"https:\/\/abc-latina.com\/wp-json\/wp\/v2\/comments?post=218"}],"version-history":[{"count":1,"href":"https:\/\/abc-latina.com\/wp-json\/wp\/v2\/pages\/218\/revisions"}],"predecessor-version":[{"id":3251,"href":"https:\/\/abc-latina.com\/wp-json\/wp\/v2\/pages\/218\/revisions\/3251"}],"up":[{"embeddable":true,"href":"https:\/\/abc-latina.com\/wp-json\/wp\/v2\/pages\/2293"}],"wp:featuredmedia":[{"embeddable":true,"href":"https:\/\/abc-latina.com\/wp-json\/wp\/v2\/media\/217"}],"wp:attachment":[{"href":"https:\/\/abc-latina.com\/wp-json\/wp\/v2\/media?parent=218"}],"curies":[{"name":"wp","href":"https:\/\/api.w.org\/{rel}","templated":true}]}}