{"id":2181,"date":"2010-08-09T02:50:47","date_gmt":"2010-08-09T00:50:47","guid":{"rendered":"http:\/\/abc-latina.com\/ilheus-htm\/"},"modified":"2018-06-06T19:01:45","modified_gmt":"2018-06-06T17:01:45","slug":"ilheus","status":"publish","type":"page","link":"https:\/\/abc-latina.com\/ilheus\/","title":{"rendered":"ILHEUS"},"content":{"rendered":"<div><img loading=\"lazy\" decoding=\"async\" class=\" alignright size-full wp-image-2180\" src=\"http:\/\/abc-latina.com\/wp-content\/uploads\/2010\/08\/ilheus.jpg\" title=\"ILHEUS\" alt=\"\" width=\"220\" vspace=\"9\" hspace=\"15\" height=\"220\" align=\"right\" srcset=\"https:\/\/abc-latina.com\/wp-content\/uploads\/2010\/08\/ilheus.jpg 220w, https:\/\/abc-latina.com\/wp-content\/uploads\/2010\/08\/ilheus-150x150.jpg 150w\" sizes=\"auto, (max-width: 220px) 100vw, 220px\" \/>Principale ville de la Costa do Cacau, <span class=\"tourisme-chapitre\">Ilh\u00e9us <\/span>r\u00e9v\u00e8le des rares beaut\u00e9s : sable blanc, entour\u00e9e par d&rsquo;immenses rang\u00e9es de cocotiers et par une mer d&rsquo;un bleu verd\u00e2tre. Le long du rivage central, d&rsquo;innombrables insulaires fluviaux et marins justifient le nom de la ville [petites \u00eeles]. La baie est excellente pour la pratique de sports nautiques tels que la planche \u00e0 voile, le hobby-cat et les kayacs. Les rivi\u00e8res, \u00e9tangs et chutes d&rsquo;eau filtrent la for\u00eat Atlantique pr\u00e9serv\u00e9e, habitat d&rsquo;esp\u00e8ces rares comme le mico-le\u00e3o-dourado [esp\u00e8ce de singe], rend encore plus belle cette ville marqu\u00e9e par les ann\u00e9es d&rsquo;or de la culture du cacao. L&rsquo;histoire de la ville se confond avec celle de l&rsquo;histoire de l&rsquo;\u00e9conomie br\u00e9silienne du XIXe si\u00e8cle, quand la mati\u00e8re premi\u00e8re du chocolat a domin\u00e9 les exportations du Pays. \u00c0 cette \u00e9poque-l\u00e0 la ville d&rsquo;Ilh\u00e9us bouillait de gens, gr\u00e2ce \u00e0 sa condition de principal port d&rsquo;\u00e9coulement de la production, d&rsquo;argent, de luxe et de richesse. L&rsquo;intense \u00e9change avec l&rsquo; Europe a transform\u00e9 la ville dans un vrai chaudron culturel, peint par la prose du c\u00e9l\u00e8bre \u00e9crivain Jorge Amado dans ses plusieurs romans, traduits pour plusieurs langues. Toute l&rsquo;opulence des ann\u00e9es majestueuses de &laquo; l&rsquo;or noir &raquo; est encore remarqu\u00e9e des nos jours dans l&rsquo;architecture locale, avec ses rues et places en pav\u00e9, des grandes maisons et bistrots, comme le V\u00e9suvio dont le d\u00e9cor est celui du roman &ldquo;Gabriela, Cravo et Canela&rdquo;, o\u00f9, autrefois, les colonels et intellectuels s&rsquo;y rencontraient. <br \/><a target=\"_blank\" href=\"..\/tour_operateur\"><img loading=\"lazy\" decoding=\"async\" class=\" size-full wp-image-41\" src=\"http:\/\/abc-latina.com\/wp-content\/uploads\/2010\/04\/timbre_to.gif\" class=\"touroperateur\" alt=\"\" width=\"125\" height=\"90\" \/><\/a>Les beaut\u00e9s naturelles et la magie de S\u00e3o Jorge dos Ilh\u00e9us, comme elle \u00e9tait appel\u00e9e au d\u00e9but, ont \u00e9t\u00e9 des ingr\u00e9dients fondamentaux pour consolider la principale perche touristique de Costa do Cacao et le troisi\u00e8me de Bahia &#8211; apr\u00e8s <a href=\"https:\/\/www.abc-latina.com\/bresil\/voyage\/salvador_de_bahia\">Salvador<\/a> et <a href=\"https:\/\/www.abc-latina.com\/bresil\/voyage\/porto_seguro\">Porto Seguro<\/a>. Actuellement la ville re\u00e7oit une moyenne de 220 mille visiteurs par an et compte sur une excellente infrastructure de support, de dizaines d&rsquo;h\u00f4tels et auberges, un a\u00e9roport moderne et le Port International do Malhado, qui avance majestueux vers la mer ouverte, comme un grand bras de pierre avec presque 1,5km d&rsquo;extension.<\/div>\n<div>&nbsp;<\/div>\n<div>Source: Minist\u00e9rio do turismo<\/div>\n<h3>Pr\u00e9parez votre voyage \u00e0 Ilheus:<\/h3>\n<div><a href=\"https:\/\/www.abc-latina.com\/bresil\/agence_de_voyages\">Agences de voyage g\u00e9n\u00e9ralistes et discounteurs<\/a><\/div>\n<div><a href=\"https:\/\/www.abc-latina.com\/bresil\/tour_operateur\">Tours Op\u00e9rateurs sp\u00e9cialistes du Br\u00e9sil<\/a><\/div>\n<div><a target=\"_blank\" href=\"https:\/\/www.abc-latina.com\/to\/reservation_billet_avion\">R\u00e9servez votre billet d&rsquo;avion<\/a><\/div>\n<div><a target=\"_blank\" href=\"http:\/\/www.booking.com\/city\/br\/ilheusl?aid=364340\">R\u00e9servez votre h\u00f4tel \u00e0 Ilheus<\/a>&nbsp;<\/div>\n<div><a target=\"_blank\" href=\"https:\/\/www.abc-latina.com\/to\/location_de_voiture_bresil\">Location de voiture<\/a><\/div>\n","protected":false},"excerpt":{"rendered":"<p>Principale ville de la Costa do Cacau, Ilh\u00e9us r\u00e9v\u00e8le des rares beaut\u00e9s : sable blanc, entour\u00e9e par d&rsquo;immenses rang\u00e9es de [&hellip;]<\/p>\n","protected":false},"author":3,"featured_media":2180,"parent":0,"menu_order":0,"comment_status":"closed","ping_status":"closed","template":"","meta":{"site-sidebar-layout":"default","site-content-layout":"","ast-site-content-layout":"default","site-content-style":"default","site-sidebar-style":"default","ast-global-header-display":"","ast-banner-title-visibility":"","ast-main-header-display":"","ast-hfb-above-header-display":"","ast-hfb-below-header-display":"","ast-hfb-mobile-header-display":"","site-post-title":"","ast-breadcrumbs-content":"","ast-featured-img":"","footer-sml-layout":"","ast-disable-related-posts":"","theme-transparent-header-meta":"","adv-header-id-meta":"","stick-header-meta":"","header-above-stick-meta":"","header-main-stick-meta":"","header-below-stick-meta":"","astra-migrate-meta-layouts":"default","ast-page-background-enabled":"default","ast-page-background-meta":{"desktop":{"background-color":"var(--ast-global-color-5)","background-image":"","background-repeat":"repeat","background-position":"center center","background-size":"auto","background-attachment":"scroll","background-type":"","background-media":"","overlay-type":"","overlay-color":"","overlay-opacity":"","overlay-gradient":""},"tablet":{"background-color":"","background-image":"","background-repeat":"repeat","background-position":"center center","background-size":"auto","background-attachment":"scroll","background-type":"","background-media":"","overlay-type":"","overlay-color":"","overlay-opacity":"","overlay-gradient":""},"mobile":{"background-color":"","background-image":"","background-repeat":"repeat","background-position":"center center","background-size":"auto","background-attachment":"scroll","background-type":"","background-media":"","overlay-type":"","overlay-color":"","overlay-opacity":"","overlay-gradient":""}},"ast-content-background-meta":{"desktop":{"background-color":"var(--ast-global-color-4)","background-image":"","background-repeat":"repeat","background-position":"center center","background-size":"auto","background-attachment":"scroll","background-type":"","background-media":"","overlay-type":"","overlay-color":"","overlay-opacity":"","overlay-gradient":""},"tablet":{"background-color":"var(--ast-global-color-4)","background-image":"","background-repeat":"repeat","background-position":"center center","background-size":"auto","background-attachment":"scroll","background-type":"","background-media":"","overlay-type":"","overlay-color":"","overlay-opacity":"","overlay-gradient":""},"mobile":{"background-color":"var(--ast-global-color-4)","background-image":"","background-repeat":"repeat","background-position":"center center","background-size":"auto","background-attachment":"scroll","background-type":"","background-media":"","overlay-type":"","overlay-color":"","overlay-opacity":"","overlay-gradient":""}},"footnotes":""},"class_list":["post-2181","page","type-page","status-publish","has-post-thumbnail","hentry"],"yoast_head":"<!-- This site is optimized with the Yoast SEO plugin v27.5 - https:\/\/yoast.com\/product\/yoast-seo-wordpress\/ -->\n<title>ILHEUS - Abc-latina<\/title>\n<meta name=\"description\" content=\"ILHEUS - Br\u00e9sil.\" \/>\n<meta name=\"robots\" content=\"index, follow, max-snippet:-1, max-image-preview:large, max-video-preview:-1\" \/>\n<link rel=\"canonical\" href=\"https:\/\/abc-latina.com\/ilheus\/\" \/>\n<meta property=\"og:locale\" content=\"fr_FR\" \/>\n<meta property=\"og:type\" content=\"article\" \/>\n<meta property=\"og:title\" content=\"ILHEUS - Abc-latina\" \/>\n<meta property=\"og:description\" content=\"ILHEUS - Br\u00e9sil.\" \/>\n<meta property=\"og:url\" content=\"https:\/\/abc-latina.com\/ilheus\/\" \/>\n<meta property=\"og:site_name\" content=\"Abc-latina\" \/>\n<meta property=\"article:modified_time\" content=\"2018-06-06T17:01:45+00:00\" \/>\n<meta property=\"og:image\" content=\"https:\/\/abc-latina.com\/wp-content\/uploads\/2010\/08\/ilheus.jpg\" \/>\n\t<meta property=\"og:image:width\" content=\"220\" \/>\n\t<meta property=\"og:image:height\" content=\"220\" \/>\n\t<meta property=\"og:image:type\" content=\"image\/jpeg\" \/>\n<meta name=\"twitter:card\" content=\"summary_large_image\" \/>\n<meta name=\"twitter:label1\" content=\"Dur\u00e9e de lecture estim\u00e9e\" \/>\n\t<meta name=\"twitter:data1\" content=\"2 minutes\" \/>\n<script type=\"application\/ld+json\" class=\"yoast-schema-graph\">{\"@context\":\"https:\\\/\\\/schema.org\",\"@graph\":[{\"@type\":\"WebPage\",\"@id\":\"https:\\\/\\\/abc-latina.com\\\/ilheus\\\/\",\"url\":\"https:\\\/\\\/abc-latina.com\\\/ilheus\\\/\",\"name\":\"ILHEUS - Abc-latina\",\"isPartOf\":{\"@id\":\"https:\\\/\\\/abc-latina.com\\\/#website\"},\"primaryImageOfPage\":{\"@id\":\"https:\\\/\\\/abc-latina.com\\\/ilheus\\\/#primaryimage\"},\"image\":{\"@id\":\"https:\\\/\\\/abc-latina.com\\\/ilheus\\\/#primaryimage\"},\"thumbnailUrl\":\"https:\\\/\\\/abc-latina.com\\\/wp-content\\\/uploads\\\/2010\\\/08\\\/ilheus.jpg\",\"datePublished\":\"2010-08-09T00:50:47+00:00\",\"dateModified\":\"2018-06-06T17:01:45+00:00\",\"description\":\"ILHEUS - Br\u00e9sil.\",\"breadcrumb\":{\"@id\":\"https:\\\/\\\/abc-latina.com\\\/ilheus\\\/#breadcrumb\"},\"inLanguage\":\"fr-FR\",\"potentialAction\":[{\"@type\":\"ReadAction\",\"target\":[\"https:\\\/\\\/abc-latina.com\\\/ilheus\\\/\"]}]},{\"@type\":\"ImageObject\",\"inLanguage\":\"fr-FR\",\"@id\":\"https:\\\/\\\/abc-latina.com\\\/ilheus\\\/#primaryimage\",\"url\":\"https:\\\/\\\/abc-latina.com\\\/wp-content\\\/uploads\\\/2010\\\/08\\\/ilheus.jpg\",\"contentUrl\":\"https:\\\/\\\/abc-latina.com\\\/wp-content\\\/uploads\\\/2010\\\/08\\\/ilheus.jpg\",\"width\":220,\"height\":220,\"caption\":\"ILHEUS\"},{\"@type\":\"BreadcrumbList\",\"@id\":\"https:\\\/\\\/abc-latina.com\\\/ilheus\\\/#breadcrumb\",\"itemListElement\":[{\"@type\":\"ListItem\",\"position\":1,\"name\":\"Accueil\",\"item\":\"https:\\\/\\\/abc-latina.com\\\/\"},{\"@type\":\"ListItem\",\"position\":2,\"name\":\"ILHEUS\"}]},{\"@type\":\"WebSite\",\"@id\":\"https:\\\/\\\/abc-latina.com\\\/#website\",\"url\":\"https:\\\/\\\/abc-latina.com\\\/\",\"name\":\"Abc-latina\",\"description\":\"\",\"publisher\":{\"@id\":\"https:\\\/\\\/abc-latina.com\\\/#organization\"},\"potentialAction\":[{\"@type\":\"SearchAction\",\"target\":{\"@type\":\"EntryPoint\",\"urlTemplate\":\"https:\\\/\\\/abc-latina.com\\\/?s={search_term_string}\"},\"query-input\":{\"@type\":\"PropertyValueSpecification\",\"valueRequired\":true,\"valueName\":\"search_term_string\"}}],\"inLanguage\":\"fr-FR\"},{\"@type\":\"Organization\",\"@id\":\"https:\\\/\\\/abc-latina.com\\\/#organization\",\"name\":\"Abc-latina\",\"url\":\"https:\\\/\\\/abc-latina.com\\\/\",\"logo\":{\"@type\":\"ImageObject\",\"inLanguage\":\"fr-FR\",\"@id\":\"https:\\\/\\\/abc-latina.com\\\/#\\\/schema\\\/logo\\\/image\\\/\",\"url\":\"https:\\\/\\\/abc-latina.com\\\/wp-content\\\/uploads\\\/2026\\\/05\\\/cropped-logo.gif\",\"contentUrl\":\"https:\\\/\\\/abc-latina.com\\\/wp-content\\\/uploads\\\/2026\\\/05\\\/cropped-logo.gif\",\"width\":89,\"height\":84,\"caption\":\"Abc-latina\"},\"image\":{\"@id\":\"https:\\\/\\\/abc-latina.com\\\/#\\\/schema\\\/logo\\\/image\\\/\"}}]}<\/script>\n<!-- \/ Yoast SEO plugin. -->","yoast_head_json":{"title":"ILHEUS - Abc-latina","description":"ILHEUS - Br\u00e9sil.","robots":{"index":"index","follow":"follow","max-snippet":"max-snippet:-1","max-image-preview":"max-image-preview:large","max-video-preview":"max-video-preview:-1"},"canonical":"https:\/\/abc-latina.com\/ilheus\/","og_locale":"fr_FR","og_type":"article","og_title":"ILHEUS - Abc-latina","og_description":"ILHEUS - Br\u00e9sil.","og_url":"https:\/\/abc-latina.com\/ilheus\/","og_site_name":"Abc-latina","article_modified_time":"2018-06-06T17:01:45+00:00","og_image":[{"width":220,"height":220,"url":"https:\/\/abc-latina.com\/wp-content\/uploads\/2010\/08\/ilheus.jpg","type":"image\/jpeg"}],"twitter_card":"summary_large_image","twitter_misc":{"Dur\u00e9e de lecture estim\u00e9e":"2 minutes"},"schema":{"@context":"https:\/\/schema.org","@graph":[{"@type":"WebPage","@id":"https:\/\/abc-latina.com\/ilheus\/","url":"https:\/\/abc-latina.com\/ilheus\/","name":"ILHEUS - Abc-latina","isPartOf":{"@id":"https:\/\/abc-latina.com\/#website"},"primaryImageOfPage":{"@id":"https:\/\/abc-latina.com\/ilheus\/#primaryimage"},"image":{"@id":"https:\/\/abc-latina.com\/ilheus\/#primaryimage"},"thumbnailUrl":"https:\/\/abc-latina.com\/wp-content\/uploads\/2010\/08\/ilheus.jpg","datePublished":"2010-08-09T00:50:47+00:00","dateModified":"2018-06-06T17:01:45+00:00","description":"ILHEUS - Br\u00e9sil.","breadcrumb":{"@id":"https:\/\/abc-latina.com\/ilheus\/#breadcrumb"},"inLanguage":"fr-FR","potentialAction":[{"@type":"ReadAction","target":["https:\/\/abc-latina.com\/ilheus\/"]}]},{"@type":"ImageObject","inLanguage":"fr-FR","@id":"https:\/\/abc-latina.com\/ilheus\/#primaryimage","url":"https:\/\/abc-latina.com\/wp-content\/uploads\/2010\/08\/ilheus.jpg","contentUrl":"https:\/\/abc-latina.com\/wp-content\/uploads\/2010\/08\/ilheus.jpg","width":220,"height":220,"caption":"ILHEUS"},{"@type":"BreadcrumbList","@id":"https:\/\/abc-latina.com\/ilheus\/#breadcrumb","itemListElement":[{"@type":"ListItem","position":1,"name":"Accueil","item":"https:\/\/abc-latina.com\/"},{"@type":"ListItem","position":2,"name":"ILHEUS"}]},{"@type":"WebSite","@id":"https:\/\/abc-latina.com\/#website","url":"https:\/\/abc-latina.com\/","name":"Abc-latina","description":"","publisher":{"@id":"https:\/\/abc-latina.com\/#organization"},"potentialAction":[{"@type":"SearchAction","target":{"@type":"EntryPoint","urlTemplate":"https:\/\/abc-latina.com\/?s={search_term_string}"},"query-input":{"@type":"PropertyValueSpecification","valueRequired":true,"valueName":"search_term_string"}}],"inLanguage":"fr-FR"},{"@type":"Organization","@id":"https:\/\/abc-latina.com\/#organization","name":"Abc-latina","url":"https:\/\/abc-latina.com\/","logo":{"@type":"ImageObject","inLanguage":"fr-FR","@id":"https:\/\/abc-latina.com\/#\/schema\/logo\/image\/","url":"https:\/\/abc-latina.com\/wp-content\/uploads\/2026\/05\/cropped-logo.gif","contentUrl":"https:\/\/abc-latina.com\/wp-content\/uploads\/2026\/05\/cropped-logo.gif","width":89,"height":84,"caption":"Abc-latina"},"image":{"@id":"https:\/\/abc-latina.com\/#\/schema\/logo\/image\/"}}]}},"_links":{"self":[{"href":"https:\/\/abc-latina.com\/wp-json\/wp\/v2\/pages\/2181","targetHints":{"allow":["GET"]}}],"collection":[{"href":"https:\/\/abc-latina.com\/wp-json\/wp\/v2\/pages"}],"about":[{"href":"https:\/\/abc-latina.com\/wp-json\/wp\/v2\/types\/page"}],"author":[{"embeddable":true,"href":"https:\/\/abc-latina.com\/wp-json\/wp\/v2\/users\/3"}],"replies":[{"embeddable":true,"href":"https:\/\/abc-latina.com\/wp-json\/wp\/v2\/comments?post=2181"}],"version-history":[{"count":0,"href":"https:\/\/abc-latina.com\/wp-json\/wp\/v2\/pages\/2181\/revisions"}],"wp:featuredmedia":[{"embeddable":true,"href":"https:\/\/abc-latina.com\/wp-json\/wp\/v2\/media\/2180"}],"wp:attachment":[{"href":"https:\/\/abc-latina.com\/wp-json\/wp\/v2\/media?parent=2181"}],"curies":[{"name":"wp","href":"https:\/\/api.w.org\/{rel}","templated":true}]}}