{"id":2183,"date":"2010-08-09T02:54:18","date_gmt":"2010-08-09T00:54:18","guid":{"rendered":"http:\/\/abc-latina.com\/jericoacoara-htm\/"},"modified":"2018-06-06T19:00:55","modified_gmt":"2018-06-06T17:00:55","slug":"jericoacoara","status":"publish","type":"page","link":"https:\/\/abc-latina.com\/jericoacoara\/","title":{"rendered":"JERICOACOARA"},"content":{"rendered":"<div><span class=\"tourisme-chapitre\"><img loading=\"lazy\" decoding=\"async\" class=\" alignright size-full wp-image-2182\" src=\"http:\/\/abc-latina.com\/wp-content\/uploads\/2010\/08\/jericoacoara.jpg\" title=\"JERICOACOARA\" alt=\"\" width=\"220\" vspace=\"9\" hspace=\"15\" height=\"220\" align=\"right\" srcset=\"https:\/\/abc-latina.com\/wp-content\/uploads\/2010\/08\/jericoacoara.jpg 220w, https:\/\/abc-latina.com\/wp-content\/uploads\/2010\/08\/jericoacoara-150x150.jpg 150w\" sizes=\"auto, (max-width: 220px) 100vw, 220px\" \/>Jericoacoara <\/span>a quelques-unes des plages les plus belles du Pays, pleine de dunes et des c\u00f4tes rocheuses, des cocoteraies et une mer d&rsquo;eaux extraordinairement bleues.<\/div>\n<div>\n<div>&nbsp;<\/div>\n<div>\u00c0 310 km \u00e0 ouest de <a href=\"https:\/\/www.abc-latina.com\/bresil\/voyage\/fortaleza\">Fortaleza<\/a>, capitale du Cear\u00e1, ela demeure presque isol\u00e9e et l&rsquo;acc\u00e8s d\u00e9pend encore de v\u00e9hicules sp\u00e9ciaux destin\u00e9s \u00e0 traverser les kilom\u00e8tres de dunes qui la s\u00e9parent de l&rsquo;autoroute la plus proche. Ses rues n&rsquo;ont pas de pavage et l&rsquo;\u00e9nergie \u00e9lectrique est r\u00e9cente. Afin de pr\u00e9server l&rsquo;environnement, une aire \u00e9tendue autour du peuplement est devenue le Parc National d&rsquo;Ubajara et Jericoacoara.<\/div>\n<div>&nbsp;<\/div>\n<div>Bien qu&rsquo;elle ait \u00e9t\u00e9 d\u00e9couverte dans les ann\u00e9es 1970 par des hippies, Jeri, le nom par lequel elle est connue, garde jusqu&rsquo;\u00e0 aujourd&rsquo;hui les caract\u00e9ristiques d&rsquo;un village de p\u00eacheurs. Dans les trois derni\u00e8res d\u00e9cennies, la relation entre les \u00e9trangers et les habitants, qui transforment leurs simples maisons en auberges et restaurants, est tr\u00e8s harmonieuse, mais ceux-ci n&rsquo;ont pas laiss\u00e9 de c\u00f4t\u00e9 la p\u00eache de subsistance.<\/div>\n<div>&nbsp;<\/div>\n<div><a target=\"_blank\" href=\"..\/tour_operateur\"><img loading=\"lazy\" decoding=\"async\" class=\" size-full wp-image-41\" src=\"http:\/\/abc-latina.com\/wp-content\/uploads\/2010\/04\/timbre_to.gif\" class=\"touroperateur\" alt=\"\" width=\"125\" height=\"90\" \/><\/a>Ville tr\u00e8s r\u00e9put\u00e9e, maintenant Jericoacoara accueille des touristes br\u00e9siliens et \u00e9trangers qui profitent du privil\u00e8ge de s&rsquo;amuser sur les belles plages, de faire des promenades en buggy \u00e0 travers le vaste littoral, et de naviguer sur des belles lagunes d&rsquo;eaux propres et bleues. Le week-end, un bon programme, c&rsquo;est de contempler le magnifique coucher de soleil sur une \u00e9norme dune. Et le soir, visiter les restaurants afin d&rsquo;essayer quelques-unes des d\u00e9licieuses recettes de poissons et fruits de mer. S&rsquo;il ne manque pas de soufle, le touriste peut danser le forr\u00f3 pendant toute la nuit dans des bars tr\u00e8s anim\u00e9s.<\/div>\n<div>&nbsp;<\/div>\n<div>Ceux qui visitent la plage de Jeri doivent aussi d\u00e9couvrir la ville de Jijoca de Jericoacoara, \u00e0 20 km, avec des beaut\u00e9s naturelles et des vents contants qui plaisent, sp\u00e9cialment, aux pratiquants de sports nautiques, comme le kite-surf et la planche \u00e0 voile.<\/div>\n<div>&nbsp;<\/div>\n<div>Source: Minist\u00e9rio do turismo<\/div>\n<h3>Pr\u00e9parez votre voyage \u00e0 Jericoacoara:<\/h3>\n<div><a href=\"https:\/\/www.abc-latina.com\/bresil\/agence_de_voyages\">Agences de voyage g\u00e9n\u00e9ralistes et discounteurs<\/a><\/div>\n<div><a href=\"https:\/\/www.abc-latina.com\/bresil\/tour_operateur\">Tours Op\u00e9rateurs sp\u00e9cialistes du Br\u00e9sil<\/a><\/div>\n<div><a target=\"_blank\" href=\"https:\/\/www.abc-latina.com\/to\/reservation_billet_avion\">R\u00e9servez votre billet d&rsquo;avion<\/a><\/div>\n<div><a target=\"_blank\" href=\"http:\/\/www.booking.com\/city\/br\/jericoacoaral?aid=364340\">R\u00e9servez votre h\u00f4tel \u00e0 Jericoacoara<\/a>&nbsp;<\/div>\n<div><a target=\"_blank\" href=\"https:\/\/www.abc-latina.com\/to\/location_de_voiture_bresil\">Location de voitur<\/a><\/div>\n<\/div>\n","protected":false},"excerpt":{"rendered":"<p>Jericoacoara a quelques-unes des plages les plus belles du Pays, pleine de dunes et des c\u00f4tes rocheuses, des cocoteraies et [&hellip;]<\/p>\n","protected":false},"author":3,"featured_media":2182,"parent":0,"menu_order":0,"comment_status":"closed","ping_status":"closed","template":"","meta":{"site-sidebar-layout":"default","site-content-layout":"","ast-site-content-layout":"default","site-content-style":"default","site-sidebar-style":"default","ast-global-header-display":"","ast-banner-title-visibility":"","ast-main-header-display":"","ast-hfb-above-header-display":"","ast-hfb-below-header-display":"","ast-hfb-mobile-header-display":"","site-post-title":"","ast-breadcrumbs-content":"","ast-featured-img":"","footer-sml-layout":"","ast-disable-related-posts":"","theme-transparent-header-meta":"","adv-header-id-meta":"","stick-header-meta":"","header-above-stick-meta":"","header-main-stick-meta":"","header-below-stick-meta":"","astra-migrate-meta-layouts":"default","ast-page-background-enabled":"default","ast-page-background-meta":{"desktop":{"background-color":"var(--ast-global-color-5)","background-image":"","background-repeat":"repeat","background-position":"center center","background-size":"auto","background-attachment":"scroll","background-type":"","background-media":"","overlay-type":"","overlay-color":"","overlay-opacity":"","overlay-gradient":""},"tablet":{"background-color":"","background-image":"","background-repeat":"repeat","background-position":"center center","background-size":"auto","background-attachment":"scroll","background-type":"","background-media":"","overlay-type":"","overlay-color":"","overlay-opacity":"","overlay-gradient":""},"mobile":{"background-color":"","background-image":"","background-repeat":"repeat","background-position":"center center","background-size":"auto","background-attachment":"scroll","background-type":"","background-media":"","overlay-type":"","overlay-color":"","overlay-opacity":"","overlay-gradient":""}},"ast-content-background-meta":{"desktop":{"background-color":"var(--ast-global-color-4)","background-image":"","background-repeat":"repeat","background-position":"center center","background-size":"auto","background-attachment":"scroll","background-type":"","background-media":"","overlay-type":"","overlay-color":"","overlay-opacity":"","overlay-gradient":""},"tablet":{"background-color":"var(--ast-global-color-4)","background-image":"","background-repeat":"repeat","background-position":"center center","background-size":"auto","background-attachment":"scroll","background-type":"","background-media":"","overlay-type":"","overlay-color":"","overlay-opacity":"","overlay-gradient":""},"mobile":{"background-color":"var(--ast-global-color-4)","background-image":"","background-repeat":"repeat","background-position":"center center","background-size":"auto","background-attachment":"scroll","background-type":"","background-media":"","overlay-type":"","overlay-color":"","overlay-opacity":"","overlay-gradient":""}},"footnotes":""},"class_list":["post-2183","page","type-page","status-publish","has-post-thumbnail","hentry"],"yoast_head":"<!-- This site is optimized with the Yoast SEO plugin v27.5 - https:\/\/yoast.com\/product\/yoast-seo-wordpress\/ -->\n<title>JERICOACOARA - Abc-latina<\/title>\n<meta name=\"description\" content=\"Jericoacoara, Br\u00e9sil.\" \/>\n<meta name=\"robots\" content=\"index, follow, max-snippet:-1, max-image-preview:large, max-video-preview:-1\" \/>\n<link rel=\"canonical\" href=\"https:\/\/abc-latina.com\/jericoacoara\/\" \/>\n<meta property=\"og:locale\" content=\"fr_FR\" \/>\n<meta property=\"og:type\" content=\"article\" \/>\n<meta property=\"og:title\" content=\"JERICOACOARA - Abc-latina\" \/>\n<meta property=\"og:description\" content=\"Jericoacoara, Br\u00e9sil.\" \/>\n<meta property=\"og:url\" content=\"https:\/\/abc-latina.com\/jericoacoara\/\" \/>\n<meta property=\"og:site_name\" content=\"Abc-latina\" \/>\n<meta property=\"article:modified_time\" content=\"2018-06-06T17:00:55+00:00\" \/>\n<meta property=\"og:image\" content=\"https:\/\/abc-latina.com\/wp-content\/uploads\/2010\/08\/jericoacoara.jpg\" \/>\n\t<meta property=\"og:image:width\" content=\"220\" \/>\n\t<meta property=\"og:image:height\" content=\"220\" \/>\n\t<meta property=\"og:image:type\" content=\"image\/jpeg\" \/>\n<meta name=\"twitter:card\" content=\"summary_large_image\" \/>\n<meta name=\"twitter:label1\" content=\"Dur\u00e9e de lecture estim\u00e9e\" \/>\n\t<meta name=\"twitter:data1\" content=\"2 minutes\" \/>\n<script type=\"application\/ld+json\" class=\"yoast-schema-graph\">{\"@context\":\"https:\\\/\\\/schema.org\",\"@graph\":[{\"@type\":\"WebPage\",\"@id\":\"https:\\\/\\\/abc-latina.com\\\/jericoacoara\\\/\",\"url\":\"https:\\\/\\\/abc-latina.com\\\/jericoacoara\\\/\",\"name\":\"JERICOACOARA - Abc-latina\",\"isPartOf\":{\"@id\":\"https:\\\/\\\/abc-latina.com\\\/#website\"},\"primaryImageOfPage\":{\"@id\":\"https:\\\/\\\/abc-latina.com\\\/jericoacoara\\\/#primaryimage\"},\"image\":{\"@id\":\"https:\\\/\\\/abc-latina.com\\\/jericoacoara\\\/#primaryimage\"},\"thumbnailUrl\":\"https:\\\/\\\/abc-latina.com\\\/wp-content\\\/uploads\\\/2010\\\/08\\\/jericoacoara.jpg\",\"datePublished\":\"2010-08-09T00:54:18+00:00\",\"dateModified\":\"2018-06-06T17:00:55+00:00\",\"description\":\"Jericoacoara, Br\u00e9sil.\",\"breadcrumb\":{\"@id\":\"https:\\\/\\\/abc-latina.com\\\/jericoacoara\\\/#breadcrumb\"},\"inLanguage\":\"fr-FR\",\"potentialAction\":[{\"@type\":\"ReadAction\",\"target\":[\"https:\\\/\\\/abc-latina.com\\\/jericoacoara\\\/\"]}]},{\"@type\":\"ImageObject\",\"inLanguage\":\"fr-FR\",\"@id\":\"https:\\\/\\\/abc-latina.com\\\/jericoacoara\\\/#primaryimage\",\"url\":\"https:\\\/\\\/abc-latina.com\\\/wp-content\\\/uploads\\\/2010\\\/08\\\/jericoacoara.jpg\",\"contentUrl\":\"https:\\\/\\\/abc-latina.com\\\/wp-content\\\/uploads\\\/2010\\\/08\\\/jericoacoara.jpg\",\"width\":220,\"height\":220,\"caption\":\"JERICOACOARA\"},{\"@type\":\"BreadcrumbList\",\"@id\":\"https:\\\/\\\/abc-latina.com\\\/jericoacoara\\\/#breadcrumb\",\"itemListElement\":[{\"@type\":\"ListItem\",\"position\":1,\"name\":\"Accueil\",\"item\":\"https:\\\/\\\/abc-latina.com\\\/\"},{\"@type\":\"ListItem\",\"position\":2,\"name\":\"JERICOACOARA\"}]},{\"@type\":\"WebSite\",\"@id\":\"https:\\\/\\\/abc-latina.com\\\/#website\",\"url\":\"https:\\\/\\\/abc-latina.com\\\/\",\"name\":\"Abc-latina\",\"description\":\"\",\"publisher\":{\"@id\":\"https:\\\/\\\/abc-latina.com\\\/#organization\"},\"potentialAction\":[{\"@type\":\"SearchAction\",\"target\":{\"@type\":\"EntryPoint\",\"urlTemplate\":\"https:\\\/\\\/abc-latina.com\\\/?s={search_term_string}\"},\"query-input\":{\"@type\":\"PropertyValueSpecification\",\"valueRequired\":true,\"valueName\":\"search_term_string\"}}],\"inLanguage\":\"fr-FR\"},{\"@type\":\"Organization\",\"@id\":\"https:\\\/\\\/abc-latina.com\\\/#organization\",\"name\":\"Abc-latina\",\"url\":\"https:\\\/\\\/abc-latina.com\\\/\",\"logo\":{\"@type\":\"ImageObject\",\"inLanguage\":\"fr-FR\",\"@id\":\"https:\\\/\\\/abc-latina.com\\\/#\\\/schema\\\/logo\\\/image\\\/\",\"url\":\"https:\\\/\\\/abc-latina.com\\\/wp-content\\\/uploads\\\/2026\\\/05\\\/cropped-logo.gif\",\"contentUrl\":\"https:\\\/\\\/abc-latina.com\\\/wp-content\\\/uploads\\\/2026\\\/05\\\/cropped-logo.gif\",\"width\":89,\"height\":84,\"caption\":\"Abc-latina\"},\"image\":{\"@id\":\"https:\\\/\\\/abc-latina.com\\\/#\\\/schema\\\/logo\\\/image\\\/\"}}]}<\/script>\n<!-- \/ Yoast SEO plugin. -->","yoast_head_json":{"title":"JERICOACOARA - Abc-latina","description":"Jericoacoara, Br\u00e9sil.","robots":{"index":"index","follow":"follow","max-snippet":"max-snippet:-1","max-image-preview":"max-image-preview:large","max-video-preview":"max-video-preview:-1"},"canonical":"https:\/\/abc-latina.com\/jericoacoara\/","og_locale":"fr_FR","og_type":"article","og_title":"JERICOACOARA - Abc-latina","og_description":"Jericoacoara, Br\u00e9sil.","og_url":"https:\/\/abc-latina.com\/jericoacoara\/","og_site_name":"Abc-latina","article_modified_time":"2018-06-06T17:00:55+00:00","og_image":[{"width":220,"height":220,"url":"https:\/\/abc-latina.com\/wp-content\/uploads\/2010\/08\/jericoacoara.jpg","type":"image\/jpeg"}],"twitter_card":"summary_large_image","twitter_misc":{"Dur\u00e9e de lecture estim\u00e9e":"2 minutes"},"schema":{"@context":"https:\/\/schema.org","@graph":[{"@type":"WebPage","@id":"https:\/\/abc-latina.com\/jericoacoara\/","url":"https:\/\/abc-latina.com\/jericoacoara\/","name":"JERICOACOARA - Abc-latina","isPartOf":{"@id":"https:\/\/abc-latina.com\/#website"},"primaryImageOfPage":{"@id":"https:\/\/abc-latina.com\/jericoacoara\/#primaryimage"},"image":{"@id":"https:\/\/abc-latina.com\/jericoacoara\/#primaryimage"},"thumbnailUrl":"https:\/\/abc-latina.com\/wp-content\/uploads\/2010\/08\/jericoacoara.jpg","datePublished":"2010-08-09T00:54:18+00:00","dateModified":"2018-06-06T17:00:55+00:00","description":"Jericoacoara, Br\u00e9sil.","breadcrumb":{"@id":"https:\/\/abc-latina.com\/jericoacoara\/#breadcrumb"},"inLanguage":"fr-FR","potentialAction":[{"@type":"ReadAction","target":["https:\/\/abc-latina.com\/jericoacoara\/"]}]},{"@type":"ImageObject","inLanguage":"fr-FR","@id":"https:\/\/abc-latina.com\/jericoacoara\/#primaryimage","url":"https:\/\/abc-latina.com\/wp-content\/uploads\/2010\/08\/jericoacoara.jpg","contentUrl":"https:\/\/abc-latina.com\/wp-content\/uploads\/2010\/08\/jericoacoara.jpg","width":220,"height":220,"caption":"JERICOACOARA"},{"@type":"BreadcrumbList","@id":"https:\/\/abc-latina.com\/jericoacoara\/#breadcrumb","itemListElement":[{"@type":"ListItem","position":1,"name":"Accueil","item":"https:\/\/abc-latina.com\/"},{"@type":"ListItem","position":2,"name":"JERICOACOARA"}]},{"@type":"WebSite","@id":"https:\/\/abc-latina.com\/#website","url":"https:\/\/abc-latina.com\/","name":"Abc-latina","description":"","publisher":{"@id":"https:\/\/abc-latina.com\/#organization"},"potentialAction":[{"@type":"SearchAction","target":{"@type":"EntryPoint","urlTemplate":"https:\/\/abc-latina.com\/?s={search_term_string}"},"query-input":{"@type":"PropertyValueSpecification","valueRequired":true,"valueName":"search_term_string"}}],"inLanguage":"fr-FR"},{"@type":"Organization","@id":"https:\/\/abc-latina.com\/#organization","name":"Abc-latina","url":"https:\/\/abc-latina.com\/","logo":{"@type":"ImageObject","inLanguage":"fr-FR","@id":"https:\/\/abc-latina.com\/#\/schema\/logo\/image\/","url":"https:\/\/abc-latina.com\/wp-content\/uploads\/2026\/05\/cropped-logo.gif","contentUrl":"https:\/\/abc-latina.com\/wp-content\/uploads\/2026\/05\/cropped-logo.gif","width":89,"height":84,"caption":"Abc-latina"},"image":{"@id":"https:\/\/abc-latina.com\/#\/schema\/logo\/image\/"}}]}},"_links":{"self":[{"href":"https:\/\/abc-latina.com\/wp-json\/wp\/v2\/pages\/2183","targetHints":{"allow":["GET"]}}],"collection":[{"href":"https:\/\/abc-latina.com\/wp-json\/wp\/v2\/pages"}],"about":[{"href":"https:\/\/abc-latina.com\/wp-json\/wp\/v2\/types\/page"}],"author":[{"embeddable":true,"href":"https:\/\/abc-latina.com\/wp-json\/wp\/v2\/users\/3"}],"replies":[{"embeddable":true,"href":"https:\/\/abc-latina.com\/wp-json\/wp\/v2\/comments?post=2183"}],"version-history":[{"count":0,"href":"https:\/\/abc-latina.com\/wp-json\/wp\/v2\/pages\/2183\/revisions"}],"wp:featuredmedia":[{"embeddable":true,"href":"https:\/\/abc-latina.com\/wp-json\/wp\/v2\/media\/2182"}],"wp:attachment":[{"href":"https:\/\/abc-latina.com\/wp-json\/wp\/v2\/media?parent=2183"}],"curies":[{"name":"wp","href":"https:\/\/api.w.org\/{rel}","templated":true}]}}